{"id":1970,"date":"2019-09-25T00:55:24","date_gmt":"2019-09-25T02:55:24","guid":{"rendered":"https:\/\/www.labectra.lt\/?page_id=1970"},"modified":"2019-11-05T02:30:16","modified_gmt":"2019-11-05T00:30:16","slug":"privatumo-politika","status":"publish","type":"page","link":"https:\/\/www.labectra.lt\/en\/privatumo-politika\/","title":{"rendered":"Privatumo politika"},"content":{"rendered":"<div data-elementor-type=\"wp-post\" data-elementor-id=\"1970\" class=\"elementor elementor-1970\">\n\t\t\t\t\t\t\t\t\t<section class=\"elementor-section elementor-top-section elementor-element elementor-element-ca131a0 elementor-section-boxed elementor-section-height-default elementor-section-height-default\" data-id=\"ca131a0\" data-element_type=\"section\" data-settings=\"{&quot;background_background&quot;:&quot;classic&quot;}\">\n\t\t\t\t\t\t\t<div class=\"elementor-background-overlay\"><\/div>\n\t\t\t\t\t\t\t<div class=\"elementor-container elementor-column-gap-default\">\n\t\t\t\t\t<div class=\"elementor-column elementor-col-100 elementor-top-column elementor-element elementor-element-6ee290e\" data-id=\"6ee290e\" data-element_type=\"column\" data-settings=\"{&quot;background_background&quot;:&quot;classic&quot;}\">\n\t\t\t<div class=\"elementor-widget-wrap elementor-element-populated\">\n\t\t\t\t\t\t\t\t<div class=\"elementor-element elementor-element-bfd2ca3 elementor-widget elementor-widget-spacer\" data-id=\"bfd2ca3\" data-element_type=\"widget\" data-widget_type=\"spacer.default\">\n\t\t\t\t<div class=\"elementor-widget-container\">\n\t\t\t\t\t<div class=\"elementor-spacer\">\n\t\t\t<div class=\"elementor-spacer-inner\"><\/div>\n\t\t<\/div>\n\t\t\t\t<\/div>\n\t\t\t\t<\/div>\n\t\t\t\t<div class=\"elementor-element elementor-element-b003c4c elementor-widget elementor-widget-heading\" data-id=\"b003c4c\" data-element_type=\"widget\" data-widget_type=\"heading.default\">\n\t\t\t\t<div class=\"elementor-widget-container\">\n\t\t\t<h2 class=\"elementor-heading-title elementor-size-default\">Privatumo politika<\/h2>\t\t<\/div>\n\t\t\t\t<\/div>\n\t\t\t\t<div class=\"elementor-element elementor-element-c7d1999 elementor-widget elementor-widget-spacer\" data-id=\"c7d1999\" data-element_type=\"widget\" data-widget_type=\"spacer.default\">\n\t\t\t\t<div class=\"elementor-widget-container\">\n\t\t\t\t\t<div class=\"elementor-spacer\">\n\t\t\t<div class=\"elementor-spacer-inner\"><\/div>\n\t\t<\/div>\n\t\t\t\t<\/div>\n\t\t\t\t<\/div>\n\t\t\t\t\t<\/div>\n\t\t<\/div>\n\t\t\t\t\t\t\t<\/div>\n\t\t<\/section>\n\t\t\t\t<section class=\"elementor-section elementor-top-section elementor-element elementor-element-2957c98 elementor-section-content-bottom elementor-section-boxed elementor-section-height-default elementor-section-height-default\" data-id=\"2957c98\" data-element_type=\"section\">\n\t\t\t\t\t\t<div class=\"elementor-container elementor-column-gap-default\">\n\t\t\t\t\t<div class=\"elementor-column elementor-col-100 elementor-top-column elementor-element elementor-element-52f45fc\" data-id=\"52f45fc\" data-element_type=\"column\">\n\t\t\t<div class=\"elementor-widget-wrap elementor-element-populated\">\n\t\t\t\t\t\t\t\t<div class=\"elementor-element elementor-element-f862770 elementor-widget elementor-widget-spacer\" data-id=\"f862770\" data-element_type=\"widget\" data-widget_type=\"spacer.default\">\n\t\t\t\t<div class=\"elementor-widget-container\">\n\t\t\t\t\t<div class=\"elementor-spacer\">\n\t\t\t<div class=\"elementor-spacer-inner\"><\/div>\n\t\t<\/div>\n\t\t\t\t<\/div>\n\t\t\t\t<\/div>\n\t\t\t\t<div class=\"elementor-element elementor-element-8148725 elementor-position-top elementor-widget elementor-widget-image-box\" data-id=\"8148725\" data-element_type=\"widget\" data-widget_type=\"image-box.default\">\n\t\t\t\t<div class=\"elementor-widget-container\">\n\t\t\t<div class=\"elementor-image-box-wrapper\"><figure class=\"elementor-image-box-img\"><a href=\"https:\/\/www.labectra.lt\/en\/privacy-policy\/\" tabindex=\"-1\"><img decoding=\"async\" src=\"https:\/\/www.labectra.lt\/wp-content\/uploads\/elementor\/thumbs\/uk-ott4x9ehdgov1eozh2o5sm7d63i130iqxjrv61hsrg.jpg\" title=\"uk\" alt=\"uk\" loading=\"lazy\" \/><\/a><\/figure><div class=\"elementor-image-box-content\"><h3 class=\"elementor-image-box-title\"><a href=\"https:\/\/www.labectra.lt\/en\/privacy-policy\/\">Privacy Policy<\/a><\/h3><\/div><\/div>\t\t<\/div>\n\t\t\t\t<\/div>\n\t\t\t\t<div class=\"elementor-element elementor-element-d81cc79 elementor-widget elementor-widget-spacer\" data-id=\"d81cc79\" data-element_type=\"widget\" data-widget_type=\"spacer.default\">\n\t\t\t\t<div class=\"elementor-widget-container\">\n\t\t\t\t\t<div class=\"elementor-spacer\">\n\t\t\t<div class=\"elementor-spacer-inner\"><\/div>\n\t\t<\/div>\n\t\t\t\t<\/div>\n\t\t\t\t<\/div>\n\t\t\t\t<div class=\"elementor-element elementor-element-06b2535 elementor-widget elementor-widget-text-editor\" data-id=\"06b2535\" data-element_type=\"widget\" data-widget_type=\"text-editor.default\">\n\t\t\t\t<div class=\"elementor-widget-container\">\n\t\t\t\t\t\t\t<h3 style=\"text-align: left;\">Privatumo politika<\/h3><p>Labectra.lt svetain\u0117s administracija \u012fsipareigoja saugoti J\u016bs\u0173 konfidencialum\u0105 internete. J\u016bs\u0173 pateikt\u0173 duomen\u0173 saugumas mums yra labai reik\u0161mingas. M\u016bs\u0173 konfidencialumo reglamentas yra pagr\u012fstas\u00a0<a href=\"https:\/\/ec.europa.eu\/info\/law\/law-topic\/data-protection\/data-protection-eu_lt\">Bendrojo Europos S\u0105jungos asmenini\u0173 duomen\u0173 apsaugos reglamento (BDAR) reikalavimais.\u00a0<\/a>Asmenini\u0173 duomen\u0173 rinkimo tikslas: m\u016bs\u0173 svetain\u0117s veiklos gerinimas, susisiekimas su \u0161ios svetain\u0117s lankytojais, naudotojo u\u017eklaustos informacijos teikimas, paslaug\u0173, susijusi\u0173 su interneto puslapio veikla, teikimas, , taip pat \u017eemiau i\u0161vardintiems veiksmams.<\/p><h3 style=\"text-align: left;\">Asmenini\u0173 duomen\u0173 rinkimas ir j\u0173 panaudojimas<\/h3><p>Mes renkame ir panaudojame J\u016bs\u0173 asmeninius duomenys tik Jums savanori\u0161kai sutikus. Jus sutinkate su tuo, kad mes renkame ir i\u0161saugome \u010dia i\u0161vardintus duomenys: vardas ir pavard\u0117, elektroninio pa\u0161to adresas, . J\u016bs\u0173 duomen\u0173 rinkimas ir i\u0161saugojimas yra vykdomas pagal \u012fstatymus, veikian\u010dius Europos S\u0105jungos bei Lietuva teritorijoje.<\/p><h3 style=\"text-align: left;\">Duomen\u0173 i\u0161saugojimas, keitimas ir panaikinimas<\/h3><p>Vartotojas, pateikiantis svetainei Labectra.lt savo asmeninius duomenys, turi teis\u0119 \u0161i\u0173 duomen\u0173 trynimui, keitimui ir taip pat leidimo \u0161iuos duomenys naudoti at\u0161aukimui. J\u016bs\u0173 asmenini\u0173 duomen\u0173 i\u0161saugojimo trukm\u0117: pagrindiniai puslapio veiklai vykdyti, reikaling\u0173 duomen\u0173 naudojimo trukm\u0117. U\u017ebaigus J\u016bs\u0173 duomen\u0173 naudojim\u0105, svetain\u0117s administracija panaikina \u0161iuos duomenys. Norint gauti prieig\u0105 prie J\u016bs\u0173 duomen\u0173, J\u016bs galite susisiekti su svetain\u0117s administracija: info@labectra.lt. J\u016bs\u0173 asmenini\u0173 duomen\u0173 perdavimas tre\u010diai pusei gali b\u016bti atliktas, tik esant J\u016bs\u0173 savanori\u0161kam sutikimui, mes negalime keisti J\u016bs\u0173 duomen\u0173, jeigu jie buvo perduoti su mumis nesusijusioms organizacijoms.<\/p><h3 style=\"text-align: left;\">Technini\u0173 duomen\u0173 panaudojimas svetain\u0117s lankymo metu<\/h3><p>Svetain\u0117s Labectra.lt lankymo metu, duomen\u0173 baz\u0117je i\u0161saugomi u\u017era\u0161ai apie J\u016bs\u0173 IP adres\u0105, lankymo laik\u0105, J\u016bs\u0173 nar\u0161ykl\u0117s nustatymus, operacin\u0119 sistem\u0105, bei kit\u0105, reikaling\u0105 teisingam svetain\u0117s t\u016brinio atvaizdavimui informacij\u0105. Pagal i\u0161vardintus duomenys ne\u012fmanoma atskleisti lankytojo asmenyb\u0119.<\/p><h3 style=\"text-align: left;\">Informacijos suteikimas vaikams<\/h3><p>Jeigu J\u016bs\u0173 vaikas arba globotinis be J\u016bs\u0173 leidimo suteik\u0117 mums savo asmeninius duomenys, susisiekite su mumis: info@labectra.lt. Nepilname\u010di\u0173 asmenini\u0173 duomen\u0173 i\u0161saugojimas be t\u0117v\u0173 arba glob\u0117j\u0173 leidimo, m\u016bs\u0173 svetain\u0117je yra draud\u017eiamas.<\/p><h3 style=\"text-align: left;\">Slapuk\u0173 naudojimas<\/h3><p>Teisingam m\u016bs\u0173 svetain\u0117s Labectra.lt t\u016brinio atvaizdavimui, mes naudojam slapukus. Tai yra nedidelios bylos, kurios yra i\u0161saugomos J\u016bs\u0173 \u012frenginio atmintyje. Slapukai padeda svetainei i\u0161saugoti kalb\u0105, kuri\u0105 Jus naudojot\u0117s nar\u0161ymo metu, per\u017ei\u016br\u0117tus puslapius, \u0161i informacija bus naudinga, sekan\u010dio svetain\u0117je apsilankymo metu. Slapuk\u0173 d\u0117ka, svetain\u0117s per\u017ei\u016bra tampa \u017eymiai patogesn\u0117. Slapuk\u0173 d\u0117ka, svetain\u0117s per\u017ei\u016bra tampa \u017eymiai patogesn\u0117. I\u0161samiau apie slapukus Jus galite\u00a0<a href=\"https:\/\/lt.wikipedia.org\/wiki\/Slapukas\">paskaityti \u010dia<\/a>. Slapuk\u0173 naudojimas gali b\u016bti savaranki\u0161kai nustatytas nar\u0161ykl\u0117je. Nesugeb\u0117jimas priimti slapukus gali apriboti svetain\u0117s na\u0161um\u0105.<\/p><h3 style=\"text-align: left;\">Asmenini\u0173 duomen\u0173 naudojimas kitomis priemon\u0117mis<\/h3><p>Tomis priemon\u0117mis surinkta informacija gali b\u016bti perduota \u0161i\u0173 organizacij\u0173 vidin\u0117ms tarnyboms ir tokiu b\u016bdu gali b\u016bti panaudota nuosavo reklaminio tinklo reklamos personifikacijai. \u0160i\u0173 organizacij\u0173 naudotoj\u0173 susitarimus J\u016bs galite perskaityti j\u0173 svetain\u0117se. Ten pat galite atsisakyti nuo asmenini\u0173 duomen\u0173 rinkimo i\u0161vardintomis priemon\u0117mis, Google Analytics blokatori\u0173<a href=\"https:\/\/tools.google.com\/dlpage\/gaoptout?hl=en\">\u00a0rasite \u010dia<\/a>. Mes neperduodam asmenini\u0173 duomen\u0173 kitom organizacijom arba tarnybom, nenurodytoms \u0161iame konfidencialumo reglamente. \u012e\u0161imt\u012f sudaro tik duomen\u0173 perdavimas valstybin\u0117m organizacijom, joms pareikalavus ir \u012fgaliotoms vykdyti tokius veiksmus.<\/p><h3 style=\"text-align: left;\">Nuorodos \u012f kitas svetaines<\/h3><p>M\u016bs\u0173 Labectra.lt svetain\u0117je gali b\u016bti rastos nuorodos \u012f kitas, m\u016bs\u0173 nevaldomas, svetaines. Mes nene\u0161am atsakomyb\u0119 u\u017e j\u0173 t\u016brin\u012f. Mes rekomenduojame susipa\u017einti su kiekvienos J\u016bs\u0173 lankomos svetain\u0117s pateiktu konfidencialumo reglamentu.<\/p><h3 style=\"text-align: left;\">Konfidencialumo reglamento poky\u010diai<\/h3><p>M\u016bs\u0173 svetain\u0117s Labectra.lt konfidencialumo reglamentas gali keistis. Ry\u0161ium su tuo, mes prane\u0161ame apie \u0161iuos poky\u010dius, patalpinus nauj\u0105 konfidencialumo reglament\u0105 \u0161iame puslapyje. Mes atid\u017eiai sekame visus poky\u010dius teis\u0117s aktuose, kurie yra susij\u0119 su asmenini\u0173 duomen\u0173 saugojimu Europos S\u0105jungoje ir Lietuva valstyb\u0117je. Jeigu J\u016bs\u0173 asmeniniai duomenys yra i\u0161saugoti m\u016bs\u0173 svetain\u0117je, mes prane\u0161im Jums apie konfidencialumo reglamento poky\u010dius. Jeigu J\u016bs\u0173 duomenys buvo \u012fvesti neteisingai, mes negal\u0117sime su Jumis susisiekti.<\/p><h3 style=\"text-align: left;\">Atsiliepimai, baigiamosios nuostatos<\/h3><p>Konfidencialumo reglamento klausimais J\u016bs galite susisiekti su svetain\u0117s Labectra.lt administracija: Pami\u0161k\u0117s g. 2, Karveli\u0161kio vs. LT-28117 Utenos raj. Lietuva, arba u\u017epild\u017eius kontaktams skirt\u0105 langel\u012f, nurodyt\u0105 atitinkamame svetain\u0117s puslapyje. Jeigu Jus nesutinkate su \u0161iuo konfidencialumo reglamentu, Jus negalite naudotis svetain\u0117s Labectra.lt suteiktom paslaugom. \u0160iuo atveju, Jus turite susilaikyti nuo m\u016bs\u0173 svetain\u0117s apsilankymo.<\/p>\t\t\t\t\t\t<\/div>\n\t\t\t\t<\/div>\n\t\t\t\t<div class=\"elementor-element elementor-element-4b9ae9e elementor-widget elementor-widget-spacer\" data-id=\"4b9ae9e\" data-element_type=\"widget\" data-widget_type=\"spacer.default\">\n\t\t\t\t<div class=\"elementor-widget-container\">\n\t\t\t\t\t<div class=\"elementor-spacer\">\n\t\t\t<div class=\"elementor-spacer-inner\"><\/div>\n\t\t<\/div>\n\t\t\t\t<\/div>\n\t\t\t\t<\/div>\n\t\t\t\t\t<\/div>\n\t\t<\/div>\n\t\t\t\t\t\t\t<\/div>\n\t\t<\/section>\n\t\t\t\t<section class=\"elementor-section elementor-inner-section elementor-element elementor-element-2790e43 elementor-section-boxed elementor-section-height-default elementor-section-height-default\" data-id=\"2790e43\" data-element_type=\"section\" data-settings=\"{&quot;background_background&quot;:&quot;classic&quot;}\">\n\t\t\t\t\t\t<div class=\"elementor-container elementor-column-gap-default\">\n\t\t\t\t\t<div class=\"elementor-column elementor-col-100 elementor-inner-column elementor-element elementor-element-4453793\" data-id=\"4453793\" data-element_type=\"column\" data-settings=\"{&quot;background_background&quot;:&quot;classic&quot;}\">\n\t\t\t<div class=\"elementor-widget-wrap elementor-element-populated\">\n\t\t\t\t\t\t\t\t<div class=\"elementor-element elementor-element-29daae9 elementor-widget elementor-widget-spacer\" data-id=\"29daae9\" data-element_type=\"widget\" data-widget_type=\"spacer.default\">\n\t\t\t\t<div class=\"elementor-widget-container\">\n\t\t\t\t\t<div class=\"elementor-spacer\">\n\t\t\t<div class=\"elementor-spacer-inner\"><\/div>\n\t\t<\/div>\n\t\t\t\t<\/div>\n\t\t\t\t<\/div>\n\t\t\t\t<div class=\"elementor-element elementor-element-49560e4 elementor-widget elementor-widget-heading\" data-id=\"49560e4\" data-element_type=\"widget\" data-widget_type=\"heading.default\">\n\t\t\t\t<div class=\"elementor-widget-container\">\n\t\t\t<h3 class=\"elementor-heading-title elementor-size-default\">We specialize in thermal laboratory equipment<\/h3>\t\t<\/div>\n\t\t\t\t<\/div>\n\t\t\t\t<div class=\"elementor-element elementor-element-53601e6 elementor-widget elementor-widget-heading\" data-id=\"53601e6\" data-element_type=\"widget\" data-widget_type=\"heading.default\">\n\t\t\t\t<div class=\"elementor-widget-container\">\n\t\t\t<h5 class=\"elementor-heading-title elementor-size-default\">We distribute our products, help with the selection, carry out service and consult. Need help? Let's get in touch!<\/h5>\t\t<\/div>\n\t\t\t\t<\/div>\n\t\t\t\t<div class=\"elementor-element elementor-element-bdfbb74 elementor-widget elementor-widget-spacer\" data-id=\"bdfbb74\" data-element_type=\"widget\" data-widget_type=\"spacer.default\">\n\t\t\t\t<div class=\"elementor-widget-container\">\n\t\t\t\t\t<div class=\"elementor-spacer\">\n\t\t\t<div class=\"elementor-spacer-inner\"><\/div>\n\t\t<\/div>\n\t\t\t\t<\/div>\n\t\t\t\t<\/div>\n\t\t\t\t<div class=\"elementor-element elementor-element-a54a9e9 elementor-align-center elementor-widget elementor-widget-button\" data-id=\"a54a9e9\" data-element_type=\"widget\" data-widget_type=\"button.default\">\n\t\t\t\t<div class=\"elementor-widget-container\">\n\t\t\t\t\t<div class=\"elementor-button-wrapper\">\n\t\t\t<a class=\"elementor-button elementor-button-link elementor-size-sm\" href=\"https:\/\/www.labectra.lt\/en\/kontaktai\/\">\n\t\t\t\t\t\t<span class=\"elementor-button-content-wrapper\">\n\t\t\t\t\t\t<span class=\"elementor-button-text\">Contact<\/span>\n\t\t<\/span>\n\t\t\t\t\t<\/a>\n\t\t<\/div>\n\t\t\t\t<\/div>\n\t\t\t\t<\/div>\n\t\t\t\t<div class=\"elementor-element elementor-element-43ae36b elementor-widget elementor-widget-spacer\" data-id=\"43ae36b\" data-element_type=\"widget\" data-widget_type=\"spacer.default\">\n\t\t\t\t<div class=\"elementor-widget-container\">\n\t\t\t\t\t<div class=\"elementor-spacer\">\n\t\t\t<div class=\"elementor-spacer-inner\"><\/div>\n\t\t<\/div>\n\t\t\t\t<\/div>\n\t\t\t\t<\/div>\n\t\t\t\t\t<\/div>\n\t\t<\/div>\n\t\t\t\t\t\t\t<\/div>\n\t\t<\/section>\n\t\t\t\t\t\t\t<\/div>","protected":false},"excerpt":{"rendered":"<p>Privatumo politika Privacy Policy Privatumo politika Labectra.lt svetain\u0117s administracija \u012fsipareigoja saugoti J\u016bs\u0173 konfidencialum\u0105 internete. J\u016bs\u0173 pateikt\u0173 duomen\u0173 saugumas mums yra labai reik\u0161mingas. M\u016bs\u0173 konfidencialumo reglamentas yra pagr\u012fstas&nbsp;Bendrojo Europos S\u0105jungos asmenini\u0173 duomen\u0173 apsaugos reglamento (BDAR) reikalavimais.&nbsp;Asmenini\u0173 duomen\u0173 rinkimo tikslas: m\u016bs\u0173 svetain\u0117s veiklos gerinimas, susisiekimas su \u0161ios svetain\u0117s lankytojais, naudotojo u\u017eklaustos informacijos teikimas, paslaug\u0173, susijusi\u0173 su interneto &hellip;<\/p>\n<p class=\"read-more\"> <a class=\"\" href=\"https:\/\/www.labectra.lt\/en\/privatumo-politika\/\"> <span class=\"screen-reader-text\">Privatumo politika<\/span> Read More &raquo;<\/a><\/p>","protected":false},"author":1,"featured_media":0,"parent":0,"menu_order":0,"comment_status":"closed","ping_status":"closed","template":"","meta":{"footnotes":""},"yoast_head":"<!-- This site is optimized with the Yoast SEO plugin v21.6 - https:\/\/yoast.com\/wordpress\/plugins\/seo\/ -->\n<title>Privatumo politika - Termin\u0117 \u012franga - Labectra<\/title>\n<meta name=\"robots\" content=\"index, follow, max-snippet:-1, max-image-preview:large, max-video-preview:-1\" \/>\n<link rel=\"canonical\" href=\"https:\/\/www.labectra.lt\/en\/privatumo-politika\/\" \/>\n<meta property=\"og:locale\" content=\"en_GB\" \/>\n<meta property=\"og:type\" content=\"article\" \/>\n<meta property=\"og:title\" content=\"Privatumo politika - Termin\u0117 \u012franga - Labectra\" \/>\n<meta property=\"og:description\" content=\"Privatumo politika Privacy Policy Privatumo politika Labectra.lt svetain\u0117s administracija \u012fsipareigoja saugoti J\u016bs\u0173 konfidencialum\u0105 internete. J\u016bs\u0173 pateikt\u0173 duomen\u0173 saugumas mums yra labai reik\u0161mingas. M\u016bs\u0173 konfidencialumo reglamentas yra pagr\u012fstas&nbsp;Bendrojo Europos S\u0105jungos asmenini\u0173 duomen\u0173 apsaugos reglamento (BDAR) reikalavimais.&nbsp;Asmenini\u0173 duomen\u0173 rinkimo tikslas: m\u016bs\u0173 svetain\u0117s veiklos gerinimas, susisiekimas su \u0161ios svetain\u0117s lankytojais, naudotojo u\u017eklaustos informacijos teikimas, paslaug\u0173, susijusi\u0173 su interneto &hellip; Privatumo politika Read More &raquo;\" \/>\n<meta property=\"og:url\" content=\"https:\/\/www.labectra.lt\/en\/privatumo-politika\/\" \/>\n<meta property=\"og:site_name\" content=\"Termin\u0117 \u012franga - Labectra\" \/>\n<meta property=\"article:modified_time\" content=\"2019-11-05T00:30:16+00:00\" \/>\n<meta property=\"og:image\" content=\"https:\/\/www.labectra.lt\/wp-content\/uploads\/elementor\/thumbs\/uk-ofbtbiv7nd1emue5yo9tifqb0s6yapf1917xg2dcyu.jpg\" \/>\n<meta name=\"twitter:card\" content=\"summary_large_image\" \/>\n<meta name=\"twitter:label1\" content=\"Estimated reading time\" \/>\n\t<meta name=\"twitter:data1\" content=\"4 minutes\" \/>\n<script type=\"application\/ld+json\" class=\"yoast-schema-graph\">{\"@context\":\"https:\/\/schema.org\",\"@graph\":[{\"@type\":\"WebPage\",\"@id\":\"https:\/\/www.labectra.lt\/privatumo-politika\/\",\"url\":\"https:\/\/www.labectra.lt\/privatumo-politika\/\",\"name\":\"Privatumo politika - Termin\u0117 \u012franga - Labectra\",\"isPartOf\":{\"@id\":\"https:\/\/www.labectra.lt\/#website\"},\"datePublished\":\"2019-09-25T02:55:24+00:00\",\"dateModified\":\"2019-11-05T00:30:16+00:00\",\"breadcrumb\":{\"@id\":\"https:\/\/www.labectra.lt\/privatumo-politika\/#breadcrumb\"},\"inLanguage\":\"en-GB\",\"potentialAction\":[{\"@type\":\"ReadAction\",\"target\":[\"https:\/\/www.labectra.lt\/privatumo-politika\/\"]}]},{\"@type\":\"BreadcrumbList\",\"@id\":\"https:\/\/www.labectra.lt\/privatumo-politika\/#breadcrumb\",\"itemListElement\":[{\"@type\":\"ListItem\",\"position\":1,\"name\":\"Home\",\"item\":\"https:\/\/www.labectra.lt\/\"},{\"@type\":\"ListItem\",\"position\":2,\"name\":\"Privatumo politika\"}]},{\"@type\":\"WebSite\",\"@id\":\"https:\/\/www.labectra.lt\/#website\",\"url\":\"https:\/\/www.labectra.lt\/\",\"name\":\"Termin\u0117 \u012franga - Labectra\",\"description\":\"J\u016bs\u0173 termin\u0117s \u012frangos tiek\u0117jas!\",\"publisher\":{\"@id\":\"https:\/\/www.labectra.lt\/#organization\"},\"potentialAction\":[{\"@type\":\"SearchAction\",\"target\":{\"@type\":\"EntryPoint\",\"urlTemplate\":\"https:\/\/www.labectra.lt\/?s={search_term_string}\"},\"query-input\":\"required name=search_term_string\"}],\"inLanguage\":\"en-GB\"},{\"@type\":\"Organization\",\"@id\":\"https:\/\/www.labectra.lt\/#organization\",\"name\":\"Labectra\",\"url\":\"https:\/\/www.labectra.lt\/\",\"logo\":{\"@type\":\"ImageObject\",\"inLanguage\":\"en-GB\",\"@id\":\"https:\/\/www.labectra.lt\/#\/schema\/logo\/image\/\",\"url\":\"https:\/\/www.labectra.lt\/wp-content\/uploads\/2019\/09\/Logo21.png\",\"contentUrl\":\"https:\/\/www.labectra.lt\/wp-content\/uploads\/2019\/09\/Logo21.png\",\"width\":392,\"height\":58,\"caption\":\"Labectra\"},\"image\":{\"@id\":\"https:\/\/www.labectra.lt\/#\/schema\/logo\/image\/\"}}]}<\/script>\n<!-- \/ Yoast SEO plugin. -->","yoast_head_json":{"title":"Privatumo politika - Termin\u0117 \u012franga - Labectra","robots":{"index":"index","follow":"follow","max-snippet":"max-snippet:-1","max-image-preview":"max-image-preview:large","max-video-preview":"max-video-preview:-1"},"canonical":"https:\/\/www.labectra.lt\/en\/privatumo-politika\/","og_locale":"en_GB","og_type":"article","og_title":"Privatumo politika - Termin\u0117 \u012franga - Labectra","og_description":"Privatumo politika Privacy Policy Privatumo politika Labectra.lt svetain\u0117s administracija \u012fsipareigoja saugoti J\u016bs\u0173 konfidencialum\u0105 internete. J\u016bs\u0173 pateikt\u0173 duomen\u0173 saugumas mums yra labai reik\u0161mingas. M\u016bs\u0173 konfidencialumo reglamentas yra pagr\u012fstas&nbsp;Bendrojo Europos S\u0105jungos asmenini\u0173 duomen\u0173 apsaugos reglamento (BDAR) reikalavimais.&nbsp;Asmenini\u0173 duomen\u0173 rinkimo tikslas: m\u016bs\u0173 svetain\u0117s veiklos gerinimas, susisiekimas su \u0161ios svetain\u0117s lankytojais, naudotojo u\u017eklaustos informacijos teikimas, paslaug\u0173, susijusi\u0173 su interneto &hellip; Privatumo politika Read More &raquo;","og_url":"https:\/\/www.labectra.lt\/en\/privatumo-politika\/","og_site_name":"Termin\u0117 \u012franga - Labectra","article_modified_time":"2019-11-05T00:30:16+00:00","og_image":[{"url":"https:\/\/www.labectra.lt\/wp-content\/uploads\/elementor\/thumbs\/uk-ofbtbiv7nd1emue5yo9tifqb0s6yapf1917xg2dcyu.jpg"}],"twitter_card":"summary_large_image","twitter_misc":{"Estimated reading time":"4 minutes"},"schema":{"@context":"https:\/\/schema.org","@graph":[{"@type":"WebPage","@id":"https:\/\/www.labectra.lt\/privatumo-politika\/","url":"https:\/\/www.labectra.lt\/privatumo-politika\/","name":"Privatumo politika - Termin\u0117 \u012franga - Labectra","isPartOf":{"@id":"https:\/\/www.labectra.lt\/#website"},"datePublished":"2019-09-25T02:55:24+00:00","dateModified":"2019-11-05T00:30:16+00:00","breadcrumb":{"@id":"https:\/\/www.labectra.lt\/privatumo-politika\/#breadcrumb"},"inLanguage":"en-GB","potentialAction":[{"@type":"ReadAction","target":["https:\/\/www.labectra.lt\/privatumo-politika\/"]}]},{"@type":"BreadcrumbList","@id":"https:\/\/www.labectra.lt\/privatumo-politika\/#breadcrumb","itemListElement":[{"@type":"ListItem","position":1,"name":"Home","item":"https:\/\/www.labectra.lt\/"},{"@type":"ListItem","position":2,"name":"Privatumo politika"}]},{"@type":"WebSite","@id":"https:\/\/www.labectra.lt\/#website","url":"https:\/\/www.labectra.lt\/","name":"Termin\u0117 \u012franga - Labectra","description":"J\u016bs\u0173 termin\u0117s \u012frangos tiek\u0117jas!","publisher":{"@id":"https:\/\/www.labectra.lt\/#organization"},"potentialAction":[{"@type":"SearchAction","target":{"@type":"EntryPoint","urlTemplate":"https:\/\/www.labectra.lt\/?s={search_term_string}"},"query-input":"required name=search_term_string"}],"inLanguage":"en-GB"},{"@type":"Organization","@id":"https:\/\/www.labectra.lt\/#organization","name":"Labectra","url":"https:\/\/www.labectra.lt\/","logo":{"@type":"ImageObject","inLanguage":"en-GB","@id":"https:\/\/www.labectra.lt\/#\/schema\/logo\/image\/","url":"https:\/\/www.labectra.lt\/wp-content\/uploads\/2019\/09\/Logo21.png","contentUrl":"https:\/\/www.labectra.lt\/wp-content\/uploads\/2019\/09\/Logo21.png","width":392,"height":58,"caption":"Labectra"},"image":{"@id":"https:\/\/www.labectra.lt\/#\/schema\/logo\/image\/"}}]}},"_links":{"self":[{"href":"https:\/\/www.labectra.lt\/en\/wp-json\/wp\/v2\/pages\/1970"}],"collection":[{"href":"https:\/\/www.labectra.lt\/en\/wp-json\/wp\/v2\/pages"}],"about":[{"href":"https:\/\/www.labectra.lt\/en\/wp-json\/wp\/v2\/types\/page"}],"author":[{"embeddable":true,"href":"https:\/\/www.labectra.lt\/en\/wp-json\/wp\/v2\/users\/1"}],"replies":[{"embeddable":true,"href":"https:\/\/www.labectra.lt\/en\/wp-json\/wp\/v2\/comments?post=1970"}],"version-history":[{"count":9,"href":"https:\/\/www.labectra.lt\/en\/wp-json\/wp\/v2\/pages\/1970\/revisions"}],"predecessor-version":[{"id":2351,"href":"https:\/\/www.labectra.lt\/en\/wp-json\/wp\/v2\/pages\/1970\/revisions\/2351"}],"wp:attachment":[{"href":"https:\/\/www.labectra.lt\/en\/wp-json\/wp\/v2\/media?parent=1970"}],"curies":[{"name":"wp","href":"https:\/\/api.w.org\/{rel}","templated":true}]}}