{"id":2136,"date":"2019-09-09T23:01:10","date_gmt":"2019-09-09T20:01:10","guid":{"rendered":"https:\/\/www.labectra.lt\/produktas\/moduliacines-walk-in-kameros-wazzle-2\/"},"modified":"2019-11-05T01:25:09","modified_gmt":"2019-11-04T23:25:09","slug":"moduliacines-walk-in-kameros-wazzle-2","status":"publish","type":"product","link":"https:\/\/www.labectra.lt\/en\/product\/moduliacines-walk-in-kameros-wazzle-2\/","title":{"rendered":"Modular \"Walk-in\" Chambers \"Wazzle\""},"content":{"rendered":"<p>The Wazzle line includes 4 models according to their useful capacity: Compact (10 m3), Medium (16 m3), Large (30 m3) and Extra Large (40 m3).<\/p>\n<p>Without compromising our high standards of quality and reliability, we wanted to reduce delivery times to twelve weeks or less and avoid the costs of design and engineering normally associated with the customized walk-in chambers.<\/p>\n<table class=\"aligncenter\" style=\"height: 298px; width: 72.0044%; border-collapse: collapse;\">\n<tbody>\n<tr style=\"height: 298px;\">\n<td style=\"width: 38.8732%; height: 298px;\"><a href=\"https:\/\/www.labectra.lt\/wp-content\/uploads\/2019\/09\/IMG_1067.jpg\"><img fetchpriority=\"high\" decoding=\"async\" class=\"alignnone wp-image-1299\" src=\"https:\/\/www.labectra.lt\/wp-content\/uploads\/2019\/09\/IMG_1067-300x240.jpg\" sizes=\"(max-width: 300px) 100vw, 300px\" srcset=\"https:\/\/www.labectra.lt\/wp-content\/uploads\/2019\/09\/IMG_1067-300x240.jpg 300w, https:\/\/www.labectra.lt\/wp-content\/uploads\/2019\/09\/IMG_1067-768x614.jpg 768w, https:\/\/www.labectra.lt\/wp-content\/uploads\/2019\/09\/IMG_1067.jpg 1004w\" alt=\"Moduliacin\u0117s &quot;Walk-in&quot; kameros &quot;Wazzle&quot;\" width=\"625\" height=\"500\" \/><\/a><\/td>\n<td style=\"width: 42.8404%; height: 298px;\"><a href=\"https:\/\/www.labectra.lt\/wp-content\/uploads\/2019\/09\/IMG_0995.jpg\"><img decoding=\"async\" class=\"alignnone wp-image-1298\" src=\"https:\/\/www.labectra.lt\/wp-content\/uploads\/2019\/09\/IMG_0995-300x215.jpg\" sizes=\"(max-width: 338px) 100vw, 338px\" srcset=\"https:\/\/www.labectra.lt\/wp-content\/uploads\/2019\/09\/IMG_0995-300x215.jpg 300w, https:\/\/www.labectra.lt\/wp-content\/uploads\/2019\/09\/IMG_0995-768x549.jpg 768w, https:\/\/www.labectra.lt\/wp-content\/uploads\/2019\/09\/IMG_0995-1024x732.jpg 1024w\" alt=\"Moduliacin\u0117s &quot;Walk-in&quot; kameros &quot;Wazzle&quot;\" width=\"699\" height=\"500\" \/><\/a><\/td>\n<\/tr>\n<\/tbody>\n<\/table>\n<p>The solution is the WAZZLE; a cost-effective, modular design comprising the four basic elements of a walk-in chamber that can be mixed and matched to provide a configuration to suit the majority of requirements:<\/p>\n<ul>\n<li>Cooling unit<\/li>\n<li>Air treatment unit<\/li>\n<li>User interface<\/li>\n<li>Test room<\/li>\n<\/ul>\n<p>&nbsp;<\/p>\n<p>The Wazzle line includes 4 models according to their useful capacity: Compact (10 m3), Medium (16 m3), Large (30 m3) and Extra Large (40 m3).<\/p>\n<p>&nbsp;<\/p>\n<p>Each of these models is available in 6 versions according to cooling unit dimensions, except for Compact model which is available only in 4 versions (see the datasheet for detailed technical features of cooling units and performances).<\/p>\n<p>&nbsp;<\/p>\n<p><b><strong>Modular Chambers Wazzle Cooling unit<\/strong><\/b><\/p>\n<p>&nbsp;<\/p>\n<p>Comprising the refrigeration equipment and humidification systems required for the control of the temperature and air humidity insidethe walk-in chamber. The basic version requires either mains water or tower water for cooling.<\/p>\n<p><b><strong>\u00a0<\/strong><\/b><\/p>\n<p class=\" translation-block\"><b><strong>Modular Chambers Wazzle Air Treatment Unit<\/strong><\/b><\/p>\n<p>&nbsp;<\/p>\n<p>Powerful fans draw the chamber air across the heat exchangers for cooling and dehumidification, heaters and control sensors before recirculating the conditioned air back into the chamber. A Pt100 sensor (temperature) and a capacitive probe (humidity) is used for control.<\/p>\n<p>Galingi\u00a0ventiliatoriai\u00a0sukuria oro sraut\u0105 kameroje, apip\u016b\u010dia au\u0161inimo \u0161ilumokai\u010dius, kaitintuvus bei dr\u0117kinimo sistem\u0105. Pt 100 davikliai naudojami temperat\u016bros\u00a0\u00a0ir talpuminiai davikliai dr\u0117gm\u0117s matavimui.<\/p>\n<p>&nbsp;<\/p>\n<p class=\" translation-block\"><b><strong>Modular Chambers Wazzle User interface<\/strong><\/b><\/p>\n<p>&nbsp;<\/p>\n<p>The control system interface is placed near the door for all the versions of the walk-in chamber.<\/p>\n<p>It comprises:<\/p>\n<ul>\n<li>Emergency STOP push button.<\/li>\n<li>Touch panel programmer \/ controller.<\/li>\n<li>Serial interface RS 232\/422<\/li>\n<li>Software + personal computer (optional).<\/li>\n<\/ul>\n<p><b><strong>\u00a0<\/strong><\/b><\/p>\n<p class=\" translation-block\"><b><strong>Modular Chambers Wazzle Test Room<\/strong><\/b><\/p>\n<p>&nbsp;<\/p>\n<p>Vapour tight prefabricated panels suitable for multiple assembly and take down operations, AISI 304 interior, blue plastic coated zincor steel exterior. Insulation thickness: 120 mm.<\/p>\n<p><b><strong>\u00a0<\/strong><\/b><\/p>\n<p class=\" translation-block\"><b><strong>Modular Chambers Wazzle Advantages<\/strong><\/b><\/p>\n<p>&nbsp;<\/p>\n<ul>\n<li>Reduction in the lead-time for chamber production.<\/li>\n<li>Improved cost-effectiveness of the equipment.<\/li>\n<li>Easy to assemble on site.<\/li>\n<li>Easy to disassemble, relocate and rebuild the equipment, if necessary.<\/li>\n<li>Possibility to upgrade or refurbish existing facilities by using the plant unit \/ air handling system \/ user interface without requiring major reconstruction work.<\/li>\n<\/ul>\n<p>The facility to use the same combination of plant unit and air handling system on walk-in chambers which have:<\/p>\n<ul>\n<li style=\"list-style-type: none;\">\n<ul>\n<li>Different geometry<\/li>\n<li>Different temperature rates<\/li>\n<li>Different minimum and maximum temperature limits<\/li>\n<li>Different thermal load<\/li>\n<\/ul>\n<\/li>\n<\/ul>\n<p>&nbsp;<\/p>\n<p><a href=\"http:\/\/www.myangel24.it\/index_eng.html\"><img decoding=\"async\" class=\"alignleft wp-image-1301 size-full\" src=\"https:\/\/www.labectra.lt\/wp-content\/uploads\/2019\/09\/IMG_0920.jpg\" alt=\"Moduliacin\u0117s &quot;Walk-in&quot; kameros &quot;Wazzle&quot;\" width=\"198\" height=\"114\" \/><\/a><\/p>\n<p style=\"text-align: left;\"><em>\u00a0<a href=\"http:\/\/www.youtube.com\/watch?v=r7TUWOE2pVU\">Watch Video<\/a><\/em><\/p>\n<p style=\"text-align: left;\" class=\" translation-block\"><a href=\"https:\/\/www.labectra.lt\/wp-content\/uploads\/2019\/10\/BRC_0391.pdf\" target=\"_self\">Download Brochure<\/a><br \/>\nWAZZLE  chambers can also be equipped with MyAngel24\u2122, our remote teleassistance system: the chambers stay connected to the remote server 24 hours a day monitoring running conditions and any anomalies, in order to guarantee faster and more efficient service and maintenance activities. They are accessible whenever and wherever you are, from any device with an internet connection and a simple web browser.<\/p>\n<p>&nbsp;<\/p>\n<p>&nbsp;<\/p>","protected":false},"excerpt":{"rendered":"<p>Wazzle linijoje yra keturi\u0173 dyd\u017ei\u0173 klimatin\u0117s kameros modeliai j\u0173 naudingas dydis yra: kompakti\u0161kas (10 m3), vidutinis (16 m3), didelis (30 m3) ir \u012fpatingai diedelis (40 m3). Siekiant i\u0161laikyti auk\u0161tus standartus atitinkan\u010di\u0105 \u012frang\u0105 suma\u017einti gamybos terminus iki 12 savai\u010diu, taip pat suma\u017eintiprojektavimo ka\u0161tus si\u016blome \u00a0Walk-in \u00a0bandymo kameras tai surenkamos klimatin\u0117s kameros Sprendimas yra Wazzle;\u00a0\u00a0tai ekonomi\u0161ka, modulin\u0117 &hellip;<\/p>\n<p class=\"read-more\"> <a class=\"\" href=\"https:\/\/www.labectra.lt\/en\/product\/moduliacines-walk-in-kameros-wazzle-2\/\"> <span class=\"screen-reader-text\">Modular \"Walk-in\" Chambers \"Wazzle\"<\/span> Read More &raquo;<\/a><\/p>","protected":false},"featured_media":1300,"template":"","meta":[],"yoast_head":"<!-- This site is optimized with the Yoast SEO plugin v21.6 - https:\/\/yoast.com\/wordpress\/plugins\/seo\/ -->\n<title>Moduliacin\u0117s \u201eWalk-in\u201c kameros \u201eWazzle\u201c - Termin\u0117 \u012franga - Labectra<\/title>\n<meta name=\"robots\" content=\"index, follow, max-snippet:-1, max-image-preview:large, max-video-preview:-1\" \/>\n<link rel=\"canonical\" href=\"https:\/\/www.labectra.lt\/en\/product\/moduliacines-walk-in-kameros-wazzle-2\/\" \/>\n<meta property=\"og:locale\" content=\"en_GB\" \/>\n<meta property=\"og:type\" content=\"article\" \/>\n<meta property=\"og:title\" content=\"Moduliacin\u0117s \u201eWalk-in\u201c kameros \u201eWazzle\u201c - Termin\u0117 \u012franga - Labectra\" \/>\n<meta property=\"og:description\" content=\"Wazzle linijoje yra keturi\u0173 dyd\u017ei\u0173 klimatin\u0117s kameros modeliai j\u0173 naudingas dydis yra: kompakti\u0161kas (10 m3), vidutinis (16 m3), didelis (30 m3) ir \u012fpatingai diedelis (40 m3). Siekiant i\u0161laikyti auk\u0161tus standartus atitinkan\u010di\u0105 \u012frang\u0105 suma\u017einti gamybos terminus iki 12 savai\u010diu, taip pat suma\u017eintiprojektavimo ka\u0161tus si\u016blome \u00a0Walk-in \u00a0bandymo kameras tai surenkamos klimatin\u0117s kameros Sprendimas yra Wazzle;\u00a0\u00a0tai ekonomi\u0161ka, modulin\u0117 &hellip; Moduliacin\u0117s \u201eWalk-in\u201c kameros \u201eWazzle\u201c Read More &raquo;\" \/>\n<meta property=\"og:url\" content=\"https:\/\/www.labectra.lt\/en\/product\/moduliacines-walk-in-kameros-wazzle-2\/\" \/>\n<meta property=\"og:site_name\" content=\"Termin\u0117 \u012franga - Labectra\" \/>\n<meta property=\"article:modified_time\" content=\"2019-11-04T23:25:09+00:00\" \/>\n<meta property=\"og:image\" content=\"https:\/\/www.labectra.lt\/wp-content\/uploads\/2019\/09\/full_Walk_in.jpg\" \/>\n\t<meta property=\"og:image:width\" content=\"250\" \/>\n\t<meta property=\"og:image:height\" content=\"250\" \/>\n\t<meta property=\"og:image:type\" content=\"image\/jpeg\" \/>\n<meta name=\"twitter:card\" content=\"summary_large_image\" \/>\n<meta name=\"twitter:label1\" content=\"Estimated reading time\" \/>\n\t<meta name=\"twitter:data1\" content=\"2 minutes\" \/>\n<script type=\"application\/ld+json\" class=\"yoast-schema-graph\">{\"@context\":\"https:\/\/schema.org\",\"@graph\":[{\"@type\":\"WebPage\",\"@id\":\"https:\/\/www.labectra.lt\/produktas\/moduliacines-walk-in-kameros-wazzle-2\/\",\"url\":\"https:\/\/www.labectra.lt\/produktas\/moduliacines-walk-in-kameros-wazzle-2\/\",\"name\":\"Moduliacin\u0117s \u201eWalk-in\u201c kameros \u201eWazzle\u201c - Termin\u0117 \u012franga - Labectra\",\"isPartOf\":{\"@id\":\"https:\/\/www.labectra.lt\/#website\"},\"datePublished\":\"2019-09-09T20:01:10+00:00\",\"dateModified\":\"2019-11-04T23:25:09+00:00\",\"breadcrumb\":{\"@id\":\"https:\/\/www.labectra.lt\/produktas\/moduliacines-walk-in-kameros-wazzle-2\/#breadcrumb\"},\"inLanguage\":\"en-GB\",\"potentialAction\":[{\"@type\":\"ReadAction\",\"target\":[\"https:\/\/www.labectra.lt\/produktas\/moduliacines-walk-in-kameros-wazzle-2\/\"]}]},{\"@type\":\"BreadcrumbList\",\"@id\":\"https:\/\/www.labectra.lt\/produktas\/moduliacines-walk-in-kameros-wazzle-2\/#breadcrumb\",\"itemListElement\":[{\"@type\":\"ListItem\",\"position\":1,\"name\":\"Home\",\"item\":\"https:\/\/www.labectra.lt\/\"},{\"@type\":\"ListItem\",\"position\":2,\"name\":\"Termin\u0117 \u012franga\",\"item\":\"https:\/\/www.labectra.lt\/termine-iranga\/\"},{\"@type\":\"ListItem\",\"position\":3,\"name\":\"Moduliacin\u0117s \u201eWalk-in\u201c kameros \u201eWazzle\u201c\"}]},{\"@type\":\"WebSite\",\"@id\":\"https:\/\/www.labectra.lt\/#website\",\"url\":\"https:\/\/www.labectra.lt\/\",\"name\":\"Termin\u0117 \u012franga - Labectra\",\"description\":\"J\u016bs\u0173 termin\u0117s \u012frangos tiek\u0117jas!\",\"publisher\":{\"@id\":\"https:\/\/www.labectra.lt\/#organization\"},\"potentialAction\":[{\"@type\":\"SearchAction\",\"target\":{\"@type\":\"EntryPoint\",\"urlTemplate\":\"https:\/\/www.labectra.lt\/?s={search_term_string}\"},\"query-input\":\"required name=search_term_string\"}],\"inLanguage\":\"en-GB\"},{\"@type\":\"Organization\",\"@id\":\"https:\/\/www.labectra.lt\/#organization\",\"name\":\"Labectra\",\"url\":\"https:\/\/www.labectra.lt\/\",\"logo\":{\"@type\":\"ImageObject\",\"inLanguage\":\"en-GB\",\"@id\":\"https:\/\/www.labectra.lt\/#\/schema\/logo\/image\/\",\"url\":\"https:\/\/www.labectra.lt\/wp-content\/uploads\/2019\/09\/Logo21.png\",\"contentUrl\":\"https:\/\/www.labectra.lt\/wp-content\/uploads\/2019\/09\/Logo21.png\",\"width\":392,\"height\":58,\"caption\":\"Labectra\"},\"image\":{\"@id\":\"https:\/\/www.labectra.lt\/#\/schema\/logo\/image\/\"}}]}<\/script>\n<!-- \/ Yoast SEO plugin. -->","yoast_head_json":{"title":"Moduliacin\u0117s \u201eWalk-in\u201c kameros \u201eWazzle\u201c - Termin\u0117 \u012franga - Labectra","robots":{"index":"index","follow":"follow","max-snippet":"max-snippet:-1","max-image-preview":"max-image-preview:large","max-video-preview":"max-video-preview:-1"},"canonical":"https:\/\/www.labectra.lt\/en\/product\/moduliacines-walk-in-kameros-wazzle-2\/","og_locale":"en_GB","og_type":"article","og_title":"Moduliacin\u0117s \u201eWalk-in\u201c kameros \u201eWazzle\u201c - Termin\u0117 \u012franga - Labectra","og_description":"Wazzle linijoje yra keturi\u0173 dyd\u017ei\u0173 klimatin\u0117s kameros modeliai j\u0173 naudingas dydis yra: kompakti\u0161kas (10 m3), vidutinis (16 m3), didelis (30 m3) ir \u012fpatingai diedelis (40 m3). Siekiant i\u0161laikyti auk\u0161tus standartus atitinkan\u010di\u0105 \u012frang\u0105 suma\u017einti gamybos terminus iki 12 savai\u010diu, taip pat suma\u017eintiprojektavimo ka\u0161tus si\u016blome \u00a0Walk-in \u00a0bandymo kameras tai surenkamos klimatin\u0117s kameros Sprendimas yra Wazzle;\u00a0\u00a0tai ekonomi\u0161ka, modulin\u0117 &hellip; Moduliacin\u0117s \u201eWalk-in\u201c kameros \u201eWazzle\u201c Read More &raquo;","og_url":"https:\/\/www.labectra.lt\/en\/product\/moduliacines-walk-in-kameros-wazzle-2\/","og_site_name":"Termin\u0117 \u012franga - Labectra","article_modified_time":"2019-11-04T23:25:09+00:00","og_image":[{"width":250,"height":250,"url":"https:\/\/www.labectra.lt\/wp-content\/uploads\/2019\/09\/full_Walk_in.jpg","type":"image\/jpeg"}],"twitter_card":"summary_large_image","twitter_misc":{"Estimated reading time":"2 minutes"},"schema":{"@context":"https:\/\/schema.org","@graph":[{"@type":"WebPage","@id":"https:\/\/www.labectra.lt\/produktas\/moduliacines-walk-in-kameros-wazzle-2\/","url":"https:\/\/www.labectra.lt\/produktas\/moduliacines-walk-in-kameros-wazzle-2\/","name":"Moduliacin\u0117s \u201eWalk-in\u201c kameros \u201eWazzle\u201c - Termin\u0117 \u012franga - Labectra","isPartOf":{"@id":"https:\/\/www.labectra.lt\/#website"},"datePublished":"2019-09-09T20:01:10+00:00","dateModified":"2019-11-04T23:25:09+00:00","breadcrumb":{"@id":"https:\/\/www.labectra.lt\/produktas\/moduliacines-walk-in-kameros-wazzle-2\/#breadcrumb"},"inLanguage":"en-GB","potentialAction":[{"@type":"ReadAction","target":["https:\/\/www.labectra.lt\/produktas\/moduliacines-walk-in-kameros-wazzle-2\/"]}]},{"@type":"BreadcrumbList","@id":"https:\/\/www.labectra.lt\/produktas\/moduliacines-walk-in-kameros-wazzle-2\/#breadcrumb","itemListElement":[{"@type":"ListItem","position":1,"name":"Home","item":"https:\/\/www.labectra.lt\/"},{"@type":"ListItem","position":2,"name":"Termin\u0117 \u012franga","item":"https:\/\/www.labectra.lt\/termine-iranga\/"},{"@type":"ListItem","position":3,"name":"Moduliacin\u0117s \u201eWalk-in\u201c kameros \u201eWazzle\u201c"}]},{"@type":"WebSite","@id":"https:\/\/www.labectra.lt\/#website","url":"https:\/\/www.labectra.lt\/","name":"Termin\u0117 \u012franga - Labectra","description":"J\u016bs\u0173 termin\u0117s \u012frangos tiek\u0117jas!","publisher":{"@id":"https:\/\/www.labectra.lt\/#organization"},"potentialAction":[{"@type":"SearchAction","target":{"@type":"EntryPoint","urlTemplate":"https:\/\/www.labectra.lt\/?s={search_term_string}"},"query-input":"required name=search_term_string"}],"inLanguage":"en-GB"},{"@type":"Organization","@id":"https:\/\/www.labectra.lt\/#organization","name":"Labectra","url":"https:\/\/www.labectra.lt\/","logo":{"@type":"ImageObject","inLanguage":"en-GB","@id":"https:\/\/www.labectra.lt\/#\/schema\/logo\/image\/","url":"https:\/\/www.labectra.lt\/wp-content\/uploads\/2019\/09\/Logo21.png","contentUrl":"https:\/\/www.labectra.lt\/wp-content\/uploads\/2019\/09\/Logo21.png","width":392,"height":58,"caption":"Labectra"},"image":{"@id":"https:\/\/www.labectra.lt\/#\/schema\/logo\/image\/"}}]}},"_links":{"self":[{"href":"https:\/\/www.labectra.lt\/en\/wp-json\/wp\/v2\/product\/2136"}],"collection":[{"href":"https:\/\/www.labectra.lt\/en\/wp-json\/wp\/v2\/product"}],"about":[{"href":"https:\/\/www.labectra.lt\/en\/wp-json\/wp\/v2\/types\/product"}],"wp:featuredmedia":[{"embeddable":true,"href":"https:\/\/www.labectra.lt\/en\/wp-json\/wp\/v2\/media\/1300"}],"wp:attachment":[{"href":"https:\/\/www.labectra.lt\/en\/wp-json\/wp\/v2\/media?parent=2136"}],"curies":[{"name":"wp","href":"https:\/\/api.w.org\/{rel}","templated":true}]}}