{"id":2138,"date":"2019-09-09T23:02:13","date_gmt":"2019-09-09T20:02:13","guid":{"rendered":"https:\/\/www.labectra.lt\/produktas\/uhs-300\/"},"modified":"2019-11-05T01:25:05","modified_gmt":"2019-11-04T23:25:05","slug":"uhs-300","status":"publish","type":"product","link":"https:\/\/www.labectra.lt\/en\/product\/uhs-300\/","title":{"rendered":"UHS 300"},"content":{"rendered":"<p><strong><b>GENERAL INFORMATION<\/b><\/strong><\/p>\n<p>Accelerated testing is used to quickly detect any inherent design and manufacturing flaws.<\/p>\n<p>Temperature Range: \u2014100\u00b0 to +200\u00b0 C<\/p>\n<p>Temperature Change Rate: up to 100\u00b0C\/min on air over the range -60\u00b0C\/+150\u00b0C and viceversa<\/p>\n<p>Vibration table size: 24\" x 24\"<\/p>\n<p>Vibracija atliekama X,Y,Z a\u0161imis<\/p>\n<p>Acceleration: Up to 100 gRMS<\/p>\n<p>Frequency Range:  5 to 10,000 Hz<\/p>\n<p>Pneumatic Vibrators: 4<\/p>\n<p>Internal Dimensions: 760 x 760 x 500 mm<\/p>\n<p>External Dimensions (W x D x H): 1550 x 1150 x 2050mm<\/p>\n<p>Hea\ufb01ng:  40 kW by nichrome heaters<\/p>\n<p>Cooling: Liquid nitrogen expansion<\/p>\n<p>Humidity (optional): 20% to 90% from 30\u00b0 to 85\u00b0 C<\/p>\n<p>Noise level:  74+76 db (A) at one meter with door closed<\/p>\n<p>Reikalingas oro sl\u0117gis vibracijos \u012frenginiui; 8 bar<\/p>\n<p>Oro srautas; 1,5 kubinio metro per minut\u0119<\/p>\n<p>Skysto azoto sl\u0117gis; 6-8 bar<\/p>\n<p>Maitinimas; 400V +6\/-10% 50Hz 3+N+G<\/p>\n<p>Amperai; 80 A.<\/p>\n<p><a href=\"https:\/\/www.labectra.lt\/wp-content\/uploads\/2019\/09\/UHS.pdf\">Download UHS PDF<\/a><\/p>","protected":false},"excerpt":{"rendered":"<p>Bendra informacija HALT- labai pagreitintas gyvenimo testavinmas. \u0160ios kameros skirtos atlikti bandymus su kuriais galima nustatyti gaminio tarnavimo laik\u0105, net po keli\u0173 cikl\u0173 galima pamatyti kaip j\u016bs\u0173 gaminys atrodys po met\u0173, kas yra labiausiai pavojingas j\u016bs\u0173 gaminiui taip j\u016bs greitai gausite atbulin\u012f ry\u0161\u012f sutrumpinsite produkto kurimo laik\u0105, pakeisdami nustatytas gaminio silpniausias vietas. Da\u017eniausiai \u0161is gaminys &hellip;<\/p>\n<p class=\"read-more\"> <a class=\"\" href=\"https:\/\/www.labectra.lt\/en\/product\/uhs-300\/\"> <span class=\"screen-reader-text\">UHS 300<\/span> Read More &raquo;<\/a><\/p>","protected":false},"featured_media":1924,"template":"","meta":[],"yoast_head":"<!-- This site is optimized with the Yoast SEO plugin v21.6 - https:\/\/yoast.com\/wordpress\/plugins\/seo\/ -->\n<title>UHS 300 - Termin\u0117 \u012franga - Labectra<\/title>\n<meta name=\"robots\" content=\"index, follow, max-snippet:-1, max-image-preview:large, max-video-preview:-1\" \/>\n<link rel=\"canonical\" href=\"https:\/\/www.labectra.lt\/en\/product\/uhs-300\/\" \/>\n<meta property=\"og:locale\" content=\"en_GB\" \/>\n<meta property=\"og:type\" content=\"article\" \/>\n<meta property=\"og:title\" content=\"UHS 300 - Termin\u0117 \u012franga - Labectra\" \/>\n<meta property=\"og:description\" content=\"Bendra informacija HALT- labai pagreitintas gyvenimo testavinmas. \u0160ios kameros skirtos atlikti bandymus su kuriais galima nustatyti gaminio tarnavimo laik\u0105, net po keli\u0173 cikl\u0173 galima pamatyti kaip j\u016bs\u0173 gaminys atrodys po met\u0173, kas yra labiausiai pavojingas j\u016bs\u0173 gaminiui taip j\u016bs greitai gausite atbulin\u012f ry\u0161\u012f sutrumpinsite produkto kurimo laik\u0105, pakeisdami nustatytas gaminio silpniausias vietas. Da\u017eniausiai \u0161is gaminys &hellip; UHS 300 Read More &raquo;\" \/>\n<meta property=\"og:url\" content=\"https:\/\/www.labectra.lt\/en\/product\/uhs-300\/\" \/>\n<meta property=\"og:site_name\" content=\"Termin\u0117 \u012franga - Labectra\" \/>\n<meta property=\"article:modified_time\" content=\"2019-11-04T23:25:05+00:00\" \/>\n<meta property=\"og:image\" content=\"https:\/\/www.labectra.lt\/wp-content\/uploads\/2019\/09\/uhs-300.png\" \/>\n\t<meta property=\"og:image:width\" content=\"465\" \/>\n\t<meta property=\"og:image:height\" content=\"689\" \/>\n\t<meta property=\"og:image:type\" content=\"image\/png\" \/>\n<meta name=\"twitter:card\" content=\"summary_large_image\" \/>\n<meta name=\"twitter:label1\" content=\"Estimated reading time\" \/>\n\t<meta name=\"twitter:data1\" content=\"1 minute\" \/>\n<script type=\"application\/ld+json\" class=\"yoast-schema-graph\">{\"@context\":\"https:\/\/schema.org\",\"@graph\":[{\"@type\":\"WebPage\",\"@id\":\"https:\/\/www.labectra.lt\/produktas\/uhs-300\/\",\"url\":\"https:\/\/www.labectra.lt\/produktas\/uhs-300\/\",\"name\":\"UHS 300 - Termin\u0117 \u012franga - Labectra\",\"isPartOf\":{\"@id\":\"https:\/\/www.labectra.lt\/#website\"},\"datePublished\":\"2019-09-09T20:02:13+00:00\",\"dateModified\":\"2019-11-04T23:25:05+00:00\",\"breadcrumb\":{\"@id\":\"https:\/\/www.labectra.lt\/produktas\/uhs-300\/#breadcrumb\"},\"inLanguage\":\"en-GB\",\"potentialAction\":[{\"@type\":\"ReadAction\",\"target\":[\"https:\/\/www.labectra.lt\/produktas\/uhs-300\/\"]}]},{\"@type\":\"BreadcrumbList\",\"@id\":\"https:\/\/www.labectra.lt\/produktas\/uhs-300\/#breadcrumb\",\"itemListElement\":[{\"@type\":\"ListItem\",\"position\":1,\"name\":\"Home\",\"item\":\"https:\/\/www.labectra.lt\/\"},{\"@type\":\"ListItem\",\"position\":2,\"name\":\"Termin\u0117 \u012franga\",\"item\":\"https:\/\/www.labectra.lt\/termine-iranga\/\"},{\"@type\":\"ListItem\",\"position\":3,\"name\":\"UHS 300\"}]},{\"@type\":\"WebSite\",\"@id\":\"https:\/\/www.labectra.lt\/#website\",\"url\":\"https:\/\/www.labectra.lt\/\",\"name\":\"Termin\u0117 \u012franga - Labectra\",\"description\":\"J\u016bs\u0173 termin\u0117s \u012frangos tiek\u0117jas!\",\"publisher\":{\"@id\":\"https:\/\/www.labectra.lt\/#organization\"},\"potentialAction\":[{\"@type\":\"SearchAction\",\"target\":{\"@type\":\"EntryPoint\",\"urlTemplate\":\"https:\/\/www.labectra.lt\/?s={search_term_string}\"},\"query-input\":\"required name=search_term_string\"}],\"inLanguage\":\"en-GB\"},{\"@type\":\"Organization\",\"@id\":\"https:\/\/www.labectra.lt\/#organization\",\"name\":\"Labectra\",\"url\":\"https:\/\/www.labectra.lt\/\",\"logo\":{\"@type\":\"ImageObject\",\"inLanguage\":\"en-GB\",\"@id\":\"https:\/\/www.labectra.lt\/#\/schema\/logo\/image\/\",\"url\":\"https:\/\/www.labectra.lt\/wp-content\/uploads\/2019\/09\/Logo21.png\",\"contentUrl\":\"https:\/\/www.labectra.lt\/wp-content\/uploads\/2019\/09\/Logo21.png\",\"width\":392,\"height\":58,\"caption\":\"Labectra\"},\"image\":{\"@id\":\"https:\/\/www.labectra.lt\/#\/schema\/logo\/image\/\"}}]}<\/script>\n<!-- \/ Yoast SEO plugin. -->","yoast_head_json":{"title":"UHS 300 - Termin\u0117 \u012franga - Labectra","robots":{"index":"index","follow":"follow","max-snippet":"max-snippet:-1","max-image-preview":"max-image-preview:large","max-video-preview":"max-video-preview:-1"},"canonical":"https:\/\/www.labectra.lt\/en\/product\/uhs-300\/","og_locale":"en_GB","og_type":"article","og_title":"UHS 300 - Termin\u0117 \u012franga - Labectra","og_description":"Bendra informacija HALT- labai pagreitintas gyvenimo testavinmas. \u0160ios kameros skirtos atlikti bandymus su kuriais galima nustatyti gaminio tarnavimo laik\u0105, net po keli\u0173 cikl\u0173 galima pamatyti kaip j\u016bs\u0173 gaminys atrodys po met\u0173, kas yra labiausiai pavojingas j\u016bs\u0173 gaminiui taip j\u016bs greitai gausite atbulin\u012f ry\u0161\u012f sutrumpinsite produkto kurimo laik\u0105, pakeisdami nustatytas gaminio silpniausias vietas. Da\u017eniausiai \u0161is gaminys &hellip; UHS 300 Read More &raquo;","og_url":"https:\/\/www.labectra.lt\/en\/product\/uhs-300\/","og_site_name":"Termin\u0117 \u012franga - Labectra","article_modified_time":"2019-11-04T23:25:05+00:00","og_image":[{"width":465,"height":689,"url":"https:\/\/www.labectra.lt\/wp-content\/uploads\/2019\/09\/uhs-300.png","type":"image\/png"}],"twitter_card":"summary_large_image","twitter_misc":{"Estimated reading time":"1 minute"},"schema":{"@context":"https:\/\/schema.org","@graph":[{"@type":"WebPage","@id":"https:\/\/www.labectra.lt\/produktas\/uhs-300\/","url":"https:\/\/www.labectra.lt\/produktas\/uhs-300\/","name":"UHS 300 - Termin\u0117 \u012franga - Labectra","isPartOf":{"@id":"https:\/\/www.labectra.lt\/#website"},"datePublished":"2019-09-09T20:02:13+00:00","dateModified":"2019-11-04T23:25:05+00:00","breadcrumb":{"@id":"https:\/\/www.labectra.lt\/produktas\/uhs-300\/#breadcrumb"},"inLanguage":"en-GB","potentialAction":[{"@type":"ReadAction","target":["https:\/\/www.labectra.lt\/produktas\/uhs-300\/"]}]},{"@type":"BreadcrumbList","@id":"https:\/\/www.labectra.lt\/produktas\/uhs-300\/#breadcrumb","itemListElement":[{"@type":"ListItem","position":1,"name":"Home","item":"https:\/\/www.labectra.lt\/"},{"@type":"ListItem","position":2,"name":"Termin\u0117 \u012franga","item":"https:\/\/www.labectra.lt\/termine-iranga\/"},{"@type":"ListItem","position":3,"name":"UHS 300"}]},{"@type":"WebSite","@id":"https:\/\/www.labectra.lt\/#website","url":"https:\/\/www.labectra.lt\/","name":"Termin\u0117 \u012franga - Labectra","description":"J\u016bs\u0173 termin\u0117s \u012frangos tiek\u0117jas!","publisher":{"@id":"https:\/\/www.labectra.lt\/#organization"},"potentialAction":[{"@type":"SearchAction","target":{"@type":"EntryPoint","urlTemplate":"https:\/\/www.labectra.lt\/?s={search_term_string}"},"query-input":"required name=search_term_string"}],"inLanguage":"en-GB"},{"@type":"Organization","@id":"https:\/\/www.labectra.lt\/#organization","name":"Labectra","url":"https:\/\/www.labectra.lt\/","logo":{"@type":"ImageObject","inLanguage":"en-GB","@id":"https:\/\/www.labectra.lt\/#\/schema\/logo\/image\/","url":"https:\/\/www.labectra.lt\/wp-content\/uploads\/2019\/09\/Logo21.png","contentUrl":"https:\/\/www.labectra.lt\/wp-content\/uploads\/2019\/09\/Logo21.png","width":392,"height":58,"caption":"Labectra"},"image":{"@id":"https:\/\/www.labectra.lt\/#\/schema\/logo\/image\/"}}]}},"_links":{"self":[{"href":"https:\/\/www.labectra.lt\/en\/wp-json\/wp\/v2\/product\/2138"}],"collection":[{"href":"https:\/\/www.labectra.lt\/en\/wp-json\/wp\/v2\/product"}],"about":[{"href":"https:\/\/www.labectra.lt\/en\/wp-json\/wp\/v2\/types\/product"}],"wp:featuredmedia":[{"embeddable":true,"href":"https:\/\/www.labectra.lt\/en\/wp-json\/wp\/v2\/media\/1924"}],"wp:attachment":[{"href":"https:\/\/www.labectra.lt\/en\/wp-json\/wp\/v2\/media?parent=2138"}],"curies":[{"name":"wp","href":"https:\/\/api.w.org\/{rel}","templated":true}]}}