{"id":2139,"date":"2019-09-09T23:02:49","date_gmt":"2019-09-09T20:02:49","guid":{"rendered":"https:\/\/www.labectra.lt\/produktas\/kalorimetras\/"},"modified":"2019-11-05T01:24:56","modified_gmt":"2019-11-04T23:24:56","slug":"kalorimetras","status":"publish","type":"product","link":"https:\/\/www.labectra.lt\/en\/product\/kalorimetras\/","title":{"rendered":"Calorimeter"},"content":{"rendered":"<p>Angelantoni Industrie has decided to develop a line of standard calorimeters capable of covering practically all test and qualification needs for domestic air conditioning systems, both split and monoblock, either functioning exclusively as air conditioners or also as heat pumps.<\/p>\n<p>The calorimeters come complete with a software package, the product of years of experience in the field, which simplifies the running of the tests and provides an immediate reading of the significant parameters.\n\nThe software, in addition to processing the data to permit an immediate display of the testing progress, produces a report summarizing the results attained and stating the characteristics of the tested conditioner.\n<br \/><br \/>\n<b>PERSONALIZED SOLUTIONS<\/b>\n<br \/><br \/>\nAngelantoni has been operating in this sector for many years, producing numerous types of calorimeters for domestic air conditioning, from those developed in compliance with the requirements of international standards to highly-customized models, capable of assessing the performance and efficiency of the most varied air conditioning systems.\n <br \/><br \/>\nThe calorimeters for measuring the efficiency of automobile air conditioners make up another, very particular, category. Automobile air conditioners, characterized by geometries which depend on the car on which they are installed, very often require a calorimeter that is specifically designed and therefore highly customized. In some cases automobile manufacturers also ask for the possibility to simulate the extreme transient operating conditions to which conditioners are subjected.\n<br \/><br \/>The vast experience and know-how we have acquired enable us to meet these complex needs and produce test benches which are in strict compliance with the existing standards and regulations, up to prototype equipment for cutting-edge experimentation.<\/p>","protected":false},"excerpt":{"rendered":"<p>Angelantoni nusprend\u0117 i\u0161pl\u0117sti standartin\u0119 kalorimetr\u0173 linij\u0105 skirtus bandyti buitiniams kondicionieriams bei \u0161ilumos siurbliams. \u0160i \u012franga yra daugiausia naudojama nustatyti oro kondicionieri\u0173 efektyvum\u0105 taip pat siekiama nustatyti tinkam\u0105 \u0161ildymo au\u0161inimo paj\u0117gum\u0105 ir \u012frenginio dyd\u017eio santyk\u012f.<\/p>","protected":false},"featured_media":1929,"template":"","meta":[],"yoast_head":"<!-- This site is optimized with the Yoast SEO plugin v21.6 - https:\/\/yoast.com\/wordpress\/plugins\/seo\/ -->\n<title>Kalorimetras - Termin\u0117 \u012franga - Labectra<\/title>\n<meta name=\"robots\" content=\"index, follow, max-snippet:-1, max-image-preview:large, max-video-preview:-1\" \/>\n<link rel=\"canonical\" href=\"https:\/\/www.labectra.lt\/en\/product\/kalorimetras\/\" \/>\n<meta property=\"og:locale\" content=\"en_GB\" \/>\n<meta property=\"og:type\" content=\"article\" \/>\n<meta property=\"og:title\" content=\"Kalorimetras - Termin\u0117 \u012franga - Labectra\" \/>\n<meta property=\"og:description\" content=\"Angelantoni nusprend\u0117 i\u0161pl\u0117sti standartin\u0119 kalorimetr\u0173 linij\u0105 skirtus bandyti buitiniams kondicionieriams bei \u0161ilumos siurbliams. \u0160i \u012franga yra daugiausia naudojama nustatyti oro kondicionieri\u0173 efektyvum\u0105 taip pat siekiama nustatyti tinkam\u0105 \u0161ildymo au\u0161inimo paj\u0117gum\u0105 ir \u012frenginio dyd\u017eio santyk\u012f.\" \/>\n<meta property=\"og:url\" content=\"https:\/\/www.labectra.lt\/en\/product\/kalorimetras\/\" \/>\n<meta property=\"og:site_name\" content=\"Termin\u0117 \u012franga - Labectra\" \/>\n<meta property=\"article:modified_time\" content=\"2019-11-04T23:24:56+00:00\" \/>\n<meta property=\"og:image\" content=\"https:\/\/www.labectra.lt\/wp-content\/uploads\/2019\/09\/kalorimetras-1.jpg\" \/>\n\t<meta property=\"og:image:width\" content=\"763\" \/>\n\t<meta property=\"og:image:height\" content=\"351\" \/>\n\t<meta property=\"og:image:type\" content=\"image\/jpeg\" \/>\n<meta name=\"twitter:card\" content=\"summary_large_image\" \/>\n<script type=\"application\/ld+json\" class=\"yoast-schema-graph\">{\"@context\":\"https:\/\/schema.org\",\"@graph\":[{\"@type\":\"WebPage\",\"@id\":\"https:\/\/www.labectra.lt\/produktas\/kalorimetras\/\",\"url\":\"https:\/\/www.labectra.lt\/produktas\/kalorimetras\/\",\"name\":\"Kalorimetras - Termin\u0117 \u012franga - Labectra\",\"isPartOf\":{\"@id\":\"https:\/\/www.labectra.lt\/#website\"},\"datePublished\":\"2019-09-09T20:02:49+00:00\",\"dateModified\":\"2019-11-04T23:24:56+00:00\",\"breadcrumb\":{\"@id\":\"https:\/\/www.labectra.lt\/produktas\/kalorimetras\/#breadcrumb\"},\"inLanguage\":\"en-GB\",\"potentialAction\":[{\"@type\":\"ReadAction\",\"target\":[\"https:\/\/www.labectra.lt\/produktas\/kalorimetras\/\"]}]},{\"@type\":\"BreadcrumbList\",\"@id\":\"https:\/\/www.labectra.lt\/produktas\/kalorimetras\/#breadcrumb\",\"itemListElement\":[{\"@type\":\"ListItem\",\"position\":1,\"name\":\"Home\",\"item\":\"https:\/\/www.labectra.lt\/\"},{\"@type\":\"ListItem\",\"position\":2,\"name\":\"Termin\u0117 \u012franga\",\"item\":\"https:\/\/www.labectra.lt\/termine-iranga\/\"},{\"@type\":\"ListItem\",\"position\":3,\"name\":\"Kalorimetras\"}]},{\"@type\":\"WebSite\",\"@id\":\"https:\/\/www.labectra.lt\/#website\",\"url\":\"https:\/\/www.labectra.lt\/\",\"name\":\"Termin\u0117 \u012franga - Labectra\",\"description\":\"J\u016bs\u0173 termin\u0117s \u012frangos tiek\u0117jas!\",\"publisher\":{\"@id\":\"https:\/\/www.labectra.lt\/#organization\"},\"potentialAction\":[{\"@type\":\"SearchAction\",\"target\":{\"@type\":\"EntryPoint\",\"urlTemplate\":\"https:\/\/www.labectra.lt\/?s={search_term_string}\"},\"query-input\":\"required name=search_term_string\"}],\"inLanguage\":\"en-GB\"},{\"@type\":\"Organization\",\"@id\":\"https:\/\/www.labectra.lt\/#organization\",\"name\":\"Labectra\",\"url\":\"https:\/\/www.labectra.lt\/\",\"logo\":{\"@type\":\"ImageObject\",\"inLanguage\":\"en-GB\",\"@id\":\"https:\/\/www.labectra.lt\/#\/schema\/logo\/image\/\",\"url\":\"https:\/\/www.labectra.lt\/wp-content\/uploads\/2019\/09\/Logo21.png\",\"contentUrl\":\"https:\/\/www.labectra.lt\/wp-content\/uploads\/2019\/09\/Logo21.png\",\"width\":392,\"height\":58,\"caption\":\"Labectra\"},\"image\":{\"@id\":\"https:\/\/www.labectra.lt\/#\/schema\/logo\/image\/\"}}]}<\/script>\n<!-- \/ Yoast SEO plugin. -->","yoast_head_json":{"title":"Kalorimetras - Termin\u0117 \u012franga - Labectra","robots":{"index":"index","follow":"follow","max-snippet":"max-snippet:-1","max-image-preview":"max-image-preview:large","max-video-preview":"max-video-preview:-1"},"canonical":"https:\/\/www.labectra.lt\/en\/product\/kalorimetras\/","og_locale":"en_GB","og_type":"article","og_title":"Kalorimetras - Termin\u0117 \u012franga - Labectra","og_description":"Angelantoni nusprend\u0117 i\u0161pl\u0117sti standartin\u0119 kalorimetr\u0173 linij\u0105 skirtus bandyti buitiniams kondicionieriams bei \u0161ilumos siurbliams. \u0160i \u012franga yra daugiausia naudojama nustatyti oro kondicionieri\u0173 efektyvum\u0105 taip pat siekiama nustatyti tinkam\u0105 \u0161ildymo au\u0161inimo paj\u0117gum\u0105 ir \u012frenginio dyd\u017eio santyk\u012f.","og_url":"https:\/\/www.labectra.lt\/en\/product\/kalorimetras\/","og_site_name":"Termin\u0117 \u012franga - Labectra","article_modified_time":"2019-11-04T23:24:56+00:00","og_image":[{"width":763,"height":351,"url":"https:\/\/www.labectra.lt\/wp-content\/uploads\/2019\/09\/kalorimetras-1.jpg","type":"image\/jpeg"}],"twitter_card":"summary_large_image","schema":{"@context":"https:\/\/schema.org","@graph":[{"@type":"WebPage","@id":"https:\/\/www.labectra.lt\/produktas\/kalorimetras\/","url":"https:\/\/www.labectra.lt\/produktas\/kalorimetras\/","name":"Kalorimetras - Termin\u0117 \u012franga - Labectra","isPartOf":{"@id":"https:\/\/www.labectra.lt\/#website"},"datePublished":"2019-09-09T20:02:49+00:00","dateModified":"2019-11-04T23:24:56+00:00","breadcrumb":{"@id":"https:\/\/www.labectra.lt\/produktas\/kalorimetras\/#breadcrumb"},"inLanguage":"en-GB","potentialAction":[{"@type":"ReadAction","target":["https:\/\/www.labectra.lt\/produktas\/kalorimetras\/"]}]},{"@type":"BreadcrumbList","@id":"https:\/\/www.labectra.lt\/produktas\/kalorimetras\/#breadcrumb","itemListElement":[{"@type":"ListItem","position":1,"name":"Home","item":"https:\/\/www.labectra.lt\/"},{"@type":"ListItem","position":2,"name":"Termin\u0117 \u012franga","item":"https:\/\/www.labectra.lt\/termine-iranga\/"},{"@type":"ListItem","position":3,"name":"Kalorimetras"}]},{"@type":"WebSite","@id":"https:\/\/www.labectra.lt\/#website","url":"https:\/\/www.labectra.lt\/","name":"Termin\u0117 \u012franga - Labectra","description":"J\u016bs\u0173 termin\u0117s \u012frangos tiek\u0117jas!","publisher":{"@id":"https:\/\/www.labectra.lt\/#organization"},"potentialAction":[{"@type":"SearchAction","target":{"@type":"EntryPoint","urlTemplate":"https:\/\/www.labectra.lt\/?s={search_term_string}"},"query-input":"required name=search_term_string"}],"inLanguage":"en-GB"},{"@type":"Organization","@id":"https:\/\/www.labectra.lt\/#organization","name":"Labectra","url":"https:\/\/www.labectra.lt\/","logo":{"@type":"ImageObject","inLanguage":"en-GB","@id":"https:\/\/www.labectra.lt\/#\/schema\/logo\/image\/","url":"https:\/\/www.labectra.lt\/wp-content\/uploads\/2019\/09\/Logo21.png","contentUrl":"https:\/\/www.labectra.lt\/wp-content\/uploads\/2019\/09\/Logo21.png","width":392,"height":58,"caption":"Labectra"},"image":{"@id":"https:\/\/www.labectra.lt\/#\/schema\/logo\/image\/"}}]}},"_links":{"self":[{"href":"https:\/\/www.labectra.lt\/en\/wp-json\/wp\/v2\/product\/2139"}],"collection":[{"href":"https:\/\/www.labectra.lt\/en\/wp-json\/wp\/v2\/product"}],"about":[{"href":"https:\/\/www.labectra.lt\/en\/wp-json\/wp\/v2\/types\/product"}],"wp:featuredmedia":[{"embeddable":true,"href":"https:\/\/www.labectra.lt\/en\/wp-json\/wp\/v2\/media\/1929"}],"wp:attachment":[{"href":"https:\/\/www.labectra.lt\/en\/wp-json\/wp\/v2\/media?parent=2139"}],"curies":[{"name":"wp","href":"https:\/\/api.w.org\/{rel}","templated":true}]}}