{"id":2140,"date":"2019-09-09T23:03:32","date_gmt":"2019-09-09T20:03:32","guid":{"rendered":"https:\/\/www.labectra.lt\/produktas\/korozijos-bandymu-kameros\/"},"modified":"2019-11-05T01:24:45","modified_gmt":"2019-11-04T23:24:45","slug":"korozijos-bandymu-kameros","status":"publish","type":"product","link":"https:\/\/www.labectra.lt\/en\/product\/korozijos-bandymu-kameros\/","title":{"rendered":"Corrosion Test Cabinet"},"content":{"rendered":"<p>The new approach to corrosion diagnostics (DCTC\u00ae) has overcome the traditional concept of \"salt spray chambers\". Extremely reliable, the chamber allows to study the specimens undergoing incisive stress such as \"scab\" and \"filiform\" corrosion.<\/p>\n<p>The chamber is completely made of plastic anti-corrosion materials ensuring endurance and perfect seal over time. The two models available, \"basic\" and \"programmable\" (P), differ in their control systems: the \"basic\" version features a manual control system whereas the P version is equipped with a \u00b5PLC-based control system, complete with 5-function keyboard and a display allowing tests to be carried out automatically.<\/p>\n<p>Bazin\u0117 versija turi rankin\u012f temperat\u016bros valdym\u0105\u00a0 bei laikmat\u012f kuris nustatomas rankiniu b\u016bdu taip pat.<\/p>\n<p>Programuojama versija turi jietimui jautr\u0173 ekran\u0105 kuriame galima nustatyti visus reikiamus parametrus tokius kaip temperat\u016br\u0105, i\u0161laikym\u0105 bei cikl\u0173 skai\u010di\u0173.<\/p>\n<p><b>Features:<\/b><\/p>\n<p>High-resolution dosage and high-precision spraying of the saline solution (atomization).<\/p>\n<p>Fully-transparent hood with servo-assisted opening and automatic stop of the running test.<\/p>\n<p>Detachable lateral modules for easy introduction into small rooms or for the upgrade of the test compartment from 600 to 1200 litres.<\/p>\n<p>Automatic system for the reduction of fumes in the test compartment (P).<\/p>\n<p>Regulating-valve manometer for the control of compressed air flow.<\/p>\n<p>Flowmeter for the reading of the saline solution flow.<\/p>\n<hr id=\"system-readmore\" \/>\n<table width=\"705\">\n<tbody>\n<tr>\n<td>External material<\/td>\n<td>Model<\/td>\n<td>Chamber width, mm<\/td>\n<td>Chamber deep, mm<\/td>\n<td>Chamber height mm,<\/td>\n<td>Chamber height * mm<\/td>\n<td>External dimension, mm WxDxH<\/td>\n<td>Weight, kg<\/td>\n<td>Power, kW<\/td>\n<td>Voltage<\/td>\n<\/tr>\n<tr>\n<td>Plastic<\/td>\n<td>DCTC 600 (P)<\/td>\n<td>900<\/td>\n<td>650<\/td>\n<td>820<\/td>\n<td>1100<\/td>\n<td>1880x850x1290<\/td>\n<td>250<\/td>\n<td>2,5<\/td>\n<td>230V\/50Hz<\/td>\n<\/tr>\n<tr>\n<td>Plastic<\/td>\n<td>DCTC 1200 (P)<\/td>\n<td>1700<\/td>\n<td>650<\/td>\n<td>820<\/td>\n<td>110<\/td>\n<td>2680x850x1290<\/td>\n<td>350<\/td>\n<td>3,5<\/td>\n<td>230V\/50Hz<\/td>\n<\/tr>\n<tr>\n<td>Stainless steel frame with prepainted galvanized steel panels<\/td>\n<td>DCTC 2300 (P)<\/td>\n<td>\u00a02000<\/td>\n<td>\u00a01000<\/td>\n<td>\u00a01000<\/td>\n<td>\u00a01350<\/td>\n<td>\u00a03085x1510x1575<\/td>\n<td>\u00a0450<\/td>\n<td>\u00a06,0<\/td>\n<td>\u00a0400V\/50Hz\/3 phase<\/td>\n<\/tr>\n<tr>\n<td><\/td>\n<td>DCTC 5500 (P)<\/td>\n<td>\u00a03000<\/td>\n<td>\u00a01300<\/td>\n<td>\u00a01150<\/td>\n<td>\u00a01150<\/td>\n<td>\u00a03500x1600x1860<\/td>\n<td>\u00a01000<\/td>\n<td>\u00a09<\/td>\n<td>\u00a0400V\/50Hz\/3 phase<\/td>\n<\/tr>\n<tr>\n<td><\/td>\n<td>DCTC 7900 (P)<\/td>\n<td>\u00a03000<\/td>\n<td>\u00a01500<\/td>\n<td>\u00a01100<\/td>\n<td>\u00a01420<\/td>\n<td>\u00a03780x1780x1865<\/td>\n<td>\u00a01500<\/td>\n<td>\u00a015<\/td>\n<td>\u00a0400V\/50Hz\/3 phase<\/td>\n<\/tr>\n<\/tbody>\n<\/table>","protected":false},"excerpt":{"rendered":"<p>Bene jautrausios vietos korozijai yra sujungimo vietos vieno metalo su kitu bei suvirinimo si\u016bl\u0117s. Su \u0161iomis labai patikimomis korozijos bandym\u0173 kameromis galima tyrin\u0117ti bandinius ir nustatyti kaip antikorozon\u0117s dangos apsaugo metalinius pavir\u0161ius ir kaip jos veikia jautrausias bandinio\u00a0 vietas. Kamera pagaminta i\u0161 chemijai atsparaus plastiko, kameros med\u017eiaga tvirta ir u\u017etikrinanti sandarum\u0105 ilg\u0105 laik\u0105. Galima pasirinkti &hellip;<\/p>\n<p class=\"read-more\"> <a class=\"\" href=\"https:\/\/www.labectra.lt\/en\/product\/korozijos-bandymu-kameros\/\"> <span class=\"screen-reader-text\">Corrosion Test Cabinet<\/span> Read More &raquo;<\/a><\/p>","protected":false},"featured_media":1942,"template":"","meta":[],"yoast_head":"<!-- This site is optimized with the Yoast SEO plugin v21.6 - https:\/\/yoast.com\/wordpress\/plugins\/seo\/ -->\n<title>Korozijos bandym\u0173 kameros - Termin\u0117 \u012franga - Labectra<\/title>\n<meta name=\"robots\" content=\"index, follow, max-snippet:-1, max-image-preview:large, max-video-preview:-1\" \/>\n<link rel=\"canonical\" href=\"https:\/\/www.labectra.lt\/en\/product\/korozijos-bandymu-kameros\/\" \/>\n<meta property=\"og:locale\" content=\"en_GB\" \/>\n<meta property=\"og:type\" content=\"article\" \/>\n<meta property=\"og:title\" content=\"Korozijos bandym\u0173 kameros - Termin\u0117 \u012franga - Labectra\" \/>\n<meta property=\"og:description\" content=\"Bene jautrausios vietos korozijai yra sujungimo vietos vieno metalo su kitu bei suvirinimo si\u016bl\u0117s. Su \u0161iomis labai patikimomis korozijos bandym\u0173 kameromis galima tyrin\u0117ti bandinius ir nustatyti kaip antikorozon\u0117s dangos apsaugo metalinius pavir\u0161ius ir kaip jos veikia jautrausias bandinio\u00a0 vietas. Kamera pagaminta i\u0161 chemijai atsparaus plastiko, kameros med\u017eiaga tvirta ir u\u017etikrinanti sandarum\u0105 ilg\u0105 laik\u0105. Galima pasirinkti &hellip; Korozijos bandym\u0173 kameros Read More &raquo;\" \/>\n<meta property=\"og:url\" content=\"https:\/\/www.labectra.lt\/en\/product\/korozijos-bandymu-kameros\/\" \/>\n<meta property=\"og:site_name\" content=\"Termin\u0117 \u012franga - Labectra\" \/>\n<meta property=\"article:modified_time\" content=\"2019-11-04T23:24:45+00:00\" \/>\n<meta property=\"og:image\" content=\"https:\/\/www.labectra.lt\/wp-content\/uploads\/2019\/09\/korozijos-bandymu-kameros-1.jpg\" \/>\n\t<meta property=\"og:image:width\" content=\"700\" \/>\n\t<meta property=\"og:image:height\" content=\"500\" \/>\n\t<meta property=\"og:image:type\" content=\"image\/jpeg\" \/>\n<meta name=\"twitter:card\" content=\"summary_large_image\" \/>\n<meta name=\"twitter:label1\" content=\"Estimated reading time\" \/>\n\t<meta name=\"twitter:data1\" content=\"1 minute\" \/>\n<script type=\"application\/ld+json\" class=\"yoast-schema-graph\">{\"@context\":\"https:\/\/schema.org\",\"@graph\":[{\"@type\":\"WebPage\",\"@id\":\"https:\/\/www.labectra.lt\/produktas\/korozijos-bandymu-kameros\/\",\"url\":\"https:\/\/www.labectra.lt\/produktas\/korozijos-bandymu-kameros\/\",\"name\":\"Korozijos bandym\u0173 kameros - Termin\u0117 \u012franga - Labectra\",\"isPartOf\":{\"@id\":\"https:\/\/www.labectra.lt\/#website\"},\"datePublished\":\"2019-09-09T20:03:32+00:00\",\"dateModified\":\"2019-11-04T23:24:45+00:00\",\"breadcrumb\":{\"@id\":\"https:\/\/www.labectra.lt\/produktas\/korozijos-bandymu-kameros\/#breadcrumb\"},\"inLanguage\":\"en-GB\",\"potentialAction\":[{\"@type\":\"ReadAction\",\"target\":[\"https:\/\/www.labectra.lt\/produktas\/korozijos-bandymu-kameros\/\"]}]},{\"@type\":\"BreadcrumbList\",\"@id\":\"https:\/\/www.labectra.lt\/produktas\/korozijos-bandymu-kameros\/#breadcrumb\",\"itemListElement\":[{\"@type\":\"ListItem\",\"position\":1,\"name\":\"Home\",\"item\":\"https:\/\/www.labectra.lt\/\"},{\"@type\":\"ListItem\",\"position\":2,\"name\":\"Termin\u0117 \u012franga\",\"item\":\"https:\/\/www.labectra.lt\/termine-iranga\/\"},{\"@type\":\"ListItem\",\"position\":3,\"name\":\"Korozijos bandym\u0173 kameros\"}]},{\"@type\":\"WebSite\",\"@id\":\"https:\/\/www.labectra.lt\/#website\",\"url\":\"https:\/\/www.labectra.lt\/\",\"name\":\"Termin\u0117 \u012franga - Labectra\",\"description\":\"J\u016bs\u0173 termin\u0117s \u012frangos tiek\u0117jas!\",\"publisher\":{\"@id\":\"https:\/\/www.labectra.lt\/#organization\"},\"potentialAction\":[{\"@type\":\"SearchAction\",\"target\":{\"@type\":\"EntryPoint\",\"urlTemplate\":\"https:\/\/www.labectra.lt\/?s={search_term_string}\"},\"query-input\":\"required name=search_term_string\"}],\"inLanguage\":\"en-GB\"},{\"@type\":\"Organization\",\"@id\":\"https:\/\/www.labectra.lt\/#organization\",\"name\":\"Labectra\",\"url\":\"https:\/\/www.labectra.lt\/\",\"logo\":{\"@type\":\"ImageObject\",\"inLanguage\":\"en-GB\",\"@id\":\"https:\/\/www.labectra.lt\/#\/schema\/logo\/image\/\",\"url\":\"https:\/\/www.labectra.lt\/wp-content\/uploads\/2019\/09\/Logo21.png\",\"contentUrl\":\"https:\/\/www.labectra.lt\/wp-content\/uploads\/2019\/09\/Logo21.png\",\"width\":392,\"height\":58,\"caption\":\"Labectra\"},\"image\":{\"@id\":\"https:\/\/www.labectra.lt\/#\/schema\/logo\/image\/\"}}]}<\/script>\n<!-- \/ Yoast SEO plugin. -->","yoast_head_json":{"title":"Korozijos bandym\u0173 kameros - Termin\u0117 \u012franga - Labectra","robots":{"index":"index","follow":"follow","max-snippet":"max-snippet:-1","max-image-preview":"max-image-preview:large","max-video-preview":"max-video-preview:-1"},"canonical":"https:\/\/www.labectra.lt\/en\/product\/korozijos-bandymu-kameros\/","og_locale":"en_GB","og_type":"article","og_title":"Korozijos bandym\u0173 kameros - Termin\u0117 \u012franga - Labectra","og_description":"Bene jautrausios vietos korozijai yra sujungimo vietos vieno metalo su kitu bei suvirinimo si\u016bl\u0117s. Su \u0161iomis labai patikimomis korozijos bandym\u0173 kameromis galima tyrin\u0117ti bandinius ir nustatyti kaip antikorozon\u0117s dangos apsaugo metalinius pavir\u0161ius ir kaip jos veikia jautrausias bandinio\u00a0 vietas. Kamera pagaminta i\u0161 chemijai atsparaus plastiko, kameros med\u017eiaga tvirta ir u\u017etikrinanti sandarum\u0105 ilg\u0105 laik\u0105. Galima pasirinkti &hellip; Korozijos bandym\u0173 kameros Read More &raquo;","og_url":"https:\/\/www.labectra.lt\/en\/product\/korozijos-bandymu-kameros\/","og_site_name":"Termin\u0117 \u012franga - Labectra","article_modified_time":"2019-11-04T23:24:45+00:00","og_image":[{"width":700,"height":500,"url":"https:\/\/www.labectra.lt\/wp-content\/uploads\/2019\/09\/korozijos-bandymu-kameros-1.jpg","type":"image\/jpeg"}],"twitter_card":"summary_large_image","twitter_misc":{"Estimated reading time":"1 minute"},"schema":{"@context":"https:\/\/schema.org","@graph":[{"@type":"WebPage","@id":"https:\/\/www.labectra.lt\/produktas\/korozijos-bandymu-kameros\/","url":"https:\/\/www.labectra.lt\/produktas\/korozijos-bandymu-kameros\/","name":"Korozijos bandym\u0173 kameros - Termin\u0117 \u012franga - Labectra","isPartOf":{"@id":"https:\/\/www.labectra.lt\/#website"},"datePublished":"2019-09-09T20:03:32+00:00","dateModified":"2019-11-04T23:24:45+00:00","breadcrumb":{"@id":"https:\/\/www.labectra.lt\/produktas\/korozijos-bandymu-kameros\/#breadcrumb"},"inLanguage":"en-GB","potentialAction":[{"@type":"ReadAction","target":["https:\/\/www.labectra.lt\/produktas\/korozijos-bandymu-kameros\/"]}]},{"@type":"BreadcrumbList","@id":"https:\/\/www.labectra.lt\/produktas\/korozijos-bandymu-kameros\/#breadcrumb","itemListElement":[{"@type":"ListItem","position":1,"name":"Home","item":"https:\/\/www.labectra.lt\/"},{"@type":"ListItem","position":2,"name":"Termin\u0117 \u012franga","item":"https:\/\/www.labectra.lt\/termine-iranga\/"},{"@type":"ListItem","position":3,"name":"Korozijos bandym\u0173 kameros"}]},{"@type":"WebSite","@id":"https:\/\/www.labectra.lt\/#website","url":"https:\/\/www.labectra.lt\/","name":"Termin\u0117 \u012franga - Labectra","description":"J\u016bs\u0173 termin\u0117s \u012frangos tiek\u0117jas!","publisher":{"@id":"https:\/\/www.labectra.lt\/#organization"},"potentialAction":[{"@type":"SearchAction","target":{"@type":"EntryPoint","urlTemplate":"https:\/\/www.labectra.lt\/?s={search_term_string}"},"query-input":"required name=search_term_string"}],"inLanguage":"en-GB"},{"@type":"Organization","@id":"https:\/\/www.labectra.lt\/#organization","name":"Labectra","url":"https:\/\/www.labectra.lt\/","logo":{"@type":"ImageObject","inLanguage":"en-GB","@id":"https:\/\/www.labectra.lt\/#\/schema\/logo\/image\/","url":"https:\/\/www.labectra.lt\/wp-content\/uploads\/2019\/09\/Logo21.png","contentUrl":"https:\/\/www.labectra.lt\/wp-content\/uploads\/2019\/09\/Logo21.png","width":392,"height":58,"caption":"Labectra"},"image":{"@id":"https:\/\/www.labectra.lt\/#\/schema\/logo\/image\/"}}]}},"_links":{"self":[{"href":"https:\/\/www.labectra.lt\/en\/wp-json\/wp\/v2\/product\/2140"}],"collection":[{"href":"https:\/\/www.labectra.lt\/en\/wp-json\/wp\/v2\/product"}],"about":[{"href":"https:\/\/www.labectra.lt\/en\/wp-json\/wp\/v2\/types\/product"}],"wp:featuredmedia":[{"embeddable":true,"href":"https:\/\/www.labectra.lt\/en\/wp-json\/wp\/v2\/media\/1942"}],"wp:attachment":[{"href":"https:\/\/www.labectra.lt\/en\/wp-json\/wp\/v2\/media?parent=2140"}],"curies":[{"name":"wp","href":"https:\/\/api.w.org\/{rel}","templated":true}]}}