{"id":2143,"date":"2019-09-09T23:10:43","date_gmt":"2019-09-09T20:10:43","guid":{"rendered":"https:\/\/www.labectra.lt\/produktas\/klimatine-kamera-dy110\/"},"modified":"2019-11-05T01:31:14","modified_gmt":"2019-11-04T23:31:14","slug":"klimatine-kamera-dy110","status":"publish","type":"product","link":"https:\/\/www.labectra.lt\/en\/product\/klimatine-kamera-dy110\/","title":{"rendered":"Discovery Climatic Chamber DY110"},"content":{"rendered":"<p>This line of chambers is climatic version (temperature and humidity); 112 liters; [-40\u00b0C; +180\u00b0C]<\/p>\n<p style=\"font-weight: 400;\"><b><strong>GENERAL INFORMATION<\/strong><\/b><\/p>\n<p style=\"font-weight: 400;\">\u00a0\u2013 Useful capacity: 112 l<\/p>\n<p style=\"font-weight: 400;\">\u00a0\u2013 Internal dimensions (WxDxH): 548x460x447 mm<\/p>\n<p style=\"font-weight: 400;\">\u00a0\u2013 Ext. dimensions (WxDxH): 880x1065x1380 mm (with wheels table: 904x1120x1937)<\/p>\n<p style=\"font-weight: 400;\">\u00a0- Rated power: 3.5 kW<\/p>\n<p style=\"font-weight: 400;\">\u2013 Rated current absorption: 19A<\/p>\n<p style=\"font-weight: 400;\">\u00a0\u2013 Voltage: 230 V \u00b110%\/50Hz\/1ph + G<\/p>\n<p style=\"font-weight: 400;\">\u00a0- Noise: 58 dBA (measured at 1 m from the front wall in a non reverberating room)<\/p>\n<p style=\"font-weight: 400;\">- Weight: 385 kg<\/p>\n<p style=\"font-weight: 400;\"><b><strong>PERFORMANCES<\/strong><\/b><\/p>\n<p style=\"font-weight: 400;\">(measured at room temperature of 22\u00b0C and empty working space)<\/p>\n<p style=\"font-weight: 400;\">\u2013 Temperature range: [-40\u00b0C; +180\u00b0C]<\/p>\n<p style=\"font-weight: 400;\">according to IEC 60068-3-5, IEC 60068-3-6<\/p>\n<p style=\"font-weight: 400;\">\u2013 Relative Humidity range: from 10% to 95% within the temperature range [+10\u00b0C; +95\u00b0C]<\/p>\n<p style=\"font-weight: 400;\">\u2013 Dew Point range: from +2\u00b0C to +93\u00b0C for continuous tests in the T range [+20\u00b0C; +95\u00b0C] and for short periods in the T range [+10\u00b0C; +20\u00b0C] ; down to -20\u00b0C for limited periods based on starting conditions and foreseen testing time<\/p>\n<p style=\"font-weight: 400;\">\u00a0\u2013 Temperature Fluctuation: \u00b10,1\u00b0C... \u00b10,3\u00b0C<\/p>\n<p style=\"font-weight: 400;\">\u2013 Temperature Rate of Change (measured at the control probe):<\/p>\n<p style=\"font-weight: 400;\">Heating = 3.2\u00b0C\/min. from -40\u00b0C to +180\u00b0C<\/p>\n<p style=\"font-weight: 400;\">Cooling = 4\u00b0C\/min. from +180\u00b0C to -40\u00b0C<\/p>\n<p style=\"font-weight: 400;\">\u2013 Thermal Load at -25\u00b0C: 100 W<\/p>\n<p style=\"font-weight: 400;\">\u2013 Relative Humidity Fluctuation \u00b11%...\u00b13%<\/p>\n<p style=\"font-weight: 400;\"><b><strong>CONTROLS<\/strong><\/b><\/p>\n<p style=\"font-weight: 400;\">controlled by PLC and \"KeyKratos Plus\" touchscreen on the door.<\/p>\n<p style=\"font-weight: 400;\">Memory capacity to 1000 cycles with 350 segments.<\/p>\n<p style=\"font-weight: 400;\">Unlimited real time recording of temperature and humidity versus time.<\/p>\n<p style=\"font-weight: 400;\">\u00a0Recordings in CSV format (Comma Separated Value) for easy export to Excel\u00ae from Memory Card to Pendrive via USB interface placed on the front panel (program files are easily convertible into graphic format).<\/p>\n<p style=\"font-weight: 400;\">\u00a0A trend chart for recorded variables available with a scale from -100\/+200.<\/p>\n<p style=\"font-weight: 400;\">Messages on scheduled maintenance activities.<\/p>\n<p style=\"font-weight: 400;\">Synoptic graphs for the chamber, humidity, low stage refrigeration and high stage refrigeration.<\/p>\n<p style=\"font-weight: 400;\">\n<p style=\"font-weight: 400;\"><b><strong><strong><b>THE BASIC CONFIGURATION INCLUDES:<\/b><\/strong><\/strong><\/b><\/p>\n<p style=\"font-weight: 400;\">* Mechanical door closers<\/p>\n<p style=\"font-weight: 400;\">* 300x300 mm multipane inspection window<\/p>\n<p style=\"font-weight: 400;\">* Self feeding system<\/p>\n<p style=\"font-weight: 400;\">* n\u00b0 1 shelf<\/p>\n<p style=\"font-weight: 400;\">* n\u00b0 1 lateral porthole (diam. 80 mm) on the right side<\/p>\n<p style=\"font-weight: 400;\">* lnternal lighting<\/p>\n<p style=\"font-weight: 400;\">* Air condenser<\/p>\n<p style=\"font-weight: 400;\">* RH measurement by capacitive probe<\/p>\n<p style=\"font-weight: 400;\">* RS232 interface<\/p>\n<p style=\"font-weight: 400;\">* Ethernet port<\/p>\n<p style=\"font-weight: 400;\">* Digital undertemperature\/overtemperature switch with indipendent probe<\/p>\n<p style=\"font-weight: 400;\">* T &amp; RH analogic retransmission<\/p>\n<p style=\"font-weight: 400;\">* T analogic retransmission<\/p>\n<p style=\"font-weight: 400;\">* no. 1 auxiliary contact (specimens)<\/p>\n<p style=\"font-weight: 400;\">* Connection to UPS<\/p>\n<p style=\"font-weight: 400;\">The software source code and the relative documentation are not included.<\/p>\n<p style=\"font-weight: 400;\">\u00a0<a name=\"_Toc375213584\"><\/a>PAPILDOMAS PASIRINKIMAS DY110<\/p>\n<table width=\"100%\">\n<thead>\n<tr>\n<td width=\"16%\">Code<\/td>\n<td width=\"83%\">Name<\/td>\n<\/tr>\n<\/thead>\n<tbody>\n<tr>\n<td width=\"16%\">18AX0007<\/td>\n<td width=\"83%\">CE MARK (INCLUDING EMC) (for 110 l)<\/td>\n<\/tr>\n<tr>\n<td width=\"16%\">18AX0016<\/td>\n<td width=\"83%\">SUPPORTING TABLE WITH WHEELS (for 110 l) chamber fixed on the table, overall dims: mm 904x1120x1937 (LxDxH)<\/td>\n<\/tr>\n<tr>\n<td width=\"16%\">18AX0025<\/td>\n<td width=\"83%\">SET OF NO. 4 ANALOGIC INPUTS 0\u00f710V FOR USER'S DATA ACQUISITION (no. 1 set max.)<\/td>\n<\/tr>\n<tr>\n<td width=\"16%\">18AX0026<\/td>\n<td width=\"83%\">SET OF NO. 4 PT100 INPUTS (no. 1 set max.)<\/td>\n<\/tr>\n<tr>\n<td width=\"16%\">18AX0027<\/td>\n<td width=\"83%\">SET OF NO. 8 AUXILIARY CONTACTS (no. 1 set max.) (16, 60 l excluded)<\/td>\n<\/tr>\n<tr>\n<td width=\"16%\">18AX0074<\/td>\n<td width=\"83%\">ULTRAVIOLET RAY LAMP (for 110 l)<\/td>\n<\/tr>\n<tr>\n<td width=\"16%\">18AX0089<\/td>\n<td width=\"83%\">INTERNAL SHELF 110 l<\/td>\n<\/tr>\n<tr>\n<td width=\"16%\">18AX0111<\/td>\n<td width=\"83%\">80 MM PORTHOLE &gt;=110 l<\/td>\n<\/tr>\n<tr>\n<td width=\"16%\">18AX0123<\/td>\n<td width=\"83%\">OVERPRICE FOR SPECIAL VOLTAGES ON REQUEST<\/td>\n<\/tr>\n<tr>\n<td width=\"16%\">18AX0140<\/td>\n<td width=\"83%\">WINKRATOS S\/W (WINDOWS) FOR ONE CHAMBER REMOTE CONTROL BY PC (via Ethernet)<\/td>\n<\/tr>\n<tr>\n<td width=\"16%\">18AX0141<\/td>\n<td width=\"83%\">P.C. COMPLETE WITH WINKRATOS S\/W (WINDOWS) FOR ONE CHAMBER REMOTE CONTROL (via Ethernet)<\/td>\n<\/tr>\n<tr>\n<td width=\"16%\">18AX0142<\/td>\n<td width=\"83%\">WINKRATOS S\/W (WINDOWS) FOR MULTICHAMBER CHAMBER REMOTE CONTROL BY PC (via Ethernet, max 16 chambers)<\/td>\n<\/tr>\n<tr>\n<td width=\"16%\">18AX0146<\/td>\n<td width=\"83%\">P.C. COMPLETE WITH WINKRATOS S\/W (Windows) FOR MULTICHAMBER REMOTE CONTROL (via Ethernet, max 16 chambers)<\/td>\n<\/tr>\n<tr>\n<td width=\"16%\">18AX0151<\/td>\n<td width=\"83%\">WINKRATOS S\/W (WINDOWS) FOR MULTICHAMBER CHAMBER REMOTE CONTROL BY PC (via RS232 or RS485 or RS422, max 16 chambers) ON REQUEST<\/td>\n<\/tr>\n<tr>\n<td width=\"16%\">18AX1290<\/td>\n<td width=\"83%\">NO BREAK POWER UNIT FOR PLC 110 l<\/td>\n<\/tr>\n<tr>\n<td width=\"16%\">18AX1291<\/td>\n<td width=\"83%\">SPECIMEN SWITCHING OFF IN CASE OF CHAMBER ALARM 110 l<\/td>\n<\/tr>\n<\/tbody>\n<\/table>\n<p style=\"font-weight: 400;\">","protected":false},"excerpt":{"rendered":"<p>\u0160ios linijos 112 litr\u0173 klimato kameros modelis gali valdyti temperat\u016br\u0105 [-40\u00b0C; +180\u00b0C] ir dr\u0117gm\u0119 10-95 %. BENDRA INFORMACIJA \u00a0&#8211; Naudinga talpa: 112 l \u00a0&#8211; Vidiniai kamaros matmenys (PxGxA): 548x460x447 mm \u00a0&#8211; I\u0161oriniai matmenys (PxGxA):\u00a0 (WxDxH): 880x1065x1380 mm (su stalu ir ratukais: 904x1120x1937 mm) \u00a0&#8211; El. Galia: 3,5 kW &#8211; Nominali srov\u0117 19A \u00a0&#8211; \u012etampa: 230 &hellip;<\/p>\n<p class=\"read-more\"> <a class=\"\" href=\"https:\/\/www.labectra.lt\/en\/product\/klimatine-kamera-dy110\/\"> <span class=\"screen-reader-text\">Discovery Climatic Chamber DY110<\/span> Read More &raquo;<\/a><\/p>","protected":false},"featured_media":1933,"template":"","meta":[],"yoast_head":"<!-- This site is optimized with the Yoast SEO plugin v21.6 - https:\/\/yoast.com\/wordpress\/plugins\/seo\/ -->\n<title>Klimatin\u0117 kamera DY110 - Termin\u0117 \u012franga - Labectra<\/title>\n<meta name=\"robots\" content=\"index, follow, max-snippet:-1, max-image-preview:large, max-video-preview:-1\" \/>\n<link rel=\"canonical\" href=\"https:\/\/www.labectra.lt\/en\/product\/klimatine-kamera-dy110\/\" \/>\n<meta property=\"og:locale\" content=\"en_GB\" \/>\n<meta property=\"og:type\" content=\"article\" \/>\n<meta property=\"og:title\" content=\"Klimatin\u0117 kamera DY110 - Termin\u0117 \u012franga - Labectra\" \/>\n<meta property=\"og:description\" content=\"\u0160ios linijos 112 litr\u0173 klimato kameros modelis gali valdyti temperat\u016br\u0105 [-40\u00b0C; +180\u00b0C] ir dr\u0117gm\u0119 10-95 %. BENDRA INFORMACIJA \u00a0&#8211; Naudinga talpa: 112 l \u00a0&#8211; Vidiniai kamaros matmenys (PxGxA): 548x460x447 mm \u00a0&#8211; I\u0161oriniai matmenys (PxGxA):\u00a0 (WxDxH): 880x1065x1380 mm (su stalu ir ratukais: 904x1120x1937 mm) \u00a0&#8211; El. Galia: 3,5 kW &#8211; Nominali srov\u0117 19A \u00a0&#8211; \u012etampa: 230 &hellip; Klimatin\u0117 kamera DY110 Read More &raquo;\" \/>\n<meta property=\"og:url\" content=\"https:\/\/www.labectra.lt\/en\/product\/klimatine-kamera-dy110\/\" \/>\n<meta property=\"og:site_name\" content=\"Termin\u0117 \u012franga - Labectra\" \/>\n<meta property=\"article:modified_time\" content=\"2019-11-04T23:31:14+00:00\" \/>\n<meta property=\"og:image\" content=\"https:\/\/www.labectra.lt\/wp-content\/uploads\/2019\/09\/klimatine-termostatine-kamera-dy110-dy110t-dy110t.jpg\" \/>\n\t<meta property=\"og:image:width\" content=\"344\" \/>\n\t<meta property=\"og:image:height\" content=\"500\" \/>\n\t<meta property=\"og:image:type\" content=\"image\/jpeg\" \/>\n<meta name=\"twitter:card\" content=\"summary_large_image\" \/>\n<meta name=\"twitter:label1\" content=\"Estimated reading time\" \/>\n\t<meta name=\"twitter:data1\" content=\"3 minutes\" \/>\n<script type=\"application\/ld+json\" class=\"yoast-schema-graph\">{\"@context\":\"https:\/\/schema.org\",\"@graph\":[{\"@type\":\"WebPage\",\"@id\":\"https:\/\/www.labectra.lt\/produktas\/klimatine-kamera-dy110\/\",\"url\":\"https:\/\/www.labectra.lt\/produktas\/klimatine-kamera-dy110\/\",\"name\":\"Klimatin\u0117 kamera DY110 - Termin\u0117 \u012franga - Labectra\",\"isPartOf\":{\"@id\":\"https:\/\/www.labectra.lt\/#website\"},\"datePublished\":\"2019-09-09T20:10:43+00:00\",\"dateModified\":\"2019-11-04T23:31:14+00:00\",\"breadcrumb\":{\"@id\":\"https:\/\/www.labectra.lt\/produktas\/klimatine-kamera-dy110\/#breadcrumb\"},\"inLanguage\":\"en-GB\",\"potentialAction\":[{\"@type\":\"ReadAction\",\"target\":[\"https:\/\/www.labectra.lt\/produktas\/klimatine-kamera-dy110\/\"]}]},{\"@type\":\"BreadcrumbList\",\"@id\":\"https:\/\/www.labectra.lt\/produktas\/klimatine-kamera-dy110\/#breadcrumb\",\"itemListElement\":[{\"@type\":\"ListItem\",\"position\":1,\"name\":\"Home\",\"item\":\"https:\/\/www.labectra.lt\/\"},{\"@type\":\"ListItem\",\"position\":2,\"name\":\"Termin\u0117 \u012franga\",\"item\":\"https:\/\/www.labectra.lt\/termine-iranga\/\"},{\"@type\":\"ListItem\",\"position\":3,\"name\":\"Klimatin\u0117 kamera DY110\"}]},{\"@type\":\"WebSite\",\"@id\":\"https:\/\/www.labectra.lt\/#website\",\"url\":\"https:\/\/www.labectra.lt\/\",\"name\":\"Termin\u0117 \u012franga - Labectra\",\"description\":\"J\u016bs\u0173 termin\u0117s \u012frangos tiek\u0117jas!\",\"publisher\":{\"@id\":\"https:\/\/www.labectra.lt\/#organization\"},\"potentialAction\":[{\"@type\":\"SearchAction\",\"target\":{\"@type\":\"EntryPoint\",\"urlTemplate\":\"https:\/\/www.labectra.lt\/?s={search_term_string}\"},\"query-input\":\"required name=search_term_string\"}],\"inLanguage\":\"en-GB\"},{\"@type\":\"Organization\",\"@id\":\"https:\/\/www.labectra.lt\/#organization\",\"name\":\"Labectra\",\"url\":\"https:\/\/www.labectra.lt\/\",\"logo\":{\"@type\":\"ImageObject\",\"inLanguage\":\"en-GB\",\"@id\":\"https:\/\/www.labectra.lt\/#\/schema\/logo\/image\/\",\"url\":\"https:\/\/www.labectra.lt\/wp-content\/uploads\/2019\/09\/Logo21.png\",\"contentUrl\":\"https:\/\/www.labectra.lt\/wp-content\/uploads\/2019\/09\/Logo21.png\",\"width\":392,\"height\":58,\"caption\":\"Labectra\"},\"image\":{\"@id\":\"https:\/\/www.labectra.lt\/#\/schema\/logo\/image\/\"}}]}<\/script>\n<!-- \/ Yoast SEO plugin. -->","yoast_head_json":{"title":"Klimatin\u0117 kamera DY110 - Termin\u0117 \u012franga - Labectra","robots":{"index":"index","follow":"follow","max-snippet":"max-snippet:-1","max-image-preview":"max-image-preview:large","max-video-preview":"max-video-preview:-1"},"canonical":"https:\/\/www.labectra.lt\/en\/product\/klimatine-kamera-dy110\/","og_locale":"en_GB","og_type":"article","og_title":"Klimatin\u0117 kamera DY110 - Termin\u0117 \u012franga - Labectra","og_description":"\u0160ios linijos 112 litr\u0173 klimato kameros modelis gali valdyti temperat\u016br\u0105 [-40\u00b0C; +180\u00b0C] ir dr\u0117gm\u0119 10-95 %. BENDRA INFORMACIJA \u00a0&#8211; Naudinga talpa: 112 l \u00a0&#8211; Vidiniai kamaros matmenys (PxGxA): 548x460x447 mm \u00a0&#8211; I\u0161oriniai matmenys (PxGxA):\u00a0 (WxDxH): 880x1065x1380 mm (su stalu ir ratukais: 904x1120x1937 mm) \u00a0&#8211; El. Galia: 3,5 kW &#8211; Nominali srov\u0117 19A \u00a0&#8211; \u012etampa: 230 &hellip; Klimatin\u0117 kamera DY110 Read More &raquo;","og_url":"https:\/\/www.labectra.lt\/en\/product\/klimatine-kamera-dy110\/","og_site_name":"Termin\u0117 \u012franga - Labectra","article_modified_time":"2019-11-04T23:31:14+00:00","og_image":[{"width":344,"height":500,"url":"https:\/\/www.labectra.lt\/wp-content\/uploads\/2019\/09\/klimatine-termostatine-kamera-dy110-dy110t-dy110t.jpg","type":"image\/jpeg"}],"twitter_card":"summary_large_image","twitter_misc":{"Estimated reading time":"3 minutes"},"schema":{"@context":"https:\/\/schema.org","@graph":[{"@type":"WebPage","@id":"https:\/\/www.labectra.lt\/produktas\/klimatine-kamera-dy110\/","url":"https:\/\/www.labectra.lt\/produktas\/klimatine-kamera-dy110\/","name":"Klimatin\u0117 kamera DY110 - Termin\u0117 \u012franga - Labectra","isPartOf":{"@id":"https:\/\/www.labectra.lt\/#website"},"datePublished":"2019-09-09T20:10:43+00:00","dateModified":"2019-11-04T23:31:14+00:00","breadcrumb":{"@id":"https:\/\/www.labectra.lt\/produktas\/klimatine-kamera-dy110\/#breadcrumb"},"inLanguage":"en-GB","potentialAction":[{"@type":"ReadAction","target":["https:\/\/www.labectra.lt\/produktas\/klimatine-kamera-dy110\/"]}]},{"@type":"BreadcrumbList","@id":"https:\/\/www.labectra.lt\/produktas\/klimatine-kamera-dy110\/#breadcrumb","itemListElement":[{"@type":"ListItem","position":1,"name":"Home","item":"https:\/\/www.labectra.lt\/"},{"@type":"ListItem","position":2,"name":"Termin\u0117 \u012franga","item":"https:\/\/www.labectra.lt\/termine-iranga\/"},{"@type":"ListItem","position":3,"name":"Klimatin\u0117 kamera DY110"}]},{"@type":"WebSite","@id":"https:\/\/www.labectra.lt\/#website","url":"https:\/\/www.labectra.lt\/","name":"Termin\u0117 \u012franga - Labectra","description":"J\u016bs\u0173 termin\u0117s \u012frangos tiek\u0117jas!","publisher":{"@id":"https:\/\/www.labectra.lt\/#organization"},"potentialAction":[{"@type":"SearchAction","target":{"@type":"EntryPoint","urlTemplate":"https:\/\/www.labectra.lt\/?s={search_term_string}"},"query-input":"required name=search_term_string"}],"inLanguage":"en-GB"},{"@type":"Organization","@id":"https:\/\/www.labectra.lt\/#organization","name":"Labectra","url":"https:\/\/www.labectra.lt\/","logo":{"@type":"ImageObject","inLanguage":"en-GB","@id":"https:\/\/www.labectra.lt\/#\/schema\/logo\/image\/","url":"https:\/\/www.labectra.lt\/wp-content\/uploads\/2019\/09\/Logo21.png","contentUrl":"https:\/\/www.labectra.lt\/wp-content\/uploads\/2019\/09\/Logo21.png","width":392,"height":58,"caption":"Labectra"},"image":{"@id":"https:\/\/www.labectra.lt\/#\/schema\/logo\/image\/"}}]}},"_links":{"self":[{"href":"https:\/\/www.labectra.lt\/en\/wp-json\/wp\/v2\/product\/2143"}],"collection":[{"href":"https:\/\/www.labectra.lt\/en\/wp-json\/wp\/v2\/product"}],"about":[{"href":"https:\/\/www.labectra.lt\/en\/wp-json\/wp\/v2\/types\/product"}],"wp:featuredmedia":[{"embeddable":true,"href":"https:\/\/www.labectra.lt\/en\/wp-json\/wp\/v2\/media\/1933"}],"wp:attachment":[{"href":"https:\/\/www.labectra.lt\/en\/wp-json\/wp\/v2\/media?parent=2143"}],"curies":[{"name":"wp","href":"https:\/\/api.w.org\/{rel}","templated":true}]}}