{"id":2149,"date":"2019-09-09T23:10:43","date_gmt":"2019-09-09T20:10:43","guid":{"rendered":"https:\/\/www.labectra.lt\/produktas\/termostatine-kamera-discovery-dy16t\/"},"modified":"2019-11-05T01:24:22","modified_gmt":"2019-11-04T23:24:22","slug":"termostatine-kamera-discovery-dy16t","status":"publish","type":"product","link":"https:\/\/www.labectra.lt\/en\/product\/termostatine-kamera-discovery-dy16t\/","title":{"rendered":"Discovery Climatic Chamber DY16T"},"content":{"rendered":"<p>This line of chambers is thermostatic version (temperature only); 16 liters; [-40\u00b0C; +180\u00b0C]<\/p>\n<p style=\"font-weight: 400;\"><b>Discovery Climatic Chamber DY16T<\/b><\/p>\n<p style=\"font-weight: 400;\"><b>GENERAL INFORMATION<\/b><\/p>\n<p style=\"font-weight: 400;\">\u2013 Useful capacity: 16 l<\/p>\n<p style=\"font-weight: 400;\">\u2013 Internal dimensions (WxDxH): 310x230X206 mm<\/p>\n<p style=\"font-weight: 400;\">\u2013 External dimensions (WxDxH): 465x541x685 mm<\/p>\n<p style=\"font-weight: 400;\">\u2013 Electrical power: 0,7 kW<\/p>\n<p style=\"font-weight: 400;\">\u2013 Voltage: 230 V \u00b110%\/50Hz\/1ph + G<\/p>\n<p style=\"font-weight: 400;\">\u2013 Noise: 55 dBA (measured at 1 m from the front wall in a non reverberating room)<\/p>\n<p style=\"font-weight: 400;\">\u2013 Weight: 60 kg<\/p>\n<p style=\"font-weight: 400;\"><strong><b>PERFORMANCES<\/b><\/strong><\/p>\n<p style=\"font-weight: 400;\">(measured at room temperature of 22\u00b0C and empty working space)<\/p>\n<p style=\"font-weight: 400;\">\u2013 Temperature range: [-40\u00b0C; +130\u00b0C]<\/p>\n<p style=\"font-weight: 400;\">according to IEC 60068-3-5, IEC 60068-3-6<\/p>\n<p style=\"font-weight: 400;\">\u2013 Temperature Fluctuation: \u00b11\u00b0C<\/p>\n<p style=\"font-weight: 400;\">\u2013 Temperature Rate of Change (measured at the control probe):<\/p>\n<p style=\"font-weight: 400;\">Heating = 4,5\u00b0C\/min.<\/p>\n<p style=\"font-weight: 400;\">Cooling = 4,5\u00b0C\/min. (to -35\u00b0C)<\/p>\n<p style=\"font-weight: 400;\">\u2013 Thermal Load at +20\u00b0C: 210 W<\/p>\n<p style=\"font-weight: 400;\"><strong><b>CONTROLS<\/strong><\/b><\/p>\n<p style=\"font-weight: 400;\">controlled by PLC and \"KeyKratos Plus\" touchscreen on the door.<\/p>\n<p style=\"font-weight: 400;\">Memory capacity to 1000 cycles with 350 segments.<\/p>\n<p style=\"font-weight: 400;\">Unlimited real time recording of temperature versus time (log on Compact flash).<\/p>\n<p style=\"font-weight: 400;\">A trend chart for recorded variables available with a scale from -100\/+200.<\/p>\n<p style=\"font-weight: 400;\">Messages on scheduled maintenance activities.<\/p>\n<p style=\"font-weight: 400;\">Synoptic graphs for the chamber, humidity, low stage refrigeration and high stage refrigeration.<\/p>\n<p style=\"font-weight: 400;\"><strong><b>THE BASIC CONFIGURATION INCLUDES:\n<\/strong><\/b><\/p>\n<p style=\"font-weight: 400;\">* Mechanical door closers<\/p>\n<p style=\"font-weight: 400;\">* 135x85 mm multipane inspection window<\/p>\n<p style=\"font-weight: 400;\">* n\u00b0 1 lateral porthole (diam. 23 mm) on the right side<\/p>\n<p style=\"font-weight: 400;\">* lnternal lighting<\/p>\n<p style=\"font-weight: 400;\">* Air condenser<\/p>\n<p style=\"font-weight: 400;\">* Safety max thermostat<\/p>\n<p style=\"font-weight: 400;\">* RS232 interface<\/p>\n<p style=\"font-weight: 400;\">* Ethernet port<\/p>\n<p style=\"font-weight: 400;\">* T analogic retransmission<\/p>\n<p style=\"font-weight: 400;\">* no. 1 auxiliary contact (specimens)<\/p>\n<p style=\"font-weight: 400;\">* Connection to UPS<\/p>\n<p style=\"font-weight: 400;\">The software source code and the relative documentation are not included.<\/p>\n<p style=\"font-weight: 400;\">\n<p style=\"font-weight: 400;\">\n<p style=\"font-weight: 300;\"><strong><b>ACCESSORIES DY16 T<\/b><\/strong><\/p>\n<p style=\"font-weight: 400;\">\n<table width=\"100%\">\n<thead>\n<tr>\n<td width=\"13%\">Code<\/td>\n<td width=\"64%\">Name<\/td>\n<\/tr>\n<\/thead>\n<tbody>\n<tr>\n<td width=\"13%\">18AX0002<\/td>\n<td width=\"64%\">CE MARK (INCLUDING EMC) (for 16 l)<\/td>\n<\/tr>\n<tr>\n<td width=\"13%\">18AX0025<\/td>\n<td width=\"64%\">SET OF NO. 4 ANALOGIC INPUTS 0\u00f710V FOR USER'S DATA ACQUISITION (no. 1 set max.)<\/td>\n<\/tr>\n<tr>\n<td width=\"13%\">18AX0026<\/td>\n<td width=\"64%\">SET OF NO. 4 PT100 INPUTS (no. 1 set max.)<\/td>\n<\/tr>\n<tr>\n<td width=\"13%\">18AX0029<\/td>\n<td width=\"64%\">SET OF NO. 2 AUXILIARY CONTACTS (no. 1 set max.) (for 16 l )<\/td>\n<\/tr>\n<tr>\n<td width=\"13%\">18AX0040<\/td>\n<td width=\"64%\">DIGITAL UNDERTEMPERATURE\/OVERTEMPERATURE SWITCH WITH INDIPENDENT PROBE (16 - 60 l)<\/td>\n<\/tr>\n<tr>\n<td width=\"13%\">18AX0109<\/td>\n<td width=\"64%\">23 MM PORTHOLE (for 16 l)<\/td>\n<\/tr>\n<tr>\n<td width=\"13%\">18AX0123<\/td>\n<td width=\"64%\">OVERPRICE FOR SPECIAL VOLTAGES ON REQUEST<\/td>\n<\/tr>\n<tr>\n<td width=\"13%\">18AX0140<\/td>\n<td width=\"64%\">WINKRATOS S\/W (WINDOWS) FOR ONE CHAMBER REMOTE CONTROL BY PC (via Ethernet)<\/td>\n<\/tr>\n<tr>\n<td width=\"13%\">18AX0141<\/td>\n<td width=\"64%\">P.C. COMPLETE WITH WINKRATOS S\/W (WINDOWS) FOR ONE CHAMBER REMOTE CONTROL (via Ethernet)<\/td>\n<\/tr>\n<tr>\n<td width=\"13%\">18AX0142<\/td>\n<td width=\"64%\">WINKRATOS S\/W (WINDOWS) FOR MULTICHAMBER CHAMBER REMOTE CONTROL BY PC (via Ethernet, max 16 chambers)<\/td>\n<\/tr>\n<tr>\n<td width=\"13%\">18AX0146<\/td>\n<td width=\"64%\">P.C. COMPLETE WITH WINKRATOS S\/W (Windows) FOR MULTICHAMBER REMOTE CONTROL (via Ethernet, max 16 chambers)<\/td>\n<\/tr>\n<tr>\n<td width=\"13%\">18AX0151<\/td>\n<td width=\"64%\">WINKRATOS S\/W (WINDOWS) FOR MULTICHAMBER CHAMBER REMOTE CONTROL BY PC (via RS232 or RS485 or RS422, max 16 chambers) ON REQUEST<\/td>\n<\/tr>\n<tr>\n<td width=\"13%\">19AX0180<\/td>\n<td width=\"64%\">CALIBRATION CERTIFICATE FOR TEMPERATURE (USING INSTRUMENTS CALIBRATED WITH ACCREDITED CALIBRATION LABORATORY METROLOGICAL CHAIN)<\/td>\n<\/tr>\n<\/tbody>\n<\/table>","protected":false},"excerpt":{"rendered":"<p>\u0160is 16 litr\u0173 discovery linijos klimatines kameros modelis yra tik su temperat\u016bros valdymu [-40\u00b0C; +180\u00b0C] Termostatin\u0117 kamera\u00a0 DY16T Bendra informacija &#8211; Naudinga talpa: 16 l &#8211; Vidiniai kamaros matmenys (PxGxA): 310x230X206 mm &#8211; I\u0161oriniai matmenys (PxGxA):\u00a0 465x541x685 mm &#8211; El. Galia: 0,7 kW &#8211; \u012etampa: 230 V \u00b110% \/ 50Hz \/ vienfazis PE &#8211; Triuk\u0161mo &hellip;<\/p>\n<p class=\"read-more\"> <a class=\"\" href=\"https:\/\/www.labectra.lt\/en\/product\/termostatine-kamera-discovery-dy16t\/\"> <span class=\"screen-reader-text\">Discovery Climatic Chamber DY16T<\/span> Read More &raquo;<\/a><\/p>","protected":false},"featured_media":1935,"template":"","meta":[],"yoast_head":"<!-- This site is optimized with the Yoast SEO plugin v21.6 - https:\/\/yoast.com\/wordpress\/plugins\/seo\/ -->\n<title>Termostatin\u0117 kamera Discovery DY16T - Termin\u0117 \u012franga - Labectra<\/title>\n<meta name=\"robots\" content=\"index, follow, max-snippet:-1, max-image-preview:large, max-video-preview:-1\" \/>\n<link rel=\"canonical\" href=\"https:\/\/www.labectra.lt\/en\/product\/termostatine-kamera-discovery-dy16t\/\" \/>\n<meta property=\"og:locale\" content=\"en_GB\" \/>\n<meta property=\"og:type\" content=\"article\" \/>\n<meta property=\"og:title\" content=\"Termostatin\u0117 kamera Discovery DY16T - Termin\u0117 \u012franga - Labectra\" \/>\n<meta property=\"og:description\" content=\"\u0160is 16 litr\u0173 discovery linijos klimatines kameros modelis yra tik su temperat\u016bros valdymu [-40\u00b0C; +180\u00b0C] Termostatin\u0117 kamera\u00a0 DY16T Bendra informacija &#8211; Naudinga talpa: 16 l &#8211; Vidiniai kamaros matmenys (PxGxA): 310x230X206 mm &#8211; I\u0161oriniai matmenys (PxGxA):\u00a0 465x541x685 mm &#8211; El. Galia: 0,7 kW &#8211; \u012etampa: 230 V \u00b110% \/ 50Hz \/ vienfazis PE &#8211; Triuk\u0161mo &hellip; Termostatin\u0117 kamera Discovery DY16T Read More &raquo;\" \/>\n<meta property=\"og:url\" content=\"https:\/\/www.labectra.lt\/en\/product\/termostatine-kamera-discovery-dy16t\/\" \/>\n<meta property=\"og:site_name\" content=\"Termin\u0117 \u012franga - Labectra\" \/>\n<meta property=\"article:modified_time\" content=\"2019-11-04T23:24:22+00:00\" \/>\n<meta property=\"og:image\" content=\"https:\/\/www.labectra.lt\/wp-content\/uploads\/2019\/09\/termostatine-kamera-discovery-dy16t.jpg\" \/>\n\t<meta property=\"og:image:width\" content=\"278\" \/>\n\t<meta property=\"og:image:height\" content=\"441\" \/>\n\t<meta property=\"og:image:type\" content=\"image\/jpeg\" \/>\n<meta name=\"twitter:card\" content=\"summary_large_image\" \/>\n<meta name=\"twitter:label1\" content=\"Estimated reading time\" \/>\n\t<meta name=\"twitter:data1\" content=\"2 minutes\" \/>\n<script type=\"application\/ld+json\" class=\"yoast-schema-graph\">{\"@context\":\"https:\/\/schema.org\",\"@graph\":[{\"@type\":\"WebPage\",\"@id\":\"https:\/\/www.labectra.lt\/produktas\/termostatine-kamera-discovery-dy16t\/\",\"url\":\"https:\/\/www.labectra.lt\/produktas\/termostatine-kamera-discovery-dy16t\/\",\"name\":\"Termostatin\u0117 kamera Discovery DY16T - Termin\u0117 \u012franga - Labectra\",\"isPartOf\":{\"@id\":\"https:\/\/www.labectra.lt\/#website\"},\"datePublished\":\"2019-09-09T20:10:43+00:00\",\"dateModified\":\"2019-11-04T23:24:22+00:00\",\"breadcrumb\":{\"@id\":\"https:\/\/www.labectra.lt\/produktas\/termostatine-kamera-discovery-dy16t\/#breadcrumb\"},\"inLanguage\":\"en-GB\",\"potentialAction\":[{\"@type\":\"ReadAction\",\"target\":[\"https:\/\/www.labectra.lt\/produktas\/termostatine-kamera-discovery-dy16t\/\"]}]},{\"@type\":\"BreadcrumbList\",\"@id\":\"https:\/\/www.labectra.lt\/produktas\/termostatine-kamera-discovery-dy16t\/#breadcrumb\",\"itemListElement\":[{\"@type\":\"ListItem\",\"position\":1,\"name\":\"Home\",\"item\":\"https:\/\/www.labectra.lt\/\"},{\"@type\":\"ListItem\",\"position\":2,\"name\":\"Termin\u0117 \u012franga\",\"item\":\"https:\/\/www.labectra.lt\/termine-iranga\/\"},{\"@type\":\"ListItem\",\"position\":3,\"name\":\"Termostatin\u0117 kamera Discovery DY16T\"}]},{\"@type\":\"WebSite\",\"@id\":\"https:\/\/www.labectra.lt\/#website\",\"url\":\"https:\/\/www.labectra.lt\/\",\"name\":\"Termin\u0117 \u012franga - Labectra\",\"description\":\"J\u016bs\u0173 termin\u0117s \u012frangos tiek\u0117jas!\",\"publisher\":{\"@id\":\"https:\/\/www.labectra.lt\/#organization\"},\"potentialAction\":[{\"@type\":\"SearchAction\",\"target\":{\"@type\":\"EntryPoint\",\"urlTemplate\":\"https:\/\/www.labectra.lt\/?s={search_term_string}\"},\"query-input\":\"required name=search_term_string\"}],\"inLanguage\":\"en-GB\"},{\"@type\":\"Organization\",\"@id\":\"https:\/\/www.labectra.lt\/#organization\",\"name\":\"Labectra\",\"url\":\"https:\/\/www.labectra.lt\/\",\"logo\":{\"@type\":\"ImageObject\",\"inLanguage\":\"en-GB\",\"@id\":\"https:\/\/www.labectra.lt\/#\/schema\/logo\/image\/\",\"url\":\"https:\/\/www.labectra.lt\/wp-content\/uploads\/2019\/09\/Logo21.png\",\"contentUrl\":\"https:\/\/www.labectra.lt\/wp-content\/uploads\/2019\/09\/Logo21.png\",\"width\":392,\"height\":58,\"caption\":\"Labectra\"},\"image\":{\"@id\":\"https:\/\/www.labectra.lt\/#\/schema\/logo\/image\/\"}}]}<\/script>\n<!-- \/ Yoast SEO plugin. -->","yoast_head_json":{"title":"Termostatin\u0117 kamera Discovery DY16T - Termin\u0117 \u012franga - Labectra","robots":{"index":"index","follow":"follow","max-snippet":"max-snippet:-1","max-image-preview":"max-image-preview:large","max-video-preview":"max-video-preview:-1"},"canonical":"https:\/\/www.labectra.lt\/en\/product\/termostatine-kamera-discovery-dy16t\/","og_locale":"en_GB","og_type":"article","og_title":"Termostatin\u0117 kamera Discovery DY16T - Termin\u0117 \u012franga - Labectra","og_description":"\u0160is 16 litr\u0173 discovery linijos klimatines kameros modelis yra tik su temperat\u016bros valdymu [-40\u00b0C; +180\u00b0C] Termostatin\u0117 kamera\u00a0 DY16T Bendra informacija &#8211; Naudinga talpa: 16 l &#8211; Vidiniai kamaros matmenys (PxGxA): 310x230X206 mm &#8211; I\u0161oriniai matmenys (PxGxA):\u00a0 465x541x685 mm &#8211; El. Galia: 0,7 kW &#8211; \u012etampa: 230 V \u00b110% \/ 50Hz \/ vienfazis PE &#8211; Triuk\u0161mo &hellip; Termostatin\u0117 kamera Discovery DY16T Read More &raquo;","og_url":"https:\/\/www.labectra.lt\/en\/product\/termostatine-kamera-discovery-dy16t\/","og_site_name":"Termin\u0117 \u012franga - Labectra","article_modified_time":"2019-11-04T23:24:22+00:00","og_image":[{"width":278,"height":441,"url":"https:\/\/www.labectra.lt\/wp-content\/uploads\/2019\/09\/termostatine-kamera-discovery-dy16t.jpg","type":"image\/jpeg"}],"twitter_card":"summary_large_image","twitter_misc":{"Estimated reading time":"2 minutes"},"schema":{"@context":"https:\/\/schema.org","@graph":[{"@type":"WebPage","@id":"https:\/\/www.labectra.lt\/produktas\/termostatine-kamera-discovery-dy16t\/","url":"https:\/\/www.labectra.lt\/produktas\/termostatine-kamera-discovery-dy16t\/","name":"Termostatin\u0117 kamera Discovery DY16T - Termin\u0117 \u012franga - Labectra","isPartOf":{"@id":"https:\/\/www.labectra.lt\/#website"},"datePublished":"2019-09-09T20:10:43+00:00","dateModified":"2019-11-04T23:24:22+00:00","breadcrumb":{"@id":"https:\/\/www.labectra.lt\/produktas\/termostatine-kamera-discovery-dy16t\/#breadcrumb"},"inLanguage":"en-GB","potentialAction":[{"@type":"ReadAction","target":["https:\/\/www.labectra.lt\/produktas\/termostatine-kamera-discovery-dy16t\/"]}]},{"@type":"BreadcrumbList","@id":"https:\/\/www.labectra.lt\/produktas\/termostatine-kamera-discovery-dy16t\/#breadcrumb","itemListElement":[{"@type":"ListItem","position":1,"name":"Home","item":"https:\/\/www.labectra.lt\/"},{"@type":"ListItem","position":2,"name":"Termin\u0117 \u012franga","item":"https:\/\/www.labectra.lt\/termine-iranga\/"},{"@type":"ListItem","position":3,"name":"Termostatin\u0117 kamera Discovery DY16T"}]},{"@type":"WebSite","@id":"https:\/\/www.labectra.lt\/#website","url":"https:\/\/www.labectra.lt\/","name":"Termin\u0117 \u012franga - Labectra","description":"J\u016bs\u0173 termin\u0117s \u012frangos tiek\u0117jas!","publisher":{"@id":"https:\/\/www.labectra.lt\/#organization"},"potentialAction":[{"@type":"SearchAction","target":{"@type":"EntryPoint","urlTemplate":"https:\/\/www.labectra.lt\/?s={search_term_string}"},"query-input":"required name=search_term_string"}],"inLanguage":"en-GB"},{"@type":"Organization","@id":"https:\/\/www.labectra.lt\/#organization","name":"Labectra","url":"https:\/\/www.labectra.lt\/","logo":{"@type":"ImageObject","inLanguage":"en-GB","@id":"https:\/\/www.labectra.lt\/#\/schema\/logo\/image\/","url":"https:\/\/www.labectra.lt\/wp-content\/uploads\/2019\/09\/Logo21.png","contentUrl":"https:\/\/www.labectra.lt\/wp-content\/uploads\/2019\/09\/Logo21.png","width":392,"height":58,"caption":"Labectra"},"image":{"@id":"https:\/\/www.labectra.lt\/#\/schema\/logo\/image\/"}}]}},"_links":{"self":[{"href":"https:\/\/www.labectra.lt\/en\/wp-json\/wp\/v2\/product\/2149"}],"collection":[{"href":"https:\/\/www.labectra.lt\/en\/wp-json\/wp\/v2\/product"}],"about":[{"href":"https:\/\/www.labectra.lt\/en\/wp-json\/wp\/v2\/types\/product"}],"wp:featuredmedia":[{"embeddable":true,"href":"https:\/\/www.labectra.lt\/en\/wp-json\/wp\/v2\/media\/1935"}],"wp:attachment":[{"href":"https:\/\/www.labectra.lt\/en\/wp-json\/wp\/v2\/media?parent=2149"}],"curies":[{"name":"wp","href":"https:\/\/api.w.org\/{rel}","templated":true}]}}