{"id":2154,"date":"2019-09-09T23:10:43","date_gmt":"2019-09-09T20:10:43","guid":{"rendered":"https:\/\/www.labectra.lt\/produktas\/termostatine-kamera-dy340t\/"},"modified":"2019-11-05T01:23:32","modified_gmt":"2019-11-04T23:23:32","slug":"termostatine-kamera-dy340t","status":"publish","type":"product","link":"https:\/\/www.labectra.lt\/en\/product\/termostatine-kamera-dy340t\/","title":{"rendered":"Discovery Climatic Chamber DY340T"},"content":{"rendered":"<p>This line of chambers is thermostatic version (temperature only); 336 liters; [-40\u00b0C; +180\u00b0C]<\/p>\n<p style=\"font-weight: 400;\">Su \u0161ia termostatine kamera atliekami termostatiniai testai temperat\u016bros diapazone nuo -40\u00b0C iki +180\u00b0C]<\/p>\n<p style=\"font-weight: 400;\"><strong><b>GENERAL INFORMATION<\/b><\/strong><\/p>\n<p style=\"font-weight: 400;\">\u00a0\u2013 Useful capacity: 336 l<\/p>\n<p style=\"font-weight: 400;\">\u00a0\u2013 Internal dimensions (WxDxH): 601X810X692 mm<\/p>\n<p style=\"font-weight: 400;\">\u00a0\u2013 Ext. dimensions (WxDxH): 919X1817X1638* mm (*height without wheels = decrease of 60 mm)<\/p>\n<p style=\"font-weight: 400;\">\u00a0\u2013 Electrical power: 6.7 kW (average 4 kW)<\/p>\n<p style=\"font-weight: 400;\">\u00a0\u2013 Voltage: 400 V \u00b110%\/50Hz\/3ph + N + G<\/p>\n<p style=\"font-weight: 400;\">\u00a0\u2013 Noise: 59 dBA (measured at 1 m from the front wall in a non reverberating room)<\/p>\n<p style=\"font-weight: 400;\">\u2013 Weight: 750 kg<\/p>\n<p style=\"font-weight: 400;\"><strong><b>PERFORMANCES<\/b><\/strong><\/p>\n<p style=\"font-weight: 400;\">(measured at room temperature of 22\u00b0C and empty working space)<\/p>\n<p style=\"font-weight: 400;\">\u2013 Temperature range: [-40\u00b0C; +180\u00b0C]<\/p>\n<p style=\"font-weight: 400;\">according to IEC 60068-3-5, IEC 60068-3-6<\/p>\n<p style=\"font-weight: 400;\">\u00a0\u2013 Temperature Fluctuation: \u00b10,1\u00b0C... \u00b10,3\u00b0C<\/p>\n<p style=\"font-weight: 400;\">\u2013 Temperature Rate of Change (measured at the control probe):<\/p>\n<p style=\"font-weight: 400;\">Heating = 4.5\u00b0C\/min. from -40\u00b0C to +180\u00b0C<\/p>\n<p style=\"font-weight: 400;\">Cooling = 3\u00b0C\/min. from +180\u00b0C to -40\u00b0C<\/p>\n<p style=\"font-weight: 400;\">\u2013 Thermal Load at -25\u00b0C: 400 W<\/p>\n<p style=\"font-weight: 400;\"><strong><b>CONTROLS<\/b><\/strong><\/p>\n<p style=\"font-weight: 400;\">controlled by PLC and \"KeyKratos Plus\" touchscreen on the door.<\/p>\n<p style=\"font-weight: 400;\">Memory capacity to 1000 cycles with 350 segments.<\/p>\n<p style=\"font-weight: 400;\">Unlimited real time recording of temperature versus time (log on Compact flash).<\/p>\n<p style=\"font-weight: 400;\">\u00a0Recordings in CSV format (Comma Separated Value) for easy export to Excel\u00ae from Memory Card to Pendrive via USB interface placed on the front panel (program files are easily convertible into graphic format).<\/p>\n<p style=\"font-weight: 400;\">A trend chart for recorded variables available with a scale from -100\/+200.<\/p>\n<p style=\"font-weight: 400;\">Messages on scheduled maintenance activities.<\/p>\n<p style=\"font-weight: 400;\">Synoptic graphs for the chamber, humidity, low stage refrigeration and high stage refrigeration.<\/p>\n<p style=\"font-weight: 400;\"><strong><b>THE BASIC CONFIGURATION INCLUDES:<\/b><\/strong><\/p>\n<p style=\"font-weight: 400;\">* \"Gatekeeper\u00ae\" electromagnetic door closers<\/p>\n<p style=\"font-weight: 400;\">* Self-pivoting wheels<\/p>\n<p style=\"font-weight: 400;\">* 450x450 mm multipane inspection window<\/p>\n<p style=\"font-weight: 400;\">* n\u00b0 1 shelf<\/p>\n<p style=\"font-weight: 400;\">* no. 1 lateral porthole (diam. 80) on the left side<\/p>\n<p style=\"font-weight: 400;\">* no. 1 lateral porthole (diam. 150) on the right side<\/p>\n<p style=\"font-weight: 400;\">* lnternal lighting<\/p>\n<p style=\"font-weight: 400;\">* Air condenser<\/p>\n<p style=\"font-weight: 400;\">* Safety max thermostat<\/p>\n<p style=\"font-weight: 400;\">* RS232 interface<\/p>\n<p style=\"font-weight: 400;\">* Ethernet port<\/p>\n<p style=\"font-weight: 400;\">* Digital undertemperature\/overtemperature switch with indipendent probe<\/p>\n<p style=\"font-weight: 400;\">* T analogic retransmission<\/p>\n<p style=\"font-weight: 400;\">* no. 1 auxiliary contact (specimens)<\/p>\n<p style=\"font-weight: 400;\">* Connection to UPS<\/p>\n<p style=\"font-weight: 400;\">* MyAngel24\u2122 remote assistance system, complete with a SIM card for wireless connection via GPRS. On request LAN connection via Ethernet can be supplied. MyANgel24 activation is subject to customer\u2019s confirmation by attached questionnaire to be completed and returned with the order.<\/p>\n<p style=\"font-weight: 400;\">The software source code and the relative documentation are not included.<\/p>\n<p style=\"font-weight: 400;\"><a name=\"_Toc375213585\"><\/a><strong><b>DY340T ACCESSORIES<\/b><\/strong><\/p>\n<table width=\"100%\">\n<thead>\n<tr>\n<td width=\"16%\">Code<\/td>\n<td width=\"83%\">Name<\/td>\n<\/tr>\n<\/thead>\n<tbody>\n<tr>\n<td width=\"16%\">18AX0003<\/td>\n<td width=\"83%\">CE MARK (INCLUDING EMC)<\/td>\n<\/tr>\n<tr>\n<td width=\"16%\">18AX0025<\/td>\n<td width=\"83%\">SET OF NO. 4 ANALOGIC INPUTS 0\u00f710V FOR USER'S DATA ACQUISITION (no. 1 set max.)<\/td>\n<\/tr>\n<tr>\n<td width=\"16%\">18AX0026<\/td>\n<td width=\"83%\">SET OF NO. 4 PT100 INPUTS (no. 1 set max.)<\/td>\n<\/tr>\n<tr>\n<td width=\"16%\">18AX0027<\/td>\n<td width=\"83%\">SET OF NO. 8 AUXILIARY CONTACTS (no. 1 set max.) (16, 60 l excluded)<\/td>\n<\/tr>\n<tr>\n<td width=\"16%\">18AX0051<\/td>\n<td width=\"83%\">DEHUMIDIFICATION SYSTEM 250 - 340 l<\/td>\n<\/tr>\n<tr>\n<td width=\"16%\">18AX0072<\/td>\n<td width=\"83%\">ULTRAVIOLET RAY LAMP (for 250 - 340 l)<\/td>\n<\/tr>\n<tr>\n<td width=\"16%\">18AX0100<\/td>\n<td width=\"83%\">INTERNAL SHELF 340 l<\/td>\n<\/tr>\n<tr>\n<td width=\"16%\">18AX0108<\/td>\n<td width=\"83%\">150 MM PORTHOLE &gt;=250 l<\/td>\n<\/tr>\n<tr>\n<td width=\"16%\">18AX0111<\/td>\n<td width=\"83%\">80 MM PORTHOLE &gt;=110 l<\/td>\n<\/tr>\n<tr>\n<td width=\"16%\">18AX0116<\/td>\n<td width=\"83%\">NOISE INSULATION 250 - 340 l (water condensation, not available for 250 l ES version). Add 20 working days to the delivery term.<\/td>\n<\/tr>\n<tr>\n<td width=\"16%\">18AX0120<\/td>\n<td width=\"83%\">\u00a0OVERPRICE FOR 380\/50\/3 WITHOUT N &gt;=250 l<\/td>\n<\/tr>\n<tr>\n<td width=\"16%\">18AX0123<\/td>\n<td width=\"83%\">OVERPRICE FOR SPECIAL VOLTAGES ON REQUEST<\/td>\n<\/tr>\n<tr>\n<td width=\"16%\">18AX0140<\/td>\n<td width=\"83%\">WINKRATOS S\/W (WINDOWS) FOR ONE CHAMBER REMOTE CONTROL BY PC (via Ethernet)<\/td>\n<\/tr>\n<tr>\n<td width=\"16%\">18AX0141<\/td>\n<td width=\"83%\">P.C. COMPLETE WITH WINKRATOS S\/W (WINDOWS) FOR ONE CHAMBER REMOTE CONTROL (via Ethernet)<\/td>\n<\/tr>\n<tr>\n<td width=\"16%\">18AX0142<\/td>\n<td width=\"83%\">WINKRATOS S\/W (WINDOWS) FOR MULTICHAMBER CHAMBER REMOTE CONTROL BY PC (via Ethernet, max 16 chambers)<\/td>\n<\/tr>\n<tr>\n<td width=\"16%\">18AX0145<\/td>\n<td width=\"83%\">NO BREAK POWER UNIT FOR PLC &gt;=250 l<\/td>\n<\/tr>\n<tr>\n<td width=\"16%\">18AX0146<\/td>\n<td width=\"83%\">P.C. COMPLETE WITH WINKRATOS S\/W (Windows) FOR MULTICHAMBER REMOTE CONTROL (via Ethernet, max 16 chambers)<\/td>\n<\/tr>\n<tr>\n<td width=\"16%\">18AX0151<\/td>\n<td width=\"83%\">WINKRATOS S\/W (WINDOWS) FOR MULTICHAMBER CHAMBER REMOTE CONTROL BY PC (via RS232 or RS485 or RS422, max 16 chambers) ON REQUEST<\/td>\n<\/tr>\n<tr>\n<td width=\"16%\">18AX0170<\/td>\n<td width=\"83%\">SPECIMEN SWITCHING OFF IN CASE OF CHAMBER ALARM &gt;=250 l<\/td>\n<\/tr>\n<tr>\n<td width=\"16%\">19AX0180<\/td>\n<td width=\"83%\">CALIBRATION CERTIFICATE FOR TEMPERATURE (USING INSTRUMENTS CALIBRATED WITH ACCREDITED CALIBRATION LABORATORY METROLOGICAL CHAIN)<\/td>\n<\/tr>\n<\/tbody>\n<\/table>\n<p style=\"font-weight: 400;\">","protected":false},"excerpt":{"rendered":"<p>\u0160is 336 litr\u0173 termostatin\u0117s kameros discovery linijos modelis yra tik su temperat\u016bros valdymu [-40\u00b0C; +180\u00b0C] Su \u0161ia termostatine kamera atliekami termostatiniai testai temperat\u016bros diapazone nuo -40\u00b0C iki +180\u00b0C] Termostatin\u0117 kamera Discovery DY340T\u00a0BENDRA INFORMACIJA \u00a0&#8211; Naudinga talpa: 336 l \u00a0&#8211; Vidiniai kamaros matmenys (PxGxA):\u00a0601X810X692 mm \u00a0&#8211; I\u0161oriniai matmenys (PxGxA):\u00a0\u00a0919X1817X1638* mm (*auk\u0161tis nurodytas be ratuk\u0173= 60 mm &hellip;<\/p>\n<p class=\"read-more\"> <a class=\"\" href=\"https:\/\/www.labectra.lt\/en\/product\/termostatine-kamera-dy340t\/\"> <span class=\"screen-reader-text\">Discovery Climatic Chamber DY340T<\/span> Read More &raquo;<\/a><\/p>","protected":false},"featured_media":1937,"template":"","meta":[],"yoast_head":"<!-- This site is optimized with the Yoast SEO plugin v21.6 - https:\/\/yoast.com\/wordpress\/plugins\/seo\/ -->\n<title>Termostatin\u0117 kamera DY340T - Termin\u0117 \u012franga - Labectra<\/title>\n<meta name=\"robots\" content=\"index, follow, max-snippet:-1, max-image-preview:large, max-video-preview:-1\" \/>\n<link rel=\"canonical\" href=\"https:\/\/www.labectra.lt\/en\/product\/termostatine-kamera-dy340t\/\" \/>\n<meta property=\"og:locale\" content=\"en_GB\" \/>\n<meta property=\"og:type\" content=\"article\" \/>\n<meta property=\"og:title\" content=\"Termostatin\u0117 kamera DY340T - Termin\u0117 \u012franga - Labectra\" \/>\n<meta property=\"og:description\" content=\"\u0160is 336 litr\u0173 termostatin\u0117s kameros discovery linijos modelis yra tik su temperat\u016bros valdymu [-40\u00b0C; +180\u00b0C] Su \u0161ia termostatine kamera atliekami termostatiniai testai temperat\u016bros diapazone nuo -40\u00b0C iki +180\u00b0C] Termostatin\u0117 kamera Discovery DY340T\u00a0BENDRA INFORMACIJA \u00a0&#8211; Naudinga talpa: 336 l \u00a0&#8211; Vidiniai kamaros matmenys (PxGxA):\u00a0601X810X692 mm \u00a0&#8211; I\u0161oriniai matmenys (PxGxA):\u00a0\u00a0919X1817X1638* mm (*auk\u0161tis nurodytas be ratuk\u0173= 60 mm &hellip; Termostatin\u0117 kamera DY340T Read More &raquo;\" \/>\n<meta property=\"og:url\" content=\"https:\/\/www.labectra.lt\/en\/product\/termostatine-kamera-dy340t\/\" \/>\n<meta property=\"og:site_name\" content=\"Termin\u0117 \u012franga - Labectra\" \/>\n<meta property=\"article:modified_time\" content=\"2019-11-04T23:23:32+00:00\" \/>\n<meta property=\"og:image\" content=\"https:\/\/www.labectra.lt\/wp-content\/uploads\/2019\/09\/klimatine-termostatine-kamera-dy250c-dy340c-dy600c-dy250t-dy340t-dy600t.jpg\" \/>\n\t<meta property=\"og:image:width\" content=\"591\" \/>\n\t<meta property=\"og:image:height\" content=\"746\" \/>\n\t<meta property=\"og:image:type\" content=\"image\/jpeg\" \/>\n<meta name=\"twitter:card\" content=\"summary_large_image\" \/>\n<meta name=\"twitter:label1\" content=\"Estimated reading time\" \/>\n\t<meta name=\"twitter:data1\" content=\"3 minutes\" \/>\n<script type=\"application\/ld+json\" class=\"yoast-schema-graph\">{\"@context\":\"https:\/\/schema.org\",\"@graph\":[{\"@type\":\"WebPage\",\"@id\":\"https:\/\/www.labectra.lt\/produktas\/termostatine-kamera-dy340t\/\",\"url\":\"https:\/\/www.labectra.lt\/produktas\/termostatine-kamera-dy340t\/\",\"name\":\"Termostatin\u0117 kamera DY340T - Termin\u0117 \u012franga - Labectra\",\"isPartOf\":{\"@id\":\"https:\/\/www.labectra.lt\/#website\"},\"datePublished\":\"2019-09-09T20:10:43+00:00\",\"dateModified\":\"2019-11-04T23:23:32+00:00\",\"breadcrumb\":{\"@id\":\"https:\/\/www.labectra.lt\/produktas\/termostatine-kamera-dy340t\/#breadcrumb\"},\"inLanguage\":\"en-GB\",\"potentialAction\":[{\"@type\":\"ReadAction\",\"target\":[\"https:\/\/www.labectra.lt\/produktas\/termostatine-kamera-dy340t\/\"]}]},{\"@type\":\"BreadcrumbList\",\"@id\":\"https:\/\/www.labectra.lt\/produktas\/termostatine-kamera-dy340t\/#breadcrumb\",\"itemListElement\":[{\"@type\":\"ListItem\",\"position\":1,\"name\":\"Home\",\"item\":\"https:\/\/www.labectra.lt\/\"},{\"@type\":\"ListItem\",\"position\":2,\"name\":\"Termin\u0117 \u012franga\",\"item\":\"https:\/\/www.labectra.lt\/termine-iranga\/\"},{\"@type\":\"ListItem\",\"position\":3,\"name\":\"Termostatin\u0117 kamera DY340T\"}]},{\"@type\":\"WebSite\",\"@id\":\"https:\/\/www.labectra.lt\/#website\",\"url\":\"https:\/\/www.labectra.lt\/\",\"name\":\"Termin\u0117 \u012franga - Labectra\",\"description\":\"J\u016bs\u0173 termin\u0117s \u012frangos tiek\u0117jas!\",\"publisher\":{\"@id\":\"https:\/\/www.labectra.lt\/#organization\"},\"potentialAction\":[{\"@type\":\"SearchAction\",\"target\":{\"@type\":\"EntryPoint\",\"urlTemplate\":\"https:\/\/www.labectra.lt\/?s={search_term_string}\"},\"query-input\":\"required name=search_term_string\"}],\"inLanguage\":\"en-GB\"},{\"@type\":\"Organization\",\"@id\":\"https:\/\/www.labectra.lt\/#organization\",\"name\":\"Labectra\",\"url\":\"https:\/\/www.labectra.lt\/\",\"logo\":{\"@type\":\"ImageObject\",\"inLanguage\":\"en-GB\",\"@id\":\"https:\/\/www.labectra.lt\/#\/schema\/logo\/image\/\",\"url\":\"https:\/\/www.labectra.lt\/wp-content\/uploads\/2019\/09\/Logo21.png\",\"contentUrl\":\"https:\/\/www.labectra.lt\/wp-content\/uploads\/2019\/09\/Logo21.png\",\"width\":392,\"height\":58,\"caption\":\"Labectra\"},\"image\":{\"@id\":\"https:\/\/www.labectra.lt\/#\/schema\/logo\/image\/\"}}]}<\/script>\n<!-- \/ Yoast SEO plugin. -->","yoast_head_json":{"title":"Termostatin\u0117 kamera DY340T - Termin\u0117 \u012franga - Labectra","robots":{"index":"index","follow":"follow","max-snippet":"max-snippet:-1","max-image-preview":"max-image-preview:large","max-video-preview":"max-video-preview:-1"},"canonical":"https:\/\/www.labectra.lt\/en\/product\/termostatine-kamera-dy340t\/","og_locale":"en_GB","og_type":"article","og_title":"Termostatin\u0117 kamera DY340T - Termin\u0117 \u012franga - Labectra","og_description":"\u0160is 336 litr\u0173 termostatin\u0117s kameros discovery linijos modelis yra tik su temperat\u016bros valdymu [-40\u00b0C; +180\u00b0C] Su \u0161ia termostatine kamera atliekami termostatiniai testai temperat\u016bros diapazone nuo -40\u00b0C iki +180\u00b0C] Termostatin\u0117 kamera Discovery DY340T\u00a0BENDRA INFORMACIJA \u00a0&#8211; Naudinga talpa: 336 l \u00a0&#8211; Vidiniai kamaros matmenys (PxGxA):\u00a0601X810X692 mm \u00a0&#8211; I\u0161oriniai matmenys (PxGxA):\u00a0\u00a0919X1817X1638* mm (*auk\u0161tis nurodytas be ratuk\u0173= 60 mm &hellip; Termostatin\u0117 kamera DY340T Read More &raquo;","og_url":"https:\/\/www.labectra.lt\/en\/product\/termostatine-kamera-dy340t\/","og_site_name":"Termin\u0117 \u012franga - Labectra","article_modified_time":"2019-11-04T23:23:32+00:00","og_image":[{"width":591,"height":746,"url":"https:\/\/www.labectra.lt\/wp-content\/uploads\/2019\/09\/klimatine-termostatine-kamera-dy250c-dy340c-dy600c-dy250t-dy340t-dy600t.jpg","type":"image\/jpeg"}],"twitter_card":"summary_large_image","twitter_misc":{"Estimated reading time":"3 minutes"},"schema":{"@context":"https:\/\/schema.org","@graph":[{"@type":"WebPage","@id":"https:\/\/www.labectra.lt\/produktas\/termostatine-kamera-dy340t\/","url":"https:\/\/www.labectra.lt\/produktas\/termostatine-kamera-dy340t\/","name":"Termostatin\u0117 kamera DY340T - Termin\u0117 \u012franga - Labectra","isPartOf":{"@id":"https:\/\/www.labectra.lt\/#website"},"datePublished":"2019-09-09T20:10:43+00:00","dateModified":"2019-11-04T23:23:32+00:00","breadcrumb":{"@id":"https:\/\/www.labectra.lt\/produktas\/termostatine-kamera-dy340t\/#breadcrumb"},"inLanguage":"en-GB","potentialAction":[{"@type":"ReadAction","target":["https:\/\/www.labectra.lt\/produktas\/termostatine-kamera-dy340t\/"]}]},{"@type":"BreadcrumbList","@id":"https:\/\/www.labectra.lt\/produktas\/termostatine-kamera-dy340t\/#breadcrumb","itemListElement":[{"@type":"ListItem","position":1,"name":"Home","item":"https:\/\/www.labectra.lt\/"},{"@type":"ListItem","position":2,"name":"Termin\u0117 \u012franga","item":"https:\/\/www.labectra.lt\/termine-iranga\/"},{"@type":"ListItem","position":3,"name":"Termostatin\u0117 kamera DY340T"}]},{"@type":"WebSite","@id":"https:\/\/www.labectra.lt\/#website","url":"https:\/\/www.labectra.lt\/","name":"Termin\u0117 \u012franga - Labectra","description":"J\u016bs\u0173 termin\u0117s \u012frangos tiek\u0117jas!","publisher":{"@id":"https:\/\/www.labectra.lt\/#organization"},"potentialAction":[{"@type":"SearchAction","target":{"@type":"EntryPoint","urlTemplate":"https:\/\/www.labectra.lt\/?s={search_term_string}"},"query-input":"required name=search_term_string"}],"inLanguage":"en-GB"},{"@type":"Organization","@id":"https:\/\/www.labectra.lt\/#organization","name":"Labectra","url":"https:\/\/www.labectra.lt\/","logo":{"@type":"ImageObject","inLanguage":"en-GB","@id":"https:\/\/www.labectra.lt\/#\/schema\/logo\/image\/","url":"https:\/\/www.labectra.lt\/wp-content\/uploads\/2019\/09\/Logo21.png","contentUrl":"https:\/\/www.labectra.lt\/wp-content\/uploads\/2019\/09\/Logo21.png","width":392,"height":58,"caption":"Labectra"},"image":{"@id":"https:\/\/www.labectra.lt\/#\/schema\/logo\/image\/"}}]}},"_links":{"self":[{"href":"https:\/\/www.labectra.lt\/en\/wp-json\/wp\/v2\/product\/2154"}],"collection":[{"href":"https:\/\/www.labectra.lt\/en\/wp-json\/wp\/v2\/product"}],"about":[{"href":"https:\/\/www.labectra.lt\/en\/wp-json\/wp\/v2\/types\/product"}],"wp:featuredmedia":[{"embeddable":true,"href":"https:\/\/www.labectra.lt\/en\/wp-json\/wp\/v2\/media\/1937"}],"wp:attachment":[{"href":"https:\/\/www.labectra.lt\/en\/wp-json\/wp\/v2\/media?parent=2154"}],"curies":[{"name":"wp","href":"https:\/\/api.w.org\/{rel}","templated":true}]}}