{"id":2155,"date":"2019-09-09T23:10:43","date_gmt":"2019-09-09T20:10:43","guid":{"rendered":"https:\/\/www.labectra.lt\/produktas\/termostatine-kamera-dy600t\/"},"modified":"2019-11-05T01:23:36","modified_gmt":"2019-11-04T23:23:36","slug":"termostatine-kamera-dy600t","status":"publish","type":"product","link":"https:\/\/www.labectra.lt\/en\/product\/termostatine-kamera-dy600t\/","title":{"rendered":"Discovery Climatic Chamber DY600T"},"content":{"rendered":"<p>This line of chambers is thermostatic version (temperature only); 559 liters; [-40\u00b0C; +180\u00b0C]<\/p>\n<p style=\"font-weight: 300;\"><span style=\"font-size: 12pt;\">These type thermostatic chambers is suitable for environmental testing by the standards (IEC 68-2-1,IEC 68-2-2,IEC 68-2-14, MIL-STD810D,MIL-STD810D, and etc.)<\/span><\/p>\n<p style=\"font-weight: 300;\"><span style=\"font-size: 12pt;\"><strong><b>GENERAL INFORMATION<\/b><\/strong><\/span><\/p>\n<p style=\"font-weight: 300;\"><span style=\"font-size: 12pt;\">\u00a0\u2013 Useful capacity: 559 l<\/span><\/p>\n<p style=\"font-weight: 300;\"><span style=\"font-size: 12pt;\">\u00a0\u2013 Internal dimensions (WxDxH): 850X740X890 mm<\/span><\/p>\n<p style=\"font-weight: 300;\"><span style=\"font-size: 12pt;\">\u00a0\u2013 Ext. dimensions (WxDxH): 1168X1797X2021* mm (*height without wheels = decrease of 60 mm)<\/span><\/p>\n<p style=\"font-weight: 300;\"><span style=\"font-size: 12pt;\">\u00a0\u2013 Electrical power: 10.5 kW (average 6.3 kW)<\/span><\/p>\n<p style=\"font-weight: 300;\"><span style=\"font-size: 12pt;\">\u00a0\u2013 Voltage: 400 V \u00b110%\/50Hz\/3ph + N + G<\/span><\/p>\n<p style=\"font-weight: 300;\"><span style=\"font-size: 12pt;\">\u00a0\u2013 Noise: 64 dBA (measured at 1 m from the front wall in a non reverberating room)<\/span><\/p>\n<p style=\"font-weight: 300;\"><span style=\"font-size: 12pt;\">\u2013 Weight: 930 kg<\/span><\/p>\n<p style=\"font-weight: 300;\"><span style=\"font-size: 12pt;\"><strong><b>PERFORMANCES<\/b><\/strong><\/span><\/p>\n<p style=\"font-weight: 300;\"><span style=\"font-size: 12pt;\">(measured at room temperature of 22\u00b0C and empty working space)<\/span><\/p>\n<p style=\"font-weight: 300;\"><span style=\"font-size: 12pt;\">\u2013 Temperature range: [-40\u00b0C; +180\u00b0C]<\/span><\/p>\n<p style=\"font-weight: 300;\"><span style=\"font-size: 12pt;\">according to IEC 60068-3-5, IEC 60068-3-6<\/span><\/p>\n<p style=\"font-weight: 300;\"><span style=\"font-size: 12pt;\">\u00a0\u2013 Temperature Fluctuation: \u00b10,1\u00b0C... \u00b10,3\u00b0C<\/span><\/p>\n<p style=\"font-weight: 300;\"><span style=\"font-size: 12pt;\">\u00a0 \u2013 Temperature Rate of Change (measured at the control probe):<\/span><\/p>\n<p style=\"font-weight: 300;\"><span style=\"font-size: 12pt;\">Heating = 4.5\u00b0C\/min. from -40\u00b0C to +180\u00b0C<\/span><\/p>\n<p style=\"font-weight: 300;\"><span style=\"font-size: 12pt;\">Cooling = 4\u00b0C\/min. from +180\u00b0C to -40\u00b0C<\/span><\/p>\n<p style=\"font-weight: 300;\"><span style=\"font-size: 12pt;\">\u2013 Thermal Load at -25\u00b0C: 1000 W<\/span><\/p>\n<p style=\"font-weight: 300;\"><span style=\"font-size: 12pt;\"><strong><b>CONTROLS<\/b><\/strong><\/span><\/p>\n<p style=\"font-weight: 300;\"><span style=\"font-size: 12pt;\">controlled by PLC and \"KeyKratos Plus\" touchscreen on the door.<\/span><\/p>\n<p style=\"font-weight: 300;\"><span style=\"font-size: 12pt;\">Memory capacity to 1000 cycles with 350 segments (on Compact flash).<\/span><\/p>\n<p style=\"font-weight: 300;\"><span style=\"font-size: 12pt;\">Unlimited real time recording of temperature versus time (log on Compact flash).<\/span><\/p>\n<p style=\"font-weight: 300;\"><span style=\"font-size: 12pt;\">\u00a0Recordings in CSV format (Comma Separated Value) for easy export to Excel\u00ae from Compact Flash to Pendrive via USB interface placed on the front panel (program files are easily convertible into graphic format).<\/span><\/p>\n<p style=\"font-weight: 300;\"><span style=\"font-size: 12pt;\">A trend chart for recorded variables available with a scale from -100\/+200.<\/span><\/p>\n<p style=\"font-weight: 300;\"><span style=\"font-size: 12pt;\">Messages on scheduled maintenance activities.<\/span><\/p>\n<p style=\"font-weight: 300;\"><span style=\"font-size: 12pt;\">Synoptic graphs for the chamber, humidity, low stage refrigeration and high stage refrigeration.<\/span><\/p>\n<p style=\"font-weight: 300;\"><span style=\"font-size: 12pt;\"><strong><b>THE BASIC CONFIGURATION INCLUDES:<\/b><\/strong><\/span><\/p>\n<p style=\"font-weight: 300;\"><span style=\"font-size: 12pt;\">* \"Gatekeeper\u00ae\" electromagnetic door closers<\/span><\/p>\n<p style=\"font-weight: 300;\"><span style=\"font-size: 12pt;\">* Self-pivoting wheels<\/span><\/p>\n<p style=\"font-weight: 300;\"><span style=\"font-size: 12pt;\">* 450x450 mm multipane inspection window<\/span><\/p>\n<p style=\"font-weight: 300;\"><span style=\"font-size: 12pt;\">* n\u00b0 1 shelf<\/span><\/p>\n<p style=\"font-weight: 300;\"><span style=\"font-size: 12pt;\">* no. 1 lateral porthole (diam. 80) on the left side<\/span><\/p>\n<p style=\"font-weight: 300;\"><span style=\"font-size: 12pt;\">* no. 1 lateral porthole (diam. 150) on the right side<\/span><\/p>\n<p style=\"font-weight: 300;\"><span style=\"font-size: 12pt;\">* lnternal lighting<\/span><\/p>\n<p style=\"font-weight: 300;\"><span style=\"font-size: 12pt;\">* Air condenser<\/span><\/p>\n<p style=\"font-weight: 300;\"><span style=\"font-size: 12pt;\">* Safety max thermostat<\/span><\/p>\n<p style=\"font-weight: 300;\"><span style=\"font-size: 12pt;\">* RS232 interface<\/span><\/p>\n<p style=\"font-weight: 300;\"><span style=\"font-size: 12pt;\">* Ethernet port<\/span><\/p>\n<p style=\"font-weight: 300;\"><span style=\"font-size: 12pt;\">* Digital undertemperature\/overtemperature switch with indipendent probe<\/span><\/p>\n<p style=\"font-weight: 300;\"><span style=\"font-size: 12pt;\">* T analogic retransmission<\/span><\/p>\n<p style=\"font-weight: 300;\"><span style=\"font-size: 12pt;\">* no. 1 auxiliary contact (specimens)<\/span><\/p>\n<p style=\"font-weight: 300;\"><span style=\"font-size: 12pt;\">* Connection to UPS<\/span><\/p>\n<p style=\"font-weight: 300;\"><span style=\"font-size: 12pt;\">* MyAngel24\u2122 remote assistance system, complete with a SIM card for wireless connection via GPRS. On request LAN connection via Ethernet can be supplied. MyANgel24 activation is subject to customer\u2019s confirmation by attached questionnaire to be completed and returned with the order.<\/span><\/p>\n<p style=\"font-weight: 300;\"><span style=\"font-size: 12pt;\">The software source code and the relative documentation are not included.<\/span><\/p>\n<p style=\"font-weight: 300;\"><span style=\"font-size: 12pt;\"><strong><b>ACCESSORIES DY600 T<\/b><\/strong><\/span><\/p>\n<p style=\"font-weight: 400;\">\n<table width=\"100%\">\n<thead>\n<tr>\n<td width=\"16%\">Code<\/td>\n<td width=\"83%\">Name<\/td>\n<\/tr>\n<\/thead>\n<tbody>\n<tr>\n<td width=\"16%\">Code<\/td>\n<td width=\"83%\">Name<\/td>\n<\/tr>\n<tr>\n<td width=\"16%\">18AX0003<\/td>\n<td width=\"83%\">CE MARK (INCLUDING EMC)<\/td>\n<\/tr>\n<tr>\n<td width=\"16%\">18AX0025<\/td>\n<td width=\"83%\">SET OF NO. 4 ANALOGIC INPUTS 0\u00f710V FOR USER'S DATA ACQUISITION (no. 1 set max.)<\/td>\n<\/tr>\n<tr>\n<td width=\"16%\">18AX0026<\/td>\n<td width=\"83%\">SET OF NO. 4 PT100 INPUTS (no. 1 set max.)<\/td>\n<\/tr>\n<tr>\n<td width=\"16%\">18AX0052<\/td>\n<td width=\"83%\">DEHUMIDIFICATION SYSTEM 600 l<\/td>\n<\/tr>\n<tr>\n<td width=\"16%\">18AX0073<\/td>\n<td width=\"83%\">ULTRAVIOLET RAY LAMP (vir\u0161 340 l)<\/td>\n<\/tr>\n<tr>\n<td width=\"16%\">18AX0102<\/td>\n<td width=\"83%\">INTERNAL SHELF 600 l<\/td>\n<\/tr>\n<tr>\n<td width=\"16%\">18AX0108<\/td>\n<td width=\"83%\">150 MM PORTHOLE &gt;=250 l<\/td>\n<\/tr>\n<tr>\n<td width=\"16%\">18AX0111<\/td>\n<td width=\"83%\">80 MM PORTHOLE &gt;=110 l<\/td>\n<\/tr>\n<tr>\n<td width=\"16%\">18AX0117<\/td>\n<td width=\"83%\">NOISE INSULATION 600 l (water condensation). Add 20 working days to the delivery term.<\/td>\n<\/tr>\n<tr>\n<td width=\"16%\">18AX0120<\/td>\n<td width=\"83%\">\u00a0OVERPRICE FOR 380\/50\/3 WITHOUT N &gt;=250 l<\/td>\n<\/tr>\n<tr>\n<td width=\"16%\">18AX0123<\/td>\n<td width=\"83%\">OVERPRICE FOR SPECIAL VOLTAGES ON REQUEST<\/td>\n<\/tr>\n<tr>\n<td width=\"16%\">18AX0140<\/td>\n<td width=\"83%\">WINKRATOS S\/W (WINDOWS) FOR ONE CHAMBER REMOTE CONTROL BY PC (via Ethernet)<\/td>\n<\/tr>\n<tr>\n<td width=\"16%\">18AX0141<\/td>\n<td width=\"83%\">P.C. COMPLETE WITH WINKRATOS S\/W (WINDOWS) FOR ONE CHAMBER REMOTE CONTROL (via Ethernet)<\/td>\n<\/tr>\n<tr>\n<td width=\"16%\">18AX0142<\/td>\n<td width=\"83%\">WINKRATOS S\/W (WINDOWS) FOR MULTICHAMBER CHAMBER REMOTE CONTROL BY PC (via Ethernet, max 16 chambers)<\/td>\n<\/tr>\n<tr>\n<td width=\"16%\">18AX0145<\/td>\n<td width=\"83%\">NO BREAK POWER UNIT FOR PLC &gt;=250 l<\/td>\n<\/tr>\n<tr>\n<td width=\"16%\">18AX0146<\/td>\n<td width=\"83%\">P.C. COMPLETE WITH WINKRATOS S\/W (Windows) FOR MULTICHAMBER REMOTE CONTROL (via Ethernet, max 16 chambers)<\/td>\n<\/tr>\n<tr>\n<td width=\"16%\">18AX0151<\/td>\n<td width=\"83%\">WINKRATOS S\/W (WINDOWS) FOR MULTICHAMBER CHAMBER REMOTE CONTROL BY PC (via RS232 or RS485 or RS422, max 16 chambers) ON REQUEST<\/td>\n<\/tr>\n<tr>\n<td width=\"16%\">18AX0170<\/td>\n<td width=\"83%\">SPECIMEN SWITCHING OFF IN CASE OF CHAMBER ALARM &gt;=250 l<\/td>\n<\/tr>\n<tr>\n<td width=\"16%\">19AX0180<\/td>\n<td width=\"83%\">CALIBRATION CERTIFICATE FOR TEMPERATURE (USING INSTRUMENTS CALIBRATED WITH ACCREDITED CALIBRATION LABORATORY METROLOGICAL CHAIN)<\/td>\n<\/tr>\n<\/tbody>\n<\/table>\n<p style=\"font-weight: 400;\">","protected":false},"excerpt":{"rendered":"<p>\u0160is 559 litr\u0173 termostatin\u0117s kameros discovery linijos modelis yra tik su temperat\u016bros valdymu [-40\u00b0C; +180\u00b0C] DY 600T pritaikyta atlikti bandymams pagal standartus (IEC 68-2-1,IEC 68-2-2,IEC 68-2-14,\u00a0MIL-STD810D,MIL-STD810D, ir t.t.)\u00a0Aplinko poveikio bandymai Termostatin\u0117 kamera DY 600T BENDRA INFORMACIJA \u00a0&#8211; Naudinga talpa: 559 l \u00a0&#8211; Vidiniai kamaros matmenys (PxGxA): 850X740X890 mm \u00a0&#8211; I\u0161oriniai matmenys (PxGxA): \u00a01168X1797X2021* mm (*auk\u0161tis &hellip;<\/p>\n<p class=\"read-more\"> <a class=\"\" href=\"https:\/\/www.labectra.lt\/en\/product\/termostatine-kamera-dy600t\/\"> <span class=\"screen-reader-text\">Discovery Climatic Chamber DY600T<\/span> Read More &raquo;<\/a><\/p>","protected":false},"featured_media":1937,"template":"","meta":[],"yoast_head":"<!-- This site is optimized with the Yoast SEO plugin v21.6 - https:\/\/yoast.com\/wordpress\/plugins\/seo\/ -->\n<title>Termostatin\u0117 kamera DY600T - Termin\u0117 \u012franga - Labectra<\/title>\n<meta name=\"robots\" content=\"index, follow, max-snippet:-1, max-image-preview:large, max-video-preview:-1\" \/>\n<link rel=\"canonical\" href=\"https:\/\/www.labectra.lt\/en\/product\/termostatine-kamera-dy600t\/\" \/>\n<meta property=\"og:locale\" content=\"en_GB\" \/>\n<meta property=\"og:type\" content=\"article\" \/>\n<meta property=\"og:title\" content=\"Termostatin\u0117 kamera DY600T - Termin\u0117 \u012franga - Labectra\" \/>\n<meta property=\"og:description\" content=\"\u0160is 559 litr\u0173 termostatin\u0117s kameros discovery linijos modelis yra tik su temperat\u016bros valdymu [-40\u00b0C; +180\u00b0C] DY 600T pritaikyta atlikti bandymams pagal standartus (IEC 68-2-1,IEC 68-2-2,IEC 68-2-14,\u00a0MIL-STD810D,MIL-STD810D, ir t.t.)\u00a0Aplinko poveikio bandymai Termostatin\u0117 kamera DY 600T BENDRA INFORMACIJA \u00a0&#8211; Naudinga talpa: 559 l \u00a0&#8211; Vidiniai kamaros matmenys (PxGxA): 850X740X890 mm \u00a0&#8211; I\u0161oriniai matmenys (PxGxA): \u00a01168X1797X2021* mm (*auk\u0161tis &hellip; Termostatin\u0117 kamera DY600T Read More &raquo;\" \/>\n<meta property=\"og:url\" content=\"https:\/\/www.labectra.lt\/en\/product\/termostatine-kamera-dy600t\/\" \/>\n<meta property=\"og:site_name\" content=\"Termin\u0117 \u012franga - Labectra\" \/>\n<meta property=\"article:modified_time\" content=\"2019-11-04T23:23:36+00:00\" \/>\n<meta property=\"og:image\" content=\"https:\/\/www.labectra.lt\/wp-content\/uploads\/2019\/09\/klimatine-termostatine-kamera-dy250c-dy340c-dy600c-dy250t-dy340t-dy600t.jpg\" \/>\n\t<meta property=\"og:image:width\" content=\"591\" \/>\n\t<meta property=\"og:image:height\" content=\"746\" \/>\n\t<meta property=\"og:image:type\" content=\"image\/jpeg\" \/>\n<meta name=\"twitter:card\" content=\"summary_large_image\" \/>\n<meta name=\"twitter:label1\" content=\"Estimated reading time\" \/>\n\t<meta name=\"twitter:data1\" content=\"3 minutes\" \/>\n<script type=\"application\/ld+json\" class=\"yoast-schema-graph\">{\"@context\":\"https:\/\/schema.org\",\"@graph\":[{\"@type\":\"WebPage\",\"@id\":\"https:\/\/www.labectra.lt\/produktas\/termostatine-kamera-dy600t\/\",\"url\":\"https:\/\/www.labectra.lt\/produktas\/termostatine-kamera-dy600t\/\",\"name\":\"Termostatin\u0117 kamera DY600T - Termin\u0117 \u012franga - Labectra\",\"isPartOf\":{\"@id\":\"https:\/\/www.labectra.lt\/#website\"},\"datePublished\":\"2019-09-09T20:10:43+00:00\",\"dateModified\":\"2019-11-04T23:23:36+00:00\",\"breadcrumb\":{\"@id\":\"https:\/\/www.labectra.lt\/produktas\/termostatine-kamera-dy600t\/#breadcrumb\"},\"inLanguage\":\"en-GB\",\"potentialAction\":[{\"@type\":\"ReadAction\",\"target\":[\"https:\/\/www.labectra.lt\/produktas\/termostatine-kamera-dy600t\/\"]}]},{\"@type\":\"BreadcrumbList\",\"@id\":\"https:\/\/www.labectra.lt\/produktas\/termostatine-kamera-dy600t\/#breadcrumb\",\"itemListElement\":[{\"@type\":\"ListItem\",\"position\":1,\"name\":\"Home\",\"item\":\"https:\/\/www.labectra.lt\/\"},{\"@type\":\"ListItem\",\"position\":2,\"name\":\"Termin\u0117 \u012franga\",\"item\":\"https:\/\/www.labectra.lt\/termine-iranga\/\"},{\"@type\":\"ListItem\",\"position\":3,\"name\":\"Termostatin\u0117 kamera DY600T\"}]},{\"@type\":\"WebSite\",\"@id\":\"https:\/\/www.labectra.lt\/#website\",\"url\":\"https:\/\/www.labectra.lt\/\",\"name\":\"Termin\u0117 \u012franga - Labectra\",\"description\":\"J\u016bs\u0173 termin\u0117s \u012frangos tiek\u0117jas!\",\"publisher\":{\"@id\":\"https:\/\/www.labectra.lt\/#organization\"},\"potentialAction\":[{\"@type\":\"SearchAction\",\"target\":{\"@type\":\"EntryPoint\",\"urlTemplate\":\"https:\/\/www.labectra.lt\/?s={search_term_string}\"},\"query-input\":\"required name=search_term_string\"}],\"inLanguage\":\"en-GB\"},{\"@type\":\"Organization\",\"@id\":\"https:\/\/www.labectra.lt\/#organization\",\"name\":\"Labectra\",\"url\":\"https:\/\/www.labectra.lt\/\",\"logo\":{\"@type\":\"ImageObject\",\"inLanguage\":\"en-GB\",\"@id\":\"https:\/\/www.labectra.lt\/#\/schema\/logo\/image\/\",\"url\":\"https:\/\/www.labectra.lt\/wp-content\/uploads\/2019\/09\/Logo21.png\",\"contentUrl\":\"https:\/\/www.labectra.lt\/wp-content\/uploads\/2019\/09\/Logo21.png\",\"width\":392,\"height\":58,\"caption\":\"Labectra\"},\"image\":{\"@id\":\"https:\/\/www.labectra.lt\/#\/schema\/logo\/image\/\"}}]}<\/script>\n<!-- \/ Yoast SEO plugin. -->","yoast_head_json":{"title":"Termostatin\u0117 kamera DY600T - Termin\u0117 \u012franga - Labectra","robots":{"index":"index","follow":"follow","max-snippet":"max-snippet:-1","max-image-preview":"max-image-preview:large","max-video-preview":"max-video-preview:-1"},"canonical":"https:\/\/www.labectra.lt\/en\/product\/termostatine-kamera-dy600t\/","og_locale":"en_GB","og_type":"article","og_title":"Termostatin\u0117 kamera DY600T - Termin\u0117 \u012franga - Labectra","og_description":"\u0160is 559 litr\u0173 termostatin\u0117s kameros discovery linijos modelis yra tik su temperat\u016bros valdymu [-40\u00b0C; +180\u00b0C] DY 600T pritaikyta atlikti bandymams pagal standartus (IEC 68-2-1,IEC 68-2-2,IEC 68-2-14,\u00a0MIL-STD810D,MIL-STD810D, ir t.t.)\u00a0Aplinko poveikio bandymai Termostatin\u0117 kamera DY 600T BENDRA INFORMACIJA \u00a0&#8211; Naudinga talpa: 559 l \u00a0&#8211; Vidiniai kamaros matmenys (PxGxA): 850X740X890 mm \u00a0&#8211; I\u0161oriniai matmenys (PxGxA): \u00a01168X1797X2021* mm (*auk\u0161tis &hellip; Termostatin\u0117 kamera DY600T Read More &raquo;","og_url":"https:\/\/www.labectra.lt\/en\/product\/termostatine-kamera-dy600t\/","og_site_name":"Termin\u0117 \u012franga - Labectra","article_modified_time":"2019-11-04T23:23:36+00:00","og_image":[{"width":591,"height":746,"url":"https:\/\/www.labectra.lt\/wp-content\/uploads\/2019\/09\/klimatine-termostatine-kamera-dy250c-dy340c-dy600c-dy250t-dy340t-dy600t.jpg","type":"image\/jpeg"}],"twitter_card":"summary_large_image","twitter_misc":{"Estimated reading time":"3 minutes"},"schema":{"@context":"https:\/\/schema.org","@graph":[{"@type":"WebPage","@id":"https:\/\/www.labectra.lt\/produktas\/termostatine-kamera-dy600t\/","url":"https:\/\/www.labectra.lt\/produktas\/termostatine-kamera-dy600t\/","name":"Termostatin\u0117 kamera DY600T - Termin\u0117 \u012franga - Labectra","isPartOf":{"@id":"https:\/\/www.labectra.lt\/#website"},"datePublished":"2019-09-09T20:10:43+00:00","dateModified":"2019-11-04T23:23:36+00:00","breadcrumb":{"@id":"https:\/\/www.labectra.lt\/produktas\/termostatine-kamera-dy600t\/#breadcrumb"},"inLanguage":"en-GB","potentialAction":[{"@type":"ReadAction","target":["https:\/\/www.labectra.lt\/produktas\/termostatine-kamera-dy600t\/"]}]},{"@type":"BreadcrumbList","@id":"https:\/\/www.labectra.lt\/produktas\/termostatine-kamera-dy600t\/#breadcrumb","itemListElement":[{"@type":"ListItem","position":1,"name":"Home","item":"https:\/\/www.labectra.lt\/"},{"@type":"ListItem","position":2,"name":"Termin\u0117 \u012franga","item":"https:\/\/www.labectra.lt\/termine-iranga\/"},{"@type":"ListItem","position":3,"name":"Termostatin\u0117 kamera DY600T"}]},{"@type":"WebSite","@id":"https:\/\/www.labectra.lt\/#website","url":"https:\/\/www.labectra.lt\/","name":"Termin\u0117 \u012franga - Labectra","description":"J\u016bs\u0173 termin\u0117s \u012frangos tiek\u0117jas!","publisher":{"@id":"https:\/\/www.labectra.lt\/#organization"},"potentialAction":[{"@type":"SearchAction","target":{"@type":"EntryPoint","urlTemplate":"https:\/\/www.labectra.lt\/?s={search_term_string}"},"query-input":"required name=search_term_string"}],"inLanguage":"en-GB"},{"@type":"Organization","@id":"https:\/\/www.labectra.lt\/#organization","name":"Labectra","url":"https:\/\/www.labectra.lt\/","logo":{"@type":"ImageObject","inLanguage":"en-GB","@id":"https:\/\/www.labectra.lt\/#\/schema\/logo\/image\/","url":"https:\/\/www.labectra.lt\/wp-content\/uploads\/2019\/09\/Logo21.png","contentUrl":"https:\/\/www.labectra.lt\/wp-content\/uploads\/2019\/09\/Logo21.png","width":392,"height":58,"caption":"Labectra"},"image":{"@id":"https:\/\/www.labectra.lt\/#\/schema\/logo\/image\/"}}]}},"_links":{"self":[{"href":"https:\/\/www.labectra.lt\/en\/wp-json\/wp\/v2\/product\/2155"}],"collection":[{"href":"https:\/\/www.labectra.lt\/en\/wp-json\/wp\/v2\/product"}],"about":[{"href":"https:\/\/www.labectra.lt\/en\/wp-json\/wp\/v2\/types\/product"}],"wp:featuredmedia":[{"embeddable":true,"href":"https:\/\/www.labectra.lt\/en\/wp-json\/wp\/v2\/media\/1937"}],"wp:attachment":[{"href":"https:\/\/www.labectra.lt\/en\/wp-json\/wp\/v2\/media?parent=2155"}],"curies":[{"name":"wp","href":"https:\/\/api.w.org\/{rel}","templated":true}]}}