{"id":2156,"date":"2019-09-09T23:10:43","date_gmt":"2019-09-09T20:10:43","guid":{"rendered":"https:\/\/www.labectra.lt\/produktas\/termostatine-kamera-dy60t\/"},"modified":"2019-11-05T01:24:35","modified_gmt":"2019-11-04T23:24:35","slug":"termostatine-kamera-dy60t","status":"publish","type":"product","link":"https:\/\/www.labectra.lt\/en\/product\/termostatine-kamera-dy60t\/","title":{"rendered":"Discovery Climatic Chamber DY60T"},"content":{"rendered":"<p>This line of chambers is thermostatic version (temperature only); 59,5 liters; [-40\u00b0C; +180\u00b0C]<\/p>\n<p style=\"font-weight: 400;\"><strong><b>GENERAL INFORMATION<\/b><\/strong><\/p>\n<p style=\"font-weight: 400;\">\u00a0\u2013 Useful capacity: 59,5 l<\/p>\n<p style=\"font-weight: 400;\">\u00a0\u2013 Internal dimensions (WxDxH): 350x340X500 mm<\/p>\n<p style=\"font-weight: 400;\">\u00a0\u2013 External dimensions (WxDxH): 630x970x1180 mm<\/p>\n<p style=\"font-weight: 400;\">\u00a0\u2013 Electrical power: 2,3 kW (average 1,4 kW)<\/p>\n<p style=\"font-weight: 400;\">\u00a0\u2013 Voltage: 230 V \u00b110%\/50Hz\/1ph + G<\/p>\n<p style=\"font-weight: 400;\">\u00a0\u2013 Noise: 60 dBA (measured at 1 m from the front wall in a non reverberating room)<\/p>\n<p style=\"font-weight: 400;\">\u00a0\u2013 Weight: 210 kg<\/p>\n<p style=\"font-weight: 400;\"><strong><b>PERFORMANCES<\/b><\/strong><\/p>\n<p style=\"font-weight: 400;\">(measured at room temperature of 22\u00b0C and empty working space)<\/p>\n<p style=\"font-weight: 400;\">\u2013 Temperature range: [-40\u00b0C; +130\u00b0C]<\/p>\n<p style=\"font-weight: 400;\">according to IEC 60068-3-5, IEC 60068-3-6<\/p>\n<p style=\"font-weight: 400;\">\u2013 Temperature Fluctuation: \u00b10,1\u00b0C...\u00b10,3\u00b0C<\/p>\n<p style=\"font-weight: 400;\">\u2013 Temperature Rate of Change (measured at the control probe):<\/p>\n<p style=\"font-weight: 400;\">Heating = 3\u00b0C\/min. from -40\u00b0C to +180\u00b0C<\/p>\n<p style=\"font-weight: 400;\">Cooling = 3\u00b0C\/min. from +180\u00b0C to -40\u00b0C<\/p>\n<p style=\"font-weight: 400;\">\u2013 Thermal Load at -25\u00b0C: 100 W<\/p>\n<p style=\"font-weight: 400;\"><strong><b>CONTROLS<\/b><\/strong><\/p>\n<p style=\"font-weight: 400;\">\u00a0controlled by PLC and \"KeyKratos Plus\" touchscreen on the door.<\/p>\n<p style=\"font-weight: 400;\">\u00a0Memory capacity to 1000 cycles with 350 segments.<\/p>\n<p style=\"font-weight: 400;\">\u00a0Unlimited real time recording of temperature versus time (log on Compact flash).<\/p>\n<p style=\"font-weight: 400;\">\u00a0Recordings in CSV format (Comma Separated Value) for easy export to Excel\u00ae from Memory Card to Pendrive via USB interface placed on the front panel (program files are easily convertible into graphic format).<\/p>\n<p style=\"font-weight: 400;\">\u00a0A trend chart for recorded variables available with a scale from -100\/+200.<\/p>\n<p style=\"font-weight: 400;\">Messages on scheduled maintenance activities.<\/p>\n<p style=\"font-weight: 400;\">Synoptic graphs for the chamber, humidity, low stage refrigeration and high stage refrigeration.<\/p>\n<p style=\"font-weight: 400;\"><strong><b>THE BASIC CONFIGURATION INCLUDES:<\/b><\/strong><\/p>\n<p style=\"font-weight: 400;\">\u00a0* Mechanical door closers<\/p>\n<p style=\"font-weight: 400;\">\u00a0* 300x300 mm multipane inspection window<\/p>\n<p style=\"font-weight: 400;\">\u00a0* n\u00b0 1 lateral porthole (diam. 80 mm) on the right side<\/p>\n<p style=\"font-weight: 400;\">* n\u00b0 1 shelf<\/p>\n<p style=\"font-weight: 400;\">\u00a0* lnternal lighting<\/p>\n<p style=\"font-weight: 400;\">\u00a0* Air condenser<\/p>\n<p style=\"font-weight: 400;\">\u00a0* Safety max thermostat<\/p>\n<p style=\"font-weight: 400;\">\u00a0* RS232 interface<\/p>\n<p style=\"font-weight: 400;\">\u00a0* Ethernet port<\/p>\n<p style=\"font-weight: 400;\">* T analogic retransmission<\/p>\n<p style=\"font-weight: 400;\">\u00a0* no. 1 auxiliary contact (specimens)<\/p>\n<p style=\"font-weight: 400;\">\u00a0* Connection to UPS<\/p>\n<p style=\"font-weight: 400;\">\u00a0The software source code and the relative documentation are not included.<\/p>\n<p style=\"font-weight: 400;\">\n<p style=\"font-weight: 300;\"><strong><b>DY60T ACCESSORIES<\/b><\/strong><\/p>\n<p style=\"font-weight: 400;\">\n<table style=\"font-weight: 400;\" width=\"100%\">\n<thead>\n<tr>\n<td width=\"13%\">Code<\/td>\n<td width=\"64%\">Name<\/td>\n<\/tr>\n<\/thead>\n<tbody>\n<tr>\n<td width=\"13%\">18AX0004<\/td>\n<td width=\"64%\">CE MARK (INCLUDING EMC) (for 60 l)<\/td>\n<\/tr>\n<tr>\n<td width=\"13%\">18AX0025<\/td>\n<td width=\"64%\">SET OF NO. 4 ANALOGIC INPUTS 0\u00f710V FOR USER&#8217;S DATA ACQUISITION (no. 1 set max.)<\/td>\n<\/tr>\n<tr>\n<td width=\"13%\">18AX0026<\/td>\n<td width=\"64%\">SET OF NO. 4 PT100 INPUTS (no. 1 set max.)<\/td>\n<\/tr>\n<tr>\n<td width=\"13%\">18AX0028<\/td>\n<td width=\"64%\">SET OF NO. 2 AUXILIARY CONTACTS (no. 1 set max.) (for 60 l )<\/td>\n<\/tr>\n<tr>\n<td width=\"13%\">18AX0040<\/td>\n<td width=\"64%\">DIGITAL UNDERTEMPERATURE\/OVERTEMPERATURE SWITCH WITH INDIPENDENT PROBE (16 &#8211; 60 l)<\/td>\n<\/tr>\n<tr>\n<td width=\"13%\">18AX0107<\/td>\n<td width=\"64%\">80 MM PORTHOLE &lt;=60 l<\/td>\n<\/tr>\n<tr>\n<td width=\"13%\">18AX0123<\/td>\n<td width=\"64%\">OVERPRICE FOR SPECIAL VOLTAGES ON REQUEST<\/td>\n<\/tr>\n<tr>\n<td width=\"13%\">18AX0140<\/td>\n<td width=\"64%\">WINKRATOS S\/W (WINDOWS) FOR ONE CHAMBER REMOTE CONTROL BY PC (via Ethernet)<\/td>\n<\/tr>\n<tr>\n<td width=\"13%\">18AX0141<\/td>\n<td width=\"64%\">P.C. COMPLETE WITH WINKRATOS S\/W (WINDOWS) FOR ONE CHAMBER REMOTE CONTROL (via Ethernet)<\/td>\n<\/tr>\n<tr>\n<td width=\"13%\">18AX0142<\/td>\n<td width=\"64%\">WINKRATOS S\/W (WINDOWS) FOR MULTICHAMBER CHAMBER REMOTE CONTROL BY PC (via Ethernet, max 16 chambers)<\/td>\n<\/tr>\n<tr>\n<td width=\"13%\">18AX0146<\/td>\n<td width=\"64%\">P.C. COMPLETE WITH WINKRATOS S\/W (Windows) FOR MULTICHAMBER REMOTE CONTROL (via Ethernet, max 16 chambers)<\/td>\n<\/tr>\n<tr>\n<td width=\"13%\">18AX0151<\/td>\n<td width=\"64%\">WINKRATOS S\/W (WINDOWS) FOR MULTICHAMBER CHAMBER REMOTE CONTROL BY PC (via RS232 or RS485 or RS422, max 16 chambers) ON REQUEST<\/td>\n<\/tr>\n<tr>\n<td width=\"13%\">19AX0180<\/td>\n<td width=\"64%\">CALIBRATION CERTIFICATE FOR TEMPERATURE (USING INSTRUMENTS CALIBRATED WITH ACCREDITED CALIBRATION LABORATORY METROLOGICAL CHAIN)<\/td>\n<\/tr>\n<\/tbody>\n<\/table>","protected":false},"excerpt":{"rendered":"<p>\u0160is 60 litr\u0173 termostin\u0117 bandym\u0173 kamera DY 60T discovery yra tik su temperat\u016bros valdymu [-40\u00b0C; +180\u00b0C] Termostatin\u0117\u00a0kamera DY 60T\u00a0\u00a0Bendra informacija \u00a0&#8211; Naudinga talpa:\u00a059.5 l \u00a0&#8211; Vidiniai kamaros matmenys (PxGxA): 350x340X500 mm \u00a0&#8211; I\u0161oriniai matmenys (PxGxA):\u00a0 630x970x1180 mm \u00a0&#8211; El. Galia:\u00a02.3 kW (vidutin\u0117 1,4kW) \u00a0&#8211; \u012etampa: 230 V \u00b110% \/ 50Hz \/ vienfazis PE \u00a0&#8211; Triuk\u0161mo &hellip;<\/p>\n<p class=\"read-more\"> <a class=\"\" href=\"https:\/\/www.labectra.lt\/en\/product\/termostatine-kamera-dy60t\/\"> <span class=\"screen-reader-text\">Discovery Climatic Chamber DY60T<\/span> Read More &raquo;<\/a><\/p>","protected":false},"featured_media":1936,"template":"","meta":[],"yoast_head":"<!-- This site is optimized with the Yoast SEO plugin v21.6 - https:\/\/yoast.com\/wordpress\/plugins\/seo\/ -->\n<title>Termostatin\u0117 kamera DY60T - Termin\u0117 \u012franga - Labectra<\/title>\n<meta name=\"robots\" content=\"index, follow, max-snippet:-1, max-image-preview:large, max-video-preview:-1\" \/>\n<link rel=\"canonical\" href=\"https:\/\/www.labectra.lt\/en\/product\/termostatine-kamera-dy60t\/\" \/>\n<meta property=\"og:locale\" content=\"en_GB\" \/>\n<meta property=\"og:type\" content=\"article\" \/>\n<meta property=\"og:title\" content=\"Termostatin\u0117 kamera DY60T - Termin\u0117 \u012franga - Labectra\" \/>\n<meta property=\"og:description\" content=\"\u0160is 60 litr\u0173 termostin\u0117 bandym\u0173 kamera DY 60T discovery yra tik su temperat\u016bros valdymu [-40\u00b0C; +180\u00b0C] Termostatin\u0117\u00a0kamera DY 60T\u00a0\u00a0Bendra informacija \u00a0&#8211; Naudinga talpa:\u00a059.5 l \u00a0&#8211; Vidiniai kamaros matmenys (PxGxA): 350x340X500 mm \u00a0&#8211; I\u0161oriniai matmenys (PxGxA):\u00a0 630x970x1180 mm \u00a0&#8211; El. Galia:\u00a02.3 kW (vidutin\u0117 1,4kW) \u00a0&#8211; \u012etampa: 230 V \u00b110% \/ 50Hz \/ vienfazis PE \u00a0&#8211; Triuk\u0161mo &hellip; Termostatin\u0117 kamera DY60T Read More &raquo;\" \/>\n<meta property=\"og:url\" content=\"https:\/\/www.labectra.lt\/en\/product\/termostatine-kamera-dy60t\/\" \/>\n<meta property=\"og:site_name\" content=\"Termin\u0117 \u012franga - Labectra\" \/>\n<meta property=\"article:modified_time\" content=\"2019-11-04T23:24:35+00:00\" \/>\n<meta property=\"og:image\" content=\"https:\/\/www.labectra.lt\/wp-content\/uploads\/2019\/09\/termostatine-kamera-dy60t.jpg\" \/>\n\t<meta property=\"og:image:width\" content=\"294\" \/>\n\t<meta property=\"og:image:height\" content=\"429\" \/>\n\t<meta property=\"og:image:type\" content=\"image\/jpeg\" \/>\n<meta name=\"twitter:card\" content=\"summary_large_image\" \/>\n<meta name=\"twitter:label1\" content=\"Estimated reading time\" \/>\n\t<meta name=\"twitter:data1\" content=\"2 minutes\" \/>\n<script type=\"application\/ld+json\" class=\"yoast-schema-graph\">{\"@context\":\"https:\/\/schema.org\",\"@graph\":[{\"@type\":\"WebPage\",\"@id\":\"https:\/\/www.labectra.lt\/produktas\/termostatine-kamera-dy60t\/\",\"url\":\"https:\/\/www.labectra.lt\/produktas\/termostatine-kamera-dy60t\/\",\"name\":\"Termostatin\u0117 kamera DY60T - Termin\u0117 \u012franga - Labectra\",\"isPartOf\":{\"@id\":\"https:\/\/www.labectra.lt\/#website\"},\"datePublished\":\"2019-09-09T20:10:43+00:00\",\"dateModified\":\"2019-11-04T23:24:35+00:00\",\"breadcrumb\":{\"@id\":\"https:\/\/www.labectra.lt\/produktas\/termostatine-kamera-dy60t\/#breadcrumb\"},\"inLanguage\":\"en-GB\",\"potentialAction\":[{\"@type\":\"ReadAction\",\"target\":[\"https:\/\/www.labectra.lt\/produktas\/termostatine-kamera-dy60t\/\"]}]},{\"@type\":\"BreadcrumbList\",\"@id\":\"https:\/\/www.labectra.lt\/produktas\/termostatine-kamera-dy60t\/#breadcrumb\",\"itemListElement\":[{\"@type\":\"ListItem\",\"position\":1,\"name\":\"Home\",\"item\":\"https:\/\/www.labectra.lt\/\"},{\"@type\":\"ListItem\",\"position\":2,\"name\":\"Termin\u0117 \u012franga\",\"item\":\"https:\/\/www.labectra.lt\/termine-iranga\/\"},{\"@type\":\"ListItem\",\"position\":3,\"name\":\"Termostatin\u0117 kamera DY60T\"}]},{\"@type\":\"WebSite\",\"@id\":\"https:\/\/www.labectra.lt\/#website\",\"url\":\"https:\/\/www.labectra.lt\/\",\"name\":\"Termin\u0117 \u012franga - Labectra\",\"description\":\"J\u016bs\u0173 termin\u0117s \u012frangos tiek\u0117jas!\",\"publisher\":{\"@id\":\"https:\/\/www.labectra.lt\/#organization\"},\"potentialAction\":[{\"@type\":\"SearchAction\",\"target\":{\"@type\":\"EntryPoint\",\"urlTemplate\":\"https:\/\/www.labectra.lt\/?s={search_term_string}\"},\"query-input\":\"required name=search_term_string\"}],\"inLanguage\":\"en-GB\"},{\"@type\":\"Organization\",\"@id\":\"https:\/\/www.labectra.lt\/#organization\",\"name\":\"Labectra\",\"url\":\"https:\/\/www.labectra.lt\/\",\"logo\":{\"@type\":\"ImageObject\",\"inLanguage\":\"en-GB\",\"@id\":\"https:\/\/www.labectra.lt\/#\/schema\/logo\/image\/\",\"url\":\"https:\/\/www.labectra.lt\/wp-content\/uploads\/2019\/09\/Logo21.png\",\"contentUrl\":\"https:\/\/www.labectra.lt\/wp-content\/uploads\/2019\/09\/Logo21.png\",\"width\":392,\"height\":58,\"caption\":\"Labectra\"},\"image\":{\"@id\":\"https:\/\/www.labectra.lt\/#\/schema\/logo\/image\/\"}}]}<\/script>\n<!-- \/ Yoast SEO plugin. -->","yoast_head_json":{"title":"Termostatin\u0117 kamera DY60T - Termin\u0117 \u012franga - Labectra","robots":{"index":"index","follow":"follow","max-snippet":"max-snippet:-1","max-image-preview":"max-image-preview:large","max-video-preview":"max-video-preview:-1"},"canonical":"https:\/\/www.labectra.lt\/en\/product\/termostatine-kamera-dy60t\/","og_locale":"en_GB","og_type":"article","og_title":"Termostatin\u0117 kamera DY60T - Termin\u0117 \u012franga - Labectra","og_description":"\u0160is 60 litr\u0173 termostin\u0117 bandym\u0173 kamera DY 60T discovery yra tik su temperat\u016bros valdymu [-40\u00b0C; +180\u00b0C] Termostatin\u0117\u00a0kamera DY 60T\u00a0\u00a0Bendra informacija \u00a0&#8211; Naudinga talpa:\u00a059.5 l \u00a0&#8211; Vidiniai kamaros matmenys (PxGxA): 350x340X500 mm \u00a0&#8211; I\u0161oriniai matmenys (PxGxA):\u00a0 630x970x1180 mm \u00a0&#8211; El. Galia:\u00a02.3 kW (vidutin\u0117 1,4kW) \u00a0&#8211; \u012etampa: 230 V \u00b110% \/ 50Hz \/ vienfazis PE \u00a0&#8211; Triuk\u0161mo &hellip; Termostatin\u0117 kamera DY60T Read More &raquo;","og_url":"https:\/\/www.labectra.lt\/en\/product\/termostatine-kamera-dy60t\/","og_site_name":"Termin\u0117 \u012franga - Labectra","article_modified_time":"2019-11-04T23:24:35+00:00","og_image":[{"width":294,"height":429,"url":"https:\/\/www.labectra.lt\/wp-content\/uploads\/2019\/09\/termostatine-kamera-dy60t.jpg","type":"image\/jpeg"}],"twitter_card":"summary_large_image","twitter_misc":{"Estimated reading time":"2 minutes"},"schema":{"@context":"https:\/\/schema.org","@graph":[{"@type":"WebPage","@id":"https:\/\/www.labectra.lt\/produktas\/termostatine-kamera-dy60t\/","url":"https:\/\/www.labectra.lt\/produktas\/termostatine-kamera-dy60t\/","name":"Termostatin\u0117 kamera DY60T - Termin\u0117 \u012franga - Labectra","isPartOf":{"@id":"https:\/\/www.labectra.lt\/#website"},"datePublished":"2019-09-09T20:10:43+00:00","dateModified":"2019-11-04T23:24:35+00:00","breadcrumb":{"@id":"https:\/\/www.labectra.lt\/produktas\/termostatine-kamera-dy60t\/#breadcrumb"},"inLanguage":"en-GB","potentialAction":[{"@type":"ReadAction","target":["https:\/\/www.labectra.lt\/produktas\/termostatine-kamera-dy60t\/"]}]},{"@type":"BreadcrumbList","@id":"https:\/\/www.labectra.lt\/produktas\/termostatine-kamera-dy60t\/#breadcrumb","itemListElement":[{"@type":"ListItem","position":1,"name":"Home","item":"https:\/\/www.labectra.lt\/"},{"@type":"ListItem","position":2,"name":"Termin\u0117 \u012franga","item":"https:\/\/www.labectra.lt\/termine-iranga\/"},{"@type":"ListItem","position":3,"name":"Termostatin\u0117 kamera DY60T"}]},{"@type":"WebSite","@id":"https:\/\/www.labectra.lt\/#website","url":"https:\/\/www.labectra.lt\/","name":"Termin\u0117 \u012franga - Labectra","description":"J\u016bs\u0173 termin\u0117s \u012frangos tiek\u0117jas!","publisher":{"@id":"https:\/\/www.labectra.lt\/#organization"},"potentialAction":[{"@type":"SearchAction","target":{"@type":"EntryPoint","urlTemplate":"https:\/\/www.labectra.lt\/?s={search_term_string}"},"query-input":"required name=search_term_string"}],"inLanguage":"en-GB"},{"@type":"Organization","@id":"https:\/\/www.labectra.lt\/#organization","name":"Labectra","url":"https:\/\/www.labectra.lt\/","logo":{"@type":"ImageObject","inLanguage":"en-GB","@id":"https:\/\/www.labectra.lt\/#\/schema\/logo\/image\/","url":"https:\/\/www.labectra.lt\/wp-content\/uploads\/2019\/09\/Logo21.png","contentUrl":"https:\/\/www.labectra.lt\/wp-content\/uploads\/2019\/09\/Logo21.png","width":392,"height":58,"caption":"Labectra"},"image":{"@id":"https:\/\/www.labectra.lt\/#\/schema\/logo\/image\/"}}]}},"_links":{"self":[{"href":"https:\/\/www.labectra.lt\/en\/wp-json\/wp\/v2\/product\/2156"}],"collection":[{"href":"https:\/\/www.labectra.lt\/en\/wp-json\/wp\/v2\/product"}],"about":[{"href":"https:\/\/www.labectra.lt\/en\/wp-json\/wp\/v2\/types\/product"}],"wp:featuredmedia":[{"embeddable":true,"href":"https:\/\/www.labectra.lt\/en\/wp-json\/wp\/v2\/media\/1936"}],"wp:attachment":[{"href":"https:\/\/www.labectra.lt\/en\/wp-json\/wp\/v2\/media?parent=2156"}],"curies":[{"name":"wp","href":"https:\/\/api.w.org\/{rel}","templated":true}]}}