{"id":2157,"date":"2019-09-09T23:12:25","date_gmt":"2019-09-09T20:12:25","guid":{"rendered":"https:\/\/www.labectra.lt\/produktas\/temperaturos-soko-kamera-cst1302t-spinner\/"},"modified":"2019-11-05T01:23:08","modified_gmt":"2019-11-04T23:23:08","slug":"temperaturos-soko-kamera-cst1302t-spinner","status":"publish","type":"product","link":"https:\/\/www.labectra.lt\/en\/product\/temperaturos-soko-kamera-cst1302t-spinner\/","title":{"rendered":"Thermal Shock Chamber CST130\/2T \"Spinner\""},"content":{"rendered":"<p>Thermal Shock Chamber CST130\/2T \"Spinner\".<\/p>\n<p style=\"font-weight: 400;\">\n<table style=\"font-weight: 400;\" width=\"646\">\n<tbody>\n<tr>\n<td width=\"448\">Technical characteristics<\/td>\n<td width=\"85\"><b><strong>Measuring unit<\/strong><\/b><\/td>\n<td width=\"113\"><b><strong>\u00a0\u00a0\u00a0 CST130\/2T<\/strong><\/b><\/td>\n<\/tr>\n<tr>\n<td width=\"448\">Basket capacity<\/td>\n<td width=\"85\">Liters<\/td>\n<td width=\"113\">130<\/td>\n<\/tr>\n<tr>\n<td width=\"448\">Basket useful dimensions:<\/td>\n<td width=\"85\">&nbsp;<\/td>\n<td width=\"113\">&nbsp;<\/td>\n<\/tr>\n<tr>\n<td width=\"448\">\u00a0width<\/td>\n<td width=\"85\">mm<\/td>\n<td width=\"113\">614<\/td>\n<\/tr>\n<tr>\n<td width=\"448\">\u00a0depth<\/td>\n<td width=\"85\">mm<\/td>\n<td width=\"113\">500<\/td>\n<\/tr>\n<tr>\n<td width=\"448\">\u00a0 height<\/td>\n<td width=\"85\">mm<\/td>\n<td width=\"113\">425<\/td>\n<\/tr>\n<tr>\n<td width=\"448\">Maximum basket load<\/td>\n<td width=\"85\">kg<\/td>\n<td width=\"113\">35<\/td>\n<\/tr>\n<tr>\n<td width=\"448\">Chamber external dimensions:<\/td>\n<td width=\"85\">&nbsp;<\/td>\n<td width=\"113\">&nbsp;<\/td>\n<\/tr>\n<tr>\n<td width=\"448\">\u00a0width<\/td>\n<td width=\"85\">mm<\/td>\n<td width=\"113\">1165<\/td>\n<\/tr>\n<tr>\n<td width=\"448\">\u00a0length<\/td>\n<td width=\"85\">mm<\/td>\n<td width=\"113\">2025<\/td>\n<\/tr>\n<tr>\n<td width=\"448\">\u00a0height<\/td>\n<td width=\"85\">mm<\/td>\n<td width=\"113\">2700<\/td>\n<\/tr>\n<tr>\n<td width=\"448\">Electric power,<\/td>\n<td width=\"85\">kW<\/td>\n<td width=\"113\">26<\/td>\n<\/tr>\n<tr>\n<td width=\"448\">Voltage \u00b110%<\/td>\n<td width=\"85\">V<\/td>\n<td width=\"113\">400<\/td>\n<\/tr>\n<tr>\n<td width=\"448\">Frequency<\/td>\n<td width=\"85\">Hz<\/td>\n<td width=\"113\">50<\/td>\n<\/tr>\n<tr>\n<td width=\"448\">Phases<\/td>\n<td width=\"85\">&#8211;<\/td>\n<td width=\"113\">3<\/td>\n<\/tr>\n<tr>\n<td width=\"448\">Noise level (measured 1m from front of camera)<\/td>\n<td width=\"85\">dB(A)<\/td>\n<td width=\"113\">70<\/td>\n<\/tr>\n<tr>\n<td width=\"448\">Weight<\/td>\n<td width=\"85\">kg<\/td>\n<td width=\"113\">1250<\/td>\n<\/tr>\n<tr>\n<td width=\"448\">Town water<\/td>\n<td width=\"85\">mc\/h<\/td>\n<td width=\"113\">2,3<\/td>\n<\/tr>\n<tr>\n<td width=\"448\">Upper chamber temperature range<\/td>\n<td width=\"85\">\u00b0C<\/td>\n<td width=\"113\">-70\/+220<\/td>\n<\/tr>\n<tr>\n<td width=\"448\">Lower chamber temperature range<\/td>\n<td width=\"85\">\u00b0C<\/td>\n<td width=\"113\">-80\/+60<\/td>\n<\/tr>\n<tr>\n<td width=\"448\">Temperature fluctuation<\/td>\n<td width=\"85\">\u00b0C<\/td>\n<td width=\"113\">\u00b11<\/td>\n<\/tr>\n<tr>\n<td width=\"448\">Basket displacement speed<\/td>\n<td width=\"85\">s<\/td>\n<td width=\"113\">&lt;10<\/td>\n<\/tr>\n<tr>\n<td width=\"448\">2 min. with 5 Kg compact st.steel load with thermal heads in the range -65\/+150\u00b0C<\/td>\n<\/tr>\n<\/tbody>\n<\/table>","protected":false},"excerpt":{"rendered":"<p>Termo \u0161oko kamera CST130\/2T \u201espinner\u201d \u012fkrova talpinama krep\u0161yje. Temperat\u016bros diapazonas nuo \u2013 80 iki +220 C. Technin\u0117s charakteristikos Matavimo vnt. \u00a0\u00a0\u00a0 CST130\/2T Krep\u0161io talpa Litrai 130 Krep\u0161io \u00a0matmenys: &nbsp; &nbsp; \u00a0plotis mm 614 \u00a0gylis mm 500 \u00a0 auk\u0161tis mm 425 Maksimali apkrova krep\u0161yje kg 35 I\u0161or\u0117s matmenys: &nbsp; &nbsp; \u00a0plotis mm 1165 \u00a0ilgis mm 2025 &hellip;<\/p>\n<p class=\"read-more\"> <a class=\"\" href=\"https:\/\/www.labectra.lt\/en\/product\/temperaturos-soko-kamera-cst1302t-spinner\/\"> <span class=\"screen-reader-text\">Thermal Shock Chamber CST130\/2T \"Spinner\"<\/span> Read More &raquo;<\/a><\/p>","protected":false},"featured_media":1938,"template":"","meta":[],"yoast_head":"<!-- This site is optimized with the Yoast SEO plugin v21.6 - https:\/\/yoast.com\/wordpress\/plugins\/seo\/ -->\n<title>Temperat\u016bros \u0161oko kamera CST130\/2T \u201espinner - Termin\u0117 \u012franga - Labectra<\/title>\n<meta name=\"robots\" content=\"index, follow, max-snippet:-1, max-image-preview:large, max-video-preview:-1\" \/>\n<link rel=\"canonical\" href=\"https:\/\/www.labectra.lt\/en\/product\/temperaturos-soko-kamera-cst1302t-spinner\/\" \/>\n<meta property=\"og:locale\" content=\"en_GB\" \/>\n<meta property=\"og:type\" content=\"article\" \/>\n<meta property=\"og:title\" content=\"Temperat\u016bros \u0161oko kamera CST130\/2T \u201espinner - Termin\u0117 \u012franga - Labectra\" \/>\n<meta property=\"og:description\" content=\"Termo \u0161oko kamera CST130\/2T \u201espinner\u201d \u012fkrova talpinama krep\u0161yje. Temperat\u016bros diapazonas nuo \u2013 80 iki +220 C. Technin\u0117s charakteristikos Matavimo vnt. \u00a0\u00a0\u00a0 CST130\/2T Krep\u0161io talpa Litrai 130 Krep\u0161io \u00a0matmenys: &nbsp; &nbsp; \u00a0plotis mm 614 \u00a0gylis mm 500 \u00a0 auk\u0161tis mm 425 Maksimali apkrova krep\u0161yje kg 35 I\u0161or\u0117s matmenys: &nbsp; &nbsp; \u00a0plotis mm 1165 \u00a0ilgis mm 2025 &hellip; Temperat\u016bros \u0161oko kamera CST130\/2T \u201espinner Read More &raquo;\" \/>\n<meta property=\"og:url\" content=\"https:\/\/www.labectra.lt\/en\/product\/temperaturos-soko-kamera-cst1302t-spinner\/\" \/>\n<meta property=\"og:site_name\" content=\"Termin\u0117 \u012franga - Labectra\" \/>\n<meta property=\"article:modified_time\" content=\"2019-11-04T23:23:08+00:00\" \/>\n<meta property=\"og:image\" content=\"https:\/\/www.labectra.lt\/wp-content\/uploads\/2019\/09\/temperaturos-soko-kamera-cst130-2t-spinner.jpg\" \/>\n\t<meta property=\"og:image:width\" content=\"591\" \/>\n\t<meta property=\"og:image:height\" content=\"887\" \/>\n\t<meta property=\"og:image:type\" content=\"image\/jpeg\" \/>\n<meta name=\"twitter:card\" content=\"summary_large_image\" \/>\n<meta name=\"twitter:label1\" content=\"Estimated reading time\" \/>\n\t<meta name=\"twitter:data1\" content=\"1 minute\" \/>\n<script type=\"application\/ld+json\" class=\"yoast-schema-graph\">{\"@context\":\"https:\/\/schema.org\",\"@graph\":[{\"@type\":\"WebPage\",\"@id\":\"https:\/\/www.labectra.lt\/produktas\/temperaturos-soko-kamera-cst1302t-spinner\/\",\"url\":\"https:\/\/www.labectra.lt\/produktas\/temperaturos-soko-kamera-cst1302t-spinner\/\",\"name\":\"Temperat\u016bros \u0161oko kamera CST130\/2T \u201espinner - Termin\u0117 \u012franga - Labectra\",\"isPartOf\":{\"@id\":\"https:\/\/www.labectra.lt\/#website\"},\"datePublished\":\"2019-09-09T20:12:25+00:00\",\"dateModified\":\"2019-11-04T23:23:08+00:00\",\"breadcrumb\":{\"@id\":\"https:\/\/www.labectra.lt\/produktas\/temperaturos-soko-kamera-cst1302t-spinner\/#breadcrumb\"},\"inLanguage\":\"en-GB\",\"potentialAction\":[{\"@type\":\"ReadAction\",\"target\":[\"https:\/\/www.labectra.lt\/produktas\/temperaturos-soko-kamera-cst1302t-spinner\/\"]}]},{\"@type\":\"BreadcrumbList\",\"@id\":\"https:\/\/www.labectra.lt\/produktas\/temperaturos-soko-kamera-cst1302t-spinner\/#breadcrumb\",\"itemListElement\":[{\"@type\":\"ListItem\",\"position\":1,\"name\":\"Home\",\"item\":\"https:\/\/www.labectra.lt\/\"},{\"@type\":\"ListItem\",\"position\":2,\"name\":\"Termin\u0117 \u012franga\",\"item\":\"https:\/\/www.labectra.lt\/termine-iranga\/\"},{\"@type\":\"ListItem\",\"position\":3,\"name\":\"Temperat\u016bros \u0161oko kamera CST130\/2T \u201espinner\"}]},{\"@type\":\"WebSite\",\"@id\":\"https:\/\/www.labectra.lt\/#website\",\"url\":\"https:\/\/www.labectra.lt\/\",\"name\":\"Termin\u0117 \u012franga - Labectra\",\"description\":\"J\u016bs\u0173 termin\u0117s \u012frangos tiek\u0117jas!\",\"publisher\":{\"@id\":\"https:\/\/www.labectra.lt\/#organization\"},\"potentialAction\":[{\"@type\":\"SearchAction\",\"target\":{\"@type\":\"EntryPoint\",\"urlTemplate\":\"https:\/\/www.labectra.lt\/?s={search_term_string}\"},\"query-input\":\"required name=search_term_string\"}],\"inLanguage\":\"en-GB\"},{\"@type\":\"Organization\",\"@id\":\"https:\/\/www.labectra.lt\/#organization\",\"name\":\"Labectra\",\"url\":\"https:\/\/www.labectra.lt\/\",\"logo\":{\"@type\":\"ImageObject\",\"inLanguage\":\"en-GB\",\"@id\":\"https:\/\/www.labectra.lt\/#\/schema\/logo\/image\/\",\"url\":\"https:\/\/www.labectra.lt\/wp-content\/uploads\/2019\/09\/Logo21.png\",\"contentUrl\":\"https:\/\/www.labectra.lt\/wp-content\/uploads\/2019\/09\/Logo21.png\",\"width\":392,\"height\":58,\"caption\":\"Labectra\"},\"image\":{\"@id\":\"https:\/\/www.labectra.lt\/#\/schema\/logo\/image\/\"}}]}<\/script>\n<!-- \/ Yoast SEO plugin. -->","yoast_head_json":{"title":"Temperat\u016bros \u0161oko kamera CST130\/2T \u201espinner - Termin\u0117 \u012franga - Labectra","robots":{"index":"index","follow":"follow","max-snippet":"max-snippet:-1","max-image-preview":"max-image-preview:large","max-video-preview":"max-video-preview:-1"},"canonical":"https:\/\/www.labectra.lt\/en\/product\/temperaturos-soko-kamera-cst1302t-spinner\/","og_locale":"en_GB","og_type":"article","og_title":"Temperat\u016bros \u0161oko kamera CST130\/2T \u201espinner - Termin\u0117 \u012franga - Labectra","og_description":"Termo \u0161oko kamera CST130\/2T \u201espinner\u201d \u012fkrova talpinama krep\u0161yje. Temperat\u016bros diapazonas nuo \u2013 80 iki +220 C. Technin\u0117s charakteristikos Matavimo vnt. \u00a0\u00a0\u00a0 CST130\/2T Krep\u0161io talpa Litrai 130 Krep\u0161io \u00a0matmenys: &nbsp; &nbsp; \u00a0plotis mm 614 \u00a0gylis mm 500 \u00a0 auk\u0161tis mm 425 Maksimali apkrova krep\u0161yje kg 35 I\u0161or\u0117s matmenys: &nbsp; &nbsp; \u00a0plotis mm 1165 \u00a0ilgis mm 2025 &hellip; Temperat\u016bros \u0161oko kamera CST130\/2T \u201espinner Read More &raquo;","og_url":"https:\/\/www.labectra.lt\/en\/product\/temperaturos-soko-kamera-cst1302t-spinner\/","og_site_name":"Termin\u0117 \u012franga - Labectra","article_modified_time":"2019-11-04T23:23:08+00:00","og_image":[{"width":591,"height":887,"url":"https:\/\/www.labectra.lt\/wp-content\/uploads\/2019\/09\/temperaturos-soko-kamera-cst130-2t-spinner.jpg","type":"image\/jpeg"}],"twitter_card":"summary_large_image","twitter_misc":{"Estimated reading time":"1 minute"},"schema":{"@context":"https:\/\/schema.org","@graph":[{"@type":"WebPage","@id":"https:\/\/www.labectra.lt\/produktas\/temperaturos-soko-kamera-cst1302t-spinner\/","url":"https:\/\/www.labectra.lt\/produktas\/temperaturos-soko-kamera-cst1302t-spinner\/","name":"Temperat\u016bros \u0161oko kamera CST130\/2T \u201espinner - Termin\u0117 \u012franga - Labectra","isPartOf":{"@id":"https:\/\/www.labectra.lt\/#website"},"datePublished":"2019-09-09T20:12:25+00:00","dateModified":"2019-11-04T23:23:08+00:00","breadcrumb":{"@id":"https:\/\/www.labectra.lt\/produktas\/temperaturos-soko-kamera-cst1302t-spinner\/#breadcrumb"},"inLanguage":"en-GB","potentialAction":[{"@type":"ReadAction","target":["https:\/\/www.labectra.lt\/produktas\/temperaturos-soko-kamera-cst1302t-spinner\/"]}]},{"@type":"BreadcrumbList","@id":"https:\/\/www.labectra.lt\/produktas\/temperaturos-soko-kamera-cst1302t-spinner\/#breadcrumb","itemListElement":[{"@type":"ListItem","position":1,"name":"Home","item":"https:\/\/www.labectra.lt\/"},{"@type":"ListItem","position":2,"name":"Termin\u0117 \u012franga","item":"https:\/\/www.labectra.lt\/termine-iranga\/"},{"@type":"ListItem","position":3,"name":"Temperat\u016bros \u0161oko kamera CST130\/2T \u201espinner"}]},{"@type":"WebSite","@id":"https:\/\/www.labectra.lt\/#website","url":"https:\/\/www.labectra.lt\/","name":"Termin\u0117 \u012franga - Labectra","description":"J\u016bs\u0173 termin\u0117s \u012frangos tiek\u0117jas!","publisher":{"@id":"https:\/\/www.labectra.lt\/#organization"},"potentialAction":[{"@type":"SearchAction","target":{"@type":"EntryPoint","urlTemplate":"https:\/\/www.labectra.lt\/?s={search_term_string}"},"query-input":"required name=search_term_string"}],"inLanguage":"en-GB"},{"@type":"Organization","@id":"https:\/\/www.labectra.lt\/#organization","name":"Labectra","url":"https:\/\/www.labectra.lt\/","logo":{"@type":"ImageObject","inLanguage":"en-GB","@id":"https:\/\/www.labectra.lt\/#\/schema\/logo\/image\/","url":"https:\/\/www.labectra.lt\/wp-content\/uploads\/2019\/09\/Logo21.png","contentUrl":"https:\/\/www.labectra.lt\/wp-content\/uploads\/2019\/09\/Logo21.png","width":392,"height":58,"caption":"Labectra"},"image":{"@id":"https:\/\/www.labectra.lt\/#\/schema\/logo\/image\/"}}]}},"_links":{"self":[{"href":"https:\/\/www.labectra.lt\/en\/wp-json\/wp\/v2\/product\/2157"}],"collection":[{"href":"https:\/\/www.labectra.lt\/en\/wp-json\/wp\/v2\/product"}],"about":[{"href":"https:\/\/www.labectra.lt\/en\/wp-json\/wp\/v2\/types\/product"}],"wp:featuredmedia":[{"embeddable":true,"href":"https:\/\/www.labectra.lt\/en\/wp-json\/wp\/v2\/media\/1938"}],"wp:attachment":[{"href":"https:\/\/www.labectra.lt\/en\/wp-json\/wp\/v2\/media?parent=2157"}],"curies":[{"name":"wp","href":"https:\/\/api.w.org\/{rel}","templated":true}]}}