{"id":2158,"date":"2019-09-09T23:12:49","date_gmt":"2019-09-09T20:12:49","guid":{"rendered":"https:\/\/www.labectra.lt\/produktas\/temperaturos-soko-kamera-cst320-2t\/"},"modified":"2019-11-05T01:23:04","modified_gmt":"2019-11-04T23:23:04","slug":"temperaturos-soko-kamera-cst320-2t","status":"publish","type":"product","link":"https:\/\/www.labectra.lt\/en\/product\/temperaturos-soko-kamera-cst320-2t\/","title":{"rendered":"Termal Shock Chamber CST320 2T"},"content":{"rendered":"<p>Termal shock chambers CST320 2T.<\/p>\n<p style=\"font-weight: 400;\"><b><strong>Technical characteristics<\/strong><\/b><\/p>\n<table style=\"font-weight: 400;\" width=\"627\">\n<tbody>\n<tr>\n<td width=\"415\">Technical characteristics<\/td>\n<td width=\"72\"><b><strong>Measuring unit<\/strong><\/b><\/td>\n<td width=\"141\"><b><strong>\u00a0\u00a0\u00a0 CST320 2T<\/strong><\/b><\/td>\n<\/tr>\n<tr>\n<td width=\"415\">Basket capacity<\/td>\n<td width=\"72\">Liters<\/td>\n<td width=\"141\">320<\/td>\n<\/tr>\n<tr>\n<td width=\"415\">Basket useful dimensions:<\/td>\n<td width=\"72\">&nbsp;<\/td>\n<td width=\"141\">&nbsp;<\/td>\n<\/tr>\n<tr>\n<td width=\"415\">\u00a0width<\/td>\n<td width=\"72\">mm<\/td>\n<td width=\"141\">700<\/td>\n<\/tr>\n<tr>\n<td width=\"415\">\u00a0depth<\/td>\n<td width=\"72\">mm<\/td>\n<td width=\"141\">700<\/td>\n<\/tr>\n<tr>\n<td width=\"415\">\u00a0 height<\/td>\n<td width=\"72\">mm<\/td>\n<td width=\"141\">650<\/td>\n<\/tr>\n<tr>\n<td width=\"415\">Maximum basket load<\/td>\n<td width=\"72\">kg<\/td>\n<td width=\"141\">50<\/td>\n<\/tr>\n<tr>\n<td width=\"415\">Chamber external dimensions:<\/td>\n<td width=\"72\">&nbsp;<\/td>\n<td width=\"141\">&nbsp;<\/td>\n<\/tr>\n<tr>\n<td width=\"415\">\u00a0width<\/td>\n<td width=\"72\">mm<\/td>\n<td width=\"141\">1530<\/td>\n<\/tr>\n<tr>\n<td width=\"415\">\u00a0length<\/td>\n<td width=\"72\">mm<\/td>\n<td width=\"141\">2900<\/td>\n<\/tr>\n<tr>\n<td width=\"415\">\u00a0height<\/td>\n<td width=\"72\">mm<\/td>\n<td width=\"141\">2400<\/td>\n<\/tr>\n<tr>\n<td width=\"415\">Electric power,<\/td>\n<td width=\"72\">kW<\/td>\n<td width=\"141\">40<\/td>\n<\/tr>\n<tr>\n<td width=\"415\">Voltage \u00b110%<\/td>\n<td width=\"72\">V<\/td>\n<td width=\"141\">400<\/td>\n<\/tr>\n<tr>\n<td width=\"415\">Frequency<\/td>\n<td width=\"72\">Hz<\/td>\n<td width=\"141\">50<\/td>\n<\/tr>\n<tr>\n<td width=\"415\">Phases<\/td>\n<td width=\"72\">&#8211;<\/td>\n<td width=\"141\">3<\/td>\n<\/tr>\n<tr>\n<td width=\"415\">Noise level (measured 1m from front of camera)<\/td>\n<td width=\"72\">dB(A)<\/td>\n<td width=\"141\">70<\/td>\n<\/tr>\n<tr>\n<td width=\"415\">Weight<\/td>\n<td width=\"72\">kg<\/td>\n<td width=\"141\">1600<\/td>\n<\/tr>\n<tr>\n<td width=\"415\">Town water<\/td>\n<td width=\"72\">m<sup>3<\/sup>\/h<\/td>\n<td width=\"141\">2,3<\/td>\n<\/tr>\n<tr>\n<td width=\"415\">Upper chamber temperature range<\/td>\n<td width=\"72\">\u00b0C<\/td>\n<td width=\"141\">&gt;+40 than water \u00a0\/+220<\/td>\n<\/tr>\n<tr>\n<td width=\"415\">Lower chamber temperature range<\/td>\n<td width=\"72\">\u00b0C<\/td>\n<td width=\"141\">-80\/+60<\/td>\n<\/tr>\n<tr>\n<td width=\"415\">Temperature fluctuation<\/td>\n<td width=\"72\">\u00b0C<\/td>\n<td width=\"141\">\u00b11<\/td>\n<\/tr>\n<tr>\n<td width=\"415\">Basket displacement speed<\/td>\n<td width=\"72\">s<\/td>\n<td width=\"141\">&lt;10<\/td>\n<\/tr>\n<tr>\n<td width=\"415\">recovery time (on the load): within 15 min. with 5 Kg electronic components load with thermal heads in the range -55\/+125\u00b0C<\/td>\n<\/tr>\n<\/tbody>\n<\/table>","protected":false},"excerpt":{"rendered":"<p>Temperat\u016bros \u0161oko kamera CST320 2T, dviej\u0173 kamer\u0173, \u012fkrova kraunama \u012f krep\u0161\u012f. Temperat\u016bros diapazonas -80 \u2013 220 C. Technin\u0117s charakteristikos Technin\u0117s charakteristikos Matavimo vnt. \u00a0\u00a0\u00a0 CST320 2T Krep\u0161io talpa Litrai 320 Krep\u0161io \u00a0matmenys: &nbsp; &nbsp; \u00a0plotis mm 700 \u00a0gylis mm 700 \u00a0 auk\u0161tis mm 650 Maksimali apkrova krep\u0161yje kg 50 I\u0161or\u0117s matmenys: &nbsp; &nbsp; \u00a0plotis mm &hellip;<\/p>\n<p class=\"read-more\"> <a class=\"\" href=\"https:\/\/www.labectra.lt\/en\/product\/temperaturos-soko-kamera-cst320-2t\/\"> <span class=\"screen-reader-text\">Termal Shock Chamber CST320 2T<\/span> Read More &raquo;<\/a><\/p>","protected":false},"featured_media":1939,"template":"","meta":[],"yoast_head":"<!-- This site is optimized with the Yoast SEO plugin v21.6 - https:\/\/yoast.com\/wordpress\/plugins\/seo\/ -->\n<title>Temperat\u016bros \u0161oko kamera CST320 2T - Termin\u0117 \u012franga - Labectra<\/title>\n<meta name=\"robots\" content=\"index, follow, max-snippet:-1, max-image-preview:large, max-video-preview:-1\" \/>\n<link rel=\"canonical\" href=\"https:\/\/www.labectra.lt\/en\/product\/temperaturos-soko-kamera-cst320-2t\/\" \/>\n<meta property=\"og:locale\" content=\"en_GB\" \/>\n<meta property=\"og:type\" content=\"article\" \/>\n<meta property=\"og:title\" content=\"Temperat\u016bros \u0161oko kamera CST320 2T - Termin\u0117 \u012franga - Labectra\" \/>\n<meta property=\"og:description\" content=\"Temperat\u016bros \u0161oko kamera CST320 2T, dviej\u0173 kamer\u0173, \u012fkrova kraunama \u012f krep\u0161\u012f. Temperat\u016bros diapazonas -80 \u2013 220 C. Technin\u0117s charakteristikos Technin\u0117s charakteristikos Matavimo vnt. \u00a0\u00a0\u00a0 CST320 2T Krep\u0161io talpa Litrai 320 Krep\u0161io \u00a0matmenys: &nbsp; &nbsp; \u00a0plotis mm 700 \u00a0gylis mm 700 \u00a0 auk\u0161tis mm 650 Maksimali apkrova krep\u0161yje kg 50 I\u0161or\u0117s matmenys: &nbsp; &nbsp; \u00a0plotis mm &hellip; Temperat\u016bros \u0161oko kamera CST320 2T Read More &raquo;\" \/>\n<meta property=\"og:url\" content=\"https:\/\/www.labectra.lt\/en\/product\/temperaturos-soko-kamera-cst320-2t\/\" \/>\n<meta property=\"og:site_name\" content=\"Termin\u0117 \u012franga - Labectra\" \/>\n<meta property=\"article:modified_time\" content=\"2019-11-04T23:23:04+00:00\" \/>\n<meta property=\"og:image\" content=\"https:\/\/www.labectra.lt\/wp-content\/uploads\/2019\/09\/temperaturos-soko-kamera-cst320-2t.jpg\" \/>\n\t<meta property=\"og:image:width\" content=\"1500\" \/>\n\t<meta property=\"og:image:height\" content=\"1397\" \/>\n\t<meta property=\"og:image:type\" content=\"image\/jpeg\" \/>\n<meta name=\"twitter:card\" content=\"summary_large_image\" \/>\n<meta name=\"twitter:label1\" content=\"Estimated reading time\" \/>\n\t<meta name=\"twitter:data1\" content=\"1 minute\" \/>\n<script type=\"application\/ld+json\" class=\"yoast-schema-graph\">{\"@context\":\"https:\/\/schema.org\",\"@graph\":[{\"@type\":\"WebPage\",\"@id\":\"https:\/\/www.labectra.lt\/produktas\/temperaturos-soko-kamera-cst320-2t\/\",\"url\":\"https:\/\/www.labectra.lt\/produktas\/temperaturos-soko-kamera-cst320-2t\/\",\"name\":\"Temperat\u016bros \u0161oko kamera CST320 2T - Termin\u0117 \u012franga - Labectra\",\"isPartOf\":{\"@id\":\"https:\/\/www.labectra.lt\/#website\"},\"datePublished\":\"2019-09-09T20:12:49+00:00\",\"dateModified\":\"2019-11-04T23:23:04+00:00\",\"breadcrumb\":{\"@id\":\"https:\/\/www.labectra.lt\/produktas\/temperaturos-soko-kamera-cst320-2t\/#breadcrumb\"},\"inLanguage\":\"en-GB\",\"potentialAction\":[{\"@type\":\"ReadAction\",\"target\":[\"https:\/\/www.labectra.lt\/produktas\/temperaturos-soko-kamera-cst320-2t\/\"]}]},{\"@type\":\"BreadcrumbList\",\"@id\":\"https:\/\/www.labectra.lt\/produktas\/temperaturos-soko-kamera-cst320-2t\/#breadcrumb\",\"itemListElement\":[{\"@type\":\"ListItem\",\"position\":1,\"name\":\"Home\",\"item\":\"https:\/\/www.labectra.lt\/\"},{\"@type\":\"ListItem\",\"position\":2,\"name\":\"Termin\u0117 \u012franga\",\"item\":\"https:\/\/www.labectra.lt\/termine-iranga\/\"},{\"@type\":\"ListItem\",\"position\":3,\"name\":\"Temperat\u016bros \u0161oko kamera CST320 2T\"}]},{\"@type\":\"WebSite\",\"@id\":\"https:\/\/www.labectra.lt\/#website\",\"url\":\"https:\/\/www.labectra.lt\/\",\"name\":\"Termin\u0117 \u012franga - Labectra\",\"description\":\"J\u016bs\u0173 termin\u0117s \u012frangos tiek\u0117jas!\",\"publisher\":{\"@id\":\"https:\/\/www.labectra.lt\/#organization\"},\"potentialAction\":[{\"@type\":\"SearchAction\",\"target\":{\"@type\":\"EntryPoint\",\"urlTemplate\":\"https:\/\/www.labectra.lt\/?s={search_term_string}\"},\"query-input\":\"required name=search_term_string\"}],\"inLanguage\":\"en-GB\"},{\"@type\":\"Organization\",\"@id\":\"https:\/\/www.labectra.lt\/#organization\",\"name\":\"Labectra\",\"url\":\"https:\/\/www.labectra.lt\/\",\"logo\":{\"@type\":\"ImageObject\",\"inLanguage\":\"en-GB\",\"@id\":\"https:\/\/www.labectra.lt\/#\/schema\/logo\/image\/\",\"url\":\"https:\/\/www.labectra.lt\/wp-content\/uploads\/2019\/09\/Logo21.png\",\"contentUrl\":\"https:\/\/www.labectra.lt\/wp-content\/uploads\/2019\/09\/Logo21.png\",\"width\":392,\"height\":58,\"caption\":\"Labectra\"},\"image\":{\"@id\":\"https:\/\/www.labectra.lt\/#\/schema\/logo\/image\/\"}}]}<\/script>\n<!-- \/ Yoast SEO plugin. -->","yoast_head_json":{"title":"Temperat\u016bros \u0161oko kamera CST320 2T - Termin\u0117 \u012franga - Labectra","robots":{"index":"index","follow":"follow","max-snippet":"max-snippet:-1","max-image-preview":"max-image-preview:large","max-video-preview":"max-video-preview:-1"},"canonical":"https:\/\/www.labectra.lt\/en\/product\/temperaturos-soko-kamera-cst320-2t\/","og_locale":"en_GB","og_type":"article","og_title":"Temperat\u016bros \u0161oko kamera CST320 2T - Termin\u0117 \u012franga - Labectra","og_description":"Temperat\u016bros \u0161oko kamera CST320 2T, dviej\u0173 kamer\u0173, \u012fkrova kraunama \u012f krep\u0161\u012f. Temperat\u016bros diapazonas -80 \u2013 220 C. Technin\u0117s charakteristikos Technin\u0117s charakteristikos Matavimo vnt. \u00a0\u00a0\u00a0 CST320 2T Krep\u0161io talpa Litrai 320 Krep\u0161io \u00a0matmenys: &nbsp; &nbsp; \u00a0plotis mm 700 \u00a0gylis mm 700 \u00a0 auk\u0161tis mm 650 Maksimali apkrova krep\u0161yje kg 50 I\u0161or\u0117s matmenys: &nbsp; &nbsp; \u00a0plotis mm &hellip; Temperat\u016bros \u0161oko kamera CST320 2T Read More &raquo;","og_url":"https:\/\/www.labectra.lt\/en\/product\/temperaturos-soko-kamera-cst320-2t\/","og_site_name":"Termin\u0117 \u012franga - Labectra","article_modified_time":"2019-11-04T23:23:04+00:00","og_image":[{"width":1500,"height":1397,"url":"https:\/\/www.labectra.lt\/wp-content\/uploads\/2019\/09\/temperaturos-soko-kamera-cst320-2t.jpg","type":"image\/jpeg"}],"twitter_card":"summary_large_image","twitter_misc":{"Estimated reading time":"1 minute"},"schema":{"@context":"https:\/\/schema.org","@graph":[{"@type":"WebPage","@id":"https:\/\/www.labectra.lt\/produktas\/temperaturos-soko-kamera-cst320-2t\/","url":"https:\/\/www.labectra.lt\/produktas\/temperaturos-soko-kamera-cst320-2t\/","name":"Temperat\u016bros \u0161oko kamera CST320 2T - Termin\u0117 \u012franga - Labectra","isPartOf":{"@id":"https:\/\/www.labectra.lt\/#website"},"datePublished":"2019-09-09T20:12:49+00:00","dateModified":"2019-11-04T23:23:04+00:00","breadcrumb":{"@id":"https:\/\/www.labectra.lt\/produktas\/temperaturos-soko-kamera-cst320-2t\/#breadcrumb"},"inLanguage":"en-GB","potentialAction":[{"@type":"ReadAction","target":["https:\/\/www.labectra.lt\/produktas\/temperaturos-soko-kamera-cst320-2t\/"]}]},{"@type":"BreadcrumbList","@id":"https:\/\/www.labectra.lt\/produktas\/temperaturos-soko-kamera-cst320-2t\/#breadcrumb","itemListElement":[{"@type":"ListItem","position":1,"name":"Home","item":"https:\/\/www.labectra.lt\/"},{"@type":"ListItem","position":2,"name":"Termin\u0117 \u012franga","item":"https:\/\/www.labectra.lt\/termine-iranga\/"},{"@type":"ListItem","position":3,"name":"Temperat\u016bros \u0161oko kamera CST320 2T"}]},{"@type":"WebSite","@id":"https:\/\/www.labectra.lt\/#website","url":"https:\/\/www.labectra.lt\/","name":"Termin\u0117 \u012franga - Labectra","description":"J\u016bs\u0173 termin\u0117s \u012frangos tiek\u0117jas!","publisher":{"@id":"https:\/\/www.labectra.lt\/#organization"},"potentialAction":[{"@type":"SearchAction","target":{"@type":"EntryPoint","urlTemplate":"https:\/\/www.labectra.lt\/?s={search_term_string}"},"query-input":"required name=search_term_string"}],"inLanguage":"en-GB"},{"@type":"Organization","@id":"https:\/\/www.labectra.lt\/#organization","name":"Labectra","url":"https:\/\/www.labectra.lt\/","logo":{"@type":"ImageObject","inLanguage":"en-GB","@id":"https:\/\/www.labectra.lt\/#\/schema\/logo\/image\/","url":"https:\/\/www.labectra.lt\/wp-content\/uploads\/2019\/09\/Logo21.png","contentUrl":"https:\/\/www.labectra.lt\/wp-content\/uploads\/2019\/09\/Logo21.png","width":392,"height":58,"caption":"Labectra"},"image":{"@id":"https:\/\/www.labectra.lt\/#\/schema\/logo\/image\/"}}]}},"_links":{"self":[{"href":"https:\/\/www.labectra.lt\/en\/wp-json\/wp\/v2\/product\/2158"}],"collection":[{"href":"https:\/\/www.labectra.lt\/en\/wp-json\/wp\/v2\/product"}],"about":[{"href":"https:\/\/www.labectra.lt\/en\/wp-json\/wp\/v2\/types\/product"}],"wp:featuredmedia":[{"embeddable":true,"href":"https:\/\/www.labectra.lt\/en\/wp-json\/wp\/v2\/media\/1939"}],"wp:attachment":[{"href":"https:\/\/www.labectra.lt\/en\/wp-json\/wp\/v2\/media?parent=2158"}],"curies":[{"name":"wp","href":"https:\/\/api.w.org\/{rel}","templated":true}]}}