{"id":2159,"date":"2019-09-09T23:13:28","date_gmt":"2019-09-09T20:13:28","guid":{"rendered":"https:\/\/www.labectra.lt\/produktas\/vakuumine-kamera-ud-1000-c\/"},"modified":"2019-11-05T01:22:59","modified_gmt":"2019-11-04T23:22:59","slug":"vakuumine-kamera-ud-1000-c","status":"publish","type":"product","link":"https:\/\/www.labectra.lt\/en\/product\/vakuumine-kamera-ud-1000-c\/","title":{"rendered":"Vacuum Chamber UD 1000 C"},"content":{"rendered":"<p>Vacuum chambers are available in standard 150, 500, and 1,000 liter capacities. A special wall thermoregulation system (optional) guarantees the best functioning below 300 mbar, thermoregulating the test environment by radiation.<\/p>\n<p style=\"font-weight: 400;\"><b><strong>Vacuum Chamber UD 1000 C<\/strong><\/b><\/p>\n<p style=\"font-weight: 400;\">\u00a0<b>GENERAL INFORMATION<\/b><\/p>\n<p style=\"font-weight: 400;\">\u00a0\u2013 Useful capacity: 1041 l<\/p>\n<p style=\"font-weight: 400;\">\u00a0\u2013 Internal dimensions: 1010x1010x1020 (WxDxH) mm<\/p>\n<p style=\"font-weight: 400;\">\u00a0\u2013 External dimensions: 1528x3455x2290 (WxDxH) mm<\/p>\n<p style=\"font-weight: 400;\">\u00a0<b><strong><strong><b>PERFORMANCES<\/b><\/strong><\/strong><\/b><\/p>\n<p style=\"font-weight: 400;\">\u00a0\u2013 Temperature range: [-70\u00b0C; +100\u00b0C] (from Pamb. to 300mbar)<\/p>\n<p style=\"font-weight: 400;\">\u00a0\u2013 Temperature Fluctuation: \u00b11\u00b0C<\/p>\n<p style=\"font-weight: 400;\">\u00a0\u2013 Temperature Rate of Change:<\/p>\n<p style=\"font-weight: 400;\">\u00a0Heating: 2,5\u00b0C\/min from -70\u00b0C to +100\u00b0C<\/p>\n<p style=\"font-weight: 400;\">\u00a0Cooling: 1,5\u00b0C\/min from +100\u00b0C to -70\u00b0C<\/p>\n<p style=\"font-weight: 400;\">\u2013 Relative Humidity range: from 20% to 95% within the temperature range [+20\u00b0C; +80\u00b0C]<\/p>\n<p style=\"font-weight: 400;\">\u00a0\u2013 Relative Humidity Fluctuation: UR: \u00b13%...\u00b15%<\/p>\n<p style=\"font-weight: 400;\">\u00a0\u2013 Dew Point range: from: +2\/+79\u00b0C<\/p>\n<p style=\"font-weight: 400;\">\u00a0\u2013 Pressure Range: from ambient pressure to 10 mbar<\/p>\n<p style=\"font-weight: 400;\">\u00a0\u2013 Pressure fall down time to 10 mbar: 20 min. from ambient pressure to 10 mbar<\/p>\n<p style=\"font-weight: 400;\">\u00a0\u2013 Max Power<sup>2<\/sup>\u00a0, 32\/28 kW<\/p>\n<p style=\"font-weight: 400;\">\u2013 Weight: 2900 Kg<\/p>\n<p style=\"font-weight: 400;\">\u00a0- Voltage: 400 V \u00b110%\/50Hz\/3ph + N + G<\/p>\n<p style=\"font-weight: 400;\">\u00a0\u2013 Noise: 68 dBA (measured at 1 m from the front wall in a non reverberating room)<\/p>\n<p style=\"font-weight: 400;\" class=\" translation-block\">\u2013 Water consumption: 55l\/min with water at T +29\u00b0C and temperature difference at 5\u00b0C (water temperature range +12\/+29\u00b0C)<\/p>\n<p style=\"font-weight: 400;\">\u00a0&#8211;\u00a0Kaitinimas\/Sien\u0173 \u0161aldymas, (i\u0161skyrus duris) remiantis standartais IEC 600608-3-5 ir IEC 600608-3-6, +85&#8230;-70\u00b0C<\/p>\n<p style=\"font-weight: 400;\" class=\" translation-block\"><b><strong>V<\/strong><\/b><b><strong>a<\/strong><\/b><b><strong>kuumin\u0117s kameros termostato versijai U reik\u0161m\u0119 reikia pakeisti T reik\u0161me<\/strong><\/b><\/p>\n<p style=\"font-weight: 400;\"><b><strong>\u00a0<sup>2<\/sup>\u00a0\u017eemesn\u0117 reik\u0161m\u0117 tik termostato versijai<\/strong><\/b><\/p>\n<p style=\"font-weight: 400;\"><b><strong>\u00a0Visi banddymai alikti prie +25\u00b0C temperat\u016bros<\/strong><\/b><\/p>\n<p style=\"font-weight: 400;\">\n<p style=\"font-weight: 400;\"><b><strong><strong><b>THE BASIC CONFIGURATION INCLUDES:<\/b><\/strong><\/strong><\/b><\/p>\n<p style=\"font-weight: 400;\">\u00a0* Mechanical door closers<\/p>\n<p style=\"font-weight: 400;\">\u00a0* 300x300 mm multipane inspection window<\/p>\n<p style=\"font-weight: 400;\">\u00a0* legs: height adjustable<\/p>\n<p style=\"font-weight: 400;\">\u00a0* N. 1 lateral porthole \u00f8100 mm<\/p>\n<p>* lnternal lighting<\/p>\n<p style=\"font-weight: 400;\">\u00a0* Digital undertemperature\/overtemperature switch with indipendent probe<\/p>\n<p style=\"font-weight: 400;\">\u00a0* Data protection in case of power failure<\/p>\n<p style=\"font-weight: 400;\">\u00a0* Water condenser: town (T=+15\u00b0C \u00b13\u00b0C) or tower (Tin max +29\u00b0C; Tout +34\u00b0C)<\/p>\n<p style=\"font-weight: 400;\">\u00a0* RS232 interface<\/p>\n<p style=\"font-weight: 400;\">\u00a0* Ethernet port<\/p>\n<p style=\"font-weight: 400;\">\u00a0* no. 1 auxiliary contact (specimens)<\/p>\n<p style=\"font-weight: 400;\">\u00a0*  Controlled by PLC and \"KeyKratos Plus\" touchscreen on the door.<\/p>\n<p><b><strong><strong><b>UD1000C ACCESSORIES<\/b><\/strong><\/strong><\/b><\/p>\n<p style=\"font-weight: 400;\">\u00a0* WiKratos is available for Windows XP \/ Vista \/ 7<\/p>\n<p style=\"font-weight: 400;\">\u00a0* Winkratos S\/W (Windows) For One Chamber Remote Control By Pc (Via Ethernet)<\/p>\n<p style=\"font-weight: 400;\">\u00a0* Extra stainless steel AISI 304 shelf<\/p>\n<p style=\"font-weight: 400;\">\u00a0* Extra hole diameter 50,100, and 160mm<\/p>\n<p style=\"font-weight: 400;\" class=\" translation-block\">* Increasing the temperature to +180 \u00b0C<\/p>\n<p style=\"font-weight: 400;\">\u00a0* 4 analogue signals<\/p>\n<p style=\"font-weight: 400;\">\u00a0* Additional 8 auxiliary contacts<\/p>\n<p style=\"font-weight: 400;\">\u00a0* Pressure Range: from ambient pressure to 10 mbar<\/p>\n<p style=\"font-weight: 400;\">\u00a0* Remote Air Condenser<\/p>\n<p style=\"font-weight: 400;\">\u00a0* Additional noise insulation<\/p>\n<p style=\"font-weight: 400;\">\u00a0* UPS Touchscreen<\/p>\n<p style=\"font-weight: 400;\">\u00a0* Special voltage and frequency<\/p>\n<p style=\"font-weight: 400;\">\u00a0* Set of No. 6 PT100 inputs<\/p>\n<p style=\"font-weight: 400;\">\u00a0*Sien\u0173 au\u0161inimas (i\u0161skyrus duris) su tam skirtais daviklias<\/p>\n<p style=\"font-weight: 400;\">*Sien\u0173 au\u0161inimas\/kaitinimas(i\u0161skyrus duris) su tam skirtais daviklias<\/p>","protected":false},"excerpt":{"rendered":"<p>Vakuumin\u0117 kamera UD 1000 C gali b\u016bti su temperat\u016bros arba temperat\u016bros ir dregm\u0117s valdymu. Vakuumin\u0117 kamera UD 1000 C \u00a0Bendra informacija \u00a0&#8211; Naudinga talpa: 1041 l \u00a0&#8211; Vidiniai kamaros matmenys (PxGxA): 1010x1010X1020 mm \u00a0&#8211; I\u0161oriniai matmenys (PxGxA):\u00a0 1430x3455x2290 mm \u00a0Vakuumin\u0117 kamera UD 1000 C PARAMETRAI \u00a0&#8211; Temperat\u016bros diapazonas, sl\u0117gis &gt;300 mbar: [-70\u00b0C; +100\u00b0C] \u00a0&#8211; Temperat\u016bros &hellip;<\/p>\n<p class=\"read-more\"> <a class=\"\" href=\"https:\/\/www.labectra.lt\/en\/product\/vakuumine-kamera-ud-1000-c\/\"> <span class=\"screen-reader-text\">Vacuum Chamber UD 1000 C<\/span> Read More &raquo;<\/a><\/p>","protected":false},"featured_media":1940,"template":"","meta":[],"yoast_head":"<!-- This site is optimized with the Yoast SEO plugin v21.6 - https:\/\/yoast.com\/wordpress\/plugins\/seo\/ -->\n<title>Vakuumin\u0117 kamera UD 1000 C - Termin\u0117 \u012franga - Labectra<\/title>\n<meta name=\"robots\" content=\"index, follow, max-snippet:-1, max-image-preview:large, max-video-preview:-1\" \/>\n<link rel=\"canonical\" href=\"https:\/\/www.labectra.lt\/en\/product\/vakuumine-kamera-ud-1000-c\/\" \/>\n<meta property=\"og:locale\" content=\"en_GB\" \/>\n<meta property=\"og:type\" content=\"article\" \/>\n<meta property=\"og:title\" content=\"Vakuumin\u0117 kamera UD 1000 C - Termin\u0117 \u012franga - Labectra\" \/>\n<meta property=\"og:description\" content=\"Vakuumin\u0117 kamera UD 1000 C gali b\u016bti su temperat\u016bros arba temperat\u016bros ir dregm\u0117s valdymu. Vakuumin\u0117 kamera UD 1000 C \u00a0Bendra informacija \u00a0&#8211; Naudinga talpa: 1041 l \u00a0&#8211; Vidiniai kamaros matmenys (PxGxA): 1010x1010X1020 mm \u00a0&#8211; I\u0161oriniai matmenys (PxGxA):\u00a0 1430x3455x2290 mm \u00a0Vakuumin\u0117 kamera UD 1000 C PARAMETRAI \u00a0&#8211; Temperat\u016bros diapazonas, sl\u0117gis &gt;300 mbar: [-70\u00b0C; +100\u00b0C] \u00a0&#8211; Temperat\u016bros &hellip; Vakuumin\u0117 kamera UD 1000 C Read More &raquo;\" \/>\n<meta property=\"og:url\" content=\"https:\/\/www.labectra.lt\/en\/product\/vakuumine-kamera-ud-1000-c\/\" \/>\n<meta property=\"og:site_name\" content=\"Termin\u0117 \u012franga - Labectra\" \/>\n<meta property=\"article:modified_time\" content=\"2019-11-04T23:22:59+00:00\" \/>\n<meta property=\"og:image\" content=\"https:\/\/www.labectra.lt\/wp-content\/uploads\/2019\/09\/vakuumine-kamera-ud-1000-c.jpg\" \/>\n\t<meta property=\"og:image:width\" content=\"500\" \/>\n\t<meta property=\"og:image:height\" content=\"431\" \/>\n\t<meta property=\"og:image:type\" content=\"image\/jpeg\" \/>\n<meta name=\"twitter:card\" content=\"summary_large_image\" \/>\n<meta name=\"twitter:label1\" content=\"Estimated reading time\" \/>\n\t<meta name=\"twitter:data1\" content=\"2 minutes\" \/>\n<script type=\"application\/ld+json\" class=\"yoast-schema-graph\">{\"@context\":\"https:\/\/schema.org\",\"@graph\":[{\"@type\":\"WebPage\",\"@id\":\"https:\/\/www.labectra.lt\/produktas\/vakuumine-kamera-ud-1000-c\/\",\"url\":\"https:\/\/www.labectra.lt\/produktas\/vakuumine-kamera-ud-1000-c\/\",\"name\":\"Vakuumin\u0117 kamera UD 1000 C - Termin\u0117 \u012franga - Labectra\",\"isPartOf\":{\"@id\":\"https:\/\/www.labectra.lt\/#website\"},\"datePublished\":\"2019-09-09T20:13:28+00:00\",\"dateModified\":\"2019-11-04T23:22:59+00:00\",\"breadcrumb\":{\"@id\":\"https:\/\/www.labectra.lt\/produktas\/vakuumine-kamera-ud-1000-c\/#breadcrumb\"},\"inLanguage\":\"en-GB\",\"potentialAction\":[{\"@type\":\"ReadAction\",\"target\":[\"https:\/\/www.labectra.lt\/produktas\/vakuumine-kamera-ud-1000-c\/\"]}]},{\"@type\":\"BreadcrumbList\",\"@id\":\"https:\/\/www.labectra.lt\/produktas\/vakuumine-kamera-ud-1000-c\/#breadcrumb\",\"itemListElement\":[{\"@type\":\"ListItem\",\"position\":1,\"name\":\"Home\",\"item\":\"https:\/\/www.labectra.lt\/\"},{\"@type\":\"ListItem\",\"position\":2,\"name\":\"Termin\u0117 \u012franga\",\"item\":\"https:\/\/www.labectra.lt\/termine-iranga\/\"},{\"@type\":\"ListItem\",\"position\":3,\"name\":\"Vakuumin\u0117 kamera UD 1000 C\"}]},{\"@type\":\"WebSite\",\"@id\":\"https:\/\/www.labectra.lt\/#website\",\"url\":\"https:\/\/www.labectra.lt\/\",\"name\":\"Termin\u0117 \u012franga - Labectra\",\"description\":\"J\u016bs\u0173 termin\u0117s \u012frangos tiek\u0117jas!\",\"publisher\":{\"@id\":\"https:\/\/www.labectra.lt\/#organization\"},\"potentialAction\":[{\"@type\":\"SearchAction\",\"target\":{\"@type\":\"EntryPoint\",\"urlTemplate\":\"https:\/\/www.labectra.lt\/?s={search_term_string}\"},\"query-input\":\"required name=search_term_string\"}],\"inLanguage\":\"en-GB\"},{\"@type\":\"Organization\",\"@id\":\"https:\/\/www.labectra.lt\/#organization\",\"name\":\"Labectra\",\"url\":\"https:\/\/www.labectra.lt\/\",\"logo\":{\"@type\":\"ImageObject\",\"inLanguage\":\"en-GB\",\"@id\":\"https:\/\/www.labectra.lt\/#\/schema\/logo\/image\/\",\"url\":\"https:\/\/www.labectra.lt\/wp-content\/uploads\/2019\/09\/Logo21.png\",\"contentUrl\":\"https:\/\/www.labectra.lt\/wp-content\/uploads\/2019\/09\/Logo21.png\",\"width\":392,\"height\":58,\"caption\":\"Labectra\"},\"image\":{\"@id\":\"https:\/\/www.labectra.lt\/#\/schema\/logo\/image\/\"}}]}<\/script>\n<!-- \/ Yoast SEO plugin. -->","yoast_head_json":{"title":"Vakuumin\u0117 kamera UD 1000 C - Termin\u0117 \u012franga - Labectra","robots":{"index":"index","follow":"follow","max-snippet":"max-snippet:-1","max-image-preview":"max-image-preview:large","max-video-preview":"max-video-preview:-1"},"canonical":"https:\/\/www.labectra.lt\/en\/product\/vakuumine-kamera-ud-1000-c\/","og_locale":"en_GB","og_type":"article","og_title":"Vakuumin\u0117 kamera UD 1000 C - Termin\u0117 \u012franga - Labectra","og_description":"Vakuumin\u0117 kamera UD 1000 C gali b\u016bti su temperat\u016bros arba temperat\u016bros ir dregm\u0117s valdymu. Vakuumin\u0117 kamera UD 1000 C \u00a0Bendra informacija \u00a0&#8211; Naudinga talpa: 1041 l \u00a0&#8211; Vidiniai kamaros matmenys (PxGxA): 1010x1010X1020 mm \u00a0&#8211; I\u0161oriniai matmenys (PxGxA):\u00a0 1430x3455x2290 mm \u00a0Vakuumin\u0117 kamera UD 1000 C PARAMETRAI \u00a0&#8211; Temperat\u016bros diapazonas, sl\u0117gis &gt;300 mbar: [-70\u00b0C; +100\u00b0C] \u00a0&#8211; Temperat\u016bros &hellip; Vakuumin\u0117 kamera UD 1000 C Read More &raquo;","og_url":"https:\/\/www.labectra.lt\/en\/product\/vakuumine-kamera-ud-1000-c\/","og_site_name":"Termin\u0117 \u012franga - Labectra","article_modified_time":"2019-11-04T23:22:59+00:00","og_image":[{"width":500,"height":431,"url":"https:\/\/www.labectra.lt\/wp-content\/uploads\/2019\/09\/vakuumine-kamera-ud-1000-c.jpg","type":"image\/jpeg"}],"twitter_card":"summary_large_image","twitter_misc":{"Estimated reading time":"2 minutes"},"schema":{"@context":"https:\/\/schema.org","@graph":[{"@type":"WebPage","@id":"https:\/\/www.labectra.lt\/produktas\/vakuumine-kamera-ud-1000-c\/","url":"https:\/\/www.labectra.lt\/produktas\/vakuumine-kamera-ud-1000-c\/","name":"Vakuumin\u0117 kamera UD 1000 C - Termin\u0117 \u012franga - Labectra","isPartOf":{"@id":"https:\/\/www.labectra.lt\/#website"},"datePublished":"2019-09-09T20:13:28+00:00","dateModified":"2019-11-04T23:22:59+00:00","breadcrumb":{"@id":"https:\/\/www.labectra.lt\/produktas\/vakuumine-kamera-ud-1000-c\/#breadcrumb"},"inLanguage":"en-GB","potentialAction":[{"@type":"ReadAction","target":["https:\/\/www.labectra.lt\/produktas\/vakuumine-kamera-ud-1000-c\/"]}]},{"@type":"BreadcrumbList","@id":"https:\/\/www.labectra.lt\/produktas\/vakuumine-kamera-ud-1000-c\/#breadcrumb","itemListElement":[{"@type":"ListItem","position":1,"name":"Home","item":"https:\/\/www.labectra.lt\/"},{"@type":"ListItem","position":2,"name":"Termin\u0117 \u012franga","item":"https:\/\/www.labectra.lt\/termine-iranga\/"},{"@type":"ListItem","position":3,"name":"Vakuumin\u0117 kamera UD 1000 C"}]},{"@type":"WebSite","@id":"https:\/\/www.labectra.lt\/#website","url":"https:\/\/www.labectra.lt\/","name":"Termin\u0117 \u012franga - Labectra","description":"J\u016bs\u0173 termin\u0117s \u012frangos tiek\u0117jas!","publisher":{"@id":"https:\/\/www.labectra.lt\/#organization"},"potentialAction":[{"@type":"SearchAction","target":{"@type":"EntryPoint","urlTemplate":"https:\/\/www.labectra.lt\/?s={search_term_string}"},"query-input":"required name=search_term_string"}],"inLanguage":"en-GB"},{"@type":"Organization","@id":"https:\/\/www.labectra.lt\/#organization","name":"Labectra","url":"https:\/\/www.labectra.lt\/","logo":{"@type":"ImageObject","inLanguage":"en-GB","@id":"https:\/\/www.labectra.lt\/#\/schema\/logo\/image\/","url":"https:\/\/www.labectra.lt\/wp-content\/uploads\/2019\/09\/Logo21.png","contentUrl":"https:\/\/www.labectra.lt\/wp-content\/uploads\/2019\/09\/Logo21.png","width":392,"height":58,"caption":"Labectra"},"image":{"@id":"https:\/\/www.labectra.lt\/#\/schema\/logo\/image\/"}}]}},"_links":{"self":[{"href":"https:\/\/www.labectra.lt\/en\/wp-json\/wp\/v2\/product\/2159"}],"collection":[{"href":"https:\/\/www.labectra.lt\/en\/wp-json\/wp\/v2\/product"}],"about":[{"href":"https:\/\/www.labectra.lt\/en\/wp-json\/wp\/v2\/types\/product"}],"wp:featuredmedia":[{"embeddable":true,"href":"https:\/\/www.labectra.lt\/en\/wp-json\/wp\/v2\/media\/1940"}],"wp:attachment":[{"href":"https:\/\/www.labectra.lt\/en\/wp-json\/wp\/v2\/media?parent=2159"}],"curies":[{"name":"wp","href":"https:\/\/api.w.org\/{rel}","templated":true}]}}