{"id":2162,"date":"2019-09-17T05:21:08","date_gmt":"2019-09-17T07:21:08","guid":{"rendered":"https:\/\/www.labectra.lt\/produktas\/saugos-spintos\/"},"modified":"2023-12-04T10:24:30","modified_gmt":"2023-12-04T08:24:30","slug":"saugos-spintos","status":"publish","type":"product","link":"https:\/\/www.labectra.lt\/en\/product\/saugos-spintos\/","title":{"rendered":"Lent\u0173 deginimo krosnis_IKF"},"content":{"rendered":"<p><span class=\"fontstyle0\">Lent\u0173 deginimo krosnis konvejeris skirta lent\u0173 (medienos) deginimui, kad pary\u0161kint\u0173 medienos tekst\u016br\u0105. <em>Japoni\u0161ka degimo<\/em> technologija medienos apdorojimas ugnimi pabr\u0117\u017eia nat\u016brali\u0105 strukt\u016br\u0105, padidina ra\u0161to kontrast\u0105, sukuria atsparum\u0105 irimui, ultravioletini\u0173 spinduli\u0173 ir pan. pa\u017eeidimams.<\/span><\/p>\n<p><span class=\"fontstyle0\">Medienos terminio apdorojimo &#8211; <a href=\"https:\/\/www.labectra.lt\/wp-content\/uploads\/2019\/09\/Lent\u0173-deginimo-krosnis-Heldors-IKF-1200_132.pdf\">Lent\u0173 deginimo krosnis Heldors IKF 1200_132<\/a> su auk\u0161to sl\u0117gio (1-3 bar\u0173) degikliais, veikian\u010diais i\u0161 suskystint\u0173 duj\u0173 balion\u0173. S usideda i\u0161 \u0161i\u0173 dali\u0173:<br \/>\n<span class=\"fontstyle2\">1. Pakrovimo stalas (ilgis 6200 mm)<br \/>\n2. Lent\u0173 deginimo krosnis (maks. temp. 1200\u00b0C)<br \/>\n3. Liepsnos gesinimo kamera (maks. temp. 150\u00b0C)<br \/>\n4. Nukrovimo stalas<\/span><br \/>\n<\/span><\/p>\n<p>Gaminame pagal kliento poreikius, pagal indiviadualius u\u017esakymus.<\/p>","protected":false},"excerpt":{"rendered":"<p>Lent\u0173 deginimo krosnis konvejeris skirta lent\u0173 (medienos) deginimui, kad pary\u0161kint\u0173 medienos tekst\u016br\u0105. Japoni\u0161ka degimo technologija medienos apdorojimas ugnimi pabr\u0117\u017eia nat\u016brali\u0105 strukt\u016br\u0105, padidina ra\u0161to kontrast\u0105, sukuria atsparum\u0105 irimui, ultravioletini\u0173 spinduli\u0173 ir pan. pa\u017eeidimams. Medienos terminio apdorojimo &#8211; Lent\u0173 deginimo krosnis Heldors IKF 1200_132 su auk\u0161to sl\u0117gio (1-3 bar\u0173) degikliais, veikian\u010diais i\u0161 suskystint\u0173 duj\u0173 balion\u0173. S usideda &hellip;<\/p>\n<p class=\"read-more\"> <a class=\"\" href=\"https:\/\/www.labectra.lt\/en\/product\/saugos-spintos\/\"> <span class=\"screen-reader-text\">Lent\u0173 deginimo krosnis_IKF<\/span> Read More &raquo;<\/a><\/p>","protected":false},"featured_media":2372,"template":"","meta":[],"yoast_head":"<!-- This site is optimized with the Yoast SEO plugin v21.6 - https:\/\/yoast.com\/wordpress\/plugins\/seo\/ -->\n<title>Lent\u0173 deginimo krosnis_IKF - Termin\u0117 \u012franga - Labectra<\/title>\n<meta name=\"robots\" content=\"index, follow, max-snippet:-1, max-image-preview:large, max-video-preview:-1\" \/>\n<link rel=\"canonical\" href=\"https:\/\/www.labectra.lt\/en\/product\/saugos-spintos\/\" \/>\n<meta property=\"og:locale\" content=\"en_GB\" \/>\n<meta property=\"og:type\" content=\"article\" \/>\n<meta property=\"og:title\" content=\"Lent\u0173 deginimo krosnis_IKF - Termin\u0117 \u012franga - Labectra\" \/>\n<meta property=\"og:description\" content=\"Lent\u0173 deginimo krosnis konvejeris skirta lent\u0173 (medienos) deginimui, kad pary\u0161kint\u0173 medienos tekst\u016br\u0105. Japoni\u0161ka degimo technologija medienos apdorojimas ugnimi pabr\u0117\u017eia nat\u016brali\u0105 strukt\u016br\u0105, padidina ra\u0161to kontrast\u0105, sukuria atsparum\u0105 irimui, ultravioletini\u0173 spinduli\u0173 ir pan. pa\u017eeidimams. Medienos terminio apdorojimo &#8211; Lent\u0173 deginimo krosnis Heldors IKF 1200_132 su auk\u0161to sl\u0117gio (1-3 bar\u0173) degikliais, veikian\u010diais i\u0161 suskystint\u0173 duj\u0173 balion\u0173. S usideda &hellip; Lent\u0173 deginimo krosnis_IKF Read More &raquo;\" \/>\n<meta property=\"og:url\" content=\"https:\/\/www.labectra.lt\/en\/product\/saugos-spintos\/\" \/>\n<meta property=\"og:site_name\" content=\"Termin\u0117 \u012franga - Labectra\" \/>\n<meta property=\"article:modified_time\" content=\"2023-12-04T08:24:30+00:00\" \/>\n<meta property=\"og:image\" content=\"https:\/\/www.labectra.lt\/wp-content\/uploads\/2023\/12\/IMG_7365_iskirpta-be-fono-1024x962.png\" \/>\n\t<meta property=\"og:image:width\" content=\"1024\" \/>\n\t<meta property=\"og:image:height\" content=\"962\" \/>\n\t<meta property=\"og:image:type\" content=\"image\/png\" \/>\n<meta name=\"twitter:card\" content=\"summary_large_image\" \/>\n<script type=\"application\/ld+json\" class=\"yoast-schema-graph\">{\"@context\":\"https:\/\/schema.org\",\"@graph\":[{\"@type\":\"WebPage\",\"@id\":\"https:\/\/www.labectra.lt\/produktas\/saugos-spintos\/\",\"url\":\"https:\/\/www.labectra.lt\/produktas\/saugos-spintos\/\",\"name\":\"Lent\u0173 deginimo krosnis_IKF - Termin\u0117 \u012franga - Labectra\",\"isPartOf\":{\"@id\":\"https:\/\/www.labectra.lt\/#website\"},\"datePublished\":\"2019-09-17T07:21:08+00:00\",\"dateModified\":\"2023-12-04T08:24:30+00:00\",\"breadcrumb\":{\"@id\":\"https:\/\/www.labectra.lt\/produktas\/saugos-spintos\/#breadcrumb\"},\"inLanguage\":\"en-GB\",\"potentialAction\":[{\"@type\":\"ReadAction\",\"target\":[\"https:\/\/www.labectra.lt\/produktas\/saugos-spintos\/\"]}]},{\"@type\":\"BreadcrumbList\",\"@id\":\"https:\/\/www.labectra.lt\/produktas\/saugos-spintos\/#breadcrumb\",\"itemListElement\":[{\"@type\":\"ListItem\",\"position\":1,\"name\":\"Home\",\"item\":\"https:\/\/www.labectra.lt\/\"},{\"@type\":\"ListItem\",\"position\":2,\"name\":\"Termin\u0117 \u012franga\",\"item\":\"https:\/\/www.labectra.lt\/termine-iranga\/\"},{\"@type\":\"ListItem\",\"position\":3,\"name\":\"Lent\u0173 deginimo krosnis_IKF\"}]},{\"@type\":\"WebSite\",\"@id\":\"https:\/\/www.labectra.lt\/#website\",\"url\":\"https:\/\/www.labectra.lt\/\",\"name\":\"Termin\u0117 \u012franga - Labectra\",\"description\":\"J\u016bs\u0173 termin\u0117s \u012frangos tiek\u0117jas!\",\"publisher\":{\"@id\":\"https:\/\/www.labectra.lt\/#organization\"},\"potentialAction\":[{\"@type\":\"SearchAction\",\"target\":{\"@type\":\"EntryPoint\",\"urlTemplate\":\"https:\/\/www.labectra.lt\/?s={search_term_string}\"},\"query-input\":\"required name=search_term_string\"}],\"inLanguage\":\"en-GB\"},{\"@type\":\"Organization\",\"@id\":\"https:\/\/www.labectra.lt\/#organization\",\"name\":\"Labectra\",\"url\":\"https:\/\/www.labectra.lt\/\",\"logo\":{\"@type\":\"ImageObject\",\"inLanguage\":\"en-GB\",\"@id\":\"https:\/\/www.labectra.lt\/#\/schema\/logo\/image\/\",\"url\":\"https:\/\/www.labectra.lt\/wp-content\/uploads\/2019\/09\/Logo21.png\",\"contentUrl\":\"https:\/\/www.labectra.lt\/wp-content\/uploads\/2019\/09\/Logo21.png\",\"width\":392,\"height\":58,\"caption\":\"Labectra\"},\"image\":{\"@id\":\"https:\/\/www.labectra.lt\/#\/schema\/logo\/image\/\"}}]}<\/script>\n<!-- \/ Yoast SEO plugin. -->","yoast_head_json":{"title":"Lent\u0173 deginimo krosnis_IKF - Termin\u0117 \u012franga - Labectra","robots":{"index":"index","follow":"follow","max-snippet":"max-snippet:-1","max-image-preview":"max-image-preview:large","max-video-preview":"max-video-preview:-1"},"canonical":"https:\/\/www.labectra.lt\/en\/product\/saugos-spintos\/","og_locale":"en_GB","og_type":"article","og_title":"Lent\u0173 deginimo krosnis_IKF - Termin\u0117 \u012franga - Labectra","og_description":"Lent\u0173 deginimo krosnis konvejeris skirta lent\u0173 (medienos) deginimui, kad pary\u0161kint\u0173 medienos tekst\u016br\u0105. Japoni\u0161ka degimo technologija medienos apdorojimas ugnimi pabr\u0117\u017eia nat\u016brali\u0105 strukt\u016br\u0105, padidina ra\u0161to kontrast\u0105, sukuria atsparum\u0105 irimui, ultravioletini\u0173 spinduli\u0173 ir pan. pa\u017eeidimams. Medienos terminio apdorojimo &#8211; Lent\u0173 deginimo krosnis Heldors IKF 1200_132 su auk\u0161to sl\u0117gio (1-3 bar\u0173) degikliais, veikian\u010diais i\u0161 suskystint\u0173 duj\u0173 balion\u0173. S usideda &hellip; Lent\u0173 deginimo krosnis_IKF Read More &raquo;","og_url":"https:\/\/www.labectra.lt\/en\/product\/saugos-spintos\/","og_site_name":"Termin\u0117 \u012franga - Labectra","article_modified_time":"2023-12-04T08:24:30+00:00","og_image":[{"width":1024,"height":962,"url":"https:\/\/www.labectra.lt\/wp-content\/uploads\/2023\/12\/IMG_7365_iskirpta-be-fono-1024x962.png","type":"image\/png"}],"twitter_card":"summary_large_image","schema":{"@context":"https:\/\/schema.org","@graph":[{"@type":"WebPage","@id":"https:\/\/www.labectra.lt\/produktas\/saugos-spintos\/","url":"https:\/\/www.labectra.lt\/produktas\/saugos-spintos\/","name":"Lent\u0173 deginimo krosnis_IKF - Termin\u0117 \u012franga - Labectra","isPartOf":{"@id":"https:\/\/www.labectra.lt\/#website"},"datePublished":"2019-09-17T07:21:08+00:00","dateModified":"2023-12-04T08:24:30+00:00","breadcrumb":{"@id":"https:\/\/www.labectra.lt\/produktas\/saugos-spintos\/#breadcrumb"},"inLanguage":"en-GB","potentialAction":[{"@type":"ReadAction","target":["https:\/\/www.labectra.lt\/produktas\/saugos-spintos\/"]}]},{"@type":"BreadcrumbList","@id":"https:\/\/www.labectra.lt\/produktas\/saugos-spintos\/#breadcrumb","itemListElement":[{"@type":"ListItem","position":1,"name":"Home","item":"https:\/\/www.labectra.lt\/"},{"@type":"ListItem","position":2,"name":"Termin\u0117 \u012franga","item":"https:\/\/www.labectra.lt\/termine-iranga\/"},{"@type":"ListItem","position":3,"name":"Lent\u0173 deginimo krosnis_IKF"}]},{"@type":"WebSite","@id":"https:\/\/www.labectra.lt\/#website","url":"https:\/\/www.labectra.lt\/","name":"Termin\u0117 \u012franga - Labectra","description":"J\u016bs\u0173 termin\u0117s \u012frangos tiek\u0117jas!","publisher":{"@id":"https:\/\/www.labectra.lt\/#organization"},"potentialAction":[{"@type":"SearchAction","target":{"@type":"EntryPoint","urlTemplate":"https:\/\/www.labectra.lt\/?s={search_term_string}"},"query-input":"required name=search_term_string"}],"inLanguage":"en-GB"},{"@type":"Organization","@id":"https:\/\/www.labectra.lt\/#organization","name":"Labectra","url":"https:\/\/www.labectra.lt\/","logo":{"@type":"ImageObject","inLanguage":"en-GB","@id":"https:\/\/www.labectra.lt\/#\/schema\/logo\/image\/","url":"https:\/\/www.labectra.lt\/wp-content\/uploads\/2019\/09\/Logo21.png","contentUrl":"https:\/\/www.labectra.lt\/wp-content\/uploads\/2019\/09\/Logo21.png","width":392,"height":58,"caption":"Labectra"},"image":{"@id":"https:\/\/www.labectra.lt\/#\/schema\/logo\/image\/"}}]}},"_links":{"self":[{"href":"https:\/\/www.labectra.lt\/en\/wp-json\/wp\/v2\/product\/2162"}],"collection":[{"href":"https:\/\/www.labectra.lt\/en\/wp-json\/wp\/v2\/product"}],"about":[{"href":"https:\/\/www.labectra.lt\/en\/wp-json\/wp\/v2\/types\/product"}],"wp:featuredmedia":[{"embeddable":true,"href":"https:\/\/www.labectra.lt\/en\/wp-json\/wp\/v2\/media\/2372"}],"wp:attachment":[{"href":"https:\/\/www.labectra.lt\/en\/wp-json\/wp\/v2\/media?parent=2162"}],"curies":[{"name":"wp","href":"https:\/\/api.w.org\/{rel}","templated":true}]}}