{"id":2164,"date":"2019-09-17T08:36:32","date_gmt":"2019-09-17T05:36:32","guid":{"rendered":"https:\/\/www.labectra.lt\/produktas\/mufelines-krosneles\/"},"modified":"2019-11-05T01:22:42","modified_gmt":"2019-11-04T23:22:42","slug":"mufelines-krosneles","status":"publish","type":"product","link":"https:\/\/www.labectra.lt\/en\/product\/mufelines-krosneles\/","title":{"rendered":"Professional Furnaces with Flap Door or Lift Door"},"content":{"rendered":"<p><a href=\"https:\/\/www.labectra.lt\/wp-content\/uploads\/2019\/09\/mufelines-krosneles-1.png\"><img fetchpriority=\"high\" decoding=\"async\" class=\"aligncenter wp-image-1734\" src=\"https:\/\/www.labectra.lt\/wp-content\/uploads\/2019\/09\/mufelines-krosneles-1.png\" sizes=\"(max-width: 600px) 100vw, 600px\" srcset=\"https:\/\/www.labectra.lt\/wp-content\/uploads\/2019\/09\/mufelines-krosneles-1.png 755w, https:\/\/www.labectra.lt\/wp-content\/uploads\/2019\/09\/mufelines-krosneles-1-300x155.png 300w\" alt=\"Mufelin\u0117s krosnel\u0117s. Temperat\u016bra: 1100-1200 \u00b0C. Kameros talpa: 3-40 l.\" width=\"600\" height=\"310\" \/><\/a><br \/>\n<a href=\"https:\/\/www.labectra.lt\/wp-content\/uploads\/2019\/09\/mufelines-krosneles-2.png\"><img decoding=\"async\" class=\"aligncenter wp-image-1735\" src=\"https:\/\/www.labectra.lt\/wp-content\/uploads\/2019\/09\/mufelines-krosneles-2.png\" sizes=\"(max-width: 600px) 100vw, 600px\" srcset=\"https:\/\/www.labectra.lt\/wp-content\/uploads\/2019\/09\/mufelines-krosneles-2.png 720w, https:\/\/www.labectra.lt\/wp-content\/uploads\/2019\/09\/mufelines-krosneles-2-300x218.png 300w\" alt=\"Mufelin\u0117s krosnel\u0117s. Temperat\u016bra: 1100-1200 \u00b0C. Kameros talpa: 3-40 l.\" width=\"600\" height=\"436\" \/><\/a><\/p>\n<p>&nbsp;<\/p>\n<p style=\"text-align: left;\"><strong>Laboratorin\u0117s mufelin\u0117s\u00a0krosnel\u0117s<\/strong>\u00a0\u00a0L 1\/12 \u2013 LT 40\/12 yra puikus pasirinkimas kasdieniam naudojimui.\u00a0 Kliento patogumui, krosnel\u0117s gali b\u016bti su atver\u010diamomis (L modeliai) arba su pakeliamomis (LT modeliai) durel\u0117mis.\u00a0\u0160ios linijos mufelin\u0117s krosnys i\u0161siskiria patikimumu, auk\u0161ta surinkimo kokybe bei\u00a0patrauklia i\u0161vaizda.<\/p>\n<p><a href=\"https:\/\/www.labectra.lt\/wp-content\/uploads\/2019\/09\/mufelines-krosneles-3.png\"><img decoding=\"async\" class=\"aligncenter wp-image-1736\" src=\"https:\/\/www.labectra.lt\/wp-content\/uploads\/2019\/09\/mufelines-krosneles-3.png\" alt=\"Mufelin\u0117s krosnel\u0117s. Temperat\u016bra: 1100-1200 \u00b0C. Kameros talpa: 3-40 l.\" width=\"600\" height=\"360\" srcset=\"https:\/\/www.labectra.lt\/wp-content\/uploads\/2019\/09\/mufelines-krosneles-3.png 756w, https:\/\/www.labectra.lt\/wp-content\/uploads\/2019\/09\/mufelines-krosneles-3-300x180.png 300w\" sizes=\"(max-width: 600px) 100vw, 600px\" \/><\/a><\/p>","protected":false},"excerpt":{"rendered":"<p>&nbsp; Laboratorin\u0117s mufelin\u0117s\u00a0krosnel\u0117s\u00a0\u00a0L 1\/12 \u2013 LT 40\/12 yra puikus pasirinkimas kasdieniam naudojimui.\u00a0 Kliento patogumui, krosnel\u0117s gali b\u016bti su atver\u010diamomis (L modeliai) arba su pakeliamomis (LT modeliai) durel\u0117mis.\u00a0\u0160ios linijos mufelin\u0117s krosnys i\u0161siskiria patikimumu, auk\u0161ta surinkimo kokybe bei\u00a0patrauklia i\u0161vaizda.<\/p>","protected":false},"featured_media":1733,"template":"","meta":[],"yoast_head":"<!-- This site is optimized with the Yoast SEO plugin v21.6 - https:\/\/yoast.com\/wordpress\/plugins\/seo\/ -->\n<title>Mufelin\u0117s krosnel\u0117s - Termin\u0117 \u012franga - Labectra<\/title>\n<meta name=\"robots\" content=\"index, follow, max-snippet:-1, max-image-preview:large, max-video-preview:-1\" \/>\n<link rel=\"canonical\" href=\"https:\/\/www.labectra.lt\/en\/product\/mufelines-krosneles\/\" \/>\n<meta property=\"og:locale\" content=\"en_GB\" \/>\n<meta property=\"og:type\" content=\"article\" \/>\n<meta property=\"og:title\" content=\"Mufelin\u0117s krosnel\u0117s - Termin\u0117 \u012franga - Labectra\" \/>\n<meta property=\"og:description\" content=\"&nbsp; Laboratorin\u0117s mufelin\u0117s\u00a0krosnel\u0117s\u00a0\u00a0L 1\/12 \u2013 LT 40\/12 yra puikus pasirinkimas kasdieniam naudojimui.\u00a0 Kliento patogumui, krosnel\u0117s gali b\u016bti su atver\u010diamomis (L modeliai) arba su pakeliamomis (LT modeliai) durel\u0117mis.\u00a0\u0160ios linijos mufelin\u0117s krosnys i\u0161siskiria patikimumu, auk\u0161ta surinkimo kokybe bei\u00a0patrauklia i\u0161vaizda.\" \/>\n<meta property=\"og:url\" content=\"https:\/\/www.labectra.lt\/en\/product\/mufelines-krosneles\/\" \/>\n<meta property=\"og:site_name\" content=\"Termin\u0117 \u012franga - Labectra\" \/>\n<meta property=\"article:modified_time\" content=\"2019-11-04T23:22:42+00:00\" \/>\n<meta property=\"og:image\" content=\"https:\/\/www.labectra.lt\/wp-content\/uploads\/2019\/09\/mufelines-krosneles.jpg\" \/>\n\t<meta property=\"og:image:width\" content=\"390\" \/>\n\t<meta property=\"og:image:height\" content=\"390\" \/>\n\t<meta property=\"og:image:type\" content=\"image\/jpeg\" \/>\n<meta name=\"twitter:card\" content=\"summary_large_image\" \/>\n<script type=\"application\/ld+json\" class=\"yoast-schema-graph\">{\"@context\":\"https:\/\/schema.org\",\"@graph\":[{\"@type\":\"WebPage\",\"@id\":\"https:\/\/www.labectra.lt\/produktas\/mufelines-krosneles\/\",\"url\":\"https:\/\/www.labectra.lt\/produktas\/mufelines-krosneles\/\",\"name\":\"Mufelin\u0117s krosnel\u0117s - Termin\u0117 \u012franga - Labectra\",\"isPartOf\":{\"@id\":\"https:\/\/www.labectra.lt\/#website\"},\"datePublished\":\"2019-09-17T05:36:32+00:00\",\"dateModified\":\"2019-11-04T23:22:42+00:00\",\"breadcrumb\":{\"@id\":\"https:\/\/www.labectra.lt\/produktas\/mufelines-krosneles\/#breadcrumb\"},\"inLanguage\":\"en-GB\",\"potentialAction\":[{\"@type\":\"ReadAction\",\"target\":[\"https:\/\/www.labectra.lt\/produktas\/mufelines-krosneles\/\"]}]},{\"@type\":\"BreadcrumbList\",\"@id\":\"https:\/\/www.labectra.lt\/produktas\/mufelines-krosneles\/#breadcrumb\",\"itemListElement\":[{\"@type\":\"ListItem\",\"position\":1,\"name\":\"Home\",\"item\":\"https:\/\/www.labectra.lt\/\"},{\"@type\":\"ListItem\",\"position\":2,\"name\":\"Termin\u0117 \u012franga\",\"item\":\"https:\/\/www.labectra.lt\/termine-iranga\/\"},{\"@type\":\"ListItem\",\"position\":3,\"name\":\"Mufelin\u0117s krosnel\u0117s\"}]},{\"@type\":\"WebSite\",\"@id\":\"https:\/\/www.labectra.lt\/#website\",\"url\":\"https:\/\/www.labectra.lt\/\",\"name\":\"Termin\u0117 \u012franga - Labectra\",\"description\":\"J\u016bs\u0173 termin\u0117s \u012frangos tiek\u0117jas!\",\"publisher\":{\"@id\":\"https:\/\/www.labectra.lt\/#organization\"},\"potentialAction\":[{\"@type\":\"SearchAction\",\"target\":{\"@type\":\"EntryPoint\",\"urlTemplate\":\"https:\/\/www.labectra.lt\/?s={search_term_string}\"},\"query-input\":\"required name=search_term_string\"}],\"inLanguage\":\"en-GB\"},{\"@type\":\"Organization\",\"@id\":\"https:\/\/www.labectra.lt\/#organization\",\"name\":\"Labectra\",\"url\":\"https:\/\/www.labectra.lt\/\",\"logo\":{\"@type\":\"ImageObject\",\"inLanguage\":\"en-GB\",\"@id\":\"https:\/\/www.labectra.lt\/#\/schema\/logo\/image\/\",\"url\":\"https:\/\/www.labectra.lt\/wp-content\/uploads\/2019\/09\/Logo21.png\",\"contentUrl\":\"https:\/\/www.labectra.lt\/wp-content\/uploads\/2019\/09\/Logo21.png\",\"width\":392,\"height\":58,\"caption\":\"Labectra\"},\"image\":{\"@id\":\"https:\/\/www.labectra.lt\/#\/schema\/logo\/image\/\"}}]}<\/script>\n<!-- \/ Yoast SEO plugin. -->","yoast_head_json":{"title":"Mufelin\u0117s krosnel\u0117s - Termin\u0117 \u012franga - Labectra","robots":{"index":"index","follow":"follow","max-snippet":"max-snippet:-1","max-image-preview":"max-image-preview:large","max-video-preview":"max-video-preview:-1"},"canonical":"https:\/\/www.labectra.lt\/en\/product\/mufelines-krosneles\/","og_locale":"en_GB","og_type":"article","og_title":"Mufelin\u0117s krosnel\u0117s - Termin\u0117 \u012franga - Labectra","og_description":"&nbsp; Laboratorin\u0117s mufelin\u0117s\u00a0krosnel\u0117s\u00a0\u00a0L 1\/12 \u2013 LT 40\/12 yra puikus pasirinkimas kasdieniam naudojimui.\u00a0 Kliento patogumui, krosnel\u0117s gali b\u016bti su atver\u010diamomis (L modeliai) arba su pakeliamomis (LT modeliai) durel\u0117mis.\u00a0\u0160ios linijos mufelin\u0117s krosnys i\u0161siskiria patikimumu, auk\u0161ta surinkimo kokybe bei\u00a0patrauklia i\u0161vaizda.","og_url":"https:\/\/www.labectra.lt\/en\/product\/mufelines-krosneles\/","og_site_name":"Termin\u0117 \u012franga - Labectra","article_modified_time":"2019-11-04T23:22:42+00:00","og_image":[{"width":390,"height":390,"url":"https:\/\/www.labectra.lt\/wp-content\/uploads\/2019\/09\/mufelines-krosneles.jpg","type":"image\/jpeg"}],"twitter_card":"summary_large_image","schema":{"@context":"https:\/\/schema.org","@graph":[{"@type":"WebPage","@id":"https:\/\/www.labectra.lt\/produktas\/mufelines-krosneles\/","url":"https:\/\/www.labectra.lt\/produktas\/mufelines-krosneles\/","name":"Mufelin\u0117s krosnel\u0117s - Termin\u0117 \u012franga - Labectra","isPartOf":{"@id":"https:\/\/www.labectra.lt\/#website"},"datePublished":"2019-09-17T05:36:32+00:00","dateModified":"2019-11-04T23:22:42+00:00","breadcrumb":{"@id":"https:\/\/www.labectra.lt\/produktas\/mufelines-krosneles\/#breadcrumb"},"inLanguage":"en-GB","potentialAction":[{"@type":"ReadAction","target":["https:\/\/www.labectra.lt\/produktas\/mufelines-krosneles\/"]}]},{"@type":"BreadcrumbList","@id":"https:\/\/www.labectra.lt\/produktas\/mufelines-krosneles\/#breadcrumb","itemListElement":[{"@type":"ListItem","position":1,"name":"Home","item":"https:\/\/www.labectra.lt\/"},{"@type":"ListItem","position":2,"name":"Termin\u0117 \u012franga","item":"https:\/\/www.labectra.lt\/termine-iranga\/"},{"@type":"ListItem","position":3,"name":"Mufelin\u0117s krosnel\u0117s"}]},{"@type":"WebSite","@id":"https:\/\/www.labectra.lt\/#website","url":"https:\/\/www.labectra.lt\/","name":"Termin\u0117 \u012franga - Labectra","description":"J\u016bs\u0173 termin\u0117s \u012frangos tiek\u0117jas!","publisher":{"@id":"https:\/\/www.labectra.lt\/#organization"},"potentialAction":[{"@type":"SearchAction","target":{"@type":"EntryPoint","urlTemplate":"https:\/\/www.labectra.lt\/?s={search_term_string}"},"query-input":"required name=search_term_string"}],"inLanguage":"en-GB"},{"@type":"Organization","@id":"https:\/\/www.labectra.lt\/#organization","name":"Labectra","url":"https:\/\/www.labectra.lt\/","logo":{"@type":"ImageObject","inLanguage":"en-GB","@id":"https:\/\/www.labectra.lt\/#\/schema\/logo\/image\/","url":"https:\/\/www.labectra.lt\/wp-content\/uploads\/2019\/09\/Logo21.png","contentUrl":"https:\/\/www.labectra.lt\/wp-content\/uploads\/2019\/09\/Logo21.png","width":392,"height":58,"caption":"Labectra"},"image":{"@id":"https:\/\/www.labectra.lt\/#\/schema\/logo\/image\/"}}]}},"_links":{"self":[{"href":"https:\/\/www.labectra.lt\/en\/wp-json\/wp\/v2\/product\/2164"}],"collection":[{"href":"https:\/\/www.labectra.lt\/en\/wp-json\/wp\/v2\/product"}],"about":[{"href":"https:\/\/www.labectra.lt\/en\/wp-json\/wp\/v2\/types\/product"}],"wp:featuredmedia":[{"embeddable":true,"href":"https:\/\/www.labectra.lt\/en\/wp-json\/wp\/v2\/media\/1733"}],"wp:attachment":[{"href":"https:\/\/www.labectra.lt\/en\/wp-json\/wp\/v2\/media?parent=2164"}],"curies":[{"name":"wp","href":"https:\/\/api.w.org\/{rel}","templated":true}]}}