{"id":2165,"date":"2019-09-17T08:53:04","date_gmt":"2019-09-17T05:53:04","guid":{"rendered":"https:\/\/www.labectra.lt\/produktas\/hpi-serijos-inkubatorius\/"},"modified":"2019-11-05T00:40:34","modified_gmt":"2019-11-04T22:40:34","slug":"hpi-serijos-inkubatorius","status":"publish","type":"product","link":"https:\/\/www.labectra.lt\/en\/product\/hpi-serijos-inkubatorius\/","title":{"rendered":"High Performance Incubator 4-50\u00b0C Serie HPI"},"content":{"rendered":"<p><strong><span lang=\"LT\">GENERAL INFORMATION<\/span><\/strong><\/p>\n<p>\u2013 Smoke-proof, dust-proof and self-extinguishing insulation<\/p>\n<p>\u2013 Second door in glass<\/p>\n<p>\u2013 Digital safety Class 3.1<\/p>\n<p>\u2013 Data logging<\/p>\n<p>\u2013 50MB of built-in flash memory<\/p>\n<p>\u2013 Temperature control with dual PID<\/p>\n<p>\u2013 Data can be saved on USB drive<\/p>\n<p>\u2013 Ethernet port<\/p>\n<p>\u2013 LCD colour display 1\u20444 VGA<\/p>\n<p>\u2013 Multi-language support<\/p>\n<p>&nbsp;<\/p>\n<p><strong><span lang=\"LT\">TECHNICAL CHARACTERISTICS<\/span><\/strong><\/p>\n<p>\u2013 Useful capacity: 100 l<\/p>\n<p>\u2013 Internal dimensions: 495x370x495 mm<\/p>\n<p>\u2013 Internal dimension: 495x370x495 mm<\/p>\n<p>\u2013 Temperature range: [+4\u00b0C; +50\u00b0C]<\/p>\n<p>\u2013 Temperature precision: \u00b10,2\u00b0C<\/p>\n<p>\u2013 Temperature distribution: \u00b10,2\u00b0C<\/p>\n<p>\u2013 Rated power: 600 W<\/p>\n<p>\u2013 Voltage: 230 V \/50Hz\/1ph<\/p>\n<p>\u2013 Weight: 50 kg<\/p>\n<p>\u2013 Max item weight: 20 kg<\/p>","protected":false},"excerpt":{"rendered":"<p>BENDRA INFORMACIJA &#8211; Kamera nepralaidi d\u016bmams ir dulk\u0117ms &#8211; Dvigubos durys (vidin\u0117s permatomos) &#8211; Skaitmenin\u0117 saugumo klas\u0117 3.1 &#8211; Duomen\u0173 saugojimas &#8211; 50 MB atmintis &#8211; PID temperat\u016bros valdymas &#8211; Duomen\u0173 i\u0161saugojimas USB laikmenoje &#8211; Tinklo jungtis &#8220;Ethernet&#8221; &#8211; LCD spalvotas ekranas 1\u20444 VGA &#8211; Kalb\u0173 pasirinkimas &nbsp; TECHNIN\u0116S CHARAKTERISTIKOS &#8211; Naudinga kameros\u00a0talpa: 100 l &hellip;<\/p>\n<p class=\"read-more\"> <a class=\"\" href=\"https:\/\/www.labectra.lt\/en\/product\/hpi-serijos-inkubatorius\/\"> <span class=\"screen-reader-text\">High Performance Incubator 4-50\u00b0C Serie HPI<\/span> Read More &raquo;<\/a><\/p>","protected":false},"featured_media":1738,"template":"","meta":[],"yoast_head":"<!-- This site is optimized with the Yoast SEO plugin v21.6 - https:\/\/yoast.com\/wordpress\/plugins\/seo\/ -->\n<title>HPI serijos inkubatorius - Termin\u0117 \u012franga - Labectra<\/title>\n<meta name=\"robots\" content=\"index, follow, max-snippet:-1, max-image-preview:large, max-video-preview:-1\" \/>\n<link rel=\"canonical\" href=\"https:\/\/www.labectra.lt\/en\/product\/hpi-serijos-inkubatorius\/\" \/>\n<meta property=\"og:locale\" content=\"en_GB\" \/>\n<meta property=\"og:type\" content=\"article\" \/>\n<meta property=\"og:title\" content=\"HPI serijos inkubatorius - Termin\u0117 \u012franga - Labectra\" \/>\n<meta property=\"og:description\" content=\"BENDRA INFORMACIJA &#8211; Kamera nepralaidi d\u016bmams ir dulk\u0117ms &#8211; Dvigubos durys (vidin\u0117s permatomos) &#8211; Skaitmenin\u0117 saugumo klas\u0117 3.1 &#8211; Duomen\u0173 saugojimas &#8211; 50 MB atmintis &#8211; PID temperat\u016bros valdymas &#8211; Duomen\u0173 i\u0161saugojimas USB laikmenoje &#8211; Tinklo jungtis &#8220;Ethernet&#8221; &#8211; LCD spalvotas ekranas 1\u20444 VGA &#8211; Kalb\u0173 pasirinkimas &nbsp; TECHNIN\u0116S CHARAKTERISTIKOS &#8211; Naudinga kameros\u00a0talpa: 100 l &hellip; HPI serijos inkubatorius Read More &raquo;\" \/>\n<meta property=\"og:url\" content=\"https:\/\/www.labectra.lt\/en\/product\/hpi-serijos-inkubatorius\/\" \/>\n<meta property=\"og:site_name\" content=\"Termin\u0117 \u012franga - Labectra\" \/>\n<meta property=\"article:modified_time\" content=\"2019-11-04T22:40:34+00:00\" \/>\n<meta property=\"og:image\" content=\"https:\/\/www.labectra.lt\/wp-content\/uploads\/2019\/09\/laboratoriniai-inkubatoriai-2.jpg\" \/>\n\t<meta property=\"og:image:width\" content=\"304\" \/>\n\t<meta property=\"og:image:height\" content=\"304\" \/>\n\t<meta property=\"og:image:type\" content=\"image\/jpeg\" \/>\n<meta name=\"twitter:card\" content=\"summary_large_image\" \/>\n<script type=\"application\/ld+json\" class=\"yoast-schema-graph\">{\"@context\":\"https:\/\/schema.org\",\"@graph\":[{\"@type\":\"WebPage\",\"@id\":\"https:\/\/www.labectra.lt\/produktas\/hpi-serijos-inkubatorius\/\",\"url\":\"https:\/\/www.labectra.lt\/produktas\/hpi-serijos-inkubatorius\/\",\"name\":\"HPI serijos inkubatorius - Termin\u0117 \u012franga - Labectra\",\"isPartOf\":{\"@id\":\"https:\/\/www.labectra.lt\/#website\"},\"datePublished\":\"2019-09-17T05:53:04+00:00\",\"dateModified\":\"2019-11-04T22:40:34+00:00\",\"breadcrumb\":{\"@id\":\"https:\/\/www.labectra.lt\/produktas\/hpi-serijos-inkubatorius\/#breadcrumb\"},\"inLanguage\":\"en-GB\",\"potentialAction\":[{\"@type\":\"ReadAction\",\"target\":[\"https:\/\/www.labectra.lt\/produktas\/hpi-serijos-inkubatorius\/\"]}]},{\"@type\":\"BreadcrumbList\",\"@id\":\"https:\/\/www.labectra.lt\/produktas\/hpi-serijos-inkubatorius\/#breadcrumb\",\"itemListElement\":[{\"@type\":\"ListItem\",\"position\":1,\"name\":\"Home\",\"item\":\"https:\/\/www.labectra.lt\/\"},{\"@type\":\"ListItem\",\"position\":2,\"name\":\"Termin\u0117 \u012franga\",\"item\":\"https:\/\/www.labectra.lt\/termine-iranga\/\"},{\"@type\":\"ListItem\",\"position\":3,\"name\":\"HPI serijos inkubatorius\"}]},{\"@type\":\"WebSite\",\"@id\":\"https:\/\/www.labectra.lt\/#website\",\"url\":\"https:\/\/www.labectra.lt\/\",\"name\":\"Termin\u0117 \u012franga - Labectra\",\"description\":\"J\u016bs\u0173 termin\u0117s \u012frangos tiek\u0117jas!\",\"publisher\":{\"@id\":\"https:\/\/www.labectra.lt\/#organization\"},\"potentialAction\":[{\"@type\":\"SearchAction\",\"target\":{\"@type\":\"EntryPoint\",\"urlTemplate\":\"https:\/\/www.labectra.lt\/?s={search_term_string}\"},\"query-input\":\"required name=search_term_string\"}],\"inLanguage\":\"en-GB\"},{\"@type\":\"Organization\",\"@id\":\"https:\/\/www.labectra.lt\/#organization\",\"name\":\"Labectra\",\"url\":\"https:\/\/www.labectra.lt\/\",\"logo\":{\"@type\":\"ImageObject\",\"inLanguage\":\"en-GB\",\"@id\":\"https:\/\/www.labectra.lt\/#\/schema\/logo\/image\/\",\"url\":\"https:\/\/www.labectra.lt\/wp-content\/uploads\/2019\/09\/Logo21.png\",\"contentUrl\":\"https:\/\/www.labectra.lt\/wp-content\/uploads\/2019\/09\/Logo21.png\",\"width\":392,\"height\":58,\"caption\":\"Labectra\"},\"image\":{\"@id\":\"https:\/\/www.labectra.lt\/#\/schema\/logo\/image\/\"}}]}<\/script>\n<!-- \/ Yoast SEO plugin. -->","yoast_head_json":{"title":"HPI serijos inkubatorius - Termin\u0117 \u012franga - Labectra","robots":{"index":"index","follow":"follow","max-snippet":"max-snippet:-1","max-image-preview":"max-image-preview:large","max-video-preview":"max-video-preview:-1"},"canonical":"https:\/\/www.labectra.lt\/en\/product\/hpi-serijos-inkubatorius\/","og_locale":"en_GB","og_type":"article","og_title":"HPI serijos inkubatorius - Termin\u0117 \u012franga - Labectra","og_description":"BENDRA INFORMACIJA &#8211; Kamera nepralaidi d\u016bmams ir dulk\u0117ms &#8211; Dvigubos durys (vidin\u0117s permatomos) &#8211; Skaitmenin\u0117 saugumo klas\u0117 3.1 &#8211; Duomen\u0173 saugojimas &#8211; 50 MB atmintis &#8211; PID temperat\u016bros valdymas &#8211; Duomen\u0173 i\u0161saugojimas USB laikmenoje &#8211; Tinklo jungtis &#8220;Ethernet&#8221; &#8211; LCD spalvotas ekranas 1\u20444 VGA &#8211; Kalb\u0173 pasirinkimas &nbsp; TECHNIN\u0116S CHARAKTERISTIKOS &#8211; Naudinga kameros\u00a0talpa: 100 l &hellip; HPI serijos inkubatorius Read More &raquo;","og_url":"https:\/\/www.labectra.lt\/en\/product\/hpi-serijos-inkubatorius\/","og_site_name":"Termin\u0117 \u012franga - Labectra","article_modified_time":"2019-11-04T22:40:34+00:00","og_image":[{"width":304,"height":304,"url":"https:\/\/www.labectra.lt\/wp-content\/uploads\/2019\/09\/laboratoriniai-inkubatoriai-2.jpg","type":"image\/jpeg"}],"twitter_card":"summary_large_image","schema":{"@context":"https:\/\/schema.org","@graph":[{"@type":"WebPage","@id":"https:\/\/www.labectra.lt\/produktas\/hpi-serijos-inkubatorius\/","url":"https:\/\/www.labectra.lt\/produktas\/hpi-serijos-inkubatorius\/","name":"HPI serijos inkubatorius - Termin\u0117 \u012franga - Labectra","isPartOf":{"@id":"https:\/\/www.labectra.lt\/#website"},"datePublished":"2019-09-17T05:53:04+00:00","dateModified":"2019-11-04T22:40:34+00:00","breadcrumb":{"@id":"https:\/\/www.labectra.lt\/produktas\/hpi-serijos-inkubatorius\/#breadcrumb"},"inLanguage":"en-GB","potentialAction":[{"@type":"ReadAction","target":["https:\/\/www.labectra.lt\/produktas\/hpi-serijos-inkubatorius\/"]}]},{"@type":"BreadcrumbList","@id":"https:\/\/www.labectra.lt\/produktas\/hpi-serijos-inkubatorius\/#breadcrumb","itemListElement":[{"@type":"ListItem","position":1,"name":"Home","item":"https:\/\/www.labectra.lt\/"},{"@type":"ListItem","position":2,"name":"Termin\u0117 \u012franga","item":"https:\/\/www.labectra.lt\/termine-iranga\/"},{"@type":"ListItem","position":3,"name":"HPI serijos inkubatorius"}]},{"@type":"WebSite","@id":"https:\/\/www.labectra.lt\/#website","url":"https:\/\/www.labectra.lt\/","name":"Termin\u0117 \u012franga - Labectra","description":"J\u016bs\u0173 termin\u0117s \u012frangos tiek\u0117jas!","publisher":{"@id":"https:\/\/www.labectra.lt\/#organization"},"potentialAction":[{"@type":"SearchAction","target":{"@type":"EntryPoint","urlTemplate":"https:\/\/www.labectra.lt\/?s={search_term_string}"},"query-input":"required name=search_term_string"}],"inLanguage":"en-GB"},{"@type":"Organization","@id":"https:\/\/www.labectra.lt\/#organization","name":"Labectra","url":"https:\/\/www.labectra.lt\/","logo":{"@type":"ImageObject","inLanguage":"en-GB","@id":"https:\/\/www.labectra.lt\/#\/schema\/logo\/image\/","url":"https:\/\/www.labectra.lt\/wp-content\/uploads\/2019\/09\/Logo21.png","contentUrl":"https:\/\/www.labectra.lt\/wp-content\/uploads\/2019\/09\/Logo21.png","width":392,"height":58,"caption":"Labectra"},"image":{"@id":"https:\/\/www.labectra.lt\/#\/schema\/logo\/image\/"}}]}},"_links":{"self":[{"href":"https:\/\/www.labectra.lt\/en\/wp-json\/wp\/v2\/product\/2165"}],"collection":[{"href":"https:\/\/www.labectra.lt\/en\/wp-json\/wp\/v2\/product"}],"about":[{"href":"https:\/\/www.labectra.lt\/en\/wp-json\/wp\/v2\/types\/product"}],"wp:featuredmedia":[{"embeddable":true,"href":"https:\/\/www.labectra.lt\/en\/wp-json\/wp\/v2\/media\/1738"}],"wp:attachment":[{"href":"https:\/\/www.labectra.lt\/en\/wp-json\/wp\/v2\/media?parent=2165"}],"curies":[{"name":"wp","href":"https:\/\/api.w.org\/{rel}","templated":true}]}}