{"id":2166,"date":"2019-09-17T08:56:09","date_gmt":"2019-09-17T05:56:09","guid":{"rendered":"https:\/\/www.labectra.lt\/produktas\/saldantis-inkubatorius\/"},"modified":"2019-11-05T00:42:20","modified_gmt":"2019-11-04T22:42:20","slug":"saldantis-inkubatorius","status":"publish","type":"product","link":"https:\/\/www.labectra.lt\/en\/product\/saldantis-inkubatorius\/","title":{"rendered":"Refrigerated incubator 0-100\u00b0C ICT-C 52 Series"},"content":{"rendered":"<p><strong><span lang=\"LT\">GENERAL INFORMATION<\/span><\/strong><\/p>\n<p><span lang=\"LT\">\u2013 Powerful and fast refrigeration system<\/span><\/p>\n<p><span lang=\"LT\">\u2013 Second door in tempered glass<\/span><\/p>\n<p><span lang=\"LT\">\u2013 Outer structure in sheet steel painted with anti-acid epoxy powder coating<\/span><\/p>\n<p><span lang=\"LT\">\u2013 Inner chamber in stainless steel<\/span><\/p>\n<p><span lang=\"LT\">\u2013 RS-485 output<\/span><\/p>\n<p><span lang=\"LT\">\u2013 Data management software, standard USB cable and adaptor<\/span><\/p>\n<p><span lang=\"LT\">\u2013 Sterilisation cycle (160\u00b0C for 2.5 hours)<\/span><\/p>\n<p>&nbsp;<\/p>\n<p><strong><span lang=\"LT\">TECHNICAL CHARACTERISTICS<\/span><\/strong><\/p>\n<p><span lang=\"LT\">\u2013 Useful capacity: 52 l<\/span><\/p>\n<p><span lang=\"LT\">\u2013 Internal dimensions: 400x356x390<\/span><\/p>\n<p><span lang=\"LT\">\u2013 External dimension: 526x579x910<\/span><\/p>\n<p><span lang=\"LT\">\u2013 Temperature Range: [+0\u00b0C; +100\u00b0C]<\/span><\/p>\n<p><span lang=\"LT\">\u2013 Temperature fluctuation at 37\u00b0C: \u00b10,2\u00b0C<\/span><\/p>\n<p><span lang=\"LT\">\u2013 Temperature distribution at 4\u00b0C: \u00b10,7\u00b0C<\/span><\/p>\n<p><span lang=\"LT\">\u2013 Temperature distribution at 37\u00b0C: \u00b10,5\u00b0C<\/span><\/p>\n<p><span lang=\"LT\">\u2013 Temperature distribution at 60\u00b0C: \u00b11\u00b0C<\/span><\/p>\n<p><span lang=\"LT\">\u2013 Power Rated: 1650 W<\/span><\/p>\n<p><span lang=\"LT\">\u2013 Voltage: 230 V \/50Hz\/1ph<\/span><\/p>\n<p><span lang=\"LT\">\u2013 Weight: 71 kg<\/span><\/p>","protected":false},"excerpt":{"rendered":"<p>BENDRA INFORMACIJA \u2013 Galinga ir greita \u0161aldymo sistema \u2013 Dvigubos durys (vidin\u0117s permatomos) \u2013 I\u0161or\u0117 padengta milteliniais da\u017eais \u2013 Ner\u016bdijan\u010dio plieno kamera \u2013 RS 485 i\u0161\u0117jimas \u2013 Duomen\u0173 valdymo programin\u0117 \u012franga ir USB kabelis \u2013 Sterilizavimo ciklas (160\u00b0C; 2,5 h) &nbsp; TECHNIN\u0116S CHARAKTERISTIKOS \u2013 Naudinga kameros\u00a0talpa:\u00a052 l \u2013 Vidiniai kamaros matmenys (PxGxA): 400x356x390 mm \u2013 &hellip;<\/p>\n<p class=\"read-more\"> <a class=\"\" href=\"https:\/\/www.labectra.lt\/en\/product\/saldantis-inkubatorius\/\"> <span class=\"screen-reader-text\">Refrigerated incubator 0-100\u00b0C ICT-C 52 Series<\/span> Read More &raquo;<\/a><\/p>","protected":false},"featured_media":1739,"template":"","meta":[],"yoast_head":"<!-- This site is optimized with the Yoast SEO plugin v21.6 - https:\/\/yoast.com\/wordpress\/plugins\/seo\/ -->\n<title>\u0160aldantis inkubatorius - Termin\u0117 \u012franga - Labectra<\/title>\n<meta name=\"robots\" content=\"index, follow, max-snippet:-1, max-image-preview:large, max-video-preview:-1\" \/>\n<link rel=\"canonical\" href=\"https:\/\/www.labectra.lt\/en\/product\/saldantis-inkubatorius\/\" \/>\n<meta property=\"og:locale\" content=\"en_GB\" \/>\n<meta property=\"og:type\" content=\"article\" \/>\n<meta property=\"og:title\" content=\"\u0160aldantis inkubatorius - Termin\u0117 \u012franga - Labectra\" \/>\n<meta property=\"og:description\" content=\"BENDRA INFORMACIJA \u2013 Galinga ir greita \u0161aldymo sistema \u2013 Dvigubos durys (vidin\u0117s permatomos) \u2013 I\u0161or\u0117 padengta milteliniais da\u017eais \u2013 Ner\u016bdijan\u010dio plieno kamera \u2013 RS 485 i\u0161\u0117jimas \u2013 Duomen\u0173 valdymo programin\u0117 \u012franga ir USB kabelis \u2013 Sterilizavimo ciklas (160\u00b0C; 2,5 h) &nbsp; TECHNIN\u0116S CHARAKTERISTIKOS \u2013 Naudinga kameros\u00a0talpa:\u00a052 l \u2013 Vidiniai kamaros matmenys (PxGxA): 400x356x390 mm \u2013 &hellip; \u0160aldantis inkubatorius Read More &raquo;\" \/>\n<meta property=\"og:url\" content=\"https:\/\/www.labectra.lt\/en\/product\/saldantis-inkubatorius\/\" \/>\n<meta property=\"og:site_name\" content=\"Termin\u0117 \u012franga - Labectra\" \/>\n<meta property=\"article:modified_time\" content=\"2019-11-04T22:42:20+00:00\" \/>\n<meta property=\"og:image\" content=\"https:\/\/www.labectra.lt\/wp-content\/uploads\/2019\/09\/saldantis-inkubatorius.jpg\" \/>\n\t<meta property=\"og:image:width\" content=\"304\" \/>\n\t<meta property=\"og:image:height\" content=\"304\" \/>\n\t<meta property=\"og:image:type\" content=\"image\/jpeg\" \/>\n<meta name=\"twitter:card\" content=\"summary_large_image\" \/>\n<script type=\"application\/ld+json\" class=\"yoast-schema-graph\">{\"@context\":\"https:\/\/schema.org\",\"@graph\":[{\"@type\":\"WebPage\",\"@id\":\"https:\/\/www.labectra.lt\/produktas\/saldantis-inkubatorius\/\",\"url\":\"https:\/\/www.labectra.lt\/produktas\/saldantis-inkubatorius\/\",\"name\":\"\u0160aldantis inkubatorius - Termin\u0117 \u012franga - Labectra\",\"isPartOf\":{\"@id\":\"https:\/\/www.labectra.lt\/#website\"},\"datePublished\":\"2019-09-17T05:56:09+00:00\",\"dateModified\":\"2019-11-04T22:42:20+00:00\",\"breadcrumb\":{\"@id\":\"https:\/\/www.labectra.lt\/produktas\/saldantis-inkubatorius\/#breadcrumb\"},\"inLanguage\":\"en-GB\",\"potentialAction\":[{\"@type\":\"ReadAction\",\"target\":[\"https:\/\/www.labectra.lt\/produktas\/saldantis-inkubatorius\/\"]}]},{\"@type\":\"BreadcrumbList\",\"@id\":\"https:\/\/www.labectra.lt\/produktas\/saldantis-inkubatorius\/#breadcrumb\",\"itemListElement\":[{\"@type\":\"ListItem\",\"position\":1,\"name\":\"Home\",\"item\":\"https:\/\/www.labectra.lt\/\"},{\"@type\":\"ListItem\",\"position\":2,\"name\":\"Termin\u0117 \u012franga\",\"item\":\"https:\/\/www.labectra.lt\/termine-iranga\/\"},{\"@type\":\"ListItem\",\"position\":3,\"name\":\"\u0160aldantis inkubatorius\"}]},{\"@type\":\"WebSite\",\"@id\":\"https:\/\/www.labectra.lt\/#website\",\"url\":\"https:\/\/www.labectra.lt\/\",\"name\":\"Termin\u0117 \u012franga - Labectra\",\"description\":\"J\u016bs\u0173 termin\u0117s \u012frangos tiek\u0117jas!\",\"publisher\":{\"@id\":\"https:\/\/www.labectra.lt\/#organization\"},\"potentialAction\":[{\"@type\":\"SearchAction\",\"target\":{\"@type\":\"EntryPoint\",\"urlTemplate\":\"https:\/\/www.labectra.lt\/?s={search_term_string}\"},\"query-input\":\"required name=search_term_string\"}],\"inLanguage\":\"en-GB\"},{\"@type\":\"Organization\",\"@id\":\"https:\/\/www.labectra.lt\/#organization\",\"name\":\"Labectra\",\"url\":\"https:\/\/www.labectra.lt\/\",\"logo\":{\"@type\":\"ImageObject\",\"inLanguage\":\"en-GB\",\"@id\":\"https:\/\/www.labectra.lt\/#\/schema\/logo\/image\/\",\"url\":\"https:\/\/www.labectra.lt\/wp-content\/uploads\/2019\/09\/Logo21.png\",\"contentUrl\":\"https:\/\/www.labectra.lt\/wp-content\/uploads\/2019\/09\/Logo21.png\",\"width\":392,\"height\":58,\"caption\":\"Labectra\"},\"image\":{\"@id\":\"https:\/\/www.labectra.lt\/#\/schema\/logo\/image\/\"}}]}<\/script>\n<!-- \/ Yoast SEO plugin. -->","yoast_head_json":{"title":"\u0160aldantis inkubatorius - Termin\u0117 \u012franga - Labectra","robots":{"index":"index","follow":"follow","max-snippet":"max-snippet:-1","max-image-preview":"max-image-preview:large","max-video-preview":"max-video-preview:-1"},"canonical":"https:\/\/www.labectra.lt\/en\/product\/saldantis-inkubatorius\/","og_locale":"en_GB","og_type":"article","og_title":"\u0160aldantis inkubatorius - Termin\u0117 \u012franga - Labectra","og_description":"BENDRA INFORMACIJA \u2013 Galinga ir greita \u0161aldymo sistema \u2013 Dvigubos durys (vidin\u0117s permatomos) \u2013 I\u0161or\u0117 padengta milteliniais da\u017eais \u2013 Ner\u016bdijan\u010dio plieno kamera \u2013 RS 485 i\u0161\u0117jimas \u2013 Duomen\u0173 valdymo programin\u0117 \u012franga ir USB kabelis \u2013 Sterilizavimo ciklas (160\u00b0C; 2,5 h) &nbsp; TECHNIN\u0116S CHARAKTERISTIKOS \u2013 Naudinga kameros\u00a0talpa:\u00a052 l \u2013 Vidiniai kamaros matmenys (PxGxA): 400x356x390 mm \u2013 &hellip; \u0160aldantis inkubatorius Read More &raquo;","og_url":"https:\/\/www.labectra.lt\/en\/product\/saldantis-inkubatorius\/","og_site_name":"Termin\u0117 \u012franga - Labectra","article_modified_time":"2019-11-04T22:42:20+00:00","og_image":[{"width":304,"height":304,"url":"https:\/\/www.labectra.lt\/wp-content\/uploads\/2019\/09\/saldantis-inkubatorius.jpg","type":"image\/jpeg"}],"twitter_card":"summary_large_image","schema":{"@context":"https:\/\/schema.org","@graph":[{"@type":"WebPage","@id":"https:\/\/www.labectra.lt\/produktas\/saldantis-inkubatorius\/","url":"https:\/\/www.labectra.lt\/produktas\/saldantis-inkubatorius\/","name":"\u0160aldantis inkubatorius - Termin\u0117 \u012franga - Labectra","isPartOf":{"@id":"https:\/\/www.labectra.lt\/#website"},"datePublished":"2019-09-17T05:56:09+00:00","dateModified":"2019-11-04T22:42:20+00:00","breadcrumb":{"@id":"https:\/\/www.labectra.lt\/produktas\/saldantis-inkubatorius\/#breadcrumb"},"inLanguage":"en-GB","potentialAction":[{"@type":"ReadAction","target":["https:\/\/www.labectra.lt\/produktas\/saldantis-inkubatorius\/"]}]},{"@type":"BreadcrumbList","@id":"https:\/\/www.labectra.lt\/produktas\/saldantis-inkubatorius\/#breadcrumb","itemListElement":[{"@type":"ListItem","position":1,"name":"Home","item":"https:\/\/www.labectra.lt\/"},{"@type":"ListItem","position":2,"name":"Termin\u0117 \u012franga","item":"https:\/\/www.labectra.lt\/termine-iranga\/"},{"@type":"ListItem","position":3,"name":"\u0160aldantis inkubatorius"}]},{"@type":"WebSite","@id":"https:\/\/www.labectra.lt\/#website","url":"https:\/\/www.labectra.lt\/","name":"Termin\u0117 \u012franga - Labectra","description":"J\u016bs\u0173 termin\u0117s \u012frangos tiek\u0117jas!","publisher":{"@id":"https:\/\/www.labectra.lt\/#organization"},"potentialAction":[{"@type":"SearchAction","target":{"@type":"EntryPoint","urlTemplate":"https:\/\/www.labectra.lt\/?s={search_term_string}"},"query-input":"required name=search_term_string"}],"inLanguage":"en-GB"},{"@type":"Organization","@id":"https:\/\/www.labectra.lt\/#organization","name":"Labectra","url":"https:\/\/www.labectra.lt\/","logo":{"@type":"ImageObject","inLanguage":"en-GB","@id":"https:\/\/www.labectra.lt\/#\/schema\/logo\/image\/","url":"https:\/\/www.labectra.lt\/wp-content\/uploads\/2019\/09\/Logo21.png","contentUrl":"https:\/\/www.labectra.lt\/wp-content\/uploads\/2019\/09\/Logo21.png","width":392,"height":58,"caption":"Labectra"},"image":{"@id":"https:\/\/www.labectra.lt\/#\/schema\/logo\/image\/"}}]}},"_links":{"self":[{"href":"https:\/\/www.labectra.lt\/en\/wp-json\/wp\/v2\/product\/2166"}],"collection":[{"href":"https:\/\/www.labectra.lt\/en\/wp-json\/wp\/v2\/product"}],"about":[{"href":"https:\/\/www.labectra.lt\/en\/wp-json\/wp\/v2\/types\/product"}],"wp:featuredmedia":[{"embeddable":true,"href":"https:\/\/www.labectra.lt\/en\/wp-json\/wp\/v2\/media\/1739"}],"wp:attachment":[{"href":"https:\/\/www.labectra.lt\/en\/wp-json\/wp\/v2\/media?parent=2166"}],"curies":[{"name":"wp","href":"https:\/\/api.w.org\/{rel}","templated":true}]}}