{"id":2167,"date":"2019-09-17T23:08:18","date_gmt":"2019-09-17T20:08:18","guid":{"rendered":"https:\/\/www.labectra.lt\/produktas\/kompaktiskos-vamzdines-krosneles\/"},"modified":"2019-11-05T01:22:36","modified_gmt":"2019-11-04T23:22:36","slug":"kompaktiskos-vamzdines-krosneles","status":"publish","type":"product","link":"https:\/\/www.labectra.lt\/en\/product\/kompaktiskos-vamzdines-krosneles\/","title":{"rendered":"Compact Tube Furnaces"},"content":{"rendered":"<p class=\" translation-block\">RD line tube furnaces convince with their unbeatable price-performance ratio, very compact outer dimensions and their low weight. These all-rounders are equipped with a working tube which also serves as support for the heating wires. Thus, the working tube is part of the furnace heating which has the advantage that the furnaces achieve very high heat-up rates. The furnaces can be supplied for 1100 \u00b0C or 1300 \u00b0C.<\/p>\n<p>Both models are designed for horizontal application. If the customer requires protective gas atmosphere, a separate working tube incl. gas supply system 1, e.g. made of quartz glass, must be inserted in the working tube.<\/p>\n<p><a href=\"https:\/\/www.labectra.lt\/wp-content\/uploads\/2019\/09\/kompaktiskos-vamzdines-krosneles-2.png\"><img fetchpriority=\"high\" decoding=\"async\" class=\"wp-image-1741 aligncenter\" src=\"https:\/\/www.labectra.lt\/wp-content\/uploads\/2019\/09\/kompaktiskos-vamzdines-krosneles-2.png\" sizes=\"(max-width: 600px) 100vw, 600px\" srcset=\"https:\/\/www.labectra.lt\/wp-content\/uploads\/2019\/09\/kompaktiskos-vamzdines-krosneles-2.png 931w, https:\/\/www.labectra.lt\/wp-content\/uploads\/2019\/09\/kompaktiskos-vamzdines-krosneles-2-300x47.png 300w, https:\/\/www.labectra.lt\/wp-content\/uploads\/2019\/09\/kompaktiskos-vamzdines-krosneles-2-768x120.png 768w\" alt=\"Kompakti\u0161kos vamzdin\u0117s krosnel\u0117s. Horizontalaus tipo vamzdin\u0117s krosnel\u0117s temperat\u016brose nuo 1100 \u00b0C iki 1300 \u00b0C.\" width=\"600\" height=\"94\" \/><\/a><\/p>\n<p class=\" translation-block\"><a href=\"https:\/\/www.labectra.lt\/wp-content\/uploads\/2019\/09\/kompaktiskos-vamzdines-krosneles-3.png\" target=\"_self\"><img data-srcset=\"https:\/\/www.labectra.lt\/wp-content\/uploads\/2019\/09\/kompaktiskos-vamzdines-krosneles-3.png 927w, https:\/\/www.labectra.lt\/wp-content\/uploads\/2019\/09\/kompaktiskos-vamzdines-krosneles-3-300x145.png 300w, https:\/\/www.labectra.lt\/wp-content\/uploads\/2019\/09\/kompaktiskos-vamzdines-krosneles-3-768x370.png 768w\" alt=\"Kompakti\u0161kos vamzdin\u0117s krosnel\u0117s. Horizontalaus tipo vamzdin\u0117s krosnel\u0117s temperat\u016brose nuo 1100 \u00b0C iki 1300 \u00b0C.\" width=\"600\" height=\"289\" data-src=\"https:\/\/www.labectra.lt\/wp-content\/uploads\/2019\/09\/kompaktiskos-vamzdines-krosneles-3.png\" class=\"aligncenter wp-image-1742 ls-is-cached lazyloaded\" src=\"https:\/\/www.labectra.lt\/wp-content\/uploads\/2019\/09\/kompaktiskos-vamzdines-krosneles-3.png\"><img class=\"aligncenter wp-image-1742\" src=\"https:\/\/www.labectra.lt\/wp-content\/uploads\/2019\/09\/kompaktiskos-vamzdines-krosneles-3.png\" alt=\"Kompakti\u0161kos vamzdin\u0117s krosnel\u0117s. Horizontalaus tipo vamzdin\u0117s krosnel\u0117s temperat\u016brose nuo 1100 \u00b0C iki 1300 \u00b0C.\" width=\"600\" height=\"289\" data-trp-translate-id-src=\"578\" data-trp-node-group-src=\"Images\" \/><\/a><br>\nR 50\/250\/12 \u2013 R 120\/1000\/13<br>These compact tabletop tube furnaces with integrated control systems can be used universally for many processes. Equipped with a standard working tube of C 530 ceramic and two fiber plugs, these furnaces have an unbeatable price\/performance ratio.<\/p>\n<p><a href=\"https:\/\/www.labectra.lt\/wp-content\/uploads\/2019\/09\/kompaktiskos-vamzdines-krosneles-4.png\"><img decoding=\"async\" class=\"aligncenter wp-image-1743\" src=\"https:\/\/www.labectra.lt\/wp-content\/uploads\/2019\/09\/kompaktiskos-vamzdines-krosneles-4.png\" sizes=\"(max-width: 600px) 100vw, 600px\" srcset=\"https:\/\/www.labectra.lt\/wp-content\/uploads\/2019\/09\/kompaktiskos-vamzdines-krosneles-4.png 915w, https:\/\/www.labectra.lt\/wp-content\/uploads\/2019\/09\/kompaktiskos-vamzdines-krosneles-4-300x78.png 300w, https:\/\/www.labectra.lt\/wp-content\/uploads\/2019\/09\/kompaktiskos-vamzdines-krosneles-4-768x199.png 768w\" alt=\"Kompakti\u0161kos vamzdin\u0117s krosnel\u0117s. Horizontalaus tipo vamzdin\u0117s krosnel\u0117s temperat\u016brose nuo 1100 \u00b0C iki 1300 \u00b0C.\" width=\"600\" height=\"155\" \/><\/a><\/p>\n<p class=\" translation-block\">With gas supply system (extra option):<\/p>\n<p><a href=\"https:\/\/www.labectra.lt\/wp-content\/uploads\/2019\/09\/kompaktiskos-vamzdines-krosneles-5.png\"><img loading=\"lazy\" decoding=\"async\" class=\"aligncenter wp-image-1744\" src=\"https:\/\/www.labectra.lt\/wp-content\/uploads\/2019\/09\/kompaktiskos-vamzdines-krosneles-5.png\" sizes=\"(max-width: 600px) 100vw, 600px\" srcset=\"https:\/\/www.labectra.lt\/wp-content\/uploads\/2019\/09\/kompaktiskos-vamzdines-krosneles-5.png 692w, https:\/\/www.labectra.lt\/wp-content\/uploads\/2019\/09\/kompaktiskos-vamzdines-krosneles-5-300x238.png 300w\" alt=\"Kompakti\u0161kos vamzdin\u0117s krosnel\u0117s. Horizontalaus tipo vamzdin\u0117s krosnel\u0117s temperat\u016brose nuo 1100 \u00b0C iki 1300 \u00b0C.\" width=\"400\" height=\"318\" \/><\/a><\/p>","protected":false},"excerpt":{"rendered":"<p>RD ekonominio\u00a0tipo\u00a0vamzdin\u0117s krosnys\u00a0yra kompakti\u0161kos ir\u00a0lengvos.\u00a0Krosnel\u0117s yra komplektuojamos su kaitinimo elementais apvyniotu vamzd\u017eiu, o tai leid\u017eia u\u017etikrinti puik\u0173 temperat\u016bros pasiskirstym\u0105 ir greit\u0105 \u012fkaitimo laik\u0105. \u0160io tipo vamzdin\u0117s krosnel\u0117s\u00a0si\u016blomos\u00a0\u00a01100 \u00b0C\u00a0ir 1300 \u00b0C temperat\u016brose. Abi\u00a0vamzdin\u0117 krosnel\u0117s\u00a0yra horizontalaus tipo. Esant inertini\u0173 duj\u0173 aplinkos\u00a0poreikiui, si\u016blomas\u00a0papildomas darbinis vamzdis (pavyzd\u017eiui i\u0161 kvarcinio stiklo)\u00a0su duj\u0173 tiekimo sistema. R 50\/250\/12 \u2013 R 120\/1000\/13 \u0160io &hellip;<\/p>\n<p class=\"read-more\"> <a class=\"\" href=\"https:\/\/www.labectra.lt\/en\/product\/kompaktiskos-vamzdines-krosneles\/\"> <span class=\"screen-reader-text\">Compact Tube Furnaces<\/span> Read More &raquo;<\/a><\/p>","protected":false},"featured_media":1745,"template":"","meta":[],"yoast_head":"<!-- This site is optimized with the Yoast SEO plugin v21.6 - https:\/\/yoast.com\/wordpress\/plugins\/seo\/ -->\n<title>Kompakti\u0161kos vamzdin\u0117s krosnel\u0117s - Termin\u0117 \u012franga - Labectra<\/title>\n<meta name=\"robots\" content=\"index, follow, max-snippet:-1, max-image-preview:large, max-video-preview:-1\" \/>\n<link rel=\"canonical\" href=\"https:\/\/www.labectra.lt\/en\/product\/kompaktiskos-vamzdines-krosneles\/\" \/>\n<meta property=\"og:locale\" content=\"en_GB\" \/>\n<meta property=\"og:type\" content=\"article\" \/>\n<meta property=\"og:title\" content=\"Kompakti\u0161kos vamzdin\u0117s krosnel\u0117s - Termin\u0117 \u012franga - Labectra\" \/>\n<meta property=\"og:description\" content=\"RD ekonominio\u00a0tipo\u00a0vamzdin\u0117s krosnys\u00a0yra kompakti\u0161kos ir\u00a0lengvos.\u00a0Krosnel\u0117s yra komplektuojamos su kaitinimo elementais apvyniotu vamzd\u017eiu, o tai leid\u017eia u\u017etikrinti puik\u0173 temperat\u016bros pasiskirstym\u0105 ir greit\u0105 \u012fkaitimo laik\u0105. \u0160io tipo vamzdin\u0117s krosnel\u0117s\u00a0si\u016blomos\u00a0\u00a01100 \u00b0C\u00a0ir 1300 \u00b0C temperat\u016brose. Abi\u00a0vamzdin\u0117 krosnel\u0117s\u00a0yra horizontalaus tipo. Esant inertini\u0173 duj\u0173 aplinkos\u00a0poreikiui, si\u016blomas\u00a0papildomas darbinis vamzdis (pavyzd\u017eiui i\u0161 kvarcinio stiklo)\u00a0su duj\u0173 tiekimo sistema. R 50\/250\/12 \u2013 R 120\/1000\/13 \u0160io &hellip; Kompakti\u0161kos vamzdin\u0117s krosnel\u0117s Read More &raquo;\" \/>\n<meta property=\"og:url\" content=\"https:\/\/www.labectra.lt\/en\/product\/kompaktiskos-vamzdines-krosneles\/\" \/>\n<meta property=\"og:site_name\" content=\"Termin\u0117 \u012franga - Labectra\" \/>\n<meta property=\"article:modified_time\" content=\"2019-11-04T23:22:36+00:00\" \/>\n<meta property=\"og:image\" content=\"https:\/\/www.labectra.lt\/wp-content\/uploads\/2019\/09\/kompaktiskos-vamzdines-krosneles.png\" \/>\n\t<meta property=\"og:image:width\" content=\"381\" \/>\n\t<meta property=\"og:image:height\" content=\"371\" \/>\n\t<meta property=\"og:image:type\" content=\"image\/png\" \/>\n<meta name=\"twitter:card\" content=\"summary_large_image\" \/>\n<meta name=\"twitter:label1\" content=\"Estimated reading time\" \/>\n\t<meta name=\"twitter:data1\" content=\"1 minute\" \/>\n<script type=\"application\/ld+json\" class=\"yoast-schema-graph\">{\"@context\":\"https:\/\/schema.org\",\"@graph\":[{\"@type\":\"WebPage\",\"@id\":\"https:\/\/www.labectra.lt\/produktas\/kompaktiskos-vamzdines-krosneles\/\",\"url\":\"https:\/\/www.labectra.lt\/produktas\/kompaktiskos-vamzdines-krosneles\/\",\"name\":\"Kompakti\u0161kos vamzdin\u0117s krosnel\u0117s - Termin\u0117 \u012franga - Labectra\",\"isPartOf\":{\"@id\":\"https:\/\/www.labectra.lt\/#website\"},\"datePublished\":\"2019-09-17T20:08:18+00:00\",\"dateModified\":\"2019-11-04T23:22:36+00:00\",\"breadcrumb\":{\"@id\":\"https:\/\/www.labectra.lt\/produktas\/kompaktiskos-vamzdines-krosneles\/#breadcrumb\"},\"inLanguage\":\"en-GB\",\"potentialAction\":[{\"@type\":\"ReadAction\",\"target\":[\"https:\/\/www.labectra.lt\/produktas\/kompaktiskos-vamzdines-krosneles\/\"]}]},{\"@type\":\"BreadcrumbList\",\"@id\":\"https:\/\/www.labectra.lt\/produktas\/kompaktiskos-vamzdines-krosneles\/#breadcrumb\",\"itemListElement\":[{\"@type\":\"ListItem\",\"position\":1,\"name\":\"Home\",\"item\":\"https:\/\/www.labectra.lt\/\"},{\"@type\":\"ListItem\",\"position\":2,\"name\":\"Termin\u0117 \u012franga\",\"item\":\"https:\/\/www.labectra.lt\/termine-iranga\/\"},{\"@type\":\"ListItem\",\"position\":3,\"name\":\"Kompakti\u0161kos vamzdin\u0117s krosnel\u0117s\"}]},{\"@type\":\"WebSite\",\"@id\":\"https:\/\/www.labectra.lt\/#website\",\"url\":\"https:\/\/www.labectra.lt\/\",\"name\":\"Termin\u0117 \u012franga - Labectra\",\"description\":\"J\u016bs\u0173 termin\u0117s \u012frangos tiek\u0117jas!\",\"publisher\":{\"@id\":\"https:\/\/www.labectra.lt\/#organization\"},\"potentialAction\":[{\"@type\":\"SearchAction\",\"target\":{\"@type\":\"EntryPoint\",\"urlTemplate\":\"https:\/\/www.labectra.lt\/?s={search_term_string}\"},\"query-input\":\"required name=search_term_string\"}],\"inLanguage\":\"en-GB\"},{\"@type\":\"Organization\",\"@id\":\"https:\/\/www.labectra.lt\/#organization\",\"name\":\"Labectra\",\"url\":\"https:\/\/www.labectra.lt\/\",\"logo\":{\"@type\":\"ImageObject\",\"inLanguage\":\"en-GB\",\"@id\":\"https:\/\/www.labectra.lt\/#\/schema\/logo\/image\/\",\"url\":\"https:\/\/www.labectra.lt\/wp-content\/uploads\/2019\/09\/Logo21.png\",\"contentUrl\":\"https:\/\/www.labectra.lt\/wp-content\/uploads\/2019\/09\/Logo21.png\",\"width\":392,\"height\":58,\"caption\":\"Labectra\"},\"image\":{\"@id\":\"https:\/\/www.labectra.lt\/#\/schema\/logo\/image\/\"}}]}<\/script>\n<!-- \/ Yoast SEO plugin. -->","yoast_head_json":{"title":"Kompakti\u0161kos vamzdin\u0117s krosnel\u0117s - Termin\u0117 \u012franga - Labectra","robots":{"index":"index","follow":"follow","max-snippet":"max-snippet:-1","max-image-preview":"max-image-preview:large","max-video-preview":"max-video-preview:-1"},"canonical":"https:\/\/www.labectra.lt\/en\/product\/kompaktiskos-vamzdines-krosneles\/","og_locale":"en_GB","og_type":"article","og_title":"Kompakti\u0161kos vamzdin\u0117s krosnel\u0117s - Termin\u0117 \u012franga - Labectra","og_description":"RD ekonominio\u00a0tipo\u00a0vamzdin\u0117s krosnys\u00a0yra kompakti\u0161kos ir\u00a0lengvos.\u00a0Krosnel\u0117s yra komplektuojamos su kaitinimo elementais apvyniotu vamzd\u017eiu, o tai leid\u017eia u\u017etikrinti puik\u0173 temperat\u016bros pasiskirstym\u0105 ir greit\u0105 \u012fkaitimo laik\u0105. \u0160io tipo vamzdin\u0117s krosnel\u0117s\u00a0si\u016blomos\u00a0\u00a01100 \u00b0C\u00a0ir 1300 \u00b0C temperat\u016brose. Abi\u00a0vamzdin\u0117 krosnel\u0117s\u00a0yra horizontalaus tipo. Esant inertini\u0173 duj\u0173 aplinkos\u00a0poreikiui, si\u016blomas\u00a0papildomas darbinis vamzdis (pavyzd\u017eiui i\u0161 kvarcinio stiklo)\u00a0su duj\u0173 tiekimo sistema. R 50\/250\/12 \u2013 R 120\/1000\/13 \u0160io &hellip; Kompakti\u0161kos vamzdin\u0117s krosnel\u0117s Read More &raquo;","og_url":"https:\/\/www.labectra.lt\/en\/product\/kompaktiskos-vamzdines-krosneles\/","og_site_name":"Termin\u0117 \u012franga - Labectra","article_modified_time":"2019-11-04T23:22:36+00:00","og_image":[{"width":381,"height":371,"url":"https:\/\/www.labectra.lt\/wp-content\/uploads\/2019\/09\/kompaktiskos-vamzdines-krosneles.png","type":"image\/png"}],"twitter_card":"summary_large_image","twitter_misc":{"Estimated reading time":"1 minute"},"schema":{"@context":"https:\/\/schema.org","@graph":[{"@type":"WebPage","@id":"https:\/\/www.labectra.lt\/produktas\/kompaktiskos-vamzdines-krosneles\/","url":"https:\/\/www.labectra.lt\/produktas\/kompaktiskos-vamzdines-krosneles\/","name":"Kompakti\u0161kos vamzdin\u0117s krosnel\u0117s - Termin\u0117 \u012franga - Labectra","isPartOf":{"@id":"https:\/\/www.labectra.lt\/#website"},"datePublished":"2019-09-17T20:08:18+00:00","dateModified":"2019-11-04T23:22:36+00:00","breadcrumb":{"@id":"https:\/\/www.labectra.lt\/produktas\/kompaktiskos-vamzdines-krosneles\/#breadcrumb"},"inLanguage":"en-GB","potentialAction":[{"@type":"ReadAction","target":["https:\/\/www.labectra.lt\/produktas\/kompaktiskos-vamzdines-krosneles\/"]}]},{"@type":"BreadcrumbList","@id":"https:\/\/www.labectra.lt\/produktas\/kompaktiskos-vamzdines-krosneles\/#breadcrumb","itemListElement":[{"@type":"ListItem","position":1,"name":"Home","item":"https:\/\/www.labectra.lt\/"},{"@type":"ListItem","position":2,"name":"Termin\u0117 \u012franga","item":"https:\/\/www.labectra.lt\/termine-iranga\/"},{"@type":"ListItem","position":3,"name":"Kompakti\u0161kos vamzdin\u0117s krosnel\u0117s"}]},{"@type":"WebSite","@id":"https:\/\/www.labectra.lt\/#website","url":"https:\/\/www.labectra.lt\/","name":"Termin\u0117 \u012franga - Labectra","description":"J\u016bs\u0173 termin\u0117s \u012frangos tiek\u0117jas!","publisher":{"@id":"https:\/\/www.labectra.lt\/#organization"},"potentialAction":[{"@type":"SearchAction","target":{"@type":"EntryPoint","urlTemplate":"https:\/\/www.labectra.lt\/?s={search_term_string}"},"query-input":"required name=search_term_string"}],"inLanguage":"en-GB"},{"@type":"Organization","@id":"https:\/\/www.labectra.lt\/#organization","name":"Labectra","url":"https:\/\/www.labectra.lt\/","logo":{"@type":"ImageObject","inLanguage":"en-GB","@id":"https:\/\/www.labectra.lt\/#\/schema\/logo\/image\/","url":"https:\/\/www.labectra.lt\/wp-content\/uploads\/2019\/09\/Logo21.png","contentUrl":"https:\/\/www.labectra.lt\/wp-content\/uploads\/2019\/09\/Logo21.png","width":392,"height":58,"caption":"Labectra"},"image":{"@id":"https:\/\/www.labectra.lt\/#\/schema\/logo\/image\/"}}]}},"_links":{"self":[{"href":"https:\/\/www.labectra.lt\/en\/wp-json\/wp\/v2\/product\/2167"}],"collection":[{"href":"https:\/\/www.labectra.lt\/en\/wp-json\/wp\/v2\/product"}],"about":[{"href":"https:\/\/www.labectra.lt\/en\/wp-json\/wp\/v2\/types\/product"}],"wp:featuredmedia":[{"embeddable":true,"href":"https:\/\/www.labectra.lt\/en\/wp-json\/wp\/v2\/media\/1745"}],"wp:attachment":[{"href":"https:\/\/www.labectra.lt\/en\/wp-json\/wp\/v2\/media?parent=2167"}],"curies":[{"name":"wp","href":"https:\/\/api.w.org\/{rel}","templated":true}]}}