{"id":2168,"date":"2019-09-17T23:22:14","date_gmt":"2019-09-17T20:22:14","guid":{"rendered":"https:\/\/www.labectra.lt\/produktas\/rotacines-vamzdines-krosnys\/"},"modified":"2019-11-05T01:22:31","modified_gmt":"2019-11-04T23:22:31","slug":"rotacines-vamzdines-krosnys","status":"publish","type":"product","link":"https:\/\/www.labectra.lt\/en\/product\/rotacines-vamzdines-krosnys\/","title":{"rendered":"Rotary Tube Furnaces for Continuous Processes and\/or Batch Operation"},"content":{"rendered":"<p>RSR 80-500\/11 - RSR 120-1000\/13, RSR-B 80-500\/11 - RSR-B 120-1000\/11<\/p>\n<p class=\" translation-block\">In general, these models can be used for continuous processing and\/or batch operation.<\/p>\n<p><p>If, for example, the focus lies on maintaining the individual grain characteristics of the material such as in drying or calcination, rotary tube furnaces of the RSR product line are the optimal solution. The permanently rotating working tube allows for the continuous movement of the charge.<\/p>\n<p>In general, these models can be used for continuous processing and\/or batch operation. While during a continuous process the charge is transported uniformly from one end to the other of the working tube, during batch operation, it can be heated-treated over a longer period in the furnace chamber thanks to the special shape of the quartz glass reactor (tapered tube ends).<\/p>\n<p>The compact furnaces of the RSR-B product line are perfectly suited for batch operation. The versatile RSR furnaces can be equipped both with working tubes for continuous operation as well as with reactors for batch operation.<\/p>\n<p>Depending on the process, charge and the required maximum temperature, various working tubes made of quartz glass, ceramic or metal can be used (see page 42). Depending on the application these models can be upgraded by adding suitable accessories such as filling funnels, electric feed screw for feeding material or gas supply systems for small production furnaces. Operation can take place in air, in non-flammable protective or reactive gases, or in a vacuum. The necessary equipment is available as additional equipment.<\/p><\/p>\n<p><a href=\"https:\/\/www.labectra.lt\/wp-content\/uploads\/2019\/09\/rotacines-vamzdines-krosnys-4.png\"><img fetchpriority=\"high\" decoding=\"async\" class=\"aligncenter wp-image-1747\" src=\"https:\/\/www.labectra.lt\/wp-content\/uploads\/2019\/09\/rotacines-vamzdines-krosnys-4.png\" sizes=\"(max-width: 600px) 100vw, 600px\" srcset=\"https:\/\/www.labectra.lt\/wp-content\/uploads\/2019\/09\/rotacines-vamzdines-krosnys-4.png 1064w, https:\/\/www.labectra.lt\/wp-content\/uploads\/2019\/09\/rotacines-vamzdines-krosnys-4-300x131.png 300w, https:\/\/www.labectra.lt\/wp-content\/uploads\/2019\/09\/rotacines-vamzdines-krosnys-4-768x336.png 768w, https:\/\/www.labectra.lt\/wp-content\/uploads\/2019\/09\/rotacines-vamzdines-krosnys-4-1024x448.png 1024w\" alt=\"Rotacin\u0117s vamzdin\u0117s krosnys. Nuolatinio veikimo krosnys su besisukan\u010diu vamzd\u017eiu.\" width=\"600\" height=\"263\" \/><\/a><\/p>","protected":false},"excerpt":{"rendered":"<p>RSR 80-500\/11 \u2013 RSR 120-1000\/13, RSR-B 80-500\/11 \u2013 RSR-B 120-1000\/11 Rotacin\u0117s vamzdin\u0117s krosnys\u00a0yra nuolatinio veikimo puikiai tinka\u00a0biri\u0173 med\u017eiag\u0173 kaitinimui.\u00a0Krosnys yra su pasvirimo kampu, tad \u012fkrova gali jud\u0117ti i\u0161 vieno vamzd\u017eio galo \u012f kit\u0105. Priklausomai nuo proceso, gali b\u016bti naudojami vamzd\u017eiai i\u0161 kvarco, keramikos ar metalo. Taip pat\u00a0krosnys gali b\u016bti komplektuojamos su \u012fvairiais priedais (piltuvais, sraigtais, &hellip;<\/p>\n<p class=\"read-more\"> <a class=\"\" href=\"https:\/\/www.labectra.lt\/en\/product\/rotacines-vamzdines-krosnys\/\"> <span class=\"screen-reader-text\">Rotary Tube Furnaces for Continuous Processes and\/or Batch Operation<\/span> Read More &raquo;<\/a><\/p>","protected":false},"featured_media":1749,"template":"","meta":[],"yoast_head":"<!-- This site is optimized with the Yoast SEO plugin v21.6 - https:\/\/yoast.com\/wordpress\/plugins\/seo\/ -->\n<title>Rotacin\u0117s vamzdin\u0117s krosnys - Termin\u0117 \u012franga - Labectra<\/title>\n<meta name=\"robots\" content=\"index, follow, max-snippet:-1, max-image-preview:large, max-video-preview:-1\" \/>\n<link rel=\"canonical\" href=\"https:\/\/www.labectra.lt\/en\/product\/rotacines-vamzdines-krosnys\/\" \/>\n<meta property=\"og:locale\" content=\"en_GB\" \/>\n<meta property=\"og:type\" content=\"article\" \/>\n<meta property=\"og:title\" content=\"Rotacin\u0117s vamzdin\u0117s krosnys - Termin\u0117 \u012franga - Labectra\" \/>\n<meta property=\"og:description\" content=\"RSR 80-500\/11 \u2013 RSR 120-1000\/13, RSR-B 80-500\/11 \u2013 RSR-B 120-1000\/11 Rotacin\u0117s vamzdin\u0117s krosnys\u00a0yra nuolatinio veikimo puikiai tinka\u00a0biri\u0173 med\u017eiag\u0173 kaitinimui.\u00a0Krosnys yra su pasvirimo kampu, tad \u012fkrova gali jud\u0117ti i\u0161 vieno vamzd\u017eio galo \u012f kit\u0105. Priklausomai nuo proceso, gali b\u016bti naudojami vamzd\u017eiai i\u0161 kvarco, keramikos ar metalo. Taip pat\u00a0krosnys gali b\u016bti komplektuojamos su \u012fvairiais priedais (piltuvais, sraigtais, &hellip; Rotacin\u0117s vamzdin\u0117s krosnys Read More &raquo;\" \/>\n<meta property=\"og:url\" content=\"https:\/\/www.labectra.lt\/en\/product\/rotacines-vamzdines-krosnys\/\" \/>\n<meta property=\"og:site_name\" content=\"Termin\u0117 \u012franga - Labectra\" \/>\n<meta property=\"article:modified_time\" content=\"2019-11-04T23:22:31+00:00\" \/>\n<meta property=\"og:image\" content=\"https:\/\/www.labectra.lt\/wp-content\/uploads\/2019\/09\/rotacines-vamzdines-krosnys.png\" \/>\n\t<meta property=\"og:image:width\" content=\"1018\" \/>\n\t<meta property=\"og:image:height\" content=\"658\" \/>\n\t<meta property=\"og:image:type\" content=\"image\/png\" \/>\n<meta name=\"twitter:card\" content=\"summary_large_image\" \/>\n<script type=\"application\/ld+json\" class=\"yoast-schema-graph\">{\"@context\":\"https:\/\/schema.org\",\"@graph\":[{\"@type\":\"WebPage\",\"@id\":\"https:\/\/www.labectra.lt\/produktas\/rotacines-vamzdines-krosnys\/\",\"url\":\"https:\/\/www.labectra.lt\/produktas\/rotacines-vamzdines-krosnys\/\",\"name\":\"Rotacin\u0117s vamzdin\u0117s krosnys - Termin\u0117 \u012franga - Labectra\",\"isPartOf\":{\"@id\":\"https:\/\/www.labectra.lt\/#website\"},\"datePublished\":\"2019-09-17T20:22:14+00:00\",\"dateModified\":\"2019-11-04T23:22:31+00:00\",\"breadcrumb\":{\"@id\":\"https:\/\/www.labectra.lt\/produktas\/rotacines-vamzdines-krosnys\/#breadcrumb\"},\"inLanguage\":\"en-GB\",\"potentialAction\":[{\"@type\":\"ReadAction\",\"target\":[\"https:\/\/www.labectra.lt\/produktas\/rotacines-vamzdines-krosnys\/\"]}]},{\"@type\":\"BreadcrumbList\",\"@id\":\"https:\/\/www.labectra.lt\/produktas\/rotacines-vamzdines-krosnys\/#breadcrumb\",\"itemListElement\":[{\"@type\":\"ListItem\",\"position\":1,\"name\":\"Home\",\"item\":\"https:\/\/www.labectra.lt\/\"},{\"@type\":\"ListItem\",\"position\":2,\"name\":\"Termin\u0117 \u012franga\",\"item\":\"https:\/\/www.labectra.lt\/termine-iranga\/\"},{\"@type\":\"ListItem\",\"position\":3,\"name\":\"Rotacin\u0117s vamzdin\u0117s krosnys\"}]},{\"@type\":\"WebSite\",\"@id\":\"https:\/\/www.labectra.lt\/#website\",\"url\":\"https:\/\/www.labectra.lt\/\",\"name\":\"Termin\u0117 \u012franga - Labectra\",\"description\":\"J\u016bs\u0173 termin\u0117s \u012frangos tiek\u0117jas!\",\"publisher\":{\"@id\":\"https:\/\/www.labectra.lt\/#organization\"},\"potentialAction\":[{\"@type\":\"SearchAction\",\"target\":{\"@type\":\"EntryPoint\",\"urlTemplate\":\"https:\/\/www.labectra.lt\/?s={search_term_string}\"},\"query-input\":\"required name=search_term_string\"}],\"inLanguage\":\"en-GB\"},{\"@type\":\"Organization\",\"@id\":\"https:\/\/www.labectra.lt\/#organization\",\"name\":\"Labectra\",\"url\":\"https:\/\/www.labectra.lt\/\",\"logo\":{\"@type\":\"ImageObject\",\"inLanguage\":\"en-GB\",\"@id\":\"https:\/\/www.labectra.lt\/#\/schema\/logo\/image\/\",\"url\":\"https:\/\/www.labectra.lt\/wp-content\/uploads\/2019\/09\/Logo21.png\",\"contentUrl\":\"https:\/\/www.labectra.lt\/wp-content\/uploads\/2019\/09\/Logo21.png\",\"width\":392,\"height\":58,\"caption\":\"Labectra\"},\"image\":{\"@id\":\"https:\/\/www.labectra.lt\/#\/schema\/logo\/image\/\"}}]}<\/script>\n<!-- \/ Yoast SEO plugin. -->","yoast_head_json":{"title":"Rotacin\u0117s vamzdin\u0117s krosnys - Termin\u0117 \u012franga - Labectra","robots":{"index":"index","follow":"follow","max-snippet":"max-snippet:-1","max-image-preview":"max-image-preview:large","max-video-preview":"max-video-preview:-1"},"canonical":"https:\/\/www.labectra.lt\/en\/product\/rotacines-vamzdines-krosnys\/","og_locale":"en_GB","og_type":"article","og_title":"Rotacin\u0117s vamzdin\u0117s krosnys - Termin\u0117 \u012franga - Labectra","og_description":"RSR 80-500\/11 \u2013 RSR 120-1000\/13, RSR-B 80-500\/11 \u2013 RSR-B 120-1000\/11 Rotacin\u0117s vamzdin\u0117s krosnys\u00a0yra nuolatinio veikimo puikiai tinka\u00a0biri\u0173 med\u017eiag\u0173 kaitinimui.\u00a0Krosnys yra su pasvirimo kampu, tad \u012fkrova gali jud\u0117ti i\u0161 vieno vamzd\u017eio galo \u012f kit\u0105. Priklausomai nuo proceso, gali b\u016bti naudojami vamzd\u017eiai i\u0161 kvarco, keramikos ar metalo. Taip pat\u00a0krosnys gali b\u016bti komplektuojamos su \u012fvairiais priedais (piltuvais, sraigtais, &hellip; Rotacin\u0117s vamzdin\u0117s krosnys Read More &raquo;","og_url":"https:\/\/www.labectra.lt\/en\/product\/rotacines-vamzdines-krosnys\/","og_site_name":"Termin\u0117 \u012franga - Labectra","article_modified_time":"2019-11-04T23:22:31+00:00","og_image":[{"width":1018,"height":658,"url":"https:\/\/www.labectra.lt\/wp-content\/uploads\/2019\/09\/rotacines-vamzdines-krosnys.png","type":"image\/png"}],"twitter_card":"summary_large_image","schema":{"@context":"https:\/\/schema.org","@graph":[{"@type":"WebPage","@id":"https:\/\/www.labectra.lt\/produktas\/rotacines-vamzdines-krosnys\/","url":"https:\/\/www.labectra.lt\/produktas\/rotacines-vamzdines-krosnys\/","name":"Rotacin\u0117s vamzdin\u0117s krosnys - Termin\u0117 \u012franga - Labectra","isPartOf":{"@id":"https:\/\/www.labectra.lt\/#website"},"datePublished":"2019-09-17T20:22:14+00:00","dateModified":"2019-11-04T23:22:31+00:00","breadcrumb":{"@id":"https:\/\/www.labectra.lt\/produktas\/rotacines-vamzdines-krosnys\/#breadcrumb"},"inLanguage":"en-GB","potentialAction":[{"@type":"ReadAction","target":["https:\/\/www.labectra.lt\/produktas\/rotacines-vamzdines-krosnys\/"]}]},{"@type":"BreadcrumbList","@id":"https:\/\/www.labectra.lt\/produktas\/rotacines-vamzdines-krosnys\/#breadcrumb","itemListElement":[{"@type":"ListItem","position":1,"name":"Home","item":"https:\/\/www.labectra.lt\/"},{"@type":"ListItem","position":2,"name":"Termin\u0117 \u012franga","item":"https:\/\/www.labectra.lt\/termine-iranga\/"},{"@type":"ListItem","position":3,"name":"Rotacin\u0117s vamzdin\u0117s krosnys"}]},{"@type":"WebSite","@id":"https:\/\/www.labectra.lt\/#website","url":"https:\/\/www.labectra.lt\/","name":"Termin\u0117 \u012franga - Labectra","description":"J\u016bs\u0173 termin\u0117s \u012frangos tiek\u0117jas!","publisher":{"@id":"https:\/\/www.labectra.lt\/#organization"},"potentialAction":[{"@type":"SearchAction","target":{"@type":"EntryPoint","urlTemplate":"https:\/\/www.labectra.lt\/?s={search_term_string}"},"query-input":"required name=search_term_string"}],"inLanguage":"en-GB"},{"@type":"Organization","@id":"https:\/\/www.labectra.lt\/#organization","name":"Labectra","url":"https:\/\/www.labectra.lt\/","logo":{"@type":"ImageObject","inLanguage":"en-GB","@id":"https:\/\/www.labectra.lt\/#\/schema\/logo\/image\/","url":"https:\/\/www.labectra.lt\/wp-content\/uploads\/2019\/09\/Logo21.png","contentUrl":"https:\/\/www.labectra.lt\/wp-content\/uploads\/2019\/09\/Logo21.png","width":392,"height":58,"caption":"Labectra"},"image":{"@id":"https:\/\/www.labectra.lt\/#\/schema\/logo\/image\/"}}]}},"_links":{"self":[{"href":"https:\/\/www.labectra.lt\/en\/wp-json\/wp\/v2\/product\/2168"}],"collection":[{"href":"https:\/\/www.labectra.lt\/en\/wp-json\/wp\/v2\/product"}],"about":[{"href":"https:\/\/www.labectra.lt\/en\/wp-json\/wp\/v2\/types\/product"}],"wp:featuredmedia":[{"embeddable":true,"href":"https:\/\/www.labectra.lt\/en\/wp-json\/wp\/v2\/media\/1749"}],"wp:attachment":[{"href":"https:\/\/www.labectra.lt\/en\/wp-json\/wp\/v2\/media?parent=2168"}],"curies":[{"name":"wp","href":"https:\/\/api.w.org\/{rel}","templated":true}]}}