{"id":2169,"date":"2019-09-17T23:26:28","date_gmt":"2019-09-17T20:26:28","guid":{"rendered":"https:\/\/www.labectra.lt\/produktas\/vamzdines-krosnys-su-atverciama-kamera\/"},"modified":"2019-11-05T01:22:24","modified_gmt":"2019-11-04T23:22:24","slug":"vamzdines-krosnys-su-atverciama-kamera","status":"publish","type":"product","link":"https:\/\/www.labectra.lt\/en\/product\/vamzdines-krosnys-su-atverciama-kamera\/","title":{"rendered":"Hinged Tube Furnaces for Horizontal\/Vertical Operation up to 1300 \u00b0C Gas Atmosphere\/Vacuum"},"content":{"rendered":"<p class=\" translation-block\">RS 80\/300\/11 \u2013 RS 170\/1000\/13<br>The tube furnaces of the product line RS can be used for horizontal as well as for vertical operation. The hinged design makes it easy to change the working tube. It allows the different working tubes (e.g. working tubes made of different materials) to be comfortably taken out and put in.<\/p>\n<p>Using the wide range of accessories these profi tube furnaces can be optimally configured for your process. By upgrading the furnaces with different gas supply systems the operation in a protective gas atmosphere, under vacuum or under flammable protective or reactive gases is possible. Besides convenient standard controllers for process control modern PLC control systems are also available.<\/p>\n<p><a href=\"https:\/\/www.labectra.lt\/wp-content\/uploads\/2019\/09\/vamzdines-krosnys-su-atverciama-kamera-2.png\"><img fetchpriority=\"high\" decoding=\"async\" class=\"aligncenter wp-image-1752\" src=\"https:\/\/www.labectra.lt\/wp-content\/uploads\/2019\/09\/vamzdines-krosnys-su-atverciama-kamera-2.png\" sizes=\"(max-width: 600px) 100vw, 600px\" srcset=\"https:\/\/www.labectra.lt\/wp-content\/uploads\/2019\/09\/vamzdines-krosnys-su-atverciama-kamera-2.png 1001w, https:\/\/www.labectra.lt\/wp-content\/uploads\/2019\/09\/vamzdines-krosnys-su-atverciama-kamera-2-300x124.png 300w, https:\/\/www.labectra.lt\/wp-content\/uploads\/2019\/09\/vamzdines-krosnys-su-atverciama-kamera-2-768x317.png 768w\" alt=\"Vamzdin\u0117s krosnys su atver\u010diama kamera. Krosnys gali b\u016bti naudojamos horizontalioms ir vertikalioms operacijoms.\" width=\"600\" height=\"248\" \/><\/a><\/p>","protected":false},"excerpt":{"rendered":"<p>RS 80\/300\/11 \u2013 RS 170\/1000\/13 Vamzdin\u0117s krosnys\u00a0RS 80\/300\/11 \u2013 RS 170\/1000\/13 gali b\u016bti naudojamos horizontalioms ir vertikalioms operacijoms. Krosnies konstrukcija leid\u017eia greitai pakeisti darbin\u012f vamzd\u012f bei naudoti skirtingo tipo vamzd\u017eius. Krosni\u0173 kameros yra atver\u010diamo tipo, tad vamzd\u012f \u012fmanoma keiti net su galin\u0117mis\u00a0jungtimis. Naudojant skirtingas duj\u0173 tiekimo sistemas,\u00a0yra\u00a0galimyb\u0117 atlikti operacijas degioje, oro, inertini\u0173 duj\u0173 ar vakuumo &hellip;<\/p>\n<p class=\"read-more\"> <a class=\"\" href=\"https:\/\/www.labectra.lt\/en\/product\/vamzdines-krosnys-su-atverciama-kamera\/\"> <span class=\"screen-reader-text\">Hinged Tube Furnaces for Horizontal\/Vertical Operation up to 1300 \u00b0C Gas Atmosphere\/Vacuum<\/span> Read More &raquo;<\/a><\/p>","protected":false},"featured_media":1956,"template":"","meta":[],"yoast_head":"<!-- This site is optimized with the Yoast SEO plugin v21.6 - https:\/\/yoast.com\/wordpress\/plugins\/seo\/ -->\n<title>Vamzdin\u0117s krosnys su atver\u010diama kamera - Termin\u0117 \u012franga - Labectra<\/title>\n<meta name=\"robots\" content=\"index, follow, max-snippet:-1, max-image-preview:large, max-video-preview:-1\" \/>\n<link rel=\"canonical\" href=\"https:\/\/www.labectra.lt\/en\/product\/vamzdines-krosnys-su-atverciama-kamera\/\" \/>\n<meta property=\"og:locale\" content=\"en_GB\" \/>\n<meta property=\"og:type\" content=\"article\" \/>\n<meta property=\"og:title\" content=\"Vamzdin\u0117s krosnys su atver\u010diama kamera - Termin\u0117 \u012franga - Labectra\" \/>\n<meta property=\"og:description\" content=\"RS 80\/300\/11 \u2013 RS 170\/1000\/13 Vamzdin\u0117s krosnys\u00a0RS 80\/300\/11 \u2013 RS 170\/1000\/13 gali b\u016bti naudojamos horizontalioms ir vertikalioms operacijoms. Krosnies konstrukcija leid\u017eia greitai pakeisti darbin\u012f vamzd\u012f bei naudoti skirtingo tipo vamzd\u017eius. Krosni\u0173 kameros yra atver\u010diamo tipo, tad vamzd\u012f \u012fmanoma keiti net su galin\u0117mis\u00a0jungtimis. Naudojant skirtingas duj\u0173 tiekimo sistemas,\u00a0yra\u00a0galimyb\u0117 atlikti operacijas degioje, oro, inertini\u0173 duj\u0173 ar vakuumo &hellip; Vamzdin\u0117s krosnys su atver\u010diama kamera Read More &raquo;\" \/>\n<meta property=\"og:url\" content=\"https:\/\/www.labectra.lt\/en\/product\/vamzdines-krosnys-su-atverciama-kamera\/\" \/>\n<meta property=\"og:site_name\" content=\"Termin\u0117 \u012franga - Labectra\" \/>\n<meta property=\"article:modified_time\" content=\"2019-11-04T23:22:24+00:00\" \/>\n<meta property=\"og:image\" content=\"https:\/\/www.labectra.lt\/wp-content\/uploads\/2019\/09\/vamzdines-krosnys-su-atverciama-kamera.jpg\" \/>\n\t<meta property=\"og:image:width\" content=\"558\" \/>\n\t<meta property=\"og:image:height\" content=\"456\" \/>\n\t<meta property=\"og:image:type\" content=\"image\/jpeg\" \/>\n<meta name=\"twitter:card\" content=\"summary_large_image\" \/>\n<script type=\"application\/ld+json\" class=\"yoast-schema-graph\">{\"@context\":\"https:\/\/schema.org\",\"@graph\":[{\"@type\":\"WebPage\",\"@id\":\"https:\/\/www.labectra.lt\/produktas\/vamzdines-krosnys-su-atverciama-kamera\/\",\"url\":\"https:\/\/www.labectra.lt\/produktas\/vamzdines-krosnys-su-atverciama-kamera\/\",\"name\":\"Vamzdin\u0117s krosnys su atver\u010diama kamera - Termin\u0117 \u012franga - Labectra\",\"isPartOf\":{\"@id\":\"https:\/\/www.labectra.lt\/#website\"},\"datePublished\":\"2019-09-17T20:26:28+00:00\",\"dateModified\":\"2019-11-04T23:22:24+00:00\",\"breadcrumb\":{\"@id\":\"https:\/\/www.labectra.lt\/produktas\/vamzdines-krosnys-su-atverciama-kamera\/#breadcrumb\"},\"inLanguage\":\"en-GB\",\"potentialAction\":[{\"@type\":\"ReadAction\",\"target\":[\"https:\/\/www.labectra.lt\/produktas\/vamzdines-krosnys-su-atverciama-kamera\/\"]}]},{\"@type\":\"BreadcrumbList\",\"@id\":\"https:\/\/www.labectra.lt\/produktas\/vamzdines-krosnys-su-atverciama-kamera\/#breadcrumb\",\"itemListElement\":[{\"@type\":\"ListItem\",\"position\":1,\"name\":\"Home\",\"item\":\"https:\/\/www.labectra.lt\/\"},{\"@type\":\"ListItem\",\"position\":2,\"name\":\"Termin\u0117 \u012franga\",\"item\":\"https:\/\/www.labectra.lt\/termine-iranga\/\"},{\"@type\":\"ListItem\",\"position\":3,\"name\":\"Vamzdin\u0117s krosnys su atver\u010diama kamera\"}]},{\"@type\":\"WebSite\",\"@id\":\"https:\/\/www.labectra.lt\/#website\",\"url\":\"https:\/\/www.labectra.lt\/\",\"name\":\"Termin\u0117 \u012franga - Labectra\",\"description\":\"J\u016bs\u0173 termin\u0117s \u012frangos tiek\u0117jas!\",\"publisher\":{\"@id\":\"https:\/\/www.labectra.lt\/#organization\"},\"potentialAction\":[{\"@type\":\"SearchAction\",\"target\":{\"@type\":\"EntryPoint\",\"urlTemplate\":\"https:\/\/www.labectra.lt\/?s={search_term_string}\"},\"query-input\":\"required name=search_term_string\"}],\"inLanguage\":\"en-GB\"},{\"@type\":\"Organization\",\"@id\":\"https:\/\/www.labectra.lt\/#organization\",\"name\":\"Labectra\",\"url\":\"https:\/\/www.labectra.lt\/\",\"logo\":{\"@type\":\"ImageObject\",\"inLanguage\":\"en-GB\",\"@id\":\"https:\/\/www.labectra.lt\/#\/schema\/logo\/image\/\",\"url\":\"https:\/\/www.labectra.lt\/wp-content\/uploads\/2019\/09\/Logo21.png\",\"contentUrl\":\"https:\/\/www.labectra.lt\/wp-content\/uploads\/2019\/09\/Logo21.png\",\"width\":392,\"height\":58,\"caption\":\"Labectra\"},\"image\":{\"@id\":\"https:\/\/www.labectra.lt\/#\/schema\/logo\/image\/\"}}]}<\/script>\n<!-- \/ Yoast SEO plugin. -->","yoast_head_json":{"title":"Vamzdin\u0117s krosnys su atver\u010diama kamera - Termin\u0117 \u012franga - Labectra","robots":{"index":"index","follow":"follow","max-snippet":"max-snippet:-1","max-image-preview":"max-image-preview:large","max-video-preview":"max-video-preview:-1"},"canonical":"https:\/\/www.labectra.lt\/en\/product\/vamzdines-krosnys-su-atverciama-kamera\/","og_locale":"en_GB","og_type":"article","og_title":"Vamzdin\u0117s krosnys su atver\u010diama kamera - Termin\u0117 \u012franga - Labectra","og_description":"RS 80\/300\/11 \u2013 RS 170\/1000\/13 Vamzdin\u0117s krosnys\u00a0RS 80\/300\/11 \u2013 RS 170\/1000\/13 gali b\u016bti naudojamos horizontalioms ir vertikalioms operacijoms. Krosnies konstrukcija leid\u017eia greitai pakeisti darbin\u012f vamzd\u012f bei naudoti skirtingo tipo vamzd\u017eius. Krosni\u0173 kameros yra atver\u010diamo tipo, tad vamzd\u012f \u012fmanoma keiti net su galin\u0117mis\u00a0jungtimis. Naudojant skirtingas duj\u0173 tiekimo sistemas,\u00a0yra\u00a0galimyb\u0117 atlikti operacijas degioje, oro, inertini\u0173 duj\u0173 ar vakuumo &hellip; Vamzdin\u0117s krosnys su atver\u010diama kamera Read More &raquo;","og_url":"https:\/\/www.labectra.lt\/en\/product\/vamzdines-krosnys-su-atverciama-kamera\/","og_site_name":"Termin\u0117 \u012franga - Labectra","article_modified_time":"2019-11-04T23:22:24+00:00","og_image":[{"width":558,"height":456,"url":"https:\/\/www.labectra.lt\/wp-content\/uploads\/2019\/09\/vamzdines-krosnys-su-atverciama-kamera.jpg","type":"image\/jpeg"}],"twitter_card":"summary_large_image","schema":{"@context":"https:\/\/schema.org","@graph":[{"@type":"WebPage","@id":"https:\/\/www.labectra.lt\/produktas\/vamzdines-krosnys-su-atverciama-kamera\/","url":"https:\/\/www.labectra.lt\/produktas\/vamzdines-krosnys-su-atverciama-kamera\/","name":"Vamzdin\u0117s krosnys su atver\u010diama kamera - Termin\u0117 \u012franga - Labectra","isPartOf":{"@id":"https:\/\/www.labectra.lt\/#website"},"datePublished":"2019-09-17T20:26:28+00:00","dateModified":"2019-11-04T23:22:24+00:00","breadcrumb":{"@id":"https:\/\/www.labectra.lt\/produktas\/vamzdines-krosnys-su-atverciama-kamera\/#breadcrumb"},"inLanguage":"en-GB","potentialAction":[{"@type":"ReadAction","target":["https:\/\/www.labectra.lt\/produktas\/vamzdines-krosnys-su-atverciama-kamera\/"]}]},{"@type":"BreadcrumbList","@id":"https:\/\/www.labectra.lt\/produktas\/vamzdines-krosnys-su-atverciama-kamera\/#breadcrumb","itemListElement":[{"@type":"ListItem","position":1,"name":"Home","item":"https:\/\/www.labectra.lt\/"},{"@type":"ListItem","position":2,"name":"Termin\u0117 \u012franga","item":"https:\/\/www.labectra.lt\/termine-iranga\/"},{"@type":"ListItem","position":3,"name":"Vamzdin\u0117s krosnys su atver\u010diama kamera"}]},{"@type":"WebSite","@id":"https:\/\/www.labectra.lt\/#website","url":"https:\/\/www.labectra.lt\/","name":"Termin\u0117 \u012franga - Labectra","description":"J\u016bs\u0173 termin\u0117s \u012frangos tiek\u0117jas!","publisher":{"@id":"https:\/\/www.labectra.lt\/#organization"},"potentialAction":[{"@type":"SearchAction","target":{"@type":"EntryPoint","urlTemplate":"https:\/\/www.labectra.lt\/?s={search_term_string}"},"query-input":"required name=search_term_string"}],"inLanguage":"en-GB"},{"@type":"Organization","@id":"https:\/\/www.labectra.lt\/#organization","name":"Labectra","url":"https:\/\/www.labectra.lt\/","logo":{"@type":"ImageObject","inLanguage":"en-GB","@id":"https:\/\/www.labectra.lt\/#\/schema\/logo\/image\/","url":"https:\/\/www.labectra.lt\/wp-content\/uploads\/2019\/09\/Logo21.png","contentUrl":"https:\/\/www.labectra.lt\/wp-content\/uploads\/2019\/09\/Logo21.png","width":392,"height":58,"caption":"Labectra"},"image":{"@id":"https:\/\/www.labectra.lt\/#\/schema\/logo\/image\/"}}]}},"_links":{"self":[{"href":"https:\/\/www.labectra.lt\/en\/wp-json\/wp\/v2\/product\/2169"}],"collection":[{"href":"https:\/\/www.labectra.lt\/en\/wp-json\/wp\/v2\/product"}],"about":[{"href":"https:\/\/www.labectra.lt\/en\/wp-json\/wp\/v2\/types\/product"}],"wp:featuredmedia":[{"embeddable":true,"href":"https:\/\/www.labectra.lt\/en\/wp-json\/wp\/v2\/media\/1956"}],"wp:attachment":[{"href":"https:\/\/www.labectra.lt\/en\/wp-json\/wp\/v2\/media?parent=2169"}],"curies":[{"name":"wp","href":"https:\/\/api.w.org\/{rel}","templated":true}]}}