{"id":2170,"date":"2019-09-17T23:31:54","date_gmt":"2019-09-17T20:31:54","guid":{"rendered":"https:\/\/www.labectra.lt\/produktas\/aukstos-temperaturos-vamzdines-krosnys-su-mosi2-kaitinimo-elementais\/"},"modified":"2019-11-05T01:22:19","modified_gmt":"2019-11-04T23:22:19","slug":"aukstos-temperaturos-vamzdines-krosnys-su-mosi2-kaitinimo-elementais","status":"publish","type":"product","link":"https:\/\/www.labectra.lt\/en\/product\/aukstos-temperaturos-vamzdines-krosnys-su-mosi2-kaitinimo-elementais\/","title":{"rendered":"High-Temperature Chamber Furnaces with MoSi2 Heating Elements as Table-Top Model"},"content":{"rendered":"<p>RHTH 120\/150\/.. \u2013 RHTH 120\/600\/.., RHTV 120\/150\/.. \u2013 RHTV 120\/600\/..<\/p>\n<p class=\" translation-block\">The high-temperature tube furnaces are available in either horizontal (type RHTH) or vertical (type RHTV) designs. High-quality insulation materials made of vacuum-formed fiber plates enable energysaving operation and a fast heating time due to low heat storage and heat conductivity. By using different gas supply systems, operations can be performed under non-flammable or flammable protective or reactive gases or under vacuum.<\/p>\n<p><a href=\"https:\/\/www.labectra.lt\/wp-content\/uploads\/2019\/09\/aukstos-temperaturos-vamzdines-krosnys-su-mosi2-kaitinimo-elementais-3.png\"><img fetchpriority=\"high\" decoding=\"async\" class=\"aligncenter wp-image-1755\" src=\"https:\/\/www.labectra.lt\/wp-content\/uploads\/2019\/09\/aukstos-temperaturos-vamzdines-krosnys-su-mosi2-kaitinimo-elementais-3.png\" sizes=\"(max-width: 600px) 100vw, 600px\" srcset=\"https:\/\/www.labectra.lt\/wp-content\/uploads\/2019\/09\/aukstos-temperaturos-vamzdines-krosnys-su-mosi2-kaitinimo-elementais-3.png 1005w, https:\/\/www.labectra.lt\/wp-content\/uploads\/2019\/09\/aukstos-temperaturos-vamzdines-krosnys-su-mosi2-kaitinimo-elementais-3-300x86.png 300w, https:\/\/www.labectra.lt\/wp-content\/uploads\/2019\/09\/aukstos-temperaturos-vamzdines-krosnys-su-mosi2-kaitinimo-elementais-3-768x221.png 768w\" alt=\"Auk\u0161tos temperat\u016bros vamzdin\u0117s krosnys su MoSi2 kaitinimo elementais. Temperat\u016bra iki 1500 \u00b0C. Krosnys gali dirbti inertin\u0117se dujose, vakuume, degioje bei nedegioje aplinkoje.\" width=\"600\" height=\"173\" \/><\/a><\/p>","protected":false},"excerpt":{"rendered":"<p>RHTH 120\/150\/.. \u2013 RHTH 120\/600\/.., RHTV 120\/150\/.. \u2013 RHTV 120\/600\/.. Galimi vertikal\u016bs (RHTV) arba horizontal\u016bs (RHTH)\u00a0auk\u0161tos temperat\u016bros\u00a0vamzdini\u0173 krosni\u0173\u00a0variantai. Au\u0161tos temperat\u016bros lengvasvor\u0117\u00a0izoliacija suteikia galimyb\u0119 greitai\u00a0\u012fkaitinti krosnis ir i\u0161laikyti ma\u017eas energijos s\u0105naudas. Naudojant skirtingas duj\u0173 tiekimo sistemas,\u00a0yra\u00a0galimyb\u0117 atlikti operacijas nedegioje, degioje, oro, inertini\u0173 duj\u0173 ar vakuumo aplinkose.<\/p>","protected":false},"featured_media":1957,"template":"","meta":[],"yoast_head":"<!-- This site is optimized with the Yoast SEO plugin v21.6 - https:\/\/yoast.com\/wordpress\/plugins\/seo\/ -->\n<title>Auk\u0161tos temp. vamzdin\u0117s krosnys su MoSi2 kaitinimo elementais - Termin\u0117 \u012franga - Labectra<\/title>\n<meta name=\"robots\" content=\"index, follow, max-snippet:-1, max-image-preview:large, max-video-preview:-1\" \/>\n<link rel=\"canonical\" href=\"https:\/\/www.labectra.lt\/en\/product\/aukstos-temperaturos-vamzdines-krosnys-su-mosi2-kaitinimo-elementais\/\" \/>\n<meta property=\"og:locale\" content=\"en_GB\" \/>\n<meta property=\"og:type\" content=\"article\" \/>\n<meta property=\"og:title\" content=\"Auk\u0161tos temp. vamzdin\u0117s krosnys su MoSi2 kaitinimo elementais - Termin\u0117 \u012franga - Labectra\" \/>\n<meta property=\"og:description\" content=\"RHTH 120\/150\/.. \u2013 RHTH 120\/600\/.., RHTV 120\/150\/.. \u2013 RHTV 120\/600\/.. Galimi vertikal\u016bs (RHTV) arba horizontal\u016bs (RHTH)\u00a0auk\u0161tos temperat\u016bros\u00a0vamzdini\u0173 krosni\u0173\u00a0variantai. Au\u0161tos temperat\u016bros lengvasvor\u0117\u00a0izoliacija suteikia galimyb\u0119 greitai\u00a0\u012fkaitinti krosnis ir i\u0161laikyti ma\u017eas energijos s\u0105naudas. Naudojant skirtingas duj\u0173 tiekimo sistemas,\u00a0yra\u00a0galimyb\u0117 atlikti operacijas nedegioje, degioje, oro, inertini\u0173 duj\u0173 ar vakuumo aplinkose.\" \/>\n<meta property=\"og:url\" content=\"https:\/\/www.labectra.lt\/en\/product\/aukstos-temperaturos-vamzdines-krosnys-su-mosi2-kaitinimo-elementais\/\" \/>\n<meta property=\"og:site_name\" content=\"Termin\u0117 \u012franga - Labectra\" \/>\n<meta property=\"article:modified_time\" content=\"2019-11-04T23:22:19+00:00\" \/>\n<meta property=\"og:image\" content=\"https:\/\/www.labectra.lt\/wp-content\/uploads\/2019\/09\/aukstos-temperaturos-vamzdines-krosnys-su-mosi2-kaitinimo-elementais.jpg\" \/>\n\t<meta property=\"og:image:width\" content=\"775\" \/>\n\t<meta property=\"og:image:height\" content=\"705\" \/>\n\t<meta property=\"og:image:type\" content=\"image\/jpeg\" \/>\n<meta name=\"twitter:card\" content=\"summary_large_image\" \/>\n<script type=\"application\/ld+json\" class=\"yoast-schema-graph\">{\"@context\":\"https:\/\/schema.org\",\"@graph\":[{\"@type\":\"WebPage\",\"@id\":\"https:\/\/www.labectra.lt\/produktas\/aukstos-temperaturos-vamzdines-krosnys-su-mosi2-kaitinimo-elementais\/\",\"url\":\"https:\/\/www.labectra.lt\/produktas\/aukstos-temperaturos-vamzdines-krosnys-su-mosi2-kaitinimo-elementais\/\",\"name\":\"Auk\u0161tos temp. vamzdin\u0117s krosnys su MoSi2 kaitinimo elementais - Termin\u0117 \u012franga - Labectra\",\"isPartOf\":{\"@id\":\"https:\/\/www.labectra.lt\/#website\"},\"datePublished\":\"2019-09-17T20:31:54+00:00\",\"dateModified\":\"2019-11-04T23:22:19+00:00\",\"breadcrumb\":{\"@id\":\"https:\/\/www.labectra.lt\/produktas\/aukstos-temperaturos-vamzdines-krosnys-su-mosi2-kaitinimo-elementais\/#breadcrumb\"},\"inLanguage\":\"en-GB\",\"potentialAction\":[{\"@type\":\"ReadAction\",\"target\":[\"https:\/\/www.labectra.lt\/produktas\/aukstos-temperaturos-vamzdines-krosnys-su-mosi2-kaitinimo-elementais\/\"]}]},{\"@type\":\"BreadcrumbList\",\"@id\":\"https:\/\/www.labectra.lt\/produktas\/aukstos-temperaturos-vamzdines-krosnys-su-mosi2-kaitinimo-elementais\/#breadcrumb\",\"itemListElement\":[{\"@type\":\"ListItem\",\"position\":1,\"name\":\"Home\",\"item\":\"https:\/\/www.labectra.lt\/\"},{\"@type\":\"ListItem\",\"position\":2,\"name\":\"Termin\u0117 \u012franga\",\"item\":\"https:\/\/www.labectra.lt\/termine-iranga\/\"},{\"@type\":\"ListItem\",\"position\":3,\"name\":\"Auk\u0161tos temp. vamzdin\u0117s krosnys su MoSi2 kaitinimo elementais\"}]},{\"@type\":\"WebSite\",\"@id\":\"https:\/\/www.labectra.lt\/#website\",\"url\":\"https:\/\/www.labectra.lt\/\",\"name\":\"Termin\u0117 \u012franga - Labectra\",\"description\":\"J\u016bs\u0173 termin\u0117s \u012frangos tiek\u0117jas!\",\"publisher\":{\"@id\":\"https:\/\/www.labectra.lt\/#organization\"},\"potentialAction\":[{\"@type\":\"SearchAction\",\"target\":{\"@type\":\"EntryPoint\",\"urlTemplate\":\"https:\/\/www.labectra.lt\/?s={search_term_string}\"},\"query-input\":\"required name=search_term_string\"}],\"inLanguage\":\"en-GB\"},{\"@type\":\"Organization\",\"@id\":\"https:\/\/www.labectra.lt\/#organization\",\"name\":\"Labectra\",\"url\":\"https:\/\/www.labectra.lt\/\",\"logo\":{\"@type\":\"ImageObject\",\"inLanguage\":\"en-GB\",\"@id\":\"https:\/\/www.labectra.lt\/#\/schema\/logo\/image\/\",\"url\":\"https:\/\/www.labectra.lt\/wp-content\/uploads\/2019\/09\/Logo21.png\",\"contentUrl\":\"https:\/\/www.labectra.lt\/wp-content\/uploads\/2019\/09\/Logo21.png\",\"width\":392,\"height\":58,\"caption\":\"Labectra\"},\"image\":{\"@id\":\"https:\/\/www.labectra.lt\/#\/schema\/logo\/image\/\"}}]}<\/script>\n<!-- \/ Yoast SEO plugin. -->","yoast_head_json":{"title":"Auk\u0161tos temp. vamzdin\u0117s krosnys su MoSi2 kaitinimo elementais - Termin\u0117 \u012franga - Labectra","robots":{"index":"index","follow":"follow","max-snippet":"max-snippet:-1","max-image-preview":"max-image-preview:large","max-video-preview":"max-video-preview:-1"},"canonical":"https:\/\/www.labectra.lt\/en\/product\/aukstos-temperaturos-vamzdines-krosnys-su-mosi2-kaitinimo-elementais\/","og_locale":"en_GB","og_type":"article","og_title":"Auk\u0161tos temp. vamzdin\u0117s krosnys su MoSi2 kaitinimo elementais - Termin\u0117 \u012franga - Labectra","og_description":"RHTH 120\/150\/.. \u2013 RHTH 120\/600\/.., RHTV 120\/150\/.. \u2013 RHTV 120\/600\/.. Galimi vertikal\u016bs (RHTV) arba horizontal\u016bs (RHTH)\u00a0auk\u0161tos temperat\u016bros\u00a0vamzdini\u0173 krosni\u0173\u00a0variantai. Au\u0161tos temperat\u016bros lengvasvor\u0117\u00a0izoliacija suteikia galimyb\u0119 greitai\u00a0\u012fkaitinti krosnis ir i\u0161laikyti ma\u017eas energijos s\u0105naudas. Naudojant skirtingas duj\u0173 tiekimo sistemas,\u00a0yra\u00a0galimyb\u0117 atlikti operacijas nedegioje, degioje, oro, inertini\u0173 duj\u0173 ar vakuumo aplinkose.","og_url":"https:\/\/www.labectra.lt\/en\/product\/aukstos-temperaturos-vamzdines-krosnys-su-mosi2-kaitinimo-elementais\/","og_site_name":"Termin\u0117 \u012franga - Labectra","article_modified_time":"2019-11-04T23:22:19+00:00","og_image":[{"width":775,"height":705,"url":"https:\/\/www.labectra.lt\/wp-content\/uploads\/2019\/09\/aukstos-temperaturos-vamzdines-krosnys-su-mosi2-kaitinimo-elementais.jpg","type":"image\/jpeg"}],"twitter_card":"summary_large_image","schema":{"@context":"https:\/\/schema.org","@graph":[{"@type":"WebPage","@id":"https:\/\/www.labectra.lt\/produktas\/aukstos-temperaturos-vamzdines-krosnys-su-mosi2-kaitinimo-elementais\/","url":"https:\/\/www.labectra.lt\/produktas\/aukstos-temperaturos-vamzdines-krosnys-su-mosi2-kaitinimo-elementais\/","name":"Auk\u0161tos temp. vamzdin\u0117s krosnys su MoSi2 kaitinimo elementais - Termin\u0117 \u012franga - Labectra","isPartOf":{"@id":"https:\/\/www.labectra.lt\/#website"},"datePublished":"2019-09-17T20:31:54+00:00","dateModified":"2019-11-04T23:22:19+00:00","breadcrumb":{"@id":"https:\/\/www.labectra.lt\/produktas\/aukstos-temperaturos-vamzdines-krosnys-su-mosi2-kaitinimo-elementais\/#breadcrumb"},"inLanguage":"en-GB","potentialAction":[{"@type":"ReadAction","target":["https:\/\/www.labectra.lt\/produktas\/aukstos-temperaturos-vamzdines-krosnys-su-mosi2-kaitinimo-elementais\/"]}]},{"@type":"BreadcrumbList","@id":"https:\/\/www.labectra.lt\/produktas\/aukstos-temperaturos-vamzdines-krosnys-su-mosi2-kaitinimo-elementais\/#breadcrumb","itemListElement":[{"@type":"ListItem","position":1,"name":"Home","item":"https:\/\/www.labectra.lt\/"},{"@type":"ListItem","position":2,"name":"Termin\u0117 \u012franga","item":"https:\/\/www.labectra.lt\/termine-iranga\/"},{"@type":"ListItem","position":3,"name":"Auk\u0161tos temp. vamzdin\u0117s krosnys su MoSi2 kaitinimo elementais"}]},{"@type":"WebSite","@id":"https:\/\/www.labectra.lt\/#website","url":"https:\/\/www.labectra.lt\/","name":"Termin\u0117 \u012franga - Labectra","description":"J\u016bs\u0173 termin\u0117s \u012frangos tiek\u0117jas!","publisher":{"@id":"https:\/\/www.labectra.lt\/#organization"},"potentialAction":[{"@type":"SearchAction","target":{"@type":"EntryPoint","urlTemplate":"https:\/\/www.labectra.lt\/?s={search_term_string}"},"query-input":"required name=search_term_string"}],"inLanguage":"en-GB"},{"@type":"Organization","@id":"https:\/\/www.labectra.lt\/#organization","name":"Labectra","url":"https:\/\/www.labectra.lt\/","logo":{"@type":"ImageObject","inLanguage":"en-GB","@id":"https:\/\/www.labectra.lt\/#\/schema\/logo\/image\/","url":"https:\/\/www.labectra.lt\/wp-content\/uploads\/2019\/09\/Logo21.png","contentUrl":"https:\/\/www.labectra.lt\/wp-content\/uploads\/2019\/09\/Logo21.png","width":392,"height":58,"caption":"Labectra"},"image":{"@id":"https:\/\/www.labectra.lt\/#\/schema\/logo\/image\/"}}]}},"_links":{"self":[{"href":"https:\/\/www.labectra.lt\/en\/wp-json\/wp\/v2\/product\/2170"}],"collection":[{"href":"https:\/\/www.labectra.lt\/en\/wp-json\/wp\/v2\/product"}],"about":[{"href":"https:\/\/www.labectra.lt\/en\/wp-json\/wp\/v2\/types\/product"}],"wp:featuredmedia":[{"embeddable":true,"href":"https:\/\/www.labectra.lt\/en\/wp-json\/wp\/v2\/media\/1957"}],"wp:attachment":[{"href":"https:\/\/www.labectra.lt\/en\/wp-json\/wp\/v2\/media?parent=2170"}],"curies":[{"name":"wp","href":"https:\/\/api.w.org\/{rel}","templated":true}]}}