{"id":2171,"date":"2019-09-17T23:35:04","date_gmt":"2019-09-17T20:35:04","guid":{"rendered":"https:\/\/www.labectra.lt\/produktas\/aukstos-temperaturos-vamzdines-krosnys-su-sic-kaitinimo-elementais\/"},"modified":"2019-11-05T01:21:51","modified_gmt":"2019-11-04T23:21:51","slug":"aukstos-temperaturos-vamzdines-krosnys-su-sic-kaitinimo-elementais","status":"publish","type":"product","link":"https:\/\/www.labectra.lt\/en\/product\/aukstos-temperaturos-vamzdines-krosnys-su-sic-kaitinimo-elementais\/","title":{"rendered":"High-Temperature Tube Furnaces SiC"},"content":{"rendered":"<p class=\" translation-block\">RHTC 80-230\/15 \u2013 RHTC 80-710\/15<br>These compact tube furnaces with SiC rod heating and integrated switchgear and controller can be used universally for many processes. With an easy to replace working tube as well as additional standard equipment options, these furnaces are flexible and can be used for a wide range of applications. The high-quality fiber insulation ensures fast heating and cooling times. The SiC heating rods installed parallel to the working tube ensure excellent temperature uniformity. The price-performance ratio for this temperature range is unbeatable.<\/p>\n<p><a href=\"https:\/\/www.labectra.lt\/wp-content\/uploads\/2019\/09\/aukstos-temperaturos-vamzdines-krosnys-su-sic-kaitinimo-elementais-2.png\"><img fetchpriority=\"high\" decoding=\"async\" class=\"aligncenter wp-image-1760\" src=\"https:\/\/www.labectra.lt\/wp-content\/uploads\/2019\/09\/aukstos-temperaturos-vamzdines-krosnys-su-sic-kaitinimo-elementais-2.png\" sizes=\"(max-width: 600px) 100vw, 600px\" srcset=\"https:\/\/www.labectra.lt\/wp-content\/uploads\/2019\/09\/aukstos-temperaturos-vamzdines-krosnys-su-sic-kaitinimo-elementais-2.png 1001w, https:\/\/www.labectra.lt\/wp-content\/uploads\/2019\/09\/aukstos-temperaturos-vamzdines-krosnys-su-sic-kaitinimo-elementais-2-300x45.png 300w, https:\/\/www.labectra.lt\/wp-content\/uploads\/2019\/09\/aukstos-temperaturos-vamzdines-krosnys-su-sic-kaitinimo-elementais-2-768x114.png 768w\" alt=\"Auk\u0161tos temperat\u016bros vamzdin\u0117s krosnys su SiC kaitinimo elementais. Temperat\u016bra iki 1500 \u00b0C Krosnys gali dirbti inertin\u0117se dujose bei vakuume.\" width=\"600\" height=\"89\" \/><\/a><\/p>","protected":false},"excerpt":{"rendered":"<p class=\" translation-block\">RHTC 80-230\/15 \u2013 RHTC 80-710\/15<br>These compact tube furnaces with SiC rod heating and integrated switchgear and controller can be used universally for many processes. With an easy to replace working tube as well as additional standard equipment options, these furnaces are flexible and can be used for a wide range of applications. The high-quality fiber insulation ensures fast heating and cooling times. The SiC heating rods installed parallel to the working tube ensure excellent temperature uniformity. The price-performance ratio for this temperature range is unbeatable.<\/p>","protected":false},"featured_media":1958,"template":"","meta":[],"yoast_head":"<!-- This site is optimized with the Yoast SEO plugin v21.6 - https:\/\/yoast.com\/wordpress\/plugins\/seo\/ -->\n<title>Auk\u0161tos temp. vamzdin\u0117s krosnys su SiC kaitinimo elementais - Termin\u0117 \u012franga - Labectra<\/title>\n<meta name=\"robots\" content=\"index, follow, max-snippet:-1, max-image-preview:large, max-video-preview:-1\" \/>\n<link rel=\"canonical\" href=\"https:\/\/www.labectra.lt\/en\/product\/aukstos-temperaturos-vamzdines-krosnys-su-sic-kaitinimo-elementais\/\" \/>\n<meta property=\"og:locale\" content=\"en_GB\" \/>\n<meta property=\"og:type\" content=\"article\" \/>\n<meta property=\"og:title\" content=\"Auk\u0161tos temp. vamzdin\u0117s krosnys su SiC kaitinimo elementais - Termin\u0117 \u012franga - Labectra\" \/>\n<meta property=\"og:description\" content=\"RHTC 80-230\/15 \u2013 RHTC 80-710\/15 Kompakti\u0161kos\u00a0vamzdin\u0117s krosnys\u00a0RHTC 80-230\/15 \u2013 RHTC 80-710\/15 yra su SiC kaitinimo elementais ir\u00a0integruotu temperat\u016bros valdikliu.\u00a0Krosnys gali b\u016bti naudojamos \u012fvairiems terminiams procesams iki 1500 \u00b0C. Darbinio\u00a0vamzd\u017eio pakeitimas yra itin paprastas ir greitas.\" \/>\n<meta property=\"og:url\" content=\"https:\/\/www.labectra.lt\/en\/product\/aukstos-temperaturos-vamzdines-krosnys-su-sic-kaitinimo-elementais\/\" \/>\n<meta property=\"og:site_name\" content=\"Termin\u0117 \u012franga - Labectra\" \/>\n<meta property=\"article:modified_time\" content=\"2019-11-04T23:21:51+00:00\" \/>\n<meta property=\"og:image\" content=\"https:\/\/www.labectra.lt\/wp-content\/uploads\/2019\/09\/aukstos-temperaturos-vamzdines-krosnys-su-sic-kaitinimo-elementais.jpg\" \/>\n\t<meta property=\"og:image:width\" content=\"611\" \/>\n\t<meta property=\"og:image:height\" content=\"354\" \/>\n\t<meta property=\"og:image:type\" content=\"image\/jpeg\" \/>\n<meta name=\"twitter:card\" content=\"summary_large_image\" \/>\n<script type=\"application\/ld+json\" class=\"yoast-schema-graph\">{\"@context\":\"https:\/\/schema.org\",\"@graph\":[{\"@type\":\"WebPage\",\"@id\":\"https:\/\/www.labectra.lt\/produktas\/aukstos-temperaturos-vamzdines-krosnys-su-sic-kaitinimo-elementais\/\",\"url\":\"https:\/\/www.labectra.lt\/produktas\/aukstos-temperaturos-vamzdines-krosnys-su-sic-kaitinimo-elementais\/\",\"name\":\"Auk\u0161tos temp. vamzdin\u0117s krosnys su SiC kaitinimo elementais - Termin\u0117 \u012franga - Labectra\",\"isPartOf\":{\"@id\":\"https:\/\/www.labectra.lt\/#website\"},\"datePublished\":\"2019-09-17T20:35:04+00:00\",\"dateModified\":\"2019-11-04T23:21:51+00:00\",\"breadcrumb\":{\"@id\":\"https:\/\/www.labectra.lt\/produktas\/aukstos-temperaturos-vamzdines-krosnys-su-sic-kaitinimo-elementais\/#breadcrumb\"},\"inLanguage\":\"en-GB\",\"potentialAction\":[{\"@type\":\"ReadAction\",\"target\":[\"https:\/\/www.labectra.lt\/produktas\/aukstos-temperaturos-vamzdines-krosnys-su-sic-kaitinimo-elementais\/\"]}]},{\"@type\":\"BreadcrumbList\",\"@id\":\"https:\/\/www.labectra.lt\/produktas\/aukstos-temperaturos-vamzdines-krosnys-su-sic-kaitinimo-elementais\/#breadcrumb\",\"itemListElement\":[{\"@type\":\"ListItem\",\"position\":1,\"name\":\"Home\",\"item\":\"https:\/\/www.labectra.lt\/\"},{\"@type\":\"ListItem\",\"position\":2,\"name\":\"Termin\u0117 \u012franga\",\"item\":\"https:\/\/www.labectra.lt\/termine-iranga\/\"},{\"@type\":\"ListItem\",\"position\":3,\"name\":\"Auk\u0161tos temp. vamzdin\u0117s krosnys su SiC kaitinimo elementais\"}]},{\"@type\":\"WebSite\",\"@id\":\"https:\/\/www.labectra.lt\/#website\",\"url\":\"https:\/\/www.labectra.lt\/\",\"name\":\"Termin\u0117 \u012franga - Labectra\",\"description\":\"J\u016bs\u0173 termin\u0117s \u012frangos tiek\u0117jas!\",\"publisher\":{\"@id\":\"https:\/\/www.labectra.lt\/#organization\"},\"potentialAction\":[{\"@type\":\"SearchAction\",\"target\":{\"@type\":\"EntryPoint\",\"urlTemplate\":\"https:\/\/www.labectra.lt\/?s={search_term_string}\"},\"query-input\":\"required name=search_term_string\"}],\"inLanguage\":\"en-GB\"},{\"@type\":\"Organization\",\"@id\":\"https:\/\/www.labectra.lt\/#organization\",\"name\":\"Labectra\",\"url\":\"https:\/\/www.labectra.lt\/\",\"logo\":{\"@type\":\"ImageObject\",\"inLanguage\":\"en-GB\",\"@id\":\"https:\/\/www.labectra.lt\/#\/schema\/logo\/image\/\",\"url\":\"https:\/\/www.labectra.lt\/wp-content\/uploads\/2019\/09\/Logo21.png\",\"contentUrl\":\"https:\/\/www.labectra.lt\/wp-content\/uploads\/2019\/09\/Logo21.png\",\"width\":392,\"height\":58,\"caption\":\"Labectra\"},\"image\":{\"@id\":\"https:\/\/www.labectra.lt\/#\/schema\/logo\/image\/\"}}]}<\/script>\n<!-- \/ Yoast SEO plugin. -->","yoast_head_json":{"title":"Auk\u0161tos temp. vamzdin\u0117s krosnys su SiC kaitinimo elementais - Termin\u0117 \u012franga - Labectra","robots":{"index":"index","follow":"follow","max-snippet":"max-snippet:-1","max-image-preview":"max-image-preview:large","max-video-preview":"max-video-preview:-1"},"canonical":"https:\/\/www.labectra.lt\/en\/product\/aukstos-temperaturos-vamzdines-krosnys-su-sic-kaitinimo-elementais\/","og_locale":"en_GB","og_type":"article","og_title":"Auk\u0161tos temp. vamzdin\u0117s krosnys su SiC kaitinimo elementais - Termin\u0117 \u012franga - Labectra","og_description":"RHTC 80-230\/15 \u2013 RHTC 80-710\/15 Kompakti\u0161kos\u00a0vamzdin\u0117s krosnys\u00a0RHTC 80-230\/15 \u2013 RHTC 80-710\/15 yra su SiC kaitinimo elementais ir\u00a0integruotu temperat\u016bros valdikliu.\u00a0Krosnys gali b\u016bti naudojamos \u012fvairiems terminiams procesams iki 1500 \u00b0C. Darbinio\u00a0vamzd\u017eio pakeitimas yra itin paprastas ir greitas.","og_url":"https:\/\/www.labectra.lt\/en\/product\/aukstos-temperaturos-vamzdines-krosnys-su-sic-kaitinimo-elementais\/","og_site_name":"Termin\u0117 \u012franga - Labectra","article_modified_time":"2019-11-04T23:21:51+00:00","og_image":[{"width":611,"height":354,"url":"https:\/\/www.labectra.lt\/wp-content\/uploads\/2019\/09\/aukstos-temperaturos-vamzdines-krosnys-su-sic-kaitinimo-elementais.jpg","type":"image\/jpeg"}],"twitter_card":"summary_large_image","schema":{"@context":"https:\/\/schema.org","@graph":[{"@type":"WebPage","@id":"https:\/\/www.labectra.lt\/produktas\/aukstos-temperaturos-vamzdines-krosnys-su-sic-kaitinimo-elementais\/","url":"https:\/\/www.labectra.lt\/produktas\/aukstos-temperaturos-vamzdines-krosnys-su-sic-kaitinimo-elementais\/","name":"Auk\u0161tos temp. vamzdin\u0117s krosnys su SiC kaitinimo elementais - Termin\u0117 \u012franga - Labectra","isPartOf":{"@id":"https:\/\/www.labectra.lt\/#website"},"datePublished":"2019-09-17T20:35:04+00:00","dateModified":"2019-11-04T23:21:51+00:00","breadcrumb":{"@id":"https:\/\/www.labectra.lt\/produktas\/aukstos-temperaturos-vamzdines-krosnys-su-sic-kaitinimo-elementais\/#breadcrumb"},"inLanguage":"en-GB","potentialAction":[{"@type":"ReadAction","target":["https:\/\/www.labectra.lt\/produktas\/aukstos-temperaturos-vamzdines-krosnys-su-sic-kaitinimo-elementais\/"]}]},{"@type":"BreadcrumbList","@id":"https:\/\/www.labectra.lt\/produktas\/aukstos-temperaturos-vamzdines-krosnys-su-sic-kaitinimo-elementais\/#breadcrumb","itemListElement":[{"@type":"ListItem","position":1,"name":"Home","item":"https:\/\/www.labectra.lt\/"},{"@type":"ListItem","position":2,"name":"Termin\u0117 \u012franga","item":"https:\/\/www.labectra.lt\/termine-iranga\/"},{"@type":"ListItem","position":3,"name":"Auk\u0161tos temp. vamzdin\u0117s krosnys su SiC kaitinimo elementais"}]},{"@type":"WebSite","@id":"https:\/\/www.labectra.lt\/#website","url":"https:\/\/www.labectra.lt\/","name":"Termin\u0117 \u012franga - Labectra","description":"J\u016bs\u0173 termin\u0117s \u012frangos tiek\u0117jas!","publisher":{"@id":"https:\/\/www.labectra.lt\/#organization"},"potentialAction":[{"@type":"SearchAction","target":{"@type":"EntryPoint","urlTemplate":"https:\/\/www.labectra.lt\/?s={search_term_string}"},"query-input":"required name=search_term_string"}],"inLanguage":"en-GB"},{"@type":"Organization","@id":"https:\/\/www.labectra.lt\/#organization","name":"Labectra","url":"https:\/\/www.labectra.lt\/","logo":{"@type":"ImageObject","inLanguage":"en-GB","@id":"https:\/\/www.labectra.lt\/#\/schema\/logo\/image\/","url":"https:\/\/www.labectra.lt\/wp-content\/uploads\/2019\/09\/Logo21.png","contentUrl":"https:\/\/www.labectra.lt\/wp-content\/uploads\/2019\/09\/Logo21.png","width":392,"height":58,"caption":"Labectra"},"image":{"@id":"https:\/\/www.labectra.lt\/#\/schema\/logo\/image\/"}}]}},"_links":{"self":[{"href":"https:\/\/www.labectra.lt\/en\/wp-json\/wp\/v2\/product\/2171"}],"collection":[{"href":"https:\/\/www.labectra.lt\/en\/wp-json\/wp\/v2\/product"}],"about":[{"href":"https:\/\/www.labectra.lt\/en\/wp-json\/wp\/v2\/types\/product"}],"wp:featuredmedia":[{"embeddable":true,"href":"https:\/\/www.labectra.lt\/en\/wp-json\/wp\/v2\/media\/1958"}],"wp:attachment":[{"href":"https:\/\/www.labectra.lt\/en\/wp-json\/wp\/v2\/media?parent=2171"}],"curies":[{"name":"wp","href":"https:\/\/api.w.org\/{rel}","templated":true}]}}