{"id":2172,"date":"2019-09-17T23:38:07","date_gmt":"2019-09-17T20:38:07","guid":{"rendered":"https:\/\/www.labectra.lt\/produktas\/universalios-vamzdines-krosneles\/"},"modified":"2019-11-05T01:21:46","modified_gmt":"2019-11-04T23:21:46","slug":"universalios-vamzdines-krosneles","status":"publish","type":"product","link":"https:\/\/www.labectra.lt\/en\/product\/universalios-vamzdines-krosneles\/","title":{"rendered":"Universal Tube Furnaces with Stand for Horizontal or Vertical Operation"},"content":{"rendered":"<p class=\" translation-block\">RHTC 80-230\/15 - RHTC 80-710\/15<br \/>\nThese compact tube furnaces with SiC rod heating and integrated switchgear and controller can be used universally for many processes. With an easy to replace working tube as well as additional standard equipment options, these furnaces are flexible and can be used for a wide range of applications. The high-quality fiber insulation ensures fast heating and cooling times. The SiC heating rods installed parallel to the working tube ensure excellent temperature uniformity. The price-performance ratio for this temperature range is unbeatable.<\/p>\n<p><a href=\"https:\/\/www.labectra.lt\/wp-content\/uploads\/2019\/09\/universalios-vamzdines-krosneles-2.png\"><img fetchpriority=\"high\" decoding=\"async\" class=\"aligncenter wp-image-1763\" src=\"https:\/\/www.labectra.lt\/wp-content\/uploads\/2019\/09\/universalios-vamzdines-krosneles-2.png\" sizes=\"(max-width: 600px) 100vw, 600px\" srcset=\"https:\/\/www.labectra.lt\/wp-content\/uploads\/2019\/09\/universalios-vamzdines-krosneles-2.png 833w, https:\/\/www.labectra.lt\/wp-content\/uploads\/2019\/09\/universalios-vamzdines-krosneles-2-300x43.png 300w, https:\/\/www.labectra.lt\/wp-content\/uploads\/2019\/09\/universalios-vamzdines-krosneles-2-768x110.png 768w\" alt=\"Universalios vamzdin\u0117s krosnel\u0117s. Vamzdin\u0117s krosnel\u0117s su pavertimo mechanizmu pritaikytos vertikalioms arba horizontalioms operacijoms.\" width=\"600\" height=\"86\" \/><\/a><\/p>","protected":false},"excerpt":{"rendered":"<p class=\" translation-block\">RHTC 80-230\/15 - RHTC 80-710\/15<br \/>\nThese compact tube furnaces with SiC rod heating and integrated switchgear and controller can be used universally for many processes. With an easy to replace working tube as well as additional standard equipment options, these furnaces are flexible and can be used for a wide range of applications. The high-quality fiber insulation ensures fast heating and cooling times. The SiC heating rods installed parallel to the working tube ensure excellent temperature uniformity. The price-performance ratio for this temperature range is unbeatable.<\/p>","protected":false},"featured_media":1959,"template":"","meta":[],"yoast_head":"<!-- This site is optimized with the Yoast SEO plugin v21.6 - https:\/\/yoast.com\/wordpress\/plugins\/seo\/ -->\n<title>Universalios vamzdin\u0117s krosnel\u0117s - Termin\u0117 \u012franga - Labectra<\/title>\n<meta name=\"robots\" content=\"index, follow, max-snippet:-1, max-image-preview:large, max-video-preview:-1\" \/>\n<link rel=\"canonical\" href=\"https:\/\/www.labectra.lt\/en\/product\/universalios-vamzdines-krosneles\/\" \/>\n<meta property=\"og:locale\" content=\"en_GB\" \/>\n<meta property=\"og:type\" content=\"article\" \/>\n<meta property=\"og:title\" content=\"Universalios vamzdin\u0117s krosnel\u0117s - Termin\u0117 \u012franga - Labectra\" \/>\n<meta property=\"og:description\" content=\"Kompakti\u0161kos\u00a0vamzdin\u0117s krosnys\u00a0RT 50-250\/11 \u2013 RT 30-200\/15\u00a0 yra naudojamos kai terminiai bandymai turi b\u016bti atliekami vertikalia-horizontalia kryptimi arba tam tikru kampu.\u00a0\u0160io tipo vamzdin\u0117s krosnel\u0117s yra reguliuojamo auk\u0161\u010dio, tad gali b\u016bti pritaikytos prie\u00a0esamos sistemos laboratorijoje.\" \/>\n<meta property=\"og:url\" content=\"https:\/\/www.labectra.lt\/en\/product\/universalios-vamzdines-krosneles\/\" \/>\n<meta property=\"og:site_name\" content=\"Termin\u0117 \u012franga - Labectra\" \/>\n<meta property=\"article:modified_time\" content=\"2019-11-04T23:21:46+00:00\" \/>\n<meta property=\"og:image\" content=\"https:\/\/www.labectra.lt\/wp-content\/uploads\/2019\/09\/universalios-vamzdines-krosneles.jpg\" \/>\n\t<meta property=\"og:image:width\" content=\"371\" \/>\n\t<meta property=\"og:image:height\" content=\"450\" \/>\n\t<meta property=\"og:image:type\" content=\"image\/jpeg\" \/>\n<meta name=\"twitter:card\" content=\"summary_large_image\" \/>\n<script type=\"application\/ld+json\" class=\"yoast-schema-graph\">{\"@context\":\"https:\/\/schema.org\",\"@graph\":[{\"@type\":\"WebPage\",\"@id\":\"https:\/\/www.labectra.lt\/produktas\/universalios-vamzdines-krosneles\/\",\"url\":\"https:\/\/www.labectra.lt\/produktas\/universalios-vamzdines-krosneles\/\",\"name\":\"Universalios vamzdin\u0117s krosnel\u0117s - Termin\u0117 \u012franga - Labectra\",\"isPartOf\":{\"@id\":\"https:\/\/www.labectra.lt\/#website\"},\"datePublished\":\"2019-09-17T20:38:07+00:00\",\"dateModified\":\"2019-11-04T23:21:46+00:00\",\"breadcrumb\":{\"@id\":\"https:\/\/www.labectra.lt\/produktas\/universalios-vamzdines-krosneles\/#breadcrumb\"},\"inLanguage\":\"en-GB\",\"potentialAction\":[{\"@type\":\"ReadAction\",\"target\":[\"https:\/\/www.labectra.lt\/produktas\/universalios-vamzdines-krosneles\/\"]}]},{\"@type\":\"BreadcrumbList\",\"@id\":\"https:\/\/www.labectra.lt\/produktas\/universalios-vamzdines-krosneles\/#breadcrumb\",\"itemListElement\":[{\"@type\":\"ListItem\",\"position\":1,\"name\":\"Home\",\"item\":\"https:\/\/www.labectra.lt\/\"},{\"@type\":\"ListItem\",\"position\":2,\"name\":\"Termin\u0117 \u012franga\",\"item\":\"https:\/\/www.labectra.lt\/termine-iranga\/\"},{\"@type\":\"ListItem\",\"position\":3,\"name\":\"Universalios vamzdin\u0117s krosnel\u0117s\"}]},{\"@type\":\"WebSite\",\"@id\":\"https:\/\/www.labectra.lt\/#website\",\"url\":\"https:\/\/www.labectra.lt\/\",\"name\":\"Termin\u0117 \u012franga - Labectra\",\"description\":\"J\u016bs\u0173 termin\u0117s \u012frangos tiek\u0117jas!\",\"publisher\":{\"@id\":\"https:\/\/www.labectra.lt\/#organization\"},\"potentialAction\":[{\"@type\":\"SearchAction\",\"target\":{\"@type\":\"EntryPoint\",\"urlTemplate\":\"https:\/\/www.labectra.lt\/?s={search_term_string}\"},\"query-input\":\"required name=search_term_string\"}],\"inLanguage\":\"en-GB\"},{\"@type\":\"Organization\",\"@id\":\"https:\/\/www.labectra.lt\/#organization\",\"name\":\"Labectra\",\"url\":\"https:\/\/www.labectra.lt\/\",\"logo\":{\"@type\":\"ImageObject\",\"inLanguage\":\"en-GB\",\"@id\":\"https:\/\/www.labectra.lt\/#\/schema\/logo\/image\/\",\"url\":\"https:\/\/www.labectra.lt\/wp-content\/uploads\/2019\/09\/Logo21.png\",\"contentUrl\":\"https:\/\/www.labectra.lt\/wp-content\/uploads\/2019\/09\/Logo21.png\",\"width\":392,\"height\":58,\"caption\":\"Labectra\"},\"image\":{\"@id\":\"https:\/\/www.labectra.lt\/#\/schema\/logo\/image\/\"}}]}<\/script>\n<!-- \/ Yoast SEO plugin. -->","yoast_head_json":{"title":"Universalios vamzdin\u0117s krosnel\u0117s - Termin\u0117 \u012franga - Labectra","robots":{"index":"index","follow":"follow","max-snippet":"max-snippet:-1","max-image-preview":"max-image-preview:large","max-video-preview":"max-video-preview:-1"},"canonical":"https:\/\/www.labectra.lt\/en\/product\/universalios-vamzdines-krosneles\/","og_locale":"en_GB","og_type":"article","og_title":"Universalios vamzdin\u0117s krosnel\u0117s - Termin\u0117 \u012franga - Labectra","og_description":"Kompakti\u0161kos\u00a0vamzdin\u0117s krosnys\u00a0RT 50-250\/11 \u2013 RT 30-200\/15\u00a0 yra naudojamos kai terminiai bandymai turi b\u016bti atliekami vertikalia-horizontalia kryptimi arba tam tikru kampu.\u00a0\u0160io tipo vamzdin\u0117s krosnel\u0117s yra reguliuojamo auk\u0161\u010dio, tad gali b\u016bti pritaikytos prie\u00a0esamos sistemos laboratorijoje.","og_url":"https:\/\/www.labectra.lt\/en\/product\/universalios-vamzdines-krosneles\/","og_site_name":"Termin\u0117 \u012franga - Labectra","article_modified_time":"2019-11-04T23:21:46+00:00","og_image":[{"width":371,"height":450,"url":"https:\/\/www.labectra.lt\/wp-content\/uploads\/2019\/09\/universalios-vamzdines-krosneles.jpg","type":"image\/jpeg"}],"twitter_card":"summary_large_image","schema":{"@context":"https:\/\/schema.org","@graph":[{"@type":"WebPage","@id":"https:\/\/www.labectra.lt\/produktas\/universalios-vamzdines-krosneles\/","url":"https:\/\/www.labectra.lt\/produktas\/universalios-vamzdines-krosneles\/","name":"Universalios vamzdin\u0117s krosnel\u0117s - Termin\u0117 \u012franga - Labectra","isPartOf":{"@id":"https:\/\/www.labectra.lt\/#website"},"datePublished":"2019-09-17T20:38:07+00:00","dateModified":"2019-11-04T23:21:46+00:00","breadcrumb":{"@id":"https:\/\/www.labectra.lt\/produktas\/universalios-vamzdines-krosneles\/#breadcrumb"},"inLanguage":"en-GB","potentialAction":[{"@type":"ReadAction","target":["https:\/\/www.labectra.lt\/produktas\/universalios-vamzdines-krosneles\/"]}]},{"@type":"BreadcrumbList","@id":"https:\/\/www.labectra.lt\/produktas\/universalios-vamzdines-krosneles\/#breadcrumb","itemListElement":[{"@type":"ListItem","position":1,"name":"Home","item":"https:\/\/www.labectra.lt\/"},{"@type":"ListItem","position":2,"name":"Termin\u0117 \u012franga","item":"https:\/\/www.labectra.lt\/termine-iranga\/"},{"@type":"ListItem","position":3,"name":"Universalios vamzdin\u0117s krosnel\u0117s"}]},{"@type":"WebSite","@id":"https:\/\/www.labectra.lt\/#website","url":"https:\/\/www.labectra.lt\/","name":"Termin\u0117 \u012franga - Labectra","description":"J\u016bs\u0173 termin\u0117s \u012frangos tiek\u0117jas!","publisher":{"@id":"https:\/\/www.labectra.lt\/#organization"},"potentialAction":[{"@type":"SearchAction","target":{"@type":"EntryPoint","urlTemplate":"https:\/\/www.labectra.lt\/?s={search_term_string}"},"query-input":"required name=search_term_string"}],"inLanguage":"en-GB"},{"@type":"Organization","@id":"https:\/\/www.labectra.lt\/#organization","name":"Labectra","url":"https:\/\/www.labectra.lt\/","logo":{"@type":"ImageObject","inLanguage":"en-GB","@id":"https:\/\/www.labectra.lt\/#\/schema\/logo\/image\/","url":"https:\/\/www.labectra.lt\/wp-content\/uploads\/2019\/09\/Logo21.png","contentUrl":"https:\/\/www.labectra.lt\/wp-content\/uploads\/2019\/09\/Logo21.png","width":392,"height":58,"caption":"Labectra"},"image":{"@id":"https:\/\/www.labectra.lt\/#\/schema\/logo\/image\/"}}]}},"_links":{"self":[{"href":"https:\/\/www.labectra.lt\/en\/wp-json\/wp\/v2\/product\/2172"}],"collection":[{"href":"https:\/\/www.labectra.lt\/en\/wp-json\/wp\/v2\/product"}],"about":[{"href":"https:\/\/www.labectra.lt\/en\/wp-json\/wp\/v2\/types\/product"}],"wp:featuredmedia":[{"embeddable":true,"href":"https:\/\/www.labectra.lt\/en\/wp-json\/wp\/v2\/media\/1959"}],"wp:attachment":[{"href":"https:\/\/www.labectra.lt\/en\/wp-json\/wp\/v2\/media?parent=2172"}],"curies":[{"name":"wp","href":"https:\/\/api.w.org\/{rel}","templated":true}]}}