{"id":2175,"date":"2019-09-18T13:08:53","date_gmt":"2019-09-18T15:08:53","guid":{"rendered":"https:\/\/www.labectra.lt\/produktas\/lydymo-krosneles\/"},"modified":"2019-09-18T13:08:53","modified_gmt":"2019-09-18T15:08:53","slug":"lydymo-krosneles","status":"publish","type":"product","link":"https:\/\/www.labectra.lt\/en\/product\/lydymo-krosneles\/","title":{"rendered":"Laboratory Melting Furnaces"},"content":{"rendered":"<p><a href=\"https:\/\/www.labectra.lt\/wp-content\/uploads\/2019\/09\/lydymo-krosneles-1.png\"><img fetchpriority=\"high\" decoding=\"async\" class=\"aligncenter wp-image-1778\" src=\"https:\/\/www.labectra.lt\/wp-content\/uploads\/2019\/09\/lydymo-krosneles-1.png\" sizes=\"(max-width: 600px) 100vw, 600px\" srcset=\"https:\/\/www.labectra.lt\/wp-content\/uploads\/2019\/09\/lydymo-krosneles-1.png 1082w, https:\/\/www.labectra.lt\/wp-content\/uploads\/2019\/09\/lydymo-krosneles-1-300x190.png 300w, https:\/\/www.labectra.lt\/wp-content\/uploads\/2019\/09\/lydymo-krosneles-1-768x487.png 768w, https:\/\/www.labectra.lt\/wp-content\/uploads\/2019\/09\/lydymo-krosneles-1-1024x649.png 1024w\" alt=\"Lydymo krosnel\u0117s. Temperat\u016bra: 1000-1500\u00b0C Talpa: 1-4 l.\" width=\"600\" height=\"380\" \/><\/a><\/p>\n<p>K 1\/10 \u2013 K 4\/13, KC 1\/15 + KC 2\/15 yra kompakti\u0161kos lydumo krosnel\u0117s skirtos lydyti spalvotuosius metalus ir j\u0173 lydinius. Krosnys statomos ant stalo ir gali b\u016bti pla\u010diai naudojamos laboratorijose. \u0160ios krosnel\u0117s si\u016blomos 1000, 1300, ir 1500 \u00b0C temperat\u016brose.<\/p>\n<p><a href=\"https:\/\/www.labectra.lt\/wp-content\/uploads\/2019\/09\/lydymo-krosneles-2.png\"><img decoding=\"async\" class=\"aligncenter wp-image-1779\" src=\"https:\/\/www.labectra.lt\/wp-content\/uploads\/2019\/09\/lydymo-krosneles-2.png\" sizes=\"(max-width: 600px) 100vw, 600px\" srcset=\"https:\/\/www.labectra.lt\/wp-content\/uploads\/2019\/09\/lydymo-krosneles-2.png 846w, https:\/\/www.labectra.lt\/wp-content\/uploads\/2019\/09\/lydymo-krosneles-2-300x110.png 300w, https:\/\/www.labectra.lt\/wp-content\/uploads\/2019\/09\/lydymo-krosneles-2-768x282.png 768w\" alt=\"Lydymo krosnel\u0117s. Temperat\u016bra: 1000-1500\u00b0C Talpa: 1-4 l.\" width=\"600\" height=\"221\" \/><\/a><\/p>","protected":false},"excerpt":{"rendered":"<p>K 1\/10 \u2013 K 4\/13, KC 1\/15 + KC 2\/15 yra kompakti\u0161kos lydumo krosnel\u0117s skirtos lydyti spalvotuosius metalus ir j\u0173 lydinius. Krosnys statomos ant stalo ir gali b\u016bti pla\u010diai naudojamos laboratorijose. \u0160ios krosnel\u0117s si\u016blomos 1000, 1300, ir 1500 \u00b0C temperat\u016brose.<\/p>","protected":false},"featured_media":1954,"template":"","meta":[],"yoast_head":"<!-- This site is optimized with the Yoast SEO plugin v21.6 - https:\/\/yoast.com\/wordpress\/plugins\/seo\/ -->\n<title>Lydymo krosnel\u0117s - Termin\u0117 \u012franga - Labectra<\/title>\n<meta name=\"robots\" content=\"index, follow, max-snippet:-1, max-image-preview:large, max-video-preview:-1\" \/>\n<link rel=\"canonical\" href=\"https:\/\/www.labectra.lt\/en\/product\/lydymo-krosneles\/\" \/>\n<meta property=\"og:locale\" content=\"en_GB\" \/>\n<meta property=\"og:type\" content=\"article\" \/>\n<meta property=\"og:title\" content=\"Lydymo krosnel\u0117s - Termin\u0117 \u012franga - Labectra\" \/>\n<meta property=\"og:description\" content=\"K 1\/10 \u2013 K 4\/13, KC 1\/15 + KC 2\/15 yra kompakti\u0161kos lydumo krosnel\u0117s skirtos lydyti spalvotuosius metalus ir j\u0173 lydinius. Krosnys statomos ant stalo ir gali b\u016bti pla\u010diai naudojamos laboratorijose. \u0160ios krosnel\u0117s si\u016blomos 1000, 1300, ir 1500 \u00b0C temperat\u016brose.\" \/>\n<meta property=\"og:url\" content=\"https:\/\/www.labectra.lt\/en\/product\/lydymo-krosneles\/\" \/>\n<meta property=\"og:site_name\" content=\"Termin\u0117 \u012franga - Labectra\" \/>\n<meta property=\"og:image\" content=\"https:\/\/www.labectra.lt\/wp-content\/uploads\/2019\/09\/lydymo-krosneles.jpg\" \/>\n\t<meta property=\"og:image:width\" content=\"427\" \/>\n\t<meta property=\"og:image:height\" content=\"427\" \/>\n\t<meta property=\"og:image:type\" content=\"image\/jpeg\" \/>\n<meta name=\"twitter:card\" content=\"summary_large_image\" \/>\n<script type=\"application\/ld+json\" class=\"yoast-schema-graph\">{\"@context\":\"https:\/\/schema.org\",\"@graph\":[{\"@type\":\"WebPage\",\"@id\":\"https:\/\/www.labectra.lt\/produktas\/lydymo-krosneles\/\",\"url\":\"https:\/\/www.labectra.lt\/produktas\/lydymo-krosneles\/\",\"name\":\"Lydymo krosnel\u0117s - Termin\u0117 \u012franga - Labectra\",\"isPartOf\":{\"@id\":\"https:\/\/www.labectra.lt\/#website\"},\"datePublished\":\"2019-09-18T15:08:53+00:00\",\"dateModified\":\"2019-09-18T15:08:53+00:00\",\"breadcrumb\":{\"@id\":\"https:\/\/www.labectra.lt\/produktas\/lydymo-krosneles\/#breadcrumb\"},\"inLanguage\":\"en-GB\",\"potentialAction\":[{\"@type\":\"ReadAction\",\"target\":[\"https:\/\/www.labectra.lt\/produktas\/lydymo-krosneles\/\"]}]},{\"@type\":\"BreadcrumbList\",\"@id\":\"https:\/\/www.labectra.lt\/produktas\/lydymo-krosneles\/#breadcrumb\",\"itemListElement\":[{\"@type\":\"ListItem\",\"position\":1,\"name\":\"Home\",\"item\":\"https:\/\/www.labectra.lt\/\"},{\"@type\":\"ListItem\",\"position\":2,\"name\":\"Termin\u0117 \u012franga\",\"item\":\"https:\/\/www.labectra.lt\/termine-iranga\/\"},{\"@type\":\"ListItem\",\"position\":3,\"name\":\"Lydymo krosnel\u0117s\"}]},{\"@type\":\"WebSite\",\"@id\":\"https:\/\/www.labectra.lt\/#website\",\"url\":\"https:\/\/www.labectra.lt\/\",\"name\":\"Termin\u0117 \u012franga - Labectra\",\"description\":\"J\u016bs\u0173 termin\u0117s \u012frangos tiek\u0117jas!\",\"publisher\":{\"@id\":\"https:\/\/www.labectra.lt\/#organization\"},\"potentialAction\":[{\"@type\":\"SearchAction\",\"target\":{\"@type\":\"EntryPoint\",\"urlTemplate\":\"https:\/\/www.labectra.lt\/?s={search_term_string}\"},\"query-input\":\"required name=search_term_string\"}],\"inLanguage\":\"en-GB\"},{\"@type\":\"Organization\",\"@id\":\"https:\/\/www.labectra.lt\/#organization\",\"name\":\"Labectra\",\"url\":\"https:\/\/www.labectra.lt\/\",\"logo\":{\"@type\":\"ImageObject\",\"inLanguage\":\"en-GB\",\"@id\":\"https:\/\/www.labectra.lt\/#\/schema\/logo\/image\/\",\"url\":\"https:\/\/www.labectra.lt\/wp-content\/uploads\/2019\/09\/Logo21.png\",\"contentUrl\":\"https:\/\/www.labectra.lt\/wp-content\/uploads\/2019\/09\/Logo21.png\",\"width\":392,\"height\":58,\"caption\":\"Labectra\"},\"image\":{\"@id\":\"https:\/\/www.labectra.lt\/#\/schema\/logo\/image\/\"}}]}<\/script>\n<!-- \/ Yoast SEO plugin. -->","yoast_head_json":{"title":"Lydymo krosnel\u0117s - Termin\u0117 \u012franga - Labectra","robots":{"index":"index","follow":"follow","max-snippet":"max-snippet:-1","max-image-preview":"max-image-preview:large","max-video-preview":"max-video-preview:-1"},"canonical":"https:\/\/www.labectra.lt\/en\/product\/lydymo-krosneles\/","og_locale":"en_GB","og_type":"article","og_title":"Lydymo krosnel\u0117s - Termin\u0117 \u012franga - Labectra","og_description":"K 1\/10 \u2013 K 4\/13, KC 1\/15 + KC 2\/15 yra kompakti\u0161kos lydumo krosnel\u0117s skirtos lydyti spalvotuosius metalus ir j\u0173 lydinius. Krosnys statomos ant stalo ir gali b\u016bti pla\u010diai naudojamos laboratorijose. \u0160ios krosnel\u0117s si\u016blomos 1000, 1300, ir 1500 \u00b0C temperat\u016brose.","og_url":"https:\/\/www.labectra.lt\/en\/product\/lydymo-krosneles\/","og_site_name":"Termin\u0117 \u012franga - Labectra","og_image":[{"width":427,"height":427,"url":"https:\/\/www.labectra.lt\/wp-content\/uploads\/2019\/09\/lydymo-krosneles.jpg","type":"image\/jpeg"}],"twitter_card":"summary_large_image","schema":{"@context":"https:\/\/schema.org","@graph":[{"@type":"WebPage","@id":"https:\/\/www.labectra.lt\/produktas\/lydymo-krosneles\/","url":"https:\/\/www.labectra.lt\/produktas\/lydymo-krosneles\/","name":"Lydymo krosnel\u0117s - Termin\u0117 \u012franga - Labectra","isPartOf":{"@id":"https:\/\/www.labectra.lt\/#website"},"datePublished":"2019-09-18T15:08:53+00:00","dateModified":"2019-09-18T15:08:53+00:00","breadcrumb":{"@id":"https:\/\/www.labectra.lt\/produktas\/lydymo-krosneles\/#breadcrumb"},"inLanguage":"en-GB","potentialAction":[{"@type":"ReadAction","target":["https:\/\/www.labectra.lt\/produktas\/lydymo-krosneles\/"]}]},{"@type":"BreadcrumbList","@id":"https:\/\/www.labectra.lt\/produktas\/lydymo-krosneles\/#breadcrumb","itemListElement":[{"@type":"ListItem","position":1,"name":"Home","item":"https:\/\/www.labectra.lt\/"},{"@type":"ListItem","position":2,"name":"Termin\u0117 \u012franga","item":"https:\/\/www.labectra.lt\/termine-iranga\/"},{"@type":"ListItem","position":3,"name":"Lydymo krosnel\u0117s"}]},{"@type":"WebSite","@id":"https:\/\/www.labectra.lt\/#website","url":"https:\/\/www.labectra.lt\/","name":"Termin\u0117 \u012franga - Labectra","description":"J\u016bs\u0173 termin\u0117s \u012frangos tiek\u0117jas!","publisher":{"@id":"https:\/\/www.labectra.lt\/#organization"},"potentialAction":[{"@type":"SearchAction","target":{"@type":"EntryPoint","urlTemplate":"https:\/\/www.labectra.lt\/?s={search_term_string}"},"query-input":"required name=search_term_string"}],"inLanguage":"en-GB"},{"@type":"Organization","@id":"https:\/\/www.labectra.lt\/#organization","name":"Labectra","url":"https:\/\/www.labectra.lt\/","logo":{"@type":"ImageObject","inLanguage":"en-GB","@id":"https:\/\/www.labectra.lt\/#\/schema\/logo\/image\/","url":"https:\/\/www.labectra.lt\/wp-content\/uploads\/2019\/09\/Logo21.png","contentUrl":"https:\/\/www.labectra.lt\/wp-content\/uploads\/2019\/09\/Logo21.png","width":392,"height":58,"caption":"Labectra"},"image":{"@id":"https:\/\/www.labectra.lt\/#\/schema\/logo\/image\/"}}]}},"_links":{"self":[{"href":"https:\/\/www.labectra.lt\/en\/wp-json\/wp\/v2\/product\/2175"}],"collection":[{"href":"https:\/\/www.labectra.lt\/en\/wp-json\/wp\/v2\/product"}],"about":[{"href":"https:\/\/www.labectra.lt\/en\/wp-json\/wp\/v2\/types\/product"}],"wp:featuredmedia":[{"embeddable":true,"href":"https:\/\/www.labectra.lt\/en\/wp-json\/wp\/v2\/media\/1954"}],"wp:attachment":[{"href":"https:\/\/www.labectra.lt\/en\/wp-json\/wp\/v2\/media?parent=2175"}],"curies":[{"name":"wp","href":"https:\/\/api.w.org\/{rel}","templated":true}]}}