{"id":2176,"date":"2019-09-18T13:12:44","date_gmt":"2019-09-18T15:12:44","guid":{"rendered":"https:\/\/www.labectra.lt\/produktas\/clean-room-kameros-su-oro-filtrais\/"},"modified":"2019-10-30T23:29:26","modified_gmt":"2019-10-31T01:29:26","slug":"clean-room-kameros-su-oro-filtrais","status":"publish","type":"product","link":"https:\/\/www.labectra.lt\/en\/product\/clean-room-kameros-su-oro-filtrais\/","title":{"rendered":"Clean Room Solutions"},"content":{"rendered":"<p>Clean room applications impose particularly high requirements to the design of the chosen furnace. If the complete furnace is operated in a clean room an essential contamination of the clean room atmosphere must be avoided. Especially, the particle contamination must be reduced to a minimum.\nThe specific application determines the choice of the required furnace technology. In many cases air circulation furnaces are required to achieve the necessary temperature uniformity at lower temperatures. For higher temperatures, Nabertherm has also delivered many furnaces with radiant heating.<\/p>\n<p><p><b>Furnace Installation in the Clean Room<\/b><\/p>\n<p>If the complete furnace is supposed to be positioned in the clean room, then it is important that both the furnace chamber and the furnace housing as well as the controls provide for good protection against contamination. Surfaces must be easy to clean. The furnace chamber is tightly sealed to the insulation behind it. If necessary, additional equipment such as filters for the fresh air supply or the air circulation in the furnace can be used to improve the cleanliness class. It is recommended to install the switchgear and the furnace controls outside the clean room.<\/p>\n<b><p>Furnace Installation in the Grey Room, Furnace Charging from the Clean Room<\/b><\/p>\n<p>Optimal results with respect to cleanness will be achieved by placing the furnace in the grey room with charging from the clean room. This significantly reduces the amount of costly space needed in the clean room to a minimum. The front and the furnace interior in the clean room are designed for easy cleaning. With this configuration even the highest clean room classes can be achieved.<\/p><\/p>","protected":false},"excerpt":{"rendered":"<p>\u0160varaus kambario aplinka kelia\u00a0auk\u0161tus reikalavimus krosnims. Jei visa krosnis yra talpinama \u0161variame kambaryje, ji turi neter\u0161ti \u0161io kambario aplinkos,\u00a0tad tar\u0161a turi b\u016bti suma\u017einta iki minimumo. Specifin\u0117 aplinka reikalauja specifini\u0173 krosnies technologij\u0173. Krosnies pavir\u0161ius turi b\u016bti lengvai valomas, kamera turi b\u016bti sandariai atitverta nuo izoliacini\u0173 med\u017eiag\u0173,\u00a0kai kuriais atvejais b\u016btini filtrai \u0161vie\u017eio oro padavimui ar oro cirkuliacijai &hellip;<\/p>\n<p class=\"read-more\"> <a class=\"\" href=\"https:\/\/www.labectra.lt\/en\/product\/clean-room-kameros-su-oro-filtrais\/\"> <span class=\"screen-reader-text\">Clean Room Solutions<\/span> Read More &raquo;<\/a><\/p>","protected":false},"featured_media":1946,"template":"","meta":[],"yoast_head":"<!-- This site is optimized with the Yoast SEO plugin v21.6 - https:\/\/yoast.com\/wordpress\/plugins\/seo\/ -->\n<title>\u201eClean Room\u201c kameros su oro filtrais - Termin\u0117 \u012franga - Labectra<\/title>\n<meta name=\"robots\" content=\"index, follow, max-snippet:-1, max-image-preview:large, max-video-preview:-1\" \/>\n<link rel=\"canonical\" href=\"https:\/\/www.labectra.lt\/en\/product\/clean-room-kameros-su-oro-filtrais\/\" \/>\n<meta property=\"og:locale\" content=\"en_GB\" \/>\n<meta property=\"og:type\" content=\"article\" \/>\n<meta property=\"og:title\" content=\"\u201eClean Room\u201c kameros su oro filtrais - Termin\u0117 \u012franga - Labectra\" \/>\n<meta property=\"og:description\" content=\"\u0160varaus kambario aplinka kelia\u00a0auk\u0161tus reikalavimus krosnims. Jei visa krosnis yra talpinama \u0161variame kambaryje, ji turi neter\u0161ti \u0161io kambario aplinkos,\u00a0tad tar\u0161a turi b\u016bti suma\u017einta iki minimumo. Specifin\u0117 aplinka reikalauja specifini\u0173 krosnies technologij\u0173. Krosnies pavir\u0161ius turi b\u016bti lengvai valomas, kamera turi b\u016bti sandariai atitverta nuo izoliacini\u0173 med\u017eiag\u0173,\u00a0kai kuriais atvejais b\u016btini filtrai \u0161vie\u017eio oro padavimui ar oro cirkuliacijai &hellip; \u201eClean Room\u201c kameros su oro filtrais Read More &raquo;\" \/>\n<meta property=\"og:url\" content=\"https:\/\/www.labectra.lt\/en\/product\/clean-room-kameros-su-oro-filtrais\/\" \/>\n<meta property=\"og:site_name\" content=\"Termin\u0117 \u012franga - Labectra\" \/>\n<meta property=\"article:modified_time\" content=\"2019-10-31T01:29:26+00:00\" \/>\n<meta property=\"og:image\" content=\"https:\/\/www.labectra.lt\/wp-content\/uploads\/2019\/09\/clean-room-kameros-su-oro-filtrais.jpg\" \/>\n\t<meta property=\"og:image:width\" content=\"500\" \/>\n\t<meta property=\"og:image:height\" content=\"500\" \/>\n\t<meta property=\"og:image:type\" content=\"image\/jpeg\" \/>\n<meta name=\"twitter:card\" content=\"summary_large_image\" \/>\n<meta name=\"twitter:label1\" content=\"Estimated reading time\" \/>\n\t<meta name=\"twitter:data1\" content=\"1 minute\" \/>\n<script type=\"application\/ld+json\" class=\"yoast-schema-graph\">{\"@context\":\"https:\/\/schema.org\",\"@graph\":[{\"@type\":\"WebPage\",\"@id\":\"https:\/\/www.labectra.lt\/produktas\/clean-room-kameros-su-oro-filtrais\/\",\"url\":\"https:\/\/www.labectra.lt\/produktas\/clean-room-kameros-su-oro-filtrais\/\",\"name\":\"\u201eClean Room\u201c kameros su oro filtrais - Termin\u0117 \u012franga - Labectra\",\"isPartOf\":{\"@id\":\"https:\/\/www.labectra.lt\/#website\"},\"datePublished\":\"2019-09-18T15:12:44+00:00\",\"dateModified\":\"2019-10-31T01:29:26+00:00\",\"breadcrumb\":{\"@id\":\"https:\/\/www.labectra.lt\/produktas\/clean-room-kameros-su-oro-filtrais\/#breadcrumb\"},\"inLanguage\":\"en-GB\",\"potentialAction\":[{\"@type\":\"ReadAction\",\"target\":[\"https:\/\/www.labectra.lt\/produktas\/clean-room-kameros-su-oro-filtrais\/\"]}]},{\"@type\":\"BreadcrumbList\",\"@id\":\"https:\/\/www.labectra.lt\/produktas\/clean-room-kameros-su-oro-filtrais\/#breadcrumb\",\"itemListElement\":[{\"@type\":\"ListItem\",\"position\":1,\"name\":\"Home\",\"item\":\"https:\/\/www.labectra.lt\/\"},{\"@type\":\"ListItem\",\"position\":2,\"name\":\"Termin\u0117 \u012franga\",\"item\":\"https:\/\/www.labectra.lt\/termine-iranga\/\"},{\"@type\":\"ListItem\",\"position\":3,\"name\":\"\u201eClean Room\u201c kameros su oro filtrais\"}]},{\"@type\":\"WebSite\",\"@id\":\"https:\/\/www.labectra.lt\/#website\",\"url\":\"https:\/\/www.labectra.lt\/\",\"name\":\"Termin\u0117 \u012franga - Labectra\",\"description\":\"J\u016bs\u0173 termin\u0117s \u012frangos tiek\u0117jas!\",\"publisher\":{\"@id\":\"https:\/\/www.labectra.lt\/#organization\"},\"potentialAction\":[{\"@type\":\"SearchAction\",\"target\":{\"@type\":\"EntryPoint\",\"urlTemplate\":\"https:\/\/www.labectra.lt\/?s={search_term_string}\"},\"query-input\":\"required name=search_term_string\"}],\"inLanguage\":\"en-GB\"},{\"@type\":\"Organization\",\"@id\":\"https:\/\/www.labectra.lt\/#organization\",\"name\":\"Labectra\",\"url\":\"https:\/\/www.labectra.lt\/\",\"logo\":{\"@type\":\"ImageObject\",\"inLanguage\":\"en-GB\",\"@id\":\"https:\/\/www.labectra.lt\/#\/schema\/logo\/image\/\",\"url\":\"https:\/\/www.labectra.lt\/wp-content\/uploads\/2019\/09\/Logo21.png\",\"contentUrl\":\"https:\/\/www.labectra.lt\/wp-content\/uploads\/2019\/09\/Logo21.png\",\"width\":392,\"height\":58,\"caption\":\"Labectra\"},\"image\":{\"@id\":\"https:\/\/www.labectra.lt\/#\/schema\/logo\/image\/\"}}]}<\/script>\n<!-- \/ Yoast SEO plugin. -->","yoast_head_json":{"title":"\u201eClean Room\u201c kameros su oro filtrais - Termin\u0117 \u012franga - Labectra","robots":{"index":"index","follow":"follow","max-snippet":"max-snippet:-1","max-image-preview":"max-image-preview:large","max-video-preview":"max-video-preview:-1"},"canonical":"https:\/\/www.labectra.lt\/en\/product\/clean-room-kameros-su-oro-filtrais\/","og_locale":"en_GB","og_type":"article","og_title":"\u201eClean Room\u201c kameros su oro filtrais - Termin\u0117 \u012franga - Labectra","og_description":"\u0160varaus kambario aplinka kelia\u00a0auk\u0161tus reikalavimus krosnims. Jei visa krosnis yra talpinama \u0161variame kambaryje, ji turi neter\u0161ti \u0161io kambario aplinkos,\u00a0tad tar\u0161a turi b\u016bti suma\u017einta iki minimumo. Specifin\u0117 aplinka reikalauja specifini\u0173 krosnies technologij\u0173. Krosnies pavir\u0161ius turi b\u016bti lengvai valomas, kamera turi b\u016bti sandariai atitverta nuo izoliacini\u0173 med\u017eiag\u0173,\u00a0kai kuriais atvejais b\u016btini filtrai \u0161vie\u017eio oro padavimui ar oro cirkuliacijai &hellip; \u201eClean Room\u201c kameros su oro filtrais Read More &raquo;","og_url":"https:\/\/www.labectra.lt\/en\/product\/clean-room-kameros-su-oro-filtrais\/","og_site_name":"Termin\u0117 \u012franga - Labectra","article_modified_time":"2019-10-31T01:29:26+00:00","og_image":[{"width":500,"height":500,"url":"https:\/\/www.labectra.lt\/wp-content\/uploads\/2019\/09\/clean-room-kameros-su-oro-filtrais.jpg","type":"image\/jpeg"}],"twitter_card":"summary_large_image","twitter_misc":{"Estimated reading time":"1 minute"},"schema":{"@context":"https:\/\/schema.org","@graph":[{"@type":"WebPage","@id":"https:\/\/www.labectra.lt\/produktas\/clean-room-kameros-su-oro-filtrais\/","url":"https:\/\/www.labectra.lt\/produktas\/clean-room-kameros-su-oro-filtrais\/","name":"\u201eClean Room\u201c kameros su oro filtrais - Termin\u0117 \u012franga - Labectra","isPartOf":{"@id":"https:\/\/www.labectra.lt\/#website"},"datePublished":"2019-09-18T15:12:44+00:00","dateModified":"2019-10-31T01:29:26+00:00","breadcrumb":{"@id":"https:\/\/www.labectra.lt\/produktas\/clean-room-kameros-su-oro-filtrais\/#breadcrumb"},"inLanguage":"en-GB","potentialAction":[{"@type":"ReadAction","target":["https:\/\/www.labectra.lt\/produktas\/clean-room-kameros-su-oro-filtrais\/"]}]},{"@type":"BreadcrumbList","@id":"https:\/\/www.labectra.lt\/produktas\/clean-room-kameros-su-oro-filtrais\/#breadcrumb","itemListElement":[{"@type":"ListItem","position":1,"name":"Home","item":"https:\/\/www.labectra.lt\/"},{"@type":"ListItem","position":2,"name":"Termin\u0117 \u012franga","item":"https:\/\/www.labectra.lt\/termine-iranga\/"},{"@type":"ListItem","position":3,"name":"\u201eClean Room\u201c kameros su oro filtrais"}]},{"@type":"WebSite","@id":"https:\/\/www.labectra.lt\/#website","url":"https:\/\/www.labectra.lt\/","name":"Termin\u0117 \u012franga - Labectra","description":"J\u016bs\u0173 termin\u0117s \u012frangos tiek\u0117jas!","publisher":{"@id":"https:\/\/www.labectra.lt\/#organization"},"potentialAction":[{"@type":"SearchAction","target":{"@type":"EntryPoint","urlTemplate":"https:\/\/www.labectra.lt\/?s={search_term_string}"},"query-input":"required name=search_term_string"}],"inLanguage":"en-GB"},{"@type":"Organization","@id":"https:\/\/www.labectra.lt\/#organization","name":"Labectra","url":"https:\/\/www.labectra.lt\/","logo":{"@type":"ImageObject","inLanguage":"en-GB","@id":"https:\/\/www.labectra.lt\/#\/schema\/logo\/image\/","url":"https:\/\/www.labectra.lt\/wp-content\/uploads\/2019\/09\/Logo21.png","contentUrl":"https:\/\/www.labectra.lt\/wp-content\/uploads\/2019\/09\/Logo21.png","width":392,"height":58,"caption":"Labectra"},"image":{"@id":"https:\/\/www.labectra.lt\/#\/schema\/logo\/image\/"}}]}},"_links":{"self":[{"href":"https:\/\/www.labectra.lt\/en\/wp-json\/wp\/v2\/product\/2176"}],"collection":[{"href":"https:\/\/www.labectra.lt\/en\/wp-json\/wp\/v2\/product"}],"about":[{"href":"https:\/\/www.labectra.lt\/en\/wp-json\/wp\/v2\/types\/product"}],"wp:featuredmedia":[{"embeddable":true,"href":"https:\/\/www.labectra.lt\/en\/wp-json\/wp\/v2\/media\/1946"}],"wp:attachment":[{"href":"https:\/\/www.labectra.lt\/en\/wp-json\/wp\/v2\/media?parent=2176"}],"curies":[{"name":"wp","href":"https:\/\/api.w.org\/{rel}","templated":true}]}}