{"id":2177,"date":"2019-09-27T10:49:05","date_gmt":"2019-09-27T07:49:05","guid":{"rendered":"https:\/\/www.labectra.lt\/produktas\/150c-saldikliai\/"},"modified":"2019-11-05T00:47:34","modified_gmt":"2019-11-04T22:47:34","slug":"150c-saldikliai","status":"publish","type":"product","link":"https:\/\/www.labectra.lt\/en\/product\/150c-saldikliai\/","title":{"rendered":"Cryogenic freezers"},"content":{"rendered":"<p style=\"font-weight: 400;\"><b><strong>-152\u00b0C Cryogenic freezers Rhenium Serie<\/strong><\/b><\/p>\n<p style=\"font-weight: 400;\">\u00a0The ideal alternative to LN2 storage. The cryogenic freezer with the largest storage capacity in the market High temperature uniformity Safe for samples and operators<\/p>\n<p>&nbsp;<\/p>\n<p><b><strong>Application:<\/strong><\/b><\/p>\n<ul>\n<li>Blood and tissue banks<\/li>\n<li>Hematopoietic cell transplants<\/li>\n<li>Regenerative Medicine<\/li>\n<li>Cancer Research<\/li>\n<li>Gene technology<\/li>\n<li>In vitro fertilization (human sperm, embryos)<\/li>\n<li>Microbiology (viruses and cell cultures)<\/li>\n<li>Plant cell cultures<\/li>\n<li>Superconductivity experiments<\/li>\n<\/ul>\n<p>&nbsp;<\/p>\n<table style=\"border-collapse: collapse; width: 100%; height: 460px;\">\n<tbody>\n<tr style=\"height: 46px;\">\n<td style=\"width: 50%; height: 46px;\"><strong>Model<\/strong><\/td>\n<td style=\"width: 50%; height: 46px;\"><b><strong>RHENIUM 340 STD\/PLUS<\/strong><\/b><\/td>\n<\/tr>\n<tr style=\"height: 46px;\">\n<td style=\"width: 50%; height: 46px;\">Capacity (l)<\/td>\n<td style=\"width: 50%; height: 46px;\">340<\/td>\n<\/tr>\n<tr style=\"height: 46px;\">\n<td style=\"width: 50%; height: 46px;\">Number of boxes (No. 100 2ml)<\/td>\n<td style=\"width: 50%; height: 46px;\">210<\/td>\n<\/tr>\n<tr style=\"height: 46px;\">\n<td style=\"width: 50%; height: 46px;\">Temperature range (\u00b0 C)<\/td>\n<td style=\"width: 50%; height: 46px;\">-135\/-155<\/td>\n<\/tr>\n<tr style=\"height: 46px;\">\n<td style=\"width: 50%; height: 46px;\">External dimensions (mm)<\/td>\n<td style=\"width: 50%; height: 46px;\">2345x865x1160<\/td>\n<\/tr>\n<tr style=\"height: 46px;\">\n<td style=\"width: 50%; height: 46px;\">Internal dimensions (mm)<\/td>\n<td style=\"width: 50%; height: 46px;\">1050x520x618<\/td>\n<\/tr>\n<tr style=\"height: 46px;\">\n<td style=\"width: 50%; height: 46px;\">Refrigerant<\/td>\n<td style=\"width: 50%; height: 46px;\">R507A\/+MIX<\/td>\n<\/tr>\n<tr style=\"height: 46px;\">\n<td style=\"width: 50%; height: 46px;\">Voltage<\/td>\n<td style=\"width: 50%; height: 46px;\">400V 50Hz<\/td>\n<\/tr>\n<tr style=\"height: 46px;\">\n<td style=\"width: 50%; height: 46px;\">Noise (dba)<\/td>\n<td style=\"width: 50%; height: 46px;\">&lt;74<\/td>\n<\/tr>\n<\/tbody>\n<\/table>\n<p style=\"font-weight: 400;\">","protected":false},"excerpt":{"rendered":"<p>Kreogeno mechaniniai \u0161aldikliai iki -150C \u00a0\u0160ie kreogeno \u0161aldikliai labiausiai tinka naudoti \u017eemose temperat\u016brose kai reikalingas \u012fpatingai puikus temperat\u016bros pasiskirstymas \u0161aldymo kameroje, tam kad m\u0117ginius i\u0161saugoti tinkamai \u0161ios kameros yra puikiausias pasirinkimas. Jose saugoma biologiniai audiniai\u00a0med\u017eiagos, pavyzd\u017eiui,\u00a0l\u0105stel\u0117s iki (-120 \u00b0\u00a0C \/\u00a0-130\u00a0\u00b0\u00a0C).\u00a0\u00a0RHENIUM\u00a0\u00a0kameros tinkamiausia alternatyva \u0161aldikliams kuriuose naudojama skysto azoto \u012fpur\u0161kimas &nbsp; Taikymas: Kraujo ir\u00a0audini\u0173\u00a0bankai Kraujodaros l\u0105steli\u0173 transplantacijos &hellip;<\/p>\n<p class=\"read-more\"> <a class=\"\" href=\"https:\/\/www.labectra.lt\/en\/product\/150c-saldikliai\/\"> <span class=\"screen-reader-text\">Cryogenic freezers<\/span> Read More &raquo;<\/a><\/p>","protected":false},"featured_media":2089,"template":"","meta":[],"yoast_head":"<!-- This site is optimized with the Yoast SEO plugin v21.6 - https:\/\/yoast.com\/wordpress\/plugins\/seo\/ -->\n<title>Kreogeno mechaniniai \u0161aldikliai - Termin\u0117 \u012franga - Labectra<\/title>\n<meta name=\"robots\" content=\"index, follow, max-snippet:-1, max-image-preview:large, max-video-preview:-1\" \/>\n<link rel=\"canonical\" href=\"https:\/\/www.labectra.lt\/en\/product\/150c-saldikliai\/\" \/>\n<meta property=\"og:locale\" content=\"en_GB\" \/>\n<meta property=\"og:type\" content=\"article\" \/>\n<meta property=\"og:title\" content=\"Kreogeno mechaniniai \u0161aldikliai - Termin\u0117 \u012franga - Labectra\" \/>\n<meta property=\"og:description\" content=\"Kreogeno mechaniniai \u0161aldikliai iki -150C \u00a0\u0160ie kreogeno \u0161aldikliai labiausiai tinka naudoti \u017eemose temperat\u016brose kai reikalingas \u012fpatingai puikus temperat\u016bros pasiskirstymas \u0161aldymo kameroje, tam kad m\u0117ginius i\u0161saugoti tinkamai \u0161ios kameros yra puikiausias pasirinkimas. Jose saugoma biologiniai audiniai\u00a0med\u017eiagos, pavyzd\u017eiui,\u00a0l\u0105stel\u0117s iki (-120 \u00b0\u00a0C \/\u00a0-130\u00a0\u00b0\u00a0C).\u00a0\u00a0RHENIUM\u00a0\u00a0kameros tinkamiausia alternatyva \u0161aldikliams kuriuose naudojama skysto azoto \u012fpur\u0161kimas &nbsp; Taikymas: Kraujo ir\u00a0audini\u0173\u00a0bankai Kraujodaros l\u0105steli\u0173 transplantacijos &hellip; Kreogeno mechaniniai \u0161aldikliai Read More &raquo;\" \/>\n<meta property=\"og:url\" content=\"https:\/\/www.labectra.lt\/en\/product\/150c-saldikliai\/\" \/>\n<meta property=\"og:site_name\" content=\"Termin\u0117 \u012franga - Labectra\" \/>\n<meta property=\"article:modified_time\" content=\"2019-11-04T22:47:34+00:00\" \/>\n<meta property=\"og:image\" content=\"https:\/\/www.labectra.lt\/wp-content\/uploads\/2019\/10\/kreogeno-mechaniniai-saldikliai.jpg\" \/>\n\t<meta property=\"og:image:width\" content=\"658\" \/>\n\t<meta property=\"og:image:height\" content=\"658\" \/>\n\t<meta property=\"og:image:type\" content=\"image\/jpeg\" \/>\n<meta name=\"twitter:card\" content=\"summary_large_image\" \/>\n<meta name=\"twitter:label1\" content=\"Estimated reading time\" \/>\n\t<meta name=\"twitter:data1\" content=\"1 minute\" \/>\n<script type=\"application\/ld+json\" class=\"yoast-schema-graph\">{\"@context\":\"https:\/\/schema.org\",\"@graph\":[{\"@type\":\"WebPage\",\"@id\":\"https:\/\/www.labectra.lt\/produktas\/150c-saldikliai\/\",\"url\":\"https:\/\/www.labectra.lt\/produktas\/150c-saldikliai\/\",\"name\":\"Kreogeno mechaniniai \u0161aldikliai - Termin\u0117 \u012franga - Labectra\",\"isPartOf\":{\"@id\":\"https:\/\/www.labectra.lt\/#website\"},\"datePublished\":\"2019-09-27T07:49:05+00:00\",\"dateModified\":\"2019-11-04T22:47:34+00:00\",\"breadcrumb\":{\"@id\":\"https:\/\/www.labectra.lt\/produktas\/150c-saldikliai\/#breadcrumb\"},\"inLanguage\":\"en-GB\",\"potentialAction\":[{\"@type\":\"ReadAction\",\"target\":[\"https:\/\/www.labectra.lt\/produktas\/150c-saldikliai\/\"]}]},{\"@type\":\"BreadcrumbList\",\"@id\":\"https:\/\/www.labectra.lt\/produktas\/150c-saldikliai\/#breadcrumb\",\"itemListElement\":[{\"@type\":\"ListItem\",\"position\":1,\"name\":\"Home\",\"item\":\"https:\/\/www.labectra.lt\/\"},{\"@type\":\"ListItem\",\"position\":2,\"name\":\"Termin\u0117 \u012franga\",\"item\":\"https:\/\/www.labectra.lt\/termine-iranga\/\"},{\"@type\":\"ListItem\",\"position\":3,\"name\":\"Kreogeno mechaniniai \u0161aldikliai\"}]},{\"@type\":\"WebSite\",\"@id\":\"https:\/\/www.labectra.lt\/#website\",\"url\":\"https:\/\/www.labectra.lt\/\",\"name\":\"Termin\u0117 \u012franga - Labectra\",\"description\":\"J\u016bs\u0173 termin\u0117s \u012frangos tiek\u0117jas!\",\"publisher\":{\"@id\":\"https:\/\/www.labectra.lt\/#organization\"},\"potentialAction\":[{\"@type\":\"SearchAction\",\"target\":{\"@type\":\"EntryPoint\",\"urlTemplate\":\"https:\/\/www.labectra.lt\/?s={search_term_string}\"},\"query-input\":\"required name=search_term_string\"}],\"inLanguage\":\"en-GB\"},{\"@type\":\"Organization\",\"@id\":\"https:\/\/www.labectra.lt\/#organization\",\"name\":\"Labectra\",\"url\":\"https:\/\/www.labectra.lt\/\",\"logo\":{\"@type\":\"ImageObject\",\"inLanguage\":\"en-GB\",\"@id\":\"https:\/\/www.labectra.lt\/#\/schema\/logo\/image\/\",\"url\":\"https:\/\/www.labectra.lt\/wp-content\/uploads\/2019\/09\/Logo21.png\",\"contentUrl\":\"https:\/\/www.labectra.lt\/wp-content\/uploads\/2019\/09\/Logo21.png\",\"width\":392,\"height\":58,\"caption\":\"Labectra\"},\"image\":{\"@id\":\"https:\/\/www.labectra.lt\/#\/schema\/logo\/image\/\"}}]}<\/script>\n<!-- \/ Yoast SEO plugin. -->","yoast_head_json":{"title":"Kreogeno mechaniniai \u0161aldikliai - Termin\u0117 \u012franga - Labectra","robots":{"index":"index","follow":"follow","max-snippet":"max-snippet:-1","max-image-preview":"max-image-preview:large","max-video-preview":"max-video-preview:-1"},"canonical":"https:\/\/www.labectra.lt\/en\/product\/150c-saldikliai\/","og_locale":"en_GB","og_type":"article","og_title":"Kreogeno mechaniniai \u0161aldikliai - Termin\u0117 \u012franga - Labectra","og_description":"Kreogeno mechaniniai \u0161aldikliai iki -150C \u00a0\u0160ie kreogeno \u0161aldikliai labiausiai tinka naudoti \u017eemose temperat\u016brose kai reikalingas \u012fpatingai puikus temperat\u016bros pasiskirstymas \u0161aldymo kameroje, tam kad m\u0117ginius i\u0161saugoti tinkamai \u0161ios kameros yra puikiausias pasirinkimas. Jose saugoma biologiniai audiniai\u00a0med\u017eiagos, pavyzd\u017eiui,\u00a0l\u0105stel\u0117s iki (-120 \u00b0\u00a0C \/\u00a0-130\u00a0\u00b0\u00a0C).\u00a0\u00a0RHENIUM\u00a0\u00a0kameros tinkamiausia alternatyva \u0161aldikliams kuriuose naudojama skysto azoto \u012fpur\u0161kimas &nbsp; Taikymas: Kraujo ir\u00a0audini\u0173\u00a0bankai Kraujodaros l\u0105steli\u0173 transplantacijos &hellip; Kreogeno mechaniniai \u0161aldikliai Read More &raquo;","og_url":"https:\/\/www.labectra.lt\/en\/product\/150c-saldikliai\/","og_site_name":"Termin\u0117 \u012franga - Labectra","article_modified_time":"2019-11-04T22:47:34+00:00","og_image":[{"width":658,"height":658,"url":"https:\/\/www.labectra.lt\/wp-content\/uploads\/2019\/10\/kreogeno-mechaniniai-saldikliai.jpg","type":"image\/jpeg"}],"twitter_card":"summary_large_image","twitter_misc":{"Estimated reading time":"1 minute"},"schema":{"@context":"https:\/\/schema.org","@graph":[{"@type":"WebPage","@id":"https:\/\/www.labectra.lt\/produktas\/150c-saldikliai\/","url":"https:\/\/www.labectra.lt\/produktas\/150c-saldikliai\/","name":"Kreogeno mechaniniai \u0161aldikliai - Termin\u0117 \u012franga - Labectra","isPartOf":{"@id":"https:\/\/www.labectra.lt\/#website"},"datePublished":"2019-09-27T07:49:05+00:00","dateModified":"2019-11-04T22:47:34+00:00","breadcrumb":{"@id":"https:\/\/www.labectra.lt\/produktas\/150c-saldikliai\/#breadcrumb"},"inLanguage":"en-GB","potentialAction":[{"@type":"ReadAction","target":["https:\/\/www.labectra.lt\/produktas\/150c-saldikliai\/"]}]},{"@type":"BreadcrumbList","@id":"https:\/\/www.labectra.lt\/produktas\/150c-saldikliai\/#breadcrumb","itemListElement":[{"@type":"ListItem","position":1,"name":"Home","item":"https:\/\/www.labectra.lt\/"},{"@type":"ListItem","position":2,"name":"Termin\u0117 \u012franga","item":"https:\/\/www.labectra.lt\/termine-iranga\/"},{"@type":"ListItem","position":3,"name":"Kreogeno mechaniniai \u0161aldikliai"}]},{"@type":"WebSite","@id":"https:\/\/www.labectra.lt\/#website","url":"https:\/\/www.labectra.lt\/","name":"Termin\u0117 \u012franga - Labectra","description":"J\u016bs\u0173 termin\u0117s \u012frangos tiek\u0117jas!","publisher":{"@id":"https:\/\/www.labectra.lt\/#organization"},"potentialAction":[{"@type":"SearchAction","target":{"@type":"EntryPoint","urlTemplate":"https:\/\/www.labectra.lt\/?s={search_term_string}"},"query-input":"required name=search_term_string"}],"inLanguage":"en-GB"},{"@type":"Organization","@id":"https:\/\/www.labectra.lt\/#organization","name":"Labectra","url":"https:\/\/www.labectra.lt\/","logo":{"@type":"ImageObject","inLanguage":"en-GB","@id":"https:\/\/www.labectra.lt\/#\/schema\/logo\/image\/","url":"https:\/\/www.labectra.lt\/wp-content\/uploads\/2019\/09\/Logo21.png","contentUrl":"https:\/\/www.labectra.lt\/wp-content\/uploads\/2019\/09\/Logo21.png","width":392,"height":58,"caption":"Labectra"},"image":{"@id":"https:\/\/www.labectra.lt\/#\/schema\/logo\/image\/"}}]}},"_links":{"self":[{"href":"https:\/\/www.labectra.lt\/en\/wp-json\/wp\/v2\/product\/2177"}],"collection":[{"href":"https:\/\/www.labectra.lt\/en\/wp-json\/wp\/v2\/product"}],"about":[{"href":"https:\/\/www.labectra.lt\/en\/wp-json\/wp\/v2\/types\/product"}],"wp:featuredmedia":[{"embeddable":true,"href":"https:\/\/www.labectra.lt\/en\/wp-json\/wp\/v2\/media\/2089"}],"wp:attachment":[{"href":"https:\/\/www.labectra.lt\/en\/wp-json\/wp\/v2\/media?parent=2177"}],"curies":[{"name":"wp","href":"https:\/\/api.w.org\/{rel}","templated":true}]}}