{"id":2180,"date":"2019-09-27T10:49:05","date_gmt":"2019-09-27T07:49:05","guid":{"rendered":"https:\/\/www.labectra.lt\/produktas\/automatizuoti-saldymo-sistema-v-80-10\/"},"modified":"2019-11-05T00:46:37","modified_gmt":"2019-11-04T22:46:37","slug":"automatizuoti-saldymo-sistema-v-80-10","status":"publish","type":"product","link":"https:\/\/www.labectra.lt\/en\/product\/automatizuoti-saldymo-sistema-v-80-10\/","title":{"rendered":"Automated Storage Systems V 80.10"},"content":{"rendered":"<p style=\"font-weight: 400;\"><b><strong>Smartfreezer - Automated Storage Systems.\nUltra Low Temperature - Ultra High Security.<\/strong><\/b><\/p>\n<p style=\"font-weight: 400;\"><p>Smartfreezer is the only fully automated Ultra Low Temperature or Cryogenic Freezer for individual storage and retrieval of vials at -86 \u00b0C with mechanical refrigeration or at -180 \u00b0C in liquid nitrogen (vapor phase). Inventory management, traceability, operator safety and sample protection are combined into a single device to offer the ultimate solution for Biobanks and Biorepositories.<\/p>\n<p>Smartfreezer can store more than 17.000 1.0 ml vials and more than 10.000 2.0 ml vials. The on board computer controls the robot to guarantee a quick access to the requested sample without the need of any manual action, preventing mix-ups, accidents and wastages.<\/p>\n<p>All the information about user actions, sample locations, storage conditions and history can easily be exchanged with external L.I.M.S.<\/p><\/p>\n<p style=\"font-weight: 400;\">Nominali darbin\u0117 temperat\u016bra mechanin\u0117s \u0161aldymo sistemos iki -80C.<\/p>\n<p style=\"font-weight: 400;\">Nominali darbin\u0117 temperat\u016bra sistemos su skysto azoto \u012fpur\u0161kimu iki -180C.<\/p>\n<ul>\n<li>Robotic samples search system<\/li>\n<li>Samples avoid thermal shock during discharge<\/li>\n<li>Test tubes of 1 ml and 2 ml<\/li>\n<li>The device holds 17,000 tubes per ml more than 10,000 2 ml<\/li>\n<li>Standard stainless steel tank for nitrogen injection system and stainless steel chamber for model with mechanical refrigeration system<\/li>\n<li>Samples are not immersed in liquid nitrogen, thus eliminating the possibility of contamination of samples in the event of cracks<\/li>\n<li>Liquid Nitrogen Controlled to Ensure Temperature Uniformity (Model LN2)<\/li>\n<li>Extra five-tube loading unloading stand<\/li>\n<li>Ice Prevention<\/li>\n<\/ul>\n<p style=\"font-weight: 400;\"><b><strong>Access Control<\/strong><\/b><\/p>\n<ul style=\"font-weight: 400;\">\n<li>Only authorized personnel may operate this equipment<\/li>\n<li>Action logging in the system<\/li>\n<\/ul>\n<p style=\"font-weight: 400;\">\u00a0<b><strong>Operator and Sample Protection<\/strong><\/b><\/p>\n<ul style=\"font-weight: 400;\">\n<li>The robotic hand protects the samples from any intentional or unintentional contact<\/li>\n<li>The operator is not exposed to extremely low temperatures<\/li>\n<\/ul>\n<p style=\"font-weight: 400;\" class=\" translation-block\"><b><strong>Samples Tracking Traceability<\/strong><\/b><\/p>\n<ul style=\"font-weight: 400;\">\n<li>Equipped with a touch screen, the program guarantees proper sample traceability<\/li>\n<li>Full storage of temperature and operations data<\/li>\n<li>Samples shall be identified at all times by the barcode<\/li>\n<\/ul>\n<table style=\"border-collapse: collapse; width: 100%;\">\n<tbody>\n<tr>\n<td style=\"width: 50%;\"><b>Technical parameters<\/b><\/td>\n<td style=\"width: 50%;\"><b>SMARTFREEZER \u00ae V 80.10<\/b><\/td>\n<\/tr>\n<tr>\n<td style=\"width: 50%;\">Storage capacity<\/td>\n<td style=\"width: 50%;\">17 364<\/td>\n<\/tr>\n<tr>\n<td style=\"width: 50%;\">Type of vial (ml)<\/td>\n<td style=\"width: 50%;\">1<\/td>\n<\/tr>\n<tr>\n<td style=\"width: 50%;\">Vial identification<\/td>\n<td style=\"width: 50%;\">Dot code<\/td>\n<\/tr>\n<tr>\n<td style=\"width: 50%;\">Speed to load and un-load (s\/vial)<\/td>\n<td style=\"width: 50%;\">10<\/td>\n<\/tr>\n<tr>\n<td style=\"width: 50%;\">External dimensions, mm<\/td>\n<td style=\"width: 50%;\">1400x890x1960<\/td>\n<\/tr>\n<tr>\n<td style=\"width: 50%;\">Working temperature \u2070C<\/td>\n<td style=\"width: 50%;\">-80<\/td>\n<\/tr>\n<tr>\n<td style=\"width: 50%;\">Dry system<\/td>\n<td style=\"width: 50%;\">Yes<\/td>\n<\/tr>\n<tr>\n<td style=\"width: 50%;\">Refrigeration system<\/td>\n<td style=\"width: 50%;\">Two compressors<\/td>\n<\/tr>\n<tr>\n<td style=\"width: 50%;\">Supply voltage (V)<\/td>\n<td style=\"width: 50%;\">230V +6% -10% \/ 1 \/ 50 Hz<\/td>\n<\/tr>\n<tr>\n<td style=\"width: 50%;\">Installed power (V)<\/td>\n<td style=\"width: 50%;\">2800<\/td>\n<\/tr>\n<tr>\n<td style=\"width: 50%;\">Absorbed power (W)<\/td>\n<td style=\"width: 50%;\">1400<\/td>\n<\/tr>\n<tr>\n<td style=\"width: 50%;\">Uninterruptible power supply<\/td>\n<td style=\"width: 50%;\">Yes<\/td>\n<\/tr>\n<\/tbody>\n<\/table>","protected":false},"excerpt":{"rendered":"<p>Automatizuoti \u0161aldymo-laikymo ir paie\u0161kos\u00a0 \u017eemos temperat\u016bros \u012frengimai Biologiniai m\u0117giniai yra tinkami kai jie yra tinkamai identifikuojami ir patikimai saugomi, eleminuojant visas gedimo galimybes\u00a0\u00a0bei apsaugoti\u00a0\u00a0nuo atsitiktin\u0117s ir ty\u010din\u0117s fizin\u0117s \u017ealos.\u00a0Tok\u012f \u012frengin\u012f su padid\u017eiavimu mes galime pasi\u016blyti savo klientams tai automatinis smartfreezers serijos \u0161aldikliai. Nominali darbin\u0117 temperat\u016bra mechanin\u0117s \u0161aldymo sistemos iki -80C. Nominali darbin\u0117 temperat\u016bra sistemos su &hellip;<\/p>\n<p class=\"read-more\"> <a class=\"\" href=\"https:\/\/www.labectra.lt\/en\/product\/automatizuoti-saldymo-sistema-v-80-10\/\"> <span class=\"screen-reader-text\">Automated Storage Systems V 80.10<\/span> Read More &raquo;<\/a><\/p>","protected":false},"featured_media":2090,"template":"","meta":[],"yoast_head":"<!-- This site is optimized with the Yoast SEO plugin v21.6 - https:\/\/yoast.com\/wordpress\/plugins\/seo\/ -->\n<title>Automatizuoti \u0161aldymo sistema V 80.10 - Termin\u0117 \u012franga - Labectra<\/title>\n<meta name=\"robots\" content=\"index, follow, max-snippet:-1, max-image-preview:large, max-video-preview:-1\" \/>\n<link rel=\"canonical\" href=\"https:\/\/www.labectra.lt\/en\/product\/automatizuoti-saldymo-sistema-v-80-10\/\" \/>\n<meta property=\"og:locale\" content=\"en_GB\" \/>\n<meta property=\"og:type\" content=\"article\" \/>\n<meta property=\"og:title\" content=\"Automatizuoti \u0161aldymo sistema V 80.10 - Termin\u0117 \u012franga - Labectra\" \/>\n<meta property=\"og:description\" content=\"Automatizuoti \u0161aldymo-laikymo ir paie\u0161kos\u00a0 \u017eemos temperat\u016bros \u012frengimai Biologiniai m\u0117giniai yra tinkami kai jie yra tinkamai identifikuojami ir patikimai saugomi, eleminuojant visas gedimo galimybes\u00a0\u00a0bei apsaugoti\u00a0\u00a0nuo atsitiktin\u0117s ir ty\u010din\u0117s fizin\u0117s \u017ealos.\u00a0Tok\u012f \u012frengin\u012f su padid\u017eiavimu mes galime pasi\u016blyti savo klientams tai automatinis smartfreezers serijos \u0161aldikliai. Nominali darbin\u0117 temperat\u016bra mechanin\u0117s \u0161aldymo sistemos iki -80C. Nominali darbin\u0117 temperat\u016bra sistemos su &hellip; Automatizuoti \u0161aldymo sistema V 80.10 Read More &raquo;\" \/>\n<meta property=\"og:url\" content=\"https:\/\/www.labectra.lt\/en\/product\/automatizuoti-saldymo-sistema-v-80-10\/\" \/>\n<meta property=\"og:site_name\" content=\"Termin\u0117 \u012franga - Labectra\" \/>\n<meta property=\"article:modified_time\" content=\"2019-11-04T22:46:37+00:00\" \/>\n<meta property=\"og:image\" content=\"https:\/\/www.labectra.lt\/wp-content\/uploads\/2019\/10\/automatizuoti-saldymo-sistema.jpg\" \/>\n\t<meta property=\"og:image:width\" content=\"700\" \/>\n\t<meta property=\"og:image:height\" content=\"700\" \/>\n\t<meta property=\"og:image:type\" content=\"image\/jpeg\" \/>\n<meta name=\"twitter:card\" content=\"summary_large_image\" \/>\n<meta name=\"twitter:label1\" content=\"Estimated reading time\" \/>\n\t<meta name=\"twitter:data1\" content=\"2 minutes\" \/>\n<script type=\"application\/ld+json\" class=\"yoast-schema-graph\">{\"@context\":\"https:\/\/schema.org\",\"@graph\":[{\"@type\":\"WebPage\",\"@id\":\"https:\/\/www.labectra.lt\/produktas\/automatizuoti-saldymo-sistema-v-80-10\/\",\"url\":\"https:\/\/www.labectra.lt\/produktas\/automatizuoti-saldymo-sistema-v-80-10\/\",\"name\":\"Automatizuoti \u0161aldymo sistema V 80.10 - Termin\u0117 \u012franga - Labectra\",\"isPartOf\":{\"@id\":\"https:\/\/www.labectra.lt\/#website\"},\"datePublished\":\"2019-09-27T07:49:05+00:00\",\"dateModified\":\"2019-11-04T22:46:37+00:00\",\"breadcrumb\":{\"@id\":\"https:\/\/www.labectra.lt\/produktas\/automatizuoti-saldymo-sistema-v-80-10\/#breadcrumb\"},\"inLanguage\":\"en-GB\",\"potentialAction\":[{\"@type\":\"ReadAction\",\"target\":[\"https:\/\/www.labectra.lt\/produktas\/automatizuoti-saldymo-sistema-v-80-10\/\"]}]},{\"@type\":\"BreadcrumbList\",\"@id\":\"https:\/\/www.labectra.lt\/produktas\/automatizuoti-saldymo-sistema-v-80-10\/#breadcrumb\",\"itemListElement\":[{\"@type\":\"ListItem\",\"position\":1,\"name\":\"Home\",\"item\":\"https:\/\/www.labectra.lt\/\"},{\"@type\":\"ListItem\",\"position\":2,\"name\":\"Termin\u0117 \u012franga\",\"item\":\"https:\/\/www.labectra.lt\/termine-iranga\/\"},{\"@type\":\"ListItem\",\"position\":3,\"name\":\"Automatizuoti \u0161aldymo sistema V 80.10\"}]},{\"@type\":\"WebSite\",\"@id\":\"https:\/\/www.labectra.lt\/#website\",\"url\":\"https:\/\/www.labectra.lt\/\",\"name\":\"Termin\u0117 \u012franga - Labectra\",\"description\":\"J\u016bs\u0173 termin\u0117s \u012frangos tiek\u0117jas!\",\"publisher\":{\"@id\":\"https:\/\/www.labectra.lt\/#organization\"},\"potentialAction\":[{\"@type\":\"SearchAction\",\"target\":{\"@type\":\"EntryPoint\",\"urlTemplate\":\"https:\/\/www.labectra.lt\/?s={search_term_string}\"},\"query-input\":\"required name=search_term_string\"}],\"inLanguage\":\"en-GB\"},{\"@type\":\"Organization\",\"@id\":\"https:\/\/www.labectra.lt\/#organization\",\"name\":\"Labectra\",\"url\":\"https:\/\/www.labectra.lt\/\",\"logo\":{\"@type\":\"ImageObject\",\"inLanguage\":\"en-GB\",\"@id\":\"https:\/\/www.labectra.lt\/#\/schema\/logo\/image\/\",\"url\":\"https:\/\/www.labectra.lt\/wp-content\/uploads\/2019\/09\/Logo21.png\",\"contentUrl\":\"https:\/\/www.labectra.lt\/wp-content\/uploads\/2019\/09\/Logo21.png\",\"width\":392,\"height\":58,\"caption\":\"Labectra\"},\"image\":{\"@id\":\"https:\/\/www.labectra.lt\/#\/schema\/logo\/image\/\"}}]}<\/script>\n<!-- \/ Yoast SEO plugin. -->","yoast_head_json":{"title":"Automatizuoti \u0161aldymo sistema V 80.10 - Termin\u0117 \u012franga - Labectra","robots":{"index":"index","follow":"follow","max-snippet":"max-snippet:-1","max-image-preview":"max-image-preview:large","max-video-preview":"max-video-preview:-1"},"canonical":"https:\/\/www.labectra.lt\/en\/product\/automatizuoti-saldymo-sistema-v-80-10\/","og_locale":"en_GB","og_type":"article","og_title":"Automatizuoti \u0161aldymo sistema V 80.10 - Termin\u0117 \u012franga - Labectra","og_description":"Automatizuoti \u0161aldymo-laikymo ir paie\u0161kos\u00a0 \u017eemos temperat\u016bros \u012frengimai Biologiniai m\u0117giniai yra tinkami kai jie yra tinkamai identifikuojami ir patikimai saugomi, eleminuojant visas gedimo galimybes\u00a0\u00a0bei apsaugoti\u00a0\u00a0nuo atsitiktin\u0117s ir ty\u010din\u0117s fizin\u0117s \u017ealos.\u00a0Tok\u012f \u012frengin\u012f su padid\u017eiavimu mes galime pasi\u016blyti savo klientams tai automatinis smartfreezers serijos \u0161aldikliai. Nominali darbin\u0117 temperat\u016bra mechanin\u0117s \u0161aldymo sistemos iki -80C. Nominali darbin\u0117 temperat\u016bra sistemos su &hellip; Automatizuoti \u0161aldymo sistema V 80.10 Read More &raquo;","og_url":"https:\/\/www.labectra.lt\/en\/product\/automatizuoti-saldymo-sistema-v-80-10\/","og_site_name":"Termin\u0117 \u012franga - Labectra","article_modified_time":"2019-11-04T22:46:37+00:00","og_image":[{"width":700,"height":700,"url":"https:\/\/www.labectra.lt\/wp-content\/uploads\/2019\/10\/automatizuoti-saldymo-sistema.jpg","type":"image\/jpeg"}],"twitter_card":"summary_large_image","twitter_misc":{"Estimated reading time":"2 minutes"},"schema":{"@context":"https:\/\/schema.org","@graph":[{"@type":"WebPage","@id":"https:\/\/www.labectra.lt\/produktas\/automatizuoti-saldymo-sistema-v-80-10\/","url":"https:\/\/www.labectra.lt\/produktas\/automatizuoti-saldymo-sistema-v-80-10\/","name":"Automatizuoti \u0161aldymo sistema V 80.10 - Termin\u0117 \u012franga - Labectra","isPartOf":{"@id":"https:\/\/www.labectra.lt\/#website"},"datePublished":"2019-09-27T07:49:05+00:00","dateModified":"2019-11-04T22:46:37+00:00","breadcrumb":{"@id":"https:\/\/www.labectra.lt\/produktas\/automatizuoti-saldymo-sistema-v-80-10\/#breadcrumb"},"inLanguage":"en-GB","potentialAction":[{"@type":"ReadAction","target":["https:\/\/www.labectra.lt\/produktas\/automatizuoti-saldymo-sistema-v-80-10\/"]}]},{"@type":"BreadcrumbList","@id":"https:\/\/www.labectra.lt\/produktas\/automatizuoti-saldymo-sistema-v-80-10\/#breadcrumb","itemListElement":[{"@type":"ListItem","position":1,"name":"Home","item":"https:\/\/www.labectra.lt\/"},{"@type":"ListItem","position":2,"name":"Termin\u0117 \u012franga","item":"https:\/\/www.labectra.lt\/termine-iranga\/"},{"@type":"ListItem","position":3,"name":"Automatizuoti \u0161aldymo sistema V 80.10"}]},{"@type":"WebSite","@id":"https:\/\/www.labectra.lt\/#website","url":"https:\/\/www.labectra.lt\/","name":"Termin\u0117 \u012franga - Labectra","description":"J\u016bs\u0173 termin\u0117s \u012frangos tiek\u0117jas!","publisher":{"@id":"https:\/\/www.labectra.lt\/#organization"},"potentialAction":[{"@type":"SearchAction","target":{"@type":"EntryPoint","urlTemplate":"https:\/\/www.labectra.lt\/?s={search_term_string}"},"query-input":"required name=search_term_string"}],"inLanguage":"en-GB"},{"@type":"Organization","@id":"https:\/\/www.labectra.lt\/#organization","name":"Labectra","url":"https:\/\/www.labectra.lt\/","logo":{"@type":"ImageObject","inLanguage":"en-GB","@id":"https:\/\/www.labectra.lt\/#\/schema\/logo\/image\/","url":"https:\/\/www.labectra.lt\/wp-content\/uploads\/2019\/09\/Logo21.png","contentUrl":"https:\/\/www.labectra.lt\/wp-content\/uploads\/2019\/09\/Logo21.png","width":392,"height":58,"caption":"Labectra"},"image":{"@id":"https:\/\/www.labectra.lt\/#\/schema\/logo\/image\/"}}]}},"_links":{"self":[{"href":"https:\/\/www.labectra.lt\/en\/wp-json\/wp\/v2\/product\/2180"}],"collection":[{"href":"https:\/\/www.labectra.lt\/en\/wp-json\/wp\/v2\/product"}],"about":[{"href":"https:\/\/www.labectra.lt\/en\/wp-json\/wp\/v2\/types\/product"}],"wp:featuredmedia":[{"embeddable":true,"href":"https:\/\/www.labectra.lt\/en\/wp-json\/wp\/v2\/media\/2090"}],"wp:attachment":[{"href":"https:\/\/www.labectra.lt\/en\/wp-json\/wp\/v2\/media?parent=2180"}],"curies":[{"name":"wp","href":"https:\/\/api.w.org\/{rel}","templated":true}]}}