{"id":2181,"date":"2019-09-18T13:16:59","date_gmt":"2019-09-18T15:16:59","guid":{"rendered":"https:\/\/www.labectra.lt\/produktas\/aukstos-temperaturos-kaitinimo-spintos\/"},"modified":"2019-10-30T23:51:33","modified_gmt":"2019-10-31T01:51:33","slug":"aukstos-temperaturos-kaitinimo-spintos","status":"publish","type":"product","link":"https:\/\/www.labectra.lt\/en\/product\/aukstos-temperaturos-kaitinimo-spintos\/","title":{"rendered":"High-Temperature Ovens, Air Circulation Chamber Furnaces"},"content":{"rendered":"<p>N 15\/65HA, N 30\/45HA \u2013 N 500\/85HA<\/p>\n<p class=\" translation-block\">These chamber furnaces with air circulation are characterized by their extremely high temperature uniformity. Hence, they are especially suitable for processes such as cooling, crystalizing, pre-heating, curing, but also for numerous processes in tool making. Due to the modular concept, the furnaces can be adjusted to the  process requirements by adding suitable equipment.<\/p>\n<p><a href=\"https:\/\/www.labectra.lt\/wp-content\/uploads\/2019\/09\/aukstos-temperaturos-kaitinimo-spintos-2.png\"><img fetchpriority=\"high\" decoding=\"async\" class=\"aligncenter wp-image-1786\" src=\"https:\/\/www.labectra.lt\/wp-content\/uploads\/2019\/09\/aukstos-temperaturos-kaitinimo-spintos-2.png\" sizes=\"(max-width: 600px) 100vw, 600px\" srcset=\"https:\/\/www.labectra.lt\/wp-content\/uploads\/2019\/09\/aukstos-temperaturos-kaitinimo-spintos-2.png 811w, https:\/\/www.labectra.lt\/wp-content\/uploads\/2019\/09\/aukstos-temperaturos-kaitinimo-spintos-2-300x155.png 300w, https:\/\/www.labectra.lt\/wp-content\/uploads\/2019\/09\/aukstos-temperaturos-kaitinimo-spintos-2-768x398.png 768w\" alt=\"Auk\u0161tos temperat\u016bros kaitinimo spintos. Temperat\u016bra: 450-850\u00b0C Kameros talpa: 30-500 l Su priverstine oro cirkuliacija.\" width=\"600\" height=\"311\" \/><\/a><\/p>","protected":false},"excerpt":{"rendered":"<p>N 15\/65HA, N 30\/45HA \u2013 N 500\/85HA \u0160ios\u00a0kamerin\u0117s krosnys\u00a0su oro cirkuliacija i\u0161siskiria auk\u0161to lygio temperat\u016bros pasiskirstymu. Krosnys puikiai tinka tokiems procesams\u00a0kaip au\u0161inimas, kristalizavimas, atkaitinimas, atleidimas,\u00a0pirminis pa\u0161ildymas, kietinimas, taip pat pla\u010diai naudojamos \u012franki\u0173 gamyboje. D\u0117l modulin\u0117s konstrukcijos, krosnys gali b\u016bti lengvai pritaikomos individualiems poreikiams.<\/p>","protected":false},"featured_media":1947,"template":"","meta":[],"yoast_head":"<!-- This site is optimized with the Yoast SEO plugin v21.6 - https:\/\/yoast.com\/wordpress\/plugins\/seo\/ -->\n<title>Auk\u0161tos temperat\u016bros kaitinimo spintos - Termin\u0117 \u012franga - Labectra<\/title>\n<meta name=\"robots\" content=\"index, follow, max-snippet:-1, max-image-preview:large, max-video-preview:-1\" \/>\n<link rel=\"canonical\" href=\"https:\/\/www.labectra.lt\/en\/product\/aukstos-temperaturos-kaitinimo-spintos\/\" \/>\n<meta property=\"og:locale\" content=\"en_GB\" \/>\n<meta property=\"og:type\" content=\"article\" \/>\n<meta property=\"og:title\" content=\"Auk\u0161tos temperat\u016bros kaitinimo spintos - Termin\u0117 \u012franga - Labectra\" \/>\n<meta property=\"og:description\" content=\"N 15\/65HA, N 30\/45HA \u2013 N 500\/85HA \u0160ios\u00a0kamerin\u0117s krosnys\u00a0su oro cirkuliacija i\u0161siskiria auk\u0161to lygio temperat\u016bros pasiskirstymu. Krosnys puikiai tinka tokiems procesams\u00a0kaip au\u0161inimas, kristalizavimas, atkaitinimas, atleidimas,\u00a0pirminis pa\u0161ildymas, kietinimas, taip pat pla\u010diai naudojamos \u012franki\u0173 gamyboje. D\u0117l modulin\u0117s konstrukcijos, krosnys gali b\u016bti lengvai pritaikomos individualiems poreikiams.\" \/>\n<meta property=\"og:url\" content=\"https:\/\/www.labectra.lt\/en\/product\/aukstos-temperaturos-kaitinimo-spintos\/\" \/>\n<meta property=\"og:site_name\" content=\"Termin\u0117 \u012franga - Labectra\" \/>\n<meta property=\"article:modified_time\" content=\"2019-10-31T01:51:33+00:00\" \/>\n<meta property=\"og:image\" content=\"https:\/\/www.labectra.lt\/wp-content\/uploads\/2019\/09\/aukstos-temperaturos-kaitinimo-spintos.jpg\" \/>\n\t<meta property=\"og:image:width\" content=\"465\" \/>\n\t<meta property=\"og:image:height\" content=\"465\" \/>\n\t<meta property=\"og:image:type\" content=\"image\/jpeg\" \/>\n<meta name=\"twitter:card\" content=\"summary_large_image\" \/>\n<script type=\"application\/ld+json\" class=\"yoast-schema-graph\">{\"@context\":\"https:\/\/schema.org\",\"@graph\":[{\"@type\":\"WebPage\",\"@id\":\"https:\/\/www.labectra.lt\/produktas\/aukstos-temperaturos-kaitinimo-spintos\/\",\"url\":\"https:\/\/www.labectra.lt\/produktas\/aukstos-temperaturos-kaitinimo-spintos\/\",\"name\":\"Auk\u0161tos temperat\u016bros kaitinimo spintos - Termin\u0117 \u012franga - Labectra\",\"isPartOf\":{\"@id\":\"https:\/\/www.labectra.lt\/#website\"},\"datePublished\":\"2019-09-18T15:16:59+00:00\",\"dateModified\":\"2019-10-31T01:51:33+00:00\",\"breadcrumb\":{\"@id\":\"https:\/\/www.labectra.lt\/produktas\/aukstos-temperaturos-kaitinimo-spintos\/#breadcrumb\"},\"inLanguage\":\"en-GB\",\"potentialAction\":[{\"@type\":\"ReadAction\",\"target\":[\"https:\/\/www.labectra.lt\/produktas\/aukstos-temperaturos-kaitinimo-spintos\/\"]}]},{\"@type\":\"BreadcrumbList\",\"@id\":\"https:\/\/www.labectra.lt\/produktas\/aukstos-temperaturos-kaitinimo-spintos\/#breadcrumb\",\"itemListElement\":[{\"@type\":\"ListItem\",\"position\":1,\"name\":\"Home\",\"item\":\"https:\/\/www.labectra.lt\/\"},{\"@type\":\"ListItem\",\"position\":2,\"name\":\"Termin\u0117 \u012franga\",\"item\":\"https:\/\/www.labectra.lt\/termine-iranga\/\"},{\"@type\":\"ListItem\",\"position\":3,\"name\":\"Auk\u0161tos temperat\u016bros kaitinimo spintos\"}]},{\"@type\":\"WebSite\",\"@id\":\"https:\/\/www.labectra.lt\/#website\",\"url\":\"https:\/\/www.labectra.lt\/\",\"name\":\"Termin\u0117 \u012franga - Labectra\",\"description\":\"J\u016bs\u0173 termin\u0117s \u012frangos tiek\u0117jas!\",\"publisher\":{\"@id\":\"https:\/\/www.labectra.lt\/#organization\"},\"potentialAction\":[{\"@type\":\"SearchAction\",\"target\":{\"@type\":\"EntryPoint\",\"urlTemplate\":\"https:\/\/www.labectra.lt\/?s={search_term_string}\"},\"query-input\":\"required name=search_term_string\"}],\"inLanguage\":\"en-GB\"},{\"@type\":\"Organization\",\"@id\":\"https:\/\/www.labectra.lt\/#organization\",\"name\":\"Labectra\",\"url\":\"https:\/\/www.labectra.lt\/\",\"logo\":{\"@type\":\"ImageObject\",\"inLanguage\":\"en-GB\",\"@id\":\"https:\/\/www.labectra.lt\/#\/schema\/logo\/image\/\",\"url\":\"https:\/\/www.labectra.lt\/wp-content\/uploads\/2019\/09\/Logo21.png\",\"contentUrl\":\"https:\/\/www.labectra.lt\/wp-content\/uploads\/2019\/09\/Logo21.png\",\"width\":392,\"height\":58,\"caption\":\"Labectra\"},\"image\":{\"@id\":\"https:\/\/www.labectra.lt\/#\/schema\/logo\/image\/\"}}]}<\/script>\n<!-- \/ Yoast SEO plugin. -->","yoast_head_json":{"title":"Auk\u0161tos temperat\u016bros kaitinimo spintos - Termin\u0117 \u012franga - Labectra","robots":{"index":"index","follow":"follow","max-snippet":"max-snippet:-1","max-image-preview":"max-image-preview:large","max-video-preview":"max-video-preview:-1"},"canonical":"https:\/\/www.labectra.lt\/en\/product\/aukstos-temperaturos-kaitinimo-spintos\/","og_locale":"en_GB","og_type":"article","og_title":"Auk\u0161tos temperat\u016bros kaitinimo spintos - Termin\u0117 \u012franga - Labectra","og_description":"N 15\/65HA, N 30\/45HA \u2013 N 500\/85HA \u0160ios\u00a0kamerin\u0117s krosnys\u00a0su oro cirkuliacija i\u0161siskiria auk\u0161to lygio temperat\u016bros pasiskirstymu. Krosnys puikiai tinka tokiems procesams\u00a0kaip au\u0161inimas, kristalizavimas, atkaitinimas, atleidimas,\u00a0pirminis pa\u0161ildymas, kietinimas, taip pat pla\u010diai naudojamos \u012franki\u0173 gamyboje. D\u0117l modulin\u0117s konstrukcijos, krosnys gali b\u016bti lengvai pritaikomos individualiems poreikiams.","og_url":"https:\/\/www.labectra.lt\/en\/product\/aukstos-temperaturos-kaitinimo-spintos\/","og_site_name":"Termin\u0117 \u012franga - Labectra","article_modified_time":"2019-10-31T01:51:33+00:00","og_image":[{"width":465,"height":465,"url":"https:\/\/www.labectra.lt\/wp-content\/uploads\/2019\/09\/aukstos-temperaturos-kaitinimo-spintos.jpg","type":"image\/jpeg"}],"twitter_card":"summary_large_image","schema":{"@context":"https:\/\/schema.org","@graph":[{"@type":"WebPage","@id":"https:\/\/www.labectra.lt\/produktas\/aukstos-temperaturos-kaitinimo-spintos\/","url":"https:\/\/www.labectra.lt\/produktas\/aukstos-temperaturos-kaitinimo-spintos\/","name":"Auk\u0161tos temperat\u016bros kaitinimo spintos - Termin\u0117 \u012franga - Labectra","isPartOf":{"@id":"https:\/\/www.labectra.lt\/#website"},"datePublished":"2019-09-18T15:16:59+00:00","dateModified":"2019-10-31T01:51:33+00:00","breadcrumb":{"@id":"https:\/\/www.labectra.lt\/produktas\/aukstos-temperaturos-kaitinimo-spintos\/#breadcrumb"},"inLanguage":"en-GB","potentialAction":[{"@type":"ReadAction","target":["https:\/\/www.labectra.lt\/produktas\/aukstos-temperaturos-kaitinimo-spintos\/"]}]},{"@type":"BreadcrumbList","@id":"https:\/\/www.labectra.lt\/produktas\/aukstos-temperaturos-kaitinimo-spintos\/#breadcrumb","itemListElement":[{"@type":"ListItem","position":1,"name":"Home","item":"https:\/\/www.labectra.lt\/"},{"@type":"ListItem","position":2,"name":"Termin\u0117 \u012franga","item":"https:\/\/www.labectra.lt\/termine-iranga\/"},{"@type":"ListItem","position":3,"name":"Auk\u0161tos temperat\u016bros kaitinimo spintos"}]},{"@type":"WebSite","@id":"https:\/\/www.labectra.lt\/#website","url":"https:\/\/www.labectra.lt\/","name":"Termin\u0117 \u012franga - Labectra","description":"J\u016bs\u0173 termin\u0117s \u012frangos tiek\u0117jas!","publisher":{"@id":"https:\/\/www.labectra.lt\/#organization"},"potentialAction":[{"@type":"SearchAction","target":{"@type":"EntryPoint","urlTemplate":"https:\/\/www.labectra.lt\/?s={search_term_string}"},"query-input":"required name=search_term_string"}],"inLanguage":"en-GB"},{"@type":"Organization","@id":"https:\/\/www.labectra.lt\/#organization","name":"Labectra","url":"https:\/\/www.labectra.lt\/","logo":{"@type":"ImageObject","inLanguage":"en-GB","@id":"https:\/\/www.labectra.lt\/#\/schema\/logo\/image\/","url":"https:\/\/www.labectra.lt\/wp-content\/uploads\/2019\/09\/Logo21.png","contentUrl":"https:\/\/www.labectra.lt\/wp-content\/uploads\/2019\/09\/Logo21.png","width":392,"height":58,"caption":"Labectra"},"image":{"@id":"https:\/\/www.labectra.lt\/#\/schema\/logo\/image\/"}}]}},"_links":{"self":[{"href":"https:\/\/www.labectra.lt\/en\/wp-json\/wp\/v2\/product\/2181"}],"collection":[{"href":"https:\/\/www.labectra.lt\/en\/wp-json\/wp\/v2\/product"}],"about":[{"href":"https:\/\/www.labectra.lt\/en\/wp-json\/wp\/v2\/types\/product"}],"wp:featuredmedia":[{"embeddable":true,"href":"https:\/\/www.labectra.lt\/en\/wp-json\/wp\/v2\/media\/1947"}],"wp:attachment":[{"href":"https:\/\/www.labectra.lt\/en\/wp-json\/wp\/v2\/media?parent=2181"}],"curies":[{"name":"wp","href":"https:\/\/api.w.org\/{rel}","templated":true}]}}