{"id":2182,"date":"2019-09-18T13:28:54","date_gmt":"2019-09-18T15:28:54","guid":{"rendered":"https:\/\/www.labectra.lt\/produktas\/kaitinimo-spintos-laboratorines-dziovyklos\/"},"modified":"2019-10-30T23:49:36","modified_gmt":"2019-10-31T01:49:36","slug":"kaitinimo-spintos-laboratorines-dziovyklos","status":"publish","type":"product","link":"https:\/\/www.labectra.lt\/en\/product\/kaitinimo-spintos-laboratorines-dziovyklos\/","title":{"rendered":"Laboratory Ovens"},"content":{"rendered":"<p class=\" translation-block\">Temperature: 300\u00b0C. Chamber volume: 52-1050 l.<\/p>\n<p>&nbsp;<\/p>\n<p class=\" translation-block\"><strong>Natural Ventilation Ovens<\/strong>\n<br \/>* External steel structure varnished with epoxy paint\n<br \/>* Internal chamber in stainless steel\n<br \/>* Double door block for a better temperature thermal insulation.\n<br \/>* 45 mm hole placed on the posterior part for fume discharge, whit regulation device for opening\/closing passage\n<br \/>* 10 mm hole placed on the upper part for insertion of probe or thermometer\n<br \/>* Timer from 0 to 12 hours + infinite\n<br \/>* Security class 3.1<\/p>\n<p><a href=\"https:\/\/www.labectra.lt\/wp-content\/uploads\/2019\/09\/kaitinimo-spintos-laboratorines-dziovyklos-3.png\"><img fetchpriority=\"high\" decoding=\"async\" class=\"aligncenter wp-image-1791\" src=\"https:\/\/www.labectra.lt\/wp-content\/uploads\/2019\/09\/kaitinimo-spintos-laboratorines-dziovyklos-3.png\" sizes=\"(max-width: 600px) 100vw, 600px\" srcset=\"https:\/\/www.labectra.lt\/wp-content\/uploads\/2019\/09\/kaitinimo-spintos-laboratorines-dziovyklos-3.png 677w, https:\/\/www.labectra.lt\/wp-content\/uploads\/2019\/09\/kaitinimo-spintos-laboratorines-dziovyklos-3-300x132.png 300w\" alt=\"Kaitinimo spintos (laboratorin\u0117s d\u017eiovyklos). Temperat\u016bra: 300\u00b0C Kameros talpa: 52-1050 l Su nat\u016bralia arba priverstine oro cirkuliacija.\" width=\"600\" height=\"264\" \/><\/a><\/p>\n<p>&nbsp;<\/p>\n<p>&nbsp;<\/p>\n<p class=\" translation-block\"><strong> Forced Ventilation Ovens<\/strong>\n<br \/>* External steel structure varnished with epoxy paint\n<br \/>* Internal chamber in stainless steel\n<br \/>* Double door block for a better temperature thermal insulation.\n<br \/>* 45 mm hole placed on the posterior part for fume discharge, whit regulation device for opening\/closing passage\n<br \/>* 10 mm hole placed on the upper part for insertion of probe or thermometer\n<br \/>* Timer from 0 to 12 hours + infinite\n<br \/>* Security class 3.1<\/p>\n<p><a href=\"https:\/\/www.labectra.lt\/wp-content\/uploads\/2019\/09\/kaitinimo-spintos-laboratorines-dziovyklos-4.png\"><img decoding=\"async\" class=\"aligncenter wp-image-1792\" src=\"https:\/\/www.labectra.lt\/wp-content\/uploads\/2019\/09\/kaitinimo-spintos-laboratorines-dziovyklos-4.png\" sizes=\"(max-width: 600px) 100vw, 600px\" srcset=\"https:\/\/www.labectra.lt\/wp-content\/uploads\/2019\/09\/kaitinimo-spintos-laboratorines-dziovyklos-4.png 656w, https:\/\/www.labectra.lt\/wp-content\/uploads\/2019\/09\/kaitinimo-spintos-laboratorines-dziovyklos-4-300x144.png 300w\" alt=\"Kaitinimo spintos (laboratorin\u0117s d\u017eiovyklos). Temperat\u016bra: 300\u00b0C Kameros talpa: 52-1050 l Su nat\u016bralia arba priverstine oro cirkuliacija.\" width=\"600\" height=\"287\" \/><\/a><\/p>\n<p>&nbsp;<\/p>\n<p>Jei neradote Jums tinkamo varianto, b\u016btinai kreipkit\u0117s nurodytais kontaktais.<\/p>","protected":false},"excerpt":{"rendered":"<p>Si\u016blome standartines ir pagal u\u017esakym\u0105 pagamintas\u00a0laboratorines d\u017eiovyklas (kaitinimo spintas).\u00a0PID temperat\u016bros valdikliai\u00a0 u\u017etikrina puik\u0173 temperat\u016bros pasiskirstym\u0105, o\u00a0ner\u016bdijan\u010dio plieno kamera ilgaam\u017ei\u0161kum\u0105. Gaminiai komplektuojami su 12 valand\u0173 laikma\u010diais,\u00a0reguliuojama ventiliacija bei anga kontroliniam davikliui. Galimi variantai su priverstine arba nat\u016bralia oro cirkuliacija.\u00a0Tai puik\u0173 kainos ir kokyb\u0117s santyk\u012f i\u0161laikantys produktai profesionaliam darbui. &nbsp; Laboratorin\u0117s d\u017eiovyklos (kaitinimo spintos)\u00a0su nat\u016bralia oro cirkuliacija &hellip;<\/p>\n<p class=\"read-more\"> <a class=\"\" href=\"https:\/\/www.labectra.lt\/en\/product\/kaitinimo-spintos-laboratorines-dziovyklos\/\"> <span class=\"screen-reader-text\">Laboratory Ovens<\/span> Read More &raquo;<\/a><\/p>","protected":false},"featured_media":1789,"template":"","meta":[],"yoast_head":"<!-- This site is optimized with the Yoast SEO plugin v21.6 - https:\/\/yoast.com\/wordpress\/plugins\/seo\/ -->\n<title>Kaitinimo spintos (laboratorin\u0117s d\u017eiovyklos) - Termin\u0117 \u012franga - Labectra<\/title>\n<meta name=\"robots\" content=\"index, follow, max-snippet:-1, max-image-preview:large, max-video-preview:-1\" \/>\n<link rel=\"canonical\" href=\"https:\/\/www.labectra.lt\/en\/product\/kaitinimo-spintos-laboratorines-dziovyklos\/\" \/>\n<meta property=\"og:locale\" content=\"en_GB\" \/>\n<meta property=\"og:type\" content=\"article\" \/>\n<meta property=\"og:title\" content=\"Kaitinimo spintos (laboratorin\u0117s d\u017eiovyklos) - Termin\u0117 \u012franga - Labectra\" \/>\n<meta property=\"og:description\" content=\"Si\u016blome standartines ir pagal u\u017esakym\u0105 pagamintas\u00a0laboratorines d\u017eiovyklas (kaitinimo spintas).\u00a0PID temperat\u016bros valdikliai\u00a0 u\u017etikrina puik\u0173 temperat\u016bros pasiskirstym\u0105, o\u00a0ner\u016bdijan\u010dio plieno kamera ilgaam\u017ei\u0161kum\u0105. Gaminiai komplektuojami su 12 valand\u0173 laikma\u010diais,\u00a0reguliuojama ventiliacija bei anga kontroliniam davikliui. Galimi variantai su priverstine arba nat\u016bralia oro cirkuliacija.\u00a0Tai puik\u0173 kainos ir kokyb\u0117s santyk\u012f i\u0161laikantys produktai profesionaliam darbui. &nbsp; Laboratorin\u0117s d\u017eiovyklos (kaitinimo spintos)\u00a0su nat\u016bralia oro cirkuliacija &hellip; Kaitinimo spintos (laboratorin\u0117s d\u017eiovyklos) Read More &raquo;\" \/>\n<meta property=\"og:url\" content=\"https:\/\/www.labectra.lt\/en\/product\/kaitinimo-spintos-laboratorines-dziovyklos\/\" \/>\n<meta property=\"og:site_name\" content=\"Termin\u0117 \u012franga - Labectra\" \/>\n<meta property=\"article:modified_time\" content=\"2019-10-31T01:49:36+00:00\" \/>\n<meta property=\"og:image\" content=\"https:\/\/www.labectra.lt\/wp-content\/uploads\/2019\/09\/kaitinimo-spintos-laboratorines-dziovyklos-1.png\" \/>\n\t<meta property=\"og:image:width\" content=\"196\" \/>\n\t<meta property=\"og:image:height\" content=\"164\" \/>\n\t<meta property=\"og:image:type\" content=\"image\/png\" \/>\n<meta name=\"twitter:card\" content=\"summary_large_image\" \/>\n<meta name=\"twitter:label1\" content=\"Estimated reading time\" \/>\n\t<meta name=\"twitter:data1\" content=\"1 minute\" \/>\n<script type=\"application\/ld+json\" class=\"yoast-schema-graph\">{\"@context\":\"https:\/\/schema.org\",\"@graph\":[{\"@type\":\"WebPage\",\"@id\":\"https:\/\/www.labectra.lt\/produktas\/kaitinimo-spintos-laboratorines-dziovyklos\/\",\"url\":\"https:\/\/www.labectra.lt\/produktas\/kaitinimo-spintos-laboratorines-dziovyklos\/\",\"name\":\"Kaitinimo spintos (laboratorin\u0117s d\u017eiovyklos) - Termin\u0117 \u012franga - Labectra\",\"isPartOf\":{\"@id\":\"https:\/\/www.labectra.lt\/#website\"},\"datePublished\":\"2019-09-18T15:28:54+00:00\",\"dateModified\":\"2019-10-31T01:49:36+00:00\",\"breadcrumb\":{\"@id\":\"https:\/\/www.labectra.lt\/produktas\/kaitinimo-spintos-laboratorines-dziovyklos\/#breadcrumb\"},\"inLanguage\":\"en-GB\",\"potentialAction\":[{\"@type\":\"ReadAction\",\"target\":[\"https:\/\/www.labectra.lt\/produktas\/kaitinimo-spintos-laboratorines-dziovyklos\/\"]}]},{\"@type\":\"BreadcrumbList\",\"@id\":\"https:\/\/www.labectra.lt\/produktas\/kaitinimo-spintos-laboratorines-dziovyklos\/#breadcrumb\",\"itemListElement\":[{\"@type\":\"ListItem\",\"position\":1,\"name\":\"Home\",\"item\":\"https:\/\/www.labectra.lt\/\"},{\"@type\":\"ListItem\",\"position\":2,\"name\":\"Termin\u0117 \u012franga\",\"item\":\"https:\/\/www.labectra.lt\/termine-iranga\/\"},{\"@type\":\"ListItem\",\"position\":3,\"name\":\"Kaitinimo spintos (laboratorin\u0117s d\u017eiovyklos)\"}]},{\"@type\":\"WebSite\",\"@id\":\"https:\/\/www.labectra.lt\/#website\",\"url\":\"https:\/\/www.labectra.lt\/\",\"name\":\"Termin\u0117 \u012franga - Labectra\",\"description\":\"J\u016bs\u0173 termin\u0117s \u012frangos tiek\u0117jas!\",\"publisher\":{\"@id\":\"https:\/\/www.labectra.lt\/#organization\"},\"potentialAction\":[{\"@type\":\"SearchAction\",\"target\":{\"@type\":\"EntryPoint\",\"urlTemplate\":\"https:\/\/www.labectra.lt\/?s={search_term_string}\"},\"query-input\":\"required name=search_term_string\"}],\"inLanguage\":\"en-GB\"},{\"@type\":\"Organization\",\"@id\":\"https:\/\/www.labectra.lt\/#organization\",\"name\":\"Labectra\",\"url\":\"https:\/\/www.labectra.lt\/\",\"logo\":{\"@type\":\"ImageObject\",\"inLanguage\":\"en-GB\",\"@id\":\"https:\/\/www.labectra.lt\/#\/schema\/logo\/image\/\",\"url\":\"https:\/\/www.labectra.lt\/wp-content\/uploads\/2019\/09\/Logo21.png\",\"contentUrl\":\"https:\/\/www.labectra.lt\/wp-content\/uploads\/2019\/09\/Logo21.png\",\"width\":392,\"height\":58,\"caption\":\"Labectra\"},\"image\":{\"@id\":\"https:\/\/www.labectra.lt\/#\/schema\/logo\/image\/\"}}]}<\/script>\n<!-- \/ Yoast SEO plugin. -->","yoast_head_json":{"title":"Kaitinimo spintos (laboratorin\u0117s d\u017eiovyklos) - Termin\u0117 \u012franga - Labectra","robots":{"index":"index","follow":"follow","max-snippet":"max-snippet:-1","max-image-preview":"max-image-preview:large","max-video-preview":"max-video-preview:-1"},"canonical":"https:\/\/www.labectra.lt\/en\/product\/kaitinimo-spintos-laboratorines-dziovyklos\/","og_locale":"en_GB","og_type":"article","og_title":"Kaitinimo spintos (laboratorin\u0117s d\u017eiovyklos) - Termin\u0117 \u012franga - Labectra","og_description":"Si\u016blome standartines ir pagal u\u017esakym\u0105 pagamintas\u00a0laboratorines d\u017eiovyklas (kaitinimo spintas).\u00a0PID temperat\u016bros valdikliai\u00a0 u\u017etikrina puik\u0173 temperat\u016bros pasiskirstym\u0105, o\u00a0ner\u016bdijan\u010dio plieno kamera ilgaam\u017ei\u0161kum\u0105. Gaminiai komplektuojami su 12 valand\u0173 laikma\u010diais,\u00a0reguliuojama ventiliacija bei anga kontroliniam davikliui. Galimi variantai su priverstine arba nat\u016bralia oro cirkuliacija.\u00a0Tai puik\u0173 kainos ir kokyb\u0117s santyk\u012f i\u0161laikantys produktai profesionaliam darbui. &nbsp; Laboratorin\u0117s d\u017eiovyklos (kaitinimo spintos)\u00a0su nat\u016bralia oro cirkuliacija &hellip; Kaitinimo spintos (laboratorin\u0117s d\u017eiovyklos) Read More &raquo;","og_url":"https:\/\/www.labectra.lt\/en\/product\/kaitinimo-spintos-laboratorines-dziovyklos\/","og_site_name":"Termin\u0117 \u012franga - Labectra","article_modified_time":"2019-10-31T01:49:36+00:00","og_image":[{"width":196,"height":164,"url":"https:\/\/www.labectra.lt\/wp-content\/uploads\/2019\/09\/kaitinimo-spintos-laboratorines-dziovyklos-1.png","type":"image\/png"}],"twitter_card":"summary_large_image","twitter_misc":{"Estimated reading time":"1 minute"},"schema":{"@context":"https:\/\/schema.org","@graph":[{"@type":"WebPage","@id":"https:\/\/www.labectra.lt\/produktas\/kaitinimo-spintos-laboratorines-dziovyklos\/","url":"https:\/\/www.labectra.lt\/produktas\/kaitinimo-spintos-laboratorines-dziovyklos\/","name":"Kaitinimo spintos (laboratorin\u0117s d\u017eiovyklos) - Termin\u0117 \u012franga - Labectra","isPartOf":{"@id":"https:\/\/www.labectra.lt\/#website"},"datePublished":"2019-09-18T15:28:54+00:00","dateModified":"2019-10-31T01:49:36+00:00","breadcrumb":{"@id":"https:\/\/www.labectra.lt\/produktas\/kaitinimo-spintos-laboratorines-dziovyklos\/#breadcrumb"},"inLanguage":"en-GB","potentialAction":[{"@type":"ReadAction","target":["https:\/\/www.labectra.lt\/produktas\/kaitinimo-spintos-laboratorines-dziovyklos\/"]}]},{"@type":"BreadcrumbList","@id":"https:\/\/www.labectra.lt\/produktas\/kaitinimo-spintos-laboratorines-dziovyklos\/#breadcrumb","itemListElement":[{"@type":"ListItem","position":1,"name":"Home","item":"https:\/\/www.labectra.lt\/"},{"@type":"ListItem","position":2,"name":"Termin\u0117 \u012franga","item":"https:\/\/www.labectra.lt\/termine-iranga\/"},{"@type":"ListItem","position":3,"name":"Kaitinimo spintos (laboratorin\u0117s d\u017eiovyklos)"}]},{"@type":"WebSite","@id":"https:\/\/www.labectra.lt\/#website","url":"https:\/\/www.labectra.lt\/","name":"Termin\u0117 \u012franga - Labectra","description":"J\u016bs\u0173 termin\u0117s \u012frangos tiek\u0117jas!","publisher":{"@id":"https:\/\/www.labectra.lt\/#organization"},"potentialAction":[{"@type":"SearchAction","target":{"@type":"EntryPoint","urlTemplate":"https:\/\/www.labectra.lt\/?s={search_term_string}"},"query-input":"required name=search_term_string"}],"inLanguage":"en-GB"},{"@type":"Organization","@id":"https:\/\/www.labectra.lt\/#organization","name":"Labectra","url":"https:\/\/www.labectra.lt\/","logo":{"@type":"ImageObject","inLanguage":"en-GB","@id":"https:\/\/www.labectra.lt\/#\/schema\/logo\/image\/","url":"https:\/\/www.labectra.lt\/wp-content\/uploads\/2019\/09\/Logo21.png","contentUrl":"https:\/\/www.labectra.lt\/wp-content\/uploads\/2019\/09\/Logo21.png","width":392,"height":58,"caption":"Labectra"},"image":{"@id":"https:\/\/www.labectra.lt\/#\/schema\/logo\/image\/"}}]}},"_links":{"self":[{"href":"https:\/\/www.labectra.lt\/en\/wp-json\/wp\/v2\/product\/2182"}],"collection":[{"href":"https:\/\/www.labectra.lt\/en\/wp-json\/wp\/v2\/product"}],"about":[{"href":"https:\/\/www.labectra.lt\/en\/wp-json\/wp\/v2\/types\/product"}],"wp:featuredmedia":[{"embeddable":true,"href":"https:\/\/www.labectra.lt\/en\/wp-json\/wp\/v2\/media\/1789"}],"wp:attachment":[{"href":"https:\/\/www.labectra.lt\/en\/wp-json\/wp\/v2\/media?parent=2182"}],"curies":[{"name":"wp","href":"https:\/\/api.w.org\/{rel}","templated":true}]}}