{"id":2183,"date":"2019-09-19T07:07:41","date_gmt":"2019-09-19T09:07:41","guid":{"rendered":"https:\/\/www.labectra.lt\/produktas\/aukstos-temperaturos-krosneles-su-sic-kaitinimo-elementais\/"},"modified":"2019-10-30T23:41:52","modified_gmt":"2019-10-31T01:41:52","slug":"aukstos-temperaturos-krosneles-su-sic-kaitinimo-elementais","status":"publish","type":"product","link":"https:\/\/www.labectra.lt\/en\/product\/aukstos-temperaturos-krosneles-su-sic-kaitinimo-elementais\/","title":{"rendered":"High-Temperature Chamber Furnaces with SiC Rod Heating, 16-450 l"},"content":{"rendered":"<p>HTCT 03\/14 - HTCT 08\/16\nThese powerful laboratory muffle furnaces are available for temperatures up to 1400 \u00b0C, 1500 \u00b0C, 1550 \u00b0C or 1600 \u00b0C. The durability of the SiC rods in periodic use, in combination with their high heating speed, make these furnaces to all-rounders in the laboratory. Heating times of 40 minutes to 1400 \u00b0C can be achieved, depending on the furnace model and the conditions of use.<\/p>\n<p><a href=\"https:\/\/www.labectra.lt\/wp-content\/uploads\/2019\/09\/aukstos-temperaturos-krosneles-su-sic-kaitinimo-elementais-2.png\"><img fetchpriority=\"high\" decoding=\"async\" class=\"aligncenter wp-image-1795\" src=\"https:\/\/www.labectra.lt\/wp-content\/uploads\/2019\/09\/aukstos-temperaturos-krosneles-su-sic-kaitinimo-elementais-2.png\" sizes=\"(max-width: 600px) 100vw, 600px\" srcset=\"https:\/\/www.labectra.lt\/wp-content\/uploads\/2019\/09\/aukstos-temperaturos-krosneles-su-sic-kaitinimo-elementais-2.png 864w, https:\/\/www.labectra.lt\/wp-content\/uploads\/2019\/09\/aukstos-temperaturos-krosneles-su-sic-kaitinimo-elementais-2-300x98.png 300w, https:\/\/www.labectra.lt\/wp-content\/uploads\/2019\/09\/aukstos-temperaturos-krosneles-su-sic-kaitinimo-elementais-2-768x252.png 768w\" alt=\"Auk\u0161tos temperat\u016bros krosnel\u0117s su SiC kaitinimo elementais. Temperat\u016bra: 1550\u00b0C. Kameros talpa: 16-450. Krosnel\u0117 statoma ant grind\u0173.\" width=\"600\" height=\"197\" \/><\/a><\/p>","protected":false},"excerpt":{"rendered":"<p>HTCT 03\/14 - HTCT 08\/16\nThese powerful laboratory muffle furnaces are available for temperatures up to 1400 \u00b0C, 1500 \u00b0C, 1550 \u00b0C or 1600 \u00b0C. The durability of the SiC rods in periodic use, in combination with their high heating speed, make these furnaces to all-rounders in the laboratory. Heating times of 40 minutes to 1400 \u00b0C can be achieved, depending on the furnace model and the conditions of use.<\/p>","protected":false},"featured_media":1948,"template":"","meta":[],"yoast_head":"<!-- This site is optimized with the Yoast SEO plugin v21.6 - https:\/\/yoast.com\/wordpress\/plugins\/seo\/ -->\n<title>Auk\u0161t. temp. su SiC kaitinimo elem., 16-450 l - Termin\u0117 \u012franga - Labectra<\/title>\n<meta name=\"robots\" content=\"index, follow, max-snippet:-1, max-image-preview:large, max-video-preview:-1\" \/>\n<link rel=\"canonical\" href=\"https:\/\/www.labectra.lt\/en\/product\/aukstos-temperaturos-krosneles-su-sic-kaitinimo-elementais\/\" \/>\n<meta property=\"og:locale\" content=\"en_GB\" \/>\n<meta property=\"og:type\" content=\"article\" \/>\n<meta property=\"og:title\" content=\"Auk\u0161t. temp. su SiC kaitinimo elem., 16-450 l - Termin\u0117 \u012franga - Labectra\" \/>\n<meta property=\"og:description\" content=\"HTCT 03\/14 \u2013 HTCT 08\/16 auk\u0161tos temperat\u016bros\u00a0laboratorin\u0117s mufelin\u0117s krosnel\u0117s si\u016blomos 1400 \u00b0C, 1500 \u00b0C, 1550 \u00b0C ar 1600 \u00b0C\u00a0temperat\u016brose. SiC kaitinimo elementai suteikia krosnims ilgaam\u017ei\u0161kumo bei\u00a0trump\u0105 \u012fkaitimo laik\u0105 (priklausomai nuo modelio, 1400\u00b0C\u00a0temperat\u016bra gali b\u016bti pasiekiama per 40 minu\u010di\u0173).\" \/>\n<meta property=\"og:url\" content=\"https:\/\/www.labectra.lt\/en\/product\/aukstos-temperaturos-krosneles-su-sic-kaitinimo-elementais\/\" \/>\n<meta property=\"og:site_name\" content=\"Termin\u0117 \u012franga - Labectra\" \/>\n<meta property=\"article:modified_time\" content=\"2019-10-31T01:41:52+00:00\" \/>\n<meta property=\"og:image\" content=\"https:\/\/www.labectra.lt\/wp-content\/uploads\/2019\/09\/aukstos-temperaturos-krosneles-su-sic-kaitinimo-elementais.jpg\" \/>\n\t<meta property=\"og:image:width\" content=\"439\" \/>\n\t<meta property=\"og:image:height\" content=\"399\" \/>\n\t<meta property=\"og:image:type\" content=\"image\/jpeg\" \/>\n<meta name=\"twitter:card\" content=\"summary_large_image\" \/>\n<script type=\"application\/ld+json\" class=\"yoast-schema-graph\">{\"@context\":\"https:\/\/schema.org\",\"@graph\":[{\"@type\":\"WebPage\",\"@id\":\"https:\/\/www.labectra.lt\/produktas\/aukstos-temperaturos-krosneles-su-sic-kaitinimo-elementais\/\",\"url\":\"https:\/\/www.labectra.lt\/produktas\/aukstos-temperaturos-krosneles-su-sic-kaitinimo-elementais\/\",\"name\":\"Auk\u0161t. temp. su SiC kaitinimo elem., 16-450 l - Termin\u0117 \u012franga - Labectra\",\"isPartOf\":{\"@id\":\"https:\/\/www.labectra.lt\/#website\"},\"datePublished\":\"2019-09-19T09:07:41+00:00\",\"dateModified\":\"2019-10-31T01:41:52+00:00\",\"breadcrumb\":{\"@id\":\"https:\/\/www.labectra.lt\/produktas\/aukstos-temperaturos-krosneles-su-sic-kaitinimo-elementais\/#breadcrumb\"},\"inLanguage\":\"en-GB\",\"potentialAction\":[{\"@type\":\"ReadAction\",\"target\":[\"https:\/\/www.labectra.lt\/produktas\/aukstos-temperaturos-krosneles-su-sic-kaitinimo-elementais\/\"]}]},{\"@type\":\"BreadcrumbList\",\"@id\":\"https:\/\/www.labectra.lt\/produktas\/aukstos-temperaturos-krosneles-su-sic-kaitinimo-elementais\/#breadcrumb\",\"itemListElement\":[{\"@type\":\"ListItem\",\"position\":1,\"name\":\"Home\",\"item\":\"https:\/\/www.labectra.lt\/\"},{\"@type\":\"ListItem\",\"position\":2,\"name\":\"Termin\u0117 \u012franga\",\"item\":\"https:\/\/www.labectra.lt\/termine-iranga\/\"},{\"@type\":\"ListItem\",\"position\":3,\"name\":\"Auk\u0161t. temp. su SiC kaitinimo elem., 16-450 l\"}]},{\"@type\":\"WebSite\",\"@id\":\"https:\/\/www.labectra.lt\/#website\",\"url\":\"https:\/\/www.labectra.lt\/\",\"name\":\"Termin\u0117 \u012franga - Labectra\",\"description\":\"J\u016bs\u0173 termin\u0117s \u012frangos tiek\u0117jas!\",\"publisher\":{\"@id\":\"https:\/\/www.labectra.lt\/#organization\"},\"potentialAction\":[{\"@type\":\"SearchAction\",\"target\":{\"@type\":\"EntryPoint\",\"urlTemplate\":\"https:\/\/www.labectra.lt\/?s={search_term_string}\"},\"query-input\":\"required name=search_term_string\"}],\"inLanguage\":\"en-GB\"},{\"@type\":\"Organization\",\"@id\":\"https:\/\/www.labectra.lt\/#organization\",\"name\":\"Labectra\",\"url\":\"https:\/\/www.labectra.lt\/\",\"logo\":{\"@type\":\"ImageObject\",\"inLanguage\":\"en-GB\",\"@id\":\"https:\/\/www.labectra.lt\/#\/schema\/logo\/image\/\",\"url\":\"https:\/\/www.labectra.lt\/wp-content\/uploads\/2019\/09\/Logo21.png\",\"contentUrl\":\"https:\/\/www.labectra.lt\/wp-content\/uploads\/2019\/09\/Logo21.png\",\"width\":392,\"height\":58,\"caption\":\"Labectra\"},\"image\":{\"@id\":\"https:\/\/www.labectra.lt\/#\/schema\/logo\/image\/\"}}]}<\/script>\n<!-- \/ Yoast SEO plugin. -->","yoast_head_json":{"title":"Auk\u0161t. temp. su SiC kaitinimo elem., 16-450 l - Termin\u0117 \u012franga - Labectra","robots":{"index":"index","follow":"follow","max-snippet":"max-snippet:-1","max-image-preview":"max-image-preview:large","max-video-preview":"max-video-preview:-1"},"canonical":"https:\/\/www.labectra.lt\/en\/product\/aukstos-temperaturos-krosneles-su-sic-kaitinimo-elementais\/","og_locale":"en_GB","og_type":"article","og_title":"Auk\u0161t. temp. su SiC kaitinimo elem., 16-450 l - Termin\u0117 \u012franga - Labectra","og_description":"HTCT 03\/14 \u2013 HTCT 08\/16 auk\u0161tos temperat\u016bros\u00a0laboratorin\u0117s mufelin\u0117s krosnel\u0117s si\u016blomos 1400 \u00b0C, 1500 \u00b0C, 1550 \u00b0C ar 1600 \u00b0C\u00a0temperat\u016brose. SiC kaitinimo elementai suteikia krosnims ilgaam\u017ei\u0161kumo bei\u00a0trump\u0105 \u012fkaitimo laik\u0105 (priklausomai nuo modelio, 1400\u00b0C\u00a0temperat\u016bra gali b\u016bti pasiekiama per 40 minu\u010di\u0173).","og_url":"https:\/\/www.labectra.lt\/en\/product\/aukstos-temperaturos-krosneles-su-sic-kaitinimo-elementais\/","og_site_name":"Termin\u0117 \u012franga - Labectra","article_modified_time":"2019-10-31T01:41:52+00:00","og_image":[{"width":439,"height":399,"url":"https:\/\/www.labectra.lt\/wp-content\/uploads\/2019\/09\/aukstos-temperaturos-krosneles-su-sic-kaitinimo-elementais.jpg","type":"image\/jpeg"}],"twitter_card":"summary_large_image","schema":{"@context":"https:\/\/schema.org","@graph":[{"@type":"WebPage","@id":"https:\/\/www.labectra.lt\/produktas\/aukstos-temperaturos-krosneles-su-sic-kaitinimo-elementais\/","url":"https:\/\/www.labectra.lt\/produktas\/aukstos-temperaturos-krosneles-su-sic-kaitinimo-elementais\/","name":"Auk\u0161t. temp. su SiC kaitinimo elem., 16-450 l - Termin\u0117 \u012franga - Labectra","isPartOf":{"@id":"https:\/\/www.labectra.lt\/#website"},"datePublished":"2019-09-19T09:07:41+00:00","dateModified":"2019-10-31T01:41:52+00:00","breadcrumb":{"@id":"https:\/\/www.labectra.lt\/produktas\/aukstos-temperaturos-krosneles-su-sic-kaitinimo-elementais\/#breadcrumb"},"inLanguage":"en-GB","potentialAction":[{"@type":"ReadAction","target":["https:\/\/www.labectra.lt\/produktas\/aukstos-temperaturos-krosneles-su-sic-kaitinimo-elementais\/"]}]},{"@type":"BreadcrumbList","@id":"https:\/\/www.labectra.lt\/produktas\/aukstos-temperaturos-krosneles-su-sic-kaitinimo-elementais\/#breadcrumb","itemListElement":[{"@type":"ListItem","position":1,"name":"Home","item":"https:\/\/www.labectra.lt\/"},{"@type":"ListItem","position":2,"name":"Termin\u0117 \u012franga","item":"https:\/\/www.labectra.lt\/termine-iranga\/"},{"@type":"ListItem","position":3,"name":"Auk\u0161t. temp. su SiC kaitinimo elem., 16-450 l"}]},{"@type":"WebSite","@id":"https:\/\/www.labectra.lt\/#website","url":"https:\/\/www.labectra.lt\/","name":"Termin\u0117 \u012franga - Labectra","description":"J\u016bs\u0173 termin\u0117s \u012frangos tiek\u0117jas!","publisher":{"@id":"https:\/\/www.labectra.lt\/#organization"},"potentialAction":[{"@type":"SearchAction","target":{"@type":"EntryPoint","urlTemplate":"https:\/\/www.labectra.lt\/?s={search_term_string}"},"query-input":"required name=search_term_string"}],"inLanguage":"en-GB"},{"@type":"Organization","@id":"https:\/\/www.labectra.lt\/#organization","name":"Labectra","url":"https:\/\/www.labectra.lt\/","logo":{"@type":"ImageObject","inLanguage":"en-GB","@id":"https:\/\/www.labectra.lt\/#\/schema\/logo\/image\/","url":"https:\/\/www.labectra.lt\/wp-content\/uploads\/2019\/09\/Logo21.png","contentUrl":"https:\/\/www.labectra.lt\/wp-content\/uploads\/2019\/09\/Logo21.png","width":392,"height":58,"caption":"Labectra"},"image":{"@id":"https:\/\/www.labectra.lt\/#\/schema\/logo\/image\/"}}]}},"_links":{"self":[{"href":"https:\/\/www.labectra.lt\/en\/wp-json\/wp\/v2\/product\/2183"}],"collection":[{"href":"https:\/\/www.labectra.lt\/en\/wp-json\/wp\/v2\/product"}],"about":[{"href":"https:\/\/www.labectra.lt\/en\/wp-json\/wp\/v2\/types\/product"}],"wp:featuredmedia":[{"embeddable":true,"href":"https:\/\/www.labectra.lt\/en\/wp-json\/wp\/v2\/media\/1948"}],"wp:attachment":[{"href":"https:\/\/www.labectra.lt\/en\/wp-json\/wp\/v2\/media?parent=2183"}],"curies":[{"name":"wp","href":"https:\/\/api.w.org\/{rel}","templated":true}]}}