{"id":2186,"date":"2019-09-19T07:17:29","date_gmt":"2019-09-19T09:17:29","guid":{"rendered":"https:\/\/www.labectra.lt\/produktas\/ypatingai-aukstos-temperaturos-krosneles-su-mosi2-kaitinimo-elementais-2\/"},"modified":"2019-10-21T22:39:53","modified_gmt":"2019-10-22T00:39:53","slug":"ypatingai-aukstos-temperaturos-krosneles-su-mosi2-kaitinimo-elementais-2","status":"publish","type":"product","link":"https:\/\/www.labectra.lt\/en\/product\/ypatingai-aukstos-temperaturos-krosneles-su-mosi2-kaitinimo-elementais-2\/","title":{"rendered":"High-Temperature Chamber Furnaces with MoSi2 Heating Elements as Table-Top Model"},"content":{"rendered":"<p>Temperature: 1600-1800\u00b0C Chamber volume: 2-8 l.<\/p>","protected":false},"excerpt":{"rendered":"<p>Temperature: 1600-1800\u00b0C Chamber volume: 2-8 l.<\/p>","protected":false},"featured_media":1951,"template":"","meta":[],"yoast_head":"<!-- This site is optimized with the Yoast SEO plugin v21.6 - https:\/\/yoast.com\/wordpress\/plugins\/seo\/ -->\n<title>Ypatingai auk\u0161t. temp. MoSi2 kaitinimo elem., 2-8l - Termin\u0117 \u012franga - Labectra<\/title>\n<meta name=\"robots\" content=\"index, follow, max-snippet:-1, max-image-preview:large, max-video-preview:-1\" \/>\n<link rel=\"canonical\" href=\"https:\/\/www.labectra.lt\/en\/product\/ypatingai-aukstos-temperaturos-krosneles-su-mosi2-kaitinimo-elementais-2\/\" \/>\n<meta property=\"og:locale\" content=\"en_GB\" \/>\n<meta property=\"og:type\" content=\"article\" \/>\n<meta property=\"og:title\" content=\"Ypatingai auk\u0161t. temp. MoSi2 kaitinimo elem., 2-8l - Termin\u0117 \u012franga - Labectra\" \/>\n<meta property=\"og:description\" content=\"Temperat\u016bra: 1600-1800\u00b0C. Kameros talpa: 2-8 l. Krosnel\u0117 statoma ant stalo.\" \/>\n<meta property=\"og:url\" content=\"https:\/\/www.labectra.lt\/en\/product\/ypatingai-aukstos-temperaturos-krosneles-su-mosi2-kaitinimo-elementais-2\/\" \/>\n<meta property=\"og:site_name\" content=\"Termin\u0117 \u012franga - Labectra\" \/>\n<meta property=\"article:modified_time\" content=\"2019-10-22T00:39:53+00:00\" \/>\n<meta property=\"og:image\" content=\"https:\/\/www.labectra.lt\/wp-content\/uploads\/2019\/09\/ypatingai-aukstos-temperaturos-krosneles-su-mosi2-kaitinimo-elementais-2-8-l.jpg\" \/>\n\t<meta property=\"og:image:width\" content=\"390\" \/>\n\t<meta property=\"og:image:height\" content=\"390\" \/>\n\t<meta property=\"og:image:type\" content=\"image\/jpeg\" \/>\n<meta name=\"twitter:card\" content=\"summary_large_image\" \/>\n<script type=\"application\/ld+json\" class=\"yoast-schema-graph\">{\"@context\":\"https:\/\/schema.org\",\"@graph\":[{\"@type\":\"WebPage\",\"@id\":\"https:\/\/www.labectra.lt\/produktas\/ypatingai-aukstos-temperaturos-krosneles-su-mosi2-kaitinimo-elementais-2\/\",\"url\":\"https:\/\/www.labectra.lt\/produktas\/ypatingai-aukstos-temperaturos-krosneles-su-mosi2-kaitinimo-elementais-2\/\",\"name\":\"Ypatingai auk\u0161t. temp. MoSi2 kaitinimo elem., 2-8l - Termin\u0117 \u012franga - Labectra\",\"isPartOf\":{\"@id\":\"https:\/\/www.labectra.lt\/#website\"},\"datePublished\":\"2019-09-19T09:17:29+00:00\",\"dateModified\":\"2019-10-22T00:39:53+00:00\",\"breadcrumb\":{\"@id\":\"https:\/\/www.labectra.lt\/produktas\/ypatingai-aukstos-temperaturos-krosneles-su-mosi2-kaitinimo-elementais-2\/#breadcrumb\"},\"inLanguage\":\"en-GB\",\"potentialAction\":[{\"@type\":\"ReadAction\",\"target\":[\"https:\/\/www.labectra.lt\/produktas\/ypatingai-aukstos-temperaturos-krosneles-su-mosi2-kaitinimo-elementais-2\/\"]}]},{\"@type\":\"BreadcrumbList\",\"@id\":\"https:\/\/www.labectra.lt\/produktas\/ypatingai-aukstos-temperaturos-krosneles-su-mosi2-kaitinimo-elementais-2\/#breadcrumb\",\"itemListElement\":[{\"@type\":\"ListItem\",\"position\":1,\"name\":\"Home\",\"item\":\"https:\/\/www.labectra.lt\/\"},{\"@type\":\"ListItem\",\"position\":2,\"name\":\"Termin\u0117 \u012franga\",\"item\":\"https:\/\/www.labectra.lt\/termine-iranga\/\"},{\"@type\":\"ListItem\",\"position\":3,\"name\":\"Ypatingai auk\u0161t. temp. MoSi2 kaitinimo elem., 2-8l\"}]},{\"@type\":\"WebSite\",\"@id\":\"https:\/\/www.labectra.lt\/#website\",\"url\":\"https:\/\/www.labectra.lt\/\",\"name\":\"Termin\u0117 \u012franga - Labectra\",\"description\":\"J\u016bs\u0173 termin\u0117s \u012frangos tiek\u0117jas!\",\"publisher\":{\"@id\":\"https:\/\/www.labectra.lt\/#organization\"},\"potentialAction\":[{\"@type\":\"SearchAction\",\"target\":{\"@type\":\"EntryPoint\",\"urlTemplate\":\"https:\/\/www.labectra.lt\/?s={search_term_string}\"},\"query-input\":\"required name=search_term_string\"}],\"inLanguage\":\"en-GB\"},{\"@type\":\"Organization\",\"@id\":\"https:\/\/www.labectra.lt\/#organization\",\"name\":\"Labectra\",\"url\":\"https:\/\/www.labectra.lt\/\",\"logo\":{\"@type\":\"ImageObject\",\"inLanguage\":\"en-GB\",\"@id\":\"https:\/\/www.labectra.lt\/#\/schema\/logo\/image\/\",\"url\":\"https:\/\/www.labectra.lt\/wp-content\/uploads\/2019\/09\/Logo21.png\",\"contentUrl\":\"https:\/\/www.labectra.lt\/wp-content\/uploads\/2019\/09\/Logo21.png\",\"width\":392,\"height\":58,\"caption\":\"Labectra\"},\"image\":{\"@id\":\"https:\/\/www.labectra.lt\/#\/schema\/logo\/image\/\"}}]}<\/script>\n<!-- \/ Yoast SEO plugin. -->","yoast_head_json":{"title":"Ypatingai auk\u0161t. temp. MoSi2 kaitinimo elem., 2-8l - Termin\u0117 \u012franga - Labectra","robots":{"index":"index","follow":"follow","max-snippet":"max-snippet:-1","max-image-preview":"max-image-preview:large","max-video-preview":"max-video-preview:-1"},"canonical":"https:\/\/www.labectra.lt\/en\/product\/ypatingai-aukstos-temperaturos-krosneles-su-mosi2-kaitinimo-elementais-2\/","og_locale":"en_GB","og_type":"article","og_title":"Ypatingai auk\u0161t. temp. MoSi2 kaitinimo elem., 2-8l - Termin\u0117 \u012franga - Labectra","og_description":"Temperat\u016bra: 1600-1800\u00b0C. Kameros talpa: 2-8 l. Krosnel\u0117 statoma ant stalo.","og_url":"https:\/\/www.labectra.lt\/en\/product\/ypatingai-aukstos-temperaturos-krosneles-su-mosi2-kaitinimo-elementais-2\/","og_site_name":"Termin\u0117 \u012franga - Labectra","article_modified_time":"2019-10-22T00:39:53+00:00","og_image":[{"width":390,"height":390,"url":"https:\/\/www.labectra.lt\/wp-content\/uploads\/2019\/09\/ypatingai-aukstos-temperaturos-krosneles-su-mosi2-kaitinimo-elementais-2-8-l.jpg","type":"image\/jpeg"}],"twitter_card":"summary_large_image","schema":{"@context":"https:\/\/schema.org","@graph":[{"@type":"WebPage","@id":"https:\/\/www.labectra.lt\/produktas\/ypatingai-aukstos-temperaturos-krosneles-su-mosi2-kaitinimo-elementais-2\/","url":"https:\/\/www.labectra.lt\/produktas\/ypatingai-aukstos-temperaturos-krosneles-su-mosi2-kaitinimo-elementais-2\/","name":"Ypatingai auk\u0161t. temp. MoSi2 kaitinimo elem., 2-8l - Termin\u0117 \u012franga - Labectra","isPartOf":{"@id":"https:\/\/www.labectra.lt\/#website"},"datePublished":"2019-09-19T09:17:29+00:00","dateModified":"2019-10-22T00:39:53+00:00","breadcrumb":{"@id":"https:\/\/www.labectra.lt\/produktas\/ypatingai-aukstos-temperaturos-krosneles-su-mosi2-kaitinimo-elementais-2\/#breadcrumb"},"inLanguage":"en-GB","potentialAction":[{"@type":"ReadAction","target":["https:\/\/www.labectra.lt\/produktas\/ypatingai-aukstos-temperaturos-krosneles-su-mosi2-kaitinimo-elementais-2\/"]}]},{"@type":"BreadcrumbList","@id":"https:\/\/www.labectra.lt\/produktas\/ypatingai-aukstos-temperaturos-krosneles-su-mosi2-kaitinimo-elementais-2\/#breadcrumb","itemListElement":[{"@type":"ListItem","position":1,"name":"Home","item":"https:\/\/www.labectra.lt\/"},{"@type":"ListItem","position":2,"name":"Termin\u0117 \u012franga","item":"https:\/\/www.labectra.lt\/termine-iranga\/"},{"@type":"ListItem","position":3,"name":"Ypatingai auk\u0161t. temp. MoSi2 kaitinimo elem., 2-8l"}]},{"@type":"WebSite","@id":"https:\/\/www.labectra.lt\/#website","url":"https:\/\/www.labectra.lt\/","name":"Termin\u0117 \u012franga - Labectra","description":"J\u016bs\u0173 termin\u0117s \u012frangos tiek\u0117jas!","publisher":{"@id":"https:\/\/www.labectra.lt\/#organization"},"potentialAction":[{"@type":"SearchAction","target":{"@type":"EntryPoint","urlTemplate":"https:\/\/www.labectra.lt\/?s={search_term_string}"},"query-input":"required name=search_term_string"}],"inLanguage":"en-GB"},{"@type":"Organization","@id":"https:\/\/www.labectra.lt\/#organization","name":"Labectra","url":"https:\/\/www.labectra.lt\/","logo":{"@type":"ImageObject","inLanguage":"en-GB","@id":"https:\/\/www.labectra.lt\/#\/schema\/logo\/image\/","url":"https:\/\/www.labectra.lt\/wp-content\/uploads\/2019\/09\/Logo21.png","contentUrl":"https:\/\/www.labectra.lt\/wp-content\/uploads\/2019\/09\/Logo21.png","width":392,"height":58,"caption":"Labectra"},"image":{"@id":"https:\/\/www.labectra.lt\/#\/schema\/logo\/image\/"}}]}},"_links":{"self":[{"href":"https:\/\/www.labectra.lt\/en\/wp-json\/wp\/v2\/product\/2186"}],"collection":[{"href":"https:\/\/www.labectra.lt\/en\/wp-json\/wp\/v2\/product"}],"about":[{"href":"https:\/\/www.labectra.lt\/en\/wp-json\/wp\/v2\/types\/product"}],"wp:featuredmedia":[{"embeddable":true,"href":"https:\/\/www.labectra.lt\/en\/wp-json\/wp\/v2\/media\/1951"}],"wp:attachment":[{"href":"https:\/\/www.labectra.lt\/en\/wp-json\/wp\/v2\/media?parent=2186"}],"curies":[{"name":"wp","href":"https:\/\/api.w.org\/{rel}","templated":true}]}}