{"id":2191,"date":"2019-09-19T20:36:26","date_gmt":"2019-09-19T17:36:26","guid":{"rendered":"https:\/\/www.labectra.lt\/produktas\/krosnys-biskvito-degimui\/"},"modified":"2019-11-05T01:21:31","modified_gmt":"2019-11-04T23:21:31","slug":"krosnys-biskvito-degimui","status":"publish","type":"product","link":"https:\/\/www.labectra.lt\/en\/product\/krosnys-biskvito-degimui\/","title":{"rendered":"Ceramic Biscuit Furnaces"},"content":{"rendered":"<p>UAB \u201cLabectra\u201d si\u016blo plat\u0173 krosni\u0173\u00a0biskvito degimo\u00a0asortiment\u0105.\u00a0Darbas su\u00a0keramika\u00a0da\u017enai reikalauja tikslumo, tad siekiant gaminti auk\u0161tos kokyb\u0117s produkcij\u0105 svarbu pasirinkti tinkam\u0105 \u012frengin\u012f. M\u016bs\u0173 si\u016blomos krosnys\u00a0biskvito degimui\u00a0yra auk\u0161to tikslumo ir parenkamos pagal individual\u0173 technologin\u012f proces\u0105, gamybos tip\u0105, pageidaujam\u0105 na\u0161um\u0105, gamini\u0173 form\u0105\u00a0ir kitas aplinkybes. Tinkamai parinktos ir kokybi\u0161kos krosnys\u00a0biskvito degimui Jums gauti auk\u0161\u010diausi\u0105 rezultat\u0105.<\/p>","protected":false},"excerpt":{"rendered":"<p>UAB \u201cLabectra\u201d si\u016blo plat\u0173 krosni\u0173\u00a0biskvito degimo\u00a0asortiment\u0105.\u00a0Darbas su\u00a0keramika\u00a0da\u017enai reikalauja tikslumo, tad siekiant gaminti auk\u0161tos kokyb\u0117s produkcij\u0105 svarbu pasirinkti tinkam\u0105 \u012frengin\u012f. M\u016bs\u0173 si\u016blomos krosnys\u00a0biskvito degimui\u00a0yra auk\u0161to tikslumo ir parenkamos pagal individual\u0173 technologin\u012f proces\u0105, gamybos tip\u0105, pageidaujam\u0105 na\u0161um\u0105, gamini\u0173 form\u0105\u00a0ir kitas aplinkybes. Tinkamai parinktos ir kokybi\u0161kos krosnys\u00a0biskvito degimui Jums gauti auk\u0161\u010diausi\u0105 rezultat\u0105.<\/p>","protected":false},"featured_media":1961,"template":"","meta":[],"yoast_head":"<!-- This site is optimized with the Yoast SEO plugin v21.6 - https:\/\/yoast.com\/wordpress\/plugins\/seo\/ -->\n<title>Krosnys biskvito degimui - Termin\u0117 \u012franga - Labectra<\/title>\n<meta name=\"robots\" content=\"index, follow, max-snippet:-1, max-image-preview:large, max-video-preview:-1\" \/>\n<link rel=\"canonical\" href=\"https:\/\/www.labectra.lt\/en\/product\/krosnys-biskvito-degimui\/\" \/>\n<meta property=\"og:locale\" content=\"en_GB\" \/>\n<meta property=\"og:type\" content=\"article\" \/>\n<meta property=\"og:title\" content=\"Krosnys biskvito degimui - Termin\u0117 \u012franga - Labectra\" \/>\n<meta property=\"og:description\" content=\"UAB \u201cLabectra\u201d si\u016blo plat\u0173 krosni\u0173\u00a0biskvito degimo\u00a0asortiment\u0105.\u00a0Darbas su\u00a0keramika\u00a0da\u017enai reikalauja tikslumo, tad siekiant gaminti auk\u0161tos kokyb\u0117s produkcij\u0105 svarbu pasirinkti tinkam\u0105 \u012frengin\u012f. M\u016bs\u0173 si\u016blomos krosnys\u00a0biskvito degimui\u00a0yra auk\u0161to tikslumo ir parenkamos pagal individual\u0173 technologin\u012f proces\u0105, gamybos tip\u0105, pageidaujam\u0105 na\u0161um\u0105, gamini\u0173 form\u0105\u00a0ir kitas aplinkybes. Tinkamai parinktos ir kokybi\u0161kos krosnys\u00a0biskvito degimui Jums gauti auk\u0161\u010diausi\u0105 rezultat\u0105.\" \/>\n<meta property=\"og:url\" content=\"https:\/\/www.labectra.lt\/en\/product\/krosnys-biskvito-degimui\/\" \/>\n<meta property=\"og:site_name\" content=\"Termin\u0117 \u012franga - Labectra\" \/>\n<meta property=\"article:modified_time\" content=\"2019-11-04T23:21:31+00:00\" \/>\n<meta property=\"og:image\" content=\"https:\/\/www.labectra.lt\/wp-content\/uploads\/2019\/09\/pramonines-krosnys-keramikai-biskvito-degimui-1.jpg\" \/>\n\t<meta property=\"og:image:width\" content=\"255\" \/>\n\t<meta property=\"og:image:height\" content=\"255\" \/>\n\t<meta property=\"og:image:type\" content=\"image\/jpeg\" \/>\n<meta name=\"twitter:card\" content=\"summary_large_image\" \/>\n<script type=\"application\/ld+json\" class=\"yoast-schema-graph\">{\"@context\":\"https:\/\/schema.org\",\"@graph\":[{\"@type\":\"WebPage\",\"@id\":\"https:\/\/www.labectra.lt\/produktas\/krosnys-biskvito-degimui\/\",\"url\":\"https:\/\/www.labectra.lt\/produktas\/krosnys-biskvito-degimui\/\",\"name\":\"Krosnys biskvito degimui - Termin\u0117 \u012franga - Labectra\",\"isPartOf\":{\"@id\":\"https:\/\/www.labectra.lt\/#website\"},\"datePublished\":\"2019-09-19T17:36:26+00:00\",\"dateModified\":\"2019-11-04T23:21:31+00:00\",\"breadcrumb\":{\"@id\":\"https:\/\/www.labectra.lt\/produktas\/krosnys-biskvito-degimui\/#breadcrumb\"},\"inLanguage\":\"en-GB\",\"potentialAction\":[{\"@type\":\"ReadAction\",\"target\":[\"https:\/\/www.labectra.lt\/produktas\/krosnys-biskvito-degimui\/\"]}]},{\"@type\":\"BreadcrumbList\",\"@id\":\"https:\/\/www.labectra.lt\/produktas\/krosnys-biskvito-degimui\/#breadcrumb\",\"itemListElement\":[{\"@type\":\"ListItem\",\"position\":1,\"name\":\"Home\",\"item\":\"https:\/\/www.labectra.lt\/\"},{\"@type\":\"ListItem\",\"position\":2,\"name\":\"Termin\u0117 \u012franga\",\"item\":\"https:\/\/www.labectra.lt\/termine-iranga\/\"},{\"@type\":\"ListItem\",\"position\":3,\"name\":\"Krosnys biskvito degimui\"}]},{\"@type\":\"WebSite\",\"@id\":\"https:\/\/www.labectra.lt\/#website\",\"url\":\"https:\/\/www.labectra.lt\/\",\"name\":\"Termin\u0117 \u012franga - Labectra\",\"description\":\"J\u016bs\u0173 termin\u0117s \u012frangos tiek\u0117jas!\",\"publisher\":{\"@id\":\"https:\/\/www.labectra.lt\/#organization\"},\"potentialAction\":[{\"@type\":\"SearchAction\",\"target\":{\"@type\":\"EntryPoint\",\"urlTemplate\":\"https:\/\/www.labectra.lt\/?s={search_term_string}\"},\"query-input\":\"required name=search_term_string\"}],\"inLanguage\":\"en-GB\"},{\"@type\":\"Organization\",\"@id\":\"https:\/\/www.labectra.lt\/#organization\",\"name\":\"Labectra\",\"url\":\"https:\/\/www.labectra.lt\/\",\"logo\":{\"@type\":\"ImageObject\",\"inLanguage\":\"en-GB\",\"@id\":\"https:\/\/www.labectra.lt\/#\/schema\/logo\/image\/\",\"url\":\"https:\/\/www.labectra.lt\/wp-content\/uploads\/2019\/09\/Logo21.png\",\"contentUrl\":\"https:\/\/www.labectra.lt\/wp-content\/uploads\/2019\/09\/Logo21.png\",\"width\":392,\"height\":58,\"caption\":\"Labectra\"},\"image\":{\"@id\":\"https:\/\/www.labectra.lt\/#\/schema\/logo\/image\/\"}}]}<\/script>\n<!-- \/ Yoast SEO plugin. -->","yoast_head_json":{"title":"Krosnys biskvito degimui - Termin\u0117 \u012franga - Labectra","robots":{"index":"index","follow":"follow","max-snippet":"max-snippet:-1","max-image-preview":"max-image-preview:large","max-video-preview":"max-video-preview:-1"},"canonical":"https:\/\/www.labectra.lt\/en\/product\/krosnys-biskvito-degimui\/","og_locale":"en_GB","og_type":"article","og_title":"Krosnys biskvito degimui - Termin\u0117 \u012franga - Labectra","og_description":"UAB \u201cLabectra\u201d si\u016blo plat\u0173 krosni\u0173\u00a0biskvito degimo\u00a0asortiment\u0105.\u00a0Darbas su\u00a0keramika\u00a0da\u017enai reikalauja tikslumo, tad siekiant gaminti auk\u0161tos kokyb\u0117s produkcij\u0105 svarbu pasirinkti tinkam\u0105 \u012frengin\u012f. M\u016bs\u0173 si\u016blomos krosnys\u00a0biskvito degimui\u00a0yra auk\u0161to tikslumo ir parenkamos pagal individual\u0173 technologin\u012f proces\u0105, gamybos tip\u0105, pageidaujam\u0105 na\u0161um\u0105, gamini\u0173 form\u0105\u00a0ir kitas aplinkybes. Tinkamai parinktos ir kokybi\u0161kos krosnys\u00a0biskvito degimui Jums gauti auk\u0161\u010diausi\u0105 rezultat\u0105.","og_url":"https:\/\/www.labectra.lt\/en\/product\/krosnys-biskvito-degimui\/","og_site_name":"Termin\u0117 \u012franga - Labectra","article_modified_time":"2019-11-04T23:21:31+00:00","og_image":[{"width":255,"height":255,"url":"https:\/\/www.labectra.lt\/wp-content\/uploads\/2019\/09\/pramonines-krosnys-keramikai-biskvito-degimui-1.jpg","type":"image\/jpeg"}],"twitter_card":"summary_large_image","schema":{"@context":"https:\/\/schema.org","@graph":[{"@type":"WebPage","@id":"https:\/\/www.labectra.lt\/produktas\/krosnys-biskvito-degimui\/","url":"https:\/\/www.labectra.lt\/produktas\/krosnys-biskvito-degimui\/","name":"Krosnys biskvito degimui - Termin\u0117 \u012franga - Labectra","isPartOf":{"@id":"https:\/\/www.labectra.lt\/#website"},"datePublished":"2019-09-19T17:36:26+00:00","dateModified":"2019-11-04T23:21:31+00:00","breadcrumb":{"@id":"https:\/\/www.labectra.lt\/produktas\/krosnys-biskvito-degimui\/#breadcrumb"},"inLanguage":"en-GB","potentialAction":[{"@type":"ReadAction","target":["https:\/\/www.labectra.lt\/produktas\/krosnys-biskvito-degimui\/"]}]},{"@type":"BreadcrumbList","@id":"https:\/\/www.labectra.lt\/produktas\/krosnys-biskvito-degimui\/#breadcrumb","itemListElement":[{"@type":"ListItem","position":1,"name":"Home","item":"https:\/\/www.labectra.lt\/"},{"@type":"ListItem","position":2,"name":"Termin\u0117 \u012franga","item":"https:\/\/www.labectra.lt\/termine-iranga\/"},{"@type":"ListItem","position":3,"name":"Krosnys biskvito degimui"}]},{"@type":"WebSite","@id":"https:\/\/www.labectra.lt\/#website","url":"https:\/\/www.labectra.lt\/","name":"Termin\u0117 \u012franga - Labectra","description":"J\u016bs\u0173 termin\u0117s \u012frangos tiek\u0117jas!","publisher":{"@id":"https:\/\/www.labectra.lt\/#organization"},"potentialAction":[{"@type":"SearchAction","target":{"@type":"EntryPoint","urlTemplate":"https:\/\/www.labectra.lt\/?s={search_term_string}"},"query-input":"required name=search_term_string"}],"inLanguage":"en-GB"},{"@type":"Organization","@id":"https:\/\/www.labectra.lt\/#organization","name":"Labectra","url":"https:\/\/www.labectra.lt\/","logo":{"@type":"ImageObject","inLanguage":"en-GB","@id":"https:\/\/www.labectra.lt\/#\/schema\/logo\/image\/","url":"https:\/\/www.labectra.lt\/wp-content\/uploads\/2019\/09\/Logo21.png","contentUrl":"https:\/\/www.labectra.lt\/wp-content\/uploads\/2019\/09\/Logo21.png","width":392,"height":58,"caption":"Labectra"},"image":{"@id":"https:\/\/www.labectra.lt\/#\/schema\/logo\/image\/"}}]}},"_links":{"self":[{"href":"https:\/\/www.labectra.lt\/en\/wp-json\/wp\/v2\/product\/2191"}],"collection":[{"href":"https:\/\/www.labectra.lt\/en\/wp-json\/wp\/v2\/product"}],"about":[{"href":"https:\/\/www.labectra.lt\/en\/wp-json\/wp\/v2\/types\/product"}],"wp:featuredmedia":[{"embeddable":true,"href":"https:\/\/www.labectra.lt\/en\/wp-json\/wp\/v2\/media\/1961"}],"wp:attachment":[{"href":"https:\/\/www.labectra.lt\/en\/wp-json\/wp\/v2\/media?parent=2191"}],"curies":[{"name":"wp","href":"https:\/\/api.w.org\/{rel}","templated":true}]}}