{"id":2194,"date":"2019-09-19T20:42:13","date_gmt":"2019-09-19T17:42:13","guid":{"rendered":"https:\/\/www.labectra.lt\/produktas\/atleidimo-krosnys\/"},"modified":"2019-11-05T01:21:09","modified_gmt":"2019-11-04T23:21:09","slug":"atleidimo-krosnys","status":"publish","type":"product","link":"https:\/\/www.labectra.lt\/en\/product\/atleidimo-krosnys\/","title":{"rendered":"Annealing Furnaces"},"content":{"rendered":"<p>Furnaces up to 850\u00b0C.<\/p>\n<p>UAB \u201cLabectra\u201d si\u016blo plat\u0173 metalo atleidimo krosni\u0173 asortiment\u0105. Atleidimo procesas da\u017enai reikalauja tikslumo, tad siekiant gaminti auk\u0161tos kokyb\u0117s produkcij\u0105 svarbu pasirinkti tinkam\u0105 \u012frengin\u012f. M\u016bs\u0173 si\u016blomos atleidimo krosnys yra auk\u0161to tikslumo ir parenkamos pagal individual\u0173 technologin\u012f proces\u0105, gamybos tip\u0105, pageidaujam\u0105 na\u0161um\u0105, kaitinam\u0105 med\u017eiag\u0105, jos form\u0105 ir kitas aplinkybes. Tinkamai parinktos ir kokybi\u0161kos atleidimo krosnys pad\u0117s Jums gauti auk\u0161\u010diausi\u0105 rezultat\u0105.<\/p>","protected":false},"excerpt":{"rendered":"<p>Atleidimas paprastai\u00a0vyksta \u012fkaitinant u\u017egr\u016bdint\u0105 plien\u0105 iki ne auk\u0161tesn\u0117s kaip 727\u00b0C (priklauso nuo med\u017eiagos)\u00a0temperat\u016bros, i\u0161laikant toje temperat\u016broje laik\u0105 kol med\u017eiaga perkais (i\u0161laikymo trukm\u0117 atleidimo metu priklauso nuo atleidimo temperat\u016bros, detal\u0173 dy\u017eio ir kt.), v\u0117liau\u00a0vysta l\u0117tas au\u0161inimas. Siekiant i\u0161vengti med\u017eiagos oksidacijos, procesas gali b\u016bti atliekamas inertini\u0173 duj\u0173 aplinkoje ar vakuume. Atleidimo temperat\u016bra da\u017eniausiai parenkama pagal tai, kokio &hellip;<\/p>\n<p class=\"read-more\"> <a class=\"\" href=\"https:\/\/www.labectra.lt\/en\/product\/atleidimo-krosnys\/\"> <span class=\"screen-reader-text\">Annealing Furnaces<\/span> Read More &raquo;<\/a><\/p>","protected":false},"featured_media":1947,"template":"","meta":[],"yoast_head":"<!-- This site is optimized with the Yoast SEO plugin v21.6 - https:\/\/yoast.com\/wordpress\/plugins\/seo\/ -->\n<title>Atleidimo krosnys - Termin\u0117 \u012franga - Labectra<\/title>\n<meta name=\"robots\" content=\"index, follow, max-snippet:-1, max-image-preview:large, max-video-preview:-1\" \/>\n<link rel=\"canonical\" href=\"https:\/\/www.labectra.lt\/en\/product\/atleidimo-krosnys\/\" \/>\n<meta property=\"og:locale\" content=\"en_GB\" \/>\n<meta property=\"og:type\" content=\"article\" \/>\n<meta property=\"og:title\" content=\"Atleidimo krosnys - Termin\u0117 \u012franga - Labectra\" \/>\n<meta property=\"og:description\" content=\"Atleidimas paprastai\u00a0vyksta \u012fkaitinant u\u017egr\u016bdint\u0105 plien\u0105 iki ne auk\u0161tesn\u0117s kaip 727\u00b0C (priklauso nuo med\u017eiagos)\u00a0temperat\u016bros, i\u0161laikant toje temperat\u016broje laik\u0105 kol med\u017eiaga perkais (i\u0161laikymo trukm\u0117 atleidimo metu priklauso nuo atleidimo temperat\u016bros, detal\u0173 dy\u017eio ir kt.), v\u0117liau\u00a0vysta l\u0117tas au\u0161inimas. Siekiant i\u0161vengti med\u017eiagos oksidacijos, procesas gali b\u016bti atliekamas inertini\u0173 duj\u0173 aplinkoje ar vakuume. Atleidimo temperat\u016bra da\u017eniausiai parenkama pagal tai, kokio &hellip; Atleidimo krosnys Read More &raquo;\" \/>\n<meta property=\"og:url\" content=\"https:\/\/www.labectra.lt\/en\/product\/atleidimo-krosnys\/\" \/>\n<meta property=\"og:site_name\" content=\"Termin\u0117 \u012franga - Labectra\" \/>\n<meta property=\"article:modified_time\" content=\"2019-11-04T23:21:09+00:00\" \/>\n<meta property=\"og:image\" content=\"https:\/\/www.labectra.lt\/wp-content\/uploads\/2019\/09\/aukstos-temperaturos-kaitinimo-spintos.jpg\" \/>\n\t<meta property=\"og:image:width\" content=\"465\" \/>\n\t<meta property=\"og:image:height\" content=\"465\" \/>\n\t<meta property=\"og:image:type\" content=\"image\/jpeg\" \/>\n<meta name=\"twitter:card\" content=\"summary_large_image\" \/>\n<meta name=\"twitter:label1\" content=\"Estimated reading time\" \/>\n\t<meta name=\"twitter:data1\" content=\"1 minute\" \/>\n<script type=\"application\/ld+json\" class=\"yoast-schema-graph\">{\"@context\":\"https:\/\/schema.org\",\"@graph\":[{\"@type\":\"WebPage\",\"@id\":\"https:\/\/www.labectra.lt\/produktas\/atleidimo-krosnys\/\",\"url\":\"https:\/\/www.labectra.lt\/produktas\/atleidimo-krosnys\/\",\"name\":\"Atleidimo krosnys - Termin\u0117 \u012franga - Labectra\",\"isPartOf\":{\"@id\":\"https:\/\/www.labectra.lt\/#website\"},\"datePublished\":\"2019-09-19T17:42:13+00:00\",\"dateModified\":\"2019-11-04T23:21:09+00:00\",\"breadcrumb\":{\"@id\":\"https:\/\/www.labectra.lt\/produktas\/atleidimo-krosnys\/#breadcrumb\"},\"inLanguage\":\"en-GB\",\"potentialAction\":[{\"@type\":\"ReadAction\",\"target\":[\"https:\/\/www.labectra.lt\/produktas\/atleidimo-krosnys\/\"]}]},{\"@type\":\"BreadcrumbList\",\"@id\":\"https:\/\/www.labectra.lt\/produktas\/atleidimo-krosnys\/#breadcrumb\",\"itemListElement\":[{\"@type\":\"ListItem\",\"position\":1,\"name\":\"Home\",\"item\":\"https:\/\/www.labectra.lt\/\"},{\"@type\":\"ListItem\",\"position\":2,\"name\":\"Termin\u0117 \u012franga\",\"item\":\"https:\/\/www.labectra.lt\/termine-iranga\/\"},{\"@type\":\"ListItem\",\"position\":3,\"name\":\"Atleidimo krosnys\"}]},{\"@type\":\"WebSite\",\"@id\":\"https:\/\/www.labectra.lt\/#website\",\"url\":\"https:\/\/www.labectra.lt\/\",\"name\":\"Termin\u0117 \u012franga - Labectra\",\"description\":\"J\u016bs\u0173 termin\u0117s \u012frangos tiek\u0117jas!\",\"publisher\":{\"@id\":\"https:\/\/www.labectra.lt\/#organization\"},\"potentialAction\":[{\"@type\":\"SearchAction\",\"target\":{\"@type\":\"EntryPoint\",\"urlTemplate\":\"https:\/\/www.labectra.lt\/?s={search_term_string}\"},\"query-input\":\"required name=search_term_string\"}],\"inLanguage\":\"en-GB\"},{\"@type\":\"Organization\",\"@id\":\"https:\/\/www.labectra.lt\/#organization\",\"name\":\"Labectra\",\"url\":\"https:\/\/www.labectra.lt\/\",\"logo\":{\"@type\":\"ImageObject\",\"inLanguage\":\"en-GB\",\"@id\":\"https:\/\/www.labectra.lt\/#\/schema\/logo\/image\/\",\"url\":\"https:\/\/www.labectra.lt\/wp-content\/uploads\/2019\/09\/Logo21.png\",\"contentUrl\":\"https:\/\/www.labectra.lt\/wp-content\/uploads\/2019\/09\/Logo21.png\",\"width\":392,\"height\":58,\"caption\":\"Labectra\"},\"image\":{\"@id\":\"https:\/\/www.labectra.lt\/#\/schema\/logo\/image\/\"}}]}<\/script>\n<!-- \/ Yoast SEO plugin. -->","yoast_head_json":{"title":"Atleidimo krosnys - Termin\u0117 \u012franga - Labectra","robots":{"index":"index","follow":"follow","max-snippet":"max-snippet:-1","max-image-preview":"max-image-preview:large","max-video-preview":"max-video-preview:-1"},"canonical":"https:\/\/www.labectra.lt\/en\/product\/atleidimo-krosnys\/","og_locale":"en_GB","og_type":"article","og_title":"Atleidimo krosnys - Termin\u0117 \u012franga - Labectra","og_description":"Atleidimas paprastai\u00a0vyksta \u012fkaitinant u\u017egr\u016bdint\u0105 plien\u0105 iki ne auk\u0161tesn\u0117s kaip 727\u00b0C (priklauso nuo med\u017eiagos)\u00a0temperat\u016bros, i\u0161laikant toje temperat\u016broje laik\u0105 kol med\u017eiaga perkais (i\u0161laikymo trukm\u0117 atleidimo metu priklauso nuo atleidimo temperat\u016bros, detal\u0173 dy\u017eio ir kt.), v\u0117liau\u00a0vysta l\u0117tas au\u0161inimas. Siekiant i\u0161vengti med\u017eiagos oksidacijos, procesas gali b\u016bti atliekamas inertini\u0173 duj\u0173 aplinkoje ar vakuume. Atleidimo temperat\u016bra da\u017eniausiai parenkama pagal tai, kokio &hellip; Atleidimo krosnys Read More &raquo;","og_url":"https:\/\/www.labectra.lt\/en\/product\/atleidimo-krosnys\/","og_site_name":"Termin\u0117 \u012franga - Labectra","article_modified_time":"2019-11-04T23:21:09+00:00","og_image":[{"width":465,"height":465,"url":"https:\/\/www.labectra.lt\/wp-content\/uploads\/2019\/09\/aukstos-temperaturos-kaitinimo-spintos.jpg","type":"image\/jpeg"}],"twitter_card":"summary_large_image","twitter_misc":{"Estimated reading time":"1 minute"},"schema":{"@context":"https:\/\/schema.org","@graph":[{"@type":"WebPage","@id":"https:\/\/www.labectra.lt\/produktas\/atleidimo-krosnys\/","url":"https:\/\/www.labectra.lt\/produktas\/atleidimo-krosnys\/","name":"Atleidimo krosnys - Termin\u0117 \u012franga - Labectra","isPartOf":{"@id":"https:\/\/www.labectra.lt\/#website"},"datePublished":"2019-09-19T17:42:13+00:00","dateModified":"2019-11-04T23:21:09+00:00","breadcrumb":{"@id":"https:\/\/www.labectra.lt\/produktas\/atleidimo-krosnys\/#breadcrumb"},"inLanguage":"en-GB","potentialAction":[{"@type":"ReadAction","target":["https:\/\/www.labectra.lt\/produktas\/atleidimo-krosnys\/"]}]},{"@type":"BreadcrumbList","@id":"https:\/\/www.labectra.lt\/produktas\/atleidimo-krosnys\/#breadcrumb","itemListElement":[{"@type":"ListItem","position":1,"name":"Home","item":"https:\/\/www.labectra.lt\/"},{"@type":"ListItem","position":2,"name":"Termin\u0117 \u012franga","item":"https:\/\/www.labectra.lt\/termine-iranga\/"},{"@type":"ListItem","position":3,"name":"Atleidimo krosnys"}]},{"@type":"WebSite","@id":"https:\/\/www.labectra.lt\/#website","url":"https:\/\/www.labectra.lt\/","name":"Termin\u0117 \u012franga - Labectra","description":"J\u016bs\u0173 termin\u0117s \u012frangos tiek\u0117jas!","publisher":{"@id":"https:\/\/www.labectra.lt\/#organization"},"potentialAction":[{"@type":"SearchAction","target":{"@type":"EntryPoint","urlTemplate":"https:\/\/www.labectra.lt\/?s={search_term_string}"},"query-input":"required name=search_term_string"}],"inLanguage":"en-GB"},{"@type":"Organization","@id":"https:\/\/www.labectra.lt\/#organization","name":"Labectra","url":"https:\/\/www.labectra.lt\/","logo":{"@type":"ImageObject","inLanguage":"en-GB","@id":"https:\/\/www.labectra.lt\/#\/schema\/logo\/image\/","url":"https:\/\/www.labectra.lt\/wp-content\/uploads\/2019\/09\/Logo21.png","contentUrl":"https:\/\/www.labectra.lt\/wp-content\/uploads\/2019\/09\/Logo21.png","width":392,"height":58,"caption":"Labectra"},"image":{"@id":"https:\/\/www.labectra.lt\/#\/schema\/logo\/image\/"}}]}},"_links":{"self":[{"href":"https:\/\/www.labectra.lt\/en\/wp-json\/wp\/v2\/product\/2194"}],"collection":[{"href":"https:\/\/www.labectra.lt\/en\/wp-json\/wp\/v2\/product"}],"about":[{"href":"https:\/\/www.labectra.lt\/en\/wp-json\/wp\/v2\/types\/product"}],"wp:featuredmedia":[{"embeddable":true,"href":"https:\/\/www.labectra.lt\/en\/wp-json\/wp\/v2\/media\/1947"}],"wp:attachment":[{"href":"https:\/\/www.labectra.lt\/en\/wp-json\/wp\/v2\/media?parent=2194"}],"curies":[{"name":"wp","href":"https:\/\/api.w.org\/{rel}","templated":true}]}}