{"id":2195,"date":"2019-09-19T20:43:51","date_gmt":"2019-09-19T17:43:51","guid":{"rendered":"https:\/\/www.labectra.lt\/produktas\/krosnys-metalo-atkaitinimui\/"},"modified":"2019-11-05T01:20:33","modified_gmt":"2019-11-04T23:20:33","slug":"krosnys-metalo-atkaitinimui","status":"publish","type":"product","link":"https:\/\/www.labectra.lt\/en\/product\/krosnys-metalo-atkaitinimui\/","title":{"rendered":"Extended Annealing Furnaces"},"content":{"rendered":"<p>Atkaitinimas vyksta \u012fkaitinant plien\u0105 iki reikiamos temperat\u016bros kol med\u017eiaga perkais ir l\u0117tai au\u0161inant (da\u017eniausiai krosnyje).<br \/>\nTokiu budu metalas sumink\u0161tinamas, tampa plasti\u0161kas be vidini\u0173 \u012ftempim\u0173. Atkaitinimo procesas da\u017eniausiai taikomas<br \/>\nprie\u0161 mechanin\u012f apdirbim\u0105 arba kaip baigiamoji operacija kai med\u017eiaga turi b\u016bti plasti\u0161ka ir be \u012ftempim\u0173.<\/p>\n<p>UAB \u201cLabectra\u201d si\u016blo plat\u0173 metalo\u00a0atkaitinimo krosni\u0173\u00a0asortiment\u0105.\u00a0Atkaitinimo proceas da\u017enai reikalauja tikslumo, tad siekiant gaminti auk\u0161tos kokyb\u0117s produkcij\u0105 svarbu pasirinkti tinkam\u0105 \u012frengin\u012f. M\u016bs\u0173 si\u016blomos krosnys metalo atkaitinimui\u00a0yra auk\u0161to tikslumo ir parekamos pagal individual\u0173 technologin\u012f proces\u0105, gamybos tip\u0105, pageidaujam\u0105 na\u0161um\u0105, kaitinam\u0105 med\u017eiag\u0105, jos form\u0105 ir kitas aplinkybes. Tinkamai parinktos ir kokybi\u0161kos\u00a0atkaitinimo krosnys pad\u0117s Jums gauti auk\u0161\u010diausi\u0105 rezultat\u0105.<\/p>","protected":false},"excerpt":{"rendered":"<p>Atkaitinimas vyksta \u012fkaitinant plien\u0105 iki reikiamos temperat\u016bros kol med\u017eiaga perkais ir l\u0117tai au\u0161inant (da\u017eniausiai krosnyje). Tokiu budu metalas sumink\u0161tinamas, tampa plasti\u0161kas be vidini\u0173 \u012ftempim\u0173. Atkaitinimo procesas da\u017eniausiai taikomas prie\u0161 mechanin\u012f apdirbim\u0105 arba kaip baigiamoji operacija kai med\u017eiaga turi b\u016bti plasti\u0161ka ir be \u012ftempim\u0173. UAB \u201cLabectra\u201d si\u016blo plat\u0173 metalo\u00a0atkaitinimo krosni\u0173\u00a0asortiment\u0105.\u00a0Atkaitinimo proceas da\u017enai reikalauja tikslumo, tad siekiant &hellip;<\/p>\n<p class=\"read-more\"> <a class=\"\" href=\"https:\/\/www.labectra.lt\/en\/product\/krosnys-metalo-atkaitinimui\/\"> <span class=\"screen-reader-text\">Extended Annealing Furnaces<\/span> Read More &raquo;<\/a><\/p>","protected":false},"featured_media":1964,"template":"","meta":[],"yoast_head":"<!-- This site is optimized with the Yoast SEO plugin v21.6 - https:\/\/yoast.com\/wordpress\/plugins\/seo\/ -->\n<title>Krosnys metalo atkaitinimui - Termin\u0117 \u012franga - Labectra<\/title>\n<meta name=\"robots\" content=\"index, follow, max-snippet:-1, max-image-preview:large, max-video-preview:-1\" \/>\n<link rel=\"canonical\" href=\"https:\/\/www.labectra.lt\/en\/product\/krosnys-metalo-atkaitinimui\/\" \/>\n<meta property=\"og:locale\" content=\"en_GB\" \/>\n<meta property=\"og:type\" content=\"article\" \/>\n<meta property=\"og:title\" content=\"Krosnys metalo atkaitinimui - Termin\u0117 \u012franga - Labectra\" \/>\n<meta property=\"og:description\" content=\"Atkaitinimas vyksta \u012fkaitinant plien\u0105 iki reikiamos temperat\u016bros kol med\u017eiaga perkais ir l\u0117tai au\u0161inant (da\u017eniausiai krosnyje). Tokiu budu metalas sumink\u0161tinamas, tampa plasti\u0161kas be vidini\u0173 \u012ftempim\u0173. Atkaitinimo procesas da\u017eniausiai taikomas prie\u0161 mechanin\u012f apdirbim\u0105 arba kaip baigiamoji operacija kai med\u017eiaga turi b\u016bti plasti\u0161ka ir be \u012ftempim\u0173. UAB \u201cLabectra\u201d si\u016blo plat\u0173 metalo\u00a0atkaitinimo krosni\u0173\u00a0asortiment\u0105.\u00a0Atkaitinimo proceas da\u017enai reikalauja tikslumo, tad siekiant &hellip; Krosnys metalo atkaitinimui Read More &raquo;\" \/>\n<meta property=\"og:url\" content=\"https:\/\/www.labectra.lt\/en\/product\/krosnys-metalo-atkaitinimui\/\" \/>\n<meta property=\"og:site_name\" content=\"Termin\u0117 \u012franga - Labectra\" \/>\n<meta property=\"article:modified_time\" content=\"2019-11-04T23:20:33+00:00\" \/>\n<meta property=\"og:image\" content=\"https:\/\/www.labectra.lt\/wp-content\/uploads\/2019\/09\/pramonines-krosnys-metalui-atkaitinimui-1.jpg\" \/>\n\t<meta property=\"og:image:width\" content=\"250\" \/>\n\t<meta property=\"og:image:height\" content=\"250\" \/>\n\t<meta property=\"og:image:type\" content=\"image\/jpeg\" \/>\n<meta name=\"twitter:card\" content=\"summary_large_image\" \/>\n<meta name=\"twitter:label1\" content=\"Estimated reading time\" \/>\n\t<meta name=\"twitter:data1\" content=\"1 minute\" \/>\n<script type=\"application\/ld+json\" class=\"yoast-schema-graph\">{\"@context\":\"https:\/\/schema.org\",\"@graph\":[{\"@type\":\"WebPage\",\"@id\":\"https:\/\/www.labectra.lt\/produktas\/krosnys-metalo-atkaitinimui\/\",\"url\":\"https:\/\/www.labectra.lt\/produktas\/krosnys-metalo-atkaitinimui\/\",\"name\":\"Krosnys metalo atkaitinimui - Termin\u0117 \u012franga - Labectra\",\"isPartOf\":{\"@id\":\"https:\/\/www.labectra.lt\/#website\"},\"datePublished\":\"2019-09-19T17:43:51+00:00\",\"dateModified\":\"2019-11-04T23:20:33+00:00\",\"breadcrumb\":{\"@id\":\"https:\/\/www.labectra.lt\/produktas\/krosnys-metalo-atkaitinimui\/#breadcrumb\"},\"inLanguage\":\"en-GB\",\"potentialAction\":[{\"@type\":\"ReadAction\",\"target\":[\"https:\/\/www.labectra.lt\/produktas\/krosnys-metalo-atkaitinimui\/\"]}]},{\"@type\":\"BreadcrumbList\",\"@id\":\"https:\/\/www.labectra.lt\/produktas\/krosnys-metalo-atkaitinimui\/#breadcrumb\",\"itemListElement\":[{\"@type\":\"ListItem\",\"position\":1,\"name\":\"Home\",\"item\":\"https:\/\/www.labectra.lt\/\"},{\"@type\":\"ListItem\",\"position\":2,\"name\":\"Termin\u0117 \u012franga\",\"item\":\"https:\/\/www.labectra.lt\/termine-iranga\/\"},{\"@type\":\"ListItem\",\"position\":3,\"name\":\"Krosnys metalo atkaitinimui\"}]},{\"@type\":\"WebSite\",\"@id\":\"https:\/\/www.labectra.lt\/#website\",\"url\":\"https:\/\/www.labectra.lt\/\",\"name\":\"Termin\u0117 \u012franga - Labectra\",\"description\":\"J\u016bs\u0173 termin\u0117s \u012frangos tiek\u0117jas!\",\"publisher\":{\"@id\":\"https:\/\/www.labectra.lt\/#organization\"},\"potentialAction\":[{\"@type\":\"SearchAction\",\"target\":{\"@type\":\"EntryPoint\",\"urlTemplate\":\"https:\/\/www.labectra.lt\/?s={search_term_string}\"},\"query-input\":\"required name=search_term_string\"}],\"inLanguage\":\"en-GB\"},{\"@type\":\"Organization\",\"@id\":\"https:\/\/www.labectra.lt\/#organization\",\"name\":\"Labectra\",\"url\":\"https:\/\/www.labectra.lt\/\",\"logo\":{\"@type\":\"ImageObject\",\"inLanguage\":\"en-GB\",\"@id\":\"https:\/\/www.labectra.lt\/#\/schema\/logo\/image\/\",\"url\":\"https:\/\/www.labectra.lt\/wp-content\/uploads\/2019\/09\/Logo21.png\",\"contentUrl\":\"https:\/\/www.labectra.lt\/wp-content\/uploads\/2019\/09\/Logo21.png\",\"width\":392,\"height\":58,\"caption\":\"Labectra\"},\"image\":{\"@id\":\"https:\/\/www.labectra.lt\/#\/schema\/logo\/image\/\"}}]}<\/script>\n<!-- \/ Yoast SEO plugin. -->","yoast_head_json":{"title":"Krosnys metalo atkaitinimui - Termin\u0117 \u012franga - Labectra","robots":{"index":"index","follow":"follow","max-snippet":"max-snippet:-1","max-image-preview":"max-image-preview:large","max-video-preview":"max-video-preview:-1"},"canonical":"https:\/\/www.labectra.lt\/en\/product\/krosnys-metalo-atkaitinimui\/","og_locale":"en_GB","og_type":"article","og_title":"Krosnys metalo atkaitinimui - Termin\u0117 \u012franga - Labectra","og_description":"Atkaitinimas vyksta \u012fkaitinant plien\u0105 iki reikiamos temperat\u016bros kol med\u017eiaga perkais ir l\u0117tai au\u0161inant (da\u017eniausiai krosnyje). Tokiu budu metalas sumink\u0161tinamas, tampa plasti\u0161kas be vidini\u0173 \u012ftempim\u0173. Atkaitinimo procesas da\u017eniausiai taikomas prie\u0161 mechanin\u012f apdirbim\u0105 arba kaip baigiamoji operacija kai med\u017eiaga turi b\u016bti plasti\u0161ka ir be \u012ftempim\u0173. UAB \u201cLabectra\u201d si\u016blo plat\u0173 metalo\u00a0atkaitinimo krosni\u0173\u00a0asortiment\u0105.\u00a0Atkaitinimo proceas da\u017enai reikalauja tikslumo, tad siekiant &hellip; Krosnys metalo atkaitinimui Read More &raquo;","og_url":"https:\/\/www.labectra.lt\/en\/product\/krosnys-metalo-atkaitinimui\/","og_site_name":"Termin\u0117 \u012franga - Labectra","article_modified_time":"2019-11-04T23:20:33+00:00","og_image":[{"width":250,"height":250,"url":"https:\/\/www.labectra.lt\/wp-content\/uploads\/2019\/09\/pramonines-krosnys-metalui-atkaitinimui-1.jpg","type":"image\/jpeg"}],"twitter_card":"summary_large_image","twitter_misc":{"Estimated reading time":"1 minute"},"schema":{"@context":"https:\/\/schema.org","@graph":[{"@type":"WebPage","@id":"https:\/\/www.labectra.lt\/produktas\/krosnys-metalo-atkaitinimui\/","url":"https:\/\/www.labectra.lt\/produktas\/krosnys-metalo-atkaitinimui\/","name":"Krosnys metalo atkaitinimui - Termin\u0117 \u012franga - Labectra","isPartOf":{"@id":"https:\/\/www.labectra.lt\/#website"},"datePublished":"2019-09-19T17:43:51+00:00","dateModified":"2019-11-04T23:20:33+00:00","breadcrumb":{"@id":"https:\/\/www.labectra.lt\/produktas\/krosnys-metalo-atkaitinimui\/#breadcrumb"},"inLanguage":"en-GB","potentialAction":[{"@type":"ReadAction","target":["https:\/\/www.labectra.lt\/produktas\/krosnys-metalo-atkaitinimui\/"]}]},{"@type":"BreadcrumbList","@id":"https:\/\/www.labectra.lt\/produktas\/krosnys-metalo-atkaitinimui\/#breadcrumb","itemListElement":[{"@type":"ListItem","position":1,"name":"Home","item":"https:\/\/www.labectra.lt\/"},{"@type":"ListItem","position":2,"name":"Termin\u0117 \u012franga","item":"https:\/\/www.labectra.lt\/termine-iranga\/"},{"@type":"ListItem","position":3,"name":"Krosnys metalo atkaitinimui"}]},{"@type":"WebSite","@id":"https:\/\/www.labectra.lt\/#website","url":"https:\/\/www.labectra.lt\/","name":"Termin\u0117 \u012franga - Labectra","description":"J\u016bs\u0173 termin\u0117s \u012frangos tiek\u0117jas!","publisher":{"@id":"https:\/\/www.labectra.lt\/#organization"},"potentialAction":[{"@type":"SearchAction","target":{"@type":"EntryPoint","urlTemplate":"https:\/\/www.labectra.lt\/?s={search_term_string}"},"query-input":"required name=search_term_string"}],"inLanguage":"en-GB"},{"@type":"Organization","@id":"https:\/\/www.labectra.lt\/#organization","name":"Labectra","url":"https:\/\/www.labectra.lt\/","logo":{"@type":"ImageObject","inLanguage":"en-GB","@id":"https:\/\/www.labectra.lt\/#\/schema\/logo\/image\/","url":"https:\/\/www.labectra.lt\/wp-content\/uploads\/2019\/09\/Logo21.png","contentUrl":"https:\/\/www.labectra.lt\/wp-content\/uploads\/2019\/09\/Logo21.png","width":392,"height":58,"caption":"Labectra"},"image":{"@id":"https:\/\/www.labectra.lt\/#\/schema\/logo\/image\/"}}]}},"_links":{"self":[{"href":"https:\/\/www.labectra.lt\/en\/wp-json\/wp\/v2\/product\/2195"}],"collection":[{"href":"https:\/\/www.labectra.lt\/en\/wp-json\/wp\/v2\/product"}],"about":[{"href":"https:\/\/www.labectra.lt\/en\/wp-json\/wp\/v2\/types\/product"}],"wp:featuredmedia":[{"embeddable":true,"href":"https:\/\/www.labectra.lt\/en\/wp-json\/wp\/v2\/media\/1964"}],"wp:attachment":[{"href":"https:\/\/www.labectra.lt\/en\/wp-json\/wp\/v2\/media?parent=2195"}],"curies":[{"name":"wp","href":"https:\/\/api.w.org\/{rel}","templated":true}]}}