{"id":2196,"date":"2019-09-19T20:50:45","date_gmt":"2019-09-19T22:50:45","guid":{"rendered":"https:\/\/www.labectra.lt\/produktas\/apsauga-nuo-karscio\/"},"modified":"2019-09-19T20:50:45","modified_gmt":"2019-09-19T22:50:45","slug":"apsauga-nuo-karscio","status":"publish","type":"product","link":"https:\/\/www.labectra.lt\/en\/product\/apsauga-nuo-karscio\/","title":{"rendered":"Heat Protection"},"content":{"rendered":"<p><a href=\"https:\/\/www.labectra.lt\/wp-content\/uploads\/2019\/09\/apsauga-nuo-karscio-1.png\"><img fetchpriority=\"high\" decoding=\"async\" class=\"wp-image-1813 aligncenter\" src=\"https:\/\/www.labectra.lt\/wp-content\/uploads\/2019\/09\/apsauga-nuo-karscio-1.png\" sizes=\"(max-width: 408px) 100vw, 408px\" srcset=\"https:\/\/www.labectra.lt\/wp-content\/uploads\/2019\/09\/apsauga-nuo-karscio-1.png 408w, https:\/\/www.labectra.lt\/wp-content\/uploads\/2019\/09\/apsauga-nuo-karscio-1-300x248.png 300w\" alt=\"APSAUGA NUO KAR\u0160\u010cIO DARBO DRABU\u017dIAI APSAUGANTYS NUO KAR\u0160\u010cIO\" width=\"408\" height=\"337\" \/><\/a><\/p>\n<p>Protective work clothing.<\/p>\n<p>TST started developing Heat Protection equipment in 1990. We have thorough experience and a big network which continously gives us feedback on the function of our products. We listen and keep developing in order to get better and make work easier for our users.<\/p>\n<p>&nbsp;<\/p>\n<p><b>PROOPERATOR \u2013 PROTECTION FOR PRESSURIZED LIQUIDSUP TO 500 BAR<\/b><\/p>\n<p>TST Sweden is now launching a series of protective clothing for high pressure liquids, for example high pressure cleaning or hydraulic maintenance. They protect, depending on equipment, up to 500 bar pressure.<\/p>\n<p>Thanks to the knowledge and experience of protective clothing for waterjetting, up to 3000 bar, we have been able to manufacture very good garments. We have three keywords - comfort, function and safety.<\/p>\n<p><strong>WATERJET PROTECTION UP TO 3000 BAR<\/strong><\/p>\n<p>We have a complete assortment of personnel protection equipment for hydro demolition, water jetting and blasting at High and Ultra High Pressures (HP and UHP).Our clothes are developed to offer the best possible comfort, at the same time as they protect from water jets up to 3000 bar\/43,5 kpsi. We are convinced that only comfortable clothes are beeing used!<\/p>\n<p><strong>COOLING<\/strong><\/p>\n<p>Are you looking for cooling garments that doesn't require neither electrical hook up nor batteries, or use strange chemical reactions?<\/p>\n<p>Our cooling products have energy elements, which absorb heat. They do it without having to provide any external energy! If your work requires cover alls or hazmat suits, you will extend your action time and shorten recovery time using TST Cooling Vests! Help workers involved in Katrina and Fukushima know the benefits of TST Cooling concept.<\/p>\n<p><strong>HEAT PRORECTION<\/strong><\/p>\n<p>TST started developing Heat Protection equipment in 1990. We have thorough experience and a big network which continously gives us feedback on the function of our products. We listen and keep developing in order to get better and make work easier for our users.<\/p>\n<p><strong>ESCAPE HOOD CHEMICAL PROTECTION SMARTHOSE<\/strong><\/p>\n<p class=\" translation-block\">Protection against chemical dangers is a specialty at TST Sweden. We are especially good at handling condensing gases like for example ammonia, but we also have equipment for taking care of leaking fluids and fires.<\/p>","protected":false},"excerpt":{"rendered":"<p>Darbo drabu\u017eiai apsaugantys nuo kar\u0161\u010dio. Kar\u0161\u010diui atsparius drabu\u017eius TST prad\u0117jo gaminti nuo\u00a01990. Mes turime visapusi\u0161k\u0105 patirt\u012f ir plat\u0173 tinkl\u0105 kuris nuolatos mums nuolatos duoda atsiliepimus apie m\u016bs\u0173 produkto funkcionalum\u0105. Mes \u012fsiklausome \u012f m\u016bs\u0173 kliento norus, pasteb\u0117jimus ir tobuliname produkt\u0105 su tikslu padaryti kuo patogesn\u012f funkcionalesn\u012f ir saugesn\u012f m\u016bs\u0173 klientui. &nbsp; PROOPERATOR \u2013 APSAUGINIAI DRABU\u017dIAI IKI\u00a0500 &hellip;<\/p>\n<p class=\"read-more\"> <a class=\"\" href=\"https:\/\/www.labectra.lt\/en\/product\/apsauga-nuo-karscio\/\"> <span class=\"screen-reader-text\">Heat Protection<\/span> Read More &raquo;<\/a><\/p>","protected":false},"featured_media":1812,"template":"","meta":[],"yoast_head":"<!-- This site is optimized with the Yoast SEO plugin v21.6 - https:\/\/yoast.com\/wordpress\/plugins\/seo\/ -->\n<title>Apsauga nuo kar\u0161\u010dio - Termin\u0117 \u012franga - Labectra<\/title>\n<meta name=\"robots\" content=\"index, follow, max-snippet:-1, max-image-preview:large, max-video-preview:-1\" \/>\n<link rel=\"canonical\" href=\"https:\/\/www.labectra.lt\/en\/product\/apsauga-nuo-karscio\/\" \/>\n<meta property=\"og:locale\" content=\"en_GB\" \/>\n<meta property=\"og:type\" content=\"article\" \/>\n<meta property=\"og:title\" content=\"Apsauga nuo kar\u0161\u010dio - Termin\u0117 \u012franga - Labectra\" \/>\n<meta property=\"og:description\" content=\"Darbo drabu\u017eiai apsaugantys nuo kar\u0161\u010dio. Kar\u0161\u010diui atsparius drabu\u017eius TST prad\u0117jo gaminti nuo\u00a01990. Mes turime visapusi\u0161k\u0105 patirt\u012f ir plat\u0173 tinkl\u0105 kuris nuolatos mums nuolatos duoda atsiliepimus apie m\u016bs\u0173 produkto funkcionalum\u0105. Mes \u012fsiklausome \u012f m\u016bs\u0173 kliento norus, pasteb\u0117jimus ir tobuliname produkt\u0105 su tikslu padaryti kuo patogesn\u012f funkcionalesn\u012f ir saugesn\u012f m\u016bs\u0173 klientui. &nbsp; PROOPERATOR \u2013 APSAUGINIAI DRABU\u017dIAI IKI\u00a0500 &hellip; Apsauga nuo kar\u0161\u010dio Read More &raquo;\" \/>\n<meta property=\"og:url\" content=\"https:\/\/www.labectra.lt\/en\/product\/apsauga-nuo-karscio\/\" \/>\n<meta property=\"og:site_name\" content=\"Termin\u0117 \u012franga - Labectra\" \/>\n<meta property=\"og:image\" content=\"https:\/\/www.labectra.lt\/wp-content\/uploads\/2019\/09\/apsauga-nuo-karscio.jpg\" \/>\n\t<meta property=\"og:image:width\" content=\"902\" \/>\n\t<meta property=\"og:image:height\" content=\"879\" \/>\n\t<meta property=\"og:image:type\" content=\"image\/jpeg\" \/>\n<meta name=\"twitter:card\" content=\"summary_large_image\" \/>\n<meta name=\"twitter:label1\" content=\"Estimated reading time\" \/>\n\t<meta name=\"twitter:data1\" content=\"2 minutes\" \/>\n<script type=\"application\/ld+json\" class=\"yoast-schema-graph\">{\"@context\":\"https:\/\/schema.org\",\"@graph\":[{\"@type\":\"WebPage\",\"@id\":\"https:\/\/www.labectra.lt\/produktas\/apsauga-nuo-karscio\/\",\"url\":\"https:\/\/www.labectra.lt\/produktas\/apsauga-nuo-karscio\/\",\"name\":\"Apsauga nuo kar\u0161\u010dio - Termin\u0117 \u012franga - Labectra\",\"isPartOf\":{\"@id\":\"https:\/\/www.labectra.lt\/#website\"},\"datePublished\":\"2019-09-19T22:50:45+00:00\",\"dateModified\":\"2019-09-19T22:50:45+00:00\",\"breadcrumb\":{\"@id\":\"https:\/\/www.labectra.lt\/produktas\/apsauga-nuo-karscio\/#breadcrumb\"},\"inLanguage\":\"en-GB\",\"potentialAction\":[{\"@type\":\"ReadAction\",\"target\":[\"https:\/\/www.labectra.lt\/produktas\/apsauga-nuo-karscio\/\"]}]},{\"@type\":\"BreadcrumbList\",\"@id\":\"https:\/\/www.labectra.lt\/produktas\/apsauga-nuo-karscio\/#breadcrumb\",\"itemListElement\":[{\"@type\":\"ListItem\",\"position\":1,\"name\":\"Home\",\"item\":\"https:\/\/www.labectra.lt\/\"},{\"@type\":\"ListItem\",\"position\":2,\"name\":\"Termin\u0117 \u012franga\",\"item\":\"https:\/\/www.labectra.lt\/termine-iranga\/\"},{\"@type\":\"ListItem\",\"position\":3,\"name\":\"Apsauga nuo kar\u0161\u010dio\"}]},{\"@type\":\"WebSite\",\"@id\":\"https:\/\/www.labectra.lt\/#website\",\"url\":\"https:\/\/www.labectra.lt\/\",\"name\":\"Termin\u0117 \u012franga - Labectra\",\"description\":\"J\u016bs\u0173 termin\u0117s \u012frangos tiek\u0117jas!\",\"publisher\":{\"@id\":\"https:\/\/www.labectra.lt\/#organization\"},\"potentialAction\":[{\"@type\":\"SearchAction\",\"target\":{\"@type\":\"EntryPoint\",\"urlTemplate\":\"https:\/\/www.labectra.lt\/?s={search_term_string}\"},\"query-input\":\"required name=search_term_string\"}],\"inLanguage\":\"en-GB\"},{\"@type\":\"Organization\",\"@id\":\"https:\/\/www.labectra.lt\/#organization\",\"name\":\"Labectra\",\"url\":\"https:\/\/www.labectra.lt\/\",\"logo\":{\"@type\":\"ImageObject\",\"inLanguage\":\"en-GB\",\"@id\":\"https:\/\/www.labectra.lt\/#\/schema\/logo\/image\/\",\"url\":\"https:\/\/www.labectra.lt\/wp-content\/uploads\/2019\/09\/Logo21.png\",\"contentUrl\":\"https:\/\/www.labectra.lt\/wp-content\/uploads\/2019\/09\/Logo21.png\",\"width\":392,\"height\":58,\"caption\":\"Labectra\"},\"image\":{\"@id\":\"https:\/\/www.labectra.lt\/#\/schema\/logo\/image\/\"}}]}<\/script>\n<!-- \/ Yoast SEO plugin. -->","yoast_head_json":{"title":"Apsauga nuo kar\u0161\u010dio - Termin\u0117 \u012franga - Labectra","robots":{"index":"index","follow":"follow","max-snippet":"max-snippet:-1","max-image-preview":"max-image-preview:large","max-video-preview":"max-video-preview:-1"},"canonical":"https:\/\/www.labectra.lt\/en\/product\/apsauga-nuo-karscio\/","og_locale":"en_GB","og_type":"article","og_title":"Apsauga nuo kar\u0161\u010dio - Termin\u0117 \u012franga - Labectra","og_description":"Darbo drabu\u017eiai apsaugantys nuo kar\u0161\u010dio. Kar\u0161\u010diui atsparius drabu\u017eius TST prad\u0117jo gaminti nuo\u00a01990. Mes turime visapusi\u0161k\u0105 patirt\u012f ir plat\u0173 tinkl\u0105 kuris nuolatos mums nuolatos duoda atsiliepimus apie m\u016bs\u0173 produkto funkcionalum\u0105. Mes \u012fsiklausome \u012f m\u016bs\u0173 kliento norus, pasteb\u0117jimus ir tobuliname produkt\u0105 su tikslu padaryti kuo patogesn\u012f funkcionalesn\u012f ir saugesn\u012f m\u016bs\u0173 klientui. &nbsp; PROOPERATOR \u2013 APSAUGINIAI DRABU\u017dIAI IKI\u00a0500 &hellip; Apsauga nuo kar\u0161\u010dio Read More &raquo;","og_url":"https:\/\/www.labectra.lt\/en\/product\/apsauga-nuo-karscio\/","og_site_name":"Termin\u0117 \u012franga - Labectra","og_image":[{"width":902,"height":879,"url":"https:\/\/www.labectra.lt\/wp-content\/uploads\/2019\/09\/apsauga-nuo-karscio.jpg","type":"image\/jpeg"}],"twitter_card":"summary_large_image","twitter_misc":{"Estimated reading time":"2 minutes"},"schema":{"@context":"https:\/\/schema.org","@graph":[{"@type":"WebPage","@id":"https:\/\/www.labectra.lt\/produktas\/apsauga-nuo-karscio\/","url":"https:\/\/www.labectra.lt\/produktas\/apsauga-nuo-karscio\/","name":"Apsauga nuo kar\u0161\u010dio - Termin\u0117 \u012franga - Labectra","isPartOf":{"@id":"https:\/\/www.labectra.lt\/#website"},"datePublished":"2019-09-19T22:50:45+00:00","dateModified":"2019-09-19T22:50:45+00:00","breadcrumb":{"@id":"https:\/\/www.labectra.lt\/produktas\/apsauga-nuo-karscio\/#breadcrumb"},"inLanguage":"en-GB","potentialAction":[{"@type":"ReadAction","target":["https:\/\/www.labectra.lt\/produktas\/apsauga-nuo-karscio\/"]}]},{"@type":"BreadcrumbList","@id":"https:\/\/www.labectra.lt\/produktas\/apsauga-nuo-karscio\/#breadcrumb","itemListElement":[{"@type":"ListItem","position":1,"name":"Home","item":"https:\/\/www.labectra.lt\/"},{"@type":"ListItem","position":2,"name":"Termin\u0117 \u012franga","item":"https:\/\/www.labectra.lt\/termine-iranga\/"},{"@type":"ListItem","position":3,"name":"Apsauga nuo kar\u0161\u010dio"}]},{"@type":"WebSite","@id":"https:\/\/www.labectra.lt\/#website","url":"https:\/\/www.labectra.lt\/","name":"Termin\u0117 \u012franga - Labectra","description":"J\u016bs\u0173 termin\u0117s \u012frangos tiek\u0117jas!","publisher":{"@id":"https:\/\/www.labectra.lt\/#organization"},"potentialAction":[{"@type":"SearchAction","target":{"@type":"EntryPoint","urlTemplate":"https:\/\/www.labectra.lt\/?s={search_term_string}"},"query-input":"required name=search_term_string"}],"inLanguage":"en-GB"},{"@type":"Organization","@id":"https:\/\/www.labectra.lt\/#organization","name":"Labectra","url":"https:\/\/www.labectra.lt\/","logo":{"@type":"ImageObject","inLanguage":"en-GB","@id":"https:\/\/www.labectra.lt\/#\/schema\/logo\/image\/","url":"https:\/\/www.labectra.lt\/wp-content\/uploads\/2019\/09\/Logo21.png","contentUrl":"https:\/\/www.labectra.lt\/wp-content\/uploads\/2019\/09\/Logo21.png","width":392,"height":58,"caption":"Labectra"},"image":{"@id":"https:\/\/www.labectra.lt\/#\/schema\/logo\/image\/"}}]}},"_links":{"self":[{"href":"https:\/\/www.labectra.lt\/en\/wp-json\/wp\/v2\/product\/2196"}],"collection":[{"href":"https:\/\/www.labectra.lt\/en\/wp-json\/wp\/v2\/product"}],"about":[{"href":"https:\/\/www.labectra.lt\/en\/wp-json\/wp\/v2\/types\/product"}],"wp:featuredmedia":[{"embeddable":true,"href":"https:\/\/www.labectra.lt\/en\/wp-json\/wp\/v2\/media\/1812"}],"wp:attachment":[{"href":"https:\/\/www.labectra.lt\/en\/wp-json\/wp\/v2\/media?parent=2196"}],"curies":[{"name":"wp","href":"https:\/\/api.w.org\/{rel}","templated":true}]}}