{"id":2201,"date":"2019-09-22T11:56:34","date_gmt":"2019-09-22T13:56:34","guid":{"rendered":"https:\/\/www.labectra.lt\/produktas\/laboratorines-kaitlentes\/"},"modified":"2019-09-22T11:56:34","modified_gmt":"2019-09-22T13:56:34","slug":"laboratorines-kaitlentes","status":"publish","type":"product","link":"https:\/\/www.labectra.lt\/en\/product\/laboratorines-kaitlentes\/","title":{"rendered":"Plate heaters"},"content":{"rendered":"<p>UAB Labectra specializes in thermal laboratory equipment. Company employees will not only help you choose the right product for your process-required, but will work on service and advice to your questions.<\/p>","protected":false},"excerpt":{"rendered":"<p>UAB Labectra specializes in thermal laboratory equipment. Company employees will not only help you choose the right product for your process-required, but will work on service and advice to your questions.<\/p>","protected":false},"featured_media":1818,"template":"","meta":[],"yoast_head":"<!-- This site is optimized with the Yoast SEO plugin v21.6 - https:\/\/yoast.com\/wordpress\/plugins\/seo\/ -->\n<title>Laboratorin\u0117s kaitlent\u0117s - Termin\u0117 \u012franga - Labectra<\/title>\n<meta name=\"robots\" content=\"index, follow, max-snippet:-1, max-image-preview:large, max-video-preview:-1\" \/>\n<link rel=\"canonical\" href=\"https:\/\/www.labectra.lt\/en\/product\/laboratorines-kaitlentes\/\" \/>\n<meta property=\"og:locale\" content=\"en_GB\" \/>\n<meta property=\"og:type\" content=\"article\" \/>\n<meta property=\"og:title\" content=\"Laboratorin\u0117s kaitlent\u0117s - Termin\u0117 \u012franga - Labectra\" \/>\n<meta property=\"og:description\" content=\"UAB \u201eLabectra\u201c yra specializuota termin\u0117s \u012frangos tiek\u0117ja ir gali pasi\u016blyti ne tik autoklavus, termostatin\u0117s voneles, ultragarso voneles, termoblokus, kaitlentes, termociklerius, termosandarintojus, mufelines krosneles, d\u017eiovinimo spintas, bet ir individulius J\u016bs\u0173 poreikius atitinkan\u010di\u0105 \u012frang\u0105.\" \/>\n<meta property=\"og:url\" content=\"https:\/\/www.labectra.lt\/en\/product\/laboratorines-kaitlentes\/\" \/>\n<meta property=\"og:site_name\" content=\"Termin\u0117 \u012franga - Labectra\" \/>\n<meta property=\"og:image\" content=\"https:\/\/www.labectra.lt\/wp-content\/uploads\/2019\/09\/laboratorines-kaitlentes.jpg\" \/>\n\t<meta property=\"og:image:width\" content=\"456\" \/>\n\t<meta property=\"og:image:height\" content=\"456\" \/>\n\t<meta property=\"og:image:type\" content=\"image\/jpeg\" \/>\n<meta name=\"twitter:card\" content=\"summary_large_image\" \/>\n<script type=\"application\/ld+json\" class=\"yoast-schema-graph\">{\"@context\":\"https:\/\/schema.org\",\"@graph\":[{\"@type\":\"WebPage\",\"@id\":\"https:\/\/www.labectra.lt\/produktas\/laboratorines-kaitlentes\/\",\"url\":\"https:\/\/www.labectra.lt\/produktas\/laboratorines-kaitlentes\/\",\"name\":\"Laboratorin\u0117s kaitlent\u0117s - Termin\u0117 \u012franga - Labectra\",\"isPartOf\":{\"@id\":\"https:\/\/www.labectra.lt\/#website\"},\"datePublished\":\"2019-09-22T13:56:34+00:00\",\"dateModified\":\"2019-09-22T13:56:34+00:00\",\"breadcrumb\":{\"@id\":\"https:\/\/www.labectra.lt\/produktas\/laboratorines-kaitlentes\/#breadcrumb\"},\"inLanguage\":\"en-GB\",\"potentialAction\":[{\"@type\":\"ReadAction\",\"target\":[\"https:\/\/www.labectra.lt\/produktas\/laboratorines-kaitlentes\/\"]}]},{\"@type\":\"BreadcrumbList\",\"@id\":\"https:\/\/www.labectra.lt\/produktas\/laboratorines-kaitlentes\/#breadcrumb\",\"itemListElement\":[{\"@type\":\"ListItem\",\"position\":1,\"name\":\"Home\",\"item\":\"https:\/\/www.labectra.lt\/\"},{\"@type\":\"ListItem\",\"position\":2,\"name\":\"Termin\u0117 \u012franga\",\"item\":\"https:\/\/www.labectra.lt\/termine-iranga\/\"},{\"@type\":\"ListItem\",\"position\":3,\"name\":\"Laboratorin\u0117s kaitlent\u0117s\"}]},{\"@type\":\"WebSite\",\"@id\":\"https:\/\/www.labectra.lt\/#website\",\"url\":\"https:\/\/www.labectra.lt\/\",\"name\":\"Termin\u0117 \u012franga - Labectra\",\"description\":\"J\u016bs\u0173 termin\u0117s \u012frangos tiek\u0117jas!\",\"publisher\":{\"@id\":\"https:\/\/www.labectra.lt\/#organization\"},\"potentialAction\":[{\"@type\":\"SearchAction\",\"target\":{\"@type\":\"EntryPoint\",\"urlTemplate\":\"https:\/\/www.labectra.lt\/?s={search_term_string}\"},\"query-input\":\"required name=search_term_string\"}],\"inLanguage\":\"en-GB\"},{\"@type\":\"Organization\",\"@id\":\"https:\/\/www.labectra.lt\/#organization\",\"name\":\"Labectra\",\"url\":\"https:\/\/www.labectra.lt\/\",\"logo\":{\"@type\":\"ImageObject\",\"inLanguage\":\"en-GB\",\"@id\":\"https:\/\/www.labectra.lt\/#\/schema\/logo\/image\/\",\"url\":\"https:\/\/www.labectra.lt\/wp-content\/uploads\/2019\/09\/Logo21.png\",\"contentUrl\":\"https:\/\/www.labectra.lt\/wp-content\/uploads\/2019\/09\/Logo21.png\",\"width\":392,\"height\":58,\"caption\":\"Labectra\"},\"image\":{\"@id\":\"https:\/\/www.labectra.lt\/#\/schema\/logo\/image\/\"}}]}<\/script>\n<!-- \/ Yoast SEO plugin. -->","yoast_head_json":{"title":"Laboratorin\u0117s kaitlent\u0117s - Termin\u0117 \u012franga - Labectra","robots":{"index":"index","follow":"follow","max-snippet":"max-snippet:-1","max-image-preview":"max-image-preview:large","max-video-preview":"max-video-preview:-1"},"canonical":"https:\/\/www.labectra.lt\/en\/product\/laboratorines-kaitlentes\/","og_locale":"en_GB","og_type":"article","og_title":"Laboratorin\u0117s kaitlent\u0117s - Termin\u0117 \u012franga - Labectra","og_description":"UAB \u201eLabectra\u201c yra specializuota termin\u0117s \u012frangos tiek\u0117ja ir gali pasi\u016blyti ne tik autoklavus, termostatin\u0117s voneles, ultragarso voneles, termoblokus, kaitlentes, termociklerius, termosandarintojus, mufelines krosneles, d\u017eiovinimo spintas, bet ir individulius J\u016bs\u0173 poreikius atitinkan\u010di\u0105 \u012frang\u0105.","og_url":"https:\/\/www.labectra.lt\/en\/product\/laboratorines-kaitlentes\/","og_site_name":"Termin\u0117 \u012franga - Labectra","og_image":[{"width":456,"height":456,"url":"https:\/\/www.labectra.lt\/wp-content\/uploads\/2019\/09\/laboratorines-kaitlentes.jpg","type":"image\/jpeg"}],"twitter_card":"summary_large_image","schema":{"@context":"https:\/\/schema.org","@graph":[{"@type":"WebPage","@id":"https:\/\/www.labectra.lt\/produktas\/laboratorines-kaitlentes\/","url":"https:\/\/www.labectra.lt\/produktas\/laboratorines-kaitlentes\/","name":"Laboratorin\u0117s kaitlent\u0117s - Termin\u0117 \u012franga - Labectra","isPartOf":{"@id":"https:\/\/www.labectra.lt\/#website"},"datePublished":"2019-09-22T13:56:34+00:00","dateModified":"2019-09-22T13:56:34+00:00","breadcrumb":{"@id":"https:\/\/www.labectra.lt\/produktas\/laboratorines-kaitlentes\/#breadcrumb"},"inLanguage":"en-GB","potentialAction":[{"@type":"ReadAction","target":["https:\/\/www.labectra.lt\/produktas\/laboratorines-kaitlentes\/"]}]},{"@type":"BreadcrumbList","@id":"https:\/\/www.labectra.lt\/produktas\/laboratorines-kaitlentes\/#breadcrumb","itemListElement":[{"@type":"ListItem","position":1,"name":"Home","item":"https:\/\/www.labectra.lt\/"},{"@type":"ListItem","position":2,"name":"Termin\u0117 \u012franga","item":"https:\/\/www.labectra.lt\/termine-iranga\/"},{"@type":"ListItem","position":3,"name":"Laboratorin\u0117s kaitlent\u0117s"}]},{"@type":"WebSite","@id":"https:\/\/www.labectra.lt\/#website","url":"https:\/\/www.labectra.lt\/","name":"Termin\u0117 \u012franga - Labectra","description":"J\u016bs\u0173 termin\u0117s \u012frangos tiek\u0117jas!","publisher":{"@id":"https:\/\/www.labectra.lt\/#organization"},"potentialAction":[{"@type":"SearchAction","target":{"@type":"EntryPoint","urlTemplate":"https:\/\/www.labectra.lt\/?s={search_term_string}"},"query-input":"required name=search_term_string"}],"inLanguage":"en-GB"},{"@type":"Organization","@id":"https:\/\/www.labectra.lt\/#organization","name":"Labectra","url":"https:\/\/www.labectra.lt\/","logo":{"@type":"ImageObject","inLanguage":"en-GB","@id":"https:\/\/www.labectra.lt\/#\/schema\/logo\/image\/","url":"https:\/\/www.labectra.lt\/wp-content\/uploads\/2019\/09\/Logo21.png","contentUrl":"https:\/\/www.labectra.lt\/wp-content\/uploads\/2019\/09\/Logo21.png","width":392,"height":58,"caption":"Labectra"},"image":{"@id":"https:\/\/www.labectra.lt\/#\/schema\/logo\/image\/"}}]}},"_links":{"self":[{"href":"https:\/\/www.labectra.lt\/en\/wp-json\/wp\/v2\/product\/2201"}],"collection":[{"href":"https:\/\/www.labectra.lt\/en\/wp-json\/wp\/v2\/product"}],"about":[{"href":"https:\/\/www.labectra.lt\/en\/wp-json\/wp\/v2\/types\/product"}],"wp:featuredmedia":[{"embeddable":true,"href":"https:\/\/www.labectra.lt\/en\/wp-json\/wp\/v2\/media\/1818"}],"wp:attachment":[{"href":"https:\/\/www.labectra.lt\/en\/wp-json\/wp\/v2\/media?parent=2201"}],"curies":[{"name":"wp","href":"https:\/\/api.w.org\/{rel}","templated":true}]}}