{"id":2205,"date":"2019-09-22T15:44:28","date_gmt":"2019-09-22T12:44:28","guid":{"rendered":"https:\/\/www.labectra.lt\/produktas\/aukstos-temperaturos-kaitinimo-krosnys-su-sandaria-karsta-retorta\/"},"modified":"2019-11-05T01:20:23","modified_gmt":"2019-11-04T23:20:23","slug":"aukstos-temperaturos-kaitinimo-krosnys-su-sandaria-karsta-retorta","status":"publish","type":"product","link":"https:\/\/www.labectra.lt\/en\/product\/aukstos-temperaturos-kaitinimo-krosnys-su-sandaria-karsta-retorta\/","title":{"rendered":"Hot-Wall Retort Furnaces up to 1100 \u00b0C"},"content":{"rendered":"<p>These gas tight retort furnaces are equipped with direct or indirect heating depending on temperature. They are perfectly suited for various heat treatment processes requiring a defined protective or a reaction gas atmosphere. These compact models can also be laid out for heat treatment under vacuum up to 600 \u00b0C. The furnace chamber consists of a gas tight retort with water cooling around the door to protect the special sealing. Equipped with the corresponding safety technology, retort furnaces are also suitable for applications under reaction gases, such as hydrogen or, in combination with the IDB package, for inert debinding or for pyrolysis processes.<\/p>\n<p><a href=\"https:\/\/www.labectra.lt\/wp-content\/uploads\/2019\/09\/aukstos-temperaturos-kaitinimo-krosnys-su-sandaria-karsta-retorta-2.png\"><img fetchpriority=\"high\" decoding=\"async\" class=\"wp-image-1827 aligncenter\" src=\"https:\/\/www.labectra.lt\/wp-content\/uploads\/2019\/09\/aukstos-temperaturos-kaitinimo-krosnys-su-sandaria-karsta-retorta-2.png\" sizes=\"(max-width: 600px) 100vw, 600px\" srcset=\"https:\/\/www.labectra.lt\/wp-content\/uploads\/2019\/09\/aukstos-temperaturos-kaitinimo-krosnys-su-sandaria-karsta-retorta-2.png 1037w, https:\/\/www.labectra.lt\/wp-content\/uploads\/2019\/09\/aukstos-temperaturos-kaitinimo-krosnys-su-sandaria-karsta-retorta-2-300x103.png 300w, https:\/\/www.labectra.lt\/wp-content\/uploads\/2019\/09\/aukstos-temperaturos-kaitinimo-krosnys-su-sandaria-karsta-retorta-2-768x263.png 768w, https:\/\/www.labectra.lt\/wp-content\/uploads\/2019\/09\/aukstos-temperaturos-kaitinimo-krosnys-su-sandaria-karsta-retorta-2-1024x351.png 1024w\" alt=\"Auk\u0161tos temperat\u016bros kaitinimo krosnys su sandaria kar\u0161ta retorta. Temperat\u016bra: 650-950\u00b0C Kameros talpa: 17-1000 l Galimyb\u0117 dirbti H2 aplinkoje.\" width=\"600\" height=\"205\" \/><\/a><\/p>","protected":false},"excerpt":{"rendered":"<p>These gas tight retort furnaces are equipped with direct or indirect heating depending on temperature. They are perfectly suited for various heat treatment processes requiring a defined protective or a reaction gas atmosphere. These compact models can also be laid out for heat treatment under vacuum up to 600 \u00b0C. The furnace chamber consists of a gas tight retort with water cooling around the door to protect the special sealing. Equipped with the corresponding safety technology, retort furnaces are also suitable for applications under reaction gases, such as hydrogen or, in combination with the IDB package, for inert debinding or for pyrolysis processes.<\/p>","protected":false},"featured_media":1826,"template":"","meta":[],"yoast_head":"<!-- This site is optimized with the Yoast SEO plugin v21.6 - https:\/\/yoast.com\/wordpress\/plugins\/seo\/ -->\n<title>Auk\u0161tos temperat\u016bros kaitinimo krosnys su sandaria kar\u0161ta retorta - Termin\u0117 \u012franga - Labectra<\/title>\n<meta name=\"robots\" content=\"index, follow, max-snippet:-1, max-image-preview:large, max-video-preview:-1\" \/>\n<link rel=\"canonical\" href=\"https:\/\/www.labectra.lt\/en\/product\/aukstos-temperaturos-kaitinimo-krosnys-su-sandaria-karsta-retorta\/\" \/>\n<meta property=\"og:locale\" content=\"en_GB\" \/>\n<meta property=\"og:type\" content=\"article\" \/>\n<meta property=\"og:title\" content=\"Auk\u0161tos temperat\u016bros kaitinimo krosnys su sandaria kar\u0161ta retorta - Termin\u0117 \u012franga - Labectra\" \/>\n<meta property=\"og:description\" content=\"Pramonin\u0117s kaitinimo\u00a0krosnys NRA puikiai tinka metalo apdirbimui inertini\u0173 duj\u0173 aplinkoje ar vakuume. Krosnies kamera yra sandari, jungtis su durimis au\u0161inama vandeniu. Komplektuojant su papildoma apsaugos sistema galima dirbti su vandeniliu bei naudoti ri\u0161ikli\u0173 i\u0161deginimui bei med\u017eiag\u0173\u00a0sukepinimui.\" \/>\n<meta property=\"og:url\" content=\"https:\/\/www.labectra.lt\/en\/product\/aukstos-temperaturos-kaitinimo-krosnys-su-sandaria-karsta-retorta\/\" \/>\n<meta property=\"og:site_name\" content=\"Termin\u0117 \u012franga - Labectra\" \/>\n<meta property=\"article:modified_time\" content=\"2019-11-04T23:20:23+00:00\" \/>\n<meta property=\"og:image\" content=\"https:\/\/www.labectra.lt\/wp-content\/uploads\/2019\/09\/aukstos-temperaturos-kaitinimo-krosnys-su-sandaria-karsta-retorta-1.png\" \/>\n\t<meta property=\"og:image:width\" content=\"964\" \/>\n\t<meta property=\"og:image:height\" content=\"603\" \/>\n\t<meta property=\"og:image:type\" content=\"image\/png\" \/>\n<meta name=\"twitter:card\" content=\"summary_large_image\" \/>\n<script type=\"application\/ld+json\" class=\"yoast-schema-graph\">{\"@context\":\"https:\/\/schema.org\",\"@graph\":[{\"@type\":\"WebPage\",\"@id\":\"https:\/\/www.labectra.lt\/produktas\/aukstos-temperaturos-kaitinimo-krosnys-su-sandaria-karsta-retorta\/\",\"url\":\"https:\/\/www.labectra.lt\/produktas\/aukstos-temperaturos-kaitinimo-krosnys-su-sandaria-karsta-retorta\/\",\"name\":\"Auk\u0161tos temperat\u016bros kaitinimo krosnys su sandaria kar\u0161ta retorta - Termin\u0117 \u012franga - Labectra\",\"isPartOf\":{\"@id\":\"https:\/\/www.labectra.lt\/#website\"},\"datePublished\":\"2019-09-22T12:44:28+00:00\",\"dateModified\":\"2019-11-04T23:20:23+00:00\",\"breadcrumb\":{\"@id\":\"https:\/\/www.labectra.lt\/produktas\/aukstos-temperaturos-kaitinimo-krosnys-su-sandaria-karsta-retorta\/#breadcrumb\"},\"inLanguage\":\"en-GB\",\"potentialAction\":[{\"@type\":\"ReadAction\",\"target\":[\"https:\/\/www.labectra.lt\/produktas\/aukstos-temperaturos-kaitinimo-krosnys-su-sandaria-karsta-retorta\/\"]}]},{\"@type\":\"BreadcrumbList\",\"@id\":\"https:\/\/www.labectra.lt\/produktas\/aukstos-temperaturos-kaitinimo-krosnys-su-sandaria-karsta-retorta\/#breadcrumb\",\"itemListElement\":[{\"@type\":\"ListItem\",\"position\":1,\"name\":\"Home\",\"item\":\"https:\/\/www.labectra.lt\/\"},{\"@type\":\"ListItem\",\"position\":2,\"name\":\"Termin\u0117 \u012franga\",\"item\":\"https:\/\/www.labectra.lt\/termine-iranga\/\"},{\"@type\":\"ListItem\",\"position\":3,\"name\":\"Auk\u0161tos temperat\u016bros kaitinimo krosnys su sandaria kar\u0161ta retorta\"}]},{\"@type\":\"WebSite\",\"@id\":\"https:\/\/www.labectra.lt\/#website\",\"url\":\"https:\/\/www.labectra.lt\/\",\"name\":\"Termin\u0117 \u012franga - Labectra\",\"description\":\"J\u016bs\u0173 termin\u0117s \u012frangos tiek\u0117jas!\",\"publisher\":{\"@id\":\"https:\/\/www.labectra.lt\/#organization\"},\"potentialAction\":[{\"@type\":\"SearchAction\",\"target\":{\"@type\":\"EntryPoint\",\"urlTemplate\":\"https:\/\/www.labectra.lt\/?s={search_term_string}\"},\"query-input\":\"required name=search_term_string\"}],\"inLanguage\":\"en-GB\"},{\"@type\":\"Organization\",\"@id\":\"https:\/\/www.labectra.lt\/#organization\",\"name\":\"Labectra\",\"url\":\"https:\/\/www.labectra.lt\/\",\"logo\":{\"@type\":\"ImageObject\",\"inLanguage\":\"en-GB\",\"@id\":\"https:\/\/www.labectra.lt\/#\/schema\/logo\/image\/\",\"url\":\"https:\/\/www.labectra.lt\/wp-content\/uploads\/2019\/09\/Logo21.png\",\"contentUrl\":\"https:\/\/www.labectra.lt\/wp-content\/uploads\/2019\/09\/Logo21.png\",\"width\":392,\"height\":58,\"caption\":\"Labectra\"},\"image\":{\"@id\":\"https:\/\/www.labectra.lt\/#\/schema\/logo\/image\/\"}}]}<\/script>\n<!-- \/ Yoast SEO plugin. -->","yoast_head_json":{"title":"Auk\u0161tos temperat\u016bros kaitinimo krosnys su sandaria kar\u0161ta retorta - Termin\u0117 \u012franga - Labectra","robots":{"index":"index","follow":"follow","max-snippet":"max-snippet:-1","max-image-preview":"max-image-preview:large","max-video-preview":"max-video-preview:-1"},"canonical":"https:\/\/www.labectra.lt\/en\/product\/aukstos-temperaturos-kaitinimo-krosnys-su-sandaria-karsta-retorta\/","og_locale":"en_GB","og_type":"article","og_title":"Auk\u0161tos temperat\u016bros kaitinimo krosnys su sandaria kar\u0161ta retorta - Termin\u0117 \u012franga - Labectra","og_description":"Pramonin\u0117s kaitinimo\u00a0krosnys NRA puikiai tinka metalo apdirbimui inertini\u0173 duj\u0173 aplinkoje ar vakuume. Krosnies kamera yra sandari, jungtis su durimis au\u0161inama vandeniu. Komplektuojant su papildoma apsaugos sistema galima dirbti su vandeniliu bei naudoti ri\u0161ikli\u0173 i\u0161deginimui bei med\u017eiag\u0173\u00a0sukepinimui.","og_url":"https:\/\/www.labectra.lt\/en\/product\/aukstos-temperaturos-kaitinimo-krosnys-su-sandaria-karsta-retorta\/","og_site_name":"Termin\u0117 \u012franga - Labectra","article_modified_time":"2019-11-04T23:20:23+00:00","og_image":[{"width":964,"height":603,"url":"https:\/\/www.labectra.lt\/wp-content\/uploads\/2019\/09\/aukstos-temperaturos-kaitinimo-krosnys-su-sandaria-karsta-retorta-1.png","type":"image\/png"}],"twitter_card":"summary_large_image","schema":{"@context":"https:\/\/schema.org","@graph":[{"@type":"WebPage","@id":"https:\/\/www.labectra.lt\/produktas\/aukstos-temperaturos-kaitinimo-krosnys-su-sandaria-karsta-retorta\/","url":"https:\/\/www.labectra.lt\/produktas\/aukstos-temperaturos-kaitinimo-krosnys-su-sandaria-karsta-retorta\/","name":"Auk\u0161tos temperat\u016bros kaitinimo krosnys su sandaria kar\u0161ta retorta - Termin\u0117 \u012franga - Labectra","isPartOf":{"@id":"https:\/\/www.labectra.lt\/#website"},"datePublished":"2019-09-22T12:44:28+00:00","dateModified":"2019-11-04T23:20:23+00:00","breadcrumb":{"@id":"https:\/\/www.labectra.lt\/produktas\/aukstos-temperaturos-kaitinimo-krosnys-su-sandaria-karsta-retorta\/#breadcrumb"},"inLanguage":"en-GB","potentialAction":[{"@type":"ReadAction","target":["https:\/\/www.labectra.lt\/produktas\/aukstos-temperaturos-kaitinimo-krosnys-su-sandaria-karsta-retorta\/"]}]},{"@type":"BreadcrumbList","@id":"https:\/\/www.labectra.lt\/produktas\/aukstos-temperaturos-kaitinimo-krosnys-su-sandaria-karsta-retorta\/#breadcrumb","itemListElement":[{"@type":"ListItem","position":1,"name":"Home","item":"https:\/\/www.labectra.lt\/"},{"@type":"ListItem","position":2,"name":"Termin\u0117 \u012franga","item":"https:\/\/www.labectra.lt\/termine-iranga\/"},{"@type":"ListItem","position":3,"name":"Auk\u0161tos temperat\u016bros kaitinimo krosnys su sandaria kar\u0161ta retorta"}]},{"@type":"WebSite","@id":"https:\/\/www.labectra.lt\/#website","url":"https:\/\/www.labectra.lt\/","name":"Termin\u0117 \u012franga - Labectra","description":"J\u016bs\u0173 termin\u0117s \u012frangos tiek\u0117jas!","publisher":{"@id":"https:\/\/www.labectra.lt\/#organization"},"potentialAction":[{"@type":"SearchAction","target":{"@type":"EntryPoint","urlTemplate":"https:\/\/www.labectra.lt\/?s={search_term_string}"},"query-input":"required name=search_term_string"}],"inLanguage":"en-GB"},{"@type":"Organization","@id":"https:\/\/www.labectra.lt\/#organization","name":"Labectra","url":"https:\/\/www.labectra.lt\/","logo":{"@type":"ImageObject","inLanguage":"en-GB","@id":"https:\/\/www.labectra.lt\/#\/schema\/logo\/image\/","url":"https:\/\/www.labectra.lt\/wp-content\/uploads\/2019\/09\/Logo21.png","contentUrl":"https:\/\/www.labectra.lt\/wp-content\/uploads\/2019\/09\/Logo21.png","width":392,"height":58,"caption":"Labectra"},"image":{"@id":"https:\/\/www.labectra.lt\/#\/schema\/logo\/image\/"}}]}},"_links":{"self":[{"href":"https:\/\/www.labectra.lt\/en\/wp-json\/wp\/v2\/product\/2205"}],"collection":[{"href":"https:\/\/www.labectra.lt\/en\/wp-json\/wp\/v2\/product"}],"about":[{"href":"https:\/\/www.labectra.lt\/en\/wp-json\/wp\/v2\/types\/product"}],"wp:featuredmedia":[{"embeddable":true,"href":"https:\/\/www.labectra.lt\/en\/wp-json\/wp\/v2\/media\/1826"}],"wp:attachment":[{"href":"https:\/\/www.labectra.lt\/en\/wp-json\/wp\/v2\/media?parent=2205"}],"curies":[{"name":"wp","href":"https:\/\/api.w.org\/{rel}","templated":true}]}}