{"id":2206,"date":"2019-09-22T15:46:17","date_gmt":"2019-09-22T12:46:17","guid":{"rendered":"https:\/\/www.labectra.lt\/produktas\/aukstos-temperaturos-vakuumines-krosnys-su-sandaria-salta-retorta\/"},"modified":"2019-11-05T01:20:16","modified_gmt":"2019-11-04T23:20:16","slug":"aukstos-temperaturos-vakuumines-krosnys-su-sandaria-salta-retorta","status":"publish","type":"product","link":"https:\/\/www.labectra.lt\/en\/product\/aukstos-temperaturos-vakuumines-krosnys-su-sandaria-salta-retorta\/","title":{"rendered":"Cold-Wall Retort Furnaces up to 2400 \u00b0C"},"content":{"rendered":"<p><p>The compact furnaces of the VHT product line are available as electrically heated chamber furnaces with graphite, molybdenum, tungsten or MoSi2  heating. A wide variety of heating designs as well as a complete range of accessories provide for optimal furnace configurations even for sophisticated applications.<\/p>\n<p>The vacuum-tight retort allows heat treatment processes either in protective and reaction gas atmospheres or in a vacuum, subject to the individual furnace specs to 10-5 mbar. The basic furnace is suited for operation with nonflammable protective or reactive gases or under vacuum. The H2  version provides for operation under hydrogen or other flammable gases. Key of the specification up is a certified safety package providing for a safe operation at all times and triggers an appropriate emergency program in case of failure.<\/p><\/p>\n<p><a href=\"https:\/\/www.labectra.lt\/wp-content\/uploads\/2019\/09\/aukstos-temperaturos-vakuumines-krosnys-su-sandaria-salta-retorta-2.png\"><img fetchpriority=\"high\" decoding=\"async\" class=\"aligncenter wp-image-1831\" src=\"https:\/\/www.labectra.lt\/wp-content\/uploads\/2019\/09\/aukstos-temperaturos-vakuumines-krosnys-su-sandaria-salta-retorta-2.png\" alt=\"Auk\u0161tos temperat\u016bros vakuumin\u0117s krosnys su sandaria \u0161alta retorta. Temperat\u016bra: 1800-2200\u00b0C Kameros talpa: 8-500 l.\" width=\"600\" height=\"369\" srcset=\"https:\/\/www.labectra.lt\/wp-content\/uploads\/2019\/09\/aukstos-temperaturos-vakuumines-krosnys-su-sandaria-salta-retorta-2.png 1035w, https:\/\/www.labectra.lt\/wp-content\/uploads\/2019\/09\/aukstos-temperaturos-vakuumines-krosnys-su-sandaria-salta-retorta-2-300x185.png 300w, https:\/\/www.labectra.lt\/wp-content\/uploads\/2019\/09\/aukstos-temperaturos-vakuumines-krosnys-su-sandaria-salta-retorta-2-768x473.png 768w, https:\/\/www.labectra.lt\/wp-content\/uploads\/2019\/09\/aukstos-temperaturos-vakuumines-krosnys-su-sandaria-salta-retorta-2-1024x630.png 1024w\" sizes=\"(max-width: 600px) 100vw, 600px\" \/><\/a><\/p>","protected":false},"excerpt":{"rendered":"<p><p>The compact furnaces of the VHT product line are available as electrically heated chamber furnaces with graphite, molybdenum, tungsten or MoSi2  heating. A wide variety of heating designs as well as a complete range of accessories provide for optimal furnace configurations even for sophisticated applications.<\/p>\n<p>The vacuum-tight retort allows heat treatment processes either in protective and reaction gas atmospheres or in a vacuum, subject to the individual furnace specs to 10-5 mbar. The basic furnace is suited for operation with nonflammable protective or reactive gases or under vacuum. The H2  version provides for operation under hydrogen or other flammable gases. Key of the specification up is a certified safety package providing for a safe operation at all times and triggers an appropriate emergency program in case of failure.<\/p><\/p>","protected":false},"featured_media":1830,"template":"","meta":[],"yoast_head":"<!-- This site is optimized with the Yoast SEO plugin v21.6 - https:\/\/yoast.com\/wordpress\/plugins\/seo\/ -->\n<title>Auk\u0161tos temperat\u016bros vakuumin\u0117s krosnys su sandaria \u0161alta retorta - Termin\u0117 \u012franga - Labectra<\/title>\n<meta name=\"robots\" content=\"index, follow, max-snippet:-1, max-image-preview:large, max-video-preview:-1\" \/>\n<link rel=\"canonical\" href=\"https:\/\/www.labectra.lt\/en\/product\/aukstos-temperaturos-vakuumines-krosnys-su-sandaria-salta-retorta\/\" \/>\n<meta property=\"og:locale\" content=\"en_GB\" \/>\n<meta property=\"og:type\" content=\"article\" \/>\n<meta property=\"og:title\" content=\"Auk\u0161tos temperat\u016bros vakuumin\u0117s krosnys su sandaria \u0161alta retorta - Termin\u0117 \u012franga - Labectra\" \/>\n<meta property=\"og:description\" content=\"VHT auk\u0161tos temperat\u016bros pramonin\u0117s\u00a0krosnys su sandaria \u0161alta retorta gali dirbti iki 2200\u00b0C laipsni\u0173 temperat\u016broje. Krosnys gali dirbti inertini\u0173 duj\u0173 aplinkoje ar vakuume. H2 versija suteikia galimyb\u0119 dirbti su vandeniliu ar kitomis degiomis dujomis.\" \/>\n<meta property=\"og:url\" content=\"https:\/\/www.labectra.lt\/en\/product\/aukstos-temperaturos-vakuumines-krosnys-su-sandaria-salta-retorta\/\" \/>\n<meta property=\"og:site_name\" content=\"Termin\u0117 \u012franga - Labectra\" \/>\n<meta property=\"article:modified_time\" content=\"2019-11-04T23:20:16+00:00\" \/>\n<meta property=\"og:image\" content=\"https:\/\/www.labectra.lt\/wp-content\/uploads\/2019\/09\/aukstos-temperaturos-vakuumines-krosnys-su-sandaria-salta-retorta-1.png\" \/>\n\t<meta property=\"og:image:width\" content=\"816\" \/>\n\t<meta property=\"og:image:height\" content=\"600\" \/>\n\t<meta property=\"og:image:type\" content=\"image\/png\" \/>\n<meta name=\"twitter:card\" content=\"summary_large_image\" \/>\n<script type=\"application\/ld+json\" class=\"yoast-schema-graph\">{\"@context\":\"https:\/\/schema.org\",\"@graph\":[{\"@type\":\"WebPage\",\"@id\":\"https:\/\/www.labectra.lt\/produktas\/aukstos-temperaturos-vakuumines-krosnys-su-sandaria-salta-retorta\/\",\"url\":\"https:\/\/www.labectra.lt\/produktas\/aukstos-temperaturos-vakuumines-krosnys-su-sandaria-salta-retorta\/\",\"name\":\"Auk\u0161tos temperat\u016bros vakuumin\u0117s krosnys su sandaria \u0161alta retorta - Termin\u0117 \u012franga - Labectra\",\"isPartOf\":{\"@id\":\"https:\/\/www.labectra.lt\/#website\"},\"datePublished\":\"2019-09-22T12:46:17+00:00\",\"dateModified\":\"2019-11-04T23:20:16+00:00\",\"breadcrumb\":{\"@id\":\"https:\/\/www.labectra.lt\/produktas\/aukstos-temperaturos-vakuumines-krosnys-su-sandaria-salta-retorta\/#breadcrumb\"},\"inLanguage\":\"en-GB\",\"potentialAction\":[{\"@type\":\"ReadAction\",\"target\":[\"https:\/\/www.labectra.lt\/produktas\/aukstos-temperaturos-vakuumines-krosnys-su-sandaria-salta-retorta\/\"]}]},{\"@type\":\"BreadcrumbList\",\"@id\":\"https:\/\/www.labectra.lt\/produktas\/aukstos-temperaturos-vakuumines-krosnys-su-sandaria-salta-retorta\/#breadcrumb\",\"itemListElement\":[{\"@type\":\"ListItem\",\"position\":1,\"name\":\"Home\",\"item\":\"https:\/\/www.labectra.lt\/\"},{\"@type\":\"ListItem\",\"position\":2,\"name\":\"Termin\u0117 \u012franga\",\"item\":\"https:\/\/www.labectra.lt\/termine-iranga\/\"},{\"@type\":\"ListItem\",\"position\":3,\"name\":\"Auk\u0161tos temperat\u016bros vakuumin\u0117s krosnys su sandaria \u0161alta retorta\"}]},{\"@type\":\"WebSite\",\"@id\":\"https:\/\/www.labectra.lt\/#website\",\"url\":\"https:\/\/www.labectra.lt\/\",\"name\":\"Termin\u0117 \u012franga - Labectra\",\"description\":\"J\u016bs\u0173 termin\u0117s \u012frangos tiek\u0117jas!\",\"publisher\":{\"@id\":\"https:\/\/www.labectra.lt\/#organization\"},\"potentialAction\":[{\"@type\":\"SearchAction\",\"target\":{\"@type\":\"EntryPoint\",\"urlTemplate\":\"https:\/\/www.labectra.lt\/?s={search_term_string}\"},\"query-input\":\"required name=search_term_string\"}],\"inLanguage\":\"en-GB\"},{\"@type\":\"Organization\",\"@id\":\"https:\/\/www.labectra.lt\/#organization\",\"name\":\"Labectra\",\"url\":\"https:\/\/www.labectra.lt\/\",\"logo\":{\"@type\":\"ImageObject\",\"inLanguage\":\"en-GB\",\"@id\":\"https:\/\/www.labectra.lt\/#\/schema\/logo\/image\/\",\"url\":\"https:\/\/www.labectra.lt\/wp-content\/uploads\/2019\/09\/Logo21.png\",\"contentUrl\":\"https:\/\/www.labectra.lt\/wp-content\/uploads\/2019\/09\/Logo21.png\",\"width\":392,\"height\":58,\"caption\":\"Labectra\"},\"image\":{\"@id\":\"https:\/\/www.labectra.lt\/#\/schema\/logo\/image\/\"}}]}<\/script>\n<!-- \/ Yoast SEO plugin. -->","yoast_head_json":{"title":"Auk\u0161tos temperat\u016bros vakuumin\u0117s krosnys su sandaria \u0161alta retorta - Termin\u0117 \u012franga - Labectra","robots":{"index":"index","follow":"follow","max-snippet":"max-snippet:-1","max-image-preview":"max-image-preview:large","max-video-preview":"max-video-preview:-1"},"canonical":"https:\/\/www.labectra.lt\/en\/product\/aukstos-temperaturos-vakuumines-krosnys-su-sandaria-salta-retorta\/","og_locale":"en_GB","og_type":"article","og_title":"Auk\u0161tos temperat\u016bros vakuumin\u0117s krosnys su sandaria \u0161alta retorta - Termin\u0117 \u012franga - Labectra","og_description":"VHT auk\u0161tos temperat\u016bros pramonin\u0117s\u00a0krosnys su sandaria \u0161alta retorta gali dirbti iki 2200\u00b0C laipsni\u0173 temperat\u016broje. Krosnys gali dirbti inertini\u0173 duj\u0173 aplinkoje ar vakuume. H2 versija suteikia galimyb\u0119 dirbti su vandeniliu ar kitomis degiomis dujomis.","og_url":"https:\/\/www.labectra.lt\/en\/product\/aukstos-temperaturos-vakuumines-krosnys-su-sandaria-salta-retorta\/","og_site_name":"Termin\u0117 \u012franga - Labectra","article_modified_time":"2019-11-04T23:20:16+00:00","og_image":[{"width":816,"height":600,"url":"https:\/\/www.labectra.lt\/wp-content\/uploads\/2019\/09\/aukstos-temperaturos-vakuumines-krosnys-su-sandaria-salta-retorta-1.png","type":"image\/png"}],"twitter_card":"summary_large_image","schema":{"@context":"https:\/\/schema.org","@graph":[{"@type":"WebPage","@id":"https:\/\/www.labectra.lt\/produktas\/aukstos-temperaturos-vakuumines-krosnys-su-sandaria-salta-retorta\/","url":"https:\/\/www.labectra.lt\/produktas\/aukstos-temperaturos-vakuumines-krosnys-su-sandaria-salta-retorta\/","name":"Auk\u0161tos temperat\u016bros vakuumin\u0117s krosnys su sandaria \u0161alta retorta - Termin\u0117 \u012franga - Labectra","isPartOf":{"@id":"https:\/\/www.labectra.lt\/#website"},"datePublished":"2019-09-22T12:46:17+00:00","dateModified":"2019-11-04T23:20:16+00:00","breadcrumb":{"@id":"https:\/\/www.labectra.lt\/produktas\/aukstos-temperaturos-vakuumines-krosnys-su-sandaria-salta-retorta\/#breadcrumb"},"inLanguage":"en-GB","potentialAction":[{"@type":"ReadAction","target":["https:\/\/www.labectra.lt\/produktas\/aukstos-temperaturos-vakuumines-krosnys-su-sandaria-salta-retorta\/"]}]},{"@type":"BreadcrumbList","@id":"https:\/\/www.labectra.lt\/produktas\/aukstos-temperaturos-vakuumines-krosnys-su-sandaria-salta-retorta\/#breadcrumb","itemListElement":[{"@type":"ListItem","position":1,"name":"Home","item":"https:\/\/www.labectra.lt\/"},{"@type":"ListItem","position":2,"name":"Termin\u0117 \u012franga","item":"https:\/\/www.labectra.lt\/termine-iranga\/"},{"@type":"ListItem","position":3,"name":"Auk\u0161tos temperat\u016bros vakuumin\u0117s krosnys su sandaria \u0161alta retorta"}]},{"@type":"WebSite","@id":"https:\/\/www.labectra.lt\/#website","url":"https:\/\/www.labectra.lt\/","name":"Termin\u0117 \u012franga - Labectra","description":"J\u016bs\u0173 termin\u0117s \u012frangos tiek\u0117jas!","publisher":{"@id":"https:\/\/www.labectra.lt\/#organization"},"potentialAction":[{"@type":"SearchAction","target":{"@type":"EntryPoint","urlTemplate":"https:\/\/www.labectra.lt\/?s={search_term_string}"},"query-input":"required name=search_term_string"}],"inLanguage":"en-GB"},{"@type":"Organization","@id":"https:\/\/www.labectra.lt\/#organization","name":"Labectra","url":"https:\/\/www.labectra.lt\/","logo":{"@type":"ImageObject","inLanguage":"en-GB","@id":"https:\/\/www.labectra.lt\/#\/schema\/logo\/image\/","url":"https:\/\/www.labectra.lt\/wp-content\/uploads\/2019\/09\/Logo21.png","contentUrl":"https:\/\/www.labectra.lt\/wp-content\/uploads\/2019\/09\/Logo21.png","width":392,"height":58,"caption":"Labectra"},"image":{"@id":"https:\/\/www.labectra.lt\/#\/schema\/logo\/image\/"}}]}},"_links":{"self":[{"href":"https:\/\/www.labectra.lt\/en\/wp-json\/wp\/v2\/product\/2206"}],"collection":[{"href":"https:\/\/www.labectra.lt\/en\/wp-json\/wp\/v2\/product"}],"about":[{"href":"https:\/\/www.labectra.lt\/en\/wp-json\/wp\/v2\/types\/product"}],"wp:featuredmedia":[{"embeddable":true,"href":"https:\/\/www.labectra.lt\/en\/wp-json\/wp\/v2\/media\/1830"}],"wp:attachment":[{"href":"https:\/\/www.labectra.lt\/en\/wp-json\/wp\/v2\/media?parent=2206"}],"curies":[{"name":"wp","href":"https:\/\/api.w.org\/{rel}","templated":true}]}}