{"id":2209,"date":"2019-09-22T15:49:45","date_gmt":"2019-09-22T12:49:45","guid":{"rendered":"https:\/\/www.labectra.lt\/produktas\/kamerines-dziovyklos\/"},"modified":"2019-11-05T01:20:01","modified_gmt":"2019-11-04T23:20:01","slug":"kamerines-dziovyklos","status":"publish","type":"product","link":"https:\/\/www.labectra.lt\/en\/product\/kamerines-dziovyklos\/","title":{"rendered":"Chamber Dryers"},"content":{"rendered":"<p>Dideli\u0173 gabarit\u0173\u00a0kamerin\u0117s d\u017eiovyklos\u00a0skirtos:<\/p>\n<ul>\n<li>Drying materials<\/li>\n<li>Sintering paint<\/li>\n<li>Tempering<\/li>\n<li>Annealing<\/li>\n<li>Ageing<\/li>\n<li>Forming<\/li>\n<li>Thermal processing<\/li>\n<\/ul>\n<p><a href=\"https:\/\/www.labectra.lt\/wp-content\/uploads\/2019\/09\/kamerines-dziovyklos-2.png\"><img fetchpriority=\"high\" decoding=\"async\" class=\"aligncenter wp-image-1835\" src=\"https:\/\/www.labectra.lt\/wp-content\/uploads\/2019\/09\/kamerines-dziovyklos-2.png\" alt=\"Kamerin\u0117s d\u017eiovyklos. Temperat\u016bra: 260\u00b0C Kameros talpa: 1500-8000 l.\" width=\"600\" height=\"153\" srcset=\"https:\/\/www.labectra.lt\/wp-content\/uploads\/2019\/09\/kamerines-dziovyklos-2.png 1164w, https:\/\/www.labectra.lt\/wp-content\/uploads\/2019\/09\/kamerines-dziovyklos-2-300x77.png 300w, https:\/\/www.labectra.lt\/wp-content\/uploads\/2019\/09\/kamerines-dziovyklos-2-768x196.png 768w, https:\/\/www.labectra.lt\/wp-content\/uploads\/2019\/09\/kamerines-dziovyklos-2-1024x261.png 1024w\" sizes=\"(max-width: 600px) 100vw, 600px\" \/><\/a><\/p>","protected":false},"excerpt":{"rendered":"<p>Dideli\u0173 gabarit\u0173\u00a0kamerin\u0117s d\u017eiovyklos\u00a0skirtos: Med\u017eiag\u0173 d\u017eiovinimui Da\u017e\u0173 sukepinimui Gr\u016bdinimui Atkaitinimui Sendinimui Formavimui Kitiems terminiams procesams<\/p>","protected":false},"featured_media":1834,"template":"","meta":[],"yoast_head":"<!-- This site is optimized with the Yoast SEO plugin v21.6 - https:\/\/yoast.com\/wordpress\/plugins\/seo\/ -->\n<title>Kamerin\u0117s d\u017eiovyklos - Termin\u0117 \u012franga - Labectra<\/title>\n<meta name=\"robots\" content=\"index, follow, max-snippet:-1, max-image-preview:large, max-video-preview:-1\" \/>\n<link rel=\"canonical\" href=\"https:\/\/www.labectra.lt\/en\/product\/kamerines-dziovyklos\/\" \/>\n<meta property=\"og:locale\" content=\"en_GB\" \/>\n<meta property=\"og:type\" content=\"article\" \/>\n<meta property=\"og:title\" content=\"Kamerin\u0117s d\u017eiovyklos - Termin\u0117 \u012franga - Labectra\" \/>\n<meta property=\"og:description\" content=\"Dideli\u0173 gabarit\u0173\u00a0kamerin\u0117s d\u017eiovyklos\u00a0skirtos: Med\u017eiag\u0173 d\u017eiovinimui Da\u017e\u0173 sukepinimui Gr\u016bdinimui Atkaitinimui Sendinimui Formavimui Kitiems terminiams procesams\" \/>\n<meta property=\"og:url\" content=\"https:\/\/www.labectra.lt\/en\/product\/kamerines-dziovyklos\/\" \/>\n<meta property=\"og:site_name\" content=\"Termin\u0117 \u012franga - Labectra\" \/>\n<meta property=\"article:modified_time\" content=\"2019-11-04T23:20:01+00:00\" \/>\n<meta property=\"og:image\" content=\"https:\/\/www.labectra.lt\/wp-content\/uploads\/2019\/09\/kamerines-dziovyklos-1.png\" \/>\n\t<meta property=\"og:image:width\" content=\"763\" \/>\n\t<meta property=\"og:image:height\" content=\"493\" \/>\n\t<meta property=\"og:image:type\" content=\"image\/png\" \/>\n<meta name=\"twitter:card\" content=\"summary_large_image\" \/>\n<script type=\"application\/ld+json\" class=\"yoast-schema-graph\">{\"@context\":\"https:\/\/schema.org\",\"@graph\":[{\"@type\":\"WebPage\",\"@id\":\"https:\/\/www.labectra.lt\/produktas\/kamerines-dziovyklos\/\",\"url\":\"https:\/\/www.labectra.lt\/produktas\/kamerines-dziovyklos\/\",\"name\":\"Kamerin\u0117s d\u017eiovyklos - Termin\u0117 \u012franga - Labectra\",\"isPartOf\":{\"@id\":\"https:\/\/www.labectra.lt\/#website\"},\"datePublished\":\"2019-09-22T12:49:45+00:00\",\"dateModified\":\"2019-11-04T23:20:01+00:00\",\"breadcrumb\":{\"@id\":\"https:\/\/www.labectra.lt\/produktas\/kamerines-dziovyklos\/#breadcrumb\"},\"inLanguage\":\"en-GB\",\"potentialAction\":[{\"@type\":\"ReadAction\",\"target\":[\"https:\/\/www.labectra.lt\/produktas\/kamerines-dziovyklos\/\"]}]},{\"@type\":\"BreadcrumbList\",\"@id\":\"https:\/\/www.labectra.lt\/produktas\/kamerines-dziovyklos\/#breadcrumb\",\"itemListElement\":[{\"@type\":\"ListItem\",\"position\":1,\"name\":\"Home\",\"item\":\"https:\/\/www.labectra.lt\/\"},{\"@type\":\"ListItem\",\"position\":2,\"name\":\"Termin\u0117 \u012franga\",\"item\":\"https:\/\/www.labectra.lt\/termine-iranga\/\"},{\"@type\":\"ListItem\",\"position\":3,\"name\":\"Kamerin\u0117s d\u017eiovyklos\"}]},{\"@type\":\"WebSite\",\"@id\":\"https:\/\/www.labectra.lt\/#website\",\"url\":\"https:\/\/www.labectra.lt\/\",\"name\":\"Termin\u0117 \u012franga - Labectra\",\"description\":\"J\u016bs\u0173 termin\u0117s \u012frangos tiek\u0117jas!\",\"publisher\":{\"@id\":\"https:\/\/www.labectra.lt\/#organization\"},\"potentialAction\":[{\"@type\":\"SearchAction\",\"target\":{\"@type\":\"EntryPoint\",\"urlTemplate\":\"https:\/\/www.labectra.lt\/?s={search_term_string}\"},\"query-input\":\"required name=search_term_string\"}],\"inLanguage\":\"en-GB\"},{\"@type\":\"Organization\",\"@id\":\"https:\/\/www.labectra.lt\/#organization\",\"name\":\"Labectra\",\"url\":\"https:\/\/www.labectra.lt\/\",\"logo\":{\"@type\":\"ImageObject\",\"inLanguage\":\"en-GB\",\"@id\":\"https:\/\/www.labectra.lt\/#\/schema\/logo\/image\/\",\"url\":\"https:\/\/www.labectra.lt\/wp-content\/uploads\/2019\/09\/Logo21.png\",\"contentUrl\":\"https:\/\/www.labectra.lt\/wp-content\/uploads\/2019\/09\/Logo21.png\",\"width\":392,\"height\":58,\"caption\":\"Labectra\"},\"image\":{\"@id\":\"https:\/\/www.labectra.lt\/#\/schema\/logo\/image\/\"}}]}<\/script>\n<!-- \/ Yoast SEO plugin. -->","yoast_head_json":{"title":"Kamerin\u0117s d\u017eiovyklos - Termin\u0117 \u012franga - Labectra","robots":{"index":"index","follow":"follow","max-snippet":"max-snippet:-1","max-image-preview":"max-image-preview:large","max-video-preview":"max-video-preview:-1"},"canonical":"https:\/\/www.labectra.lt\/en\/product\/kamerines-dziovyklos\/","og_locale":"en_GB","og_type":"article","og_title":"Kamerin\u0117s d\u017eiovyklos - Termin\u0117 \u012franga - Labectra","og_description":"Dideli\u0173 gabarit\u0173\u00a0kamerin\u0117s d\u017eiovyklos\u00a0skirtos: Med\u017eiag\u0173 d\u017eiovinimui Da\u017e\u0173 sukepinimui Gr\u016bdinimui Atkaitinimui Sendinimui Formavimui Kitiems terminiams procesams","og_url":"https:\/\/www.labectra.lt\/en\/product\/kamerines-dziovyklos\/","og_site_name":"Termin\u0117 \u012franga - Labectra","article_modified_time":"2019-11-04T23:20:01+00:00","og_image":[{"width":763,"height":493,"url":"https:\/\/www.labectra.lt\/wp-content\/uploads\/2019\/09\/kamerines-dziovyklos-1.png","type":"image\/png"}],"twitter_card":"summary_large_image","schema":{"@context":"https:\/\/schema.org","@graph":[{"@type":"WebPage","@id":"https:\/\/www.labectra.lt\/produktas\/kamerines-dziovyklos\/","url":"https:\/\/www.labectra.lt\/produktas\/kamerines-dziovyklos\/","name":"Kamerin\u0117s d\u017eiovyklos - Termin\u0117 \u012franga - Labectra","isPartOf":{"@id":"https:\/\/www.labectra.lt\/#website"},"datePublished":"2019-09-22T12:49:45+00:00","dateModified":"2019-11-04T23:20:01+00:00","breadcrumb":{"@id":"https:\/\/www.labectra.lt\/produktas\/kamerines-dziovyklos\/#breadcrumb"},"inLanguage":"en-GB","potentialAction":[{"@type":"ReadAction","target":["https:\/\/www.labectra.lt\/produktas\/kamerines-dziovyklos\/"]}]},{"@type":"BreadcrumbList","@id":"https:\/\/www.labectra.lt\/produktas\/kamerines-dziovyklos\/#breadcrumb","itemListElement":[{"@type":"ListItem","position":1,"name":"Home","item":"https:\/\/www.labectra.lt\/"},{"@type":"ListItem","position":2,"name":"Termin\u0117 \u012franga","item":"https:\/\/www.labectra.lt\/termine-iranga\/"},{"@type":"ListItem","position":3,"name":"Kamerin\u0117s d\u017eiovyklos"}]},{"@type":"WebSite","@id":"https:\/\/www.labectra.lt\/#website","url":"https:\/\/www.labectra.lt\/","name":"Termin\u0117 \u012franga - Labectra","description":"J\u016bs\u0173 termin\u0117s \u012frangos tiek\u0117jas!","publisher":{"@id":"https:\/\/www.labectra.lt\/#organization"},"potentialAction":[{"@type":"SearchAction","target":{"@type":"EntryPoint","urlTemplate":"https:\/\/www.labectra.lt\/?s={search_term_string}"},"query-input":"required name=search_term_string"}],"inLanguage":"en-GB"},{"@type":"Organization","@id":"https:\/\/www.labectra.lt\/#organization","name":"Labectra","url":"https:\/\/www.labectra.lt\/","logo":{"@type":"ImageObject","inLanguage":"en-GB","@id":"https:\/\/www.labectra.lt\/#\/schema\/logo\/image\/","url":"https:\/\/www.labectra.lt\/wp-content\/uploads\/2019\/09\/Logo21.png","contentUrl":"https:\/\/www.labectra.lt\/wp-content\/uploads\/2019\/09\/Logo21.png","width":392,"height":58,"caption":"Labectra"},"image":{"@id":"https:\/\/www.labectra.lt\/#\/schema\/logo\/image\/"}}]}},"_links":{"self":[{"href":"https:\/\/www.labectra.lt\/en\/wp-json\/wp\/v2\/product\/2209"}],"collection":[{"href":"https:\/\/www.labectra.lt\/en\/wp-json\/wp\/v2\/product"}],"about":[{"href":"https:\/\/www.labectra.lt\/en\/wp-json\/wp\/v2\/types\/product"}],"wp:featuredmedia":[{"embeddable":true,"href":"https:\/\/www.labectra.lt\/en\/wp-json\/wp\/v2\/media\/1834"}],"wp:attachment":[{"href":"https:\/\/www.labectra.lt\/en\/wp-json\/wp\/v2\/media?parent=2209"}],"curies":[{"name":"wp","href":"https:\/\/api.w.org\/{rel}","templated":true}]}}