{"id":2211,"date":"2019-09-22T15:52:35","date_gmt":"2019-09-22T12:52:35","guid":{"rendered":"https:\/\/www.labectra.lt\/produktas\/zemos-temperaturos-krosnys-su-oro-cirkuliacija\/"},"modified":"2019-11-05T01:19:52","modified_gmt":"2019-11-04T23:19:52","slug":"zemos-temperaturos-krosnys-su-oro-cirkuliacija","status":"publish","type":"product","link":"https:\/\/www.labectra.lt\/en\/product\/zemos-temperaturos-krosnys-su-oro-cirkuliacija\/","title":{"rendered":"Air Circulation Chamber Furnaces"},"content":{"rendered":"<p>Kamerin\u0117 \u017eemos temperat\u016bros krosnys su oro cirkuliacija\u00a0skirtos:<\/p>\n<ul type=\"disc\">\n<li>Drying materials<\/li>\n<li>Tempering<\/li>\n<li>Annealing<\/li>\n<li>Ageing<\/li>\n<li>Normalization<\/li>\n<li>Forming<\/li>\n<li>Thermal processing<\/li>\n<\/ul>\n<p><a href=\"https:\/\/www.labectra.lt\/wp-content\/uploads\/2019\/09\/zemos-temperaturos-krosnys-su-oro-cirkuliacija-2.png\"><img fetchpriority=\"high\" decoding=\"async\" class=\"aligncenter wp-image-1844\" src=\"https:\/\/www.labectra.lt\/wp-content\/uploads\/2019\/09\/zemos-temperaturos-krosnys-su-oro-cirkuliacija-2.png\" alt=\"\u017demos temperat\u016bros krosnys su oro cirkuliacija. Temperat\u016bra: 450-850\u00b0C Kameros talpa: 30-675 l.\" width=\"600\" height=\"326\" srcset=\"https:\/\/www.labectra.lt\/wp-content\/uploads\/2019\/09\/zemos-temperaturos-krosnys-su-oro-cirkuliacija-2.png 784w, https:\/\/www.labectra.lt\/wp-content\/uploads\/2019\/09\/zemos-temperaturos-krosnys-su-oro-cirkuliacija-2-300x163.png 300w, https:\/\/www.labectra.lt\/wp-content\/uploads\/2019\/09\/zemos-temperaturos-krosnys-su-oro-cirkuliacija-2-768x417.png 768w\" sizes=\"(max-width: 600px) 100vw, 600px\" \/><\/a><\/p>","protected":false},"excerpt":{"rendered":"<p>Kamerin\u0117 \u017eemos temperat\u016bros krosnys su oro cirkuliacija\u00a0skirtos: Med\u017eiag\u0173 d\u017eiovinimui Gr\u016bdinimui Atkaitinimui Sendinimui Normalizavimui Formavimui Kitiems terminiams procesams<\/p>","protected":false},"featured_media":1843,"template":"","meta":[],"yoast_head":"<!-- This site is optimized with the Yoast SEO plugin v21.6 - https:\/\/yoast.com\/wordpress\/plugins\/seo\/ -->\n<title>\u017demos temperat\u016bros krosnys su oro cirkuliacija - Termin\u0117 \u012franga - Labectra<\/title>\n<meta name=\"robots\" content=\"index, follow, max-snippet:-1, max-image-preview:large, max-video-preview:-1\" \/>\n<link rel=\"canonical\" href=\"https:\/\/www.labectra.lt\/en\/product\/zemos-temperaturos-krosnys-su-oro-cirkuliacija\/\" \/>\n<meta property=\"og:locale\" content=\"en_GB\" \/>\n<meta property=\"og:type\" content=\"article\" \/>\n<meta property=\"og:title\" content=\"\u017demos temperat\u016bros krosnys su oro cirkuliacija - Termin\u0117 \u012franga - Labectra\" \/>\n<meta property=\"og:description\" content=\"Kamerin\u0117 \u017eemos temperat\u016bros krosnys su oro cirkuliacija\u00a0skirtos: Med\u017eiag\u0173 d\u017eiovinimui Gr\u016bdinimui Atkaitinimui Sendinimui Normalizavimui Formavimui Kitiems terminiams procesams\" \/>\n<meta property=\"og:url\" content=\"https:\/\/www.labectra.lt\/en\/product\/zemos-temperaturos-krosnys-su-oro-cirkuliacija\/\" \/>\n<meta property=\"og:site_name\" content=\"Termin\u0117 \u012franga - Labectra\" \/>\n<meta property=\"article:modified_time\" content=\"2019-11-04T23:19:52+00:00\" \/>\n<meta property=\"og:image\" content=\"https:\/\/www.labectra.lt\/wp-content\/uploads\/2019\/09\/zemos-temperaturos-krosnys-su-oro-cirkuliacija-1.png\" \/>\n\t<meta property=\"og:image:width\" content=\"545\" \/>\n\t<meta property=\"og:image:height\" content=\"461\" \/>\n\t<meta property=\"og:image:type\" content=\"image\/png\" \/>\n<meta name=\"twitter:card\" content=\"summary_large_image\" \/>\n<script type=\"application\/ld+json\" class=\"yoast-schema-graph\">{\"@context\":\"https:\/\/schema.org\",\"@graph\":[{\"@type\":\"WebPage\",\"@id\":\"https:\/\/www.labectra.lt\/en\/product\/zemos-temperaturos-krosnys-su-oro-cirkuliacija\/\",\"url\":\"https:\/\/www.labectra.lt\/en\/product\/zemos-temperaturos-krosnys-su-oro-cirkuliacija\/\",\"name\":\"\u017demos temperat\u016bros krosnys su oro cirkuliacija - Termin\u0117 \u012franga - Labectra\",\"isPartOf\":{\"@id\":\"https:\/\/www.labectra.lt\/#website\"},\"datePublished\":\"2019-09-22T12:52:35+00:00\",\"dateModified\":\"2019-11-04T23:19:52+00:00\",\"breadcrumb\":{\"@id\":\"https:\/\/www.labectra.lt\/en\/product\/zemos-temperaturos-krosnys-su-oro-cirkuliacija\/#breadcrumb\"},\"inLanguage\":\"en-GB\",\"potentialAction\":[{\"@type\":\"ReadAction\",\"target\":[\"https:\/\/www.labectra.lt\/en\/product\/zemos-temperaturos-krosnys-su-oro-cirkuliacija\/\"]}]},{\"@type\":\"BreadcrumbList\",\"@id\":\"https:\/\/www.labectra.lt\/en\/product\/zemos-temperaturos-krosnys-su-oro-cirkuliacija\/#breadcrumb\",\"itemListElement\":[{\"@type\":\"ListItem\",\"position\":1,\"name\":\"Home\",\"item\":\"https:\/\/www.labectra.lt\/\"},{\"@type\":\"ListItem\",\"position\":2,\"name\":\"Termin\u0117 \u012franga\",\"item\":\"https:\/\/www.labectra.lt\/termine-iranga\/\"},{\"@type\":\"ListItem\",\"position\":3,\"name\":\"\u017demos temperat\u016bros krosnys su oro cirkuliacija\"}]},{\"@type\":\"WebSite\",\"@id\":\"https:\/\/www.labectra.lt\/#website\",\"url\":\"https:\/\/www.labectra.lt\/\",\"name\":\"Termin\u0117 \u012franga - Labectra\",\"description\":\"J\u016bs\u0173 termin\u0117s \u012frangos tiek\u0117jas!\",\"publisher\":{\"@id\":\"https:\/\/www.labectra.lt\/#organization\"},\"potentialAction\":[{\"@type\":\"SearchAction\",\"target\":{\"@type\":\"EntryPoint\",\"urlTemplate\":\"https:\/\/www.labectra.lt\/?s={search_term_string}\"},\"query-input\":\"required name=search_term_string\"}],\"inLanguage\":\"en-GB\"},{\"@type\":\"Organization\",\"@id\":\"https:\/\/www.labectra.lt\/#organization\",\"name\":\"Labectra\",\"url\":\"https:\/\/www.labectra.lt\/\",\"logo\":{\"@type\":\"ImageObject\",\"inLanguage\":\"en-GB\",\"@id\":\"https:\/\/www.labectra.lt\/#\/schema\/logo\/image\/\",\"url\":\"https:\/\/www.labectra.lt\/wp-content\/uploads\/2019\/09\/Logo21.png\",\"contentUrl\":\"https:\/\/www.labectra.lt\/wp-content\/uploads\/2019\/09\/Logo21.png\",\"width\":392,\"height\":58,\"caption\":\"Labectra\"},\"image\":{\"@id\":\"https:\/\/www.labectra.lt\/#\/schema\/logo\/image\/\"}}]}<\/script>\n<!-- \/ Yoast SEO plugin. -->","yoast_head_json":{"title":"\u017demos temperat\u016bros krosnys su oro cirkuliacija - Termin\u0117 \u012franga - Labectra","robots":{"index":"index","follow":"follow","max-snippet":"max-snippet:-1","max-image-preview":"max-image-preview:large","max-video-preview":"max-video-preview:-1"},"canonical":"https:\/\/www.labectra.lt\/en\/product\/zemos-temperaturos-krosnys-su-oro-cirkuliacija\/","og_locale":"en_GB","og_type":"article","og_title":"\u017demos temperat\u016bros krosnys su oro cirkuliacija - Termin\u0117 \u012franga - Labectra","og_description":"Kamerin\u0117 \u017eemos temperat\u016bros krosnys su oro cirkuliacija\u00a0skirtos: Med\u017eiag\u0173 d\u017eiovinimui Gr\u016bdinimui Atkaitinimui Sendinimui Normalizavimui Formavimui Kitiems terminiams procesams","og_url":"https:\/\/www.labectra.lt\/en\/product\/zemos-temperaturos-krosnys-su-oro-cirkuliacija\/","og_site_name":"Termin\u0117 \u012franga - Labectra","article_modified_time":"2019-11-04T23:19:52+00:00","og_image":[{"width":545,"height":461,"url":"https:\/\/www.labectra.lt\/wp-content\/uploads\/2019\/09\/zemos-temperaturos-krosnys-su-oro-cirkuliacija-1.png","type":"image\/png"}],"twitter_card":"summary_large_image","schema":{"@context":"https:\/\/schema.org","@graph":[{"@type":"WebPage","@id":"https:\/\/www.labectra.lt\/en\/product\/zemos-temperaturos-krosnys-su-oro-cirkuliacija\/","url":"https:\/\/www.labectra.lt\/en\/product\/zemos-temperaturos-krosnys-su-oro-cirkuliacija\/","name":"\u017demos temperat\u016bros krosnys su oro cirkuliacija - Termin\u0117 \u012franga - Labectra","isPartOf":{"@id":"https:\/\/www.labectra.lt\/#website"},"datePublished":"2019-09-22T12:52:35+00:00","dateModified":"2019-11-04T23:19:52+00:00","breadcrumb":{"@id":"https:\/\/www.labectra.lt\/en\/product\/zemos-temperaturos-krosnys-su-oro-cirkuliacija\/#breadcrumb"},"inLanguage":"en-GB","potentialAction":[{"@type":"ReadAction","target":["https:\/\/www.labectra.lt\/en\/product\/zemos-temperaturos-krosnys-su-oro-cirkuliacija\/"]}]},{"@type":"BreadcrumbList","@id":"https:\/\/www.labectra.lt\/en\/product\/zemos-temperaturos-krosnys-su-oro-cirkuliacija\/#breadcrumb","itemListElement":[{"@type":"ListItem","position":1,"name":"Home","item":"https:\/\/www.labectra.lt\/"},{"@type":"ListItem","position":2,"name":"Termin\u0117 \u012franga","item":"https:\/\/www.labectra.lt\/termine-iranga\/"},{"@type":"ListItem","position":3,"name":"\u017demos temperat\u016bros krosnys su oro cirkuliacija"}]},{"@type":"WebSite","@id":"https:\/\/www.labectra.lt\/#website","url":"https:\/\/www.labectra.lt\/","name":"Termin\u0117 \u012franga - Labectra","description":"J\u016bs\u0173 termin\u0117s \u012frangos tiek\u0117jas!","publisher":{"@id":"https:\/\/www.labectra.lt\/#organization"},"potentialAction":[{"@type":"SearchAction","target":{"@type":"EntryPoint","urlTemplate":"https:\/\/www.labectra.lt\/?s={search_term_string}"},"query-input":"required name=search_term_string"}],"inLanguage":"en-GB"},{"@type":"Organization","@id":"https:\/\/www.labectra.lt\/#organization","name":"Labectra","url":"https:\/\/www.labectra.lt\/","logo":{"@type":"ImageObject","inLanguage":"en-GB","@id":"https:\/\/www.labectra.lt\/#\/schema\/logo\/image\/","url":"https:\/\/www.labectra.lt\/wp-content\/uploads\/2019\/09\/Logo21.png","contentUrl":"https:\/\/www.labectra.lt\/wp-content\/uploads\/2019\/09\/Logo21.png","width":392,"height":58,"caption":"Labectra"},"image":{"@id":"https:\/\/www.labectra.lt\/#\/schema\/logo\/image\/"}}]}},"_links":{"self":[{"href":"https:\/\/www.labectra.lt\/en\/wp-json\/wp\/v2\/product\/2211"}],"collection":[{"href":"https:\/\/www.labectra.lt\/en\/wp-json\/wp\/v2\/product"}],"about":[{"href":"https:\/\/www.labectra.lt\/en\/wp-json\/wp\/v2\/types\/product"}],"wp:featuredmedia":[{"embeddable":true,"href":"https:\/\/www.labectra.lt\/en\/wp-json\/wp\/v2\/media\/1843"}],"wp:attachment":[{"href":"https:\/\/www.labectra.lt\/en\/wp-json\/wp\/v2\/media?parent=2211"}],"curies":[{"name":"wp","href":"https:\/\/api.w.org\/{rel}","templated":true}]}}