{"id":2213,"date":"2019-09-22T15:54:01","date_gmt":"2019-09-22T12:54:01","guid":{"rendered":"https:\/\/www.labectra.lt\/produktas\/zemos-temperaturos-krosnys-su-oro-cirkuliacija-ir-istraukiamu-padu\/"},"modified":"2019-11-05T01:19:41","modified_gmt":"2019-11-04T23:19:41","slug":"zemos-temperaturos-krosnys-su-oro-cirkuliacija-ir-istraukiamu-padu","status":"publish","type":"product","link":"https:\/\/www.labectra.lt\/en\/product\/zemos-temperaturos-krosnys-su-oro-cirkuliacija-ir-istraukiamu-padu\/","title":{"rendered":"Air Circulation Bogie Hearth Furnaces"},"content":{"rendered":"<p class=\" translation-block\">Furnaces with Bogie Hearth for:<\/p>\n<ul>\n<li>Hardening<\/li>\n<li>Deformacij\u0173 suma\u017einimui<\/li>\n<li>Annealing<\/li>\n<li>Ageing<\/li>\n<li>Normalization<\/li>\n<li>Thermal processing<\/li>\n<\/ul>\n<p><a href=\"https:\/\/www.labectra.lt\/wp-content\/uploads\/2019\/09\/zemos-temperaturos-krosnys-su-oro-cirkuliacija-ir-istraukiamu-padu-2.png\"><img fetchpriority=\"high\" decoding=\"async\" class=\"aligncenter wp-image-1846\" src=\"https:\/\/www.labectra.lt\/wp-content\/uploads\/2019\/09\/zemos-temperaturos-krosnys-su-oro-cirkuliacija-ir-istraukiamu-padu-2.png\" sizes=\"(max-width: 600px) 100vw, 600px\" srcset=\"https:\/\/www.labectra.lt\/wp-content\/uploads\/2019\/09\/zemos-temperaturos-krosnys-su-oro-cirkuliacija-ir-istraukiamu-padu-2.png 1310w, https:\/\/www.labectra.lt\/wp-content\/uploads\/2019\/09\/zemos-temperaturos-krosnys-su-oro-cirkuliacija-ir-istraukiamu-padu-2-300x97.png 300w, https:\/\/www.labectra.lt\/wp-content\/uploads\/2019\/09\/zemos-temperaturos-krosnys-su-oro-cirkuliacija-ir-istraukiamu-padu-2-768x247.png 768w, https:\/\/www.labectra.lt\/wp-content\/uploads\/2019\/09\/zemos-temperaturos-krosnys-su-oro-cirkuliacija-ir-istraukiamu-padu-2-1024x330.png 1024w\" alt=\"\u017demos temperat\u016bros krosnys su oro cirkuliacija ir i\u0161traukiamu padu. Temperat\u016bra: 600-850\u00b0C Kameros talpa: 1000-8300 l.\" width=\"600\" height=\"193\" \/><\/a><\/p>","protected":false},"excerpt":{"rendered":"<p>Pramonin\u0117s krosnys\u00a0su i\u0161traukiamu padu skirtos: Metalo gr\u016bdinimui Deformacij\u0173 suma\u017einimui Metalo atkaitinimui Metalo sendinimui Normalizavimui Kitiems terminiams procesams<\/p>","protected":false},"featured_media":1825,"template":"","meta":[],"yoast_head":"<!-- This site is optimized with the Yoast SEO plugin v21.6 - https:\/\/yoast.com\/wordpress\/plugins\/seo\/ -->\n<title>\u017demos temp. su oro cirkuliacija ir i\u0161traukiamu padu - Termin\u0117 \u012franga - Labectra<\/title>\n<meta name=\"robots\" content=\"index, follow, max-snippet:-1, max-image-preview:large, max-video-preview:-1\" \/>\n<link rel=\"canonical\" href=\"https:\/\/www.labectra.lt\/en\/product\/zemos-temperaturos-krosnys-su-oro-cirkuliacija-ir-istraukiamu-padu\/\" \/>\n<meta property=\"og:locale\" content=\"en_GB\" \/>\n<meta property=\"og:type\" content=\"article\" \/>\n<meta property=\"og:title\" content=\"\u017demos temp. su oro cirkuliacija ir i\u0161traukiamu padu - Termin\u0117 \u012franga - Labectra\" \/>\n<meta property=\"og:description\" content=\"Pramonin\u0117s krosnys\u00a0su i\u0161traukiamu padu skirtos: Metalo gr\u016bdinimui Deformacij\u0173 suma\u017einimui Metalo atkaitinimui Metalo sendinimui Normalizavimui Kitiems terminiams procesams\" \/>\n<meta property=\"og:url\" content=\"https:\/\/www.labectra.lt\/en\/product\/zemos-temperaturos-krosnys-su-oro-cirkuliacija-ir-istraukiamu-padu\/\" \/>\n<meta property=\"og:site_name\" content=\"Termin\u0117 \u012franga - Labectra\" \/>\n<meta property=\"article:modified_time\" content=\"2019-11-04T23:19:41+00:00\" \/>\n<meta property=\"og:image\" content=\"https:\/\/www.labectra.lt\/wp-content\/uploads\/2019\/09\/zemos-temperaturos-krosnys-su-oro-cirkuliacija-ir-istraukiamu-padu-1.png\" \/>\n\t<meta property=\"og:image:width\" content=\"641\" \/>\n\t<meta property=\"og:image:height\" content=\"620\" \/>\n\t<meta property=\"og:image:type\" content=\"image\/png\" \/>\n<meta name=\"twitter:card\" content=\"summary_large_image\" \/>\n<script type=\"application\/ld+json\" class=\"yoast-schema-graph\">{\"@context\":\"https:\/\/schema.org\",\"@graph\":[{\"@type\":\"WebPage\",\"@id\":\"https:\/\/www.labectra.lt\/produktas\/zemos-temperaturos-krosnys-su-oro-cirkuliacija-ir-istraukiamu-padu\/\",\"url\":\"https:\/\/www.labectra.lt\/produktas\/zemos-temperaturos-krosnys-su-oro-cirkuliacija-ir-istraukiamu-padu\/\",\"name\":\"\u017demos temp. su oro cirkuliacija ir i\u0161traukiamu padu - Termin\u0117 \u012franga - Labectra\",\"isPartOf\":{\"@id\":\"https:\/\/www.labectra.lt\/#website\"},\"datePublished\":\"2019-09-22T12:54:01+00:00\",\"dateModified\":\"2019-11-04T23:19:41+00:00\",\"breadcrumb\":{\"@id\":\"https:\/\/www.labectra.lt\/produktas\/zemos-temperaturos-krosnys-su-oro-cirkuliacija-ir-istraukiamu-padu\/#breadcrumb\"},\"inLanguage\":\"en-GB\",\"potentialAction\":[{\"@type\":\"ReadAction\",\"target\":[\"https:\/\/www.labectra.lt\/produktas\/zemos-temperaturos-krosnys-su-oro-cirkuliacija-ir-istraukiamu-padu\/\"]}]},{\"@type\":\"BreadcrumbList\",\"@id\":\"https:\/\/www.labectra.lt\/produktas\/zemos-temperaturos-krosnys-su-oro-cirkuliacija-ir-istraukiamu-padu\/#breadcrumb\",\"itemListElement\":[{\"@type\":\"ListItem\",\"position\":1,\"name\":\"Home\",\"item\":\"https:\/\/www.labectra.lt\/\"},{\"@type\":\"ListItem\",\"position\":2,\"name\":\"Termin\u0117 \u012franga\",\"item\":\"https:\/\/www.labectra.lt\/termine-iranga\/\"},{\"@type\":\"ListItem\",\"position\":3,\"name\":\"\u017demos temp. su oro cirkuliacija ir i\u0161traukiamu padu\"}]},{\"@type\":\"WebSite\",\"@id\":\"https:\/\/www.labectra.lt\/#website\",\"url\":\"https:\/\/www.labectra.lt\/\",\"name\":\"Termin\u0117 \u012franga - Labectra\",\"description\":\"J\u016bs\u0173 termin\u0117s \u012frangos tiek\u0117jas!\",\"publisher\":{\"@id\":\"https:\/\/www.labectra.lt\/#organization\"},\"potentialAction\":[{\"@type\":\"SearchAction\",\"target\":{\"@type\":\"EntryPoint\",\"urlTemplate\":\"https:\/\/www.labectra.lt\/?s={search_term_string}\"},\"query-input\":\"required name=search_term_string\"}],\"inLanguage\":\"en-GB\"},{\"@type\":\"Organization\",\"@id\":\"https:\/\/www.labectra.lt\/#organization\",\"name\":\"Labectra\",\"url\":\"https:\/\/www.labectra.lt\/\",\"logo\":{\"@type\":\"ImageObject\",\"inLanguage\":\"en-GB\",\"@id\":\"https:\/\/www.labectra.lt\/#\/schema\/logo\/image\/\",\"url\":\"https:\/\/www.labectra.lt\/wp-content\/uploads\/2019\/09\/Logo21.png\",\"contentUrl\":\"https:\/\/www.labectra.lt\/wp-content\/uploads\/2019\/09\/Logo21.png\",\"width\":392,\"height\":58,\"caption\":\"Labectra\"},\"image\":{\"@id\":\"https:\/\/www.labectra.lt\/#\/schema\/logo\/image\/\"}}]}<\/script>\n<!-- \/ Yoast SEO plugin. -->","yoast_head_json":{"title":"\u017demos temp. su oro cirkuliacija ir i\u0161traukiamu padu - Termin\u0117 \u012franga - Labectra","robots":{"index":"index","follow":"follow","max-snippet":"max-snippet:-1","max-image-preview":"max-image-preview:large","max-video-preview":"max-video-preview:-1"},"canonical":"https:\/\/www.labectra.lt\/en\/product\/zemos-temperaturos-krosnys-su-oro-cirkuliacija-ir-istraukiamu-padu\/","og_locale":"en_GB","og_type":"article","og_title":"\u017demos temp. su oro cirkuliacija ir i\u0161traukiamu padu - Termin\u0117 \u012franga - Labectra","og_description":"Pramonin\u0117s krosnys\u00a0su i\u0161traukiamu padu skirtos: Metalo gr\u016bdinimui Deformacij\u0173 suma\u017einimui Metalo atkaitinimui Metalo sendinimui Normalizavimui Kitiems terminiams procesams","og_url":"https:\/\/www.labectra.lt\/en\/product\/zemos-temperaturos-krosnys-su-oro-cirkuliacija-ir-istraukiamu-padu\/","og_site_name":"Termin\u0117 \u012franga - Labectra","article_modified_time":"2019-11-04T23:19:41+00:00","og_image":[{"width":641,"height":620,"url":"https:\/\/www.labectra.lt\/wp-content\/uploads\/2019\/09\/zemos-temperaturos-krosnys-su-oro-cirkuliacija-ir-istraukiamu-padu-1.png","type":"image\/png"}],"twitter_card":"summary_large_image","schema":{"@context":"https:\/\/schema.org","@graph":[{"@type":"WebPage","@id":"https:\/\/www.labectra.lt\/produktas\/zemos-temperaturos-krosnys-su-oro-cirkuliacija-ir-istraukiamu-padu\/","url":"https:\/\/www.labectra.lt\/produktas\/zemos-temperaturos-krosnys-su-oro-cirkuliacija-ir-istraukiamu-padu\/","name":"\u017demos temp. su oro cirkuliacija ir i\u0161traukiamu padu - Termin\u0117 \u012franga - Labectra","isPartOf":{"@id":"https:\/\/www.labectra.lt\/#website"},"datePublished":"2019-09-22T12:54:01+00:00","dateModified":"2019-11-04T23:19:41+00:00","breadcrumb":{"@id":"https:\/\/www.labectra.lt\/produktas\/zemos-temperaturos-krosnys-su-oro-cirkuliacija-ir-istraukiamu-padu\/#breadcrumb"},"inLanguage":"en-GB","potentialAction":[{"@type":"ReadAction","target":["https:\/\/www.labectra.lt\/produktas\/zemos-temperaturos-krosnys-su-oro-cirkuliacija-ir-istraukiamu-padu\/"]}]},{"@type":"BreadcrumbList","@id":"https:\/\/www.labectra.lt\/produktas\/zemos-temperaturos-krosnys-su-oro-cirkuliacija-ir-istraukiamu-padu\/#breadcrumb","itemListElement":[{"@type":"ListItem","position":1,"name":"Home","item":"https:\/\/www.labectra.lt\/"},{"@type":"ListItem","position":2,"name":"Termin\u0117 \u012franga","item":"https:\/\/www.labectra.lt\/termine-iranga\/"},{"@type":"ListItem","position":3,"name":"\u017demos temp. su oro cirkuliacija ir i\u0161traukiamu padu"}]},{"@type":"WebSite","@id":"https:\/\/www.labectra.lt\/#website","url":"https:\/\/www.labectra.lt\/","name":"Termin\u0117 \u012franga - Labectra","description":"J\u016bs\u0173 termin\u0117s \u012frangos tiek\u0117jas!","publisher":{"@id":"https:\/\/www.labectra.lt\/#organization"},"potentialAction":[{"@type":"SearchAction","target":{"@type":"EntryPoint","urlTemplate":"https:\/\/www.labectra.lt\/?s={search_term_string}"},"query-input":"required name=search_term_string"}],"inLanguage":"en-GB"},{"@type":"Organization","@id":"https:\/\/www.labectra.lt\/#organization","name":"Labectra","url":"https:\/\/www.labectra.lt\/","logo":{"@type":"ImageObject","inLanguage":"en-GB","@id":"https:\/\/www.labectra.lt\/#\/schema\/logo\/image\/","url":"https:\/\/www.labectra.lt\/wp-content\/uploads\/2019\/09\/Logo21.png","contentUrl":"https:\/\/www.labectra.lt\/wp-content\/uploads\/2019\/09\/Logo21.png","width":392,"height":58,"caption":"Labectra"},"image":{"@id":"https:\/\/www.labectra.lt\/#\/schema\/logo\/image\/"}}]}},"_links":{"self":[{"href":"https:\/\/www.labectra.lt\/en\/wp-json\/wp\/v2\/product\/2213"}],"collection":[{"href":"https:\/\/www.labectra.lt\/en\/wp-json\/wp\/v2\/product"}],"about":[{"href":"https:\/\/www.labectra.lt\/en\/wp-json\/wp\/v2\/types\/product"}],"wp:featuredmedia":[{"embeddable":true,"href":"https:\/\/www.labectra.lt\/en\/wp-json\/wp\/v2\/media\/1825"}],"wp:attachment":[{"href":"https:\/\/www.labectra.lt\/en\/wp-json\/wp\/v2\/media?parent=2213"}],"curies":[{"name":"wp","href":"https:\/\/api.w.org\/{rel}","templated":true}]}}