{"id":2217,"date":"2019-09-22T22:16:46","date_gmt":"2019-09-22T19:16:46","guid":{"rendered":"https:\/\/www.labectra.lt\/produktas\/kamerine-grudinimo-krosnis-n-61h\/"},"modified":"2019-11-05T01:16:32","modified_gmt":"2019-11-04T23:16:32","slug":"kamerine-grudinimo-krosnis-n-61h","status":"publish","type":"product","link":"https:\/\/www.labectra.lt\/en\/product\/kamerine-grudinimo-krosnis-n-61h\/","title":{"rendered":"Chamber Furnace N61\/H"},"content":{"rendered":"<p>These universal chamber furnaces with radiation heating have been specifically designed to withstand heavy-duty use in the heat treatment shop. They are particularly useful for processes such as tool making or for hardening jobs, e.g. annealing, hardening and forging. With help of various accessories, these furnaces can be customized to your application requirements.<\/p>\n<p><strong>TECHNICAL CHARACTERISTICS<\/strong><\/p>\n<ul>\n<li>Chamber volume: 60 l<\/li>\n<li>Max. temperature : 1280\u00b0C<\/li>\n<li>Inner chamber dimensions (WxDxH): 350x750x250 mm<\/li>\n<li>External dimensions (WxDxH): 840x1410x1320 mm<\/li>\n<li>Heating power: 20 kW<\/li>\n<li>Voltage: 400 V \/50Hz\/3ph<\/li>\n<li>Weight: 400 Kg<\/li>\n<\/ul>\n<p><strong>CONSTRUCTION OF THE PRODUCT<\/strong><\/p>\n<ul>\n<li>Compact, robust design<\/li>\n<li>Three-sides heating: from both side walls and bottom<\/li>\n<li>Heating elements protected in grooves<\/li>\n<li>Bottom heating protected by heat conducting SiC tiles<\/li>\n<li>Parallel guided downward swinging door (user protected from heat radiation)<\/li>\n<li>Stainless steel upper door jamb protects furnace structure when furnace is opened hot<\/li>\n<li>Exhaust opening in the side of the furnace, or on rear wall of furnace in the N 31\/H models and higher<\/li>\n<li>Temperature uniformity up to +\/- 10 \u00b0C according to DIN 17052-1<\/li>\n<li>Low energy consumption due to multi-layer insulation<\/li>\n<li>Gas spring dampers provide for easy door opening and closing<\/li>\n<\/ul>\n<p>&nbsp;<\/p>\n<p><strong>Jei gaminys neatitinka J\u016bs\u0173 poreikio kreipkit\u0117s nurodytais kontaktais.<\/strong><\/p>\n<p>&nbsp;<\/p>","protected":false},"excerpt":{"rendered":"<p>N60\/H\u00a0&#8211; profesionali ant\u00a0grind\u0173 pastatoma\u00a0kamerin\u0117 krosnis terminiam apdirbimui.\u00a0 Krosnis sukurta kasdieniam naudojimui ir yra tvirtos konstrukcijos. Kaitinimui naudojami vieliniai kaitinimo elementai. TECHNIN\u0116S CHARAKTERISTIKOS Naudinga talpa: 60 l Did\u017eiausia temperat\u016bra : 1280\u00b0C Vidiniai kamaros matmenys (PxGxA): 350x750x250 mm I\u0161oriniai matmenys (PxGxA): 840x1410x1320 mm El. kaitinimo galia: 20 kW \u012etampa: 400 V \/50Hz\/3ph Svoris: 400 Kg GAMINIO KONSTRUKCIJA &hellip;<\/p>\n<p class=\"read-more\"> <a class=\"\" href=\"https:\/\/www.labectra.lt\/en\/product\/kamerine-grudinimo-krosnis-n-61h\/\"> <span class=\"screen-reader-text\">Chamber Furnace N61\/H<\/span> Read More &raquo;<\/a><\/p>","protected":false},"featured_media":1847,"template":"","meta":[],"yoast_head":"<!-- This site is optimized with the Yoast SEO plugin v21.6 - https:\/\/yoast.com\/wordpress\/plugins\/seo\/ -->\n<title>Kamerin\u0117 gr\u016bdinimo krosnis N 61\/H - Termin\u0117 \u012franga - Labectra<\/title>\n<meta name=\"robots\" content=\"index, follow, max-snippet:-1, max-image-preview:large, max-video-preview:-1\" \/>\n<link rel=\"canonical\" href=\"https:\/\/www.labectra.lt\/en\/product\/kamerine-grudinimo-krosnis-n-61h\/\" \/>\n<meta property=\"og:locale\" content=\"en_GB\" \/>\n<meta property=\"og:type\" content=\"article\" \/>\n<meta property=\"og:title\" content=\"Kamerin\u0117 gr\u016bdinimo krosnis N 61\/H - Termin\u0117 \u012franga - Labectra\" \/>\n<meta property=\"og:description\" content=\"N60\/H\u00a0&#8211; profesionali ant\u00a0grind\u0173 pastatoma\u00a0kamerin\u0117 krosnis terminiam apdirbimui.\u00a0 Krosnis sukurta kasdieniam naudojimui ir yra tvirtos konstrukcijos. Kaitinimui naudojami vieliniai kaitinimo elementai. TECHNIN\u0116S CHARAKTERISTIKOS Naudinga talpa: 60 l Did\u017eiausia temperat\u016bra : 1280\u00b0C Vidiniai kamaros matmenys (PxGxA): 350x750x250 mm I\u0161oriniai matmenys (PxGxA): 840x1410x1320 mm El. kaitinimo galia: 20 kW \u012etampa: 400 V \/50Hz\/3ph Svoris: 400 Kg GAMINIO KONSTRUKCIJA &hellip; Kamerin\u0117 gr\u016bdinimo krosnis N 61\/H Read More &raquo;\" \/>\n<meta property=\"og:url\" content=\"https:\/\/www.labectra.lt\/en\/product\/kamerine-grudinimo-krosnis-n-61h\/\" \/>\n<meta property=\"og:site_name\" content=\"Termin\u0117 \u012franga - Labectra\" \/>\n<meta property=\"article:modified_time\" content=\"2019-11-04T23:16:32+00:00\" \/>\n<meta property=\"og:image\" content=\"https:\/\/www.labectra.lt\/wp-content\/uploads\/2019\/09\/kamerine-grudinimo-krosnis-n-41-h.jpg\" \/>\n\t<meta property=\"og:image:width\" content=\"1065\" \/>\n\t<meta property=\"og:image:height\" content=\"1181\" \/>\n\t<meta property=\"og:image:type\" content=\"image\/jpeg\" \/>\n<meta name=\"twitter:card\" content=\"summary_large_image\" \/>\n<meta name=\"twitter:label1\" content=\"Estimated reading time\" \/>\n\t<meta name=\"twitter:data1\" content=\"1 minute\" \/>\n<script type=\"application\/ld+json\" class=\"yoast-schema-graph\">{\"@context\":\"https:\/\/schema.org\",\"@graph\":[{\"@type\":\"WebPage\",\"@id\":\"https:\/\/www.labectra.lt\/produktas\/kamerine-grudinimo-krosnis-n-61h\/\",\"url\":\"https:\/\/www.labectra.lt\/produktas\/kamerine-grudinimo-krosnis-n-61h\/\",\"name\":\"Kamerin\u0117 gr\u016bdinimo krosnis N 61\/H - Termin\u0117 \u012franga - Labectra\",\"isPartOf\":{\"@id\":\"https:\/\/www.labectra.lt\/#website\"},\"datePublished\":\"2019-09-22T19:16:46+00:00\",\"dateModified\":\"2019-11-04T23:16:32+00:00\",\"breadcrumb\":{\"@id\":\"https:\/\/www.labectra.lt\/produktas\/kamerine-grudinimo-krosnis-n-61h\/#breadcrumb\"},\"inLanguage\":\"en-GB\",\"potentialAction\":[{\"@type\":\"ReadAction\",\"target\":[\"https:\/\/www.labectra.lt\/produktas\/kamerine-grudinimo-krosnis-n-61h\/\"]}]},{\"@type\":\"BreadcrumbList\",\"@id\":\"https:\/\/www.labectra.lt\/produktas\/kamerine-grudinimo-krosnis-n-61h\/#breadcrumb\",\"itemListElement\":[{\"@type\":\"ListItem\",\"position\":1,\"name\":\"Home\",\"item\":\"https:\/\/www.labectra.lt\/\"},{\"@type\":\"ListItem\",\"position\":2,\"name\":\"Termin\u0117 \u012franga\",\"item\":\"https:\/\/www.labectra.lt\/termine-iranga\/\"},{\"@type\":\"ListItem\",\"position\":3,\"name\":\"Kamerin\u0117 gr\u016bdinimo krosnis N 61\/H\"}]},{\"@type\":\"WebSite\",\"@id\":\"https:\/\/www.labectra.lt\/#website\",\"url\":\"https:\/\/www.labectra.lt\/\",\"name\":\"Termin\u0117 \u012franga - Labectra\",\"description\":\"J\u016bs\u0173 termin\u0117s \u012frangos tiek\u0117jas!\",\"publisher\":{\"@id\":\"https:\/\/www.labectra.lt\/#organization\"},\"potentialAction\":[{\"@type\":\"SearchAction\",\"target\":{\"@type\":\"EntryPoint\",\"urlTemplate\":\"https:\/\/www.labectra.lt\/?s={search_term_string}\"},\"query-input\":\"required name=search_term_string\"}],\"inLanguage\":\"en-GB\"},{\"@type\":\"Organization\",\"@id\":\"https:\/\/www.labectra.lt\/#organization\",\"name\":\"Labectra\",\"url\":\"https:\/\/www.labectra.lt\/\",\"logo\":{\"@type\":\"ImageObject\",\"inLanguage\":\"en-GB\",\"@id\":\"https:\/\/www.labectra.lt\/#\/schema\/logo\/image\/\",\"url\":\"https:\/\/www.labectra.lt\/wp-content\/uploads\/2019\/09\/Logo21.png\",\"contentUrl\":\"https:\/\/www.labectra.lt\/wp-content\/uploads\/2019\/09\/Logo21.png\",\"width\":392,\"height\":58,\"caption\":\"Labectra\"},\"image\":{\"@id\":\"https:\/\/www.labectra.lt\/#\/schema\/logo\/image\/\"}}]}<\/script>\n<!-- \/ Yoast SEO plugin. -->","yoast_head_json":{"title":"Kamerin\u0117 gr\u016bdinimo krosnis N 61\/H - Termin\u0117 \u012franga - Labectra","robots":{"index":"index","follow":"follow","max-snippet":"max-snippet:-1","max-image-preview":"max-image-preview:large","max-video-preview":"max-video-preview:-1"},"canonical":"https:\/\/www.labectra.lt\/en\/product\/kamerine-grudinimo-krosnis-n-61h\/","og_locale":"en_GB","og_type":"article","og_title":"Kamerin\u0117 gr\u016bdinimo krosnis N 61\/H - Termin\u0117 \u012franga - Labectra","og_description":"N60\/H\u00a0&#8211; profesionali ant\u00a0grind\u0173 pastatoma\u00a0kamerin\u0117 krosnis terminiam apdirbimui.\u00a0 Krosnis sukurta kasdieniam naudojimui ir yra tvirtos konstrukcijos. Kaitinimui naudojami vieliniai kaitinimo elementai. TECHNIN\u0116S CHARAKTERISTIKOS Naudinga talpa: 60 l Did\u017eiausia temperat\u016bra : 1280\u00b0C Vidiniai kamaros matmenys (PxGxA): 350x750x250 mm I\u0161oriniai matmenys (PxGxA): 840x1410x1320 mm El. kaitinimo galia: 20 kW \u012etampa: 400 V \/50Hz\/3ph Svoris: 400 Kg GAMINIO KONSTRUKCIJA &hellip; Kamerin\u0117 gr\u016bdinimo krosnis N 61\/H Read More &raquo;","og_url":"https:\/\/www.labectra.lt\/en\/product\/kamerine-grudinimo-krosnis-n-61h\/","og_site_name":"Termin\u0117 \u012franga - Labectra","article_modified_time":"2019-11-04T23:16:32+00:00","og_image":[{"width":1065,"height":1181,"url":"https:\/\/www.labectra.lt\/wp-content\/uploads\/2019\/09\/kamerine-grudinimo-krosnis-n-41-h.jpg","type":"image\/jpeg"}],"twitter_card":"summary_large_image","twitter_misc":{"Estimated reading time":"1 minute"},"schema":{"@context":"https:\/\/schema.org","@graph":[{"@type":"WebPage","@id":"https:\/\/www.labectra.lt\/produktas\/kamerine-grudinimo-krosnis-n-61h\/","url":"https:\/\/www.labectra.lt\/produktas\/kamerine-grudinimo-krosnis-n-61h\/","name":"Kamerin\u0117 gr\u016bdinimo krosnis N 61\/H - Termin\u0117 \u012franga - Labectra","isPartOf":{"@id":"https:\/\/www.labectra.lt\/#website"},"datePublished":"2019-09-22T19:16:46+00:00","dateModified":"2019-11-04T23:16:32+00:00","breadcrumb":{"@id":"https:\/\/www.labectra.lt\/produktas\/kamerine-grudinimo-krosnis-n-61h\/#breadcrumb"},"inLanguage":"en-GB","potentialAction":[{"@type":"ReadAction","target":["https:\/\/www.labectra.lt\/produktas\/kamerine-grudinimo-krosnis-n-61h\/"]}]},{"@type":"BreadcrumbList","@id":"https:\/\/www.labectra.lt\/produktas\/kamerine-grudinimo-krosnis-n-61h\/#breadcrumb","itemListElement":[{"@type":"ListItem","position":1,"name":"Home","item":"https:\/\/www.labectra.lt\/"},{"@type":"ListItem","position":2,"name":"Termin\u0117 \u012franga","item":"https:\/\/www.labectra.lt\/termine-iranga\/"},{"@type":"ListItem","position":3,"name":"Kamerin\u0117 gr\u016bdinimo krosnis N 61\/H"}]},{"@type":"WebSite","@id":"https:\/\/www.labectra.lt\/#website","url":"https:\/\/www.labectra.lt\/","name":"Termin\u0117 \u012franga - Labectra","description":"J\u016bs\u0173 termin\u0117s \u012frangos tiek\u0117jas!","publisher":{"@id":"https:\/\/www.labectra.lt\/#organization"},"potentialAction":[{"@type":"SearchAction","target":{"@type":"EntryPoint","urlTemplate":"https:\/\/www.labectra.lt\/?s={search_term_string}"},"query-input":"required name=search_term_string"}],"inLanguage":"en-GB"},{"@type":"Organization","@id":"https:\/\/www.labectra.lt\/#organization","name":"Labectra","url":"https:\/\/www.labectra.lt\/","logo":{"@type":"ImageObject","inLanguage":"en-GB","@id":"https:\/\/www.labectra.lt\/#\/schema\/logo\/image\/","url":"https:\/\/www.labectra.lt\/wp-content\/uploads\/2019\/09\/Logo21.png","contentUrl":"https:\/\/www.labectra.lt\/wp-content\/uploads\/2019\/09\/Logo21.png","width":392,"height":58,"caption":"Labectra"},"image":{"@id":"https:\/\/www.labectra.lt\/#\/schema\/logo\/image\/"}}]}},"_links":{"self":[{"href":"https:\/\/www.labectra.lt\/en\/wp-json\/wp\/v2\/product\/2217"}],"collection":[{"href":"https:\/\/www.labectra.lt\/en\/wp-json\/wp\/v2\/product"}],"about":[{"href":"https:\/\/www.labectra.lt\/en\/wp-json\/wp\/v2\/types\/product"}],"wp:featuredmedia":[{"embeddable":true,"href":"https:\/\/www.labectra.lt\/en\/wp-json\/wp\/v2\/media\/1847"}],"wp:attachment":[{"href":"https:\/\/www.labectra.lt\/en\/wp-json\/wp\/v2\/media?parent=2217"}],"curies":[{"name":"wp","href":"https:\/\/api.w.org\/{rel}","templated":true}]}}