{"id":2233,"date":"2019-09-27T10:49:05","date_gmt":"2019-09-27T07:49:05","guid":{"rendered":"https:\/\/www.labectra.lt\/produktas\/laboratoriniai-saldytuvai-frl-serijos-linija-2\/"},"modified":"2019-11-05T00:47:00","modified_gmt":"2019-11-04T22:47:00","slug":"laboratoriniai-saldytuvai-frl-serijos-linija-2","status":"publish","type":"product","link":"https:\/\/www.labectra.lt\/en\/product\/laboratoriniai-saldytuvai-frl-serijos-linija-2\/","title":{"rendered":"Laboratory Refrigerators FRL series"},"content":{"rendered":"<p style=\"font-weight: 400;\"><b><strong>Laboratory Refrigerators 360V<\/strong><\/b><\/p>\n<p style=\"font-weight: 400;\"><b><strong>Structure<\/strong><\/b>\u00a0\/Models fully metallic phosphate coated steel plate.<\/p>\n<p style=\"font-weight: 400;\">White epoxy powder painting to ensure durability.<\/p>\n<p style=\"font-weight: 400;\">Internal chamber abrasion proof special plastic.<\/p>\n<p style=\"font-weight: 400;\">FRL models are equipped with adjustable feet for proper positioning. FRL M models are provided with rollers for easy moving and adjustable feet for positioning.<\/p>\n<p style=\"font-weight: 400;\"><b><strong>Door<\/strong><\/b>\u00a0\/Made with same features of the frame, with variable hinge according to the needs.<\/p>\n<p style=\"font-weight: 400;\">External key lock.<\/p>\n<p style=\"font-weight: 400;\">Possibility to have triple glass door.<\/p>\n<p style=\"font-weight: 400;\"><b><strong>Shelves Grid\u00a0<\/strong><\/b>\/ Shelves adjustable in height.<\/p>\n<p style=\"font-weight: 400;\"><b><strong>Inner lamp<\/strong><\/b>\u00a0\/Door open courtesy light for glass door models only.<\/p>\n<p style=\"font-weight: 400;\"><b><strong>Insulation<\/strong><\/b>\u00a0\/Injected HCFC-free foamed polyurethane. The 50 mm thickness.<\/p>\n<p style=\"font-weight: 400;\"><b><strong>Cooling system<\/strong><\/b>\u00a0\/Completely sealed, silent and highly efficient hermetic compressor using ecological refrigerants.<\/p>\n<p style=\"font-weight: 400;\">Ventilated air condenser.<\/p>\n<p style=\"font-weight: 400;\">Internal ventilated evaporator.<\/p>\n<p style=\"font-weight: 400;\"><b><strong>Regulation and control system\u00a0<\/strong><\/b>\/FRL: External electronic thermostat for temperature adjustment. Electronic digital indicator installed on the door.<\/p>\n<p>&nbsp;<\/p>\n<p style=\"font-weight: 400;\"><b><strong>Technical parameters<\/strong><\/b><b><\/b><\/p>\n<table style=\"font-weight: 400;\" width=\"643\">\n<tbody>\n<tr>\n<td width=\"321\">Type<\/td>\n<td width=\"321\">FRL 360 V<\/td>\n<\/tr>\n<tr>\n<td width=\"321\">Capacity (l)<\/td>\n<td width=\"321\">\u00a0360<\/td>\n<\/tr>\n<tr>\n<td width=\"321\">Temperature range (\u00b0C)<\/td>\n<td width=\"321\">+2\/+14<\/td>\n<\/tr>\n<tr>\n<td width=\"321\">Supply voltage (V)<\/td>\n<td width=\"321\">\u00a0208-230V\/50Hz<\/td>\n<\/tr>\n<tr>\n<td width=\"321\">Maximum absorbed current (A)<\/td>\n<td width=\"321\">0,8\/1,5 (glass door)<\/td>\n<\/tr>\n<tr>\n<td width=\"321\">Cooling gas<\/td>\n<td width=\"321\">R600a<\/td>\n<\/tr>\n<tr>\n<td width=\"321\">External dimensions (mm)<\/td>\n<td width=\"321\">600x610x1640 (1860)<\/td>\n<\/tr>\n<tr>\n<td width=\"321\">Internal dimensions (mm)<\/td>\n<td width=\"321\">470x440x1452<\/td>\n<\/tr>\n<tr>\n<td width=\"321\">Overall weight with standard packaging (Kg)<\/td>\n<td width=\"321\">72\/90<\/td>\n<\/tr>\n<tr>\n<td width=\"321\">Noise level (dbA)<\/td>\n<td width=\"321\">\u00a043<\/td>\n<\/tr>\n<\/tbody>\n<\/table>\n<p>&nbsp;<\/p>","protected":false},"excerpt":{"rendered":"<p>Laboratorinis \u0161aldytuvas 360V Konstrukcija\u00a0\/ Metalin\u0117 dalis padengta korozijai atsparia danga. Nuda\u017eoma baltais epoksidiniais milteliais, kad u\u017etikrint\u0173 ilgaam\u017ei\u0161kum\u0105. Vidin\u0117 kamera yra i\u0161 trin\u010diai atsparaus plastiko. FRL modeliuose yra sumontuota reguliuojamos kojel\u0117s. Durys\u00a0\/ Tokios pa\u010dios konstrukcijos kaip r\u0117mas, su kei\u010diamais lankstais. I\u0161orinis u\u017eraktas. Galimyb\u0117 tur\u0117ti trigubo stiklo duris. Lentyn\u0173 grotel\u0117s \/\u00a0Lentynos reguliuojamo auk\u0161\u010dio. Vidinis ap\u0161vietimas\u00a0\/ Durims atsidarius &hellip;<\/p>\n<p class=\"read-more\"> <a class=\"\" href=\"https:\/\/www.labectra.lt\/en\/product\/laboratoriniai-saldytuvai-frl-serijos-linija-2\/\"> <span class=\"screen-reader-text\">Laboratory Refrigerators FRL series<\/span> Read More &raquo;<\/a><\/p>","protected":false},"featured_media":2109,"template":"","meta":[],"yoast_head":"<!-- This site is optimized with the Yoast SEO plugin v21.6 - https:\/\/yoast.com\/wordpress\/plugins\/seo\/ -->\n<title>Laboratoriniai \u0161aldytuvai FRL serijos linija - Termin\u0117 \u012franga - Labectra<\/title>\n<meta name=\"robots\" content=\"index, follow, max-snippet:-1, max-image-preview:large, max-video-preview:-1\" \/>\n<link rel=\"canonical\" href=\"https:\/\/www.labectra.lt\/en\/product\/laboratoriniai-saldytuvai-frl-serijos-linija-2\/\" \/>\n<meta property=\"og:locale\" content=\"en_GB\" \/>\n<meta property=\"og:type\" content=\"article\" \/>\n<meta property=\"og:title\" content=\"Laboratoriniai \u0161aldytuvai FRL serijos linija - Termin\u0117 \u012franga - Labectra\" \/>\n<meta property=\"og:description\" content=\"Laboratorinis \u0161aldytuvas 360V Konstrukcija\u00a0\/ Metalin\u0117 dalis padengta korozijai atsparia danga. Nuda\u017eoma baltais epoksidiniais milteliais, kad u\u017etikrint\u0173 ilgaam\u017ei\u0161kum\u0105. Vidin\u0117 kamera yra i\u0161 trin\u010diai atsparaus plastiko. FRL modeliuose yra sumontuota reguliuojamos kojel\u0117s. Durys\u00a0\/ Tokios pa\u010dios konstrukcijos kaip r\u0117mas, su kei\u010diamais lankstais. I\u0161orinis u\u017eraktas. Galimyb\u0117 tur\u0117ti trigubo stiklo duris. Lentyn\u0173 grotel\u0117s \/\u00a0Lentynos reguliuojamo auk\u0161\u010dio. Vidinis ap\u0161vietimas\u00a0\/ Durims atsidarius &hellip; Laboratoriniai \u0161aldytuvai FRL serijos linija Read More &raquo;\" \/>\n<meta property=\"og:url\" content=\"https:\/\/www.labectra.lt\/en\/product\/laboratoriniai-saldytuvai-frl-serijos-linija-2\/\" \/>\n<meta property=\"og:site_name\" content=\"Termin\u0117 \u012franga - Labectra\" \/>\n<meta property=\"article:modified_time\" content=\"2019-11-04T22:47:00+00:00\" \/>\n<meta property=\"og:image\" content=\"https:\/\/www.labectra.lt\/wp-content\/uploads\/2019\/10\/laboratoriniai-saldytuvai.jpg\" \/>\n\t<meta property=\"og:image:width\" content=\"227\" \/>\n\t<meta property=\"og:image:height\" content=\"227\" \/>\n\t<meta property=\"og:image:type\" content=\"image\/jpeg\" \/>\n<meta name=\"twitter:card\" content=\"summary_large_image\" \/>\n<meta name=\"twitter:label1\" content=\"Estimated reading time\" \/>\n\t<meta name=\"twitter:data1\" content=\"1 minute\" \/>\n<script type=\"application\/ld+json\" class=\"yoast-schema-graph\">{\"@context\":\"https:\/\/schema.org\",\"@graph\":[{\"@type\":\"WebPage\",\"@id\":\"https:\/\/www.labectra.lt\/produktas\/laboratoriniai-saldytuvai-frl-serijos-linija-2\/\",\"url\":\"https:\/\/www.labectra.lt\/produktas\/laboratoriniai-saldytuvai-frl-serijos-linija-2\/\",\"name\":\"Laboratoriniai \u0161aldytuvai FRL serijos linija - Termin\u0117 \u012franga - Labectra\",\"isPartOf\":{\"@id\":\"https:\/\/www.labectra.lt\/#website\"},\"datePublished\":\"2019-09-27T07:49:05+00:00\",\"dateModified\":\"2019-11-04T22:47:00+00:00\",\"breadcrumb\":{\"@id\":\"https:\/\/www.labectra.lt\/produktas\/laboratoriniai-saldytuvai-frl-serijos-linija-2\/#breadcrumb\"},\"inLanguage\":\"en-GB\",\"potentialAction\":[{\"@type\":\"ReadAction\",\"target\":[\"https:\/\/www.labectra.lt\/produktas\/laboratoriniai-saldytuvai-frl-serijos-linija-2\/\"]}]},{\"@type\":\"BreadcrumbList\",\"@id\":\"https:\/\/www.labectra.lt\/produktas\/laboratoriniai-saldytuvai-frl-serijos-linija-2\/#breadcrumb\",\"itemListElement\":[{\"@type\":\"ListItem\",\"position\":1,\"name\":\"Home\",\"item\":\"https:\/\/www.labectra.lt\/\"},{\"@type\":\"ListItem\",\"position\":2,\"name\":\"Termin\u0117 \u012franga\",\"item\":\"https:\/\/www.labectra.lt\/termine-iranga\/\"},{\"@type\":\"ListItem\",\"position\":3,\"name\":\"Laboratoriniai \u0161aldytuvai FRL serijos linija\"}]},{\"@type\":\"WebSite\",\"@id\":\"https:\/\/www.labectra.lt\/#website\",\"url\":\"https:\/\/www.labectra.lt\/\",\"name\":\"Termin\u0117 \u012franga - Labectra\",\"description\":\"J\u016bs\u0173 termin\u0117s \u012frangos tiek\u0117jas!\",\"publisher\":{\"@id\":\"https:\/\/www.labectra.lt\/#organization\"},\"potentialAction\":[{\"@type\":\"SearchAction\",\"target\":{\"@type\":\"EntryPoint\",\"urlTemplate\":\"https:\/\/www.labectra.lt\/?s={search_term_string}\"},\"query-input\":\"required name=search_term_string\"}],\"inLanguage\":\"en-GB\"},{\"@type\":\"Organization\",\"@id\":\"https:\/\/www.labectra.lt\/#organization\",\"name\":\"Labectra\",\"url\":\"https:\/\/www.labectra.lt\/\",\"logo\":{\"@type\":\"ImageObject\",\"inLanguage\":\"en-GB\",\"@id\":\"https:\/\/www.labectra.lt\/#\/schema\/logo\/image\/\",\"url\":\"https:\/\/www.labectra.lt\/wp-content\/uploads\/2019\/09\/Logo21.png\",\"contentUrl\":\"https:\/\/www.labectra.lt\/wp-content\/uploads\/2019\/09\/Logo21.png\",\"width\":392,\"height\":58,\"caption\":\"Labectra\"},\"image\":{\"@id\":\"https:\/\/www.labectra.lt\/#\/schema\/logo\/image\/\"}}]}<\/script>\n<!-- \/ Yoast SEO plugin. -->","yoast_head_json":{"title":"Laboratoriniai \u0161aldytuvai FRL serijos linija - Termin\u0117 \u012franga - Labectra","robots":{"index":"index","follow":"follow","max-snippet":"max-snippet:-1","max-image-preview":"max-image-preview:large","max-video-preview":"max-video-preview:-1"},"canonical":"https:\/\/www.labectra.lt\/en\/product\/laboratoriniai-saldytuvai-frl-serijos-linija-2\/","og_locale":"en_GB","og_type":"article","og_title":"Laboratoriniai \u0161aldytuvai FRL serijos linija - Termin\u0117 \u012franga - Labectra","og_description":"Laboratorinis \u0161aldytuvas 360V Konstrukcija\u00a0\/ Metalin\u0117 dalis padengta korozijai atsparia danga. Nuda\u017eoma baltais epoksidiniais milteliais, kad u\u017etikrint\u0173 ilgaam\u017ei\u0161kum\u0105. Vidin\u0117 kamera yra i\u0161 trin\u010diai atsparaus plastiko. FRL modeliuose yra sumontuota reguliuojamos kojel\u0117s. Durys\u00a0\/ Tokios pa\u010dios konstrukcijos kaip r\u0117mas, su kei\u010diamais lankstais. I\u0161orinis u\u017eraktas. Galimyb\u0117 tur\u0117ti trigubo stiklo duris. Lentyn\u0173 grotel\u0117s \/\u00a0Lentynos reguliuojamo auk\u0161\u010dio. Vidinis ap\u0161vietimas\u00a0\/ Durims atsidarius &hellip; Laboratoriniai \u0161aldytuvai FRL serijos linija Read More &raquo;","og_url":"https:\/\/www.labectra.lt\/en\/product\/laboratoriniai-saldytuvai-frl-serijos-linija-2\/","og_site_name":"Termin\u0117 \u012franga - Labectra","article_modified_time":"2019-11-04T22:47:00+00:00","og_image":[{"width":227,"height":227,"url":"https:\/\/www.labectra.lt\/wp-content\/uploads\/2019\/10\/laboratoriniai-saldytuvai.jpg","type":"image\/jpeg"}],"twitter_card":"summary_large_image","twitter_misc":{"Estimated reading time":"1 minute"},"schema":{"@context":"https:\/\/schema.org","@graph":[{"@type":"WebPage","@id":"https:\/\/www.labectra.lt\/produktas\/laboratoriniai-saldytuvai-frl-serijos-linija-2\/","url":"https:\/\/www.labectra.lt\/produktas\/laboratoriniai-saldytuvai-frl-serijos-linija-2\/","name":"Laboratoriniai \u0161aldytuvai FRL serijos linija - Termin\u0117 \u012franga - Labectra","isPartOf":{"@id":"https:\/\/www.labectra.lt\/#website"},"datePublished":"2019-09-27T07:49:05+00:00","dateModified":"2019-11-04T22:47:00+00:00","breadcrumb":{"@id":"https:\/\/www.labectra.lt\/produktas\/laboratoriniai-saldytuvai-frl-serijos-linija-2\/#breadcrumb"},"inLanguage":"en-GB","potentialAction":[{"@type":"ReadAction","target":["https:\/\/www.labectra.lt\/produktas\/laboratoriniai-saldytuvai-frl-serijos-linija-2\/"]}]},{"@type":"BreadcrumbList","@id":"https:\/\/www.labectra.lt\/produktas\/laboratoriniai-saldytuvai-frl-serijos-linija-2\/#breadcrumb","itemListElement":[{"@type":"ListItem","position":1,"name":"Home","item":"https:\/\/www.labectra.lt\/"},{"@type":"ListItem","position":2,"name":"Termin\u0117 \u012franga","item":"https:\/\/www.labectra.lt\/termine-iranga\/"},{"@type":"ListItem","position":3,"name":"Laboratoriniai \u0161aldytuvai FRL serijos linija"}]},{"@type":"WebSite","@id":"https:\/\/www.labectra.lt\/#website","url":"https:\/\/www.labectra.lt\/","name":"Termin\u0117 \u012franga - Labectra","description":"J\u016bs\u0173 termin\u0117s \u012frangos tiek\u0117jas!","publisher":{"@id":"https:\/\/www.labectra.lt\/#organization"},"potentialAction":[{"@type":"SearchAction","target":{"@type":"EntryPoint","urlTemplate":"https:\/\/www.labectra.lt\/?s={search_term_string}"},"query-input":"required name=search_term_string"}],"inLanguage":"en-GB"},{"@type":"Organization","@id":"https:\/\/www.labectra.lt\/#organization","name":"Labectra","url":"https:\/\/www.labectra.lt\/","logo":{"@type":"ImageObject","inLanguage":"en-GB","@id":"https:\/\/www.labectra.lt\/#\/schema\/logo\/image\/","url":"https:\/\/www.labectra.lt\/wp-content\/uploads\/2019\/09\/Logo21.png","contentUrl":"https:\/\/www.labectra.lt\/wp-content\/uploads\/2019\/09\/Logo21.png","width":392,"height":58,"caption":"Labectra"},"image":{"@id":"https:\/\/www.labectra.lt\/#\/schema\/logo\/image\/"}}]}},"_links":{"self":[{"href":"https:\/\/www.labectra.lt\/en\/wp-json\/wp\/v2\/product\/2233"}],"collection":[{"href":"https:\/\/www.labectra.lt\/en\/wp-json\/wp\/v2\/product"}],"about":[{"href":"https:\/\/www.labectra.lt\/en\/wp-json\/wp\/v2\/types\/product"}],"wp:featuredmedia":[{"embeddable":true,"href":"https:\/\/www.labectra.lt\/en\/wp-json\/wp\/v2\/media\/2109"}],"wp:attachment":[{"href":"https:\/\/www.labectra.lt\/en\/wp-json\/wp\/v2\/media?parent=2233"}],"curies":[{"name":"wp","href":"https:\/\/api.w.org\/{rel}","templated":true}]}}