{"id":2235,"date":"2019-09-27T10:49:05","date_gmt":"2019-09-27T07:49:05","guid":{"rendered":"https:\/\/www.labectra.lt\/produktas\/laboratoriniai-saldytuvai-saldikliai-fcl-400-2-tn-2ts-v\/"},"modified":"2019-11-05T01:34:51","modified_gmt":"2019-11-04T23:34:51","slug":"laboratoriniai-saldytuvai-saldikliai-fcl-400-2-tn-2ts-v","status":"publish","type":"product","link":"https:\/\/www.labectra.lt\/en\/product\/laboratoriniai-saldytuvai-saldikliai-fcl-400-2-tn-2ts-v\/","title":{"rendered":"Laboratory Refrigerators - Freezers FCL 400\/2 TN-2TS V"},"content":{"rendered":"<p><b><strong>Laboratory Refrigerators - Freezers FCL 400\/2 TN-2TS V<\/strong><\/b><\/p>\n<p><b><strong>Structure<\/strong><\/b>\u00a0\/FCL models fully metallic phosphate coated steel plate.<\/p>\n<p>White epoxy powder painting to ensure durability.<\/p>\n<p>Internal chamber abrasion proof special plastic.<\/p>\n<p>FCL models are equipped with adjustable feet for positioning.<\/p>\n<p><b><strong>Door<\/strong><\/b>\u00a0\/N\u00b0 2 doors made with same features of the frame, with variable hinge according to the<\/p>\n<p>External key lock.<\/p>\n<p><b><strong>Shelves - Drawers Grid \/\u00a0<\/strong><\/b>Shelves adjustable in height and transparent plastic baskets for refrigerators compartment and plastic drawers.<\/p>\n<p><b><strong>Inner lamp<\/strong><\/b>\u00a0\/Door open courtesy light for refrigerator compartment only.<\/p>\n<p><b><strong>Insulation<\/strong><\/b>\u00a0\/Injected HCFC-free foamed polyurethane. The 40 mm thickness for refrigerator compartment and 80 mm for freezer compartment.<\/p>\n<p><b><strong>Cooling system<\/strong><\/b>\u00a0\/Completely sealed, silent and highly efficient hermetic compressor using ecological refrigerants.<\/p>\n<p>Ventilated air condenser.<\/p>\n<p>Internal ventilated evaporator (for refrigerator compartment only).<\/p>\n<p><b><strong>Regulation and control system \/\u00a0<\/strong><\/b>Internal temperature for both compartment.<\/p>\n<p>&nbsp;<\/p>\n<p><b><strong>Technical parameters<\/strong><\/b><b><\/b><\/p>\n<table style=\"width: 100%;\" width=\"643\">\n<tbody>\n<tr>\n<td style=\"width: 58.8015%;\" width=\"379\">Type<\/td>\n<td style=\"width: 41.1049%;\" width=\"264\">FCL 400\/2 TN-2TS V<\/td>\n<\/tr>\n<tr>\n<td style=\"width: 58.8015%;\" width=\"379\">Nominal capacity refrigerator compartment (l)<\/td>\n<td style=\"width: 41.1049%;\" width=\"264\">260<\/td>\n<\/tr>\n<tr>\n<td style=\"width: 58.8015%;\" width=\"379\">Nominal capacity freezer compartment (l)<\/td>\n<td style=\"width: 41.1049%;\" width=\"264\">100<\/td>\n<\/tr>\n<tr>\n<td style=\"width: 58.8015%;\" width=\"379\">Temperature range refrigerator compartment (\u00baC)<\/td>\n<td style=\"width: 41.1049%;\" width=\"264\">+1\/+9<\/td>\n<\/tr>\n<tr>\n<td style=\"width: 58.8015%;\" width=\"379\">Temperature range freezer compartment (\u00baC)<\/td>\n<td style=\"width: 41.1049%;\" width=\"264\">-15\/-32<\/td>\n<\/tr>\n<tr>\n<td style=\"width: 58.8015%;\" width=\"379\">Supply voltage (V)<\/td>\n<td style=\"width: 41.1049%;\" width=\"264\">208 230V\/50Hz<\/td>\n<\/tr>\n<tr>\n<td style=\"width: 58.8015%;\" width=\"379\">Maximum absorbed current (A)<\/td>\n<td style=\"width: 41.1049%;\" width=\"264\">2<\/td>\n<\/tr>\n<tr>\n<td style=\"width: 58.8015%;\" width=\"379\">Cooling gas<\/td>\n<td style=\"width: 41.1049%;\" width=\"264\">R600a<\/td>\n<\/tr>\n<tr>\n<td style=\"width: 58.8015%;\" width=\"379\">External dimensions (mm)<\/td>\n<td style=\"width: 41.1049%;\" width=\"264\">595x610x2215<\/td>\n<\/tr>\n<tr>\n<td style=\"width: 58.8015%;\" width=\"379\">Internal dimensions refrigerator compartment (mm)<\/td>\n<td style=\"width: 41.1049%;\" width=\"264\">520x465x1075<\/td>\n<\/tr>\n<tr>\n<td style=\"width: 58.8015%;\" width=\"379\">Internal dimensions freezer compartment (mm)<\/td>\n<td style=\"width: 41.1049%;\" width=\"264\">425x405x600<\/td>\n<\/tr>\n<tr>\n<td style=\"width: 58.8015%;\" width=\"379\">Overall weight with standard packaging (Kg)<\/td>\n<td style=\"width: 41.1049%;\" width=\"264\">110<\/td>\n<\/tr>\n<tr>\n<td style=\"width: 58.8015%;\" width=\"379\">Noise level (dbA)<\/td>\n<td style=\"width: 41.1049%;\" width=\"264\">48<\/td>\n<\/tr>\n<\/tbody>\n<\/table>\n<p>&nbsp;<\/p>","protected":false},"excerpt":{"rendered":"<p>Sujungtas \u0160aldytuvas ir \u0160aldiklis \/ FCL Modeliai 400\/2 TN-2TS V Konstrukcija\u00a0\/ FCL modeli\u0173 metalin\u0117 dalis padengta korozijai atsparia danga. Nuda\u017eoma baltais epoksidiniais milteliais, kad u\u017etikrint\u0173 ilgaam\u017ei\u0161kum\u0105. Vidin\u0117 kamera yra i\u0161 trin\u010diai atsparaus plastiko. FCL modeliuose yra sumontuota reguliuojamos kojel\u0117s. Durys\u00a0\/ N\u00ba 2 tokios pa\u010dios konstrukcijos kaip r\u0117mas, su kei\u010diamais lankstais. I\u0161orinis u\u017eraktas. Lentynos \u2013 Stal\u010di\u0173 &hellip;<\/p>\n<p class=\"read-more\"> <a class=\"\" href=\"https:\/\/www.labectra.lt\/en\/product\/laboratoriniai-saldytuvai-saldikliai-fcl-400-2-tn-2ts-v\/\"> <span class=\"screen-reader-text\">Laboratory Refrigerators - Freezers FCL 400\/2 TN-2TS V<\/span> Read More &raquo;<\/a><\/p>","protected":false},"featured_media":2110,"template":"","meta":[],"yoast_head":"<!-- This site is optimized with the Yoast SEO plugin v21.6 - https:\/\/yoast.com\/wordpress\/plugins\/seo\/ -->\n<title>Laboratoriniai \u0161aldytuvai-\u0161aldikliai FCL 400\/2 TN-2TS V - Termin\u0117 \u012franga - Labectra<\/title>\n<meta name=\"robots\" content=\"index, follow, max-snippet:-1, max-image-preview:large, max-video-preview:-1\" \/>\n<link rel=\"canonical\" href=\"https:\/\/www.labectra.lt\/en\/product\/laboratoriniai-saldytuvai-saldikliai-fcl-400-2-tn-2ts-v\/\" \/>\n<meta property=\"og:locale\" content=\"en_GB\" \/>\n<meta property=\"og:type\" content=\"article\" \/>\n<meta property=\"og:title\" content=\"Laboratoriniai \u0161aldytuvai-\u0161aldikliai FCL 400\/2 TN-2TS V - Termin\u0117 \u012franga - Labectra\" \/>\n<meta property=\"og:description\" content=\"Sujungtas \u0160aldytuvas ir \u0160aldiklis \/ FCL Modeliai 400\/2 TN-2TS V Konstrukcija\u00a0\/ FCL modeli\u0173 metalin\u0117 dalis padengta korozijai atsparia danga. Nuda\u017eoma baltais epoksidiniais milteliais, kad u\u017etikrint\u0173 ilgaam\u017ei\u0161kum\u0105. Vidin\u0117 kamera yra i\u0161 trin\u010diai atsparaus plastiko. FCL modeliuose yra sumontuota reguliuojamos kojel\u0117s. Durys\u00a0\/ N\u00ba 2 tokios pa\u010dios konstrukcijos kaip r\u0117mas, su kei\u010diamais lankstais. I\u0161orinis u\u017eraktas. Lentynos \u2013 Stal\u010di\u0173 &hellip; Laboratoriniai \u0161aldytuvai-\u0161aldikliai FCL 400\/2 TN-2TS V Read More &raquo;\" \/>\n<meta property=\"og:url\" content=\"https:\/\/www.labectra.lt\/en\/product\/laboratoriniai-saldytuvai-saldikliai-fcl-400-2-tn-2ts-v\/\" \/>\n<meta property=\"og:site_name\" content=\"Termin\u0117 \u012franga - Labectra\" \/>\n<meta property=\"article:modified_time\" content=\"2019-11-04T23:34:51+00:00\" \/>\n<meta property=\"og:image\" content=\"https:\/\/www.labectra.lt\/wp-content\/uploads\/2019\/10\/laboratoriniai-saldytuvai-saldikliai.jpg\" \/>\n\t<meta property=\"og:image:width\" content=\"216\" \/>\n\t<meta property=\"og:image:height\" content=\"216\" \/>\n\t<meta property=\"og:image:type\" content=\"image\/jpeg\" \/>\n<meta name=\"twitter:card\" content=\"summary_large_image\" \/>\n<meta name=\"twitter:label1\" content=\"Estimated reading time\" \/>\n\t<meta name=\"twitter:data1\" content=\"1 minute\" \/>\n<script type=\"application\/ld+json\" class=\"yoast-schema-graph\">{\"@context\":\"https:\/\/schema.org\",\"@graph\":[{\"@type\":\"WebPage\",\"@id\":\"https:\/\/www.labectra.lt\/produktas\/laboratoriniai-saldytuvai-saldikliai-fcl-400-2-tn-2ts-v\/\",\"url\":\"https:\/\/www.labectra.lt\/produktas\/laboratoriniai-saldytuvai-saldikliai-fcl-400-2-tn-2ts-v\/\",\"name\":\"Laboratoriniai \u0161aldytuvai-\u0161aldikliai FCL 400\/2 TN-2TS V - Termin\u0117 \u012franga - Labectra\",\"isPartOf\":{\"@id\":\"https:\/\/www.labectra.lt\/#website\"},\"datePublished\":\"2019-09-27T07:49:05+00:00\",\"dateModified\":\"2019-11-04T23:34:51+00:00\",\"breadcrumb\":{\"@id\":\"https:\/\/www.labectra.lt\/produktas\/laboratoriniai-saldytuvai-saldikliai-fcl-400-2-tn-2ts-v\/#breadcrumb\"},\"inLanguage\":\"en-GB\",\"potentialAction\":[{\"@type\":\"ReadAction\",\"target\":[\"https:\/\/www.labectra.lt\/produktas\/laboratoriniai-saldytuvai-saldikliai-fcl-400-2-tn-2ts-v\/\"]}]},{\"@type\":\"BreadcrumbList\",\"@id\":\"https:\/\/www.labectra.lt\/produktas\/laboratoriniai-saldytuvai-saldikliai-fcl-400-2-tn-2ts-v\/#breadcrumb\",\"itemListElement\":[{\"@type\":\"ListItem\",\"position\":1,\"name\":\"Home\",\"item\":\"https:\/\/www.labectra.lt\/\"},{\"@type\":\"ListItem\",\"position\":2,\"name\":\"Termin\u0117 \u012franga\",\"item\":\"https:\/\/www.labectra.lt\/termine-iranga\/\"},{\"@type\":\"ListItem\",\"position\":3,\"name\":\"Laboratoriniai \u0161aldytuvai-\u0161aldikliai FCL 400\/2 TN-2TS V\"}]},{\"@type\":\"WebSite\",\"@id\":\"https:\/\/www.labectra.lt\/#website\",\"url\":\"https:\/\/www.labectra.lt\/\",\"name\":\"Termin\u0117 \u012franga - Labectra\",\"description\":\"J\u016bs\u0173 termin\u0117s \u012frangos tiek\u0117jas!\",\"publisher\":{\"@id\":\"https:\/\/www.labectra.lt\/#organization\"},\"potentialAction\":[{\"@type\":\"SearchAction\",\"target\":{\"@type\":\"EntryPoint\",\"urlTemplate\":\"https:\/\/www.labectra.lt\/?s={search_term_string}\"},\"query-input\":\"required name=search_term_string\"}],\"inLanguage\":\"en-GB\"},{\"@type\":\"Organization\",\"@id\":\"https:\/\/www.labectra.lt\/#organization\",\"name\":\"Labectra\",\"url\":\"https:\/\/www.labectra.lt\/\",\"logo\":{\"@type\":\"ImageObject\",\"inLanguage\":\"en-GB\",\"@id\":\"https:\/\/www.labectra.lt\/#\/schema\/logo\/image\/\",\"url\":\"https:\/\/www.labectra.lt\/wp-content\/uploads\/2019\/09\/Logo21.png\",\"contentUrl\":\"https:\/\/www.labectra.lt\/wp-content\/uploads\/2019\/09\/Logo21.png\",\"width\":392,\"height\":58,\"caption\":\"Labectra\"},\"image\":{\"@id\":\"https:\/\/www.labectra.lt\/#\/schema\/logo\/image\/\"}}]}<\/script>\n<!-- \/ Yoast SEO plugin. -->","yoast_head_json":{"title":"Laboratoriniai \u0161aldytuvai-\u0161aldikliai FCL 400\/2 TN-2TS V - Termin\u0117 \u012franga - Labectra","robots":{"index":"index","follow":"follow","max-snippet":"max-snippet:-1","max-image-preview":"max-image-preview:large","max-video-preview":"max-video-preview:-1"},"canonical":"https:\/\/www.labectra.lt\/en\/product\/laboratoriniai-saldytuvai-saldikliai-fcl-400-2-tn-2ts-v\/","og_locale":"en_GB","og_type":"article","og_title":"Laboratoriniai \u0161aldytuvai-\u0161aldikliai FCL 400\/2 TN-2TS V - Termin\u0117 \u012franga - Labectra","og_description":"Sujungtas \u0160aldytuvas ir \u0160aldiklis \/ FCL Modeliai 400\/2 TN-2TS V Konstrukcija\u00a0\/ FCL modeli\u0173 metalin\u0117 dalis padengta korozijai atsparia danga. Nuda\u017eoma baltais epoksidiniais milteliais, kad u\u017etikrint\u0173 ilgaam\u017ei\u0161kum\u0105. Vidin\u0117 kamera yra i\u0161 trin\u010diai atsparaus plastiko. FCL modeliuose yra sumontuota reguliuojamos kojel\u0117s. Durys\u00a0\/ N\u00ba 2 tokios pa\u010dios konstrukcijos kaip r\u0117mas, su kei\u010diamais lankstais. I\u0161orinis u\u017eraktas. Lentynos \u2013 Stal\u010di\u0173 &hellip; Laboratoriniai \u0161aldytuvai-\u0161aldikliai FCL 400\/2 TN-2TS V Read More &raquo;","og_url":"https:\/\/www.labectra.lt\/en\/product\/laboratoriniai-saldytuvai-saldikliai-fcl-400-2-tn-2ts-v\/","og_site_name":"Termin\u0117 \u012franga - Labectra","article_modified_time":"2019-11-04T23:34:51+00:00","og_image":[{"width":216,"height":216,"url":"https:\/\/www.labectra.lt\/wp-content\/uploads\/2019\/10\/laboratoriniai-saldytuvai-saldikliai.jpg","type":"image\/jpeg"}],"twitter_card":"summary_large_image","twitter_misc":{"Estimated reading time":"1 minute"},"schema":{"@context":"https:\/\/schema.org","@graph":[{"@type":"WebPage","@id":"https:\/\/www.labectra.lt\/produktas\/laboratoriniai-saldytuvai-saldikliai-fcl-400-2-tn-2ts-v\/","url":"https:\/\/www.labectra.lt\/produktas\/laboratoriniai-saldytuvai-saldikliai-fcl-400-2-tn-2ts-v\/","name":"Laboratoriniai \u0161aldytuvai-\u0161aldikliai FCL 400\/2 TN-2TS V - Termin\u0117 \u012franga - Labectra","isPartOf":{"@id":"https:\/\/www.labectra.lt\/#website"},"datePublished":"2019-09-27T07:49:05+00:00","dateModified":"2019-11-04T23:34:51+00:00","breadcrumb":{"@id":"https:\/\/www.labectra.lt\/produktas\/laboratoriniai-saldytuvai-saldikliai-fcl-400-2-tn-2ts-v\/#breadcrumb"},"inLanguage":"en-GB","potentialAction":[{"@type":"ReadAction","target":["https:\/\/www.labectra.lt\/produktas\/laboratoriniai-saldytuvai-saldikliai-fcl-400-2-tn-2ts-v\/"]}]},{"@type":"BreadcrumbList","@id":"https:\/\/www.labectra.lt\/produktas\/laboratoriniai-saldytuvai-saldikliai-fcl-400-2-tn-2ts-v\/#breadcrumb","itemListElement":[{"@type":"ListItem","position":1,"name":"Home","item":"https:\/\/www.labectra.lt\/"},{"@type":"ListItem","position":2,"name":"Termin\u0117 \u012franga","item":"https:\/\/www.labectra.lt\/termine-iranga\/"},{"@type":"ListItem","position":3,"name":"Laboratoriniai \u0161aldytuvai-\u0161aldikliai FCL 400\/2 TN-2TS V"}]},{"@type":"WebSite","@id":"https:\/\/www.labectra.lt\/#website","url":"https:\/\/www.labectra.lt\/","name":"Termin\u0117 \u012franga - Labectra","description":"J\u016bs\u0173 termin\u0117s \u012frangos tiek\u0117jas!","publisher":{"@id":"https:\/\/www.labectra.lt\/#organization"},"potentialAction":[{"@type":"SearchAction","target":{"@type":"EntryPoint","urlTemplate":"https:\/\/www.labectra.lt\/?s={search_term_string}"},"query-input":"required name=search_term_string"}],"inLanguage":"en-GB"},{"@type":"Organization","@id":"https:\/\/www.labectra.lt\/#organization","name":"Labectra","url":"https:\/\/www.labectra.lt\/","logo":{"@type":"ImageObject","inLanguage":"en-GB","@id":"https:\/\/www.labectra.lt\/#\/schema\/logo\/image\/","url":"https:\/\/www.labectra.lt\/wp-content\/uploads\/2019\/09\/Logo21.png","contentUrl":"https:\/\/www.labectra.lt\/wp-content\/uploads\/2019\/09\/Logo21.png","width":392,"height":58,"caption":"Labectra"},"image":{"@id":"https:\/\/www.labectra.lt\/#\/schema\/logo\/image\/"}}]}},"_links":{"self":[{"href":"https:\/\/www.labectra.lt\/en\/wp-json\/wp\/v2\/product\/2235"}],"collection":[{"href":"https:\/\/www.labectra.lt\/en\/wp-json\/wp\/v2\/product"}],"about":[{"href":"https:\/\/www.labectra.lt\/en\/wp-json\/wp\/v2\/types\/product"}],"wp:featuredmedia":[{"embeddable":true,"href":"https:\/\/www.labectra.lt\/en\/wp-json\/wp\/v2\/media\/2110"}],"wp:attachment":[{"href":"https:\/\/www.labectra.lt\/en\/wp-json\/wp\/v2\/media?parent=2235"}],"curies":[{"name":"wp","href":"https:\/\/api.w.org\/{rel}","templated":true}]}}