{"id":2240,"date":"2019-09-27T10:49:05","date_gmt":"2019-09-27T07:49:05","guid":{"rendered":"https:\/\/www.labectra.lt\/produktas\/laboratorinis-saldiklis-kryos-500sv-500sv-plus\/"},"modified":"2019-11-05T01:35:08","modified_gmt":"2019-11-04T23:35:08","slug":"laboratorinis-saldiklis-kryos-500sv-500sv-plus","status":"publish","type":"product","link":"https:\/\/www.labectra.lt\/en\/product\/laboratorinis-saldiklis-kryos-500sv-500sv-plus\/","title":{"rendered":"Laboratory Freezer Kryolab 500SV 500SV PLUS"},"content":{"rendered":"<p style=\"font-weight: 400;\"><b><strong>Laboratory Freezer Kryolab 500SV 500SV PLUS<\/strong><\/b><\/p>\n<p style=\"font-weight: 400;\"><b><strong>Structure<\/strong><\/b>\u00a0\/Models fully metallic phosphate coated steel plate.<\/p>\n<p style=\"font-weight: 400;\">White epoxy powder painting to ensure durability.<\/p>\n<p style=\"font-weight: 400;\">Internal chamber abrasion proof special plastic.<\/p>\n<p style=\"font-weight: 400;\"><b><strong>Door<\/strong><\/b>\u00a0\/ Made with same features of the frame, with variable hinge according to the needs (vertical type only). External key lock. KRYOS PLUS model: door is equipped with BIOGUARD\u00ae a property transponder access control system that opens the door when an authorized user presents a badge or tag. In this way any operation relevant to the use of a freezer is completely under remote control.<\/p>\n<p style=\"font-weight: 400;\">External key lock.<\/p>\n<p style=\"font-weight: 400;\"><b><strong>Drawers \/\u00a0<\/strong><\/b>Yes<\/p>\n<p style=\"font-weight: 400;\"><b><strong>Insulation<\/strong><\/b>\u00a0\/Injected HCFC-free foamed polyurethane.<\/p>\n<p style=\"font-weight: 400;\"><b><strong>Cooling system<\/strong><\/b>\u00a0\/Completely sealed, silent and highly efficient hermetic compressor using ecological refrigerants.<\/p>\n<p style=\"font-weight: 400;\">Ventilated air condenser.<\/p>\n<p style=\"font-weight: 400;\">Internal ventilated evaporator.<\/p>\n<p style=\"font-weight: 400;\"><b><strong>Control system\/<\/strong><\/b>Microprocessor controller E2003, with two independent sections, the first one to set and control temperature, the second one to manage the alarm system and display temperature. Rechargeable buffer battery (12 V, 2Ah) to maintain the alarm system on for 48 hours in case of power outage.<\/p>\n<p style=\"font-weight: 400;\">Optional RS 485\/422\/232 serial interface<\/p>\n<p style=\"font-weight: 400;\">\u00a0\u00a0\u00a0\u00a0\u00a0\u00a0\u00a0\u00a0\u00a0\u00a0\u00a0\u00a0\u00a0\u00a0\u00a0\u00a0\u00a0\u00a0\u00a0\u00a0\u00a0\u00a0\u00a0\u00a0\u00a0\u00a0\u00a0\u00a0\u00a0\u00a0\u00a0\u00a0\u00a0\u00a0\u00a0\u00a0\u00a0\u00a0\u00a0\u00a0\u00a0\u00a0\u00a0\u00a0\u00a0\u00a0 CRYOLOG software<\/p>\n<p>&nbsp;<\/p>\n<p style=\"font-weight: 400;\"><b><strong>Technical parameters<\/strong><\/b><b><\/b><\/p>\n<table style=\"font-weight: 400;\" width=\"643\">\n<tbody>\n<tr>\n<td width=\"321\">Type<\/td>\n<td width=\"321\">500 SV 500SV PLUS<\/td>\n<\/tr>\n<tr>\n<td width=\"321\">Capacity (l)<\/td>\n<td width=\"321\">\u00a0500<\/td>\n<\/tr>\n<tr>\n<td width=\"321\">Temperature range (\u00b0C)<\/td>\n<td width=\"321\">-20\/-43<\/td>\n<\/tr>\n<tr>\n<td width=\"321\">Supply voltage (V)<\/td>\n<td width=\"321\">\u00a0208-230V\/50Hz<\/td>\n<\/tr>\n<tr>\n<td width=\"321\">Maximum absorbed current (A)<\/td>\n<td width=\"321\">2,0<\/td>\n<\/tr>\n<tr>\n<td width=\"321\">Cooling gas<\/td>\n<td width=\"321\">R404a<\/td>\n<\/tr>\n<tr>\n<td width=\"321\">External dimensions (mm)<\/td>\n<td width=\"321\">745x820x1965<\/td>\n<\/tr>\n<tr>\n<td width=\"321\">Internal dimensions (mm)<\/td>\n<td width=\"321\">615x550x1500<\/td>\n<\/tr>\n<tr>\n<td width=\"321\">Overall weight with standard packaging (Kg)<\/td>\n<td width=\"321\">143<\/td>\n<\/tr>\n<tr>\n<td width=\"321\">Noise level (dbA)<\/td>\n<td width=\"321\">47<\/td>\n<\/tr>\n<\/tbody>\n<\/table>\n<p>&nbsp;<\/p>","protected":false},"excerpt":{"rendered":"<p>Laboratorinis \u0161aldiklis Kryos 500SV 500 SVPLUS Konstrukcija\u00a0\/ Metalin\u0117 dalis padengta korozijai atsparia danga. Nuda\u017eoma baltais epoksidiniais milteliais, kad u\u017etikrint\u0173 ilgaam\u017ei\u0161kum\u0105. Vidin\u0117 kamera yra i\u0161 trin\u010diai atsparaus plastiko. Durys\u00a0\/ Tokios pa\u010dios konstrukcijos kaip r\u0117mas, su kei\u010diamais lankstais. Yra sumontuota patentuota BIOGUARD prieigos sistema I\u0161orinis u\u017eraktas. Stal\u010diai \/\u00a0Yra Izoliacija\u00a0\/ Sumontuota be HCFC med\u017eiagos put\u0173 poliuretanas 70 mm &hellip;<\/p>\n<p class=\"read-more\"> <a class=\"\" href=\"https:\/\/www.labectra.lt\/en\/product\/laboratorinis-saldiklis-kryos-500sv-500sv-plus\/\"> <span class=\"screen-reader-text\">Laboratory Freezer Kryolab 500SV 500SV PLUS<\/span> Read More &raquo;<\/a><\/p>","protected":false},"featured_media":2112,"template":"","meta":[],"yoast_head":"<!-- This site is optimized with the Yoast SEO plugin v21.6 - https:\/\/yoast.com\/wordpress\/plugins\/seo\/ -->\n<title>Laboratorinis \u0161aldiklis Kryos 500SV 500SV PLUS - Termin\u0117 \u012franga - Labectra<\/title>\n<meta name=\"robots\" content=\"index, follow, max-snippet:-1, max-image-preview:large, max-video-preview:-1\" \/>\n<link rel=\"canonical\" href=\"https:\/\/www.labectra.lt\/en\/product\/laboratorinis-saldiklis-kryos-500sv-500sv-plus\/\" \/>\n<meta property=\"og:locale\" content=\"en_GB\" \/>\n<meta property=\"og:type\" content=\"article\" \/>\n<meta property=\"og:title\" content=\"Laboratorinis \u0161aldiklis Kryos 500SV 500SV PLUS - Termin\u0117 \u012franga - Labectra\" \/>\n<meta property=\"og:description\" content=\"Laboratorinis \u0161aldiklis Kryos 500SV 500 SVPLUS Konstrukcija\u00a0\/ Metalin\u0117 dalis padengta korozijai atsparia danga. Nuda\u017eoma baltais epoksidiniais milteliais, kad u\u017etikrint\u0173 ilgaam\u017ei\u0161kum\u0105. Vidin\u0117 kamera yra i\u0161 trin\u010diai atsparaus plastiko. Durys\u00a0\/ Tokios pa\u010dios konstrukcijos kaip r\u0117mas, su kei\u010diamais lankstais. Yra sumontuota patentuota BIOGUARD prieigos sistema I\u0161orinis u\u017eraktas. Stal\u010diai \/\u00a0Yra Izoliacija\u00a0\/ Sumontuota be HCFC med\u017eiagos put\u0173 poliuretanas 70 mm &hellip; Laboratorinis \u0161aldiklis Kryos 500SV 500SV PLUS Read More &raquo;\" \/>\n<meta property=\"og:url\" content=\"https:\/\/www.labectra.lt\/en\/product\/laboratorinis-saldiklis-kryos-500sv-500sv-plus\/\" \/>\n<meta property=\"og:site_name\" content=\"Termin\u0117 \u012franga - Labectra\" \/>\n<meta property=\"article:modified_time\" content=\"2019-11-04T23:35:08+00:00\" \/>\n<meta property=\"og:image\" content=\"https:\/\/www.labectra.lt\/wp-content\/uploads\/2019\/10\/laboratorinis-saldiklis-2.jpg\" \/>\n\t<meta property=\"og:image:width\" content=\"215\" \/>\n\t<meta property=\"og:image:height\" content=\"235\" \/>\n\t<meta property=\"og:image:type\" content=\"image\/jpeg\" \/>\n<meta name=\"twitter:card\" content=\"summary_large_image\" \/>\n<meta name=\"twitter:label1\" content=\"Estimated reading time\" \/>\n\t<meta name=\"twitter:data1\" content=\"1 minute\" \/>\n<script type=\"application\/ld+json\" class=\"yoast-schema-graph\">{\"@context\":\"https:\/\/schema.org\",\"@graph\":[{\"@type\":\"WebPage\",\"@id\":\"https:\/\/www.labectra.lt\/produktas\/laboratorinis-saldiklis-kryos-500sv-500sv-plus\/\",\"url\":\"https:\/\/www.labectra.lt\/produktas\/laboratorinis-saldiklis-kryos-500sv-500sv-plus\/\",\"name\":\"Laboratorinis \u0161aldiklis Kryos 500SV 500SV PLUS - Termin\u0117 \u012franga - Labectra\",\"isPartOf\":{\"@id\":\"https:\/\/www.labectra.lt\/#website\"},\"datePublished\":\"2019-09-27T07:49:05+00:00\",\"dateModified\":\"2019-11-04T23:35:08+00:00\",\"breadcrumb\":{\"@id\":\"https:\/\/www.labectra.lt\/produktas\/laboratorinis-saldiklis-kryos-500sv-500sv-plus\/#breadcrumb\"},\"inLanguage\":\"en-GB\",\"potentialAction\":[{\"@type\":\"ReadAction\",\"target\":[\"https:\/\/www.labectra.lt\/produktas\/laboratorinis-saldiklis-kryos-500sv-500sv-plus\/\"]}]},{\"@type\":\"BreadcrumbList\",\"@id\":\"https:\/\/www.labectra.lt\/produktas\/laboratorinis-saldiklis-kryos-500sv-500sv-plus\/#breadcrumb\",\"itemListElement\":[{\"@type\":\"ListItem\",\"position\":1,\"name\":\"Home\",\"item\":\"https:\/\/www.labectra.lt\/\"},{\"@type\":\"ListItem\",\"position\":2,\"name\":\"Termin\u0117 \u012franga\",\"item\":\"https:\/\/www.labectra.lt\/termine-iranga\/\"},{\"@type\":\"ListItem\",\"position\":3,\"name\":\"Laboratorinis \u0161aldiklis Kryos 500SV 500SV PLUS\"}]},{\"@type\":\"WebSite\",\"@id\":\"https:\/\/www.labectra.lt\/#website\",\"url\":\"https:\/\/www.labectra.lt\/\",\"name\":\"Termin\u0117 \u012franga - Labectra\",\"description\":\"J\u016bs\u0173 termin\u0117s \u012frangos tiek\u0117jas!\",\"publisher\":{\"@id\":\"https:\/\/www.labectra.lt\/#organization\"},\"potentialAction\":[{\"@type\":\"SearchAction\",\"target\":{\"@type\":\"EntryPoint\",\"urlTemplate\":\"https:\/\/www.labectra.lt\/?s={search_term_string}\"},\"query-input\":\"required name=search_term_string\"}],\"inLanguage\":\"en-GB\"},{\"@type\":\"Organization\",\"@id\":\"https:\/\/www.labectra.lt\/#organization\",\"name\":\"Labectra\",\"url\":\"https:\/\/www.labectra.lt\/\",\"logo\":{\"@type\":\"ImageObject\",\"inLanguage\":\"en-GB\",\"@id\":\"https:\/\/www.labectra.lt\/#\/schema\/logo\/image\/\",\"url\":\"https:\/\/www.labectra.lt\/wp-content\/uploads\/2019\/09\/Logo21.png\",\"contentUrl\":\"https:\/\/www.labectra.lt\/wp-content\/uploads\/2019\/09\/Logo21.png\",\"width\":392,\"height\":58,\"caption\":\"Labectra\"},\"image\":{\"@id\":\"https:\/\/www.labectra.lt\/#\/schema\/logo\/image\/\"}}]}<\/script>\n<!-- \/ Yoast SEO plugin. -->","yoast_head_json":{"title":"Laboratorinis \u0161aldiklis Kryos 500SV 500SV PLUS - Termin\u0117 \u012franga - Labectra","robots":{"index":"index","follow":"follow","max-snippet":"max-snippet:-1","max-image-preview":"max-image-preview:large","max-video-preview":"max-video-preview:-1"},"canonical":"https:\/\/www.labectra.lt\/en\/product\/laboratorinis-saldiklis-kryos-500sv-500sv-plus\/","og_locale":"en_GB","og_type":"article","og_title":"Laboratorinis \u0161aldiklis Kryos 500SV 500SV PLUS - Termin\u0117 \u012franga - Labectra","og_description":"Laboratorinis \u0161aldiklis Kryos 500SV 500 SVPLUS Konstrukcija\u00a0\/ Metalin\u0117 dalis padengta korozijai atsparia danga. Nuda\u017eoma baltais epoksidiniais milteliais, kad u\u017etikrint\u0173 ilgaam\u017ei\u0161kum\u0105. Vidin\u0117 kamera yra i\u0161 trin\u010diai atsparaus plastiko. Durys\u00a0\/ Tokios pa\u010dios konstrukcijos kaip r\u0117mas, su kei\u010diamais lankstais. Yra sumontuota patentuota BIOGUARD prieigos sistema I\u0161orinis u\u017eraktas. Stal\u010diai \/\u00a0Yra Izoliacija\u00a0\/ Sumontuota be HCFC med\u017eiagos put\u0173 poliuretanas 70 mm &hellip; Laboratorinis \u0161aldiklis Kryos 500SV 500SV PLUS Read More &raquo;","og_url":"https:\/\/www.labectra.lt\/en\/product\/laboratorinis-saldiklis-kryos-500sv-500sv-plus\/","og_site_name":"Termin\u0117 \u012franga - Labectra","article_modified_time":"2019-11-04T23:35:08+00:00","og_image":[{"width":215,"height":235,"url":"https:\/\/www.labectra.lt\/wp-content\/uploads\/2019\/10\/laboratorinis-saldiklis-2.jpg","type":"image\/jpeg"}],"twitter_card":"summary_large_image","twitter_misc":{"Estimated reading time":"1 minute"},"schema":{"@context":"https:\/\/schema.org","@graph":[{"@type":"WebPage","@id":"https:\/\/www.labectra.lt\/produktas\/laboratorinis-saldiklis-kryos-500sv-500sv-plus\/","url":"https:\/\/www.labectra.lt\/produktas\/laboratorinis-saldiklis-kryos-500sv-500sv-plus\/","name":"Laboratorinis \u0161aldiklis Kryos 500SV 500SV PLUS - Termin\u0117 \u012franga - Labectra","isPartOf":{"@id":"https:\/\/www.labectra.lt\/#website"},"datePublished":"2019-09-27T07:49:05+00:00","dateModified":"2019-11-04T23:35:08+00:00","breadcrumb":{"@id":"https:\/\/www.labectra.lt\/produktas\/laboratorinis-saldiklis-kryos-500sv-500sv-plus\/#breadcrumb"},"inLanguage":"en-GB","potentialAction":[{"@type":"ReadAction","target":["https:\/\/www.labectra.lt\/produktas\/laboratorinis-saldiklis-kryos-500sv-500sv-plus\/"]}]},{"@type":"BreadcrumbList","@id":"https:\/\/www.labectra.lt\/produktas\/laboratorinis-saldiklis-kryos-500sv-500sv-plus\/#breadcrumb","itemListElement":[{"@type":"ListItem","position":1,"name":"Home","item":"https:\/\/www.labectra.lt\/"},{"@type":"ListItem","position":2,"name":"Termin\u0117 \u012franga","item":"https:\/\/www.labectra.lt\/termine-iranga\/"},{"@type":"ListItem","position":3,"name":"Laboratorinis \u0161aldiklis Kryos 500SV 500SV PLUS"}]},{"@type":"WebSite","@id":"https:\/\/www.labectra.lt\/#website","url":"https:\/\/www.labectra.lt\/","name":"Termin\u0117 \u012franga - Labectra","description":"J\u016bs\u0173 termin\u0117s \u012frangos tiek\u0117jas!","publisher":{"@id":"https:\/\/www.labectra.lt\/#organization"},"potentialAction":[{"@type":"SearchAction","target":{"@type":"EntryPoint","urlTemplate":"https:\/\/www.labectra.lt\/?s={search_term_string}"},"query-input":"required name=search_term_string"}],"inLanguage":"en-GB"},{"@type":"Organization","@id":"https:\/\/www.labectra.lt\/#organization","name":"Labectra","url":"https:\/\/www.labectra.lt\/","logo":{"@type":"ImageObject","inLanguage":"en-GB","@id":"https:\/\/www.labectra.lt\/#\/schema\/logo\/image\/","url":"https:\/\/www.labectra.lt\/wp-content\/uploads\/2019\/09\/Logo21.png","contentUrl":"https:\/\/www.labectra.lt\/wp-content\/uploads\/2019\/09\/Logo21.png","width":392,"height":58,"caption":"Labectra"},"image":{"@id":"https:\/\/www.labectra.lt\/#\/schema\/logo\/image\/"}}]}},"_links":{"self":[{"href":"https:\/\/www.labectra.lt\/en\/wp-json\/wp\/v2\/product\/2240"}],"collection":[{"href":"https:\/\/www.labectra.lt\/en\/wp-json\/wp\/v2\/product"}],"about":[{"href":"https:\/\/www.labectra.lt\/en\/wp-json\/wp\/v2\/types\/product"}],"wp:featuredmedia":[{"embeddable":true,"href":"https:\/\/www.labectra.lt\/en\/wp-json\/wp\/v2\/media\/2112"}],"wp:attachment":[{"href":"https:\/\/www.labectra.lt\/en\/wp-json\/wp\/v2\/media?parent=2240"}],"curies":[{"name":"wp","href":"https:\/\/api.w.org\/{rel}","templated":true}]}}