{"id":2241,"date":"2019-09-27T10:49:05","date_gmt":"2019-09-27T07:49:05","guid":{"rendered":"https:\/\/www.labectra.lt\/produktas\/vertikalus-laboratorinis-saldiklis-kryolab-300v\/"},"modified":"2019-11-05T01:35:16","modified_gmt":"2019-11-04T23:35:16","slug":"vertikalus-laboratorinis-saldiklis-kryolab-300v","status":"publish","type":"product","link":"https:\/\/www.labectra.lt\/en\/product\/vertikalus-laboratorinis-saldiklis-kryolab-300v\/","title":{"rendered":"Vertical Laboratory Freezer Kryolab 300V"},"content":{"rendered":"<p style=\"font-weight: 400;\"><b><strong>Vertical Laboratory Freezer Kryolab 300V<\/strong><\/b><\/p>\n<p style=\"font-weight: 400;\"><b><strong>Structure<\/strong><\/b>\u00a0\/Models fully metallic phosphate coated steel plate.<\/p>\n<p style=\"font-weight: 400;\">White epoxy powder painting to ensure durability.<\/p>\n<p style=\"font-weight: 400;\">Internal chamber abrasion proof special plastic.<\/p>\n<p style=\"font-weight: 400;\"><b><strong>Door<\/strong><\/b>\u00a0\/Made with same features of the frame, with variable hinge according to the needs.<\/p>\n<p style=\"font-weight: 400;\">External key lock.<\/p>\n<p style=\"font-weight: 400;\"><b><strong>Drawers \/\u00a0<\/strong><\/b>Yes<\/p>\n<p style=\"font-weight: 400;\"><b><strong>Insulation<\/strong><\/b>\u00a0\/Injected HCFC-free foamed polyurethane.<br \/>\nKRYOLAB V (vertical model) and KRYOS SH (chest model) - 70 \/ 100 mm thickness.<br \/>\nKRYOLAB H (chest model) - The 60 mm thickness<br \/>\nKRYOS SV (vertical model) - The 70 mm thickness.<\/p>\n<p style=\"font-weight: 400;\"><b><strong>Cooling system<\/strong><\/b>\u00a0\/Completely sealed, silent and highly efficient hermetic compressor using ecological refrigerants.<\/p>\n<p style=\"font-weight: 400;\">Ventilated air condenser.<\/p>\n<p style=\"font-weight: 400;\">Internal ventilated evaporator.<\/p>\n<p style=\"font-weight: 400;\"><b><strong>Regulation and control system\u00a0<\/strong><\/b>\/KRYOLAB: external thermostat for the temperature control. External electronic digital indicator for the temperature visualization. KRYOS SH: electronic digital display regulator\/indicator, placed on the front control panel<\/p>\n<p>&nbsp;<\/p>\n<p style=\"font-weight: 400;\"><b><strong>Technical parameters<\/strong><\/b><b><\/b><\/p>\n<table style=\"font-weight: 400;\" width=\"643\">\n<tbody>\n<tr>\n<td width=\"321\">Type<\/td>\n<td width=\"321\">300 H<\/td>\n<\/tr>\n<tr>\n<td width=\"321\">Capacity (l)<\/td>\n<td width=\"321\">\u00a0300<\/td>\n<\/tr>\n<tr>\n<td width=\"321\">Temperature range (\u00b0C)<\/td>\n<td width=\"321\">-15\/-30<\/td>\n<\/tr>\n<tr>\n<td width=\"321\">Supply voltage (V)<\/td>\n<td width=\"321\">\u00a0208-230V\/50Hz<\/td>\n<\/tr>\n<tr>\n<td width=\"321\">Maximum absorbed current (A)<\/td>\n<td width=\"321\">1,1<\/td>\n<\/tr>\n<tr>\n<td width=\"321\">Cooling gas<\/td>\n<td width=\"321\">R600a\/R134a<\/td>\n<\/tr>\n<tr>\n<td width=\"321\">External dimensions (mm)<\/td>\n<td width=\"321\">600x620x1645 (1865)<\/td>\n<\/tr>\n<tr>\n<td width=\"321\">Internal dimensions (mm)<\/td>\n<td width=\"321\">410x410x1370<\/td>\n<\/tr>\n<tr>\n<td width=\"321\">Overall weight with standard packaging (Kg)<\/td>\n<td width=\"321\">95<\/td>\n<\/tr>\n<tr>\n<td width=\"321\">Noise level (dbA)<\/td>\n<td width=\"321\">\u00a043<\/td>\n<\/tr>\n<\/tbody>\n<\/table>\n<p>&nbsp;<\/p>","protected":false},"excerpt":{"rendered":"<p>Laboratorinis \u0161aldiklis 300V Konstrukcija\u00a0\/ Metalin\u0117 dalis padengta korozijai atsparia danga. Nuda\u017eoma baltais epoksidiniais milteliais, kad u\u017etikrint\u0173 ilgaam\u017ei\u0161kum\u0105. Vidin\u0117 kamera yra i\u0161 trin\u010diai atsparaus plastiko. Durys\u00a0\/ Tokios pa\u010dios konstrukcijos kaip r\u0117mas, su kei\u010diamais lankstais. I\u0161orinis u\u017eraktas. Stal\u010diai \/\u00a0Yra Izoliacija\u00a0\/ Sumontuota be HCFC med\u017eiagos put\u0173 poliuretanas. 70 mm storumo. Au\u0161inimo sistema\u00a0\/ Sumontuotas pilnai hermetinio tipo kompresorius, \u0161aldymo &hellip;<\/p>\n<p class=\"read-more\"> <a class=\"\" href=\"https:\/\/www.labectra.lt\/en\/product\/vertikalus-laboratorinis-saldiklis-kryolab-300v\/\"> <span class=\"screen-reader-text\">Vertical Laboratory Freezer Kryolab 300V<\/span> Read More &raquo;<\/a><\/p>","protected":false},"featured_media":2112,"template":"","meta":[],"yoast_head":"<!-- This site is optimized with the Yoast SEO plugin v21.6 - https:\/\/yoast.com\/wordpress\/plugins\/seo\/ -->\n<title>Vertikalus laboratorinis \u0161aldiklis Kryolab 300V - Termin\u0117 \u012franga - Labectra<\/title>\n<meta name=\"robots\" content=\"index, follow, max-snippet:-1, max-image-preview:large, max-video-preview:-1\" \/>\n<link rel=\"canonical\" href=\"https:\/\/www.labectra.lt\/en\/product\/vertikalus-laboratorinis-saldiklis-kryolab-300v\/\" \/>\n<meta property=\"og:locale\" content=\"en_GB\" \/>\n<meta property=\"og:type\" content=\"article\" \/>\n<meta property=\"og:title\" content=\"Vertikalus laboratorinis \u0161aldiklis Kryolab 300V - Termin\u0117 \u012franga - Labectra\" \/>\n<meta property=\"og:description\" content=\"Laboratorinis \u0161aldiklis 300V Konstrukcija\u00a0\/ Metalin\u0117 dalis padengta korozijai atsparia danga. Nuda\u017eoma baltais epoksidiniais milteliais, kad u\u017etikrint\u0173 ilgaam\u017ei\u0161kum\u0105. Vidin\u0117 kamera yra i\u0161 trin\u010diai atsparaus plastiko. Durys\u00a0\/ Tokios pa\u010dios konstrukcijos kaip r\u0117mas, su kei\u010diamais lankstais. I\u0161orinis u\u017eraktas. Stal\u010diai \/\u00a0Yra Izoliacija\u00a0\/ Sumontuota be HCFC med\u017eiagos put\u0173 poliuretanas. 70 mm storumo. Au\u0161inimo sistema\u00a0\/ Sumontuotas pilnai hermetinio tipo kompresorius, \u0161aldymo &hellip; Vertikalus laboratorinis \u0161aldiklis Kryolab 300V Read More &raquo;\" \/>\n<meta property=\"og:url\" content=\"https:\/\/www.labectra.lt\/en\/product\/vertikalus-laboratorinis-saldiklis-kryolab-300v\/\" \/>\n<meta property=\"og:site_name\" content=\"Termin\u0117 \u012franga - Labectra\" \/>\n<meta property=\"article:modified_time\" content=\"2019-11-04T23:35:16+00:00\" \/>\n<meta property=\"og:image\" content=\"https:\/\/www.labectra.lt\/wp-content\/uploads\/2019\/10\/laboratorinis-saldiklis-2.jpg\" \/>\n\t<meta property=\"og:image:width\" content=\"215\" \/>\n\t<meta property=\"og:image:height\" content=\"235\" \/>\n\t<meta property=\"og:image:type\" content=\"image\/jpeg\" \/>\n<meta name=\"twitter:card\" content=\"summary_large_image\" \/>\n<meta name=\"twitter:label1\" content=\"Estimated reading time\" \/>\n\t<meta name=\"twitter:data1\" content=\"1 minute\" \/>\n<script type=\"application\/ld+json\" class=\"yoast-schema-graph\">{\"@context\":\"https:\/\/schema.org\",\"@graph\":[{\"@type\":\"WebPage\",\"@id\":\"https:\/\/www.labectra.lt\/produktas\/vertikalus-laboratorinis-saldiklis-kryolab-300v\/\",\"url\":\"https:\/\/www.labectra.lt\/produktas\/vertikalus-laboratorinis-saldiklis-kryolab-300v\/\",\"name\":\"Vertikalus laboratorinis \u0161aldiklis Kryolab 300V - Termin\u0117 \u012franga - Labectra\",\"isPartOf\":{\"@id\":\"https:\/\/www.labectra.lt\/#website\"},\"datePublished\":\"2019-09-27T07:49:05+00:00\",\"dateModified\":\"2019-11-04T23:35:16+00:00\",\"breadcrumb\":{\"@id\":\"https:\/\/www.labectra.lt\/produktas\/vertikalus-laboratorinis-saldiklis-kryolab-300v\/#breadcrumb\"},\"inLanguage\":\"en-GB\",\"potentialAction\":[{\"@type\":\"ReadAction\",\"target\":[\"https:\/\/www.labectra.lt\/produktas\/vertikalus-laboratorinis-saldiklis-kryolab-300v\/\"]}]},{\"@type\":\"BreadcrumbList\",\"@id\":\"https:\/\/www.labectra.lt\/produktas\/vertikalus-laboratorinis-saldiklis-kryolab-300v\/#breadcrumb\",\"itemListElement\":[{\"@type\":\"ListItem\",\"position\":1,\"name\":\"Home\",\"item\":\"https:\/\/www.labectra.lt\/\"},{\"@type\":\"ListItem\",\"position\":2,\"name\":\"Termin\u0117 \u012franga\",\"item\":\"https:\/\/www.labectra.lt\/termine-iranga\/\"},{\"@type\":\"ListItem\",\"position\":3,\"name\":\"Vertikalus laboratorinis \u0161aldiklis Kryolab 300V\"}]},{\"@type\":\"WebSite\",\"@id\":\"https:\/\/www.labectra.lt\/#website\",\"url\":\"https:\/\/www.labectra.lt\/\",\"name\":\"Termin\u0117 \u012franga - Labectra\",\"description\":\"J\u016bs\u0173 termin\u0117s \u012frangos tiek\u0117jas!\",\"publisher\":{\"@id\":\"https:\/\/www.labectra.lt\/#organization\"},\"potentialAction\":[{\"@type\":\"SearchAction\",\"target\":{\"@type\":\"EntryPoint\",\"urlTemplate\":\"https:\/\/www.labectra.lt\/?s={search_term_string}\"},\"query-input\":\"required name=search_term_string\"}],\"inLanguage\":\"en-GB\"},{\"@type\":\"Organization\",\"@id\":\"https:\/\/www.labectra.lt\/#organization\",\"name\":\"Labectra\",\"url\":\"https:\/\/www.labectra.lt\/\",\"logo\":{\"@type\":\"ImageObject\",\"inLanguage\":\"en-GB\",\"@id\":\"https:\/\/www.labectra.lt\/#\/schema\/logo\/image\/\",\"url\":\"https:\/\/www.labectra.lt\/wp-content\/uploads\/2019\/09\/Logo21.png\",\"contentUrl\":\"https:\/\/www.labectra.lt\/wp-content\/uploads\/2019\/09\/Logo21.png\",\"width\":392,\"height\":58,\"caption\":\"Labectra\"},\"image\":{\"@id\":\"https:\/\/www.labectra.lt\/#\/schema\/logo\/image\/\"}}]}<\/script>\n<!-- \/ Yoast SEO plugin. -->","yoast_head_json":{"title":"Vertikalus laboratorinis \u0161aldiklis Kryolab 300V - Termin\u0117 \u012franga - Labectra","robots":{"index":"index","follow":"follow","max-snippet":"max-snippet:-1","max-image-preview":"max-image-preview:large","max-video-preview":"max-video-preview:-1"},"canonical":"https:\/\/www.labectra.lt\/en\/product\/vertikalus-laboratorinis-saldiklis-kryolab-300v\/","og_locale":"en_GB","og_type":"article","og_title":"Vertikalus laboratorinis \u0161aldiklis Kryolab 300V - Termin\u0117 \u012franga - Labectra","og_description":"Laboratorinis \u0161aldiklis 300V Konstrukcija\u00a0\/ Metalin\u0117 dalis padengta korozijai atsparia danga. Nuda\u017eoma baltais epoksidiniais milteliais, kad u\u017etikrint\u0173 ilgaam\u017ei\u0161kum\u0105. Vidin\u0117 kamera yra i\u0161 trin\u010diai atsparaus plastiko. Durys\u00a0\/ Tokios pa\u010dios konstrukcijos kaip r\u0117mas, su kei\u010diamais lankstais. I\u0161orinis u\u017eraktas. Stal\u010diai \/\u00a0Yra Izoliacija\u00a0\/ Sumontuota be HCFC med\u017eiagos put\u0173 poliuretanas. 70 mm storumo. Au\u0161inimo sistema\u00a0\/ Sumontuotas pilnai hermetinio tipo kompresorius, \u0161aldymo &hellip; Vertikalus laboratorinis \u0161aldiklis Kryolab 300V Read More &raquo;","og_url":"https:\/\/www.labectra.lt\/en\/product\/vertikalus-laboratorinis-saldiklis-kryolab-300v\/","og_site_name":"Termin\u0117 \u012franga - Labectra","article_modified_time":"2019-11-04T23:35:16+00:00","og_image":[{"width":215,"height":235,"url":"https:\/\/www.labectra.lt\/wp-content\/uploads\/2019\/10\/laboratorinis-saldiklis-2.jpg","type":"image\/jpeg"}],"twitter_card":"summary_large_image","twitter_misc":{"Estimated reading time":"1 minute"},"schema":{"@context":"https:\/\/schema.org","@graph":[{"@type":"WebPage","@id":"https:\/\/www.labectra.lt\/produktas\/vertikalus-laboratorinis-saldiklis-kryolab-300v\/","url":"https:\/\/www.labectra.lt\/produktas\/vertikalus-laboratorinis-saldiklis-kryolab-300v\/","name":"Vertikalus laboratorinis \u0161aldiklis Kryolab 300V - Termin\u0117 \u012franga - Labectra","isPartOf":{"@id":"https:\/\/www.labectra.lt\/#website"},"datePublished":"2019-09-27T07:49:05+00:00","dateModified":"2019-11-04T23:35:16+00:00","breadcrumb":{"@id":"https:\/\/www.labectra.lt\/produktas\/vertikalus-laboratorinis-saldiklis-kryolab-300v\/#breadcrumb"},"inLanguage":"en-GB","potentialAction":[{"@type":"ReadAction","target":["https:\/\/www.labectra.lt\/produktas\/vertikalus-laboratorinis-saldiklis-kryolab-300v\/"]}]},{"@type":"BreadcrumbList","@id":"https:\/\/www.labectra.lt\/produktas\/vertikalus-laboratorinis-saldiklis-kryolab-300v\/#breadcrumb","itemListElement":[{"@type":"ListItem","position":1,"name":"Home","item":"https:\/\/www.labectra.lt\/"},{"@type":"ListItem","position":2,"name":"Termin\u0117 \u012franga","item":"https:\/\/www.labectra.lt\/termine-iranga\/"},{"@type":"ListItem","position":3,"name":"Vertikalus laboratorinis \u0161aldiklis Kryolab 300V"}]},{"@type":"WebSite","@id":"https:\/\/www.labectra.lt\/#website","url":"https:\/\/www.labectra.lt\/","name":"Termin\u0117 \u012franga - Labectra","description":"J\u016bs\u0173 termin\u0117s \u012frangos tiek\u0117jas!","publisher":{"@id":"https:\/\/www.labectra.lt\/#organization"},"potentialAction":[{"@type":"SearchAction","target":{"@type":"EntryPoint","urlTemplate":"https:\/\/www.labectra.lt\/?s={search_term_string}"},"query-input":"required name=search_term_string"}],"inLanguage":"en-GB"},{"@type":"Organization","@id":"https:\/\/www.labectra.lt\/#organization","name":"Labectra","url":"https:\/\/www.labectra.lt\/","logo":{"@type":"ImageObject","inLanguage":"en-GB","@id":"https:\/\/www.labectra.lt\/#\/schema\/logo\/image\/","url":"https:\/\/www.labectra.lt\/wp-content\/uploads\/2019\/09\/Logo21.png","contentUrl":"https:\/\/www.labectra.lt\/wp-content\/uploads\/2019\/09\/Logo21.png","width":392,"height":58,"caption":"Labectra"},"image":{"@id":"https:\/\/www.labectra.lt\/#\/schema\/logo\/image\/"}}]}},"_links":{"self":[{"href":"https:\/\/www.labectra.lt\/en\/wp-json\/wp\/v2\/product\/2241"}],"collection":[{"href":"https:\/\/www.labectra.lt\/en\/wp-json\/wp\/v2\/product"}],"about":[{"href":"https:\/\/www.labectra.lt\/en\/wp-json\/wp\/v2\/types\/product"}],"wp:featuredmedia":[{"embeddable":true,"href":"https:\/\/www.labectra.lt\/en\/wp-json\/wp\/v2\/media\/2112"}],"wp:attachment":[{"href":"https:\/\/www.labectra.lt\/en\/wp-json\/wp\/v2\/media?parent=2241"}],"curies":[{"name":"wp","href":"https:\/\/api.w.org\/{rel}","templated":true}]}}