{"id":2245,"date":"2019-09-27T10:49:05","date_gmt":"2019-09-27T07:49:05","guid":{"rendered":"https:\/\/www.labectra.lt\/produktas\/pramonines-saldymo-sistemos\/"},"modified":"2019-11-05T01:35:46","modified_gmt":"2019-11-04T23:35:46","slug":"pramonines-saldymo-sistemos","status":"publish","type":"product","link":"https:\/\/www.labectra.lt\/en\/product\/pramonines-saldymo-sistemos\/","title":{"rendered":"Industrial Refrigeration Systems"},"content":{"rendered":"<p style=\"font-weight: 400;\"><strong>Industrial Refrigeration Systems<\/strong><\/p>\n<p style=\"font-weight: 400;\">Various industrial refrigeration systems according to the customer's process technology.<\/p>\n<p style=\"font-weight: 400;\">Package and field-erected refrigeration units and complete plants for industrial processes, with halocarbon refrigerants (R134a \u2013 R404A \u2013 R507) or with natural and hydrocarbon refrigerants (R717 \u2013R744) in a refrigerating capacity range from 50 to 2.000 Kw. Also ATEX certified.<\/p>\n<p style=\"font-weight: 400;\"><strong>APPLICATIONS:<\/strong><\/p>\n<p style=\"font-weight: 400;\"><strong>Prefabricated refrigeration rooms<\/strong><\/p>\n<p style=\"font-weight: 400;\">Surenkamieji \u0161aldymo kambariai ir sandeliai naudojami pusgamini\u0173 bei bei pramonini\u0173 produkt\u0173 \u0161aldymui bei laikymui, \u0161ios kameros gali b\u016bti skirtos dirbti ir sprogioje aplinkoje.<\/p>\n<p style=\"font-weight: 400;\"><strong>Central refrigeration systems<\/strong><\/p>\n<p style=\"font-weight: 400;\">\u0160ios centrin\u0117s \u0161aldymo sistemos naudojamos i\u0161traukti ar\u00a0\u00a0pa\u0161alinti tokias\u00a0\u00a0med\u017eiagas kaip vandens kondensat\u0105 i\u0161 solvento, alchohol\u012f, tam tikrus priedus i\u0161 plastiko ir t.t. Galima \u0161aldyti ir laikyti pusfabrika\u010dius bei galutinius produktus \u017eemoje temperat\u016broje. \u012eranga gali b\u016bti gaminama pagal kliento poreikius ir atitinka tartautinius standartus tokius kaip ASTM, ASME, NEMA,UL, TEMA,TUV, DIN ir t.t. \u012franga gali dirbti ir sprogioje aplinkoje, atitinka ATEX reikalavimus.<\/p>\n<p style=\"font-weight: 400;\"><strong>Refrigerated clean rooms<\/strong><\/p>\n<p style=\"font-weight: 400;\"><strong>Standard water refrigeration equipment<\/strong><\/p>\n<p style=\"font-weight: 400;\"><strong>Refrigeration tunnels<\/strong><\/p>\n<p style=\"font-weight: 400;\"><strong>Special refrigeration equipment for archaeological finds<\/strong><\/p>","protected":false},"excerpt":{"rendered":"<p>Pramonin\u0117s \u0161aldymo sistemos \u0160ios pramonin\u0117s \u0161aldymo sistemos yra tinkamiausios farmacijos bei chemijos pramonei. \u0160aldymo sistemos gali dirbti labai \u017eemoje temperat\u016broje. Angelantani \u0161ioje srityje dirba jau daugyb\u0117 met\u0173 ir gali pasi\u016blyti patikimiausius bei geriausius sprendimus visems savo klientams. Pramonin\u0117s \u0161aldymo sistemos \u012fprastai naudojamos\u00a0\u00a0iki -65\u2070C temperat\u016bros farmacijos pramon\u0117je. Kaskadin\u0117s \u0161aldymo sistemos gali dirbti iki -75\u2070C temperat\u016bros, \u0161aldymo &hellip;<\/p>\n<p class=\"read-more\"> <a class=\"\" href=\"https:\/\/www.labectra.lt\/en\/product\/pramonines-saldymo-sistemos\/\"> <span class=\"screen-reader-text\">Industrial Refrigeration Systems<\/span> Read More &raquo;<\/a><\/p>","protected":false},"featured_media":2096,"template":"","meta":[],"yoast_head":"<!-- This site is optimized with the Yoast SEO plugin v21.6 - https:\/\/yoast.com\/wordpress\/plugins\/seo\/ -->\n<title>Pramonin\u0117s \u0161aldymo sistemos - Termin\u0117 \u012franga - Labectra<\/title>\n<meta name=\"robots\" content=\"index, follow, max-snippet:-1, max-image-preview:large, max-video-preview:-1\" \/>\n<link rel=\"canonical\" href=\"https:\/\/www.labectra.lt\/en\/product\/pramonines-saldymo-sistemos\/\" \/>\n<meta property=\"og:locale\" content=\"en_GB\" \/>\n<meta property=\"og:type\" content=\"article\" \/>\n<meta property=\"og:title\" content=\"Pramonin\u0117s \u0161aldymo sistemos - Termin\u0117 \u012franga - Labectra\" \/>\n<meta property=\"og:description\" content=\"Pramonin\u0117s \u0161aldymo sistemos \u0160ios pramonin\u0117s \u0161aldymo sistemos yra tinkamiausios farmacijos bei chemijos pramonei. \u0160aldymo sistemos gali dirbti labai \u017eemoje temperat\u016broje. Angelantani \u0161ioje srityje dirba jau daugyb\u0117 met\u0173 ir gali pasi\u016blyti patikimiausius bei geriausius sprendimus visems savo klientams. Pramonin\u0117s \u0161aldymo sistemos \u012fprastai naudojamos\u00a0\u00a0iki -65\u2070C temperat\u016bros farmacijos pramon\u0117je. Kaskadin\u0117s \u0161aldymo sistemos gali dirbti iki -75\u2070C temperat\u016bros, \u0161aldymo &hellip; Pramonin\u0117s \u0161aldymo sistemos Read More &raquo;\" \/>\n<meta property=\"og:url\" content=\"https:\/\/www.labectra.lt\/en\/product\/pramonines-saldymo-sistemos\/\" \/>\n<meta property=\"og:site_name\" content=\"Termin\u0117 \u012franga - Labectra\" \/>\n<meta property=\"article:modified_time\" content=\"2019-11-04T23:35:46+00:00\" \/>\n<meta property=\"og:image\" content=\"https:\/\/www.labectra.lt\/wp-content\/uploads\/2019\/10\/pramonines-saldymo-sistemos.jpg\" \/>\n\t<meta property=\"og:image:width\" content=\"823\" \/>\n\t<meta property=\"og:image:height\" content=\"659\" \/>\n\t<meta property=\"og:image:type\" content=\"image\/jpeg\" \/>\n<meta name=\"twitter:card\" content=\"summary_large_image\" \/>\n<meta name=\"twitter:label1\" content=\"Estimated reading time\" \/>\n\t<meta name=\"twitter:data1\" content=\"1 minute\" \/>\n<script type=\"application\/ld+json\" class=\"yoast-schema-graph\">{\"@context\":\"https:\/\/schema.org\",\"@graph\":[{\"@type\":\"WebPage\",\"@id\":\"https:\/\/www.labectra.lt\/produktas\/pramonines-saldymo-sistemos\/\",\"url\":\"https:\/\/www.labectra.lt\/produktas\/pramonines-saldymo-sistemos\/\",\"name\":\"Pramonin\u0117s \u0161aldymo sistemos - Termin\u0117 \u012franga - Labectra\",\"isPartOf\":{\"@id\":\"https:\/\/www.labectra.lt\/#website\"},\"datePublished\":\"2019-09-27T07:49:05+00:00\",\"dateModified\":\"2019-11-04T23:35:46+00:00\",\"breadcrumb\":{\"@id\":\"https:\/\/www.labectra.lt\/produktas\/pramonines-saldymo-sistemos\/#breadcrumb\"},\"inLanguage\":\"en-GB\",\"potentialAction\":[{\"@type\":\"ReadAction\",\"target\":[\"https:\/\/www.labectra.lt\/produktas\/pramonines-saldymo-sistemos\/\"]}]},{\"@type\":\"BreadcrumbList\",\"@id\":\"https:\/\/www.labectra.lt\/produktas\/pramonines-saldymo-sistemos\/#breadcrumb\",\"itemListElement\":[{\"@type\":\"ListItem\",\"position\":1,\"name\":\"Home\",\"item\":\"https:\/\/www.labectra.lt\/\"},{\"@type\":\"ListItem\",\"position\":2,\"name\":\"Termin\u0117 \u012franga\",\"item\":\"https:\/\/www.labectra.lt\/termine-iranga\/\"},{\"@type\":\"ListItem\",\"position\":3,\"name\":\"Pramonin\u0117s \u0161aldymo sistemos\"}]},{\"@type\":\"WebSite\",\"@id\":\"https:\/\/www.labectra.lt\/#website\",\"url\":\"https:\/\/www.labectra.lt\/\",\"name\":\"Termin\u0117 \u012franga - Labectra\",\"description\":\"J\u016bs\u0173 termin\u0117s \u012frangos tiek\u0117jas!\",\"publisher\":{\"@id\":\"https:\/\/www.labectra.lt\/#organization\"},\"potentialAction\":[{\"@type\":\"SearchAction\",\"target\":{\"@type\":\"EntryPoint\",\"urlTemplate\":\"https:\/\/www.labectra.lt\/?s={search_term_string}\"},\"query-input\":\"required name=search_term_string\"}],\"inLanguage\":\"en-GB\"},{\"@type\":\"Organization\",\"@id\":\"https:\/\/www.labectra.lt\/#organization\",\"name\":\"Labectra\",\"url\":\"https:\/\/www.labectra.lt\/\",\"logo\":{\"@type\":\"ImageObject\",\"inLanguage\":\"en-GB\",\"@id\":\"https:\/\/www.labectra.lt\/#\/schema\/logo\/image\/\",\"url\":\"https:\/\/www.labectra.lt\/wp-content\/uploads\/2019\/09\/Logo21.png\",\"contentUrl\":\"https:\/\/www.labectra.lt\/wp-content\/uploads\/2019\/09\/Logo21.png\",\"width\":392,\"height\":58,\"caption\":\"Labectra\"},\"image\":{\"@id\":\"https:\/\/www.labectra.lt\/#\/schema\/logo\/image\/\"}}]}<\/script>\n<!-- \/ Yoast SEO plugin. -->","yoast_head_json":{"title":"Pramonin\u0117s \u0161aldymo sistemos - Termin\u0117 \u012franga - Labectra","robots":{"index":"index","follow":"follow","max-snippet":"max-snippet:-1","max-image-preview":"max-image-preview:large","max-video-preview":"max-video-preview:-1"},"canonical":"https:\/\/www.labectra.lt\/en\/product\/pramonines-saldymo-sistemos\/","og_locale":"en_GB","og_type":"article","og_title":"Pramonin\u0117s \u0161aldymo sistemos - Termin\u0117 \u012franga - Labectra","og_description":"Pramonin\u0117s \u0161aldymo sistemos \u0160ios pramonin\u0117s \u0161aldymo sistemos yra tinkamiausios farmacijos bei chemijos pramonei. \u0160aldymo sistemos gali dirbti labai \u017eemoje temperat\u016broje. Angelantani \u0161ioje srityje dirba jau daugyb\u0117 met\u0173 ir gali pasi\u016blyti patikimiausius bei geriausius sprendimus visems savo klientams. Pramonin\u0117s \u0161aldymo sistemos \u012fprastai naudojamos\u00a0\u00a0iki -65\u2070C temperat\u016bros farmacijos pramon\u0117je. Kaskadin\u0117s \u0161aldymo sistemos gali dirbti iki -75\u2070C temperat\u016bros, \u0161aldymo &hellip; Pramonin\u0117s \u0161aldymo sistemos Read More &raquo;","og_url":"https:\/\/www.labectra.lt\/en\/product\/pramonines-saldymo-sistemos\/","og_site_name":"Termin\u0117 \u012franga - Labectra","article_modified_time":"2019-11-04T23:35:46+00:00","og_image":[{"width":823,"height":659,"url":"https:\/\/www.labectra.lt\/wp-content\/uploads\/2019\/10\/pramonines-saldymo-sistemos.jpg","type":"image\/jpeg"}],"twitter_card":"summary_large_image","twitter_misc":{"Estimated reading time":"1 minute"},"schema":{"@context":"https:\/\/schema.org","@graph":[{"@type":"WebPage","@id":"https:\/\/www.labectra.lt\/produktas\/pramonines-saldymo-sistemos\/","url":"https:\/\/www.labectra.lt\/produktas\/pramonines-saldymo-sistemos\/","name":"Pramonin\u0117s \u0161aldymo sistemos - Termin\u0117 \u012franga - Labectra","isPartOf":{"@id":"https:\/\/www.labectra.lt\/#website"},"datePublished":"2019-09-27T07:49:05+00:00","dateModified":"2019-11-04T23:35:46+00:00","breadcrumb":{"@id":"https:\/\/www.labectra.lt\/produktas\/pramonines-saldymo-sistemos\/#breadcrumb"},"inLanguage":"en-GB","potentialAction":[{"@type":"ReadAction","target":["https:\/\/www.labectra.lt\/produktas\/pramonines-saldymo-sistemos\/"]}]},{"@type":"BreadcrumbList","@id":"https:\/\/www.labectra.lt\/produktas\/pramonines-saldymo-sistemos\/#breadcrumb","itemListElement":[{"@type":"ListItem","position":1,"name":"Home","item":"https:\/\/www.labectra.lt\/"},{"@type":"ListItem","position":2,"name":"Termin\u0117 \u012franga","item":"https:\/\/www.labectra.lt\/termine-iranga\/"},{"@type":"ListItem","position":3,"name":"Pramonin\u0117s \u0161aldymo sistemos"}]},{"@type":"WebSite","@id":"https:\/\/www.labectra.lt\/#website","url":"https:\/\/www.labectra.lt\/","name":"Termin\u0117 \u012franga - Labectra","description":"J\u016bs\u0173 termin\u0117s \u012frangos tiek\u0117jas!","publisher":{"@id":"https:\/\/www.labectra.lt\/#organization"},"potentialAction":[{"@type":"SearchAction","target":{"@type":"EntryPoint","urlTemplate":"https:\/\/www.labectra.lt\/?s={search_term_string}"},"query-input":"required name=search_term_string"}],"inLanguage":"en-GB"},{"@type":"Organization","@id":"https:\/\/www.labectra.lt\/#organization","name":"Labectra","url":"https:\/\/www.labectra.lt\/","logo":{"@type":"ImageObject","inLanguage":"en-GB","@id":"https:\/\/www.labectra.lt\/#\/schema\/logo\/image\/","url":"https:\/\/www.labectra.lt\/wp-content\/uploads\/2019\/09\/Logo21.png","contentUrl":"https:\/\/www.labectra.lt\/wp-content\/uploads\/2019\/09\/Logo21.png","width":392,"height":58,"caption":"Labectra"},"image":{"@id":"https:\/\/www.labectra.lt\/#\/schema\/logo\/image\/"}}]}},"_links":{"self":[{"href":"https:\/\/www.labectra.lt\/en\/wp-json\/wp\/v2\/product\/2245"}],"collection":[{"href":"https:\/\/www.labectra.lt\/en\/wp-json\/wp\/v2\/product"}],"about":[{"href":"https:\/\/www.labectra.lt\/en\/wp-json\/wp\/v2\/types\/product"}],"wp:featuredmedia":[{"embeddable":true,"href":"https:\/\/www.labectra.lt\/en\/wp-json\/wp\/v2\/media\/2096"}],"wp:attachment":[{"href":"https:\/\/www.labectra.lt\/en\/wp-json\/wp\/v2\/media?parent=2245"}],"curies":[{"name":"wp","href":"https:\/\/api.w.org\/{rel}","templated":true}]}}