{"id":2248,"date":"2019-09-27T10:49:05","date_gmt":"2019-09-27T07:49:05","guid":{"rendered":"https:\/\/www.labectra.lt\/produktas\/augalu-auginimo-ir-stabilumo-testavimo-kamera-ekochl-1500\/"},"modified":"2019-11-05T01:36:05","modified_gmt":"2019-11-04T23:36:05","slug":"augalu-auginimo-ir-stabilumo-testavimo-kamera-ekochl-1500","status":"publish","type":"product","link":"https:\/\/www.labectra.lt\/en\/product\/augalu-auginimo-ir-stabilumo-testavimo-kamera-ekochl-1500\/","title":{"rendered":"Stability test and plant growth humidity chamber EKOCHL 1500"},"content":{"rendered":"<p style=\"font-weight: 400;\"><b><strong>Plant growth and stability test chamber EKOCH 1500.<\/strong><\/b><\/p>\n<p style=\"font-weight: 400;\"><b><strong>Options<\/strong><\/b><\/p>\n<ul style=\"font-weight: 400;\">\n<li>Chart recorder<\/li>\n<li>Shelf<\/li>\n<li>23-50 mm port hole<\/li>\n<li>Software<\/li>\n<li>External stainless steel execution<\/li>\n<li>PT 100 probe<\/li>\n<li>Alarm system<\/li>\n<\/ul>\n<p>&nbsp;<\/p>\n<table style=\"font-weight: 400;\" width=\"643\">\n<tbody>\n<tr>\n<td width=\"407\">Type<\/td>\n<td width=\"236\">EKOCH 1500<\/td>\n<\/tr>\n<tr>\n<td width=\"407\">Capacity (l)<\/td>\n<td width=\"236\">\u00a01500<\/td>\n<\/tr>\n<tr>\n<td width=\"407\">Temperature range (\u00b0C)<\/td>\n<td width=\"236\">-10\/+60<\/td>\n<\/tr>\n<tr>\n<td width=\"407\">Dewpoint (\u00b0C)<\/td>\n<td width=\"236\">+5<\/td>\n<\/tr>\n<tr>\n<td width=\"407\">Relative humidity with temperature from +10 \/+60 \u00b0C (%)<\/td>\n<td width=\"236\">20\/90<\/td>\n<\/tr>\n<tr>\n<td width=\"407\">Humidity precision (%)<\/td>\n<td width=\"236\">+-4<\/td>\n<\/tr>\n<tr>\n<td width=\"407\">Supply voltage (V)<\/td>\n<td width=\"236\">\u00a0230V +6 -10% 50Hz<\/td>\n<\/tr>\n<tr>\n<td width=\"407\">Maximum absorbed current (A)<\/td>\n<td width=\"236\">11<\/td>\n<\/tr>\n<tr>\n<td width=\"407\">Cooling gas<\/td>\n<td width=\"236\">R134a<\/td>\n<\/tr>\n<tr>\n<td width=\"407\">External dimensions (mm)<\/td>\n<td width=\"236\">1480x940x1998<\/td>\n<\/tr>\n<tr>\n<td width=\"407\">Internal dimensions (mm)<\/td>\n<td width=\"236\">1330x640x1500<\/td>\n<\/tr>\n<tr>\n<td width=\"407\">Overall weight with standard packaging (Kg)<\/td>\n<td width=\"236\">300<\/td>\n<\/tr>\n<tr>\n<td width=\"407\">Noise level (dbA)<\/td>\n<td width=\"236\">\u00a0&lt;65<\/td>\n<\/tr>\n<\/tbody>\n<\/table>\n<p style=\"font-weight: 400;\">","protected":false},"excerpt":{"rendered":"<p>Augal\u0173 auginimo ir stabiluomo testavimo kamera EKOCHL 1500 Papildomas pasirinkimas Registratorius Lentyna \u0160onin\u0117 anga 23-50mm Programin\u0117 \u012franga I\u0161orinis karkasas i\u0161 ner\u016bdijan\u010dio plieno Papildoma PT 100 termovar\u017ea Aliarmin\u0117 sistema &nbsp; Tipas EKOCH 1500 Nominali talpa (l) \u00a01500 Temperat\u016bros diapazonas (\u00baC) -10\/+60 Rasos ta\u0161kas prie (\u00baC) +5 Santykinis dr\u0117gnumas kai kai temperat\u016braribose 10\/+60 % 20\/90 Dr\u0117gnumo tikslumas &hellip;<\/p>\n<p class=\"read-more\"> <a class=\"\" href=\"https:\/\/www.labectra.lt\/en\/product\/augalu-auginimo-ir-stabilumo-testavimo-kamera-ekochl-1500\/\"> <span class=\"screen-reader-text\">Stability test and plant growth humidity chamber EKOCHL 1500<\/span> Read More &raquo;<\/a><\/p>","protected":false},"featured_media":2115,"template":"","meta":[],"yoast_head":"<!-- This site is optimized with the Yoast SEO plugin v21.6 - https:\/\/yoast.com\/wordpress\/plugins\/seo\/ -->\n<title>Augal\u0173 auginimo ir stabilumo testavimo kamera EKOCHL 1500 - Termin\u0117 \u012franga - Labectra<\/title>\n<meta name=\"robots\" content=\"index, follow, max-snippet:-1, max-image-preview:large, max-video-preview:-1\" \/>\n<link rel=\"canonical\" href=\"https:\/\/www.labectra.lt\/en\/product\/augalu-auginimo-ir-stabilumo-testavimo-kamera-ekochl-1500\/\" \/>\n<meta property=\"og:locale\" content=\"en_GB\" \/>\n<meta property=\"og:type\" content=\"article\" \/>\n<meta property=\"og:title\" content=\"Augal\u0173 auginimo ir stabilumo testavimo kamera EKOCHL 1500 - Termin\u0117 \u012franga - Labectra\" \/>\n<meta property=\"og:description\" content=\"Augal\u0173 auginimo ir stabiluomo testavimo kamera EKOCHL 1500 Papildomas pasirinkimas Registratorius Lentyna \u0160onin\u0117 anga 23-50mm Programin\u0117 \u012franga I\u0161orinis karkasas i\u0161 ner\u016bdijan\u010dio plieno Papildoma PT 100 termovar\u017ea Aliarmin\u0117 sistema &nbsp; Tipas EKOCH 1500 Nominali talpa (l) \u00a01500 Temperat\u016bros diapazonas (\u00baC) -10\/+60 Rasos ta\u0161kas prie (\u00baC) +5 Santykinis dr\u0117gnumas kai kai temperat\u016braribose 10\/+60 % 20\/90 Dr\u0117gnumo tikslumas &hellip; Augal\u0173 auginimo ir stabilumo testavimo kamera EKOCHL 1500 Read More &raquo;\" \/>\n<meta property=\"og:url\" content=\"https:\/\/www.labectra.lt\/en\/product\/augalu-auginimo-ir-stabilumo-testavimo-kamera-ekochl-1500\/\" \/>\n<meta property=\"og:site_name\" content=\"Termin\u0117 \u012franga - Labectra\" \/>\n<meta property=\"article:modified_time\" content=\"2019-11-04T23:36:05+00:00\" \/>\n<meta property=\"og:image\" content=\"https:\/\/www.labectra.lt\/wp-content\/uploads\/2019\/10\/augalu-auginimo-ir-stabilumo-bandymu-kamera-3.jpg\" \/>\n\t<meta property=\"og:image:width\" content=\"300\" \/>\n\t<meta property=\"og:image:height\" content=\"368\" \/>\n\t<meta property=\"og:image:type\" content=\"image\/jpeg\" \/>\n<meta name=\"twitter:card\" content=\"summary_large_image\" \/>\n<script type=\"application\/ld+json\" class=\"yoast-schema-graph\">{\"@context\":\"https:\/\/schema.org\",\"@graph\":[{\"@type\":\"WebPage\",\"@id\":\"https:\/\/www.labectra.lt\/produktas\/augalu-auginimo-ir-stabilumo-testavimo-kamera-ekochl-1500\/\",\"url\":\"https:\/\/www.labectra.lt\/produktas\/augalu-auginimo-ir-stabilumo-testavimo-kamera-ekochl-1500\/\",\"name\":\"Augal\u0173 auginimo ir stabilumo testavimo kamera EKOCHL 1500 - Termin\u0117 \u012franga - Labectra\",\"isPartOf\":{\"@id\":\"https:\/\/www.labectra.lt\/#website\"},\"datePublished\":\"2019-09-27T07:49:05+00:00\",\"dateModified\":\"2019-11-04T23:36:05+00:00\",\"breadcrumb\":{\"@id\":\"https:\/\/www.labectra.lt\/produktas\/augalu-auginimo-ir-stabilumo-testavimo-kamera-ekochl-1500\/#breadcrumb\"},\"inLanguage\":\"en-GB\",\"potentialAction\":[{\"@type\":\"ReadAction\",\"target\":[\"https:\/\/www.labectra.lt\/produktas\/augalu-auginimo-ir-stabilumo-testavimo-kamera-ekochl-1500\/\"]}]},{\"@type\":\"BreadcrumbList\",\"@id\":\"https:\/\/www.labectra.lt\/produktas\/augalu-auginimo-ir-stabilumo-testavimo-kamera-ekochl-1500\/#breadcrumb\",\"itemListElement\":[{\"@type\":\"ListItem\",\"position\":1,\"name\":\"Home\",\"item\":\"https:\/\/www.labectra.lt\/\"},{\"@type\":\"ListItem\",\"position\":2,\"name\":\"Termin\u0117 \u012franga\",\"item\":\"https:\/\/www.labectra.lt\/termine-iranga\/\"},{\"@type\":\"ListItem\",\"position\":3,\"name\":\"Augal\u0173 auginimo ir stabilumo testavimo kamera EKOCHL 1500\"}]},{\"@type\":\"WebSite\",\"@id\":\"https:\/\/www.labectra.lt\/#website\",\"url\":\"https:\/\/www.labectra.lt\/\",\"name\":\"Termin\u0117 \u012franga - Labectra\",\"description\":\"J\u016bs\u0173 termin\u0117s \u012frangos tiek\u0117jas!\",\"publisher\":{\"@id\":\"https:\/\/www.labectra.lt\/#organization\"},\"potentialAction\":[{\"@type\":\"SearchAction\",\"target\":{\"@type\":\"EntryPoint\",\"urlTemplate\":\"https:\/\/www.labectra.lt\/?s={search_term_string}\"},\"query-input\":\"required name=search_term_string\"}],\"inLanguage\":\"en-GB\"},{\"@type\":\"Organization\",\"@id\":\"https:\/\/www.labectra.lt\/#organization\",\"name\":\"Labectra\",\"url\":\"https:\/\/www.labectra.lt\/\",\"logo\":{\"@type\":\"ImageObject\",\"inLanguage\":\"en-GB\",\"@id\":\"https:\/\/www.labectra.lt\/#\/schema\/logo\/image\/\",\"url\":\"https:\/\/www.labectra.lt\/wp-content\/uploads\/2019\/09\/Logo21.png\",\"contentUrl\":\"https:\/\/www.labectra.lt\/wp-content\/uploads\/2019\/09\/Logo21.png\",\"width\":392,\"height\":58,\"caption\":\"Labectra\"},\"image\":{\"@id\":\"https:\/\/www.labectra.lt\/#\/schema\/logo\/image\/\"}}]}<\/script>\n<!-- \/ Yoast SEO plugin. -->","yoast_head_json":{"title":"Augal\u0173 auginimo ir stabilumo testavimo kamera EKOCHL 1500 - Termin\u0117 \u012franga - Labectra","robots":{"index":"index","follow":"follow","max-snippet":"max-snippet:-1","max-image-preview":"max-image-preview:large","max-video-preview":"max-video-preview:-1"},"canonical":"https:\/\/www.labectra.lt\/en\/product\/augalu-auginimo-ir-stabilumo-testavimo-kamera-ekochl-1500\/","og_locale":"en_GB","og_type":"article","og_title":"Augal\u0173 auginimo ir stabilumo testavimo kamera EKOCHL 1500 - Termin\u0117 \u012franga - Labectra","og_description":"Augal\u0173 auginimo ir stabiluomo testavimo kamera EKOCHL 1500 Papildomas pasirinkimas Registratorius Lentyna \u0160onin\u0117 anga 23-50mm Programin\u0117 \u012franga I\u0161orinis karkasas i\u0161 ner\u016bdijan\u010dio plieno Papildoma PT 100 termovar\u017ea Aliarmin\u0117 sistema &nbsp; Tipas EKOCH 1500 Nominali talpa (l) \u00a01500 Temperat\u016bros diapazonas (\u00baC) -10\/+60 Rasos ta\u0161kas prie (\u00baC) +5 Santykinis dr\u0117gnumas kai kai temperat\u016braribose 10\/+60 % 20\/90 Dr\u0117gnumo tikslumas &hellip; Augal\u0173 auginimo ir stabilumo testavimo kamera EKOCHL 1500 Read More &raquo;","og_url":"https:\/\/www.labectra.lt\/en\/product\/augalu-auginimo-ir-stabilumo-testavimo-kamera-ekochl-1500\/","og_site_name":"Termin\u0117 \u012franga - Labectra","article_modified_time":"2019-11-04T23:36:05+00:00","og_image":[{"width":300,"height":368,"url":"https:\/\/www.labectra.lt\/wp-content\/uploads\/2019\/10\/augalu-auginimo-ir-stabilumo-bandymu-kamera-3.jpg","type":"image\/jpeg"}],"twitter_card":"summary_large_image","schema":{"@context":"https:\/\/schema.org","@graph":[{"@type":"WebPage","@id":"https:\/\/www.labectra.lt\/produktas\/augalu-auginimo-ir-stabilumo-testavimo-kamera-ekochl-1500\/","url":"https:\/\/www.labectra.lt\/produktas\/augalu-auginimo-ir-stabilumo-testavimo-kamera-ekochl-1500\/","name":"Augal\u0173 auginimo ir stabilumo testavimo kamera EKOCHL 1500 - Termin\u0117 \u012franga - Labectra","isPartOf":{"@id":"https:\/\/www.labectra.lt\/#website"},"datePublished":"2019-09-27T07:49:05+00:00","dateModified":"2019-11-04T23:36:05+00:00","breadcrumb":{"@id":"https:\/\/www.labectra.lt\/produktas\/augalu-auginimo-ir-stabilumo-testavimo-kamera-ekochl-1500\/#breadcrumb"},"inLanguage":"en-GB","potentialAction":[{"@type":"ReadAction","target":["https:\/\/www.labectra.lt\/produktas\/augalu-auginimo-ir-stabilumo-testavimo-kamera-ekochl-1500\/"]}]},{"@type":"BreadcrumbList","@id":"https:\/\/www.labectra.lt\/produktas\/augalu-auginimo-ir-stabilumo-testavimo-kamera-ekochl-1500\/#breadcrumb","itemListElement":[{"@type":"ListItem","position":1,"name":"Home","item":"https:\/\/www.labectra.lt\/"},{"@type":"ListItem","position":2,"name":"Termin\u0117 \u012franga","item":"https:\/\/www.labectra.lt\/termine-iranga\/"},{"@type":"ListItem","position":3,"name":"Augal\u0173 auginimo ir stabilumo testavimo kamera EKOCHL 1500"}]},{"@type":"WebSite","@id":"https:\/\/www.labectra.lt\/#website","url":"https:\/\/www.labectra.lt\/","name":"Termin\u0117 \u012franga - Labectra","description":"J\u016bs\u0173 termin\u0117s \u012frangos tiek\u0117jas!","publisher":{"@id":"https:\/\/www.labectra.lt\/#organization"},"potentialAction":[{"@type":"SearchAction","target":{"@type":"EntryPoint","urlTemplate":"https:\/\/www.labectra.lt\/?s={search_term_string}"},"query-input":"required name=search_term_string"}],"inLanguage":"en-GB"},{"@type":"Organization","@id":"https:\/\/www.labectra.lt\/#organization","name":"Labectra","url":"https:\/\/www.labectra.lt\/","logo":{"@type":"ImageObject","inLanguage":"en-GB","@id":"https:\/\/www.labectra.lt\/#\/schema\/logo\/image\/","url":"https:\/\/www.labectra.lt\/wp-content\/uploads\/2019\/09\/Logo21.png","contentUrl":"https:\/\/www.labectra.lt\/wp-content\/uploads\/2019\/09\/Logo21.png","width":392,"height":58,"caption":"Labectra"},"image":{"@id":"https:\/\/www.labectra.lt\/#\/schema\/logo\/image\/"}}]}},"_links":{"self":[{"href":"https:\/\/www.labectra.lt\/en\/wp-json\/wp\/v2\/product\/2248"}],"collection":[{"href":"https:\/\/www.labectra.lt\/en\/wp-json\/wp\/v2\/product"}],"about":[{"href":"https:\/\/www.labectra.lt\/en\/wp-json\/wp\/v2\/types\/product"}],"wp:featuredmedia":[{"embeddable":true,"href":"https:\/\/www.labectra.lt\/en\/wp-json\/wp\/v2\/media\/2115"}],"wp:attachment":[{"href":"https:\/\/www.labectra.lt\/en\/wp-json\/wp\/v2\/media?parent=2248"}],"curies":[{"name":"wp","href":"https:\/\/api.w.org\/{rel}","templated":true}]}}